{"id":8157,"date":"2021-10-14T06:41:24","date_gmt":"2021-10-14T06:41:24","guid":{"rendered":"https:\/\/maisonlaw.com\/?page_id=8157"},"modified":"2021-11-05T14:38:03","modified_gmt":"2021-11-05T14:38:03","slug":"accidentes-automovil","status":"publish","type":"page","link":"https:\/\/maisonlaw.com\/es\/hanford\/accidentes-automovil\/","title":{"rendered":"Abogado de Accidentes de Autom\u00f3vil en Hanford"},"content":{"rendered":"<p>Si se ha lesionado en un accidente de autom\u00f3vil, no hace falta que le digamos lo duro que puede ser. Los copagos y coaseguros m\u00e9dicos est\u00e1n pendientes, ha perdido tiempo de trabajo y se pregunta si alguna vez va a recuperar su salud.<\/p>\n<p>Luego, para colmo, la compa\u00f1\u00eda de seguros intenta decirle que usted es el culpable del accidente. Si usted vive en Hanford o en la comunidad circundante, venga a hablar con Martin Gasperian en Maison Law. Martin ha trabajado para algunos de los bufetes m\u00e1s grandes y prestigiosos de Los \u00c1ngeles, pero ahora ha dejado la vida de la gran ciudad para ayudar a los del Valle Central a obtener justicia y compensaci\u00f3n cuando se lesionan en un accidente de autom\u00f3vil.<\/p>\n<p>Conseguir el abogado adecuado es una gran decisi\u00f3n, usted no necesita el que tenga el edificio m\u00e1s grande o el personal m\u00e1s numeroso, usted necesita el que va a tomar sus circunstancias seriamente y trabajar duro para conseguirle justicia y una compensaci\u00f3n justa. Maison Law le ofrece un servicio de ciudad peque\u00f1a y resultados de ciudad grande.<\/p>\n<p><iframe title=\"Abogados de Accidentes de Auto en California.mp4\" src=\"https:\/\/player.vimeo.com\/video\/640605765?dnt=1&amp;app_id=122963\" width=\"800\" height=\"450\" frameborder=\"0\" allow=\"autoplay; fullscreen; picture-in-picture\"><\/iframe><\/p>\n<p><strong>TIPOS DE ACCIDENTES<\/strong><\/p>\n<p>Hanford se encuentra en el f\u00e9rtil Valle Central y es el hogar de granjas, huertos y bodegas. Sus habitantes se enfrentan a todo tipo de condiciones de conducci\u00f3n que contribuyen a los tipos de accidentes que se producen.<\/p>\n<p>Al igual que cada lesi\u00f3n es \u00fanica para la v\u00edctima, tambi\u00e9n lo es el tipo de accidente. Conocer la ley y tener experiencia en todo tipo de accidentes beneficiar\u00e1 a la v\u00edctima cuando llegue el momento de presentar una reclamaci\u00f3n por da\u00f1os y perjuicios.<\/p>\n<p>Algunos de los que les ocurren a los de Hanford y sus alrededores son:<\/p>\n<ul>\n<li><strong>Accidentes de autom\u00f3viles de pasajeros<\/strong><\/li>\n<li><strong>Accidentes de camiones agr\u00edcolas<\/strong><\/li>\n<li><strong>Camiones grandes\/comerciales<\/strong><\/li>\n<li><strong>Tractores\/Combinas\/Cosechadoras<\/strong><\/li>\n<li><strong>Accidentes de motocicletas<\/strong><\/li>\n<li><strong>Bicicleta\/Scooter\/Bicicleta el\u00e9ctrica<\/strong><\/li>\n<li><strong>Peat\u00f3n<\/strong><\/li>\n<li><strong>Colisi\u00f3n frontal<\/strong><\/li>\n<li><strong>Vuelco\/Expulsi\u00f3n<\/strong><\/li>\n<li><strong>Colisi\u00f3n trasera<\/strong><\/li>\n<li><strong>Lado ancho\/T-Bone<\/strong><\/li>\n<li><strong>DUI<\/strong><\/li>\n<li><strong>Por somnolencia\/Distracci\u00f3n<\/strong><\/li>\n<\/ul>\n<p><strong>TIPOS DE LESIONES<\/strong><\/p>\n<p>Cada caso de accidente de autom\u00f3vil es diferente, y entender eso puede marcar la diferencia a la hora de conseguir la m\u00e1xima indemnizaci\u00f3n. Cada tipo de accidente produce diferentes tipos de lesiones, y en Maison Law, tenemos experiencia en todo tipo de accidentes y lesiones.<\/p>\n<p>Algunas de las lesiones comunes que sufren las v\u00edctimas de un accidente de autom\u00f3vil en Hanford son:<\/p>\n<ul>\n<li><strong>Traumatismos por golpes<\/strong><\/li>\n<li><strong>Traumatismos craneales\/lesiones cerebrales traum\u00e1ticas<\/strong><\/li>\n<li><strong>Mu\u00f1ecas rotas<\/strong><\/li>\n<li><strong>Rotura de piernas<\/strong><\/li>\n<li><strong>Fractura\/desplazamiento de costillas<\/strong><\/li>\n<li><strong>Compresiones tor\u00e1cicas<\/strong><\/li>\n<li><strong>Da\u00f1os en los \u00f3rganos<\/strong><\/li>\n<li><strong>Lesiones internas\/Sangrado<\/strong><\/li>\n<li><strong>Lesiones por bolsa de aire<\/strong><\/li>\n<\/ul>\n<p><strong>\u00bfCU\u00c1NTO VALE MI RECLAMACI\u00d3N?<\/strong><\/p>\n<p>Una lesi\u00f3n grave en un accidente de autom\u00f3vil puede dejar a alguien fuera de juego durante semanas o m\u00e1s, provocando ansiedad e incertidumbre sobre su futuro. Debido a esto, la persona lesionada a menudo preguntar\u00e1 cu\u00e1nto recibir\u00e1. Hay muchos factores que intervienen en una indemnizaci\u00f3n por lesiones o en un acuerdo. En primer lugar, es probable que haya un l\u00edmite en la p\u00f3liza de seguro del conductor, y luego la ley permite que ciertos da\u00f1os que se buscan para la indemnizaci\u00f3n.<\/p>\n<p>En Maison Law, conocemos la ley, y sabemos lo que hay que buscar para los da\u00f1os. Algunos de los da\u00f1os que son comunes a un accidente de bicicleta son:<\/p>\n<ul>\n<li><strong>Facturas m\u00e9dicas (pasadas y futuras)<\/strong><\/li>\n<li><strong>Rehabilitaci\u00f3n (pasada y futura)<\/strong><\/li>\n<li><strong>Da\u00f1os materiales (coche\/motocicleta\/bicicleta)<\/strong><\/li>\n<li><strong>Gastos de viaje<\/strong><\/li>\n<li><strong>P\u00e9rdida de tiempo en el trabajo<\/strong><\/li>\n<li><strong>P\u00e9rdida futura de ingresos<\/strong><\/li>\n<li><strong>Incapacidad permanente<\/strong><\/li>\n<li><strong>Desfiguraci\u00f3n permanente<\/strong><\/li>\n<li><strong>P\u00e9rdida de calidad de vida<\/strong><\/li>\n<li><strong>P\u00e9rdida de consorcio<\/strong><\/li>\n<li><strong>Dolor y sufrimiento<\/strong><\/li>\n<li><strong>Angustia mental\/desorden de estr\u00e9s postraum\u00e1tico<\/strong><\/li>\n<\/ul>\n<p><strong>CONTACTE A UN ABOGADO DE ACCIDENTES DE AUTOM\u00d3VIL EN HANFORD.<\/strong><\/p>\n<p>Despu\u00e9s de cualquier accidente que implique una lesi\u00f3n grave en el Valle Central, p\u00f3ngase en contacto con el abogado Martin Gasparian para una consulta y evaluaci\u00f3n de su caso de forma gratuita. El Sr. Gasparian adopta un enfoque pr\u00e1ctico en cada caso. \u00c9l cree que cada cliente debe trabajar directamente con su abogado, obtener asesoramiento honesto y la atenci\u00f3n personalizada a los detalles de su caso merece.<\/p>\n<p>P\u00f3ngase en contacto con Maison Law hoy en el 559-396-3889 o utilizando nuestro formulario de contacto.<\/p>\n","protected":false},"excerpt":{"rendered":"<p>Si se ha lesionado en un accidente de autom\u00f3vil, no hace falta que le digamos lo duro que puede ser. Los copagos y coaseguros m\u00e9dicos est\u00e1n pendientes, ha perdido tiempo de trabajo y se pregunta si alguna vez va a recuperar su salud. Luego, para colmo, la compa\u00f1\u00eda de seguros intenta decirle que usted es [&hellip;]<\/p>\n","protected":false},"author":1,"featured_media":0,"parent":7540,"menu_order":0,"comment_status":"closed","ping_status":"closed","template":"","meta":{"footnotes":""},"class_list":["post-8157","page","type-page","status-publish","hentry"],"yoast_head":"<!-- This site is optimized with the Yoast SEO Premium plugin v27.4 (Yoast SEO v27.4) - https:\/\/yoast.com\/product\/yoast-seo-premium-wordpress\/ -->\n<title>Abogado de Accidentes de Autom\u00f3vil en Hanford | Maison Law<\/title>\n<meta name=\"description\" content=\"Si se ha lesionado en un accidente de autom\u00f3vil, no hace falta que le digamos lo duro que puede ser. Los copagos y coaseguros m\u00e9dicos est\u00e1n pendientes, ha perdido tiempo de trabajo y se pregunta si alguna vez va a recuperar su salud.\" \/>\n<meta name=\"robots\" content=\"index, follow, max-snippet:-1, max-image-preview:large, max-video-preview:-1\" \/>\n<link rel=\"canonical\" href=\"https:\/\/maisonlaw.com\/es\/hanford\/accidentes-automovil\/\" \/>\n<meta property=\"og:locale\" content=\"es_ES\" \/>\n<meta property=\"og:type\" content=\"article\" \/>\n<meta property=\"og:title\" content=\"Abogado de Accidentes de Autom\u00f3vil en Hanford\" \/>\n<meta property=\"og:description\" content=\"Si se ha lesionado en un accidente de autom\u00f3vil, no hace falta que le digamos lo duro que puede ser. Los copagos y coaseguros m\u00e9dicos est\u00e1n pendientes, ha perdido tiempo de trabajo y se pregunta si alguna vez va a recuperar su salud.\" \/>\n<meta property=\"og:url\" content=\"https:\/\/maisonlaw.com\/es\/hanford\/accidentes-automovil\/\" \/>\n<meta property=\"og:site_name\" content=\"Maison Law\" \/>\n<meta property=\"article:publisher\" content=\"https:\/\/www.facebook.com\/maisonlawfirm\/\" \/>\n<meta property=\"article:modified_time\" content=\"2021-11-05T14:38:03+00:00\" \/>\n<meta name=\"twitter:card\" content=\"summary_large_image\" \/>\n<meta name=\"twitter:label1\" content=\"Tiempo de lectura\" \/>\n\t<meta name=\"twitter:data1\" content=\"3 minutos\" \/>\n<script type=\"application\/ld+json\" class=\"yoast-schema-graph\">{\"@context\":\"https:\\\/\\\/schema.org\",\"@graph\":[{\"@type\":\"WebPage\",\"@id\":\"https:\\\/\\\/maisonlaw.com\\\/es\\\/hanford\\\/accidentes-automovil\\\/\",\"url\":\"https:\\\/\\\/maisonlaw.com\\\/es\\\/hanford\\\/accidentes-automovil\\\/\",\"name\":\"Abogado de Accidentes de Autom\u00f3vil en Hanford | Maison Law\",\"isPartOf\":{\"@id\":\"https:\\\/\\\/maisonlaw.com\\\/es\\\/#website\"},\"datePublished\":\"2021-10-14T06:41:24+00:00\",\"dateModified\":\"2021-11-05T14:38:03+00:00\",\"description\":\"Si se ha lesionado en un accidente de autom\u00f3vil, no hace falta que le digamos lo duro que puede ser. Los copagos y coaseguros m\u00e9dicos est\u00e1n pendientes, ha perdido tiempo de trabajo y se pregunta si alguna vez va a recuperar su salud.\",\"breadcrumb\":{\"@id\":\"https:\\\/\\\/maisonlaw.com\\\/es\\\/hanford\\\/accidentes-automovil\\\/#breadcrumb\"},\"inLanguage\":\"es\",\"potentialAction\":[{\"@type\":\"ReadAction\",\"target\":[\"https:\\\/\\\/maisonlaw.com\\\/es\\\/hanford\\\/accidentes-automovil\\\/\"]}]},{\"@type\":\"BreadcrumbList\",\"@id\":\"https:\\\/\\\/maisonlaw.com\\\/es\\\/hanford\\\/accidentes-automovil\\\/#breadcrumb\",\"itemListElement\":[{\"@type\":\"ListItem\",\"position\":1,\"name\":\"Home\",\"item\":\"https:\\\/\\\/maisonlaw.com\\\/es\\\/\"},{\"@type\":\"ListItem\",\"position\":2,\"name\":\"Abogado De Lesiones Personales En Hanford\",\"item\":\"https:\\\/\\\/maisonlaw.com\\\/es\\\/hanford\\\/?lang=es\"},{\"@type\":\"ListItem\",\"position\":3,\"name\":\"Abogado de Accidentes de Autom\u00f3vil en Hanford\"}]},{\"@type\":\"WebSite\",\"@id\":\"https:\\\/\\\/maisonlaw.com\\\/es\\\/#website\",\"url\":\"https:\\\/\\\/maisonlaw.com\\\/es\\\/\",\"name\":\"Maison Law Accident and Injury Lawyers\",\"description\":\"The Support You Need. The Settlement You Deserve.\",\"publisher\":{\"@id\":\"https:\\\/\\\/maisonlaw.com\\\/es\\\/#organization\"},\"alternateName\":\"Maison Law\",\"potentialAction\":[{\"@type\":\"SearchAction\",\"target\":{\"@type\":\"EntryPoint\",\"urlTemplate\":\"https:\\\/\\\/maisonlaw.com\\\/es\\\/?s={search_term_string}\"},\"query-input\":{\"@type\":\"PropertyValueSpecification\",\"valueRequired\":true,\"valueName\":\"search_term_string\"}}],\"inLanguage\":\"es\"},{\"@type\":\"Organization\",\"@id\":\"https:\\\/\\\/maisonlaw.com\\\/es\\\/#organization\",\"name\":\"Maison Law Accident & Injury Attorneys\",\"alternateName\":\"Maison Law\",\"url\":\"https:\\\/\\\/maisonlaw.com\\\/es\\\/\",\"logo\":{\"@type\":\"ImageObject\",\"inLanguage\":\"es\",\"@id\":\"https:\\\/\\\/maisonlaw.com\\\/es\\\/#\\\/schema\\\/logo\\\/image\\\/\",\"url\":\"https:\\\/\\\/maisonlaw.com\\\/wp-content\\\/uploads\\\/2025\\\/06\\\/experiment-logo-opt.png\",\"contentUrl\":\"https:\\\/\\\/maisonlaw.com\\\/wp-content\\\/uploads\\\/2025\\\/06\\\/experiment-logo-opt.png\",\"width\":1345,\"height\":294,\"caption\":\"Maison Law Accident & Injury Attorneys\"},\"image\":{\"@id\":\"https:\\\/\\\/maisonlaw.com\\\/es\\\/#\\\/schema\\\/logo\\\/image\\\/\"},\"sameAs\":[\"https:\\\/\\\/www.facebook.com\\\/maisonlawfirm\\\/\",\"https:\\\/\\\/www.linkedin.com\\\/in\\\/martin-gasparian-a9956516\\\/\",\"https:\\\/\\\/www.instagram.com\\\/maison_law\\\/\",\"https:\\\/\\\/www.youtube.com\\\/@maisonlaw\"],\"description\":\"Maison Law is a California Personal Injury Law Firm.\",\"legalName\":\"Maison Law\",\"foundingDate\":\"2014-01-01\",\"numberOfEmployees\":{\"@type\":\"QuantitativeValue\",\"minValue\":\"11\",\"maxValue\":\"50\"}}]}<\/script>\n<!-- \/ Yoast SEO Premium plugin. -->","yoast_head_json":{"title":"Abogado de Accidentes de Autom\u00f3vil en Hanford | Maison Law","description":"Si se ha lesionado en un accidente de autom\u00f3vil, no hace falta que le digamos lo duro que puede ser. Los copagos y coaseguros m\u00e9dicos est\u00e1n pendientes, ha perdido tiempo de trabajo y se pregunta si alguna vez va a recuperar su salud.","robots":{"index":"index","follow":"follow","max-snippet":"max-snippet:-1","max-image-preview":"max-image-preview:large","max-video-preview":"max-video-preview:-1"},"canonical":"https:\/\/maisonlaw.com\/es\/hanford\/accidentes-automovil\/","og_locale":"es_ES","og_type":"article","og_title":"Abogado de Accidentes de Autom\u00f3vil en Hanford","og_description":"Si se ha lesionado en un accidente de autom\u00f3vil, no hace falta que le digamos lo duro que puede ser. Los copagos y coaseguros m\u00e9dicos est\u00e1n pendientes, ha perdido tiempo de trabajo y se pregunta si alguna vez va a recuperar su salud.","og_url":"https:\/\/maisonlaw.com\/es\/hanford\/accidentes-automovil\/","og_site_name":"Maison Law","article_publisher":"https:\/\/www.facebook.com\/maisonlawfirm\/","article_modified_time":"2021-11-05T14:38:03+00:00","twitter_card":"summary_large_image","twitter_misc":{"Tiempo de lectura":"3 minutos"},"schema":{"@context":"https:\/\/schema.org","@graph":[{"@type":"WebPage","@id":"https:\/\/maisonlaw.com\/es\/hanford\/accidentes-automovil\/","url":"https:\/\/maisonlaw.com\/es\/hanford\/accidentes-automovil\/","name":"Abogado de Accidentes de Autom\u00f3vil en Hanford | Maison Law","isPartOf":{"@id":"https:\/\/maisonlaw.com\/es\/#website"},"datePublished":"2021-10-14T06:41:24+00:00","dateModified":"2021-11-05T14:38:03+00:00","description":"Si se ha lesionado en un accidente de autom\u00f3vil, no hace falta que le digamos lo duro que puede ser. Los copagos y coaseguros m\u00e9dicos est\u00e1n pendientes, ha perdido tiempo de trabajo y se pregunta si alguna vez va a recuperar su salud.","breadcrumb":{"@id":"https:\/\/maisonlaw.com\/es\/hanford\/accidentes-automovil\/#breadcrumb"},"inLanguage":"es","potentialAction":[{"@type":"ReadAction","target":["https:\/\/maisonlaw.com\/es\/hanford\/accidentes-automovil\/"]}]},{"@type":"BreadcrumbList","@id":"https:\/\/maisonlaw.com\/es\/hanford\/accidentes-automovil\/#breadcrumb","itemListElement":[{"@type":"ListItem","position":1,"name":"Home","item":"https:\/\/maisonlaw.com\/es\/"},{"@type":"ListItem","position":2,"name":"Abogado De Lesiones Personales En Hanford","item":"https:\/\/maisonlaw.com\/es\/hanford\/?lang=es"},{"@type":"ListItem","position":3,"name":"Abogado de Accidentes de Autom\u00f3vil en Hanford"}]},{"@type":"WebSite","@id":"https:\/\/maisonlaw.com\/es\/#website","url":"https:\/\/maisonlaw.com\/es\/","name":"Maison Law Accident and Injury Lawyers","description":"The Support You Need. The Settlement You Deserve.","publisher":{"@id":"https:\/\/maisonlaw.com\/es\/#organization"},"alternateName":"Maison Law","potentialAction":[{"@type":"SearchAction","target":{"@type":"EntryPoint","urlTemplate":"https:\/\/maisonlaw.com\/es\/?s={search_term_string}"},"query-input":{"@type":"PropertyValueSpecification","valueRequired":true,"valueName":"search_term_string"}}],"inLanguage":"es"},{"@type":"Organization","@id":"https:\/\/maisonlaw.com\/es\/#organization","name":"Maison Law Accident & Injury Attorneys","alternateName":"Maison Law","url":"https:\/\/maisonlaw.com\/es\/","logo":{"@type":"ImageObject","inLanguage":"es","@id":"https:\/\/maisonlaw.com\/es\/#\/schema\/logo\/image\/","url":"https:\/\/maisonlaw.com\/wp-content\/uploads\/2025\/06\/experiment-logo-opt.png","contentUrl":"https:\/\/maisonlaw.com\/wp-content\/uploads\/2025\/06\/experiment-logo-opt.png","width":1345,"height":294,"caption":"Maison Law Accident & Injury Attorneys"},"image":{"@id":"https:\/\/maisonlaw.com\/es\/#\/schema\/logo\/image\/"},"sameAs":["https:\/\/www.facebook.com\/maisonlawfirm\/","https:\/\/www.linkedin.com\/in\/martin-gasparian-a9956516\/","https:\/\/www.instagram.com\/maison_law\/","https:\/\/www.youtube.com\/@maisonlaw"],"description":"Maison Law is a California Personal Injury Law Firm.","legalName":"Maison Law","foundingDate":"2014-01-01","numberOfEmployees":{"@type":"QuantitativeValue","minValue":"11","maxValue":"50"}}]}},"_links":{"self":[{"href":"https:\/\/maisonlaw.com\/es\/wp-json\/wp\/v2\/pages\/8157","targetHints":{"allow":["GET"]}}],"collection":[{"href":"https:\/\/maisonlaw.com\/es\/wp-json\/wp\/v2\/pages"}],"about":[{"href":"https:\/\/maisonlaw.com\/es\/wp-json\/wp\/v2\/types\/page"}],"author":[{"embeddable":true,"href":"https:\/\/maisonlaw.com\/es\/wp-json\/wp\/v2\/users\/1"}],"replies":[{"embeddable":true,"href":"https:\/\/maisonlaw.com\/es\/wp-json\/wp\/v2\/comments?post=8157"}],"version-history":[{"count":0,"href":"https:\/\/maisonlaw.com\/es\/wp-json\/wp\/v2\/pages\/8157\/revisions"}],"up":[{"embeddable":true,"href":"https:\/\/maisonlaw.com\/es\/wp-json\/wp\/v2\/pages\/7540"}],"wp:attachment":[{"href":"https:\/\/maisonlaw.com\/es\/wp-json\/wp\/v2\/media?parent=8157"}],"curies":[{"name":"wp","href":"https:\/\/api.w.org\/{rel}","templated":true}]}}