{"id":8138,"date":"2021-10-14T06:31:31","date_gmt":"2021-10-14T06:31:31","guid":{"rendered":"https:\/\/maisonlaw.com\/?page_id=8138"},"modified":"2021-11-05T18:29:15","modified_gmt":"2021-11-05T18:29:15","slug":"accidentes-automovil","status":"publish","type":"page","link":"https:\/\/maisonlaw.com\/es\/turlock\/accidentes-automovil\/","title":{"rendered":"Accidentes de Autom\u00f3vil en Turlock"},"content":{"rendered":"<p><span style=\"font-weight: 400;\">Las autopistas y los caminos agr\u00edcolas que atraviesan Turlock permanecen ocupados d\u00eda y noche.\u00a0 Los residentes se dirigen al trabajo o salen de compras o a hacer recados a todas horas.\u00a0 Los agricultores se levantan temprano y trabajan hasta tarde cultivando, criando y transportando alimentos. Por no hablar de los numerosos conductores que llegan a diario desde toda la regi\u00f3n del Valle Central. Con el flujo constante de tr\u00e1fico, las posibilidades de sufrir un accidente automovil\u00edstico parecen aumentar cada d\u00eda.\u00a0 Los conductores descuidados est\u00e1n por todas partes, intercalados con los conductores seguros que intentan circular con seguridad a su alrededor.<\/span><\/p>\n<p><iframe title=\"Abogados de Accidentes de Auto en California.mp4\" src=\"https:\/\/player.vimeo.com\/video\/640605765?dnt=1&amp;app_id=122963\" width=\"800\" height=\"450\" frameborder=\"0\" allow=\"autoplay; fullscreen; picture-in-picture\"><\/iframe><\/p>\n<h2><b>RIESGOS DE ACCIDENTES DE AUTOM\u00d3VIL EN TURLOCK<\/b><\/h2>\n<p><span style=\"font-weight: 400;\">Turlock es una ciudad bulliciosa que no es ajena a la maquinaria agr\u00edcola, a los camiones cisterna de vino, a los remolques de uva y a otros veh\u00edculos relacionados con la agricultura que retumban por sus calles y por sus carreteras. La ciudad tiene centros comerciales que atraen a la gente, y hay al menos 10 escuelas secundarias, lo que significa que hay una buena cantidad de conductores j\u00f3venes en la carretera.<\/span><\/p>\n<p><span style=\"font-weight: 400;\">Uber, Lyft, UberEats, DoorDash y otros negocios basados en viajes compartidos y entregas a domicilio operan en Turlock, lo que aumenta los niveles de tr\u00e1fico en la ciudad.<\/span><\/p>\n<p><span style=\"font-weight: 400;\">Toda esta conducci\u00f3n crea ciertos tipos de riesgos de accidentes para los habitantes de Turlock. En Maison Law, hemos visto todo tipo de accidentes y tenemos experiencia en ayudar a las v\u00edctimas a obtener la compensaci\u00f3n que necesitan y merecen. Algunos de los riesgos a los que se enfrentan los conductores de Turlock a diario son:<\/span><\/p>\n<ul>\n<li aria-level=\"1\"><b>Accidentes de camiones de gran tonelaje<\/b><\/li>\n<\/ul>\n<ul>\n<li aria-level=\"1\"><b>Accidentes de veh\u00edculos de reparto<\/b><\/li>\n<\/ul>\n<ul>\n<li aria-level=\"1\"><b>Camiones y equipos agr\u00edcolas<\/b><\/li>\n<\/ul>\n<ul>\n<li aria-level=\"1\"><b>Aceleradores<\/b><\/li>\n<\/ul>\n<ul>\n<li aria-level=\"1\"><b>Corredores callejeros<\/b><\/li>\n<\/ul>\n<ul>\n<li aria-level=\"1\"><b>Conductores agresivos<\/b><\/li>\n<\/ul>\n<ul>\n<li aria-level=\"1\"><b>Pasajeros<\/b><\/li>\n<\/ul>\n<p><span style=\"font-weight: 400;\">Estos son s\u00f3lo algunos, y un accidente de autom\u00f3vil puede ocurrir en casi cualquier situaci\u00f3n. Cuando lo hace, la gente de Turlock sabe que puede contar con Maison Law para estar con ellos contra las compa\u00f1\u00edas de seguros y sus abogados.<\/span><\/p>\n<p><span style=\"font-weight: 400;\">Algunas causas comunes de los accidentes que hemos visto en el \u00e1rea de Turlock incluyen:<\/span><\/p>\n<ul>\n<li aria-level=\"1\"><b>Conducci\u00f3n bajo los efectos de la marihuana<\/b><\/li>\n<\/ul>\n<ul>\n<li aria-level=\"1\"><b>Accidentes en las intersecciones<\/b><\/li>\n<\/ul>\n<ul>\n<li aria-level=\"1\"><b>No ceder el paso<\/b><\/li>\n<\/ul>\n<ul>\n<li aria-level=\"1\"><b>Accidentes por vuelco<\/b><\/li>\n<\/ul>\n<ul>\n<li aria-level=\"1\"><b>Atropellos<\/b><\/li>\n<\/ul>\n<ul>\n<li aria-level=\"1\"><b>Accidentes por DUI<\/b><\/li>\n<\/ul>\n<ul>\n<li aria-level=\"1\"><b>Enviar mensajes de texto y conducir<\/b><\/li>\n<\/ul>\n<ul>\n<li aria-level=\"1\"><b>Conductores somnolientos<\/b><\/li>\n<\/ul>\n<ul>\n<li aria-level=\"1\"><b>Accidentes en T-Bone<\/b><\/li>\n<\/ul>\n<ul>\n<li aria-level=\"1\"><b>Colisiones frontales<\/b><\/li>\n<\/ul>\n<ul>\n<li aria-level=\"1\"><b>Colisiones laterales<\/b><\/li>\n<\/ul>\n<h2><b>QU\u00c9 HACER Y QU\u00c9 NO HACER PARA PROTEGERSE TRAS UN ACCIDENTE<\/b><\/h2>\n<p><span style=\"font-weight: 400;\">Si es v\u00edctima de un accidente, hay medidas clave que debe tomar para garantizar su seguridad.\u00a0 Su salud inmediata es lo primero.\u00a0 Despu\u00e9s, si la culpa es de otro conductor o un peligro de la carretera le oblig\u00f3 a chocar, querr\u00e1 asegurarse de que las partes responsables asuman el coste de la recuperaci\u00f3n y la reparaci\u00f3n.\u00a0 En las primeras etapas de un accidente, es esencial tomar medidas r\u00e1pidas para que despu\u00e9s no se vea obligado a pagar por las lesiones y los da\u00f1os causados por otra persona.<\/span><\/p>\n<h3><b>Lo que debe hacer\u00a0<\/b><\/h3>\n<p><span style=\"font-weight: 400;\">Despu\u00e9s de un accidente, es posible que se quede sin saber qu\u00e9 hacer a continuaci\u00f3n:<\/span><\/p>\n<ul>\n<li aria-level=\"1\"><b>Busque atenci\u00f3n m\u00e9dica: Obtener atenci\u00f3n m\u00e9dica es su m\u00e1xima prioridad. Independientemente de si tiene lesiones visibles o no, es vital que se someta a una revisi\u00f3n, ya que las lesiones pueden ser internas o desarrollarse posteriormente.<\/b><\/li>\n<\/ul>\n<ul>\n<li aria-level=\"1\"><b>Presente un informe policial: Aunque los da\u00f1os sean menores, lo mejor es presentar un informe policial oficial que documente lo sucedido. Esto podr\u00eda ser decisivo en la investigaci\u00f3n del caso.<\/b><\/li>\n<\/ul>\n<ul>\n<li aria-level=\"1\"><b>Re\u00fana pruebas: Si puede, es crucial que re\u00fana todas las pruebas posibles del lugar del accidente. Tome fotos del lugar donde se produjo el accidente y de los da\u00f1os en los veh\u00edculos, consiga la informaci\u00f3n de contacto y del seguro del otro conductor, y hable con cualquier testigo que pueda haber visto lo ocurrido.<\/b><\/li>\n<\/ul>\n<ul>\n<li aria-level=\"1\"><b>Notifique a su compa\u00f1\u00eda de seguros: Debe informar inmediatamente a su propia compa\u00f1\u00eda de seguros de la colisi\u00f3n, a pesar de que no sea su culpa. Comun\u00edqueles los hechos b\u00e1sicos y no sienta la necesidad de dar largas explicaciones.<\/b><\/li>\n<\/ul>\n<ul>\n<li aria-level=\"1\"><b>Contrate a un abogado local especializado en lesiones personales: Un abogado local conoce las carreteras por las que circula y el lugar de su accidente. Ambos son importantes para determinar la culpa. Un abogado local tambi\u00e9n conoce las leyes locales y estatales mejor que nadie. Se aseguran de que las v\u00edctimas de accidentes de autom\u00f3vil obtengan la indemnizaci\u00f3n que merecen para pagar las facturas m\u00e9dicas, los salarios perdidos y el dolor y el sufrimiento.<\/b><\/li>\n<\/ul>\n<h3><b>Lo que no debe hacer<\/b><\/h3>\n<p><span style=\"font-weight: 400;\">Para garantizar que sus derechos no se vean comprometidos, evite cometer errores como:<\/span><\/p>\n<ul>\n<li aria-level=\"1\"><b>Abandonar el accidente antes de que llegue la polic\u00eda: Si es posible, es mejor que todos los implicados se queden en el lugar del accidente hasta que llegue la polic\u00eda. Se sabe que las partes culpables dan informaci\u00f3n falsa o cambian sus historias m\u00e1s tarde para evitar repercusiones.<\/b><\/li>\n<\/ul>\n<ul>\n<li aria-level=\"1\"><b>Publicar en los medios sociales: Las redes sociales desempe\u00f1an un papel importante en la vida de muchas personas, pero despu\u00e9s de un accidente, es una buena idea abstenerse de publicar cualquier detalle sobre el incidente o subir cualquier foto suya que la otra parte pueda utilizar en su contra.<\/b><\/li>\n<\/ul>\n<ul>\n<li aria-level=\"1\"><b>Firmar documentos o aceptar un acuerdo sin consultar a un abogado: Los ajustadores de seguros a menudo pedir\u00e1n una declaraci\u00f3n grabada, enviar\u00e1n documentos e intentar\u00e1n resolver el caso con una oferta r\u00e1pida. Esto normalmente s\u00f3lo les beneficia a ellos, y no es probable que se acerquen a ofrecer lo que usted realmente merece. Consulte con un abogado antes de hacer cualquier declaraci\u00f3n o aceptar una cantidad, por muy razonable que parezca.<\/b><\/li>\n<\/ul>\n<h2><b>CONTACTE CON UN ABOGADO DE ACCIDENTES DE AUTOM\u00d3VIL EN TURLOCK<\/b><\/h2>\n<p><span style=\"font-weight: 400;\">Despu\u00e9s de un accidente que implique una lesi\u00f3n grave, hable con un <\/span><span style=\"font-weight: 400;\">abogado en lesiones personales de Turlock<\/span><span style=\"font-weight: 400;\">, como Martin Gasparian, para una consulta y una evaluaci\u00f3n de su caso gratuitas. El Sr. Gasparian adopta un enfoque pr\u00e1ctico en cada caso. \u00c9l cree que cada cliente debe trabajar directamente con su abogado, obtener un asesoramiento honesto y la atenci\u00f3n personalizada a los detalles de su caso merece. <\/span><span style=\"font-weight: 400;\">P\u00f3ngase en contacto <\/span><span style=\"font-weight: 400;\">con el Despacho Jur\u00eddico Maison hoy mismo para iniciar su camino hacia la recuperaci\u00f3n.<\/span><\/p>\n<h2><b>Recursos adicionales:<\/b><\/h2>\n<ul>\n<li aria-level=\"1\"><b>Informes de accidentes en Turlock<\/b><\/li>\n<\/ul>\n<p>&nbsp;<\/p>\n","protected":false},"excerpt":{"rendered":"<p>Las autopistas y los caminos agr\u00edcolas que atraviesan Turlock permanecen ocupados d\u00eda y noche.\u00a0 Los residentes se dirigen al trabajo o salen de compras o a hacer recados a todas horas.\u00a0 Los agricultores se levantan temprano y trabajan hasta tarde cultivando, criando y transportando alimentos. Por no hablar de los numerosos conductores que llegan a [&hellip;]<\/p>\n","protected":false},"author":10,"featured_media":0,"parent":8151,"menu_order":0,"comment_status":"closed","ping_status":"closed","template":"","meta":{"footnotes":""},"class_list":["post-8138","page","type-page","status-publish","hentry"],"yoast_head":"<!-- This site is optimized with the Yoast SEO Premium plugin v27.3 (Yoast SEO v27.3) - https:\/\/yoast.com\/product\/yoast-seo-premium-wordpress\/ -->\n<title>Accidentes de Autom\u00f3vil en Turlock | Maison Law<\/title>\n<meta name=\"description\" content=\"Las autopistas y los caminos agr\u00edcolas que atraviesan Turlock permanecen ocupados d\u00eda y noche.\u00a0 Los residentes se dirigen al trabajo o salen de compras o\" \/>\n<meta name=\"robots\" content=\"index, follow, max-snippet:-1, max-image-preview:large, max-video-preview:-1\" \/>\n<link rel=\"canonical\" href=\"https:\/\/maisonlaw.com\/es\/turlock\/accidentes-automovil\/\" \/>\n<meta property=\"og:locale\" content=\"es_ES\" \/>\n<meta property=\"og:type\" content=\"article\" \/>\n<meta property=\"og:title\" content=\"Accidentes de Autom\u00f3vil en Turlock\" \/>\n<meta property=\"og:description\" content=\"Las autopistas y los caminos agr\u00edcolas que atraviesan Turlock permanecen ocupados d\u00eda y noche.\u00a0 Los residentes se dirigen al trabajo o salen de compras o\" \/>\n<meta property=\"og:url\" content=\"https:\/\/maisonlaw.com\/es\/turlock\/accidentes-automovil\/\" \/>\n<meta property=\"og:site_name\" content=\"Maison Law\" \/>\n<meta property=\"article:publisher\" content=\"https:\/\/www.facebook.com\/maisonlawfirm\/\" \/>\n<meta property=\"article:modified_time\" content=\"2021-11-05T18:29:15+00:00\" \/>\n<meta name=\"twitter:card\" content=\"summary_large_image\" \/>\n<meta name=\"twitter:label1\" content=\"Tiempo de lectura\" \/>\n\t<meta name=\"twitter:data1\" content=\"5 minutos\" \/>\n<script type=\"application\/ld+json\" class=\"yoast-schema-graph\">{\"@context\":\"https:\\\/\\\/schema.org\",\"@graph\":[{\"@type\":\"WebPage\",\"@id\":\"https:\\\/\\\/maisonlaw.com\\\/es\\\/turlock\\\/accidentes-automovil\\\/\",\"url\":\"https:\\\/\\\/maisonlaw.com\\\/es\\\/turlock\\\/accidentes-automovil\\\/\",\"name\":\"Accidentes de Autom\u00f3vil en Turlock | Maison Law\",\"isPartOf\":{\"@id\":\"https:\\\/\\\/maisonlaw.com\\\/es\\\/#website\"},\"datePublished\":\"2021-10-14T06:31:31+00:00\",\"dateModified\":\"2021-11-05T18:29:15+00:00\",\"description\":\"Las autopistas y los caminos agr\u00edcolas que atraviesan Turlock permanecen ocupados d\u00eda y noche.\u00a0 Los residentes se dirigen al trabajo o salen de compras o\",\"breadcrumb\":{\"@id\":\"https:\\\/\\\/maisonlaw.com\\\/es\\\/turlock\\\/accidentes-automovil\\\/#breadcrumb\"},\"inLanguage\":\"es\",\"potentialAction\":[{\"@type\":\"ReadAction\",\"target\":[\"https:\\\/\\\/maisonlaw.com\\\/es\\\/turlock\\\/accidentes-automovil\\\/\"]}]},{\"@type\":\"BreadcrumbList\",\"@id\":\"https:\\\/\\\/maisonlaw.com\\\/es\\\/turlock\\\/accidentes-automovil\\\/#breadcrumb\",\"itemListElement\":[{\"@type\":\"ListItem\",\"position\":1,\"name\":\"Home\",\"item\":\"https:\\\/\\\/maisonlaw.com\\\/es\\\/\"},{\"@type\":\"ListItem\",\"position\":2,\"name\":\"Abogado de Lesiones Personales en Turlock California\",\"item\":\"https:\\\/\\\/maisonlaw.com\\\/es\\\/turlock\\\/?lang=es\"},{\"@type\":\"ListItem\",\"position\":3,\"name\":\"Accidentes de Autom\u00f3vil en Turlock\"}]},{\"@type\":\"WebSite\",\"@id\":\"https:\\\/\\\/maisonlaw.com\\\/es\\\/#website\",\"url\":\"https:\\\/\\\/maisonlaw.com\\\/es\\\/\",\"name\":\"Maison Law Accident and Injury Lawyers\",\"description\":\"The Support You Need. The Settlement You Deserve.\",\"publisher\":{\"@id\":\"https:\\\/\\\/maisonlaw.com\\\/es\\\/#organization\"},\"alternateName\":\"Maison Law\",\"potentialAction\":[{\"@type\":\"SearchAction\",\"target\":{\"@type\":\"EntryPoint\",\"urlTemplate\":\"https:\\\/\\\/maisonlaw.com\\\/es\\\/?s={search_term_string}\"},\"query-input\":{\"@type\":\"PropertyValueSpecification\",\"valueRequired\":true,\"valueName\":\"search_term_string\"}}],\"inLanguage\":\"es\"},{\"@type\":\"Organization\",\"@id\":\"https:\\\/\\\/maisonlaw.com\\\/es\\\/#organization\",\"name\":\"Maison Law Accident & Injury Attorneys\",\"alternateName\":\"Maison Law\",\"url\":\"https:\\\/\\\/maisonlaw.com\\\/es\\\/\",\"logo\":{\"@type\":\"ImageObject\",\"inLanguage\":\"es\",\"@id\":\"https:\\\/\\\/maisonlaw.com\\\/es\\\/#\\\/schema\\\/logo\\\/image\\\/\",\"url\":\"https:\\\/\\\/maisonlaw.com\\\/wp-content\\\/uploads\\\/2025\\\/06\\\/experiment-logo-opt.png\",\"contentUrl\":\"https:\\\/\\\/maisonlaw.com\\\/wp-content\\\/uploads\\\/2025\\\/06\\\/experiment-logo-opt.png\",\"width\":1345,\"height\":294,\"caption\":\"Maison Law Accident & Injury Attorneys\"},\"image\":{\"@id\":\"https:\\\/\\\/maisonlaw.com\\\/es\\\/#\\\/schema\\\/logo\\\/image\\\/\"},\"sameAs\":[\"https:\\\/\\\/www.facebook.com\\\/maisonlawfirm\\\/\",\"https:\\\/\\\/www.linkedin.com\\\/in\\\/martin-gasparian-a9956516\\\/\",\"https:\\\/\\\/www.instagram.com\\\/maison_law\\\/\",\"https:\\\/\\\/www.youtube.com\\\/@maisonlaw\"],\"description\":\"Maison Law is a California Personal Injury Law Firm.\",\"legalName\":\"Maison Law\",\"foundingDate\":\"2014-01-01\",\"numberOfEmployees\":{\"@type\":\"QuantitativeValue\",\"minValue\":\"11\",\"maxValue\":\"50\"}}]}<\/script>\n<!-- \/ Yoast SEO Premium plugin. -->","yoast_head_json":{"title":"Accidentes de Autom\u00f3vil en Turlock | Maison Law","description":"Las autopistas y los caminos agr\u00edcolas que atraviesan Turlock permanecen ocupados d\u00eda y noche.\u00a0 Los residentes se dirigen al trabajo o salen de compras o","robots":{"index":"index","follow":"follow","max-snippet":"max-snippet:-1","max-image-preview":"max-image-preview:large","max-video-preview":"max-video-preview:-1"},"canonical":"https:\/\/maisonlaw.com\/es\/turlock\/accidentes-automovil\/","og_locale":"es_ES","og_type":"article","og_title":"Accidentes de Autom\u00f3vil en Turlock","og_description":"Las autopistas y los caminos agr\u00edcolas que atraviesan Turlock permanecen ocupados d\u00eda y noche.\u00a0 Los residentes se dirigen al trabajo o salen de compras o","og_url":"https:\/\/maisonlaw.com\/es\/turlock\/accidentes-automovil\/","og_site_name":"Maison Law","article_publisher":"https:\/\/www.facebook.com\/maisonlawfirm\/","article_modified_time":"2021-11-05T18:29:15+00:00","twitter_card":"summary_large_image","twitter_misc":{"Tiempo de lectura":"5 minutos"},"schema":{"@context":"https:\/\/schema.org","@graph":[{"@type":"WebPage","@id":"https:\/\/maisonlaw.com\/es\/turlock\/accidentes-automovil\/","url":"https:\/\/maisonlaw.com\/es\/turlock\/accidentes-automovil\/","name":"Accidentes de Autom\u00f3vil en Turlock | Maison Law","isPartOf":{"@id":"https:\/\/maisonlaw.com\/es\/#website"},"datePublished":"2021-10-14T06:31:31+00:00","dateModified":"2021-11-05T18:29:15+00:00","description":"Las autopistas y los caminos agr\u00edcolas que atraviesan Turlock permanecen ocupados d\u00eda y noche.\u00a0 Los residentes se dirigen al trabajo o salen de compras o","breadcrumb":{"@id":"https:\/\/maisonlaw.com\/es\/turlock\/accidentes-automovil\/#breadcrumb"},"inLanguage":"es","potentialAction":[{"@type":"ReadAction","target":["https:\/\/maisonlaw.com\/es\/turlock\/accidentes-automovil\/"]}]},{"@type":"BreadcrumbList","@id":"https:\/\/maisonlaw.com\/es\/turlock\/accidentes-automovil\/#breadcrumb","itemListElement":[{"@type":"ListItem","position":1,"name":"Home","item":"https:\/\/maisonlaw.com\/es\/"},{"@type":"ListItem","position":2,"name":"Abogado de Lesiones Personales en Turlock California","item":"https:\/\/maisonlaw.com\/es\/turlock\/?lang=es"},{"@type":"ListItem","position":3,"name":"Accidentes de Autom\u00f3vil en Turlock"}]},{"@type":"WebSite","@id":"https:\/\/maisonlaw.com\/es\/#website","url":"https:\/\/maisonlaw.com\/es\/","name":"Maison Law Accident and Injury Lawyers","description":"The Support You Need. The Settlement You Deserve.","publisher":{"@id":"https:\/\/maisonlaw.com\/es\/#organization"},"alternateName":"Maison Law","potentialAction":[{"@type":"SearchAction","target":{"@type":"EntryPoint","urlTemplate":"https:\/\/maisonlaw.com\/es\/?s={search_term_string}"},"query-input":{"@type":"PropertyValueSpecification","valueRequired":true,"valueName":"search_term_string"}}],"inLanguage":"es"},{"@type":"Organization","@id":"https:\/\/maisonlaw.com\/es\/#organization","name":"Maison Law Accident & Injury Attorneys","alternateName":"Maison Law","url":"https:\/\/maisonlaw.com\/es\/","logo":{"@type":"ImageObject","inLanguage":"es","@id":"https:\/\/maisonlaw.com\/es\/#\/schema\/logo\/image\/","url":"https:\/\/maisonlaw.com\/wp-content\/uploads\/2025\/06\/experiment-logo-opt.png","contentUrl":"https:\/\/maisonlaw.com\/wp-content\/uploads\/2025\/06\/experiment-logo-opt.png","width":1345,"height":294,"caption":"Maison Law Accident & Injury Attorneys"},"image":{"@id":"https:\/\/maisonlaw.com\/es\/#\/schema\/logo\/image\/"},"sameAs":["https:\/\/www.facebook.com\/maisonlawfirm\/","https:\/\/www.linkedin.com\/in\/martin-gasparian-a9956516\/","https:\/\/www.instagram.com\/maison_law\/","https:\/\/www.youtube.com\/@maisonlaw"],"description":"Maison Law is a California Personal Injury Law Firm.","legalName":"Maison Law","foundingDate":"2014-01-01","numberOfEmployees":{"@type":"QuantitativeValue","minValue":"11","maxValue":"50"}}]}},"_links":{"self":[{"href":"https:\/\/maisonlaw.com\/es\/wp-json\/wp\/v2\/pages\/8138","targetHints":{"allow":["GET"]}}],"collection":[{"href":"https:\/\/maisonlaw.com\/es\/wp-json\/wp\/v2\/pages"}],"about":[{"href":"https:\/\/maisonlaw.com\/es\/wp-json\/wp\/v2\/types\/page"}],"author":[{"embeddable":true,"href":"https:\/\/maisonlaw.com\/es\/wp-json\/wp\/v2\/users\/10"}],"replies":[{"embeddable":true,"href":"https:\/\/maisonlaw.com\/es\/wp-json\/wp\/v2\/comments?post=8138"}],"version-history":[{"count":0,"href":"https:\/\/maisonlaw.com\/es\/wp-json\/wp\/v2\/pages\/8138\/revisions"}],"up":[{"embeddable":true,"href":"https:\/\/maisonlaw.com\/es\/wp-json\/wp\/v2\/pages\/8151"}],"wp:attachment":[{"href":"https:\/\/maisonlaw.com\/es\/wp-json\/wp\/v2\/media?parent=8138"}],"curies":[{"name":"wp","href":"https:\/\/api.w.org\/{rel}","templated":true}]}}