{"id":8136,"date":"2021-10-13T05:13:25","date_gmt":"2021-10-13T05:13:25","guid":{"rendered":"https:\/\/maisonlaw.com\/?page_id=8136"},"modified":"2021-11-05T18:30:53","modified_gmt":"2021-11-05T18:30:53","slug":"accidentes-automovil","status":"publish","type":"page","link":"https:\/\/maisonlaw.com\/es\/tulare\/accidentes-automovil\/","title":{"rendered":"Abogado de Accidentes de Autom\u00f3vil en Tulare"},"content":{"rendered":"<p><span style=\"font-weight: 400;\">\u00bfVive usted en Tulare o ha tenido un accidente en Tulare? Si es as\u00ed, necesita hablar con un abogado de accidentes de autom\u00f3vil en Tulare hoy mismo. Un accidente automovil\u00edstico puede ser devastador tanto f\u00edsica como financieramente, y usted necesita tomar las medidas adecuadas para evitar que sus p\u00e9rdidas financieras aumenten.<\/span><\/p>\n<p><iframe title=\"Abogados de Accidentes de Auto en California.mp4\" src=\"https:\/\/player.vimeo.com\/video\/640605765?dnt=1&amp;app_id=122963\" width=\"800\" height=\"450\" frameborder=\"0\" allow=\"autoplay; fullscreen; picture-in-picture\"><\/iframe><\/p>\n<h2><b>\u00bfPOR QU\u00c9 NECESITO UN ABOGADO DE ACCIDENTES EN TULARE?<\/b><\/h2>\n<p><span style=\"font-weight: 400;\">Hay una clara ventaja en contratar a un abogado que conozca la zona y su gente. Aunque cualquier abogado con licencia del estado de California puede llevar el caso, usted necesita uno que tenga experiencia en derecho de lesiones personales y que conozca a la gente y el sistema legal de la zona.<\/span><\/p>\n<h2><b>INDEMNIZACI\u00d3N POR LESIONES EN ACCIDENTES DE AUTOM\u00d3VIL<\/b><\/h2>\n<p><span style=\"font-weight: 400;\">La ley de California exige que cuando alguien lesiona a otra persona por su negligencia, debe pagar por todos los da\u00f1os monetarios ocurridos por el accidente. Esto puede ser importante para su completa recuperaci\u00f3n de las p\u00e9rdidas f\u00edsicas, emocionales y financieras del accidente.<\/span><\/p>\n<p><span style=\"font-weight: 400;\">De acuerdo con la ley, hay ciertos da\u00f1os que se pueden reclamar en los tribunales a la persona o empresa que le hiri\u00f3. Algunos de ellos son directamente el resultado de los costes para usted, mientras que otros son para las p\u00e9rdidas indirectas como las lesiones emocionales y el dolor y el sufrimiento. Los m\u00e1s comunes de estos sufridos por las v\u00edctimas de lesiones automovil\u00edsticas en Tulare son:<\/span><\/p>\n<ul>\n<li aria-level=\"1\"><b>Facturas m\u00e9dicas<\/b><\/li>\n<\/ul>\n<ul>\n<li aria-level=\"1\"><b>Honorarios de EMS\/Ambulancia<\/b><\/li>\n<\/ul>\n<ul>\n<li aria-level=\"1\"><b>Facturas de rehabilitaci\u00f3n<\/b><\/li>\n<\/ul>\n<ul>\n<li aria-level=\"1\"><b>Transporte para el tratamiento<\/b><\/li>\n<\/ul>\n<ul>\n<li aria-level=\"1\"><b>Da\u00f1os a la propiedad<\/b><\/li>\n<\/ul>\n<ul>\n<li aria-level=\"1\"><b>P\u00e9rdida de tiempo en el trabajo<\/b><\/li>\n<\/ul>\n<ul>\n<li aria-level=\"1\"><b>Reducci\u00f3n de salarios futuros por incapacidad<\/b><\/li>\n<\/ul>\n<ul>\n<li aria-level=\"1\"><b>Incapacidad permanente<\/b><\/li>\n<\/ul>\n<ul>\n<li aria-level=\"1\"><b>Dolor y sufrimiento<\/b><\/li>\n<\/ul>\n<ul>\n<li aria-level=\"1\"><b>Angustia mental\/emocional<\/b><\/li>\n<\/ul>\n<ul>\n<li aria-level=\"1\"><b>P\u00e9rdida de compa\u00f1\u00eda\/consorcio<\/b><\/li>\n<\/ul>\n<ul>\n<li aria-level=\"1\"><b>Muerte por negligencia<\/b><\/li>\n<\/ul>\n<h2><b>TIPO DE LESIONES QUE REQUIEREN INDEMNIZACI\u00d3N<\/b><\/h2>\n<p><span style=\"font-weight: 400;\">Si alguien le golpe\u00f3 por su negligencia, la ley le permite recuperar casi cualquier tipo de lesi\u00f3n f\u00edsica. En Maison Law, sabemos que cada tipo de lesi\u00f3n es \u00fanica, y la comprensi\u00f3n de estas lesiones y los retos que plantean a la v\u00edctima pueden marcar la diferencia a la hora de buscar la m\u00e1xima indemnizaci\u00f3n.<\/span><\/p>\n<p><span style=\"font-weight: 400;\">Algunas de las m\u00e1s comunes para las que Maison Law tiene una experiencia y cualificaci\u00f3n \u00fanicas son:<\/span><\/p>\n<ul>\n<li aria-level=\"1\"><b>Lesiones cerebrales traum\u00e1ticas: Desde conmociones cerebrales graves hasta da\u00f1os cerebrales, las lesiones en la cabeza pueden ser devastadoras.<\/b><\/li>\n<\/ul>\n<ul>\n<li aria-level=\"1\"><b>Lesiones en el cuello: Lesiones de la columna tor\u00e1cica (latigazo cervical) da\u00f1os en los nervios y ligamentos del disco que pueden ser debilitantes y dolorosos.<\/b><\/li>\n<\/ul>\n<ul>\n<li aria-level=\"1\"><b>Lesiones en la parte media y baja de la espalda: Las lesiones lumbares, la parte baja de la espalda, la ci\u00e1tica y el da\u00f1o discal pueden ser consecuencia de una lesi\u00f3n de espalda.<\/b><\/li>\n<\/ul>\n<ul>\n<li aria-level=\"1\"><b>Fracturas: Desde la l\u00ednea del cabello hasta las compuestas, las fracturas son comunes en los accidentes de autom\u00f3vil y pueden causar un gran dolor y una incapacidad temporal o permanente.<\/b><\/li>\n<\/ul>\n<ul>\n<li aria-level=\"1\"><b>Lesiones de los tejidos blandos: m\u00fasculos, tendones y ligamentos y un dolor importante con una amplitud de movimiento limitada.<\/b><\/li>\n<\/ul>\n<h2><b>CONTACTE CON UN ABOGADO DE ACCIDENTES DE AUTOM\u00d3VIL EN TULARE<\/b><\/h2>\n<p><span style=\"font-weight: 400;\">Si usted ha sido lesionado por la negligencia de otra persona en un accidente de autom\u00f3vil en Tulare, p\u00f3ngase en contacto con Maison Law para empezar a recuperar su vida. Usted no necesita la molestia de tratar con un agente de seguros combativo o uno de sus abogados.<\/span><\/p>\n<p><span style=\"font-weight: 400;\">El abogado <\/span><b>Martin Gasparian<\/b><span style=\"font-weight: 400;\">, es el fundador de Maison Law, y ha trabajado en algunas de las firmas m\u00e1s prestigiosas de la naci\u00f3n, incluyendo la firma de abogados m\u00e1s grande de Los \u00c1ngeles. Hoy en d\u00eda, trabaja para aquellos que han sido lesionados y necesitan a alguien que los defienda. \u00c9l entiende lo que usted est\u00e1 en contra y no descansar\u00e1 hasta que est\u00e9 de vuelta en sus pies, f\u00edsicamente y financieramente.<\/span><\/p>\n<p><span style=\"font-weight: 400;\">P\u00f3ngase en contacto con nosotros hoy en <\/span><b>559-396-3889<\/b><span style=\"font-weight: 400;\">, o haga clic <\/span><b>aqu\u00ed<\/b> <span style=\"font-weight: 400;\">para ponerse en contacto con nosotros en l\u00ednea.<\/span><\/p>\n<p><b>Recursos adicionales:<\/b><\/p>\n<ul>\n<li aria-level=\"1\"><b>Informes de accidentes de autom\u00f3vil en Tulare<\/b><\/li>\n<\/ul>\n<ul>\n<li aria-level=\"1\"><b>Choques con conductores ebrios<\/b><\/li>\n<\/ul>\n<ul>\n<li aria-level=\"1\"><b>Colisiones frontales<\/b><\/li>\n<\/ul>\n<ul>\n<li aria-level=\"1\"><b>Lesiones de los pasajeros<\/b><\/li>\n<\/ul>\n<p>&nbsp;<\/p>\n","protected":false},"excerpt":{"rendered":"<p>\u00bfVive usted en Tulare o ha tenido un accidente en Tulare? Si es as\u00ed, necesita hablar con un abogado de accidentes de autom\u00f3vil en Tulare hoy mismo. Un accidente automovil\u00edstico puede ser devastador tanto f\u00edsica como financieramente, y usted necesita tomar las medidas adecuadas para evitar que sus p\u00e9rdidas financieras aumenten. \u00bfPOR QU\u00c9 NECESITO UN [&hellip;]<\/p>\n","protected":false},"author":10,"featured_media":0,"parent":7561,"menu_order":0,"comment_status":"closed","ping_status":"closed","template":"","meta":{"footnotes":""},"class_list":["post-8136","page","type-page","status-publish","hentry"],"yoast_head":"<!-- This site is optimized with the Yoast SEO Premium plugin v27.4 (Yoast SEO v27.4) - https:\/\/yoast.com\/product\/yoast-seo-premium-wordpress\/ -->\n<title>Abogado de Accidentes de Autom\u00f3vil en Tulare | Maison Law<\/title>\n<meta name=\"description\" content=\"\u00bfVive usted en Tulare o ha tenido un accidente en Tulare? Si es as\u00ed, necesita hablar con un abogado de accidentes de autom\u00f3vil en Tulare hoy mismo. Un\" \/>\n<meta name=\"robots\" content=\"index, follow, max-snippet:-1, max-image-preview:large, max-video-preview:-1\" \/>\n<link rel=\"canonical\" href=\"https:\/\/maisonlaw.com\/es\/tulare\/accidentes-automovil\/\" \/>\n<meta property=\"og:locale\" content=\"es_ES\" \/>\n<meta property=\"og:type\" content=\"article\" \/>\n<meta property=\"og:title\" content=\"Abogado de Accidentes de Autom\u00f3vil en Tulare\" \/>\n<meta property=\"og:description\" content=\"\u00bfVive usted en Tulare o ha tenido un accidente en Tulare? Si es as\u00ed, necesita hablar con un abogado de accidentes de autom\u00f3vil en Tulare hoy mismo. Un\" \/>\n<meta property=\"og:url\" content=\"https:\/\/maisonlaw.com\/es\/tulare\/accidentes-automovil\/\" \/>\n<meta property=\"og:site_name\" content=\"Maison Law\" \/>\n<meta property=\"article:publisher\" content=\"https:\/\/www.facebook.com\/maisonlawfirm\/\" \/>\n<meta property=\"article:modified_time\" content=\"2021-11-05T18:30:53+00:00\" \/>\n<meta name=\"twitter:card\" content=\"summary_large_image\" \/>\n<meta name=\"twitter:label1\" content=\"Tiempo de lectura\" \/>\n\t<meta name=\"twitter:data1\" content=\"4 minutos\" \/>\n<script type=\"application\/ld+json\" class=\"yoast-schema-graph\">{\"@context\":\"https:\\\/\\\/schema.org\",\"@graph\":[{\"@type\":\"WebPage\",\"@id\":\"https:\\\/\\\/maisonlaw.com\\\/es\\\/tulare\\\/accidentes-automovil\\\/\",\"url\":\"https:\\\/\\\/maisonlaw.com\\\/es\\\/tulare\\\/accidentes-automovil\\\/\",\"name\":\"Abogado de Accidentes de Autom\u00f3vil en Tulare | Maison Law\",\"isPartOf\":{\"@id\":\"https:\\\/\\\/maisonlaw.com\\\/es\\\/#website\"},\"datePublished\":\"2021-10-13T05:13:25+00:00\",\"dateModified\":\"2021-11-05T18:30:53+00:00\",\"description\":\"\u00bfVive usted en Tulare o ha tenido un accidente en Tulare? Si es as\u00ed, necesita hablar con un abogado de accidentes de autom\u00f3vil en Tulare hoy mismo. Un\",\"breadcrumb\":{\"@id\":\"https:\\\/\\\/maisonlaw.com\\\/es\\\/tulare\\\/accidentes-automovil\\\/#breadcrumb\"},\"inLanguage\":\"es\",\"potentialAction\":[{\"@type\":\"ReadAction\",\"target\":[\"https:\\\/\\\/maisonlaw.com\\\/es\\\/tulare\\\/accidentes-automovil\\\/\"]}]},{\"@type\":\"BreadcrumbList\",\"@id\":\"https:\\\/\\\/maisonlaw.com\\\/es\\\/tulare\\\/accidentes-automovil\\\/#breadcrumb\",\"itemListElement\":[{\"@type\":\"ListItem\",\"position\":1,\"name\":\"Home\",\"item\":\"https:\\\/\\\/maisonlaw.com\\\/es\\\/\"},{\"@type\":\"ListItem\",\"position\":2,\"name\":\"Abogado De Lesiones Personales En Tulare\",\"item\":\"https:\\\/\\\/maisonlaw.com\\\/es\\\/tulare\\\/?lang=es\"},{\"@type\":\"ListItem\",\"position\":3,\"name\":\"Abogado de Accidentes de Autom\u00f3vil en Tulare\"}]},{\"@type\":\"WebSite\",\"@id\":\"https:\\\/\\\/maisonlaw.com\\\/es\\\/#website\",\"url\":\"https:\\\/\\\/maisonlaw.com\\\/es\\\/\",\"name\":\"Maison Law Accident and Injury Lawyers\",\"description\":\"The Support You Need. The Settlement You Deserve.\",\"publisher\":{\"@id\":\"https:\\\/\\\/maisonlaw.com\\\/es\\\/#organization\"},\"alternateName\":\"Maison Law\",\"potentialAction\":[{\"@type\":\"SearchAction\",\"target\":{\"@type\":\"EntryPoint\",\"urlTemplate\":\"https:\\\/\\\/maisonlaw.com\\\/es\\\/?s={search_term_string}\"},\"query-input\":{\"@type\":\"PropertyValueSpecification\",\"valueRequired\":true,\"valueName\":\"search_term_string\"}}],\"inLanguage\":\"es\"},{\"@type\":\"Organization\",\"@id\":\"https:\\\/\\\/maisonlaw.com\\\/es\\\/#organization\",\"name\":\"Maison Law Accident & Injury Attorneys\",\"alternateName\":\"Maison Law\",\"url\":\"https:\\\/\\\/maisonlaw.com\\\/es\\\/\",\"logo\":{\"@type\":\"ImageObject\",\"inLanguage\":\"es\",\"@id\":\"https:\\\/\\\/maisonlaw.com\\\/es\\\/#\\\/schema\\\/logo\\\/image\\\/\",\"url\":\"https:\\\/\\\/maisonlaw.com\\\/wp-content\\\/uploads\\\/2025\\\/06\\\/experiment-logo-opt.png\",\"contentUrl\":\"https:\\\/\\\/maisonlaw.com\\\/wp-content\\\/uploads\\\/2025\\\/06\\\/experiment-logo-opt.png\",\"width\":1345,\"height\":294,\"caption\":\"Maison Law Accident & Injury Attorneys\"},\"image\":{\"@id\":\"https:\\\/\\\/maisonlaw.com\\\/es\\\/#\\\/schema\\\/logo\\\/image\\\/\"},\"sameAs\":[\"https:\\\/\\\/www.facebook.com\\\/maisonlawfirm\\\/\",\"https:\\\/\\\/www.linkedin.com\\\/in\\\/martin-gasparian-a9956516\\\/\",\"https:\\\/\\\/www.instagram.com\\\/maison_law\\\/\",\"https:\\\/\\\/www.youtube.com\\\/@maisonlaw\"],\"description\":\"Maison Law is a California Personal Injury Law Firm.\",\"legalName\":\"Maison Law\",\"foundingDate\":\"2014-01-01\",\"numberOfEmployees\":{\"@type\":\"QuantitativeValue\",\"minValue\":\"11\",\"maxValue\":\"50\"}}]}<\/script>\n<!-- \/ Yoast SEO Premium plugin. -->","yoast_head_json":{"title":"Abogado de Accidentes de Autom\u00f3vil en Tulare | Maison Law","description":"\u00bfVive usted en Tulare o ha tenido un accidente en Tulare? Si es as\u00ed, necesita hablar con un abogado de accidentes de autom\u00f3vil en Tulare hoy mismo. Un","robots":{"index":"index","follow":"follow","max-snippet":"max-snippet:-1","max-image-preview":"max-image-preview:large","max-video-preview":"max-video-preview:-1"},"canonical":"https:\/\/maisonlaw.com\/es\/tulare\/accidentes-automovil\/","og_locale":"es_ES","og_type":"article","og_title":"Abogado de Accidentes de Autom\u00f3vil en Tulare","og_description":"\u00bfVive usted en Tulare o ha tenido un accidente en Tulare? Si es as\u00ed, necesita hablar con un abogado de accidentes de autom\u00f3vil en Tulare hoy mismo. Un","og_url":"https:\/\/maisonlaw.com\/es\/tulare\/accidentes-automovil\/","og_site_name":"Maison Law","article_publisher":"https:\/\/www.facebook.com\/maisonlawfirm\/","article_modified_time":"2021-11-05T18:30:53+00:00","twitter_card":"summary_large_image","twitter_misc":{"Tiempo de lectura":"4 minutos"},"schema":{"@context":"https:\/\/schema.org","@graph":[{"@type":"WebPage","@id":"https:\/\/maisonlaw.com\/es\/tulare\/accidentes-automovil\/","url":"https:\/\/maisonlaw.com\/es\/tulare\/accidentes-automovil\/","name":"Abogado de Accidentes de Autom\u00f3vil en Tulare | Maison Law","isPartOf":{"@id":"https:\/\/maisonlaw.com\/es\/#website"},"datePublished":"2021-10-13T05:13:25+00:00","dateModified":"2021-11-05T18:30:53+00:00","description":"\u00bfVive usted en Tulare o ha tenido un accidente en Tulare? Si es as\u00ed, necesita hablar con un abogado de accidentes de autom\u00f3vil en Tulare hoy mismo. Un","breadcrumb":{"@id":"https:\/\/maisonlaw.com\/es\/tulare\/accidentes-automovil\/#breadcrumb"},"inLanguage":"es","potentialAction":[{"@type":"ReadAction","target":["https:\/\/maisonlaw.com\/es\/tulare\/accidentes-automovil\/"]}]},{"@type":"BreadcrumbList","@id":"https:\/\/maisonlaw.com\/es\/tulare\/accidentes-automovil\/#breadcrumb","itemListElement":[{"@type":"ListItem","position":1,"name":"Home","item":"https:\/\/maisonlaw.com\/es\/"},{"@type":"ListItem","position":2,"name":"Abogado De Lesiones Personales En Tulare","item":"https:\/\/maisonlaw.com\/es\/tulare\/?lang=es"},{"@type":"ListItem","position":3,"name":"Abogado de Accidentes de Autom\u00f3vil en Tulare"}]},{"@type":"WebSite","@id":"https:\/\/maisonlaw.com\/es\/#website","url":"https:\/\/maisonlaw.com\/es\/","name":"Maison Law Accident and Injury Lawyers","description":"The Support You Need. The Settlement You Deserve.","publisher":{"@id":"https:\/\/maisonlaw.com\/es\/#organization"},"alternateName":"Maison Law","potentialAction":[{"@type":"SearchAction","target":{"@type":"EntryPoint","urlTemplate":"https:\/\/maisonlaw.com\/es\/?s={search_term_string}"},"query-input":{"@type":"PropertyValueSpecification","valueRequired":true,"valueName":"search_term_string"}}],"inLanguage":"es"},{"@type":"Organization","@id":"https:\/\/maisonlaw.com\/es\/#organization","name":"Maison Law Accident & Injury Attorneys","alternateName":"Maison Law","url":"https:\/\/maisonlaw.com\/es\/","logo":{"@type":"ImageObject","inLanguage":"es","@id":"https:\/\/maisonlaw.com\/es\/#\/schema\/logo\/image\/","url":"https:\/\/maisonlaw.com\/wp-content\/uploads\/2025\/06\/experiment-logo-opt.png","contentUrl":"https:\/\/maisonlaw.com\/wp-content\/uploads\/2025\/06\/experiment-logo-opt.png","width":1345,"height":294,"caption":"Maison Law Accident & Injury Attorneys"},"image":{"@id":"https:\/\/maisonlaw.com\/es\/#\/schema\/logo\/image\/"},"sameAs":["https:\/\/www.facebook.com\/maisonlawfirm\/","https:\/\/www.linkedin.com\/in\/martin-gasparian-a9956516\/","https:\/\/www.instagram.com\/maison_law\/","https:\/\/www.youtube.com\/@maisonlaw"],"description":"Maison Law is a California Personal Injury Law Firm.","legalName":"Maison Law","foundingDate":"2014-01-01","numberOfEmployees":{"@type":"QuantitativeValue","minValue":"11","maxValue":"50"}}]}},"_links":{"self":[{"href":"https:\/\/maisonlaw.com\/es\/wp-json\/wp\/v2\/pages\/8136","targetHints":{"allow":["GET"]}}],"collection":[{"href":"https:\/\/maisonlaw.com\/es\/wp-json\/wp\/v2\/pages"}],"about":[{"href":"https:\/\/maisonlaw.com\/es\/wp-json\/wp\/v2\/types\/page"}],"author":[{"embeddable":true,"href":"https:\/\/maisonlaw.com\/es\/wp-json\/wp\/v2\/users\/10"}],"replies":[{"embeddable":true,"href":"https:\/\/maisonlaw.com\/es\/wp-json\/wp\/v2\/comments?post=8136"}],"version-history":[{"count":0,"href":"https:\/\/maisonlaw.com\/es\/wp-json\/wp\/v2\/pages\/8136\/revisions"}],"up":[{"embeddable":true,"href":"https:\/\/maisonlaw.com\/es\/wp-json\/wp\/v2\/pages\/7561"}],"wp:attachment":[{"href":"https:\/\/maisonlaw.com\/es\/wp-json\/wp\/v2\/media?parent=8136"}],"curies":[{"name":"wp","href":"https:\/\/api.w.org\/{rel}","templated":true}]}}