{"id":8134,"date":"2021-10-13T05:10:43","date_gmt":"2021-10-13T05:10:43","guid":{"rendered":"https:\/\/maisonlaw.com\/?page_id=8134"},"modified":"2021-11-05T18:36:30","modified_gmt":"2021-11-05T18:36:30","slug":"accidentes-automovil","status":"publish","type":"page","link":"https:\/\/maisonlaw.com\/es\/santa-maria\/accidentes-automovil\/","title":{"rendered":"Abogado de Accidentes de Autom\u00f3vil en Santa Mar\u00eda"},"content":{"rendered":"<p><span style=\"font-weight: 400;\">El tr\u00e1fico de Santa Mar\u00eda pasa a toda velocidad por la ma\u00f1ana, al mediod\u00eda y por la noche, y a veces los conductores tienen la mente m\u00e1s puesta en su destino que en los dem\u00e1s veh\u00edculos que les rodean. Esta falta de atenci\u00f3n puede provocar peligros en la carretera y usted puede verse envuelto en un error de otro conductor y acabar con una lesi\u00f3n grave.<\/span><\/p>\n<p><span style=\"font-weight: 400;\">Si usted o un miembro de su familia acaban siendo v\u00edctimas de un conductor descuidado o imprudente, no debe poner su recuperaci\u00f3n en manos de una compa\u00f1\u00eda de seguros. Los agentes del seguro del conductor culpable no tienen que informarle de todas las protecciones a las que tienen derecho las v\u00edctimas de lesiones.<\/span><\/p>\n<p><iframe title=\"Abogados de Accidentes de Auto en California.mp4\" src=\"https:\/\/player.vimeo.com\/video\/640605765?dnt=1&amp;app_id=122963\" width=\"800\" height=\"450\" frameborder=\"0\" allow=\"autoplay; fullscreen; picture-in-picture\"><\/iframe><\/p>\n<p><span style=\"font-weight: 400;\">Ah\u00ed es donde entran los abogados de Maison Law de Santa Mar\u00eda. H\u00e1blenos de su accidente y podremos ayudarle a determinar la mejor y m\u00e1s r\u00e1pida manera de que le cubran las facturas del hospital y le repongan los salarios perdidos en el trabajo. P\u00f3ngase en contacto con nosotros para una evaluaci\u00f3n confidencial y sin compromiso de su caso. Esta primera consulta es gratuita y puede ser el primer paso para recuperar su vida despu\u00e9s de un terrible accidente.<\/span><\/p>\n<h2><b>PELIGROS DE LOS ACCIDENTES DE AUTOM\u00d3VIL EN SANTA MAR\u00cdA<\/b><\/h2>\n<p><span style=\"font-weight: 400;\">Hay muchas razones por las que la gente acaba en Santa Mar\u00eda. El trabajo, la escuela, las playas cercanas, y quiz\u00e1s incluso el atractivo de nuestro estilo \u00fanico de barbacoa. Puede que la gente est\u00e9 dejando a sus hijos en la escuela, desplaz\u00e1ndose a la Base A\u00e9rea de Vandenberg, o corriendo para llegar a una granja local o a un complejo industrial para un turno, pero todos ellos utilizan las mismas carreteras y autopistas.<\/span><\/p>\n<p><span style=\"font-weight: 400;\">Esta prisa por salir y volver a casa puede provocar atascos que pueden dejarle detr\u00e1s de los lentos camiones agr\u00edcolas y de los grandes camiones de 18 ruedas que transportan productos. Esa es la parte frustrante, pero el verdadero peligro reside en las colisiones que pueden provocar los conductores descuidados.<\/span><\/p>\n<p><span style=\"font-weight: 400;\">Las fuerzas del orden de Santa Mar\u00eda ven accidentes peligrosos todos los d\u00edas en nuestra ciudad. Seg\u00fan el sistema de seguimiento de accidentes TIMS, Santa Mar\u00eda <\/span><span style=\"font-weight: 400;\">registr\u00f3 <\/span><span style=\"font-weight: 400;\">367 colisiones en 2019. Incre\u00edblemente, casi 500 personas fueron documentadas como heridas en esos accidentes. 25 de esos heridos eran peatones, 14 eran ciclistas y otros 13 eran conductores de motocicletas.<\/span><\/p>\n<h2><b>INDEMNIZACI\u00d3N DEL SEGURO EN ACCIDENTES DE AUTOM\u00d3VIL<\/b><\/h2>\n<p><span style=\"font-weight: 400;\">En un impacto devastador, usted puede resultar gravemente herido y quedar en el hospital. Su salud y bienestar deben ser su primera preocupaci\u00f3n, pero una vez estabilizado pueden empezar las preocupaciones por su situaci\u00f3n financiera. Es posible que tenga que pagar miles de d\u00f3lares en facturas del hospital y a\u00fan m\u00e1s por delante. Tambi\u00e9n es posible que se enfrente a un largo periodo de ausencia del trabajo y a la imposibilidad de cobrar su sueldo debido a su lesi\u00f3n.<\/span><\/p>\n<p><span style=\"font-weight: 400;\">El conductor culpable, y la empresa para la que pueda conducir, deber\u00edan asumir esta carga por usted, pero eso significa tener que lidiar con sus agentes de seguros y, potencialmente, con los abogados de las grandes empresas. Lo que deber\u00eda ser un caso claro para conseguirle la ayuda que necesita puede convertirse en una batalla de culpas y dilaciones.<\/span><\/p>\n<p><span style=\"font-weight: 400;\">Estas son s\u00f3lo algunas de las t\u00e1cticas que utilizan los agentes de seguros para ahorrar dinero a sus empresas y separarle a usted de la ayuda que necesita:<\/span><\/p>\n<ul>\n<li aria-level=\"1\"><b>Retraso en la justicia: Los agentes de seguros pueden simplemente retrasar la respuesta a su reclamaci\u00f3n con la esperanza de que cuanto m\u00e1s le hagan esperar m\u00e1s desesperado estar\u00e1. Si se le acumulan las facturas del hospital y est\u00e1 en mora con los pagos del coche y las primas de la hipoteca, puede estar m\u00e1s dispuesto a aceptar sus ofertas injustas. Un abogado puede denunciar a la compa\u00f1\u00eda de seguros por esta pr\u00e1ctica y asegurarse de que sus lesiones y dificultades reciben un tratamiento prioritario.<\/b><\/li>\n<\/ul>\n<ul>\n<li aria-level=\"1\"><b>Rechazar una reclamaci\u00f3n: Una compa\u00f1\u00eda de seguros puede rechazar su reclamaci\u00f3n sin m\u00e1s, aunque sepa que su asegurado fue claramente culpable. Lo hacen para ver si usted se da por vencido. Es posible que usted no sepa que la raz\u00f3n que dan para el rechazo no se sostendr\u00eda en el tribunal, pero su abogado sabr\u00e1 lo que est\u00e1 pasando.<\/b><\/li>\n<\/ul>\n<ul>\n<li aria-level=\"1\"><b>Ofertas de liquidaci\u00f3n a la baja: Los agentes de seguros pueden hacerle una oferta injusta s\u00f3lo para ver si tiene a alguien que le asesore sobre el valor real de su caso. Muchas personas aceptan las primeras ofertas y acaban no teniendo suficiente dinero para pagar la atenci\u00f3n m\u00e9dica necesaria en las semanas y meses siguientes.<\/b><\/li>\n<\/ul>\n<ul>\n<li aria-level=\"1\"><b>Negativa a llegar a un acuerdo: Las aseguradoras pueden negarse a llegar a un acuerdo para ver si usted est\u00e1 realmente dispuesto a exigirles responsabilidades en un tribunal. Les costar\u00e1 mucho defender un caso en los tribunales, as\u00ed que si usted se mantiene firme los ajustadores de seguros a menudo ceder\u00e1n y le har\u00e1n una oferta de acuerdo mucho mejor. Tener un abogado de su lado, preparando constantemente las pruebas para ir a juicio si es necesario, les hace saber que un juicio es una posibilidad real.<\/b><\/li>\n<\/ul>\n<h2><b>ABOGADO DE ACCIDENTES DE AUTOM\u00d3VIL EN SANTA MARIA<\/b><\/h2>\n<p><span style=\"font-weight: 400;\">Si usted fue atropellado por un conductor descuidado y result\u00f3 gravemente herido, <\/span><span style=\"font-weight: 400;\">p\u00f3ngase en contacto <\/span><span style=\"font-weight: 400;\">con un abogado experimentado en accidentes de autom\u00f3vil como <\/span><span style=\"font-weight: 400;\">Martin Gasparian <\/span><span style=\"font-weight: 400;\">para una consulta y evaluaci\u00f3n de su caso gratuitas. El Sr. Gasparian adopta un enfoque pr\u00e1ctico en cada caso. Lucha por proteger los derechos de las v\u00edctimas y se asegura de que reciban un trato justo por parte de las compa\u00f1\u00edas de seguros y obtengan la compensaci\u00f3n que necesitan para reanudar sus vidas.<\/span><\/p>\n","protected":false},"excerpt":{"rendered":"<p>El tr\u00e1fico de Santa Mar\u00eda pasa a toda velocidad por la ma\u00f1ana, al mediod\u00eda y por la noche, y a veces los conductores tienen la mente m\u00e1s puesta en su destino que en los dem\u00e1s veh\u00edculos que les rodean. Esta falta de atenci\u00f3n puede provocar peligros en la carretera y usted puede verse envuelto en [&hellip;]<\/p>\n","protected":false},"author":10,"featured_media":0,"parent":6535,"menu_order":0,"comment_status":"closed","ping_status":"closed","template":"","meta":{"footnotes":""},"class_list":["post-8134","page","type-page","status-publish","hentry"],"yoast_head":"<!-- This site is optimized with the Yoast SEO Premium plugin v27.3 (Yoast SEO v27.3) - https:\/\/yoast.com\/product\/yoast-seo-premium-wordpress\/ -->\n<title>Abogado de Accidentes de Autom\u00f3vil en Santa Mar\u00eda | Maison Law<\/title>\n<meta name=\"description\" content=\"El tr\u00e1fico de Santa Mar\u00eda pasa a toda velocidad por la ma\u00f1ana, al mediod\u00eda y por la noche, y a veces los conductores tienen la mente m\u00e1s puesta en su\" \/>\n<meta name=\"robots\" content=\"index, follow, max-snippet:-1, max-image-preview:large, max-video-preview:-1\" \/>\n<link rel=\"canonical\" href=\"https:\/\/maisonlaw.com\/es\/santa-maria\/accidentes-automovil\/\" \/>\n<meta property=\"og:locale\" content=\"es_ES\" \/>\n<meta property=\"og:type\" content=\"article\" \/>\n<meta property=\"og:title\" content=\"Abogado de Accidentes de Autom\u00f3vil en Santa Mar\u00eda\" \/>\n<meta property=\"og:description\" content=\"El tr\u00e1fico de Santa Mar\u00eda pasa a toda velocidad por la ma\u00f1ana, al mediod\u00eda y por la noche, y a veces los conductores tienen la mente m\u00e1s puesta en su\" \/>\n<meta property=\"og:url\" content=\"https:\/\/maisonlaw.com\/es\/santa-maria\/accidentes-automovil\/\" \/>\n<meta property=\"og:site_name\" content=\"Maison Law\" \/>\n<meta property=\"article:publisher\" content=\"https:\/\/www.facebook.com\/maisonlawfirm\/\" \/>\n<meta property=\"article:modified_time\" content=\"2021-11-05T18:36:30+00:00\" \/>\n<meta name=\"twitter:card\" content=\"summary_large_image\" \/>\n<meta name=\"twitter:label1\" content=\"Tiempo de lectura\" \/>\n\t<meta name=\"twitter:data1\" content=\"5 minutos\" \/>\n<script type=\"application\/ld+json\" class=\"yoast-schema-graph\">{\"@context\":\"https:\\\/\\\/schema.org\",\"@graph\":[{\"@type\":\"WebPage\",\"@id\":\"https:\\\/\\\/maisonlaw.com\\\/es\\\/santa-maria\\\/accidentes-automovil\\\/\",\"url\":\"https:\\\/\\\/maisonlaw.com\\\/es\\\/santa-maria\\\/accidentes-automovil\\\/\",\"name\":\"Abogado de Accidentes de Autom\u00f3vil en Santa Mar\u00eda | Maison Law\",\"isPartOf\":{\"@id\":\"https:\\\/\\\/maisonlaw.com\\\/es\\\/#website\"},\"datePublished\":\"2021-10-13T05:10:43+00:00\",\"dateModified\":\"2021-11-05T18:36:30+00:00\",\"description\":\"El tr\u00e1fico de Santa Mar\u00eda pasa a toda velocidad por la ma\u00f1ana, al mediod\u00eda y por la noche, y a veces los conductores tienen la mente m\u00e1s puesta en su\",\"breadcrumb\":{\"@id\":\"https:\\\/\\\/maisonlaw.com\\\/es\\\/santa-maria\\\/accidentes-automovil\\\/#breadcrumb\"},\"inLanguage\":\"es\",\"potentialAction\":[{\"@type\":\"ReadAction\",\"target\":[\"https:\\\/\\\/maisonlaw.com\\\/es\\\/santa-maria\\\/accidentes-automovil\\\/\"]}]},{\"@type\":\"BreadcrumbList\",\"@id\":\"https:\\\/\\\/maisonlaw.com\\\/es\\\/santa-maria\\\/accidentes-automovil\\\/#breadcrumb\",\"itemListElement\":[{\"@type\":\"ListItem\",\"position\":1,\"name\":\"Home\",\"item\":\"https:\\\/\\\/maisonlaw.com\\\/es\\\/\"},{\"@type\":\"ListItem\",\"position\":2,\"name\":\"Abogado de Lesiones Personales en Santa Mar\u00eda\",\"item\":\"https:\\\/\\\/maisonlaw.com\\\/es\\\/santa-maria\\\/?lang=es\"},{\"@type\":\"ListItem\",\"position\":3,\"name\":\"Abogado de Accidentes de Autom\u00f3vil en Santa Mar\u00eda\"}]},{\"@type\":\"WebSite\",\"@id\":\"https:\\\/\\\/maisonlaw.com\\\/es\\\/#website\",\"url\":\"https:\\\/\\\/maisonlaw.com\\\/es\\\/\",\"name\":\"Maison Law Accident and Injury Lawyers\",\"description\":\"The Support You Need. The Settlement You Deserve.\",\"publisher\":{\"@id\":\"https:\\\/\\\/maisonlaw.com\\\/es\\\/#organization\"},\"alternateName\":\"Maison Law\",\"potentialAction\":[{\"@type\":\"SearchAction\",\"target\":{\"@type\":\"EntryPoint\",\"urlTemplate\":\"https:\\\/\\\/maisonlaw.com\\\/es\\\/?s={search_term_string}\"},\"query-input\":{\"@type\":\"PropertyValueSpecification\",\"valueRequired\":true,\"valueName\":\"search_term_string\"}}],\"inLanguage\":\"es\"},{\"@type\":\"Organization\",\"@id\":\"https:\\\/\\\/maisonlaw.com\\\/es\\\/#organization\",\"name\":\"Maison Law Accident & Injury Attorneys\",\"alternateName\":\"Maison Law\",\"url\":\"https:\\\/\\\/maisonlaw.com\\\/es\\\/\",\"logo\":{\"@type\":\"ImageObject\",\"inLanguage\":\"es\",\"@id\":\"https:\\\/\\\/maisonlaw.com\\\/es\\\/#\\\/schema\\\/logo\\\/image\\\/\",\"url\":\"https:\\\/\\\/maisonlaw.com\\\/wp-content\\\/uploads\\\/2025\\\/06\\\/experiment-logo-opt.png\",\"contentUrl\":\"https:\\\/\\\/maisonlaw.com\\\/wp-content\\\/uploads\\\/2025\\\/06\\\/experiment-logo-opt.png\",\"width\":1345,\"height\":294,\"caption\":\"Maison Law Accident & Injury Attorneys\"},\"image\":{\"@id\":\"https:\\\/\\\/maisonlaw.com\\\/es\\\/#\\\/schema\\\/logo\\\/image\\\/\"},\"sameAs\":[\"https:\\\/\\\/www.facebook.com\\\/maisonlawfirm\\\/\",\"https:\\\/\\\/www.linkedin.com\\\/in\\\/martin-gasparian-a9956516\\\/\",\"https:\\\/\\\/www.instagram.com\\\/maison_law\\\/\",\"https:\\\/\\\/www.youtube.com\\\/@maisonlaw\"],\"description\":\"Maison Law is a California Personal Injury Law Firm.\",\"legalName\":\"Maison Law\",\"foundingDate\":\"2014-01-01\",\"numberOfEmployees\":{\"@type\":\"QuantitativeValue\",\"minValue\":\"11\",\"maxValue\":\"50\"}}]}<\/script>\n<!-- \/ Yoast SEO Premium plugin. -->","yoast_head_json":{"title":"Abogado de Accidentes de Autom\u00f3vil en Santa Mar\u00eda | Maison Law","description":"El tr\u00e1fico de Santa Mar\u00eda pasa a toda velocidad por la ma\u00f1ana, al mediod\u00eda y por la noche, y a veces los conductores tienen la mente m\u00e1s puesta en su","robots":{"index":"index","follow":"follow","max-snippet":"max-snippet:-1","max-image-preview":"max-image-preview:large","max-video-preview":"max-video-preview:-1"},"canonical":"https:\/\/maisonlaw.com\/es\/santa-maria\/accidentes-automovil\/","og_locale":"es_ES","og_type":"article","og_title":"Abogado de Accidentes de Autom\u00f3vil en Santa Mar\u00eda","og_description":"El tr\u00e1fico de Santa Mar\u00eda pasa a toda velocidad por la ma\u00f1ana, al mediod\u00eda y por la noche, y a veces los conductores tienen la mente m\u00e1s puesta en su","og_url":"https:\/\/maisonlaw.com\/es\/santa-maria\/accidentes-automovil\/","og_site_name":"Maison Law","article_publisher":"https:\/\/www.facebook.com\/maisonlawfirm\/","article_modified_time":"2021-11-05T18:36:30+00:00","twitter_card":"summary_large_image","twitter_misc":{"Tiempo de lectura":"5 minutos"},"schema":{"@context":"https:\/\/schema.org","@graph":[{"@type":"WebPage","@id":"https:\/\/maisonlaw.com\/es\/santa-maria\/accidentes-automovil\/","url":"https:\/\/maisonlaw.com\/es\/santa-maria\/accidentes-automovil\/","name":"Abogado de Accidentes de Autom\u00f3vil en Santa Mar\u00eda | Maison Law","isPartOf":{"@id":"https:\/\/maisonlaw.com\/es\/#website"},"datePublished":"2021-10-13T05:10:43+00:00","dateModified":"2021-11-05T18:36:30+00:00","description":"El tr\u00e1fico de Santa Mar\u00eda pasa a toda velocidad por la ma\u00f1ana, al mediod\u00eda y por la noche, y a veces los conductores tienen la mente m\u00e1s puesta en su","breadcrumb":{"@id":"https:\/\/maisonlaw.com\/es\/santa-maria\/accidentes-automovil\/#breadcrumb"},"inLanguage":"es","potentialAction":[{"@type":"ReadAction","target":["https:\/\/maisonlaw.com\/es\/santa-maria\/accidentes-automovil\/"]}]},{"@type":"BreadcrumbList","@id":"https:\/\/maisonlaw.com\/es\/santa-maria\/accidentes-automovil\/#breadcrumb","itemListElement":[{"@type":"ListItem","position":1,"name":"Home","item":"https:\/\/maisonlaw.com\/es\/"},{"@type":"ListItem","position":2,"name":"Abogado de Lesiones Personales en Santa Mar\u00eda","item":"https:\/\/maisonlaw.com\/es\/santa-maria\/?lang=es"},{"@type":"ListItem","position":3,"name":"Abogado de Accidentes de Autom\u00f3vil en Santa Mar\u00eda"}]},{"@type":"WebSite","@id":"https:\/\/maisonlaw.com\/es\/#website","url":"https:\/\/maisonlaw.com\/es\/","name":"Maison Law Accident and Injury Lawyers","description":"The Support You Need. The Settlement You Deserve.","publisher":{"@id":"https:\/\/maisonlaw.com\/es\/#organization"},"alternateName":"Maison Law","potentialAction":[{"@type":"SearchAction","target":{"@type":"EntryPoint","urlTemplate":"https:\/\/maisonlaw.com\/es\/?s={search_term_string}"},"query-input":{"@type":"PropertyValueSpecification","valueRequired":true,"valueName":"search_term_string"}}],"inLanguage":"es"},{"@type":"Organization","@id":"https:\/\/maisonlaw.com\/es\/#organization","name":"Maison Law Accident & Injury Attorneys","alternateName":"Maison Law","url":"https:\/\/maisonlaw.com\/es\/","logo":{"@type":"ImageObject","inLanguage":"es","@id":"https:\/\/maisonlaw.com\/es\/#\/schema\/logo\/image\/","url":"https:\/\/maisonlaw.com\/wp-content\/uploads\/2025\/06\/experiment-logo-opt.png","contentUrl":"https:\/\/maisonlaw.com\/wp-content\/uploads\/2025\/06\/experiment-logo-opt.png","width":1345,"height":294,"caption":"Maison Law Accident & Injury Attorneys"},"image":{"@id":"https:\/\/maisonlaw.com\/es\/#\/schema\/logo\/image\/"},"sameAs":["https:\/\/www.facebook.com\/maisonlawfirm\/","https:\/\/www.linkedin.com\/in\/martin-gasparian-a9956516\/","https:\/\/www.instagram.com\/maison_law\/","https:\/\/www.youtube.com\/@maisonlaw"],"description":"Maison Law is a California Personal Injury Law Firm.","legalName":"Maison Law","foundingDate":"2014-01-01","numberOfEmployees":{"@type":"QuantitativeValue","minValue":"11","maxValue":"50"}}]}},"_links":{"self":[{"href":"https:\/\/maisonlaw.com\/es\/wp-json\/wp\/v2\/pages\/8134","targetHints":{"allow":["GET"]}}],"collection":[{"href":"https:\/\/maisonlaw.com\/es\/wp-json\/wp\/v2\/pages"}],"about":[{"href":"https:\/\/maisonlaw.com\/es\/wp-json\/wp\/v2\/types\/page"}],"author":[{"embeddable":true,"href":"https:\/\/maisonlaw.com\/es\/wp-json\/wp\/v2\/users\/10"}],"replies":[{"embeddable":true,"href":"https:\/\/maisonlaw.com\/es\/wp-json\/wp\/v2\/comments?post=8134"}],"version-history":[{"count":0,"href":"https:\/\/maisonlaw.com\/es\/wp-json\/wp\/v2\/pages\/8134\/revisions"}],"up":[{"embeddable":true,"href":"https:\/\/maisonlaw.com\/es\/wp-json\/wp\/v2\/pages\/6535"}],"wp:attachment":[{"href":"https:\/\/maisonlaw.com\/es\/wp-json\/wp\/v2\/media?parent=8134"}],"curies":[{"name":"wp","href":"https:\/\/api.w.org\/{rel}","templated":true}]}}