{"id":8132,"date":"2021-10-13T05:08:10","date_gmt":"2021-10-13T05:08:10","guid":{"rendered":"https:\/\/maisonlaw.com\/?page_id=8132"},"modified":"2021-11-05T18:01:58","modified_gmt":"2021-11-05T18:01:58","slug":"accidentes-automovil","status":"publish","type":"page","link":"https:\/\/maisonlaw.com\/es\/salinas\/accidentes-automovil\/","title":{"rendered":"Abogado de Accidente de Autom\u00f3vil en Salinas"},"content":{"rendered":"<p><span style=\"font-weight: 400;\">Ya sea un d\u00eda gris y lluvioso o un d\u00eda perfectamente soleado, los conductores pueden optar por viajar de forma temeraria por Salinas sin importar las condiciones. Pueden ir a gran velocidad o conducir de forma agresiva, cortando el paso a la gente y dando volantazos dentro y fuera de los carriles. Por lo general, se trata de una frustraci\u00f3n para los dem\u00e1s conductores, pero en alg\u00fan momento, estos conductores imprudentes provocar\u00e1n accidentes y puede ser su coche el que est\u00e9 en medio cuando pierdan el control.<\/span><\/p>\n<p><iframe title=\"Abogados de Accidentes de Auto en California.mp4\" src=\"https:\/\/player.vimeo.com\/video\/640605765?dnt=1&amp;app_id=122963\" width=\"800\" height=\"450\" frameborder=\"0\" allow=\"autoplay; fullscreen; picture-in-picture\"><\/iframe><\/p>\n<p><span style=\"font-weight: 400;\">Las v\u00edctimas de un conductor negligente que sufren lesiones graves deben hablar con el abogado local <\/span><b>Martin Gasparian<\/b><span style=\"font-weight: 400;\">, fundador de Maison Law. Durante una d\u00e9cada, el Sr. Gasparian represent\u00f3 a grandes empresas en Nueva York, Los \u00c1ngeles y Washington, D.C., y aprendi\u00f3 c\u00f3mo operan las grandes compa\u00f1\u00edas de seguros. Tras comprobar la frecuencia con la que esas compa\u00f1\u00edas tratan a las v\u00edctimas de forma injusta, ahora se centra en defender a las v\u00edctimas de accidentes que han sufrido lesiones o p\u00e9rdidas sin tener culpa alguna.<\/span><\/p>\n<p><span style=\"font-weight: 400;\">P\u00f3ngase en contacto con el Sr. Gasparian para que le haga una consulta honesta y sin compromiso sobre su caso de accidente de autom\u00f3vil. Esta primera consulta ser\u00e1 gratuita para usted. Averig\u00fce cu\u00e1les son sus opciones para obtener una compensaci\u00f3n justa y luego, si elige a Maison Law para que lo represente, lucharemos para asegurarnos de que obtenga la compensaci\u00f3n que necesita para que su vida y su salud vuelvan a la normalidad.<\/span><\/p>\n<h2><b>PELIGROS DE LOS ACCIDENTES DE AUTOM\u00d3VIL EN SALINAS<\/b><\/h2>\n<p><span style=\"font-weight: 400;\">Salinas es un peque\u00f1o lugar que causa una gran impresi\u00f3n en el resto del pa\u00eds con su producci\u00f3n agr\u00edcola cada a\u00f1o. El env\u00edo de flores y verduras a todos los rincones de la naci\u00f3n y a diferentes partes del mundo es algo de lo que hay que estar orgulloso.<\/span><\/p>\n<p><span style=\"font-weight: 400;\">Cuando viaje por las carreteras locales, es importante que tenga cuidado con los grandes camiones que salen cada d\u00eda del condado de Monterey llevando esta abundancia de productos locales. Estos camiones pueden viajar a velocidades sorprendentemente altas y a veces apenas caben en un carril. Un accidente con un veh\u00edculo tan grande puede ser devastador para los coches y los todoterrenos. Su lesi\u00f3n puede dejarle dolorido y preguntarse si los camioneros dependen de su propio seguro de autom\u00f3vil o si la compa\u00f1\u00eda para la que trabajan le ayudar\u00e1. Un abogado puede resolver esta compleja cuesti\u00f3n por usted cuando se quede con una lesi\u00f3n.<\/span><\/p>\n<p><span style=\"font-weight: 400;\">Para ser una ciudad peque\u00f1a, Salinas tambi\u00e9n puede ver su parte de los dolores de cabeza del tr\u00e1fico de las grandes ciudades. Las consecuencias de esos accidentes son reportadas por el departamento de polic\u00eda cada a\u00f1o. KSBW-TV recopil\u00f3 los <\/span><span style=\"font-weight: 400;\">datos <\/span><span style=\"font-weight: 400;\">de accidentes policiales de 2018 para se\u00f1alar las peores intersecciones de Salinas. Estos puntos resultan peligrosos cada a\u00f1o:<\/span><\/p>\n<ul>\n<li aria-level=\"1\"><b>East Laurel Drive y Natividad Road \u2014 32 colisiones en 2018<\/b><\/li>\n<\/ul>\n<ul>\n<li aria-level=\"1\"><b>Boronda Road y Natividad Road \u2014 22 colisiones<\/b><\/li>\n<\/ul>\n<ul>\n<li aria-level=\"1\"><b>Boronda Road y McKinnon Street \u2014 15 colisiones<\/b><\/li>\n<\/ul>\n<ul>\n<li aria-level=\"1\"><b>East Alisal Street y Sanborn Road \u2014 14 colisiones<\/b><\/li>\n<\/ul>\n<h2><b>TIPOS DE ACCIDENTES COMUNES EN EL CONDADO EN MONTEREY<\/b><\/h2>\n<p><span style=\"font-weight: 400;\">Cuando usted est\u00e1 al volante, o en una motocicleta, bicicleta o a pie, los peligros pueden venir de muchas direcciones diferentes. Hay muchas situaciones comunes en las carreteras que conducen a un mayor riesgo, pero algunas decisiones irresponsables de los conductores tambi\u00e9n pueden contribuir a un choque violento.<\/span><\/p>\n<ul>\n<li aria-level=\"1\"><b>Impactos frontales: Las autopistas con largas rectas pueden adormecer a un conductor con una falsa sensaci\u00f3n de seguridad. Pueden desviarse hacia otro carril sin darse cuenta hasta que es demasiado tarde. Las colisiones frontales son el tipo de impacto m\u00e1s probable que se cobre una vida.<\/b><\/li>\n<\/ul>\n<ul>\n<li aria-level=\"1\"><b>Accidentes por conducir bajo los efectos del alcohol: Un conductor puede elegir beber y ponerse al volante y entonces crear cualquiera de estos otros peligros enumerados. Pueden desviarse hacia otros carriles e incluso convertirse en un conductor que se equivoca de direcci\u00f3n en una autopista.<\/b><\/li>\n<\/ul>\n<ul>\n<li aria-level=\"1\"><b>Accidentes por vuelco\/expulsi\u00f3n: Estos tambi\u00e9n provocan algunos de los resultados m\u00e1s graves en una colisi\u00f3n. Las v\u00edctimas se ven sometidas a fuerzas e impactos extremos y los dispositivos de seguridad incorporados al veh\u00edculo pueden no servir de ayuda.<\/b><\/li>\n<\/ul>\n<ul>\n<li aria-level=\"1\"><b>Conducci\u00f3n desprevenida: El exceso de velocidad y la conducci\u00f3n agresiva pueden poner a otros automovilistas en mayor riesgo de sufrir un accidente.<\/b><\/li>\n<\/ul>\n<ul>\n<li aria-level=\"1\"><b>Conducci\u00f3n distra\u00edda: Los tel\u00e9fonos m\u00f3viles son la principal amenaza para la atenci\u00f3n de un conductor. La mirada de un conductor descuidado a un texto o una notificaci\u00f3n puede tener implicaciones aterradoras para los dem\u00e1s en la carretera.<\/b><\/li>\n<\/ul>\n<h2><b>POR QU\u00c9 ES IMPORTANTE TENER UN ABOGADO LOCAL DESPU\u00c9S DE UN ACCIDENTE DE AUTOM\u00d3VIL EN SALINAS<\/b><\/h2>\n<p><span style=\"font-weight: 400;\">Estos accidentes pueden ocurrir de la nada de una manera que impide incluso a los conductores seguros evitar una colisi\u00f3n. Las lesiones pueden ser devastadoras. La p\u00e9rdida de movilidad es posible. El da\u00f1o cerebral y la p\u00e9rdida de memoria son posibles. Estas lesiones pueden tardar meses en curarse, requerir m\u00faltiples cirug\u00edas e incluso afectarle para el resto de su vida.<\/span><\/p>\n<p><span style=\"font-weight: 400;\">Por eso, un pago est\u00e1ndar del seguro rara vez es suficiente para que las v\u00edctimas se recuperen, sufran la p\u00e9rdida de salarios en el trabajo y la angustia emocional tras un suceso traum\u00e1tico. Un abogado puede hacer saber a una compa\u00f1\u00eda de seguros que la cobertura b\u00e1sica no ser\u00e1 suficiente para los da\u00f1os que usted ha experimentado recientemente y los que vendr\u00e1n.<\/span><\/p>\n<p><span style=\"font-weight: 400;\">Si el conductor culpable trabajaba para alguien como Uber, Lyft o Amazon, esas empresas y sus abogados tambi\u00e9n pueden involucrarse en su demanda civil por da\u00f1os y perjuicios. Sus abogados cobran y ganan primas por desacreditarle a usted y a su demanda. Necesitar\u00e1 a alguien de su lado que le ayude a reunir pruebas y a asegurarse de que los agentes de seguros se vean obligados a hacer lo correcto.<\/span><\/p>\n<h2><b>ABOGADO DE ACCIDENTES DE AUTOM\u00d3VIL EN SALINAS<\/b><\/h2>\n<p><span style=\"font-weight: 400;\">Si usted o un ser querido resultan gravemente heridos en un accidente de autom\u00f3vil en Salinas o en el condado de Monterey, no espere mucho para <\/span><span style=\"font-weight: 400;\">ponerse en contacto <\/span><span style=\"font-weight: 400;\">con Maison Law. Las compa\u00f1\u00edas de seguros de los conductores culpables le permitir\u00e1n gustosamente pagar la mitad o m\u00e1s de sus propios gastos m\u00e9dicos si no les hace responsables. No tienen que decirle que lo que deber\u00eda recibir en compensaci\u00f3n, y est\u00e1n felices de mantenerlo en la oscuridad.<\/span><\/p>\n<p><span style=\"font-weight: 400;\">Discuta su caso con nuestros abogados y averig\u00fcemos la mejor manera de que se recupere, libre de las facturas del hospital y de las preocupaciones financieras.<\/span><\/p>\n<h2><b>Recursos adicionales:<\/b><\/h2>\n<ul>\n<li aria-level=\"1\"><b>Informes de accidentes de autom\u00f3vil en Salinas<\/b><\/li>\n<\/ul>\n<p>&nbsp;<\/p>\n","protected":false},"excerpt":{"rendered":"<p>Ya sea un d\u00eda gris y lluvioso o un d\u00eda perfectamente soleado, los conductores pueden optar por viajar de forma temeraria por Salinas sin importar las condiciones. Pueden ir a gran velocidad o conducir de forma agresiva, cortando el paso a la gente y dando volantazos dentro y fuera de los carriles. Por lo general, [&hellip;]<\/p>\n","protected":false},"author":10,"featured_media":0,"parent":6428,"menu_order":0,"comment_status":"closed","ping_status":"closed","template":"","meta":{"footnotes":""},"class_list":["post-8132","page","type-page","status-publish","hentry"],"yoast_head":"<!-- This site is optimized with the Yoast SEO Premium plugin v27.4 (Yoast SEO v27.4) - https:\/\/yoast.com\/product\/yoast-seo-premium-wordpress\/ -->\n<title>Abogado de Accidente de Autom\u00f3vil en Salinas | Maison Law<\/title>\n<meta name=\"description\" content=\"Ya sea un d\u00eda gris y lluvioso o un d\u00eda perfectamente soleado, los conductores pueden optar por viajar de forma temeraria por Salinas sin importar las\" \/>\n<meta name=\"robots\" content=\"index, follow, max-snippet:-1, max-image-preview:large, max-video-preview:-1\" \/>\n<link rel=\"canonical\" href=\"https:\/\/maisonlaw.com\/es\/salinas\/accidentes-automovil\/\" \/>\n<meta property=\"og:locale\" content=\"es_ES\" \/>\n<meta property=\"og:type\" content=\"article\" \/>\n<meta property=\"og:title\" content=\"Abogado de Accidente de Autom\u00f3vil en Salinas\" \/>\n<meta property=\"og:description\" content=\"Ya sea un d\u00eda gris y lluvioso o un d\u00eda perfectamente soleado, los conductores pueden optar por viajar de forma temeraria por Salinas sin importar las\" \/>\n<meta property=\"og:url\" content=\"https:\/\/maisonlaw.com\/es\/salinas\/accidentes-automovil\/\" \/>\n<meta property=\"og:site_name\" content=\"Maison Law\" \/>\n<meta property=\"article:publisher\" content=\"https:\/\/www.facebook.com\/maisonlawfirm\/\" \/>\n<meta property=\"article:modified_time\" content=\"2021-11-05T18:01:58+00:00\" \/>\n<meta name=\"twitter:card\" content=\"summary_large_image\" \/>\n<meta name=\"twitter:label1\" content=\"Tiempo de lectura\" \/>\n\t<meta name=\"twitter:data1\" content=\"5 minutos\" \/>\n<script type=\"application\/ld+json\" class=\"yoast-schema-graph\">{\"@context\":\"https:\\\/\\\/schema.org\",\"@graph\":[{\"@type\":\"WebPage\",\"@id\":\"https:\\\/\\\/maisonlaw.com\\\/es\\\/salinas\\\/accidentes-automovil\\\/\",\"url\":\"https:\\\/\\\/maisonlaw.com\\\/es\\\/salinas\\\/accidentes-automovil\\\/\",\"name\":\"Abogado de Accidente de Autom\u00f3vil en Salinas | Maison Law\",\"isPartOf\":{\"@id\":\"https:\\\/\\\/maisonlaw.com\\\/es\\\/#website\"},\"datePublished\":\"2021-10-13T05:08:10+00:00\",\"dateModified\":\"2021-11-05T18:01:58+00:00\",\"description\":\"Ya sea un d\u00eda gris y lluvioso o un d\u00eda perfectamente soleado, los conductores pueden optar por viajar de forma temeraria por Salinas sin importar las\",\"breadcrumb\":{\"@id\":\"https:\\\/\\\/maisonlaw.com\\\/es\\\/salinas\\\/accidentes-automovil\\\/#breadcrumb\"},\"inLanguage\":\"es\",\"potentialAction\":[{\"@type\":\"ReadAction\",\"target\":[\"https:\\\/\\\/maisonlaw.com\\\/es\\\/salinas\\\/accidentes-automovil\\\/\"]}]},{\"@type\":\"BreadcrumbList\",\"@id\":\"https:\\\/\\\/maisonlaw.com\\\/es\\\/salinas\\\/accidentes-automovil\\\/#breadcrumb\",\"itemListElement\":[{\"@type\":\"ListItem\",\"position\":1,\"name\":\"Home\",\"item\":\"https:\\\/\\\/maisonlaw.com\\\/es\\\/\"},{\"@type\":\"ListItem\",\"position\":2,\"name\":\"Abogado de Lesiones Personales en Salinas\",\"item\":\"https:\\\/\\\/maisonlaw.com\\\/es\\\/salinas\\\/?lang=es\"},{\"@type\":\"ListItem\",\"position\":3,\"name\":\"Abogado de Accidente de Autom\u00f3vil en Salinas\"}]},{\"@type\":\"WebSite\",\"@id\":\"https:\\\/\\\/maisonlaw.com\\\/es\\\/#website\",\"url\":\"https:\\\/\\\/maisonlaw.com\\\/es\\\/\",\"name\":\"Maison Law Accident and Injury Lawyers\",\"description\":\"The Support You Need. The Settlement You Deserve.\",\"publisher\":{\"@id\":\"https:\\\/\\\/maisonlaw.com\\\/es\\\/#organization\"},\"alternateName\":\"Maison Law\",\"potentialAction\":[{\"@type\":\"SearchAction\",\"target\":{\"@type\":\"EntryPoint\",\"urlTemplate\":\"https:\\\/\\\/maisonlaw.com\\\/es\\\/?s={search_term_string}\"},\"query-input\":{\"@type\":\"PropertyValueSpecification\",\"valueRequired\":true,\"valueName\":\"search_term_string\"}}],\"inLanguage\":\"es\"},{\"@type\":\"Organization\",\"@id\":\"https:\\\/\\\/maisonlaw.com\\\/es\\\/#organization\",\"name\":\"Maison Law Accident & Injury Attorneys\",\"alternateName\":\"Maison Law\",\"url\":\"https:\\\/\\\/maisonlaw.com\\\/es\\\/\",\"logo\":{\"@type\":\"ImageObject\",\"inLanguage\":\"es\",\"@id\":\"https:\\\/\\\/maisonlaw.com\\\/es\\\/#\\\/schema\\\/logo\\\/image\\\/\",\"url\":\"https:\\\/\\\/maisonlaw.com\\\/wp-content\\\/uploads\\\/2025\\\/06\\\/experiment-logo-opt.png\",\"contentUrl\":\"https:\\\/\\\/maisonlaw.com\\\/wp-content\\\/uploads\\\/2025\\\/06\\\/experiment-logo-opt.png\",\"width\":1345,\"height\":294,\"caption\":\"Maison Law Accident & Injury Attorneys\"},\"image\":{\"@id\":\"https:\\\/\\\/maisonlaw.com\\\/es\\\/#\\\/schema\\\/logo\\\/image\\\/\"},\"sameAs\":[\"https:\\\/\\\/www.facebook.com\\\/maisonlawfirm\\\/\",\"https:\\\/\\\/www.linkedin.com\\\/in\\\/martin-gasparian-a9956516\\\/\",\"https:\\\/\\\/www.instagram.com\\\/maison_law\\\/\",\"https:\\\/\\\/www.youtube.com\\\/@maisonlaw\"],\"description\":\"Maison Law is a California Personal Injury Law Firm.\",\"legalName\":\"Maison Law\",\"foundingDate\":\"2014-01-01\",\"numberOfEmployees\":{\"@type\":\"QuantitativeValue\",\"minValue\":\"11\",\"maxValue\":\"50\"}}]}<\/script>\n<!-- \/ Yoast SEO Premium plugin. -->","yoast_head_json":{"title":"Abogado de Accidente de Autom\u00f3vil en Salinas | Maison Law","description":"Ya sea un d\u00eda gris y lluvioso o un d\u00eda perfectamente soleado, los conductores pueden optar por viajar de forma temeraria por Salinas sin importar las","robots":{"index":"index","follow":"follow","max-snippet":"max-snippet:-1","max-image-preview":"max-image-preview:large","max-video-preview":"max-video-preview:-1"},"canonical":"https:\/\/maisonlaw.com\/es\/salinas\/accidentes-automovil\/","og_locale":"es_ES","og_type":"article","og_title":"Abogado de Accidente de Autom\u00f3vil en Salinas","og_description":"Ya sea un d\u00eda gris y lluvioso o un d\u00eda perfectamente soleado, los conductores pueden optar por viajar de forma temeraria por Salinas sin importar las","og_url":"https:\/\/maisonlaw.com\/es\/salinas\/accidentes-automovil\/","og_site_name":"Maison Law","article_publisher":"https:\/\/www.facebook.com\/maisonlawfirm\/","article_modified_time":"2021-11-05T18:01:58+00:00","twitter_card":"summary_large_image","twitter_misc":{"Tiempo de lectura":"5 minutos"},"schema":{"@context":"https:\/\/schema.org","@graph":[{"@type":"WebPage","@id":"https:\/\/maisonlaw.com\/es\/salinas\/accidentes-automovil\/","url":"https:\/\/maisonlaw.com\/es\/salinas\/accidentes-automovil\/","name":"Abogado de Accidente de Autom\u00f3vil en Salinas | Maison Law","isPartOf":{"@id":"https:\/\/maisonlaw.com\/es\/#website"},"datePublished":"2021-10-13T05:08:10+00:00","dateModified":"2021-11-05T18:01:58+00:00","description":"Ya sea un d\u00eda gris y lluvioso o un d\u00eda perfectamente soleado, los conductores pueden optar por viajar de forma temeraria por Salinas sin importar las","breadcrumb":{"@id":"https:\/\/maisonlaw.com\/es\/salinas\/accidentes-automovil\/#breadcrumb"},"inLanguage":"es","potentialAction":[{"@type":"ReadAction","target":["https:\/\/maisonlaw.com\/es\/salinas\/accidentes-automovil\/"]}]},{"@type":"BreadcrumbList","@id":"https:\/\/maisonlaw.com\/es\/salinas\/accidentes-automovil\/#breadcrumb","itemListElement":[{"@type":"ListItem","position":1,"name":"Home","item":"https:\/\/maisonlaw.com\/es\/"},{"@type":"ListItem","position":2,"name":"Abogado de Lesiones Personales en Salinas","item":"https:\/\/maisonlaw.com\/es\/salinas\/?lang=es"},{"@type":"ListItem","position":3,"name":"Abogado de Accidente de Autom\u00f3vil en Salinas"}]},{"@type":"WebSite","@id":"https:\/\/maisonlaw.com\/es\/#website","url":"https:\/\/maisonlaw.com\/es\/","name":"Maison Law Accident and Injury Lawyers","description":"The Support You Need. The Settlement You Deserve.","publisher":{"@id":"https:\/\/maisonlaw.com\/es\/#organization"},"alternateName":"Maison Law","potentialAction":[{"@type":"SearchAction","target":{"@type":"EntryPoint","urlTemplate":"https:\/\/maisonlaw.com\/es\/?s={search_term_string}"},"query-input":{"@type":"PropertyValueSpecification","valueRequired":true,"valueName":"search_term_string"}}],"inLanguage":"es"},{"@type":"Organization","@id":"https:\/\/maisonlaw.com\/es\/#organization","name":"Maison Law Accident & Injury Attorneys","alternateName":"Maison Law","url":"https:\/\/maisonlaw.com\/es\/","logo":{"@type":"ImageObject","inLanguage":"es","@id":"https:\/\/maisonlaw.com\/es\/#\/schema\/logo\/image\/","url":"https:\/\/maisonlaw.com\/wp-content\/uploads\/2025\/06\/experiment-logo-opt.png","contentUrl":"https:\/\/maisonlaw.com\/wp-content\/uploads\/2025\/06\/experiment-logo-opt.png","width":1345,"height":294,"caption":"Maison Law Accident & Injury Attorneys"},"image":{"@id":"https:\/\/maisonlaw.com\/es\/#\/schema\/logo\/image\/"},"sameAs":["https:\/\/www.facebook.com\/maisonlawfirm\/","https:\/\/www.linkedin.com\/in\/martin-gasparian-a9956516\/","https:\/\/www.instagram.com\/maison_law\/","https:\/\/www.youtube.com\/@maisonlaw"],"description":"Maison Law is a California Personal Injury Law Firm.","legalName":"Maison Law","foundingDate":"2014-01-01","numberOfEmployees":{"@type":"QuantitativeValue","minValue":"11","maxValue":"50"}}]}},"_links":{"self":[{"href":"https:\/\/maisonlaw.com\/es\/wp-json\/wp\/v2\/pages\/8132","targetHints":{"allow":["GET"]}}],"collection":[{"href":"https:\/\/maisonlaw.com\/es\/wp-json\/wp\/v2\/pages"}],"about":[{"href":"https:\/\/maisonlaw.com\/es\/wp-json\/wp\/v2\/types\/page"}],"author":[{"embeddable":true,"href":"https:\/\/maisonlaw.com\/es\/wp-json\/wp\/v2\/users\/10"}],"replies":[{"embeddable":true,"href":"https:\/\/maisonlaw.com\/es\/wp-json\/wp\/v2\/comments?post=8132"}],"version-history":[{"count":0,"href":"https:\/\/maisonlaw.com\/es\/wp-json\/wp\/v2\/pages\/8132\/revisions"}],"up":[{"embeddable":true,"href":"https:\/\/maisonlaw.com\/es\/wp-json\/wp\/v2\/pages\/6428"}],"wp:attachment":[{"href":"https:\/\/maisonlaw.com\/es\/wp-json\/wp\/v2\/media?parent=8132"}],"curies":[{"name":"wp","href":"https:\/\/api.w.org\/{rel}","templated":true}]}}