{"id":8130,"date":"2021-10-13T04:57:17","date_gmt":"2021-10-13T04:57:17","guid":{"rendered":"https:\/\/maisonlaw.com\/?page_id=8130"},"modified":"2021-11-05T18:05:59","modified_gmt":"2021-11-05T18:05:59","slug":"accidentes-automovil","status":"publish","type":"page","link":"https:\/\/maisonlaw.com\/es\/oxnard\/accidentes-automovil\/","title":{"rendered":"Abogado de Accidentes de Autom\u00f3vil en Oxnard"},"content":{"rendered":"<p><span style=\"font-weight: 400;\">Oxnard es un centro de transporte para el sur de California y el mundo, pero esa distinci\u00f3n tiene un inconveniente. Las horas punta locales pueden estar repletas de conductores de coches, conductores de viajes compartidos, gigantescos camiones de transporte, autobuses e incluso maquinaria agr\u00edcola. Puede ser una gran pesadilla ir de un extremo a otro de la ciudad, y tambi\u00e9n puede ser una seria amenaza para su seguridad.<\/span><\/p>\n<p><iframe title=\"Abogados de Accidentes de Auto en California.mp4\" src=\"https:\/\/player.vimeo.com\/video\/640605765?dnt=1&amp;app_id=122963\" width=\"800\" height=\"450\" frameborder=\"0\" allow=\"autoplay; fullscreen; picture-in-picture\"><\/iframe><\/p>\n<p><span style=\"font-weight: 400;\">Es posible que est\u00e9 viajando por el bulevar Channel Islands o por la carretera Ventura intentando llegar al trabajo o coger algo de comida para llevar cuando un conductor, mirando su tel\u00e9fono m\u00f3vil, venga de repente directo hacia usted. El impacto puede dejarle a usted o a un ser querido con una lesi\u00f3n grave. Despu\u00e9s de que las lesiones se estabilicen y se diagnostiquen, es posible que tenga tiempo para mirar a su alrededor y preguntarse c\u00f3mo va a pagar esa costosa estancia en un hospital.<\/span><\/p>\n<h2><b>APOYO A LAS V\u00cdCTIMAS DE ACCIDENTES DE AUTOM\u00d3VIL EN OXNARD<\/b><\/h2>\n<p><span style=\"font-weight: 400;\">Si el conductor que le atropell\u00f3 est\u00e1 asegurado, su batalla con su compa\u00f1\u00eda de seguros puede estar empezando. Si el conductor culpable trabajaba para una empresa en el momento del accidente, es posible que tenga que presentar una reclamaci\u00f3n contra una empresa importante, lo que tambi\u00e9n es una propuesta complicada. Usted ha sufrido da\u00f1os f\u00edsicos y econ\u00f3micos y no deber\u00eda sufrir la ansiedad de las facturas en un accidente que no fue culpa suya.<\/span><\/p>\n<p><span style=\"font-weight: 400;\">Para saltarse toda esta confusi\u00f3n, puede ponerse en contacto con un abogado de accidentes de autom\u00f3vil de Oxnard como <\/span><span style=\"font-weight: 400;\">Martin Gasparian<\/span><span style=\"font-weight: 400;\">, el fundador de Maison Law, para una consulta gratuita. El Sr. Gasparian renunci\u00f3 a representar a las grandes empresas nacionales para empezar a ayudar a la gente corriente de la que se aprovechan los agentes de seguros y esas mismas grandes empresas. Hable con Maison Law para averiguar c\u00f3mo el Sr. Gasparian puede ayudarle a obtener una compensaci\u00f3n por todas las p\u00e9rdidas que ha sufrido desde su accidente.<\/span><\/p>\n<h2><b>PELIGROS DE UN ACCIDENTE DE AUTOM\u00d3VIL EN OXNARD<\/b><\/h2>\n<p><span style=\"font-weight: 400;\">El Sistema de Mapeo de Lesiones en el Transporte (TIMS) de California monitorea los accidentes que ocurren en Oxnard y sus alrededores cada a\u00f1o. En 2019 los socorristas de la ciudad <\/span><span style=\"font-weight: 400;\">informaron <\/span><span style=\"font-weight: 400;\">de 1.036 colisiones.<\/span><\/p>\n<p><span style=\"font-weight: 400;\">Esos accidentes dejaron 1.541 v\u00edctimas con lesiones y se cobraron la tr\u00e1gica cifra de ocho vidas en el a\u00f1o. 44 de esas personas heridas eran motociclistas, 92 eran peatones y 51 eran ciclistas. Fue un peaje terrible para una ciudad tan grande.<\/span><\/p>\n<h2><b>QU\u00c9 HACER TRAS UN ACCIDENTE DE AUTOM\u00d3VIL EN OXNARD<\/b><\/h2>\n<p><span style=\"font-weight: 400;\">Las cifras a lo largo de un a\u00f1o muestran cu\u00e1ntas personas pueden acabar atropelladas y heridas en Oxnard. Si tiene la mala suerte de verse involucrado en un accidente con un conductor descuidado, puede comenzar su camino hacia la compensaci\u00f3n inmediatamente.<\/span><\/p>\n<p><span style=\"font-weight: 400;\">Los conductores deber\u00edan dar un paso al frente y aceptar la responsabilidad cuando su distracci\u00f3n o su error al volante han provocado un accidente, pero a veces hay que demostrar que fueron culpables antes de que su compa\u00f1\u00eda de seguros acepte la responsabilidad.<\/span><\/p>\n<p><span style=\"font-weight: 400;\">Si est\u00e1 lo suficientemente bien como para salir de su coche despu\u00e9s de un accidente, puede recoger ciertos detalles en el lugar de los hechos que le ayudar\u00e1n a construir un caso s\u00f3lido:<\/span><\/p>\n<ul>\n<li aria-level=\"1\"><b>Llame al 911. Cuente a los param\u00e9dicos todos los dolores que pueda tener. Haga un relato completo de lo sucedido a los agentes de la investigaci\u00f3n e ind\u00edqueles si vio al otro conductor haciendo alguna maniobra imprudente o jugando con su tel\u00e9fono.<\/b><\/li>\n<\/ul>\n<ul>\n<li aria-level=\"1\"><b>Tome fotos del lugar de los hechos, de los da\u00f1os en los veh\u00edculos y de las se\u00f1ales de tr\u00e1fico y de la calle. Anote cualquier se\u00f1al que pueda indicar que el conductor trabaja para una empresa.<\/b><\/li>\n<\/ul>\n<ul>\n<li aria-level=\"1\"><b>Anote cualquier posible c\u00e1mara de seguridad que haya en los alrededores y que pueda haber captado lo sucedido. Esto puede incluir las c\u00e1maras de salpicadero que los testigos puedan tener en sus coches.<\/b><\/li>\n<\/ul>\n<ul>\n<li aria-level=\"1\"><b>Intercambie informaci\u00f3n con el otro conductor, pero no haga declaraciones sobre la causa de la colisi\u00f3n o la gravedad de sus lesiones. Estas declaraciones pueden ser utilizadas por los agentes del seguro m\u00e1s adelante para desacreditar su relato de lo sucedido.<\/b><\/li>\n<\/ul>\n<ul>\n<li aria-level=\"1\"><b>Consiga los datos de contacto de los testigos. Si le dan una declaraci\u00f3n, preg\u00fanteles si puede grabarles en v\u00eddeo o p\u00eddales que escriban su relato y lo firmen y fechen.<\/b><\/li>\n<\/ul>\n<ul>\n<li aria-level=\"1\"><b>H\u00e1gase revisar a usted y a los miembros de su familia por su propio m\u00e9dico. Preste atenci\u00f3n a las lesiones que aparecen en los d\u00edas posteriores al accidente.<\/b><\/li>\n<\/ul>\n<h2><b>OBTENER UNA INDEMNIZACI\u00d3N TRAS UN ACCIDENTE EN AUTOM\u00d3VIL<\/b><\/h2>\n<p><span style=\"font-weight: 400;\">Tras un accidente de autom\u00f3vil, las v\u00edctimas de lesiones tienen hasta dos a\u00f1os desde la fecha del accidente para presentar una reclamaci\u00f3n. Este es el plazo de prescripci\u00f3n que California impone a las v\u00edctimas. Puede parecer mucho tiempo, pero lo ideal es presentar una reclamaci\u00f3n lo antes posible. Aplazar su reclamaci\u00f3n puede dificultar que su abogado re\u00fana pruebas y documentos y localice a los testigos que necesitar\u00e1 para probar su caso.<\/span><\/p>\n<p><span style=\"font-weight: 400;\">Puede obtener una indemnizaci\u00f3n mediante una oferta de conciliaci\u00f3n de la compa\u00f1\u00eda de seguros del conductor culpable si usted y su abogado consideran que es una oferta justa. Si un acuerdo no es suficiente para usted, su abogado puede estar dispuesto a llevar su reclamaci\u00f3n ante un juez y un jurado. Sin embargo, las compa\u00f1\u00edas de seguros suelen querer evitar acudir a los tribunales.<\/span><\/p>\n<p><span style=\"font-weight: 400;\">Independientemente de la forma en que obtenga su victoria, se le puede conceder una indemnizaci\u00f3n por los gastos m\u00e9dicos que tenga ahora y por los cuidados que su lesi\u00f3n pueda requerir en el futuro. Se pueden cubrir sus sueldos perdidos y a\u00f1adir cualquier tiempo perdido en el trabajo que se prevea en los pr\u00f3ximos meses. Cualquier dificultad que su lesi\u00f3n haya causado a su familia tambi\u00e9n puede ser considerada en la indemnizaci\u00f3n.<\/span><\/p>\n<h2><b>ABOGADO DE ACCIDENTES DE AUTOM\u00d3VIL EN OXNARD<\/b><\/h2>\n<p><span style=\"font-weight: 400;\">Un representante de la compa\u00f1\u00eda de seguros de un conductor o de la empresa para la que \u00e9ste trabaja puede llamarle con el pretexto de comprobar c\u00f3mo se encuentra. No caiga en esto. Pueden estar intentando que diga algo que ponga en duda su necesidad de indemnizaci\u00f3n. Lo mejor es que hable con un abogado y deje que ellos se encarguen de toda la comunicaci\u00f3n con los seguros y las empresas legales.<\/span><\/p>\n<p><span style=\"font-weight: 400;\">Si usted o un ser querido resultan gravemente heridos en un accidente de autom\u00f3vil en Oxnard o en el condado de Ventura, no espere a ponerse en contacto con Maison Law. Su trabajo es curarse y recuperarse lo m\u00e1s r\u00e1pido posible. Deje que su abogado se encargue de pagar sus gastos de recuperaci\u00f3n.<\/span><\/p>\n<h2><b>Recursos adicionales:<\/b><\/h2>\n<ul>\n<li aria-level=\"1\"><b>Informes de accidentes en Oxnard<\/b><\/li>\n<\/ul>\n<p>&nbsp;<\/p>\n","protected":false},"excerpt":{"rendered":"<p>Oxnard es un centro de transporte para el sur de California y el mundo, pero esa distinci\u00f3n tiene un inconveniente. Las horas punta locales pueden estar repletas de conductores de coches, conductores de viajes compartidos, gigantescos camiones de transporte, autobuses e incluso maquinaria agr\u00edcola. Puede ser una gran pesadilla ir de un extremo a otro [&hellip;]<\/p>\n","protected":false},"author":10,"featured_media":0,"parent":6550,"menu_order":0,"comment_status":"closed","ping_status":"closed","template":"","meta":{"footnotes":""},"class_list":["post-8130","page","type-page","status-publish","hentry"],"yoast_head":"<!-- This site is optimized with the Yoast SEO Premium plugin v27.3 (Yoast SEO v27.3) - https:\/\/yoast.com\/product\/yoast-seo-premium-wordpress\/ -->\n<title>Abogado de Accidentes de Autom\u00f3vil en Oxnard | Maison Law<\/title>\n<meta name=\"description\" content=\"Oxnard es un centro de transporte para el sur de California y el mundo, pero esa distinci\u00f3n tiene un inconveniente. Las horas punta locales pueden estar\" \/>\n<meta name=\"robots\" content=\"index, follow, max-snippet:-1, max-image-preview:large, max-video-preview:-1\" \/>\n<link rel=\"canonical\" href=\"https:\/\/maisonlaw.com\/es\/oxnard\/accidentes-automovil\/\" \/>\n<meta property=\"og:locale\" content=\"es_ES\" \/>\n<meta property=\"og:type\" content=\"article\" \/>\n<meta property=\"og:title\" content=\"Abogado de Accidentes de Autom\u00f3vil en Oxnard\" \/>\n<meta property=\"og:description\" content=\"Oxnard es un centro de transporte para el sur de California y el mundo, pero esa distinci\u00f3n tiene un inconveniente. Las horas punta locales pueden estar\" \/>\n<meta property=\"og:url\" content=\"https:\/\/maisonlaw.com\/es\/oxnard\/accidentes-automovil\/\" \/>\n<meta property=\"og:site_name\" content=\"Maison Law\" \/>\n<meta property=\"article:publisher\" content=\"https:\/\/www.facebook.com\/maisonlawfirm\/\" \/>\n<meta property=\"article:modified_time\" content=\"2021-11-05T18:05:59+00:00\" \/>\n<meta name=\"twitter:card\" content=\"summary_large_image\" \/>\n<meta name=\"twitter:label1\" content=\"Tiempo de lectura\" \/>\n\t<meta name=\"twitter:data1\" content=\"5 minutos\" \/>\n<script type=\"application\/ld+json\" class=\"yoast-schema-graph\">{\"@context\":\"https:\\\/\\\/schema.org\",\"@graph\":[{\"@type\":\"WebPage\",\"@id\":\"https:\\\/\\\/maisonlaw.com\\\/es\\\/oxnard\\\/accidentes-automovil\\\/\",\"url\":\"https:\\\/\\\/maisonlaw.com\\\/es\\\/oxnard\\\/accidentes-automovil\\\/\",\"name\":\"Abogado de Accidentes de Autom\u00f3vil en Oxnard | Maison Law\",\"isPartOf\":{\"@id\":\"https:\\\/\\\/maisonlaw.com\\\/es\\\/#website\"},\"datePublished\":\"2021-10-13T04:57:17+00:00\",\"dateModified\":\"2021-11-05T18:05:59+00:00\",\"description\":\"Oxnard es un centro de transporte para el sur de California y el mundo, pero esa distinci\u00f3n tiene un inconveniente. Las horas punta locales pueden estar\",\"breadcrumb\":{\"@id\":\"https:\\\/\\\/maisonlaw.com\\\/es\\\/oxnard\\\/accidentes-automovil\\\/#breadcrumb\"},\"inLanguage\":\"es\",\"potentialAction\":[{\"@type\":\"ReadAction\",\"target\":[\"https:\\\/\\\/maisonlaw.com\\\/es\\\/oxnard\\\/accidentes-automovil\\\/\"]}]},{\"@type\":\"BreadcrumbList\",\"@id\":\"https:\\\/\\\/maisonlaw.com\\\/es\\\/oxnard\\\/accidentes-automovil\\\/#breadcrumb\",\"itemListElement\":[{\"@type\":\"ListItem\",\"position\":1,\"name\":\"Home\",\"item\":\"https:\\\/\\\/maisonlaw.com\\\/es\\\/\"},{\"@type\":\"ListItem\",\"position\":2,\"name\":\"Abogado de Lesiones Personales en Oxnard\",\"item\":\"https:\\\/\\\/maisonlaw.com\\\/es\\\/oxnard\\\/?lang=es\"},{\"@type\":\"ListItem\",\"position\":3,\"name\":\"Abogado de Accidentes de Autom\u00f3vil en Oxnard\"}]},{\"@type\":\"WebSite\",\"@id\":\"https:\\\/\\\/maisonlaw.com\\\/es\\\/#website\",\"url\":\"https:\\\/\\\/maisonlaw.com\\\/es\\\/\",\"name\":\"Maison Law Accident and Injury Lawyers\",\"description\":\"The Support You Need. The Settlement You Deserve.\",\"publisher\":{\"@id\":\"https:\\\/\\\/maisonlaw.com\\\/es\\\/#organization\"},\"alternateName\":\"Maison Law\",\"potentialAction\":[{\"@type\":\"SearchAction\",\"target\":{\"@type\":\"EntryPoint\",\"urlTemplate\":\"https:\\\/\\\/maisonlaw.com\\\/es\\\/?s={search_term_string}\"},\"query-input\":{\"@type\":\"PropertyValueSpecification\",\"valueRequired\":true,\"valueName\":\"search_term_string\"}}],\"inLanguage\":\"es\"},{\"@type\":\"Organization\",\"@id\":\"https:\\\/\\\/maisonlaw.com\\\/es\\\/#organization\",\"name\":\"Maison Law Accident & Injury Attorneys\",\"alternateName\":\"Maison Law\",\"url\":\"https:\\\/\\\/maisonlaw.com\\\/es\\\/\",\"logo\":{\"@type\":\"ImageObject\",\"inLanguage\":\"es\",\"@id\":\"https:\\\/\\\/maisonlaw.com\\\/es\\\/#\\\/schema\\\/logo\\\/image\\\/\",\"url\":\"https:\\\/\\\/maisonlaw.com\\\/wp-content\\\/uploads\\\/2025\\\/06\\\/experiment-logo-opt.png\",\"contentUrl\":\"https:\\\/\\\/maisonlaw.com\\\/wp-content\\\/uploads\\\/2025\\\/06\\\/experiment-logo-opt.png\",\"width\":1345,\"height\":294,\"caption\":\"Maison Law Accident & Injury Attorneys\"},\"image\":{\"@id\":\"https:\\\/\\\/maisonlaw.com\\\/es\\\/#\\\/schema\\\/logo\\\/image\\\/\"},\"sameAs\":[\"https:\\\/\\\/www.facebook.com\\\/maisonlawfirm\\\/\",\"https:\\\/\\\/www.linkedin.com\\\/in\\\/martin-gasparian-a9956516\\\/\",\"https:\\\/\\\/www.instagram.com\\\/maison_law\\\/\",\"https:\\\/\\\/www.youtube.com\\\/@maisonlaw\"],\"description\":\"Maison Law is a California Personal Injury Law Firm.\",\"legalName\":\"Maison Law\",\"foundingDate\":\"2014-01-01\",\"numberOfEmployees\":{\"@type\":\"QuantitativeValue\",\"minValue\":\"11\",\"maxValue\":\"50\"}}]}<\/script>\n<!-- \/ Yoast SEO Premium plugin. -->","yoast_head_json":{"title":"Abogado de Accidentes de Autom\u00f3vil en Oxnard | Maison Law","description":"Oxnard es un centro de transporte para el sur de California y el mundo, pero esa distinci\u00f3n tiene un inconveniente. Las horas punta locales pueden estar","robots":{"index":"index","follow":"follow","max-snippet":"max-snippet:-1","max-image-preview":"max-image-preview:large","max-video-preview":"max-video-preview:-1"},"canonical":"https:\/\/maisonlaw.com\/es\/oxnard\/accidentes-automovil\/","og_locale":"es_ES","og_type":"article","og_title":"Abogado de Accidentes de Autom\u00f3vil en Oxnard","og_description":"Oxnard es un centro de transporte para el sur de California y el mundo, pero esa distinci\u00f3n tiene un inconveniente. Las horas punta locales pueden estar","og_url":"https:\/\/maisonlaw.com\/es\/oxnard\/accidentes-automovil\/","og_site_name":"Maison Law","article_publisher":"https:\/\/www.facebook.com\/maisonlawfirm\/","article_modified_time":"2021-11-05T18:05:59+00:00","twitter_card":"summary_large_image","twitter_misc":{"Tiempo de lectura":"5 minutos"},"schema":{"@context":"https:\/\/schema.org","@graph":[{"@type":"WebPage","@id":"https:\/\/maisonlaw.com\/es\/oxnard\/accidentes-automovil\/","url":"https:\/\/maisonlaw.com\/es\/oxnard\/accidentes-automovil\/","name":"Abogado de Accidentes de Autom\u00f3vil en Oxnard | Maison Law","isPartOf":{"@id":"https:\/\/maisonlaw.com\/es\/#website"},"datePublished":"2021-10-13T04:57:17+00:00","dateModified":"2021-11-05T18:05:59+00:00","description":"Oxnard es un centro de transporte para el sur de California y el mundo, pero esa distinci\u00f3n tiene un inconveniente. Las horas punta locales pueden estar","breadcrumb":{"@id":"https:\/\/maisonlaw.com\/es\/oxnard\/accidentes-automovil\/#breadcrumb"},"inLanguage":"es","potentialAction":[{"@type":"ReadAction","target":["https:\/\/maisonlaw.com\/es\/oxnard\/accidentes-automovil\/"]}]},{"@type":"BreadcrumbList","@id":"https:\/\/maisonlaw.com\/es\/oxnard\/accidentes-automovil\/#breadcrumb","itemListElement":[{"@type":"ListItem","position":1,"name":"Home","item":"https:\/\/maisonlaw.com\/es\/"},{"@type":"ListItem","position":2,"name":"Abogado de Lesiones Personales en Oxnard","item":"https:\/\/maisonlaw.com\/es\/oxnard\/?lang=es"},{"@type":"ListItem","position":3,"name":"Abogado de Accidentes de Autom\u00f3vil en Oxnard"}]},{"@type":"WebSite","@id":"https:\/\/maisonlaw.com\/es\/#website","url":"https:\/\/maisonlaw.com\/es\/","name":"Maison Law Accident and Injury Lawyers","description":"The Support You Need. The Settlement You Deserve.","publisher":{"@id":"https:\/\/maisonlaw.com\/es\/#organization"},"alternateName":"Maison Law","potentialAction":[{"@type":"SearchAction","target":{"@type":"EntryPoint","urlTemplate":"https:\/\/maisonlaw.com\/es\/?s={search_term_string}"},"query-input":{"@type":"PropertyValueSpecification","valueRequired":true,"valueName":"search_term_string"}}],"inLanguage":"es"},{"@type":"Organization","@id":"https:\/\/maisonlaw.com\/es\/#organization","name":"Maison Law Accident & Injury Attorneys","alternateName":"Maison Law","url":"https:\/\/maisonlaw.com\/es\/","logo":{"@type":"ImageObject","inLanguage":"es","@id":"https:\/\/maisonlaw.com\/es\/#\/schema\/logo\/image\/","url":"https:\/\/maisonlaw.com\/wp-content\/uploads\/2025\/06\/experiment-logo-opt.png","contentUrl":"https:\/\/maisonlaw.com\/wp-content\/uploads\/2025\/06\/experiment-logo-opt.png","width":1345,"height":294,"caption":"Maison Law Accident & Injury Attorneys"},"image":{"@id":"https:\/\/maisonlaw.com\/es\/#\/schema\/logo\/image\/"},"sameAs":["https:\/\/www.facebook.com\/maisonlawfirm\/","https:\/\/www.linkedin.com\/in\/martin-gasparian-a9956516\/","https:\/\/www.instagram.com\/maison_law\/","https:\/\/www.youtube.com\/@maisonlaw"],"description":"Maison Law is a California Personal Injury Law Firm.","legalName":"Maison Law","foundingDate":"2014-01-01","numberOfEmployees":{"@type":"QuantitativeValue","minValue":"11","maxValue":"50"}}]}},"_links":{"self":[{"href":"https:\/\/maisonlaw.com\/es\/wp-json\/wp\/v2\/pages\/8130","targetHints":{"allow":["GET"]}}],"collection":[{"href":"https:\/\/maisonlaw.com\/es\/wp-json\/wp\/v2\/pages"}],"about":[{"href":"https:\/\/maisonlaw.com\/es\/wp-json\/wp\/v2\/types\/page"}],"author":[{"embeddable":true,"href":"https:\/\/maisonlaw.com\/es\/wp-json\/wp\/v2\/users\/10"}],"replies":[{"embeddable":true,"href":"https:\/\/maisonlaw.com\/es\/wp-json\/wp\/v2\/comments?post=8130"}],"version-history":[{"count":0,"href":"https:\/\/maisonlaw.com\/es\/wp-json\/wp\/v2\/pages\/8130\/revisions"}],"up":[{"embeddable":true,"href":"https:\/\/maisonlaw.com\/es\/wp-json\/wp\/v2\/pages\/6550"}],"wp:attachment":[{"href":"https:\/\/maisonlaw.com\/es\/wp-json\/wp\/v2\/media?parent=8130"}],"curies":[{"name":"wp","href":"https:\/\/api.w.org\/{rel}","templated":true}]}}