{"id":8128,"date":"2021-10-13T04:51:55","date_gmt":"2021-10-13T04:51:55","guid":{"rendered":"https:\/\/maisonlaw.com\/?page_id=8128"},"modified":"2021-11-05T18:51:15","modified_gmt":"2021-11-05T18:51:15","slug":"accidentes-automovil","status":"publish","type":"page","link":"https:\/\/maisonlaw.com\/es\/madera\/accidentes-automovil\/","title":{"rendered":"Abogado de Accidentes de Autom\u00f3vil en Madera"},"content":{"rendered":"<p><span style=\"font-weight: 400;\">La mayor\u00eda de los residentes en Madera conducen mucho. Ya sea por la autopista 99 pasando por la torre de agua de camino a Fresno o hasta Modesto, la gente siempre est\u00e1 en movimiento. Incluso puede conducir hasta su experiencia cinematogr\u00e1fica en el famoso autocine Madera 2.<\/span><\/p>\n<p><span style=\"font-weight: 400;\">Con todos estos desplazamientos los peligros de colisiones y choques est\u00e1n siempre presentes. Tiene veh\u00edculos grandes de f\u00e1bricas y granjas locales que intentan pasar por los carriles locales para entregar sus cargas. Tiene a los viajeros que intentan llegar al trabajo a tiempo. Los conductores de veh\u00edculos compartidos y de reparto siempre est\u00e1n buscando una recogida o una entrega. Tiene motociclistas, ciclistas y peatones que se desplazan por la ciudad.<\/span><\/p>\n<p><iframe title=\"Abogados de Accidentes de Auto en California.mp4\" src=\"https:\/\/player.vimeo.com\/video\/640605765?dnt=1&amp;app_id=122963\" width=\"800\" height=\"450\" frameborder=\"0\" allow=\"autoplay; fullscreen; picture-in-picture\"><\/iframe><\/p>\n<p><span style=\"font-weight: 400;\">Con este intenso uso de las carreteras, los conductores descuidados cometer\u00e1n, por desgracia, errores y arrastrar\u00e1n a automovilistas inocentes a sus accidentes. Es posible que usted no pueda evitar el error de juicio de alguien y se encuentre con una dolorosa lesi\u00f3n. Puede que incluso tenga que pasar una semana en un hospital y que le toque preocuparse por qui\u00e9n pagar\u00e1 sus gastos m\u00e9dicos. Usted no caus\u00f3 su accidente y ciertamente no deber\u00eda estar atascado tratando de averiguar c\u00f3mo pagar las facturas mientras intenta curarse.<\/span><\/p>\n<h2><b>APOYO A LAS V\u00cdCTIMAS DE ACCIDENTES DE AUTOM\u00d3VIL EN MADERA<\/b><\/h2>\n<p><span style=\"font-weight: 400;\">Su accidente puede haber involucrado a un solo conductor que se interpuso en su camino o lo embisti\u00f3. Pero, \u00bfy si ese conductor trabajaba para una empresa cuando le atropell\u00f3? \u00bfLe ayudar\u00e1 esa empresa en la recuperaci\u00f3n? \u00bfY si el veh\u00edculo es de una explotaci\u00f3n local?<\/span><\/p>\n<p><span style=\"font-weight: 400;\">Independientemente de las circunstancias, usted necesita un abogado de accidentes de autom\u00f3vil en Madera de su lado para asegurarse de que se dirige a las compa\u00f1\u00edas de seguros adecuadas despu\u00e9s de un accidente grave. Es posible que presente una reclamaci\u00f3n b\u00e1sica ante el propio seguro del conductor y que, debido a los l\u00edmites de cobertura, s\u00f3lo le cubran la visita inicial al hospital. \u00bfAdivine qu\u00e9? Si necesita m\u00e1s tratamiento en las pr\u00f3ximas semanas, o una intervenci\u00f3n quir\u00fargica dentro de unos meses, esos costes saldr\u00e1n de su bolsillo.<\/span><\/p>\n<p><span style=\"font-weight: 400;\">Puede ser posible demandar a la empresa para la que trabaja el conductor. Incluso podr\u00eda obtener una indemnizaci\u00f3n de su propia p\u00f3liza de seguro de autom\u00f3vil. <\/span><span style=\"font-weight: 400;\">P\u00f3ngase en contacto<\/span><span style=\"font-weight: 400;\"> con un abogado de Maison Law para realizar una consulta gratuita sobre su caso y determinar qui\u00e9n debe responder por su accidente y sus lesiones.<\/span><\/p>\n<h2><b>LESIONES COMUNES EN COLISIONES CON VEH\u00cdCULOS<\/b><\/h2>\n<p><span style=\"font-weight: 400;\">La rehabilitaci\u00f3n de una lesi\u00f3n puede llevar d\u00edas, semanas o meses o, en algunos casos extremos, los efectos de una lesi\u00f3n pueden acompa\u00f1arle el resto de su vida. Por eso es vital que se asegure de obtener todo lo que necesitar\u00e1 para reconstruir su salud y su vida ahora, mientras todav\u00eda puede presentar una demanda por su sufrimiento.<\/span><\/p>\n<p><span style=\"font-weight: 400;\">Las lesiones pueden ser debilitantes y afectar a su disfrute de la vida e incluso a su forma de relacionarse con su familia. Por eso es tan importante obtener ahora la m\u00e1xima indemnizaci\u00f3n.<\/span><\/p>\n<p><span style=\"font-weight: 400;\">Estas son s\u00f3lo algunas de las lesiones m\u00e1s comunes y las afecciones a largo plazo que puede sufrir en los impactos:<\/span><\/p>\n<ul>\n<li aria-level=\"1\"><b>Lesiones cerebrales: Las lesiones pueden ser problemas a corto plazo o causar p\u00e9rdidas de memoria durante toda la vida. Las lesiones cerebrales traum\u00e1ticas (TBI) se producen tras recibir un golpe en la cabeza. Pueden provocar muchas dificultades, como la p\u00e9rdida de olfato, da\u00f1os nerviosos y convulsiones postraum\u00e1ticas.<\/b><\/li>\n<\/ul>\n<ul>\n<li aria-level=\"1\"><b>Lesi\u00f3n por latigazo cervical: El r\u00e1pido movimiento hacia adelante y hacia atr\u00e1s del cuello en un choque. El dolor de cuello y hombros puede ser insoportable. Incluso girar la cabeza unos cent\u00edmetros puede ser dif\u00edcil. Las lesiones en la columna vertebral pueden causar mareos y entumecimiento en las extremidades y, en casos graves, provocar una p\u00e9rdida de movimiento en las mismas.<\/b><\/li>\n<\/ul>\n<ul>\n<li aria-level=\"1\"><b>Lesiones en la espalda: El estiramiento de los ligamentos y los m\u00fasculos puede provocar un dolor que empeora con cualquier movimiento, como toser o incluso re\u00edr. Tambi\u00e9n son frecuentes los espasmos musculares. Los da\u00f1os pueden ser tan graves que no podr\u00e1 mantenerse erguido durante un tiempo.<\/b><\/li>\n<\/ul>\n<ul>\n<li aria-level=\"1\"><b>Rotura de huesos: Las fracturas de algunas articulaciones pueden ser muy dif\u00edciles de curar y pueden requerir cirug\u00eda. Los huesos pueden sanar en una posici\u00f3n inadecuada causando m\u00e1s problemas en el futuro.<\/b><\/li>\n<\/ul>\n<p><span style=\"font-weight: 400;\">Los motociclistas, ciclistas y peatones viajan con mucha menos protecci\u00f3n que las personas que viajan en veh\u00edculos, y cualquier impacto con algo de cuatro ruedas o m\u00e1s puede ser mucho m\u00e1s grave para las v\u00edctimas. Las v\u00edctimas a menudo son lanzadas de sus bicicletas o de sus pies para absorber un segundo impacto con el suelo o la superficie de la carretera.<\/span><\/p>\n<h2><b>CONTACTE CON UN ABOGADO DE ACCIDENTES DE AUTOM\u00d3VIL EN MADERA<\/b><\/h2>\n<p><span style=\"font-weight: 400;\">Si usted ha sido golpeado por un conductor descuidado, es importante asegurarse de que usted no termine pagando las consecuencias del error de otra persona. California ofrece a las v\u00edctimas de lesiones dos a\u00f1os para presentar una demanda por un accidente de autom\u00f3vil. Esto parece mucho tiempo, pero si espera los dos a\u00f1os completos las pruebas y los testigos pueden ser m\u00e1s dif\u00edciles de reunir. Un abogado puede ayudarle a preparar su caso y prepararle para presentar la demanda lo antes posible.<\/span><\/p>\n<p><span style=\"font-weight: 400;\">Si un accidente lo deja a usted o a un ser querido con lesiones graves, <\/span><span style=\"font-weight: 400;\">p\u00f3ngase en contacto<\/span><span style=\"font-weight: 400;\"> con un abogado con experiencia en accidentes de autom\u00f3vil en Madera, como <\/span><span style=\"font-weight: 400;\">Martin Gasparian<\/span><span style=\"font-weight: 400;\">, fundador de Maison Law, para una consulta gratuita y una evaluaci\u00f3n del caso. El Sr. Gasparian tiene un enfoque pr\u00e1ctico para cada caso. \u00c9l cree que cada cliente debe trabajar directamente con su abogado, obtener asesoramiento honesto y la atenci\u00f3n personalizada a los detalles de su caso merece.<\/span><\/p>\n<h2><b>Recursos adicionales:<\/b><\/h2>\n<ul>\n<li aria-level=\"1\"><b>Informes de accidentes en Madera<\/b><\/li>\n<\/ul>\n<p>&nbsp;<\/p>\n","protected":false},"excerpt":{"rendered":"<p>La mayor\u00eda de los residentes en Madera conducen mucho. Ya sea por la autopista 99 pasando por la torre de agua de camino a Fresno o hasta Modesto, la gente siempre est\u00e1 en movimiento. Incluso puede conducir hasta su experiencia cinematogr\u00e1fica en el famoso autocine Madera 2. Con todos estos desplazamientos los peligros de colisiones [&hellip;]<\/p>\n","protected":false},"author":10,"featured_media":0,"parent":7551,"menu_order":0,"comment_status":"closed","ping_status":"closed","template":"","meta":{"footnotes":""},"class_list":["post-8128","page","type-page","status-publish","hentry"],"yoast_head":"<!-- This site is optimized with the Yoast SEO Premium plugin v27.3 (Yoast SEO v27.3) - https:\/\/yoast.com\/product\/yoast-seo-premium-wordpress\/ -->\n<title>Abogado de Accidentes de Autom\u00f3vil en Madera | Maison Law<\/title>\n<meta name=\"description\" content=\"La mayor\u00eda de los residentes en Madera conducen mucho. Ya sea por la autopista 99 pasando por la torre de agua de camino a Fresno o hasta Modesto, la\" \/>\n<meta name=\"robots\" content=\"index, follow, max-snippet:-1, max-image-preview:large, max-video-preview:-1\" \/>\n<link rel=\"canonical\" href=\"https:\/\/maisonlaw.com\/es\/madera\/accidentes-automovil\/\" \/>\n<meta property=\"og:locale\" content=\"es_ES\" \/>\n<meta property=\"og:type\" content=\"article\" \/>\n<meta property=\"og:title\" content=\"Abogado de Accidentes de Autom\u00f3vil en Madera\" \/>\n<meta property=\"og:description\" content=\"La mayor\u00eda de los residentes en Madera conducen mucho. Ya sea por la autopista 99 pasando por la torre de agua de camino a Fresno o hasta Modesto, la\" \/>\n<meta property=\"og:url\" content=\"https:\/\/maisonlaw.com\/es\/madera\/accidentes-automovil\/\" \/>\n<meta property=\"og:site_name\" content=\"Maison Law\" \/>\n<meta property=\"article:publisher\" content=\"https:\/\/www.facebook.com\/maisonlawfirm\/\" \/>\n<meta property=\"article:modified_time\" content=\"2021-11-05T18:51:15+00:00\" \/>\n<meta name=\"twitter:card\" content=\"summary_large_image\" \/>\n<meta name=\"twitter:label1\" content=\"Tiempo de lectura\" \/>\n\t<meta name=\"twitter:data1\" content=\"5 minutos\" \/>\n<script type=\"application\/ld+json\" class=\"yoast-schema-graph\">{\"@context\":\"https:\\\/\\\/schema.org\",\"@graph\":[{\"@type\":\"WebPage\",\"@id\":\"https:\\\/\\\/maisonlaw.com\\\/es\\\/madera\\\/accidentes-automovil\\\/\",\"url\":\"https:\\\/\\\/maisonlaw.com\\\/es\\\/madera\\\/accidentes-automovil\\\/\",\"name\":\"Abogado de Accidentes de Autom\u00f3vil en Madera | Maison Law\",\"isPartOf\":{\"@id\":\"https:\\\/\\\/maisonlaw.com\\\/es\\\/#website\"},\"datePublished\":\"2021-10-13T04:51:55+00:00\",\"dateModified\":\"2021-11-05T18:51:15+00:00\",\"description\":\"La mayor\u00eda de los residentes en Madera conducen mucho. Ya sea por la autopista 99 pasando por la torre de agua de camino a Fresno o hasta Modesto, la\",\"breadcrumb\":{\"@id\":\"https:\\\/\\\/maisonlaw.com\\\/es\\\/madera\\\/accidentes-automovil\\\/#breadcrumb\"},\"inLanguage\":\"es\",\"potentialAction\":[{\"@type\":\"ReadAction\",\"target\":[\"https:\\\/\\\/maisonlaw.com\\\/es\\\/madera\\\/accidentes-automovil\\\/\"]}]},{\"@type\":\"BreadcrumbList\",\"@id\":\"https:\\\/\\\/maisonlaw.com\\\/es\\\/madera\\\/accidentes-automovil\\\/#breadcrumb\",\"itemListElement\":[{\"@type\":\"ListItem\",\"position\":1,\"name\":\"Home\",\"item\":\"https:\\\/\\\/maisonlaw.com\\\/es\\\/\"},{\"@type\":\"ListItem\",\"position\":2,\"name\":\"Abogado De Lesiones Personales en Madera\",\"item\":\"https:\\\/\\\/maisonlaw.com\\\/es\\\/madera\\\/?lang=es\"},{\"@type\":\"ListItem\",\"position\":3,\"name\":\"Abogado de Accidentes de Autom\u00f3vil en Madera\"}]},{\"@type\":\"WebSite\",\"@id\":\"https:\\\/\\\/maisonlaw.com\\\/es\\\/#website\",\"url\":\"https:\\\/\\\/maisonlaw.com\\\/es\\\/\",\"name\":\"Maison Law Accident and Injury Lawyers\",\"description\":\"The Support You Need. The Settlement You Deserve.\",\"publisher\":{\"@id\":\"https:\\\/\\\/maisonlaw.com\\\/es\\\/#organization\"},\"alternateName\":\"Maison Law\",\"potentialAction\":[{\"@type\":\"SearchAction\",\"target\":{\"@type\":\"EntryPoint\",\"urlTemplate\":\"https:\\\/\\\/maisonlaw.com\\\/es\\\/?s={search_term_string}\"},\"query-input\":{\"@type\":\"PropertyValueSpecification\",\"valueRequired\":true,\"valueName\":\"search_term_string\"}}],\"inLanguage\":\"es\"},{\"@type\":\"Organization\",\"@id\":\"https:\\\/\\\/maisonlaw.com\\\/es\\\/#organization\",\"name\":\"Maison Law Accident & Injury Attorneys\",\"alternateName\":\"Maison Law\",\"url\":\"https:\\\/\\\/maisonlaw.com\\\/es\\\/\",\"logo\":{\"@type\":\"ImageObject\",\"inLanguage\":\"es\",\"@id\":\"https:\\\/\\\/maisonlaw.com\\\/es\\\/#\\\/schema\\\/logo\\\/image\\\/\",\"url\":\"https:\\\/\\\/maisonlaw.com\\\/wp-content\\\/uploads\\\/2025\\\/06\\\/experiment-logo-opt.png\",\"contentUrl\":\"https:\\\/\\\/maisonlaw.com\\\/wp-content\\\/uploads\\\/2025\\\/06\\\/experiment-logo-opt.png\",\"width\":1345,\"height\":294,\"caption\":\"Maison Law Accident & Injury Attorneys\"},\"image\":{\"@id\":\"https:\\\/\\\/maisonlaw.com\\\/es\\\/#\\\/schema\\\/logo\\\/image\\\/\"},\"sameAs\":[\"https:\\\/\\\/www.facebook.com\\\/maisonlawfirm\\\/\",\"https:\\\/\\\/www.linkedin.com\\\/in\\\/martin-gasparian-a9956516\\\/\",\"https:\\\/\\\/www.instagram.com\\\/maison_law\\\/\",\"https:\\\/\\\/www.youtube.com\\\/@maisonlaw\"],\"description\":\"Maison Law is a California Personal Injury Law Firm.\",\"legalName\":\"Maison Law\",\"foundingDate\":\"2014-01-01\",\"numberOfEmployees\":{\"@type\":\"QuantitativeValue\",\"minValue\":\"11\",\"maxValue\":\"50\"}}]}<\/script>\n<!-- \/ Yoast SEO Premium plugin. -->","yoast_head_json":{"title":"Abogado de Accidentes de Autom\u00f3vil en Madera | Maison Law","description":"La mayor\u00eda de los residentes en Madera conducen mucho. Ya sea por la autopista 99 pasando por la torre de agua de camino a Fresno o hasta Modesto, la","robots":{"index":"index","follow":"follow","max-snippet":"max-snippet:-1","max-image-preview":"max-image-preview:large","max-video-preview":"max-video-preview:-1"},"canonical":"https:\/\/maisonlaw.com\/es\/madera\/accidentes-automovil\/","og_locale":"es_ES","og_type":"article","og_title":"Abogado de Accidentes de Autom\u00f3vil en Madera","og_description":"La mayor\u00eda de los residentes en Madera conducen mucho. Ya sea por la autopista 99 pasando por la torre de agua de camino a Fresno o hasta Modesto, la","og_url":"https:\/\/maisonlaw.com\/es\/madera\/accidentes-automovil\/","og_site_name":"Maison Law","article_publisher":"https:\/\/www.facebook.com\/maisonlawfirm\/","article_modified_time":"2021-11-05T18:51:15+00:00","twitter_card":"summary_large_image","twitter_misc":{"Tiempo de lectura":"5 minutos"},"schema":{"@context":"https:\/\/schema.org","@graph":[{"@type":"WebPage","@id":"https:\/\/maisonlaw.com\/es\/madera\/accidentes-automovil\/","url":"https:\/\/maisonlaw.com\/es\/madera\/accidentes-automovil\/","name":"Abogado de Accidentes de Autom\u00f3vil en Madera | Maison Law","isPartOf":{"@id":"https:\/\/maisonlaw.com\/es\/#website"},"datePublished":"2021-10-13T04:51:55+00:00","dateModified":"2021-11-05T18:51:15+00:00","description":"La mayor\u00eda de los residentes en Madera conducen mucho. Ya sea por la autopista 99 pasando por la torre de agua de camino a Fresno o hasta Modesto, la","breadcrumb":{"@id":"https:\/\/maisonlaw.com\/es\/madera\/accidentes-automovil\/#breadcrumb"},"inLanguage":"es","potentialAction":[{"@type":"ReadAction","target":["https:\/\/maisonlaw.com\/es\/madera\/accidentes-automovil\/"]}]},{"@type":"BreadcrumbList","@id":"https:\/\/maisonlaw.com\/es\/madera\/accidentes-automovil\/#breadcrumb","itemListElement":[{"@type":"ListItem","position":1,"name":"Home","item":"https:\/\/maisonlaw.com\/es\/"},{"@type":"ListItem","position":2,"name":"Abogado De Lesiones Personales en Madera","item":"https:\/\/maisonlaw.com\/es\/madera\/?lang=es"},{"@type":"ListItem","position":3,"name":"Abogado de Accidentes de Autom\u00f3vil en Madera"}]},{"@type":"WebSite","@id":"https:\/\/maisonlaw.com\/es\/#website","url":"https:\/\/maisonlaw.com\/es\/","name":"Maison Law Accident and Injury Lawyers","description":"The Support You Need. The Settlement You Deserve.","publisher":{"@id":"https:\/\/maisonlaw.com\/es\/#organization"},"alternateName":"Maison Law","potentialAction":[{"@type":"SearchAction","target":{"@type":"EntryPoint","urlTemplate":"https:\/\/maisonlaw.com\/es\/?s={search_term_string}"},"query-input":{"@type":"PropertyValueSpecification","valueRequired":true,"valueName":"search_term_string"}}],"inLanguage":"es"},{"@type":"Organization","@id":"https:\/\/maisonlaw.com\/es\/#organization","name":"Maison Law Accident & Injury Attorneys","alternateName":"Maison Law","url":"https:\/\/maisonlaw.com\/es\/","logo":{"@type":"ImageObject","inLanguage":"es","@id":"https:\/\/maisonlaw.com\/es\/#\/schema\/logo\/image\/","url":"https:\/\/maisonlaw.com\/wp-content\/uploads\/2025\/06\/experiment-logo-opt.png","contentUrl":"https:\/\/maisonlaw.com\/wp-content\/uploads\/2025\/06\/experiment-logo-opt.png","width":1345,"height":294,"caption":"Maison Law Accident & Injury Attorneys"},"image":{"@id":"https:\/\/maisonlaw.com\/es\/#\/schema\/logo\/image\/"},"sameAs":["https:\/\/www.facebook.com\/maisonlawfirm\/","https:\/\/www.linkedin.com\/in\/martin-gasparian-a9956516\/","https:\/\/www.instagram.com\/maison_law\/","https:\/\/www.youtube.com\/@maisonlaw"],"description":"Maison Law is a California Personal Injury Law Firm.","legalName":"Maison Law","foundingDate":"2014-01-01","numberOfEmployees":{"@type":"QuantitativeValue","minValue":"11","maxValue":"50"}}]}},"_links":{"self":[{"href":"https:\/\/maisonlaw.com\/es\/wp-json\/wp\/v2\/pages\/8128","targetHints":{"allow":["GET"]}}],"collection":[{"href":"https:\/\/maisonlaw.com\/es\/wp-json\/wp\/v2\/pages"}],"about":[{"href":"https:\/\/maisonlaw.com\/es\/wp-json\/wp\/v2\/types\/page"}],"author":[{"embeddable":true,"href":"https:\/\/maisonlaw.com\/es\/wp-json\/wp\/v2\/users\/10"}],"replies":[{"embeddable":true,"href":"https:\/\/maisonlaw.com\/es\/wp-json\/wp\/v2\/comments?post=8128"}],"version-history":[{"count":0,"href":"https:\/\/maisonlaw.com\/es\/wp-json\/wp\/v2\/pages\/8128\/revisions"}],"up":[{"embeddable":true,"href":"https:\/\/maisonlaw.com\/es\/wp-json\/wp\/v2\/pages\/7551"}],"wp:attachment":[{"href":"https:\/\/maisonlaw.com\/es\/wp-json\/wp\/v2\/media?parent=8128"}],"curies":[{"name":"wp","href":"https:\/\/api.w.org\/{rel}","templated":true}]}}