{"id":8126,"date":"2021-10-13T04:20:28","date_gmt":"2021-10-13T04:20:28","guid":{"rendered":"https:\/\/maisonlaw.com\/?page_id=8126"},"modified":"2021-11-05T14:58:35","modified_gmt":"2021-11-05T14:58:35","slug":"accidentes-automovil","status":"publish","type":"page","link":"https:\/\/maisonlaw.com\/es\/livermore\/accidentes-automovil\/","title":{"rendered":"Abogado de Accidentes de Autom\u00f3vil en Livermore"},"content":{"rendered":"<p><span style=\"font-weight: 400;\">Los automovilistas de Livermore se mezclan con el tr\u00e1fico escolar, los veh\u00edculos de transporte compartido y los autobuses de Wheels y Rapid para crear un gran ajetreo matutino y vespertino. Estas horas de gran afluencia e incluso fuera de ellas pueden ser peligrosas para los automovilistas del condado de Alameda. Los viajeros descuidados y distra\u00eddos rara vez se ponen en peligro a s\u00ed mismos. A menudo causan accidentes a conductores inocentes, motociclistas, ciclistas y peatones que intentan estar a salvo para protegerse a s\u00ed mismos y a sus familias.<\/span><\/p>\n<p><iframe title=\"Abogados de Accidentes de Auto en California.mp4\" src=\"https:\/\/player.vimeo.com\/video\/640605765?dnt=1&amp;app_id=122963\" width=\"800\" height=\"450\" frameborder=\"0\" allow=\"autoplay; fullscreen; picture-in-picture\"><\/iframe><\/p>\n<p><span style=\"font-weight: 400;\">Si usted se convierte en v\u00edctima de un conductor imprudente o un miembro de su familia lo es de repente, debe conocer todos sus derechos. P\u00f3ngase en contacto con el abogado local <\/span><b>Martin Gasparian<\/b><span style=\"font-weight: 400;\">, fundador de Maison Law, para obtener una valoraci\u00f3n honesta de sus opciones.<\/span><\/p>\n<p><span style=\"font-weight: 400;\">Desde que se gradu\u00f3 en el Centro de Derecho de la Universidad de Georgetown hace casi 20 a\u00f1os, el Sr. Gasparian estudi\u00f3 el funcionamiento de las compa\u00f1\u00edas de seguros como un experto y luego abri\u00f3 su propio bufete de abogados para ayudar a poner el poder de nuevo en manos de las v\u00edctimas. Se asegura de que la gente corriente tenga la oportunidad de enfrentarse a las grandes corporaciones y a las compa\u00f1\u00edas de seguros para BUSCAR LA COMPENSACI\u00d3N QUE NECESITAN.<\/span><\/p>\n<h2><b>PELIGROS DE LOS ACCIDENTES DE AUTOM\u00d3VIL EN LIVERMORE Y SUS ALREDEDORES<\/b><\/h2>\n<p><span style=\"font-weight: 400;\">Puede que le necesiten para una cita a las 9 de la ma\u00f1ana en San Jos\u00e9 o puede que vaya por la I-580 hacia Hayward. Puede que se dirija a un destino para comer en la calle First cuando se d\u00e9 cuenta. Hay mucha gente que utiliza las carreteras de Livermore y no todos prestan atenci\u00f3n.<\/span><\/p>\n<p><span style=\"font-weight: 400;\">Usted puede ser un conductor cauteloso que vigila a los dem\u00e1s en la carretera, pero un conductor distra\u00eddo puede hacer un movimiento inesperado y de repente usted est\u00e1 desliz\u00e1ndose fuera de la carretera tras absorber una colisi\u00f3n. Las lesiones pueden depender mucho de la velocidad de los veh\u00edculos implicados y de los puntos de impacto.<\/span><\/p>\n<p><span style=\"font-weight: 400;\">Usted o un pasajero pueden sufrir roturas de huesos, lesiones cerebrales traum\u00e1ticas, da\u00f1os en los \u00f3rganos y latigazo cervical. Incluso puede resultar lesionado por los propios elementos destinados a protegerle, como los cinturones de seguridad y los airbags. Con todos estos resultados que se ven en las salas de urgencias todos los d\u00edas, no se debe permitir que los conductores culpables se salgan con la suya y le pasen la factura de su error.<\/span><\/p>\n<p><span style=\"font-weight: 400;\">Una reclamaci\u00f3n por da\u00f1os y perjuicios presentada contra el proveedor de seguros de autom\u00f3viles del conductor puede asegurar que se cubran todas las dificultades que usted ha sufrido, incluyendo:<\/span><\/p>\n<ul>\n<li aria-level=\"1\"><b>Gastos m\u00e9dicos: Las facturas del hospital y los gastos de rehabilitaci\u00f3n ya vistos y cualquier coste de tratamiento necesario en los pr\u00f3ximos a\u00f1os.<\/b><\/li>\n<\/ul>\n<ul>\n<li aria-level=\"1\"><b>P\u00e9rdidas de trabajo: Los sueldos que ha perdido mientras ha tenido que faltar a su trabajo. Estos sueldos perdidos pueden meterle en problemas financieros con todos sus deudores, incluidos los pr\u00e9stamos para coches, los pagos de alquileres e hipotecas y las facturas mensuales de gas y electricidad.<\/b><\/li>\n<\/ul>\n<ul>\n<li aria-level=\"1\"><b>Incapacidad permanente o desfiguraci\u00f3n: Indemnizaci\u00f3n por la formaci\u00f3n y el equipo necesarios para afrontar la vida con una discapacidad. Dinero para la formaci\u00f3n para un posible cambio de carrera.<\/b><\/li>\n<\/ul>\n<ul>\n<li aria-level=\"1\"><b>Angustia emocional: La depresi\u00f3n y la ansiedad pueden ser verdaderas pruebas para las v\u00edctimas que han pasado por un terrible trauma. \u00bfPueden enfrentarse a ponerse de nuevo al volante?<\/b><\/li>\n<\/ul>\n<ul>\n<li aria-level=\"1\"><b>Gastos de viaje: El dinero que se gasta en visitar a los especialistas, a los expertos de fuera de la ciudad y del estado, y en las citas con los terapeutas.<\/b><\/li>\n<\/ul>\n<h2><b>PREGUNTAS FRECUENTES<\/b><\/h2>\n<h3><b>\u00bfC\u00d3MO PUEDO OBTENER UN INFORME DE ACCIDENTE DE LA POLIC\u00cdA EN LIVERMORE?<\/b><\/h3>\n<p><span style=\"font-weight: 400;\">El informe del agente investigador sobre el accidente suele estar disponible en l\u00ednea, pero a veces es necesario hacer una llamada o visitar su departamento de registros. Para localizar los registros utilice el n\u00famero de informe si lo tiene. Su nombre, la fecha del accidente o el n\u00famero de placa del agente tambi\u00e9n pueden ayudarle a encontrar el documento. Vea a continuaci\u00f3n m\u00e1s informaci\u00f3n sobre c\u00f3mo obtener un informe de accidente.<\/span><\/p>\n<h3><b>\u00bfTENDR\u00c9 QUE PARTICIPAR EN UN JUICIO PARA OBTENER UNA INDEMNIZACI\u00d3N POR MI LESI\u00d3N?<\/b><\/h3>\n<p><span style=\"font-weight: 400;\">En general, no. Muy pocos casos de accidentes llegan a la sala de un tribunal. A las compa\u00f1\u00edas de seguros no les gusta el coste de ir a juicio, por lo que a menudo pueden verse motivadas a ofrecerle un acuerdo justo cuando se dan cuenta de que usted est\u00e1 dispuesto a llevarlos ante un juez y un jurado.<\/span><\/p>\n<h3><b>\u00bfQU\u00c9 DEBO DECIR A LA COMPA\u00d1\u00cdA DE SEGUROS DEL CONDUCTOR CULPABLE?<\/b><\/h3>\n<p><span style=\"font-weight: 400;\">Nada. Es posible que llame un representante de la compa\u00f1\u00eda de seguros del otro conductor, pero debe negarse a hablar con ellos. Es posible que esperen que usted diga algo que les ayude a trasladar la culpa a usted. Deje que su abogado se encargue de la comunicaci\u00f3n con todas las partes.<\/span><\/p>\n<h3><b>P\u00d3NGASE EN CONTACTO CON UN ABOGADO DE ACCIDENTES DE AUTOM\u00d3VIL EN LIVERMORE<\/b><\/h3>\n<p><span style=\"font-weight: 400;\">Existen leyes que le protegen cuando ha resultado herido en una colisi\u00f3n de veh\u00edculos. Las compa\u00f1\u00edas de seguros no tienen que informarle de estas protecciones y esperan que usted no las descubra. No vaya a una negociaci\u00f3n de acuerdo a ciegas. Un abogado de su lado puede marcar la diferencia a la hora de obtener una compensaci\u00f3n por su dolor y angustia actuales y conseguir la indemnizaci\u00f3n que necesitar\u00e1 en los meses y a\u00f1os venideros.<\/span><\/p>\n<p><span style=\"font-weight: 400;\">Si usted o un ser querido resulta gravemente herido en un accidente de autom\u00f3vil en Livermore o en el condado de Alameda, no espere a <\/span><span style=\"font-weight: 400;\">ponerse en contacto <\/span><span style=\"font-weight: 400;\">con Maison Law. Nunca deber\u00eda tener que preocuparse por el alto costo de la atenci\u00f3n m\u00e9dica mientras trata de recuperarse de un accidente causado por un conductor descuidado.<\/span><\/p>\n<h2><b>Recursos adicionales:<\/b><\/h2>\n<ul>\n<li aria-level=\"1\"><b>Informes de accidentes en Livermore<\/b><\/li>\n<\/ul>\n<ul>\n<li aria-level=\"1\"><b>Centros de Trauma de Livermore<\/b><\/li>\n<\/ul>\n<p>&nbsp;<\/p>\n","protected":false},"excerpt":{"rendered":"<p>Los automovilistas de Livermore se mezclan con el tr\u00e1fico escolar, los veh\u00edculos de transporte compartido y los autobuses de Wheels y Rapid para crear un gran ajetreo matutino y vespertino. Estas horas de gran afluencia e incluso fuera de ellas pueden ser peligrosas para los automovilistas del condado de Alameda. Los viajeros descuidados y distra\u00eddos [&hellip;]<\/p>\n","protected":false},"author":10,"featured_media":0,"parent":6452,"menu_order":0,"comment_status":"closed","ping_status":"closed","template":"","meta":{"footnotes":""},"class_list":["post-8126","page","type-page","status-publish","hentry"],"yoast_head":"<!-- This site is optimized with the Yoast SEO Premium plugin v27.4 (Yoast SEO v27.4) - https:\/\/yoast.com\/product\/yoast-seo-premium-wordpress\/ -->\n<title>Abogado de Accidentes de Autom\u00f3vil en Livermore | Maison Law<\/title>\n<meta name=\"description\" content=\"Los automovilistas de Livermore se mezclan con el tr\u00e1fico escolar, los veh\u00edculos de transporte compartido y los autobuses de Wheels y Rapid para crear un\" \/>\n<meta name=\"robots\" content=\"index, follow, max-snippet:-1, max-image-preview:large, max-video-preview:-1\" \/>\n<link rel=\"canonical\" href=\"https:\/\/maisonlaw.com\/es\/livermore\/accidentes-automovil\/\" \/>\n<meta property=\"og:locale\" content=\"es_ES\" \/>\n<meta property=\"og:type\" content=\"article\" \/>\n<meta property=\"og:title\" content=\"Abogado de Accidentes de Autom\u00f3vil en Livermore\" \/>\n<meta property=\"og:description\" content=\"Los automovilistas de Livermore se mezclan con el tr\u00e1fico escolar, los veh\u00edculos de transporte compartido y los autobuses de Wheels y Rapid para crear un\" \/>\n<meta property=\"og:url\" content=\"https:\/\/maisonlaw.com\/es\/livermore\/accidentes-automovil\/\" \/>\n<meta property=\"og:site_name\" content=\"Maison Law\" \/>\n<meta property=\"article:publisher\" content=\"https:\/\/www.facebook.com\/maisonlawfirm\/\" \/>\n<meta property=\"article:modified_time\" content=\"2021-11-05T14:58:35+00:00\" \/>\n<meta name=\"twitter:card\" content=\"summary_large_image\" \/>\n<meta name=\"twitter:label1\" content=\"Tiempo de lectura\" \/>\n\t<meta name=\"twitter:data1\" content=\"5 minutos\" \/>\n<script type=\"application\/ld+json\" class=\"yoast-schema-graph\">{\"@context\":\"https:\\\/\\\/schema.org\",\"@graph\":[{\"@type\":\"WebPage\",\"@id\":\"https:\\\/\\\/maisonlaw.com\\\/es\\\/livermore\\\/accidentes-automovil\\\/\",\"url\":\"https:\\\/\\\/maisonlaw.com\\\/es\\\/livermore\\\/accidentes-automovil\\\/\",\"name\":\"Abogado de Accidentes de Autom\u00f3vil en Livermore | Maison Law\",\"isPartOf\":{\"@id\":\"https:\\\/\\\/maisonlaw.com\\\/es\\\/#website\"},\"datePublished\":\"2021-10-13T04:20:28+00:00\",\"dateModified\":\"2021-11-05T14:58:35+00:00\",\"description\":\"Los automovilistas de Livermore se mezclan con el tr\u00e1fico escolar, los veh\u00edculos de transporte compartido y los autobuses de Wheels y Rapid para crear un\",\"breadcrumb\":{\"@id\":\"https:\\\/\\\/maisonlaw.com\\\/es\\\/livermore\\\/accidentes-automovil\\\/#breadcrumb\"},\"inLanguage\":\"es\",\"potentialAction\":[{\"@type\":\"ReadAction\",\"target\":[\"https:\\\/\\\/maisonlaw.com\\\/es\\\/livermore\\\/accidentes-automovil\\\/\"]}]},{\"@type\":\"BreadcrumbList\",\"@id\":\"https:\\\/\\\/maisonlaw.com\\\/es\\\/livermore\\\/accidentes-automovil\\\/#breadcrumb\",\"itemListElement\":[{\"@type\":\"ListItem\",\"position\":1,\"name\":\"Home\",\"item\":\"https:\\\/\\\/maisonlaw.com\\\/es\\\/\"},{\"@type\":\"ListItem\",\"position\":2,\"name\":\"Abogado de Lesiones Personales en Livermore\",\"item\":\"https:\\\/\\\/maisonlaw.com\\\/es\\\/livermore\\\/?lang=es\"},{\"@type\":\"ListItem\",\"position\":3,\"name\":\"Abogado de Accidentes de Autom\u00f3vil en Livermore\"}]},{\"@type\":\"WebSite\",\"@id\":\"https:\\\/\\\/maisonlaw.com\\\/es\\\/#website\",\"url\":\"https:\\\/\\\/maisonlaw.com\\\/es\\\/\",\"name\":\"Maison Law Accident and Injury Lawyers\",\"description\":\"The Support You Need. The Settlement You Deserve.\",\"publisher\":{\"@id\":\"https:\\\/\\\/maisonlaw.com\\\/es\\\/#organization\"},\"alternateName\":\"Maison Law\",\"potentialAction\":[{\"@type\":\"SearchAction\",\"target\":{\"@type\":\"EntryPoint\",\"urlTemplate\":\"https:\\\/\\\/maisonlaw.com\\\/es\\\/?s={search_term_string}\"},\"query-input\":{\"@type\":\"PropertyValueSpecification\",\"valueRequired\":true,\"valueName\":\"search_term_string\"}}],\"inLanguage\":\"es\"},{\"@type\":\"Organization\",\"@id\":\"https:\\\/\\\/maisonlaw.com\\\/es\\\/#organization\",\"name\":\"Maison Law Accident & Injury Attorneys\",\"alternateName\":\"Maison Law\",\"url\":\"https:\\\/\\\/maisonlaw.com\\\/es\\\/\",\"logo\":{\"@type\":\"ImageObject\",\"inLanguage\":\"es\",\"@id\":\"https:\\\/\\\/maisonlaw.com\\\/es\\\/#\\\/schema\\\/logo\\\/image\\\/\",\"url\":\"https:\\\/\\\/maisonlaw.com\\\/wp-content\\\/uploads\\\/2025\\\/06\\\/experiment-logo-opt.png\",\"contentUrl\":\"https:\\\/\\\/maisonlaw.com\\\/wp-content\\\/uploads\\\/2025\\\/06\\\/experiment-logo-opt.png\",\"width\":1345,\"height\":294,\"caption\":\"Maison Law Accident & Injury Attorneys\"},\"image\":{\"@id\":\"https:\\\/\\\/maisonlaw.com\\\/es\\\/#\\\/schema\\\/logo\\\/image\\\/\"},\"sameAs\":[\"https:\\\/\\\/www.facebook.com\\\/maisonlawfirm\\\/\",\"https:\\\/\\\/www.linkedin.com\\\/in\\\/martin-gasparian-a9956516\\\/\",\"https:\\\/\\\/www.instagram.com\\\/maison_law\\\/\",\"https:\\\/\\\/www.youtube.com\\\/@maisonlaw\"],\"description\":\"Maison Law is a California Personal Injury Law Firm.\",\"legalName\":\"Maison Law\",\"foundingDate\":\"2014-01-01\",\"numberOfEmployees\":{\"@type\":\"QuantitativeValue\",\"minValue\":\"11\",\"maxValue\":\"50\"}}]}<\/script>\n<!-- \/ Yoast SEO Premium plugin. -->","yoast_head_json":{"title":"Abogado de Accidentes de Autom\u00f3vil en Livermore | Maison Law","description":"Los automovilistas de Livermore se mezclan con el tr\u00e1fico escolar, los veh\u00edculos de transporte compartido y los autobuses de Wheels y Rapid para crear un","robots":{"index":"index","follow":"follow","max-snippet":"max-snippet:-1","max-image-preview":"max-image-preview:large","max-video-preview":"max-video-preview:-1"},"canonical":"https:\/\/maisonlaw.com\/es\/livermore\/accidentes-automovil\/","og_locale":"es_ES","og_type":"article","og_title":"Abogado de Accidentes de Autom\u00f3vil en Livermore","og_description":"Los automovilistas de Livermore se mezclan con el tr\u00e1fico escolar, los veh\u00edculos de transporte compartido y los autobuses de Wheels y Rapid para crear un","og_url":"https:\/\/maisonlaw.com\/es\/livermore\/accidentes-automovil\/","og_site_name":"Maison Law","article_publisher":"https:\/\/www.facebook.com\/maisonlawfirm\/","article_modified_time":"2021-11-05T14:58:35+00:00","twitter_card":"summary_large_image","twitter_misc":{"Tiempo de lectura":"5 minutos"},"schema":{"@context":"https:\/\/schema.org","@graph":[{"@type":"WebPage","@id":"https:\/\/maisonlaw.com\/es\/livermore\/accidentes-automovil\/","url":"https:\/\/maisonlaw.com\/es\/livermore\/accidentes-automovil\/","name":"Abogado de Accidentes de Autom\u00f3vil en Livermore | Maison Law","isPartOf":{"@id":"https:\/\/maisonlaw.com\/es\/#website"},"datePublished":"2021-10-13T04:20:28+00:00","dateModified":"2021-11-05T14:58:35+00:00","description":"Los automovilistas de Livermore se mezclan con el tr\u00e1fico escolar, los veh\u00edculos de transporte compartido y los autobuses de Wheels y Rapid para crear un","breadcrumb":{"@id":"https:\/\/maisonlaw.com\/es\/livermore\/accidentes-automovil\/#breadcrumb"},"inLanguage":"es","potentialAction":[{"@type":"ReadAction","target":["https:\/\/maisonlaw.com\/es\/livermore\/accidentes-automovil\/"]}]},{"@type":"BreadcrumbList","@id":"https:\/\/maisonlaw.com\/es\/livermore\/accidentes-automovil\/#breadcrumb","itemListElement":[{"@type":"ListItem","position":1,"name":"Home","item":"https:\/\/maisonlaw.com\/es\/"},{"@type":"ListItem","position":2,"name":"Abogado de Lesiones Personales en Livermore","item":"https:\/\/maisonlaw.com\/es\/livermore\/?lang=es"},{"@type":"ListItem","position":3,"name":"Abogado de Accidentes de Autom\u00f3vil en Livermore"}]},{"@type":"WebSite","@id":"https:\/\/maisonlaw.com\/es\/#website","url":"https:\/\/maisonlaw.com\/es\/","name":"Maison Law Accident and Injury Lawyers","description":"The Support You Need. The Settlement You Deserve.","publisher":{"@id":"https:\/\/maisonlaw.com\/es\/#organization"},"alternateName":"Maison Law","potentialAction":[{"@type":"SearchAction","target":{"@type":"EntryPoint","urlTemplate":"https:\/\/maisonlaw.com\/es\/?s={search_term_string}"},"query-input":{"@type":"PropertyValueSpecification","valueRequired":true,"valueName":"search_term_string"}}],"inLanguage":"es"},{"@type":"Organization","@id":"https:\/\/maisonlaw.com\/es\/#organization","name":"Maison Law Accident & Injury Attorneys","alternateName":"Maison Law","url":"https:\/\/maisonlaw.com\/es\/","logo":{"@type":"ImageObject","inLanguage":"es","@id":"https:\/\/maisonlaw.com\/es\/#\/schema\/logo\/image\/","url":"https:\/\/maisonlaw.com\/wp-content\/uploads\/2025\/06\/experiment-logo-opt.png","contentUrl":"https:\/\/maisonlaw.com\/wp-content\/uploads\/2025\/06\/experiment-logo-opt.png","width":1345,"height":294,"caption":"Maison Law Accident & Injury Attorneys"},"image":{"@id":"https:\/\/maisonlaw.com\/es\/#\/schema\/logo\/image\/"},"sameAs":["https:\/\/www.facebook.com\/maisonlawfirm\/","https:\/\/www.linkedin.com\/in\/martin-gasparian-a9956516\/","https:\/\/www.instagram.com\/maison_law\/","https:\/\/www.youtube.com\/@maisonlaw"],"description":"Maison Law is a California Personal Injury Law Firm.","legalName":"Maison Law","foundingDate":"2014-01-01","numberOfEmployees":{"@type":"QuantitativeValue","minValue":"11","maxValue":"50"}}]}},"_links":{"self":[{"href":"https:\/\/maisonlaw.com\/es\/wp-json\/wp\/v2\/pages\/8126","targetHints":{"allow":["GET"]}}],"collection":[{"href":"https:\/\/maisonlaw.com\/es\/wp-json\/wp\/v2\/pages"}],"about":[{"href":"https:\/\/maisonlaw.com\/es\/wp-json\/wp\/v2\/types\/page"}],"author":[{"embeddable":true,"href":"https:\/\/maisonlaw.com\/es\/wp-json\/wp\/v2\/users\/10"}],"replies":[{"embeddable":true,"href":"https:\/\/maisonlaw.com\/es\/wp-json\/wp\/v2\/comments?post=8126"}],"version-history":[{"count":0,"href":"https:\/\/maisonlaw.com\/es\/wp-json\/wp\/v2\/pages\/8126\/revisions"}],"up":[{"embeddable":true,"href":"https:\/\/maisonlaw.com\/es\/wp-json\/wp\/v2\/pages\/6452"}],"wp:attachment":[{"href":"https:\/\/maisonlaw.com\/es\/wp-json\/wp\/v2\/media?parent=8126"}],"curies":[{"name":"wp","href":"https:\/\/api.w.org\/{rel}","templated":true}]}}