{"id":8124,"date":"2021-10-13T04:01:29","date_gmt":"2021-10-13T04:01:29","guid":{"rendered":"https:\/\/maisonlaw.com\/?page_id=8124"},"modified":"2021-11-05T14:33:27","modified_gmt":"2021-11-05T14:33:27","slug":"accidentes-automovil","status":"publish","type":"page","link":"https:\/\/maisonlaw.com\/es\/glendale\/accidentes-automovil\/","title":{"rendered":"Abogado de Accidentes de Autom\u00f3vil en Glendale"},"content":{"rendered":"<p><span style=\"font-weight: 400;\">La ciudad de Glendale se pone en marcha mucho antes de que salga el sol y se mantiene en movimiento hasta bien entrada la noche. Con sus conexiones con Hollywood y sus numerosos residentes famosos, las calles y autopistas pueden ver un mont\u00f3n de autom\u00f3viles de lujo serpenteando por los carriles. Pero las carreteras locales se llenan sobre todo de gente que intenta llegar al trabajo a tiempo y de padres que llevan y traen a los ni\u00f1os del colegio<\/span><\/p>\n<p><span style=\"font-weight: 400;\">Por desgracia, los problemas de tr\u00e1fico de Glendale son un reflejo de los de la cercana ciudad de Los \u00c1ngeles, con atascos en la Interestatal 5 o \u00abLa 5\u00bb y en Ventura Boulevard cada d\u00eda. La avenida Brand tambi\u00e9n es una v\u00eda popular en la que se producen accidentes a diario. Con el volumen de tr\u00e1fico de Glendale combinado con los infames malos conductores, los accidentes son un hecho de la vida, pero esos choques son m\u00e1s que un chiste de la televisi\u00f3n nocturna. Pueden causar lesiones graves que conllevan meses y meses de recuperaci\u00f3n para las v\u00edctimas.<\/span><\/p>\n<p><iframe title=\"Abogados de Accidentes de Auto en California.mp4\" src=\"https:\/\/player.vimeo.com\/video\/640605765?dnt=1&amp;app_id=122963\" width=\"800\" height=\"450\" frameborder=\"0\" allow=\"autoplay; fullscreen; picture-in-picture\"><\/iframe><\/p>\n<h2><b>AYUDA PARA LAS V\u00cdCTIMAS DE ACCIDENTES EN GLENDALE<\/b><\/h2>\n<p><span style=\"font-weight: 400;\">En Glendale hay muchos conductores seguros y precavidos, pero pueden caer f\u00e1cilmente en manos de conductores descuidados y distra\u00eddos y acabar en una colisi\u00f3n espantosa. En ese momento, se preguntar\u00e1n cu\u00e1nto tiempo tardar\u00e1 la recuperaci\u00f3n y cu\u00e1nto tiempo pasar\u00e1 antes de que puedan volver a una vida normal. Tambi\u00e9n pueden preguntarse si el conductor que les ha atropellado se har\u00e1 responsable de sus actos.<\/span><\/p>\n<p><span style=\"font-weight: 400;\">Las v\u00edctimas pueden verse abandonadas a su suerte cuando surgen las facturas del hospital y otras dificultades despu\u00e9s de un accidente, pero acudir a un abogado local especializado en accidentes de autom\u00f3vil puede ser su salvavidas. Maison Law de Glendale puede asegurarse de que la compa\u00f1\u00eda de seguros del conductor sea puesta sobre aviso. No aceptar\u00e1 menos de lo que es justo por todo lo que le han hecho pasar. P\u00f3ngase en contacto con nosotros para una evaluaci\u00f3n sin compromiso de su caso. Es gratis y s\u00f3lo le daremos la orientaci\u00f3n que m\u00e1s le convenga.<\/span><\/p>\n<h2><b>PELIGROS DEL ACCIDENTE DE AUTOM\u00d3VIL EN GLENDALE<\/b><\/h2>\n<p><span style=\"font-weight: 400;\">Las maniobras y decisiones peligrosas que pueden tomar los conductores est\u00e1n a la vista en Glendale y sus alrededores todos los d\u00edas. Como conductor precavido, es posible que vea los errores flagrantes a su alrededor y se pregunte c\u00f3mo puede llegar a alg\u00fan sitio de forma segura.<\/span><\/p>\n<p><span style=\"font-weight: 400;\">Glendale lucha con Los \u00c1ngeles por las primas de seguro de autom\u00f3vil m\u00e1s altas del estado. Las primas de Glendale suelen superar los 2.500 d\u00f3lares al a\u00f1o. La NBC4-TV <\/span><span style=\"font-weight: 400;\">informa <\/span><span style=\"font-weight: 400;\">de que las tarifas pueden ser un 60% m\u00e1s caras que las de otras ciudades de California.<\/span><\/p>\n<p><span style=\"font-weight: 400;\">No hay duda de que las carreteras pueden estar llenas de conductores distra\u00eddos e imprudentes. Esta es una breve lista de algunos de los impactos y resultados m\u00e1s peligrosos posibles en los accidentes de Glendale:<\/span><\/p>\n<ul>\n<li aria-level=\"1\"><b>Accidentes de vuelco: Un autom\u00f3vil volcado por la fuerza de un accidente puede someter a cualquier persona en su interior a fuerzas extremas que pueden causar lesiones devastadoras. Los accidentes con vuelcos son poco frecuentes en comparaci\u00f3n con otros tipos de impactos, pero seg\u00fan el <\/b><b>gov <\/b><b>en un solo a\u00f1o, representaron el 35% de las muertes por accidentes de autom\u00f3vil que se produjeron en todo el pa\u00eds.<\/b><\/li>\n<\/ul>\n<ul>\n<li aria-level=\"1\"><b>Choques frontales: Estas colisiones son extremadamente peligrosas porque dos veh\u00edculos aportan sus dos velocidades en un impacto que puede duplicar la fuerza involucrada. El Consejo Nacional de Seguridad (NSC) <\/b><b>informa <\/b><b>que en 2018 hubo 4,900 muertes tr\u00e1gicas de cabeza en toda la naci\u00f3n que representan casi el 30% de las muertes en accidentes de dos veh\u00edculos ese a\u00f1o.<\/b><\/li>\n<\/ul>\n<ul>\n<li aria-level=\"1\"><b>Impactos traseros \u2013 Un tipo de colisi\u00f3n muy com\u00fan, pero las lesiones pueden ser muy graves. El latigazo cervical se asocia m\u00e1s com\u00fanmente con los accidentes por detr\u00e1s. Esto puede implicar lesiones en el cuello, los hombros y la parte superior de la espalda despu\u00e9s de que el cuerpo es empujado hacia adelante y enviado hacia atr\u00e1s r\u00e1pidamente. Las lesiones en la columna vertebral tambi\u00e9n son comunes. La Administraci\u00f3n Nacional de Seguridad del Transporte en Carretera (NHTSA) <\/b><b>encontr\u00f3 <\/b><b>que en 2018 los accidentes por detr\u00e1s causaron 594,000 lesiones en los Estados Unidos y representaron un poco m\u00e1s del 32% de los accidentes reportados para el a\u00f1o.<\/b><\/li>\n<\/ul>\n<ul>\n<li aria-level=\"1\"><b>Golpes laterales: Un golpe de refil\u00f3n a menudo todav\u00eda puede herir gravemente a las personas dentro de los veh\u00edculos. La colisi\u00f3n puede producirse en las puertas del conductor o del pasajero, donde la protecci\u00f3n es menor para los ocupantes. La NHTSA encontr\u00f3 que los impactos laterales causaron 129,000 lesiones en 2018, lo que representa casi el 13% de todas las colisiones en la naci\u00f3n.<\/b><\/li>\n<\/ul>\n<h2><b>\u00bfQU\u00c9 TIPO DE DA\u00d1OS POR ACCIDENTE PUEDE CUBRIR LA INDEMNIZACI\u00d3N?<\/b><\/h2>\n<p><span style=\"font-weight: 400;\">En California, tiene hasta dos a\u00f1os desde el momento del accidente para presentar una reclamaci\u00f3n por da\u00f1os y perjuicios por sus lesiones.<\/span><\/p>\n<p><span style=\"font-weight: 400;\">Si su reclamaci\u00f3n tiene \u00e9xito, puede recibir una indemnizaci\u00f3n:<\/span><\/p>\n<ul>\n<li aria-level=\"1\"><b>Da\u00f1os reales: Se trata de una compensaci\u00f3n por los gastos f\u00e1cilmente acumulables, como las facturas del hospital, los da\u00f1os a la propiedad y los salarios perdidos por haber perdido tiempo en su trabajo.<\/b><\/li>\n<\/ul>\n<ul>\n<li aria-level=\"1\"><b>Da\u00f1os generales: Esto cubre las p\u00e9rdidas no monetarias como el dinero por su dolor sufrido por la lesi\u00f3n. Tambi\u00e9n es posible que haya perdido el inter\u00e9s por la vida y se haya enfrentado a una depresi\u00f3n por tener que enfrentarse a un nuevo estilo de vida a causa de sus lesiones. Su lesi\u00f3n puede haber afectado tambi\u00e9n a su estructura familiar de forma perjudicial.<\/b><\/li>\n<\/ul>\n<h2><b>CONTACTE A UN ABOGADO DE ACCIDENTES DE AUTOM\u00d3VIL EN GLENDALE CALIFORNIA<\/b><\/h2>\n<p><span style=\"font-weight: 400;\">Despu\u00e9s de un accidente automovil\u00edstico que implique una lesi\u00f3n grave, <\/span><span style=\"font-weight: 400;\">p\u00f3ngase en contacto <\/span><span style=\"font-weight: 400;\">con un abogado con experiencia en accidentes de autom\u00f3vil en Glendale, como <\/span><span style=\"font-weight: 400;\">Martin Gasparian<\/span><span style=\"font-weight: 400;\">, para obtener una consulta y una evaluaci\u00f3n del caso gratuitas.<\/span><\/p>\n<p><span style=\"font-weight: 400;\">El Sr. Gasparian es el fundador de Maison Law y sol\u00eda representar a corporaciones nacionales y ten\u00eda una visi\u00f3n interna de c\u00f3mo las compa\u00f1\u00edas de seguros tratan de enga\u00f1ar a las v\u00edctimas lesionadas cuando est\u00e1n en su momento m\u00e1s vulnerable.\u00a0 Ahora protege y defiende los derechos de los heridos por conductores descuidados y se asegura de que obtengan la compensaci\u00f3n que necesitan para pagar su recuperaci\u00f3n y reconstruir sus vidas.<\/span><\/p>\n","protected":false},"excerpt":{"rendered":"<p>La ciudad de Glendale se pone en marcha mucho antes de que salga el sol y se mantiene en movimiento hasta bien entrada la noche. Con sus conexiones con Hollywood y sus numerosos residentes famosos, las calles y autopistas pueden ver un mont\u00f3n de autom\u00f3viles de lujo serpenteando por los carriles. Pero las carreteras locales [&hellip;]<\/p>\n","protected":false},"author":10,"featured_media":0,"parent":6604,"menu_order":0,"comment_status":"closed","ping_status":"closed","template":"","meta":{"footnotes":""},"class_list":["post-8124","page","type-page","status-publish","hentry"],"yoast_head":"<!-- This site is optimized with the Yoast SEO Premium plugin v27.3 (Yoast SEO v27.3) - https:\/\/yoast.com\/product\/yoast-seo-premium-wordpress\/ -->\n<title>Abogado de Accidentes de Autom\u00f3vil en Glendale | Maison Law<\/title>\n<meta name=\"description\" content=\"La ciudad de Glendale se pone en marcha mucho antes de que salga el sol y se mantiene en movimiento hasta bien entrada la noche. Con sus conexiones con\" \/>\n<meta name=\"robots\" content=\"index, follow, max-snippet:-1, max-image-preview:large, max-video-preview:-1\" \/>\n<link rel=\"canonical\" href=\"https:\/\/maisonlaw.com\/es\/glendale\/accidentes-automovil\/\" \/>\n<meta property=\"og:locale\" content=\"es_ES\" \/>\n<meta property=\"og:type\" content=\"article\" \/>\n<meta property=\"og:title\" content=\"Abogado de Accidentes de Autom\u00f3vil en Glendale\" \/>\n<meta property=\"og:description\" content=\"La ciudad de Glendale se pone en marcha mucho antes de que salga el sol y se mantiene en movimiento hasta bien entrada la noche. Con sus conexiones con\" \/>\n<meta property=\"og:url\" content=\"https:\/\/maisonlaw.com\/es\/glendale\/accidentes-automovil\/\" \/>\n<meta property=\"og:site_name\" content=\"Maison Law\" \/>\n<meta property=\"article:publisher\" content=\"https:\/\/www.facebook.com\/maisonlawfirm\/\" \/>\n<meta property=\"article:modified_time\" content=\"2021-11-05T14:33:27+00:00\" \/>\n<meta name=\"twitter:card\" content=\"summary_large_image\" \/>\n<meta name=\"twitter:label1\" content=\"Tiempo de lectura\" \/>\n\t<meta name=\"twitter:data1\" content=\"5 minutos\" \/>\n<script type=\"application\/ld+json\" class=\"yoast-schema-graph\">{\"@context\":\"https:\\\/\\\/schema.org\",\"@graph\":[{\"@type\":\"WebPage\",\"@id\":\"https:\\\/\\\/maisonlaw.com\\\/es\\\/glendale\\\/accidentes-automovil\\\/\",\"url\":\"https:\\\/\\\/maisonlaw.com\\\/es\\\/glendale\\\/accidentes-automovil\\\/\",\"name\":\"Abogado de Accidentes de Autom\u00f3vil en Glendale | Maison Law\",\"isPartOf\":{\"@id\":\"https:\\\/\\\/maisonlaw.com\\\/es\\\/#website\"},\"datePublished\":\"2021-10-13T04:01:29+00:00\",\"dateModified\":\"2021-11-05T14:33:27+00:00\",\"description\":\"La ciudad de Glendale se pone en marcha mucho antes de que salga el sol y se mantiene en movimiento hasta bien entrada la noche. Con sus conexiones con\",\"breadcrumb\":{\"@id\":\"https:\\\/\\\/maisonlaw.com\\\/es\\\/glendale\\\/accidentes-automovil\\\/#breadcrumb\"},\"inLanguage\":\"es\",\"potentialAction\":[{\"@type\":\"ReadAction\",\"target\":[\"https:\\\/\\\/maisonlaw.com\\\/es\\\/glendale\\\/accidentes-automovil\\\/\"]}]},{\"@type\":\"BreadcrumbList\",\"@id\":\"https:\\\/\\\/maisonlaw.com\\\/es\\\/glendale\\\/accidentes-automovil\\\/#breadcrumb\",\"itemListElement\":[{\"@type\":\"ListItem\",\"position\":1,\"name\":\"Home\",\"item\":\"https:\\\/\\\/maisonlaw.com\\\/es\\\/\"},{\"@type\":\"ListItem\",\"position\":2,\"name\":\"Abogado de Lesiones Personales en Glendale\",\"item\":\"https:\\\/\\\/maisonlaw.com\\\/es\\\/glendale\\\/?lang=es\"},{\"@type\":\"ListItem\",\"position\":3,\"name\":\"Abogado de Accidentes de Autom\u00f3vil en Glendale\"}]},{\"@type\":\"WebSite\",\"@id\":\"https:\\\/\\\/maisonlaw.com\\\/es\\\/#website\",\"url\":\"https:\\\/\\\/maisonlaw.com\\\/es\\\/\",\"name\":\"Maison Law Accident and Injury Lawyers\",\"description\":\"The Support You Need. The Settlement You Deserve.\",\"publisher\":{\"@id\":\"https:\\\/\\\/maisonlaw.com\\\/es\\\/#organization\"},\"alternateName\":\"Maison Law\",\"potentialAction\":[{\"@type\":\"SearchAction\",\"target\":{\"@type\":\"EntryPoint\",\"urlTemplate\":\"https:\\\/\\\/maisonlaw.com\\\/es\\\/?s={search_term_string}\"},\"query-input\":{\"@type\":\"PropertyValueSpecification\",\"valueRequired\":true,\"valueName\":\"search_term_string\"}}],\"inLanguage\":\"es\"},{\"@type\":\"Organization\",\"@id\":\"https:\\\/\\\/maisonlaw.com\\\/es\\\/#organization\",\"name\":\"Maison Law Accident & Injury Attorneys\",\"alternateName\":\"Maison Law\",\"url\":\"https:\\\/\\\/maisonlaw.com\\\/es\\\/\",\"logo\":{\"@type\":\"ImageObject\",\"inLanguage\":\"es\",\"@id\":\"https:\\\/\\\/maisonlaw.com\\\/es\\\/#\\\/schema\\\/logo\\\/image\\\/\",\"url\":\"https:\\\/\\\/maisonlaw.com\\\/wp-content\\\/uploads\\\/2025\\\/06\\\/experiment-logo-opt.png\",\"contentUrl\":\"https:\\\/\\\/maisonlaw.com\\\/wp-content\\\/uploads\\\/2025\\\/06\\\/experiment-logo-opt.png\",\"width\":1345,\"height\":294,\"caption\":\"Maison Law Accident & Injury Attorneys\"},\"image\":{\"@id\":\"https:\\\/\\\/maisonlaw.com\\\/es\\\/#\\\/schema\\\/logo\\\/image\\\/\"},\"sameAs\":[\"https:\\\/\\\/www.facebook.com\\\/maisonlawfirm\\\/\",\"https:\\\/\\\/www.linkedin.com\\\/in\\\/martin-gasparian-a9956516\\\/\",\"https:\\\/\\\/www.instagram.com\\\/maison_law\\\/\",\"https:\\\/\\\/www.youtube.com\\\/@maisonlaw\"],\"description\":\"Maison Law is a California Personal Injury Law Firm.\",\"legalName\":\"Maison Law\",\"foundingDate\":\"2014-01-01\",\"numberOfEmployees\":{\"@type\":\"QuantitativeValue\",\"minValue\":\"11\",\"maxValue\":\"50\"}}]}<\/script>\n<!-- \/ Yoast SEO Premium plugin. -->","yoast_head_json":{"title":"Abogado de Accidentes de Autom\u00f3vil en Glendale | Maison Law","description":"La ciudad de Glendale se pone en marcha mucho antes de que salga el sol y se mantiene en movimiento hasta bien entrada la noche. Con sus conexiones con","robots":{"index":"index","follow":"follow","max-snippet":"max-snippet:-1","max-image-preview":"max-image-preview:large","max-video-preview":"max-video-preview:-1"},"canonical":"https:\/\/maisonlaw.com\/es\/glendale\/accidentes-automovil\/","og_locale":"es_ES","og_type":"article","og_title":"Abogado de Accidentes de Autom\u00f3vil en Glendale","og_description":"La ciudad de Glendale se pone en marcha mucho antes de que salga el sol y se mantiene en movimiento hasta bien entrada la noche. Con sus conexiones con","og_url":"https:\/\/maisonlaw.com\/es\/glendale\/accidentes-automovil\/","og_site_name":"Maison Law","article_publisher":"https:\/\/www.facebook.com\/maisonlawfirm\/","article_modified_time":"2021-11-05T14:33:27+00:00","twitter_card":"summary_large_image","twitter_misc":{"Tiempo de lectura":"5 minutos"},"schema":{"@context":"https:\/\/schema.org","@graph":[{"@type":"WebPage","@id":"https:\/\/maisonlaw.com\/es\/glendale\/accidentes-automovil\/","url":"https:\/\/maisonlaw.com\/es\/glendale\/accidentes-automovil\/","name":"Abogado de Accidentes de Autom\u00f3vil en Glendale | Maison Law","isPartOf":{"@id":"https:\/\/maisonlaw.com\/es\/#website"},"datePublished":"2021-10-13T04:01:29+00:00","dateModified":"2021-11-05T14:33:27+00:00","description":"La ciudad de Glendale se pone en marcha mucho antes de que salga el sol y se mantiene en movimiento hasta bien entrada la noche. Con sus conexiones con","breadcrumb":{"@id":"https:\/\/maisonlaw.com\/es\/glendale\/accidentes-automovil\/#breadcrumb"},"inLanguage":"es","potentialAction":[{"@type":"ReadAction","target":["https:\/\/maisonlaw.com\/es\/glendale\/accidentes-automovil\/"]}]},{"@type":"BreadcrumbList","@id":"https:\/\/maisonlaw.com\/es\/glendale\/accidentes-automovil\/#breadcrumb","itemListElement":[{"@type":"ListItem","position":1,"name":"Home","item":"https:\/\/maisonlaw.com\/es\/"},{"@type":"ListItem","position":2,"name":"Abogado de Lesiones Personales en Glendale","item":"https:\/\/maisonlaw.com\/es\/glendale\/?lang=es"},{"@type":"ListItem","position":3,"name":"Abogado de Accidentes de Autom\u00f3vil en Glendale"}]},{"@type":"WebSite","@id":"https:\/\/maisonlaw.com\/es\/#website","url":"https:\/\/maisonlaw.com\/es\/","name":"Maison Law Accident and Injury Lawyers","description":"The Support You Need. The Settlement You Deserve.","publisher":{"@id":"https:\/\/maisonlaw.com\/es\/#organization"},"alternateName":"Maison Law","potentialAction":[{"@type":"SearchAction","target":{"@type":"EntryPoint","urlTemplate":"https:\/\/maisonlaw.com\/es\/?s={search_term_string}"},"query-input":{"@type":"PropertyValueSpecification","valueRequired":true,"valueName":"search_term_string"}}],"inLanguage":"es"},{"@type":"Organization","@id":"https:\/\/maisonlaw.com\/es\/#organization","name":"Maison Law Accident & Injury Attorneys","alternateName":"Maison Law","url":"https:\/\/maisonlaw.com\/es\/","logo":{"@type":"ImageObject","inLanguage":"es","@id":"https:\/\/maisonlaw.com\/es\/#\/schema\/logo\/image\/","url":"https:\/\/maisonlaw.com\/wp-content\/uploads\/2025\/06\/experiment-logo-opt.png","contentUrl":"https:\/\/maisonlaw.com\/wp-content\/uploads\/2025\/06\/experiment-logo-opt.png","width":1345,"height":294,"caption":"Maison Law Accident & Injury Attorneys"},"image":{"@id":"https:\/\/maisonlaw.com\/es\/#\/schema\/logo\/image\/"},"sameAs":["https:\/\/www.facebook.com\/maisonlawfirm\/","https:\/\/www.linkedin.com\/in\/martin-gasparian-a9956516\/","https:\/\/www.instagram.com\/maison_law\/","https:\/\/www.youtube.com\/@maisonlaw"],"description":"Maison Law is a California Personal Injury Law Firm.","legalName":"Maison Law","foundingDate":"2014-01-01","numberOfEmployees":{"@type":"QuantitativeValue","minValue":"11","maxValue":"50"}}]}},"_links":{"self":[{"href":"https:\/\/maisonlaw.com\/es\/wp-json\/wp\/v2\/pages\/8124","targetHints":{"allow":["GET"]}}],"collection":[{"href":"https:\/\/maisonlaw.com\/es\/wp-json\/wp\/v2\/pages"}],"about":[{"href":"https:\/\/maisonlaw.com\/es\/wp-json\/wp\/v2\/types\/page"}],"author":[{"embeddable":true,"href":"https:\/\/maisonlaw.com\/es\/wp-json\/wp\/v2\/users\/10"}],"replies":[{"embeddable":true,"href":"https:\/\/maisonlaw.com\/es\/wp-json\/wp\/v2\/comments?post=8124"}],"version-history":[{"count":0,"href":"https:\/\/maisonlaw.com\/es\/wp-json\/wp\/v2\/pages\/8124\/revisions"}],"up":[{"embeddable":true,"href":"https:\/\/maisonlaw.com\/es\/wp-json\/wp\/v2\/pages\/6604"}],"wp:attachment":[{"href":"https:\/\/maisonlaw.com\/es\/wp-json\/wp\/v2\/media?parent=8124"}],"curies":[{"name":"wp","href":"https:\/\/api.w.org\/{rel}","templated":true}]}}