{"id":8122,"date":"2021-10-12T23:15:31","date_gmt":"2021-10-12T23:15:31","guid":{"rendered":"https:\/\/maisonlaw.com\/?page_id=8122"},"modified":"2021-11-05T17:29:56","modified_gmt":"2021-11-05T17:29:56","slug":"accidentes-automovil","status":"publish","type":"page","link":"https:\/\/maisonlaw.com\/es\/fresno\/accidentes-automovil\/","title":{"rendered":"Abogado de Accidentes de Autom\u00f3vil en Fresno"},"content":{"rendered":"<p><span style=\"font-weight: 400;\">Cualquiera que haya resultado gravemente herido en un accidente de autom\u00f3vil en Fresno o sus alrededores va a necesitar un abogado de accidentes de autom\u00f3vil experimentado y eficaz que le ayude a preservar sus derechos y a buscar una compensaci\u00f3n completa seg\u00fan la ley de California. Cada caso de accidente de autom\u00f3vil es diferente, y cada v\u00edctima de un accidente de autom\u00f3vil es diferente tambi\u00e9n. No existe un enfoque legal de \u00abtalla \u00fanica\u00bb para las lesiones resultantes de los accidentes de autom\u00f3vil. Cualquier n\u00famero de variables puede influir en la causa de un accidente y en las lesiones resultantes del mismo. Por eso las v\u00edctimas deben consultar y contratar a un abogado de accidentes de autom\u00f3vil en Fresno con una amplia experiencia en los muchos tipos de accidentes de autom\u00f3vil que pueden ocurrir. Al hacerlo, las v\u00edctimas tienen la seguridad de que su derecho a una indemnizaci\u00f3n completa y justa por sus lesiones est\u00e1 totalmente protegido.<\/span><\/p>\n<p><iframe title=\"Abogados de Accidentes de Auto en California.mp4\" src=\"https:\/\/player.vimeo.com\/video\/640605765?dnt=1&amp;app_id=122963\" width=\"800\" height=\"450\" frameborder=\"0\" allow=\"autoplay; fullscreen; picture-in-picture\"><\/iframe><\/p>\n<h2><b>PREPARACI\u00d3N ADECUADA DEL CASO<\/b><\/h2>\n<p><span style=\"font-weight: 400;\">La ley s\u00f3lo da a las v\u00edctimas de lesiones una oportunidad para reclamar una indemnizaci\u00f3n por las lesiones y los da\u00f1os que han sufrido como consecuencia del descuido y la negligencia de otra persona. Desde el momento en que una v\u00edctima resulta herida en un accidente de autom\u00f3vil, es extremadamente importante que la tramitaci\u00f3n de una reclamaci\u00f3n o demanda se lleve a cabo de forma profesional. La documentaci\u00f3n adecuada de las pruebas y los da\u00f1os es fundamental. Tambi\u00e9n deben cumplirse plazos estrictos. El incumplimiento de los mismos por parte de un demandante puede hacer que pierda para siempre la oportunidad de ser indemnizado por sus lesiones. Dado el hecho de que las facturas m\u00e9dicas de un accidente y el tiempo perdido en el trabajo pueden oscilar entre decenas de miles y cientos de miles de d\u00f3lares, y el hecho de que la permanencia de una lesi\u00f3n puede ir desde una incapacidad ocasional hasta una permanente y constante, los peligros legales y personales de no contratar un abogado y una defensa de calidad son demasiado arriesgados.<\/span><\/p>\n<h2><b>EL HISTORIAL DE FRESNO<\/b><\/h2>\n<p><span style=\"font-weight: 400;\">Tal y como informa el Fresno Bee, Fresno ocupa el puesto 15 de las peores ciudades del pa\u00eds para conducir, y ocupa el quinto lugar en cuanto a conductores ebrios. Aparte de esos conductores ebrios, Fresno ocupa el puesto 18 en multas de tr\u00e1fico, el 24 en multas por exceso de velocidad y el 31 en accidentes. No es un buen historial de seguridad vial en absoluto para una ciudad que es s\u00f3lo un poco m\u00e1s grande que Omaha. Estas son algunas de las causas m\u00e1s comunes de los accidentes de autom\u00f3vil en Fresno y sus alrededores:<\/span><\/p>\n<ul>\n<li aria-level=\"1\"><b>Conducci\u00f3n distra\u00edda.<\/b><\/li>\n<\/ul>\n<ul>\n<li aria-level=\"1\"><b>Conducir ebrio, drogado o una combinaci\u00f3n de ambos.<\/b><\/li>\n<\/ul>\n<ul>\n<li aria-level=\"1\"><b>Seguir demasiado de cerca.<\/b><\/li>\n<\/ul>\n<ul>\n<li aria-level=\"1\"><b>Exceso de velocidad.<\/b><\/li>\n<\/ul>\n<ul>\n<li aria-level=\"1\"><b>Conducir demasiado r\u00e1pido para las condiciones meteorol\u00f3gicas o de tr\u00e1fico.<\/b><\/li>\n<\/ul>\n<ul>\n<li aria-level=\"1\"><b>Desobedecer los sem\u00e1foros en rojo y las se\u00f1ales de stop.<\/b><\/li>\n<\/ul>\n<ul>\n<li aria-level=\"1\"><b>Cambios repentinos de carril a alta velocidad.<\/b><\/li>\n<\/ul>\n<h2><b>P\u00d3NGASE EN CONTACTO CON UN ABOGADO DE ACCIDENTES DE AUTOM\u00d3VIL EN FRESNO HOY.<\/b><\/h2>\n<p><span style=\"font-weight: 400;\">Este tipo de descuidos y negligencias provocan una gran variedad de lesiones graves, como lesiones cerebrales y de la m\u00e9dula espinal traum\u00e1ticas, fracturas m\u00faltiples, da\u00f1os en los \u00f3rganos internos, desgarro del cart\u00edlago de las rodillas y los hombros y graves cicatrices permanentes. Llame a la polic\u00eda y a los param\u00e9dicos al lugar de su accidente y busque tratamiento en la sala de emergencias. Despu\u00e9s, p\u00f3ngase en contacto con nosotros para obtener una consulta y una evaluaci\u00f3n gratuita de su caso. Queremos escuchar lo que le ocurri\u00f3. Tambi\u00e9n responderemos a sus preguntas y le aconsejaremos sobre el mejor curso de acci\u00f3n legal para obtener una indemnizaci\u00f3n. Ni siquiera hay que pagar honorarios legales a menos que obtengamos un acuerdo o una indemnizaci\u00f3n para usted. Llame al 911, busque tratamiento y ll\u00e1menos despu\u00e9s de resultar herido en cualquier accidente automovil\u00edstico en Fresno o sus alrededores que haya sido causado por el descuido y la negligencia de otra persona.<\/span><\/p>\n<p><b>Recursos adicionales sobre accidentes de autom\u00f3vil:<\/b><\/p>\n<ul>\n<li aria-level=\"1\"><b>Informes de accidentes en Fresno<\/b><\/li>\n<\/ul>\n<ul>\n<li aria-level=\"1\"><b>Accidentes de tr\u00e1fico<\/b><\/li>\n<\/ul>\n<ul>\n<li aria-level=\"1\"><b>Centro de Trauma de Fresno<\/b><\/li>\n<\/ul>\n<p>&nbsp;<\/p>\n","protected":false},"excerpt":{"rendered":"<p>Cualquiera que haya resultado gravemente herido en un accidente de autom\u00f3vil en Fresno o sus alrededores va a necesitar un abogado de accidentes de autom\u00f3vil experimentado y eficaz que le ayude a preservar sus derechos y a buscar una compensaci\u00f3n completa seg\u00fan la ley de California. Cada caso de accidente de autom\u00f3vil es diferente, y [&hellip;]<\/p>\n","protected":false},"author":10,"featured_media":0,"parent":7556,"menu_order":0,"comment_status":"closed","ping_status":"closed","template":"elementor_header_footer","meta":{"footnotes":""},"class_list":["post-8122","page","type-page","status-publish","hentry"],"yoast_head":"<!-- This site is optimized with the Yoast SEO Premium plugin v27.4 (Yoast SEO v27.4) - https:\/\/yoast.com\/product\/yoast-seo-premium-wordpress\/ -->\n<title>Abogado de Accidentes de Autom\u00f3vil en Fresno | Maison Law<\/title>\n<meta name=\"description\" content=\"Cualquiera que haya resultado gravemente herido en un accidente de autom\u00f3vil en Fresno o sus alrededores va a necesitar un abogado de accidentes de\" \/>\n<meta name=\"robots\" content=\"index, follow, max-snippet:-1, max-image-preview:large, max-video-preview:-1\" \/>\n<link rel=\"canonical\" href=\"https:\/\/maisonlaw.com\/es\/fresno\/accidentes-automovil\/\" \/>\n<meta property=\"og:locale\" content=\"es_ES\" \/>\n<meta property=\"og:type\" content=\"article\" \/>\n<meta property=\"og:title\" content=\"Abogado de Accidentes de Autom\u00f3vil en Fresno\" \/>\n<meta property=\"og:description\" content=\"Cualquiera que haya resultado gravemente herido en un accidente de autom\u00f3vil en Fresno o sus alrededores va a necesitar un abogado de accidentes de\" \/>\n<meta property=\"og:url\" content=\"https:\/\/maisonlaw.com\/es\/fresno\/accidentes-automovil\/\" \/>\n<meta property=\"og:site_name\" content=\"Maison Law\" \/>\n<meta property=\"article:publisher\" content=\"https:\/\/www.facebook.com\/maisonlawfirm\/\" \/>\n<meta property=\"article:modified_time\" content=\"2021-11-05T17:29:56+00:00\" \/>\n<meta name=\"twitter:card\" content=\"summary_large_image\" \/>\n<meta name=\"twitter:label1\" content=\"Tiempo de lectura\" \/>\n\t<meta name=\"twitter:data1\" content=\"4 minutos\" \/>\n<script type=\"application\/ld+json\" class=\"yoast-schema-graph\">{\"@context\":\"https:\\\/\\\/schema.org\",\"@graph\":[{\"@type\":\"WebPage\",\"@id\":\"https:\\\/\\\/maisonlaw.com\\\/es\\\/fresno\\\/accidentes-automovil\\\/\",\"url\":\"https:\\\/\\\/maisonlaw.com\\\/es\\\/fresno\\\/accidentes-automovil\\\/\",\"name\":\"Abogado de Accidentes de Autom\u00f3vil en Fresno | Maison Law\",\"isPartOf\":{\"@id\":\"https:\\\/\\\/maisonlaw.com\\\/es\\\/#website\"},\"datePublished\":\"2021-10-12T23:15:31+00:00\",\"dateModified\":\"2021-11-05T17:29:56+00:00\",\"description\":\"Cualquiera que haya resultado gravemente herido en un accidente de autom\u00f3vil en Fresno o sus alrededores va a necesitar un abogado de accidentes de\",\"breadcrumb\":{\"@id\":\"https:\\\/\\\/maisonlaw.com\\\/es\\\/fresno\\\/accidentes-automovil\\\/#breadcrumb\"},\"inLanguage\":\"es\",\"potentialAction\":[{\"@type\":\"ReadAction\",\"target\":[\"https:\\\/\\\/maisonlaw.com\\\/es\\\/fresno\\\/accidentes-automovil\\\/\"]}]},{\"@type\":\"BreadcrumbList\",\"@id\":\"https:\\\/\\\/maisonlaw.com\\\/es\\\/fresno\\\/accidentes-automovil\\\/#breadcrumb\",\"itemListElement\":[{\"@type\":\"ListItem\",\"position\":1,\"name\":\"Home\",\"item\":\"https:\\\/\\\/maisonlaw.com\\\/es\\\/\"},{\"@type\":\"ListItem\",\"position\":2,\"name\":\"Abogados De Accidentes En Fresno California\",\"item\":\"https:\\\/\\\/maisonlaw.com\\\/es\\\/fresno\\\/?lang=es\"},{\"@type\":\"ListItem\",\"position\":3,\"name\":\"Abogado de Accidentes de Autom\u00f3vil en Fresno\"}]},{\"@type\":\"WebSite\",\"@id\":\"https:\\\/\\\/maisonlaw.com\\\/es\\\/#website\",\"url\":\"https:\\\/\\\/maisonlaw.com\\\/es\\\/\",\"name\":\"Maison Law Accident and Injury Lawyers\",\"description\":\"The Support You Need. The Settlement You Deserve.\",\"publisher\":{\"@id\":\"https:\\\/\\\/maisonlaw.com\\\/es\\\/#organization\"},\"alternateName\":\"Maison Law\",\"potentialAction\":[{\"@type\":\"SearchAction\",\"target\":{\"@type\":\"EntryPoint\",\"urlTemplate\":\"https:\\\/\\\/maisonlaw.com\\\/es\\\/?s={search_term_string}\"},\"query-input\":{\"@type\":\"PropertyValueSpecification\",\"valueRequired\":true,\"valueName\":\"search_term_string\"}}],\"inLanguage\":\"es\"},{\"@type\":\"Organization\",\"@id\":\"https:\\\/\\\/maisonlaw.com\\\/es\\\/#organization\",\"name\":\"Maison Law Accident & Injury Attorneys\",\"alternateName\":\"Maison Law\",\"url\":\"https:\\\/\\\/maisonlaw.com\\\/es\\\/\",\"logo\":{\"@type\":\"ImageObject\",\"inLanguage\":\"es\",\"@id\":\"https:\\\/\\\/maisonlaw.com\\\/es\\\/#\\\/schema\\\/logo\\\/image\\\/\",\"url\":\"https:\\\/\\\/maisonlaw.com\\\/wp-content\\\/uploads\\\/2025\\\/06\\\/experiment-logo-opt.png\",\"contentUrl\":\"https:\\\/\\\/maisonlaw.com\\\/wp-content\\\/uploads\\\/2025\\\/06\\\/experiment-logo-opt.png\",\"width\":1345,\"height\":294,\"caption\":\"Maison Law Accident & Injury Attorneys\"},\"image\":{\"@id\":\"https:\\\/\\\/maisonlaw.com\\\/es\\\/#\\\/schema\\\/logo\\\/image\\\/\"},\"sameAs\":[\"https:\\\/\\\/www.facebook.com\\\/maisonlawfirm\\\/\",\"https:\\\/\\\/www.linkedin.com\\\/in\\\/martin-gasparian-a9956516\\\/\",\"https:\\\/\\\/www.instagram.com\\\/maison_law\\\/\",\"https:\\\/\\\/www.youtube.com\\\/@maisonlaw\"],\"description\":\"Maison Law is a California Personal Injury Law Firm.\",\"legalName\":\"Maison Law\",\"foundingDate\":\"2014-01-01\",\"numberOfEmployees\":{\"@type\":\"QuantitativeValue\",\"minValue\":\"11\",\"maxValue\":\"50\"}}]}<\/script>\n<!-- \/ Yoast SEO Premium plugin. -->","yoast_head_json":{"title":"Abogado de Accidentes de Autom\u00f3vil en Fresno | Maison Law","description":"Cualquiera que haya resultado gravemente herido en un accidente de autom\u00f3vil en Fresno o sus alrededores va a necesitar un abogado de accidentes de","robots":{"index":"index","follow":"follow","max-snippet":"max-snippet:-1","max-image-preview":"max-image-preview:large","max-video-preview":"max-video-preview:-1"},"canonical":"https:\/\/maisonlaw.com\/es\/fresno\/accidentes-automovil\/","og_locale":"es_ES","og_type":"article","og_title":"Abogado de Accidentes de Autom\u00f3vil en Fresno","og_description":"Cualquiera que haya resultado gravemente herido en un accidente de autom\u00f3vil en Fresno o sus alrededores va a necesitar un abogado de accidentes de","og_url":"https:\/\/maisonlaw.com\/es\/fresno\/accidentes-automovil\/","og_site_name":"Maison Law","article_publisher":"https:\/\/www.facebook.com\/maisonlawfirm\/","article_modified_time":"2021-11-05T17:29:56+00:00","twitter_card":"summary_large_image","twitter_misc":{"Tiempo de lectura":"4 minutos"},"schema":{"@context":"https:\/\/schema.org","@graph":[{"@type":"WebPage","@id":"https:\/\/maisonlaw.com\/es\/fresno\/accidentes-automovil\/","url":"https:\/\/maisonlaw.com\/es\/fresno\/accidentes-automovil\/","name":"Abogado de Accidentes de Autom\u00f3vil en Fresno | Maison Law","isPartOf":{"@id":"https:\/\/maisonlaw.com\/es\/#website"},"datePublished":"2021-10-12T23:15:31+00:00","dateModified":"2021-11-05T17:29:56+00:00","description":"Cualquiera que haya resultado gravemente herido en un accidente de autom\u00f3vil en Fresno o sus alrededores va a necesitar un abogado de accidentes de","breadcrumb":{"@id":"https:\/\/maisonlaw.com\/es\/fresno\/accidentes-automovil\/#breadcrumb"},"inLanguage":"es","potentialAction":[{"@type":"ReadAction","target":["https:\/\/maisonlaw.com\/es\/fresno\/accidentes-automovil\/"]}]},{"@type":"BreadcrumbList","@id":"https:\/\/maisonlaw.com\/es\/fresno\/accidentes-automovil\/#breadcrumb","itemListElement":[{"@type":"ListItem","position":1,"name":"Home","item":"https:\/\/maisonlaw.com\/es\/"},{"@type":"ListItem","position":2,"name":"Abogados De Accidentes En Fresno California","item":"https:\/\/maisonlaw.com\/es\/fresno\/?lang=es"},{"@type":"ListItem","position":3,"name":"Abogado de Accidentes de Autom\u00f3vil en Fresno"}]},{"@type":"WebSite","@id":"https:\/\/maisonlaw.com\/es\/#website","url":"https:\/\/maisonlaw.com\/es\/","name":"Maison Law Accident and Injury Lawyers","description":"The Support You Need. The Settlement You Deserve.","publisher":{"@id":"https:\/\/maisonlaw.com\/es\/#organization"},"alternateName":"Maison Law","potentialAction":[{"@type":"SearchAction","target":{"@type":"EntryPoint","urlTemplate":"https:\/\/maisonlaw.com\/es\/?s={search_term_string}"},"query-input":{"@type":"PropertyValueSpecification","valueRequired":true,"valueName":"search_term_string"}}],"inLanguage":"es"},{"@type":"Organization","@id":"https:\/\/maisonlaw.com\/es\/#organization","name":"Maison Law Accident & Injury Attorneys","alternateName":"Maison Law","url":"https:\/\/maisonlaw.com\/es\/","logo":{"@type":"ImageObject","inLanguage":"es","@id":"https:\/\/maisonlaw.com\/es\/#\/schema\/logo\/image\/","url":"https:\/\/maisonlaw.com\/wp-content\/uploads\/2025\/06\/experiment-logo-opt.png","contentUrl":"https:\/\/maisonlaw.com\/wp-content\/uploads\/2025\/06\/experiment-logo-opt.png","width":1345,"height":294,"caption":"Maison Law Accident & Injury Attorneys"},"image":{"@id":"https:\/\/maisonlaw.com\/es\/#\/schema\/logo\/image\/"},"sameAs":["https:\/\/www.facebook.com\/maisonlawfirm\/","https:\/\/www.linkedin.com\/in\/martin-gasparian-a9956516\/","https:\/\/www.instagram.com\/maison_law\/","https:\/\/www.youtube.com\/@maisonlaw"],"description":"Maison Law is a California Personal Injury Law Firm.","legalName":"Maison Law","foundingDate":"2014-01-01","numberOfEmployees":{"@type":"QuantitativeValue","minValue":"11","maxValue":"50"}}]}},"_links":{"self":[{"href":"https:\/\/maisonlaw.com\/es\/wp-json\/wp\/v2\/pages\/8122","targetHints":{"allow":["GET"]}}],"collection":[{"href":"https:\/\/maisonlaw.com\/es\/wp-json\/wp\/v2\/pages"}],"about":[{"href":"https:\/\/maisonlaw.com\/es\/wp-json\/wp\/v2\/types\/page"}],"author":[{"embeddable":true,"href":"https:\/\/maisonlaw.com\/es\/wp-json\/wp\/v2\/users\/10"}],"replies":[{"embeddable":true,"href":"https:\/\/maisonlaw.com\/es\/wp-json\/wp\/v2\/comments?post=8122"}],"version-history":[{"count":0,"href":"https:\/\/maisonlaw.com\/es\/wp-json\/wp\/v2\/pages\/8122\/revisions"}],"up":[{"embeddable":true,"href":"https:\/\/maisonlaw.com\/es\/wp-json\/wp\/v2\/pages\/7556"}],"wp:attachment":[{"href":"https:\/\/maisonlaw.com\/es\/wp-json\/wp\/v2\/media?parent=8122"}],"curies":[{"name":"wp","href":"https:\/\/api.w.org\/{rel}","templated":true}]}}