{"id":8120,"date":"2021-10-12T22:15:08","date_gmt":"2021-10-12T22:15:08","guid":{"rendered":"https:\/\/maisonlaw.com\/?page_id=8120"},"modified":"2021-11-05T12:23:13","modified_gmt":"2021-11-05T12:23:13","slug":"accidentes-automovil","status":"publish","type":"page","link":"https:\/\/maisonlaw.com\/es\/bakersfield\/accidentes-automovil\/","title":{"rendered":"Abogado de Accidentes de Autom\u00f3vil en Bakersfield"},"content":{"rendered":"<p><span style=\"font-weight: 400;\">Puede que los conductores de Bakersfield lleven a los ni\u00f1os al colegio cada ma\u00f1ana o que tomen la misma carretera para ir al trabajo cada d\u00eda. Puede que caigan en la rutina y no se den cuenta de lo cerca que han estado de un choque, de los cuales\u00a0 los conductores descuidados les someten cada semana.<\/span><\/p>\n<p><span style=\"font-weight: 400;\">El objetivo es que usted y sus pasajeros nunca se vean obligados a sufrir un accidente y queden con lo que pueden ser lesiones graves. Pero si usted es atropellado sin tener la culpa, es justo esperar la ayuda del proveedor de seguros del conductor culpable, pero eso no es siempre lo que sucede.<\/span><\/p>\n<p><iframe title=\"Abogados de Accidentes de Auto en California.mp4\" src=\"https:\/\/player.vimeo.com\/video\/640605765?dnt=1&amp;app_id=122963\" width=\"800\" height=\"450\" frameborder=\"0\" allow=\"autoplay; fullscreen; picture-in-picture\"><\/iframe><\/p>\n<h2><b>APOYO A LAS V\u00cdCTIMAS DE ACCIDENTES DE AUTOM\u00d3VIL EN BAKERSFIELD<\/b><\/h2>\n<p><span style=\"font-weight: 400;\">Despu\u00e9s de una colisi\u00f3n aterradora en las transitadas carreteras de Bakersfield, nunca conf\u00ede en que un agente de seguros d\u00e9 un paso al frente, asuma la responsabilidad y le proporcione todo lo que necesita para su recuperaci\u00f3n. Necesita que un abogado de lesiones personales como <\/span><span style=\"font-weight: 400;\">Martin Gasparian<\/span><span style=\"font-weight: 400;\"> salvaguarde sus derechos como v\u00edctima para poner a la compa\u00f1\u00eda de seguros sobre aviso&#8230; No aceptar\u00e1 menos de lo que es justo por lo que ha tenido que soportar.<\/span><\/p>\n<p><span style=\"font-weight: 400;\">El Sr. Gasparian ofrece una evaluaci\u00f3n gratuita de su caso a las v\u00edctimas de Bakersfield y de todo el condado de Kern. Perm\u00edtale ponerse a trabajar lo antes posible para asegurar las pruebas que necesitar\u00e1 cuando tenga que convencer a una gigantesca corporaci\u00f3n de seguros de que haga lo correcto y le ayude. Conc\u00e9ntrese en su recuperaci\u00f3n y deje que un experto legal con un largo historial de \u00e9xito en sus casos le asegure la compensaci\u00f3n que necesita.<\/span><\/p>\n<h2><b>AMENAZAS COMUNES A LOS CONDUCTORES EN LAS CALLES DE BAKERSFIELD<\/b><\/h2>\n<p><span style=\"font-weight: 400;\">Al recorrer las principales v\u00edas de Bakersfield los peligros de los conductores descuidados pueden venir de cualquier \u00e1ngulo. Los conductores distra\u00eddos que sostienen un tel\u00e9fono m\u00f3vil o gritan a un pasajero probablemente no sepan en qu\u00e9 carril o carriles se encuentran y eso significa que usted tambi\u00e9n tendr\u00e1 dificultades para predecir hacia d\u00f3nde se dirigen.<\/span><\/p>\n<p><span style=\"font-weight: 400;\">Estas son s\u00f3lo algunas de las opciones y situaciones peligrosas e imprudentes que podr\u00edan poner un final aterrador a su viaje en Bakersfield:<\/span><\/p>\n<ul>\n<li aria-level=\"1\"><b>Conducir bajo los efectos del alcohol \u2014 A pesar de todas las campa\u00f1as destinadas a informar a los conductores de los peligros y de los puestos de control establecidos para atrapar a los infractores, los conductores siguen optando por subirse al asiento del conductor mientras su percepci\u00f3n est\u00e1 peligrosamente alterada por las drogas o el alcohol. Los conductores inocentes no tienen ninguna posibilidad de anticiparse a la acci\u00f3n de un conductor ebrio y evitar un fuerte impacto.<\/b><\/li>\n<\/ul>\n<ul>\n<li aria-level=\"1\"><b>Conducci\u00f3n desprevenida y carreras hostiles: En Bakersfield no faltan los conductores que muestran poca preocupaci\u00f3n por los dem\u00e1s automovilistas. Pueden pisar el acelerador para alcanzar velocidades excesivas y tambi\u00e9n se desv\u00edan dentro y fuera del tr\u00e1fico. Las carreras callejeras son actualmente un gran peligro que pone en peligro a todos los veh\u00edculos de la carretera. Los conductores que alcanzan las altas velocidades que se ven en una carrera pueden perder f\u00e1cilmente el control y golpear a transe\u00fantes inocentes y a otros veh\u00edculos.<\/b><\/li>\n<\/ul>\n<ul>\n<li aria-level=\"1\"><b>Conducci\u00f3n err\u00f3nea y colisiones frontales: Las carreteras rurales y los largos tramos de las interestatales son lugares propicios para que los conductores confundidos cometan un peligroso error de juicio. Por la raz\u00f3n que sea, se meten en las carreteras circulando en sentido contrario al resto del tr\u00e1fico. Puede pasar un tiempo antes de que se d\u00e9 cuenta del error y, para entonces, puede haber sufrido una peligrosa colisi\u00f3n frontal. Los viajeros que circulan por autopistas de dos carriles con mucho tr\u00e1fico, en las que los autom\u00f3viles pasan a escasos cent\u00edmetros unos de otros, pueden ser escenario de terribles colisiones. Un ligero cambio de rumbo de un veh\u00edculo puede hacer que un autom\u00f3vil se dirija directamente hacia otro.<\/b><\/li>\n<\/ul>\n<ul>\n<li aria-level=\"1\"><b>Accidentes por vuelco y expulsi\u00f3n: Cada vez que un veh\u00edculo abandona sus ruedas, los conductores y los pasajeros de su interior est\u00e1n expuestos a poderosas fuerzas. Los airbags y los cinturones de seguridad pueden no ser capaces de proteger completamente a las v\u00edctimas y pueden producirse lesiones devastadoras.<\/b><\/li>\n<\/ul>\n<ul>\n<li style=\"font-weight: 400;\" aria-level=\"1\"><b>Camiones grandes y veh\u00edculos utilitarios: Los grandes veh\u00edculos industriales y agr\u00edcolas entran y salen de Bakersfield a todas horas y las personas que viajan en veh\u00edculos m\u00e1s peque\u00f1os pueden acabar siendo sacadas de la carretera o sometidas a una espantosa colisi\u00f3n frontal. Las secuelas de estos accidentes pueden implicar a los proveedores de seguros tanto de los conductores de los camiones como de las empresas locales para las que trabajan.<\/b><\/li>\n<\/ul>\n<h2><b>LESIONES POR ACCIDENTE DE AUTOM\u00d3VIL TRATADAS EN LAS URGENCIAS LOCALES<\/b><\/h2>\n<p><span style=\"font-weight: 400;\">La batalla para conseguir una indemnizaci\u00f3n justa de una compa\u00f1\u00eda de seguros puede ser dif\u00edcil para las v\u00edctimas, pero tambi\u00e9n es absolutamente necesaria. Las lesiones sufridas en un impacto violento pueden alterar la vida. Los costes pueden ir mucho m\u00e1s all\u00e1 de un viaje a la sala de urgencias y una visita al m\u00e9dico de cabecera.<\/span><\/p>\n<p><span style=\"font-weight: 400;\">Todo el cuerpo est\u00e1 en riesgo en cualquier tipo de colisi\u00f3n y poder costear la mejor atenci\u00f3n m\u00e9dica disponible es vital para asegurar la recuperaci\u00f3n de la v\u00edctima.<\/span><\/p>\n<p><span style=\"font-weight: 400;\">Estas son algunas de las lesiones m\u00e1s comunes tratadas por los m\u00e9dicos de urgencias tras una colisi\u00f3n:<\/span><\/p>\n<ul>\n<li aria-level=\"1\"><b>Lesiones cerebrales: Los traumatismos craneoencef\u00e1licos pueden provocar conmociones cerebrales de diversa gravedad.\u00a0 Los da\u00f1os cerebrales permanentes pueden conllevar la p\u00e9rdida de valiosos recuerdos y privar a las v\u00edctimas de la capacidad de valerse por s\u00ed mismas.<\/b><\/li>\n<\/ul>\n<ul>\n<li aria-level=\"1\"><b>Fracturas \u00f3seas: Las fracturas leves y compuestas pueden requerir m\u00faltiples cirug\u00edas.\u00a0 Los huesos rotos pueden negarse a sanar adecuadamente y requerir cuidados adicionales durante meses.<\/b><\/li>\n<\/ul>\n<ul>\n<li aria-level=\"1\"><b>Lesiones de cuello: El latigazo cervical es el movimiento severo de la cabeza de adelante hacia atr\u00e1s en una colisi\u00f3n. Esta lesi\u00f3n tan com\u00fan hace que el giro de la cabeza y el movimiento del cuello sean extremadamente dolorosos. El da\u00f1o del nervio del disco es otra posible lesi\u00f3n que se produce cuando el cuello se sacude hacia adelante y hacia atr\u00e1s.<\/b><\/li>\n<\/ul>\n<ul>\n<li aria-level=\"1\"><b>Da\u00f1os en los tejidos blandos: Los \u00f3rganos, los m\u00fasculos y los ligamentos pueden magullarse o desgarrarse. El tejido que conecta y mantiene los \u00f3rganos en su sitio puede resultar da\u00f1ado y puede ser necesaria una cirug\u00eda estabilizadora.<\/b><\/li>\n<\/ul>\n<ul>\n<li aria-level=\"1\"><b>Desfiguraci\u00f3n permanente e incapacidad permanente: Una lesi\u00f3n puede causar cambios permanentes en la vida, como los que se observan con la p\u00e9rdida de control de la parte inferior del cuerpo y la p\u00e9rdida de visi\u00f3n. Los pacientes pueden requerir cuidados de por vida y un costoso equipo m\u00e9dico. Una cicatriz permanente u otros da\u00f1os en la piel pueden afectar a la imagen que la v\u00edctima tiene de s\u00ed misma. Las v\u00edctimas pueden necesitar mucho m\u00e1s en compensaci\u00f3n simplemente para reintegrarse a su vida anterior lo mejor posible.<\/b><\/li>\n<\/ul>\n<h2><b>Demandas por Muerte por Negligencia para proteger a las familias<\/b><\/h2>\n<p><span style=\"font-weight: 400;\">Tras un terrible accidente, las familias pueden recibir la noticia de que les han robado una preciosa vida. Un ser querido puede ser arrebatado repentinamente de su familia y amigos.<\/span><\/p>\n<p><span style=\"font-weight: 400;\">Colocados en una posici\u00f3n tan desgarradora, los parientes cercanos pueden buscar apoyo para estabilizar econ\u00f3micamente a la familia a trav\u00e9s de una demanda por muerte por negligencia. Esta demanda civil busca obtener apoyo de la aseguradora del conductor culpable para los numerosos gastos que surgir\u00e1n para la familia.<\/span><\/p>\n<p><span style=\"font-weight: 400;\">Los gastos de un servicio funerario pueden enfrentar a los miembros de la familia en pocos d\u00edas. Tambi\u00e9n pueden llegar las facturas de la ambulancia y de la atenci\u00f3n m\u00e9dica prestada antes de que la v\u00edctima falleciera. Estas dificultades pueden aparecer justo cuando la familia ya no tiene el beneficio de la paga semanal del trabajo del fallecido. Una reclamaci\u00f3n por muerte por negligencia puede sustituir los salarios perdidos ahora y los que se perder\u00e1n en los a\u00f1os venideros.<\/span><\/p>\n<h2><b>CONTACTE CON UN ABOGADO DE ACCIDENTES DE AUTOM\u00d3VIL EN BAKERSFIELD<\/b><\/h2>\n<p><span style=\"font-weight: 400;\">Si est\u00e1 gravemente herido en un accidente de autom\u00f3vil, o si ha perdido tr\u00e1gicamente a un ser querido, <\/span><span style=\"font-weight: 400;\">p\u00f3ngase en contacto<\/span><span style=\"font-weight: 400;\"> con un abogado local especializado en accidentes de autom\u00f3vil para informarse de los derechos que existen en California para protegerle a usted y a su familia.<\/span><\/p>\n<p><span style=\"font-weight: 400;\">Aproveche una sesi\u00f3n de consulta gratuita ofrecida por Maison Law para saber m\u00e1s sobre lo vulnerable que puede ser al intentar conseguir ayuda para usted y su familia de una compa\u00f1\u00eda de seguros.<\/span><\/p>\n<p><span style=\"font-weight: 400;\">Las compa\u00f1\u00edas de seguros no est\u00e1n obligadas a informarle de todo lo que tiene a su disposici\u00f3n despu\u00e9s de un accidente. De hecho, prefieren que usted permanezca desinformado con la esperanza de que firme un acuerdo que vale mucho menos de lo que necesitar\u00e1 en la recuperaci\u00f3n.<\/span><\/p>\n","protected":false},"excerpt":{"rendered":"<p>Puede que los conductores de Bakersfield lleven a los ni\u00f1os al colegio cada ma\u00f1ana o que tomen la misma carretera para ir al trabajo cada d\u00eda. Puede que caigan en la rutina y no se den cuenta de lo cerca que han estado de un choque, de los cuales\u00a0 los conductores descuidados les someten cada [&hellip;]<\/p>\n","protected":false},"author":10,"featured_media":0,"parent":6357,"menu_order":0,"comment_status":"closed","ping_status":"closed","template":"","meta":{"footnotes":""},"class_list":["post-8120","page","type-page","status-publish","hentry"],"yoast_head":"<!-- This site is optimized with the Yoast SEO Premium plugin v27.3 (Yoast SEO v27.3) - https:\/\/yoast.com\/product\/yoast-seo-premium-wordpress\/ -->\n<title>Abogado de Accidentes de Autom\u00f3vil en Bakersfield | Maison Law<\/title>\n<meta name=\"description\" content=\"Puede que los conductores de Bakersfield lleven a los ni\u00f1os al colegio cada ma\u00f1ana o que tomen la misma carretera para ir al trabajo cada d\u00eda. Puede que\" \/>\n<meta name=\"robots\" content=\"index, follow, max-snippet:-1, max-image-preview:large, max-video-preview:-1\" \/>\n<link rel=\"canonical\" href=\"https:\/\/maisonlaw.com\/es\/bakersfield\/accidentes-automovil\/\" \/>\n<meta property=\"og:locale\" content=\"es_ES\" \/>\n<meta property=\"og:type\" content=\"article\" \/>\n<meta property=\"og:title\" content=\"Abogado de Accidentes de Autom\u00f3vil en Bakersfield\" \/>\n<meta property=\"og:description\" content=\"Puede que los conductores de Bakersfield lleven a los ni\u00f1os al colegio cada ma\u00f1ana o que tomen la misma carretera para ir al trabajo cada d\u00eda. Puede que\" \/>\n<meta property=\"og:url\" content=\"https:\/\/maisonlaw.com\/es\/bakersfield\/accidentes-automovil\/\" \/>\n<meta property=\"og:site_name\" content=\"Maison Law\" \/>\n<meta property=\"article:publisher\" content=\"https:\/\/www.facebook.com\/maisonlawfirm\/\" \/>\n<meta property=\"article:modified_time\" content=\"2021-11-05T12:23:13+00:00\" \/>\n<meta name=\"twitter:card\" content=\"summary_large_image\" \/>\n<meta name=\"twitter:label1\" content=\"Tiempo de lectura\" \/>\n\t<meta name=\"twitter:data1\" content=\"7 minutos\" \/>\n<script type=\"application\/ld+json\" class=\"yoast-schema-graph\">{\"@context\":\"https:\\\/\\\/schema.org\",\"@graph\":[{\"@type\":\"WebPage\",\"@id\":\"https:\\\/\\\/maisonlaw.com\\\/es\\\/bakersfield\\\/accidentes-automovil\\\/\",\"url\":\"https:\\\/\\\/maisonlaw.com\\\/es\\\/bakersfield\\\/accidentes-automovil\\\/\",\"name\":\"Abogado de Accidentes de Autom\u00f3vil en Bakersfield | Maison Law\",\"isPartOf\":{\"@id\":\"https:\\\/\\\/maisonlaw.com\\\/es\\\/#website\"},\"datePublished\":\"2021-10-12T22:15:08+00:00\",\"dateModified\":\"2021-11-05T12:23:13+00:00\",\"description\":\"Puede que los conductores de Bakersfield lleven a los ni\u00f1os al colegio cada ma\u00f1ana o que tomen la misma carretera para ir al trabajo cada d\u00eda. Puede que\",\"breadcrumb\":{\"@id\":\"https:\\\/\\\/maisonlaw.com\\\/es\\\/bakersfield\\\/accidentes-automovil\\\/#breadcrumb\"},\"inLanguage\":\"es\",\"potentialAction\":[{\"@type\":\"ReadAction\",\"target\":[\"https:\\\/\\\/maisonlaw.com\\\/es\\\/bakersfield\\\/accidentes-automovil\\\/\"]}]},{\"@type\":\"BreadcrumbList\",\"@id\":\"https:\\\/\\\/maisonlaw.com\\\/es\\\/bakersfield\\\/accidentes-automovil\\\/#breadcrumb\",\"itemListElement\":[{\"@type\":\"ListItem\",\"position\":1,\"name\":\"Home\",\"item\":\"https:\\\/\\\/maisonlaw.com\\\/es\\\/\"},{\"@type\":\"ListItem\",\"position\":2,\"name\":\"Abogado de Lesiones Personales en Bakersfield\",\"item\":\"https:\\\/\\\/maisonlaw.com\\\/es\\\/bakersfield\\\/?lang=es\"},{\"@type\":\"ListItem\",\"position\":3,\"name\":\"Abogado de Accidentes de Autom\u00f3vil en Bakersfield\"}]},{\"@type\":\"WebSite\",\"@id\":\"https:\\\/\\\/maisonlaw.com\\\/es\\\/#website\",\"url\":\"https:\\\/\\\/maisonlaw.com\\\/es\\\/\",\"name\":\"Maison Law Accident and Injury Lawyers\",\"description\":\"The Support You Need. The Settlement You Deserve.\",\"publisher\":{\"@id\":\"https:\\\/\\\/maisonlaw.com\\\/es\\\/#organization\"},\"alternateName\":\"Maison Law\",\"potentialAction\":[{\"@type\":\"SearchAction\",\"target\":{\"@type\":\"EntryPoint\",\"urlTemplate\":\"https:\\\/\\\/maisonlaw.com\\\/es\\\/?s={search_term_string}\"},\"query-input\":{\"@type\":\"PropertyValueSpecification\",\"valueRequired\":true,\"valueName\":\"search_term_string\"}}],\"inLanguage\":\"es\"},{\"@type\":\"Organization\",\"@id\":\"https:\\\/\\\/maisonlaw.com\\\/es\\\/#organization\",\"name\":\"Maison Law Accident & Injury Attorneys\",\"alternateName\":\"Maison Law\",\"url\":\"https:\\\/\\\/maisonlaw.com\\\/es\\\/\",\"logo\":{\"@type\":\"ImageObject\",\"inLanguage\":\"es\",\"@id\":\"https:\\\/\\\/maisonlaw.com\\\/es\\\/#\\\/schema\\\/logo\\\/image\\\/\",\"url\":\"https:\\\/\\\/maisonlaw.com\\\/wp-content\\\/uploads\\\/2025\\\/06\\\/experiment-logo-opt.png\",\"contentUrl\":\"https:\\\/\\\/maisonlaw.com\\\/wp-content\\\/uploads\\\/2025\\\/06\\\/experiment-logo-opt.png\",\"width\":1345,\"height\":294,\"caption\":\"Maison Law Accident & Injury Attorneys\"},\"image\":{\"@id\":\"https:\\\/\\\/maisonlaw.com\\\/es\\\/#\\\/schema\\\/logo\\\/image\\\/\"},\"sameAs\":[\"https:\\\/\\\/www.facebook.com\\\/maisonlawfirm\\\/\",\"https:\\\/\\\/www.linkedin.com\\\/in\\\/martin-gasparian-a9956516\\\/\",\"https:\\\/\\\/www.instagram.com\\\/maison_law\\\/\",\"https:\\\/\\\/www.youtube.com\\\/@maisonlaw\"],\"description\":\"Maison Law is a California Personal Injury Law Firm.\",\"legalName\":\"Maison Law\",\"foundingDate\":\"2014-01-01\",\"numberOfEmployees\":{\"@type\":\"QuantitativeValue\",\"minValue\":\"11\",\"maxValue\":\"50\"}}]}<\/script>\n<!-- \/ Yoast SEO Premium plugin. -->","yoast_head_json":{"title":"Abogado de Accidentes de Autom\u00f3vil en Bakersfield | Maison Law","description":"Puede que los conductores de Bakersfield lleven a los ni\u00f1os al colegio cada ma\u00f1ana o que tomen la misma carretera para ir al trabajo cada d\u00eda. Puede que","robots":{"index":"index","follow":"follow","max-snippet":"max-snippet:-1","max-image-preview":"max-image-preview:large","max-video-preview":"max-video-preview:-1"},"canonical":"https:\/\/maisonlaw.com\/es\/bakersfield\/accidentes-automovil\/","og_locale":"es_ES","og_type":"article","og_title":"Abogado de Accidentes de Autom\u00f3vil en Bakersfield","og_description":"Puede que los conductores de Bakersfield lleven a los ni\u00f1os al colegio cada ma\u00f1ana o que tomen la misma carretera para ir al trabajo cada d\u00eda. Puede que","og_url":"https:\/\/maisonlaw.com\/es\/bakersfield\/accidentes-automovil\/","og_site_name":"Maison Law","article_publisher":"https:\/\/www.facebook.com\/maisonlawfirm\/","article_modified_time":"2021-11-05T12:23:13+00:00","twitter_card":"summary_large_image","twitter_misc":{"Tiempo de lectura":"7 minutos"},"schema":{"@context":"https:\/\/schema.org","@graph":[{"@type":"WebPage","@id":"https:\/\/maisonlaw.com\/es\/bakersfield\/accidentes-automovil\/","url":"https:\/\/maisonlaw.com\/es\/bakersfield\/accidentes-automovil\/","name":"Abogado de Accidentes de Autom\u00f3vil en Bakersfield | Maison Law","isPartOf":{"@id":"https:\/\/maisonlaw.com\/es\/#website"},"datePublished":"2021-10-12T22:15:08+00:00","dateModified":"2021-11-05T12:23:13+00:00","description":"Puede que los conductores de Bakersfield lleven a los ni\u00f1os al colegio cada ma\u00f1ana o que tomen la misma carretera para ir al trabajo cada d\u00eda. Puede que","breadcrumb":{"@id":"https:\/\/maisonlaw.com\/es\/bakersfield\/accidentes-automovil\/#breadcrumb"},"inLanguage":"es","potentialAction":[{"@type":"ReadAction","target":["https:\/\/maisonlaw.com\/es\/bakersfield\/accidentes-automovil\/"]}]},{"@type":"BreadcrumbList","@id":"https:\/\/maisonlaw.com\/es\/bakersfield\/accidentes-automovil\/#breadcrumb","itemListElement":[{"@type":"ListItem","position":1,"name":"Home","item":"https:\/\/maisonlaw.com\/es\/"},{"@type":"ListItem","position":2,"name":"Abogado de Lesiones Personales en Bakersfield","item":"https:\/\/maisonlaw.com\/es\/bakersfield\/?lang=es"},{"@type":"ListItem","position":3,"name":"Abogado de Accidentes de Autom\u00f3vil en Bakersfield"}]},{"@type":"WebSite","@id":"https:\/\/maisonlaw.com\/es\/#website","url":"https:\/\/maisonlaw.com\/es\/","name":"Maison Law Accident and Injury Lawyers","description":"The Support You Need. The Settlement You Deserve.","publisher":{"@id":"https:\/\/maisonlaw.com\/es\/#organization"},"alternateName":"Maison Law","potentialAction":[{"@type":"SearchAction","target":{"@type":"EntryPoint","urlTemplate":"https:\/\/maisonlaw.com\/es\/?s={search_term_string}"},"query-input":{"@type":"PropertyValueSpecification","valueRequired":true,"valueName":"search_term_string"}}],"inLanguage":"es"},{"@type":"Organization","@id":"https:\/\/maisonlaw.com\/es\/#organization","name":"Maison Law Accident & Injury Attorneys","alternateName":"Maison Law","url":"https:\/\/maisonlaw.com\/es\/","logo":{"@type":"ImageObject","inLanguage":"es","@id":"https:\/\/maisonlaw.com\/es\/#\/schema\/logo\/image\/","url":"https:\/\/maisonlaw.com\/wp-content\/uploads\/2025\/06\/experiment-logo-opt.png","contentUrl":"https:\/\/maisonlaw.com\/wp-content\/uploads\/2025\/06\/experiment-logo-opt.png","width":1345,"height":294,"caption":"Maison Law Accident & Injury Attorneys"},"image":{"@id":"https:\/\/maisonlaw.com\/es\/#\/schema\/logo\/image\/"},"sameAs":["https:\/\/www.facebook.com\/maisonlawfirm\/","https:\/\/www.linkedin.com\/in\/martin-gasparian-a9956516\/","https:\/\/www.instagram.com\/maison_law\/","https:\/\/www.youtube.com\/@maisonlaw"],"description":"Maison Law is a California Personal Injury Law Firm.","legalName":"Maison Law","foundingDate":"2014-01-01","numberOfEmployees":{"@type":"QuantitativeValue","minValue":"11","maxValue":"50"}}]}},"_links":{"self":[{"href":"https:\/\/maisonlaw.com\/es\/wp-json\/wp\/v2\/pages\/8120","targetHints":{"allow":["GET"]}}],"collection":[{"href":"https:\/\/maisonlaw.com\/es\/wp-json\/wp\/v2\/pages"}],"about":[{"href":"https:\/\/maisonlaw.com\/es\/wp-json\/wp\/v2\/types\/page"}],"author":[{"embeddable":true,"href":"https:\/\/maisonlaw.com\/es\/wp-json\/wp\/v2\/users\/10"}],"replies":[{"embeddable":true,"href":"https:\/\/maisonlaw.com\/es\/wp-json\/wp\/v2\/comments?post=8120"}],"version-history":[{"count":0,"href":"https:\/\/maisonlaw.com\/es\/wp-json\/wp\/v2\/pages\/8120\/revisions"}],"up":[{"embeddable":true,"href":"https:\/\/maisonlaw.com\/es\/wp-json\/wp\/v2\/pages\/6357"}],"wp:attachment":[{"href":"https:\/\/maisonlaw.com\/es\/wp-json\/wp\/v2\/media?parent=8120"}],"curies":[{"name":"wp","href":"https:\/\/api.w.org\/{rel}","templated":true}]}}