{"id":8088,"date":"2021-10-05T16:32:28","date_gmt":"2021-10-05T16:32:28","guid":{"rendered":"https:\/\/maisonlaw.com\/?page_id=8088"},"modified":"2021-10-05T16:32:28","modified_gmt":"2021-10-05T16:32:28","slug":"muerte-por-negligencia","status":"publish","type":"page","link":"https:\/\/maisonlaw.com\/es\/visalia\/muerte-por-negligencia\/","title":{"rendered":"Abogado de Muerte por Negligencia en Visalia"},"content":{"rendered":"<p><span style=\"font-weight: 400;\">Los casos de Muerte por Negligencia en California implican un complejo litigio por da\u00f1os personales. Los valores en estos casos son altos, y los demandados se dan cuenta de que hay una exposici\u00f3n financiera sustancial para ellos. Har\u00e1n todo lo posible para tratar de devaluar o incluso negar una demanda de muerte por negligencia en su totalidad.<\/span><\/p>\n<p><span style=\"font-weight: 400;\">Si usted perdi\u00f3 a un familiar en Visalia o en los alrededores o en el condado de Tulare, querr\u00e1 contratar a un abogado de muerte por negligencia de Visalia para que lo represente a usted y a los sobrevivientes del difunto, que sea competente y compasivo.<\/span><\/p>\n<h2><b>ALGUNAS CAUSAS DE ACCIDENTES MORTALES<\/b><\/h2>\n<p><span style=\"font-weight: 400;\">Todos los d\u00edas ocurren accidentes en los alrededores de Visalia y el condado de Tulare. Casi todos ellos son causados por la negligencia de una persona o entidad. Algunos de esos accidentes son mortales. Tampoco se limitan a los accidentes automovil\u00edsticos. Aqu\u00ed hay algunos ejemplos de otros tipos de accidentes en los que se pueden presentar demandas por muerte por negligencia:<\/span><\/p>\n<ul>\n<li aria-level=\"1\"><b>Accidentes de motocicletas.<\/b><\/li>\n<\/ul>\n<ul>\n<li aria-level=\"1\"><b>Choques de camiones grandes y de 18 ruedas.<\/b><\/li>\n<\/ul>\n<ul>\n<li aria-level=\"1\"><b>Accidentes de autob\u00fas, de tren y de aviaci\u00f3n.<\/b><\/li>\n<\/ul>\n<ul>\n<li aria-level=\"1\"><b>Resbalones y ca\u00eddas.<\/b><\/li>\n<\/ul>\n<ul>\n<li aria-level=\"1\"><b>Accidentes de bicicletas y peatones.<\/b><\/li>\n<\/ul>\n<ul>\n<li aria-level=\"1\"><b>Accidentes en la construcci\u00f3n y en la industria.<\/b><\/li>\n<\/ul>\n<ul>\n<li aria-level=\"1\"><b>Productos peligrosamente defectuosos.<\/b><\/li>\n<\/ul>\n<ul>\n<li aria-level=\"1\"><b>Negligencia m\u00e9dica.<\/b><\/li>\n<\/ul>\n<p><span style=\"font-weight: 400;\">Los casos de Muerte por Negligencia buscan una indemnizaci\u00f3n monetaria como compensaci\u00f3n por la p\u00e9rdida de un ser querido. Aunque una persona que ha causado la muerte de otra puede ser acusada penalmente, los casos de Muerte por Negligencia se ventilan en los tribunales civiles. De hecho, un caso de muerte por negligencia puede ser escuchado al mismo tiempo que un caso penal que se deriva del mismo conjunto de hechos. Se ver\u00e1n en dos salas diferentes, aunque por diferentes jueces y jurados. La carga de la prueba en cada uno de los casos tambi\u00e9n es diferente. En un caso penal, la acusaci\u00f3n debe demostrar la culpabilidad del acusado m\u00e1s all\u00e1 de toda duda razonable. En un caso civil de muerte por negligencia, el acusado debe ser probado culpable por una preponderancia de la evidencia. Lo que significa que los hechos y las pruebas presentadas en el caso tienen m\u00e1s probabilidades de ser ciertos que de no serlo.<\/span><\/p>\n<h2><b>\u00bfQUI\u00c9N PUEDE PRESENTAR UNA DEMANDA DE MUERTE POR NEGLIGENCIA EN CALIFORNIA?<\/b><\/h2>\n<p><span style=\"font-weight: 400;\">Las leyes de muerte por negligencia de California se encuentran en el C\u00f3digo de Procedimiento Civil de California, secci\u00f3n 377.60 y siguientes. El estatuto aplicable designa qui\u00e9n puede presentar una demanda por muerte por negligencia. Lo que sigue es un resumen general de qui\u00e9n podr\u00eda presentar una demanda por muerte por negligencia en California, pero ciertamente no es exhaustivo:<\/span><\/p>\n<ul>\n<li aria-level=\"1\"><b>El marido o la mujer del difunto. Si no hay marido o mujer superviviente, los hijos o hijastros dependientes del difunto. Si no hay hijos o hijastros dependientes, los padres dependientes del difunto pueden presentar la demanda.<\/b><\/li>\n<\/ul>\n<ul>\n<li aria-level=\"1\"><b>Si no existe ninguno de los anteriores, el caso puede ser presentado por los padres supervivientes del difunto, y luego, por cualquier hermano del difunto.<\/b><\/li>\n<\/ul>\n<h2><b>DA\u00d1OS<\/b><\/h2>\n<p><span style=\"font-weight: 400;\">Cuando se promulgaron las leyes de muerte por negligencia de California, la legislatura del estado era consciente de que la familia del difunto sufrir\u00eda tanto da\u00f1os econ\u00f3micos como no econ\u00f3micos. Los da\u00f1os econ\u00f3micos, como los gastos de funeral y entierro, suman una cantidad espec\u00edfica en d\u00f3lares. Son m\u00e1s f\u00e1ciles de calcular que los da\u00f1os no econ\u00f3micos que podr\u00edan incluir la compa\u00f1\u00eda, el consejo, la orientaci\u00f3n y la protecci\u00f3n del difunto si no hubiera tenido una muerte prematura. Los da\u00f1os no econ\u00f3micos podr\u00edan incluir incluso la p\u00e9rdida de relaciones sexuales con el difunto si \u00e9ste hubiera estado vivo. Dada la complejidad de probar la responsabilidad y los da\u00f1os en los casos de muerte por negligencia, los supervivientes del difunto necesitan hablar de una reclamaci\u00f3n o demanda con un abogado experimentado en muerte por negligencia de Visalia tan pronto como puedan.<\/span><\/p>\n<h2><b>ACCIONES DE SUPERVIVENCIA<\/b><\/h2>\n<p><span style=\"font-weight: 400;\">La mayor\u00eda de las demandas por muerte por negligencia contienen un segundo cargo contra el demandado que se conoce como acci\u00f3n de supervivencia. Estas acciones est\u00e1n permitidas siempre y cuando el difunto haya sobrevivido al suceso fatal, aunque sea por momentos. Se presentan de acuerdo con el C\u00f3digo de Procedimiento Civil de California, secci\u00f3n 377.30. A diferencia de la acci\u00f3n de muerte por negligencia que es interpuesta por los familiares del difunto, las acciones de supervivencia son interpuestas por el administrador personal del difunto por las p\u00e9rdidas sufridas por \u00e9ste y no por su familia. Los da\u00f1os en una acci\u00f3n de supervivencia pueden consistir en gastos m\u00e9dicos, da\u00f1os a la propiedad, p\u00e9rdida de ingresos y da\u00f1os punitivos, pero no incluyen el dolor y el sufrimiento ni ninguna discapacidad o desfiguraci\u00f3n.<\/span><\/p>\n<h2><b>EL ESTATUTO DE LIMITACIONES<\/b><\/h2>\n<p><span style=\"font-weight: 400;\">Cada estado establece su propio plazo de prescripci\u00f3n para cuando se puede presentar una acci\u00f3n de muerte por negligencia o de supervivencia. Para fines de muerte por negligencia, cualquier demanda debe presentarse dentro de los dos a\u00f1os siguientes a la fecha de la muerte. A efectos de una acci\u00f3n de supervivencia, el patrimonio del difunto dispone de dos a\u00f1os a partir de la fecha del suceso, o de seis meses a partir de la fecha de la muerte, lo que ocurra m\u00e1s tarde. Estos son plazos estrictos. Hay muy pocas excepciones. Si no se hace una presentaci\u00f3n a tiempo, es probable que la acci\u00f3n sea desestimada para siempre.<\/span><\/p>\n<h2><b>ABOGADO DE MUERTE POR NEGLIGENCIA EN VISALIA<\/b><\/h2>\n<p><span style=\"font-weight: 400;\">Si usted ha sufrido por la p\u00e9rdida de un miembro de su familia como resultado del descuido y la negligencia o imprudencia de otra persona en Visalia o sus alrededores, en el condado de Tulare o en cualquier lugar del Valle Central, puede ponerse <\/span><span style=\"font-weight: 400;\">en contacto <\/span><span style=\"font-weight: 400;\">con nuestras oficinas para concertar una consulta gratuita y una revisi\u00f3n del caso con un respetado <\/span><span style=\"font-weight: 400;\">Abogado de Lesiones Personales de Visalia<\/span><span style=\"font-weight: 400;\">. Se considerar\u00e1n cuidadosamente los hechos del caso y se responder\u00e1n sus preguntas. Si existe una acci\u00f3n viable de Muerte por Negligencia, se le informar\u00e1 de todas sus opciones legales.<\/span><\/p>\n","protected":false},"excerpt":{"rendered":"<p>Los casos de Muerte por Negligencia en California implican un complejo litigio por da\u00f1os personales. Los valores en estos casos son altos, y los demandados se dan cuenta de que hay una exposici\u00f3n financiera sustancial para ellos. Har\u00e1n todo lo posible para tratar de devaluar o incluso negar una demanda de muerte por negligencia en [&hellip;]<\/p>\n","protected":false},"author":10,"featured_media":0,"parent":7768,"menu_order":0,"comment_status":"closed","ping_status":"closed","template":"","meta":{"footnotes":""},"class_list":["post-8088","page","type-page","status-publish","hentry"],"yoast_head":"<!-- This site is optimized with the Yoast SEO Premium plugin v27.3 (Yoast SEO v27.3) - https:\/\/yoast.com\/product\/yoast-seo-premium-wordpress\/ -->\n<title>Abogado de Muerte por Negligencia en Visalia | Maison Law<\/title>\n<meta name=\"description\" content=\"Los casos de Muerte por Negligencia en California implican un complejo litigio por da\u00f1os personales. Los valores en estos casos son altos, y los\" \/>\n<meta name=\"robots\" content=\"index, follow, max-snippet:-1, max-image-preview:large, max-video-preview:-1\" \/>\n<link rel=\"canonical\" href=\"https:\/\/maisonlaw.com\/es\/visalia\/muerte-por-negligencia\/\" \/>\n<meta property=\"og:locale\" content=\"es_ES\" \/>\n<meta property=\"og:type\" content=\"article\" \/>\n<meta property=\"og:title\" content=\"Abogado de Muerte por Negligencia en Visalia\" \/>\n<meta property=\"og:description\" content=\"Los casos de Muerte por Negligencia en California implican un complejo litigio por da\u00f1os personales. Los valores en estos casos son altos, y los\" \/>\n<meta property=\"og:url\" content=\"https:\/\/maisonlaw.com\/es\/visalia\/muerte-por-negligencia\/\" \/>\n<meta property=\"og:site_name\" content=\"Maison Law\" \/>\n<meta property=\"article:publisher\" content=\"https:\/\/www.facebook.com\/maisonlawfirm\/\" \/>\n<meta name=\"twitter:card\" content=\"summary_large_image\" \/>\n<meta name=\"twitter:label1\" content=\"Tiempo de lectura\" \/>\n\t<meta name=\"twitter:data1\" content=\"5 minutos\" \/>\n<script type=\"application\/ld+json\" class=\"yoast-schema-graph\">{\"@context\":\"https:\\\/\\\/schema.org\",\"@graph\":[{\"@type\":\"WebPage\",\"@id\":\"https:\\\/\\\/maisonlaw.com\\\/es\\\/visalia\\\/muerte-por-negligencia\\\/\",\"url\":\"https:\\\/\\\/maisonlaw.com\\\/es\\\/visalia\\\/muerte-por-negligencia\\\/\",\"name\":\"Abogado de Muerte por Negligencia en Visalia | Maison Law\",\"isPartOf\":{\"@id\":\"https:\\\/\\\/maisonlaw.com\\\/es\\\/#website\"},\"datePublished\":\"2021-10-05T16:32:28+00:00\",\"description\":\"Los casos de Muerte por Negligencia en California implican un complejo litigio por da\u00f1os personales. Los valores en estos casos son altos, y los\",\"breadcrumb\":{\"@id\":\"https:\\\/\\\/maisonlaw.com\\\/es\\\/visalia\\\/muerte-por-negligencia\\\/#breadcrumb\"},\"inLanguage\":\"es\",\"potentialAction\":[{\"@type\":\"ReadAction\",\"target\":[\"https:\\\/\\\/maisonlaw.com\\\/es\\\/visalia\\\/muerte-por-negligencia\\\/\"]}]},{\"@type\":\"BreadcrumbList\",\"@id\":\"https:\\\/\\\/maisonlaw.com\\\/es\\\/visalia\\\/muerte-por-negligencia\\\/#breadcrumb\",\"itemListElement\":[{\"@type\":\"ListItem\",\"position\":1,\"name\":\"Home\",\"item\":\"https:\\\/\\\/maisonlaw.com\\\/es\\\/\"},{\"@type\":\"ListItem\",\"position\":2,\"name\":\"Abogado De Lesiones Personales En Visalia\",\"item\":\"https:\\\/\\\/maisonlaw.com\\\/es\\\/visalia\\\/?lang=es\"},{\"@type\":\"ListItem\",\"position\":3,\"name\":\"Abogado de Muerte por Negligencia en Visalia\"}]},{\"@type\":\"WebSite\",\"@id\":\"https:\\\/\\\/maisonlaw.com\\\/es\\\/#website\",\"url\":\"https:\\\/\\\/maisonlaw.com\\\/es\\\/\",\"name\":\"Maison Law Accident and Injury Lawyers\",\"description\":\"The Support You Need. The Settlement You Deserve.\",\"publisher\":{\"@id\":\"https:\\\/\\\/maisonlaw.com\\\/es\\\/#organization\"},\"alternateName\":\"Maison Law\",\"potentialAction\":[{\"@type\":\"SearchAction\",\"target\":{\"@type\":\"EntryPoint\",\"urlTemplate\":\"https:\\\/\\\/maisonlaw.com\\\/es\\\/?s={search_term_string}\"},\"query-input\":{\"@type\":\"PropertyValueSpecification\",\"valueRequired\":true,\"valueName\":\"search_term_string\"}}],\"inLanguage\":\"es\"},{\"@type\":\"Organization\",\"@id\":\"https:\\\/\\\/maisonlaw.com\\\/es\\\/#organization\",\"name\":\"Maison Law Accident & Injury Attorneys\",\"alternateName\":\"Maison Law\",\"url\":\"https:\\\/\\\/maisonlaw.com\\\/es\\\/\",\"logo\":{\"@type\":\"ImageObject\",\"inLanguage\":\"es\",\"@id\":\"https:\\\/\\\/maisonlaw.com\\\/es\\\/#\\\/schema\\\/logo\\\/image\\\/\",\"url\":\"https:\\\/\\\/maisonlaw.com\\\/wp-content\\\/uploads\\\/2025\\\/06\\\/experiment-logo-opt.png\",\"contentUrl\":\"https:\\\/\\\/maisonlaw.com\\\/wp-content\\\/uploads\\\/2025\\\/06\\\/experiment-logo-opt.png\",\"width\":1345,\"height\":294,\"caption\":\"Maison Law Accident & Injury Attorneys\"},\"image\":{\"@id\":\"https:\\\/\\\/maisonlaw.com\\\/es\\\/#\\\/schema\\\/logo\\\/image\\\/\"},\"sameAs\":[\"https:\\\/\\\/www.facebook.com\\\/maisonlawfirm\\\/\",\"https:\\\/\\\/www.linkedin.com\\\/in\\\/martin-gasparian-a9956516\\\/\",\"https:\\\/\\\/www.instagram.com\\\/maison_law\\\/\",\"https:\\\/\\\/www.youtube.com\\\/@maisonlaw\"],\"description\":\"Maison Law is a California Personal Injury Law Firm.\",\"legalName\":\"Maison Law\",\"foundingDate\":\"2014-01-01\",\"numberOfEmployees\":{\"@type\":\"QuantitativeValue\",\"minValue\":\"11\",\"maxValue\":\"50\"}}]}<\/script>\n<!-- \/ Yoast SEO Premium plugin. -->","yoast_head_json":{"title":"Abogado de Muerte por Negligencia en Visalia | Maison Law","description":"Los casos de Muerte por Negligencia en California implican un complejo litigio por da\u00f1os personales. Los valores en estos casos son altos, y los","robots":{"index":"index","follow":"follow","max-snippet":"max-snippet:-1","max-image-preview":"max-image-preview:large","max-video-preview":"max-video-preview:-1"},"canonical":"https:\/\/maisonlaw.com\/es\/visalia\/muerte-por-negligencia\/","og_locale":"es_ES","og_type":"article","og_title":"Abogado de Muerte por Negligencia en Visalia","og_description":"Los casos de Muerte por Negligencia en California implican un complejo litigio por da\u00f1os personales. Los valores en estos casos son altos, y los","og_url":"https:\/\/maisonlaw.com\/es\/visalia\/muerte-por-negligencia\/","og_site_name":"Maison Law","article_publisher":"https:\/\/www.facebook.com\/maisonlawfirm\/","twitter_card":"summary_large_image","twitter_misc":{"Tiempo de lectura":"5 minutos"},"schema":{"@context":"https:\/\/schema.org","@graph":[{"@type":"WebPage","@id":"https:\/\/maisonlaw.com\/es\/visalia\/muerte-por-negligencia\/","url":"https:\/\/maisonlaw.com\/es\/visalia\/muerte-por-negligencia\/","name":"Abogado de Muerte por Negligencia en Visalia | Maison Law","isPartOf":{"@id":"https:\/\/maisonlaw.com\/es\/#website"},"datePublished":"2021-10-05T16:32:28+00:00","description":"Los casos de Muerte por Negligencia en California implican un complejo litigio por da\u00f1os personales. Los valores en estos casos son altos, y los","breadcrumb":{"@id":"https:\/\/maisonlaw.com\/es\/visalia\/muerte-por-negligencia\/#breadcrumb"},"inLanguage":"es","potentialAction":[{"@type":"ReadAction","target":["https:\/\/maisonlaw.com\/es\/visalia\/muerte-por-negligencia\/"]}]},{"@type":"BreadcrumbList","@id":"https:\/\/maisonlaw.com\/es\/visalia\/muerte-por-negligencia\/#breadcrumb","itemListElement":[{"@type":"ListItem","position":1,"name":"Home","item":"https:\/\/maisonlaw.com\/es\/"},{"@type":"ListItem","position":2,"name":"Abogado De Lesiones Personales En Visalia","item":"https:\/\/maisonlaw.com\/es\/visalia\/?lang=es"},{"@type":"ListItem","position":3,"name":"Abogado de Muerte por Negligencia en Visalia"}]},{"@type":"WebSite","@id":"https:\/\/maisonlaw.com\/es\/#website","url":"https:\/\/maisonlaw.com\/es\/","name":"Maison Law Accident and Injury Lawyers","description":"The Support You Need. The Settlement You Deserve.","publisher":{"@id":"https:\/\/maisonlaw.com\/es\/#organization"},"alternateName":"Maison Law","potentialAction":[{"@type":"SearchAction","target":{"@type":"EntryPoint","urlTemplate":"https:\/\/maisonlaw.com\/es\/?s={search_term_string}"},"query-input":{"@type":"PropertyValueSpecification","valueRequired":true,"valueName":"search_term_string"}}],"inLanguage":"es"},{"@type":"Organization","@id":"https:\/\/maisonlaw.com\/es\/#organization","name":"Maison Law Accident & Injury Attorneys","alternateName":"Maison Law","url":"https:\/\/maisonlaw.com\/es\/","logo":{"@type":"ImageObject","inLanguage":"es","@id":"https:\/\/maisonlaw.com\/es\/#\/schema\/logo\/image\/","url":"https:\/\/maisonlaw.com\/wp-content\/uploads\/2025\/06\/experiment-logo-opt.png","contentUrl":"https:\/\/maisonlaw.com\/wp-content\/uploads\/2025\/06\/experiment-logo-opt.png","width":1345,"height":294,"caption":"Maison Law Accident & Injury Attorneys"},"image":{"@id":"https:\/\/maisonlaw.com\/es\/#\/schema\/logo\/image\/"},"sameAs":["https:\/\/www.facebook.com\/maisonlawfirm\/","https:\/\/www.linkedin.com\/in\/martin-gasparian-a9956516\/","https:\/\/www.instagram.com\/maison_law\/","https:\/\/www.youtube.com\/@maisonlaw"],"description":"Maison Law is a California Personal Injury Law Firm.","legalName":"Maison Law","foundingDate":"2014-01-01","numberOfEmployees":{"@type":"QuantitativeValue","minValue":"11","maxValue":"50"}}]}},"_links":{"self":[{"href":"https:\/\/maisonlaw.com\/es\/wp-json\/wp\/v2\/pages\/8088","targetHints":{"allow":["GET"]}}],"collection":[{"href":"https:\/\/maisonlaw.com\/es\/wp-json\/wp\/v2\/pages"}],"about":[{"href":"https:\/\/maisonlaw.com\/es\/wp-json\/wp\/v2\/types\/page"}],"author":[{"embeddable":true,"href":"https:\/\/maisonlaw.com\/es\/wp-json\/wp\/v2\/users\/10"}],"replies":[{"embeddable":true,"href":"https:\/\/maisonlaw.com\/es\/wp-json\/wp\/v2\/comments?post=8088"}],"version-history":[{"count":0,"href":"https:\/\/maisonlaw.com\/es\/wp-json\/wp\/v2\/pages\/8088\/revisions"}],"up":[{"embeddable":true,"href":"https:\/\/maisonlaw.com\/es\/wp-json\/wp\/v2\/pages\/7768"}],"wp:attachment":[{"href":"https:\/\/maisonlaw.com\/es\/wp-json\/wp\/v2\/media?parent=8088"}],"curies":[{"name":"wp","href":"https:\/\/api.w.org\/{rel}","templated":true}]}}