{"id":8082,"date":"2021-10-05T16:26:09","date_gmt":"2021-10-05T16:26:09","guid":{"rendered":"https:\/\/maisonlaw.com\/?page_id=8082"},"modified":"2021-10-05T16:26:09","modified_gmt":"2021-10-05T16:26:09","slug":"accidentes-por-tropiezos-y-caidas","status":"publish","type":"page","link":"https:\/\/maisonlaw.com\/es\/visalia\/accidentes-por-tropiezos-y-caidas\/","title":{"rendered":"Accidentes por Tropiezos y Ca\u00eddas en Visalia"},"content":{"rendered":"<p><span style=\"font-weight: 400;\">La ley exige que cualquier lugar abierto al p\u00fablico est\u00e9 libre de condiciones peligrosas o arriesgadas que puedan provocar una lesi\u00f3n. Si el propietario caus\u00f3 el peligro o no tom\u00f3 medidas para eliminar el peligro, y alguien se lesiona como resultado, el propietario podr\u00eda ser responsable de pagar por los da\u00f1os.<\/span><\/p>\n<p><span style=\"font-weight: 400;\">En Visalia, una ca\u00edda es una de las principales causas o lesiones personales, y suceden de muchas maneras. Algunas de ellas se producen por resbalar en suelos, aceras y caminos mojados. Otras ca\u00eddas se producen por tropezar con objetos en el suelo o incluso el propio suelo.<\/span><\/p>\n<h2><b>RECLAMACIONES POR TROPIEZOS Y CA\u00cdDAS<\/b><\/h2>\n<p><span style=\"font-weight: 400;\">Al igual que las ca\u00eddas por resbalones, las ca\u00eddas por tropiezos son tambi\u00e9n una causa de lesiones. Ambas son causa de lesiones en personas que se encuentran en la propiedad de otra persona, como una tienda p\u00fablica, un recinto deportivo o un espacio p\u00fablico al aire libre como parques y aceras. En cualquiera de estos lugares, el propietario del lugar debe mantener el suelo o el piso libre de objetos y peligros con los que alguien pueda tropezar.<\/span><\/p>\n<p><span style=\"font-weight: 400;\">Cuando se produce una ca\u00edda, si la persona lesionada quiere reclamar una indemnizaci\u00f3n por sus lesiones, tiene que demostrar uno de los dos supuestos:<\/span><\/p>\n<ul>\n<li aria-level=\"1\"><b>Que el propietario provoc\u00f3 directamente que el objeto o elemento peligroso en el suelo estuviera donde alguien pudiera tropezar con \u00e9l, o<\/b><\/li>\n<\/ul>\n<ul>\n<li aria-level=\"1\"><b>Que el propietario sab\u00eda o deber\u00eda haber sabido que el objeto peligroso estaba all\u00ed y no intent\u00f3 retirarlo en un tiempo razonable.<\/b><\/li>\n<\/ul>\n<h2><b>MEDIDAS RAZONABLES<\/b><\/h2>\n<p><span style=\"font-weight: 400;\">La palabra clave es razonable. Para determinar si el propietario fue negligente, la ley examinar\u00e1 si tom\u00f3 medidas razonables para prevenir o eliminar el peligro. La mayor\u00eda de las tiendas y lugares p\u00fablicos cuentan con planes para controlar los peligros. Si estos pasos son razonables y el propietario puede demostrar que tom\u00f3 esas medidas razonables, es posible que no se le considere responsable, aunque la persona tropiece con un objeto y se lesione.<\/span><\/p>\n<p><span style=\"font-weight: 400;\">Sin embargo, si usted vive en Visalia y se lesion\u00f3 en un tropiezo y ca\u00edda, no se f\u00ede de la palabra del propietario o de las compa\u00f1\u00edas de seguros de que el propietario hizo todo lo razonable para evitar la ca\u00edda. No es su primer tropiezo y ca\u00edda, as\u00ed que saben lo que hay que hacer. Pero lo m\u00e1s probable es que sea la suya.<\/span><\/p>\n<h2><b>QU\u00c9 HACER DESPU\u00c9S DE UN ACCIDENTE DE TROPIEZO Y CA\u00cdDA<\/b><\/h2>\n<ul>\n<li aria-level=\"1\"><b>Si puede y tiene una c\u00e1mara o su tel\u00e9fono, tome fotos del peligro e intente conseguir los nombres y la informaci\u00f3n de contacto de cualquier persona que haya visto el incidente. Consiga tambi\u00e9n los nombres de los empleados que se encontraban en ese momento.<\/b><\/li>\n<\/ul>\n<ul>\n<li aria-level=\"1\"><b>No hable con la compa\u00f1\u00eda de seguros de la tienda ni con ninguno de sus representantes hasta que haya hablado con un abogado y le hayan informado de sus derechos.<\/b><\/li>\n<\/ul>\n<ul>\n<li aria-level=\"1\"><b>Documente todo para poder recordar posteriormente las cosas que vio, oy\u00f3 o sinti\u00f3.<\/b><\/li>\n<\/ul>\n<ul>\n<li aria-level=\"1\"><b>Concierte una cita con un abogado competente y experimentado en materia de tropiezos y ca\u00eddas.<\/b><\/li>\n<\/ul>\n<h2><b>LESIONES POR TROPIEZO Y CA\u00cdDA<\/b><\/h2>\n<p><span style=\"font-weight: 400;\">La lesi\u00f3n n\u00famero uno por ca\u00edda es la fractura \u00f3sea. Cuando alguien se cae, se siente instant\u00e1neamente fuera de control y se prepara para el impacto. Esto es natural, pero tambi\u00e9n provoca la rotura de huesos. Tambi\u00e9n se producen otras lesiones debido a la din\u00e1mica de una ca\u00edda. Algunas de las lesiones m\u00e1s comunes por tropiezos y ca\u00eddas son:<\/span><\/p>\n<ul>\n<li aria-level=\"1\"><b>Rotura de mu\u00f1ecas\/antebrazo<\/b><\/li>\n<\/ul>\n<ul>\n<li aria-level=\"1\"><b>Rotura de cadera<\/b><\/li>\n<\/ul>\n<ul>\n<li aria-level=\"1\"><b>Rotura de clav\u00edcula<\/b><\/li>\n<\/ul>\n<ul>\n<li aria-level=\"1\"><b>Rotura de tobillo\/pierna<\/b><\/li>\n<\/ul>\n<ul>\n<li aria-level=\"1\"><b>Esguinces y distensiones<\/b><\/li>\n<\/ul>\n<ul>\n<li aria-level=\"1\"><b>Lesiones de espalda<\/b><\/li>\n<\/ul>\n<ul>\n<li aria-level=\"1\"><b>Lesiones en la cabeza\/conmoci\u00f3n cerebral<\/b><\/li>\n<\/ul>\n<ul>\n<li aria-level=\"1\"><b>Lesi\u00f3n cerebral traum\u00e1tica<\/b><\/li>\n<\/ul>\n<ul>\n<li aria-level=\"1\"><b>Da\u00f1os en los nervios<\/b><\/li>\n<\/ul>\n<h2><b>LUGARES COMUNES DE TROPIEZOS Y CA\u00cdDAS<\/b><\/h2>\n<p><span style=\"font-weight: 400;\">Aunque un tropiezo o un resbal\u00f3n puede ocurrir en cualquier parte, hay algunos lugares que son intr\u00ednsecamente m\u00e1s susceptibles de sufrir una ca\u00edda o un resbal\u00f3n debido a la negligencia del propietario. Algunos de estos lugares son:<\/span><\/p>\n<ul>\n<li aria-level=\"1\"><b>Tiendas de comestibles<\/b><\/li>\n<\/ul>\n<ul>\n<li aria-level=\"1\"><b>Gasolineras<\/b><\/li>\n<\/ul>\n<ul>\n<li aria-level=\"1\"><b>Centros comerciales<\/b><\/li>\n<\/ul>\n<ul>\n<li aria-level=\"1\"><b>Aparcamientos<\/b><\/li>\n<\/ul>\n<ul>\n<li aria-level=\"1\"><b>Aceras<\/b><\/li>\n<\/ul>\n<h2><b>PELIGROS DE LOS LOCALES<\/b><\/h2>\n<p><span style=\"font-weight: 400;\">Los objetos abandonados en la zona de paso del p\u00fablico son los peligros m\u00e1s t\u00edpicos que provocan un tropiezo y una ca\u00edda. Le siguen las zonas estructurales en mal estado o mal dise\u00f1adas. B\u00e1sicamente, un peligro de tropiezo y ca\u00edda puede ser casi cualquier cosa que pueda hacer que alguien tropiece. Algunos de los m\u00e1s comunes son:<\/span><\/p>\n<ul>\n<li aria-level=\"1\"><b>Cajas (vac\u00edas o llenas de producto)<\/b><\/li>\n<\/ul>\n<ul>\n<li aria-level=\"1\"><b>Mangueras y cables sin cubrir<\/b><\/li>\n<\/ul>\n<ul>\n<li aria-level=\"1\"><b>Cajones abiertos<\/b><\/li>\n<\/ul>\n<ul>\n<li aria-level=\"1\"><b>Fregonas (o trapeadores)\/equipo de limpieza<\/b><\/li>\n<\/ul>\n<ul>\n<li aria-level=\"1\"><b>Se\u00f1ales, incluyendo se\u00f1ales de precauci\u00f3n mal colocadas<\/b><\/li>\n<\/ul>\n<ul>\n<li aria-level=\"1\"><b>Equipo de mantenimiento<\/b><\/li>\n<\/ul>\n<ul>\n<li aria-level=\"1\"><b>Suelos\/aceras irregulares<\/b><\/li>\n<\/ul>\n<ul>\n<li aria-level=\"1\"><b>Alfombras desiguales\/esquinas de alfombras dobladas<\/b><\/li>\n<\/ul>\n<ul>\n<li aria-level=\"1\"><b>Huecos en los suelos como grietas y falta de material<\/b><\/li>\n<\/ul>\n<ul>\n<li aria-level=\"1\"><b>Pisos mal mantenidos<\/b><\/li>\n<\/ul>\n<h2><b>\u00bfNECESITO UN ABOGADO SI TROPIEZO Y ME CAIGO?<\/b><\/h2>\n<p><span style=\"font-weight: 400;\">Los tropezones y las ca\u00eddas pueden ser incidentes aterradores, por no mencionar que son dolorosos. Cuando usted se cae, debe consultar a un respetado <\/span><span style=\"font-weight: 400;\">Abogado de Lesiones Personales de Visalia<\/span><span style=\"font-weight: 400;\"> que pueda informarle de sus derechos. Este tipo de reclamaciones pueden ser dif\u00edciles de probar, por lo que es indispensable que hable con un abogado que tenga conocimientos y experiencia en ganar este tipo de casos.<\/span><\/p>\n<p><span style=\"font-weight: 400;\">Las compa\u00f1\u00edas de seguros utilizar\u00e1n todas las herramientas que tengan para demostrar que sus clientes no tienen la culpa. Los abogados de Maison Law tienen experiencia en este tipo de reclamaciones y saben c\u00f3mo defenderle eficazmente contra las t\u00e1cticas de las compa\u00f1\u00edas de seguros.<\/span><\/p>\n<p><span style=\"font-weight: 400;\">Hable con un abogado en el que pueda confiar para que le asesore de forma fiable. <\/span><b>P\u00f3ngase en contacto con Maison Law<\/b><span style=\"font-weight: 400;\"> para su consulta gratuita y as\u00ed podr\u00e1 empezar a centrarse en las cosas importantes, como recuperarse de sus lesiones.<\/span><\/p>\n","protected":false},"excerpt":{"rendered":"<p>La ley exige que cualquier lugar abierto al p\u00fablico est\u00e9 libre de condiciones peligrosas o arriesgadas que puedan provocar una lesi\u00f3n. Si el propietario caus\u00f3 el peligro o no tom\u00f3 medidas para eliminar el peligro, y alguien se lesiona como resultado, el propietario podr\u00eda ser responsable de pagar por los da\u00f1os. En Visalia, una ca\u00edda [&hellip;]<\/p>\n","protected":false},"author":10,"featured_media":0,"parent":7768,"menu_order":0,"comment_status":"closed","ping_status":"closed","template":"","meta":{"footnotes":""},"class_list":["post-8082","page","type-page","status-publish","hentry"],"yoast_head":"<!-- This site is optimized with the Yoast SEO Premium plugin v27.3 (Yoast SEO v27.3) - https:\/\/yoast.com\/product\/yoast-seo-premium-wordpress\/ -->\n<title>Accidentes por Tropiezos y Ca\u00eddas en Visalia | Maison Law<\/title>\n<meta name=\"description\" content=\"La ley exige que cualquier lugar abierto al p\u00fablico est\u00e9 libre de condiciones peligrosas o arriesgadas que puedan provocar una lesi\u00f3n. Si el propietario\" \/>\n<meta name=\"robots\" content=\"index, follow, max-snippet:-1, max-image-preview:large, max-video-preview:-1\" \/>\n<link rel=\"canonical\" href=\"https:\/\/maisonlaw.com\/es\/visalia\/accidentes-por-tropiezos-y-caidas\/\" \/>\n<meta property=\"og:locale\" content=\"es_ES\" \/>\n<meta property=\"og:type\" content=\"article\" \/>\n<meta property=\"og:title\" content=\"Accidentes por Tropiezos y Ca\u00eddas en Visalia\" \/>\n<meta property=\"og:description\" content=\"La ley exige que cualquier lugar abierto al p\u00fablico est\u00e9 libre de condiciones peligrosas o arriesgadas que puedan provocar una lesi\u00f3n. Si el propietario\" \/>\n<meta property=\"og:url\" content=\"https:\/\/maisonlaw.com\/es\/visalia\/accidentes-por-tropiezos-y-caidas\/\" \/>\n<meta property=\"og:site_name\" content=\"Maison Law\" \/>\n<meta property=\"article:publisher\" content=\"https:\/\/www.facebook.com\/maisonlawfirm\/\" \/>\n<meta name=\"twitter:card\" content=\"summary_large_image\" \/>\n<meta name=\"twitter:label1\" content=\"Tiempo de lectura\" \/>\n\t<meta name=\"twitter:data1\" content=\"5 minutos\" \/>\n<script type=\"application\/ld+json\" class=\"yoast-schema-graph\">{\"@context\":\"https:\\\/\\\/schema.org\",\"@graph\":[{\"@type\":\"WebPage\",\"@id\":\"https:\\\/\\\/maisonlaw.com\\\/es\\\/visalia\\\/accidentes-por-tropiezos-y-caidas\\\/\",\"url\":\"https:\\\/\\\/maisonlaw.com\\\/es\\\/visalia\\\/accidentes-por-tropiezos-y-caidas\\\/\",\"name\":\"Accidentes por Tropiezos y Ca\u00eddas en Visalia | Maison Law\",\"isPartOf\":{\"@id\":\"https:\\\/\\\/maisonlaw.com\\\/es\\\/#website\"},\"datePublished\":\"2021-10-05T16:26:09+00:00\",\"description\":\"La ley exige que cualquier lugar abierto al p\u00fablico est\u00e9 libre de condiciones peligrosas o arriesgadas que puedan provocar una lesi\u00f3n. Si el propietario\",\"breadcrumb\":{\"@id\":\"https:\\\/\\\/maisonlaw.com\\\/es\\\/visalia\\\/accidentes-por-tropiezos-y-caidas\\\/#breadcrumb\"},\"inLanguage\":\"es\",\"potentialAction\":[{\"@type\":\"ReadAction\",\"target\":[\"https:\\\/\\\/maisonlaw.com\\\/es\\\/visalia\\\/accidentes-por-tropiezos-y-caidas\\\/\"]}]},{\"@type\":\"BreadcrumbList\",\"@id\":\"https:\\\/\\\/maisonlaw.com\\\/es\\\/visalia\\\/accidentes-por-tropiezos-y-caidas\\\/#breadcrumb\",\"itemListElement\":[{\"@type\":\"ListItem\",\"position\":1,\"name\":\"Home\",\"item\":\"https:\\\/\\\/maisonlaw.com\\\/es\\\/\"},{\"@type\":\"ListItem\",\"position\":2,\"name\":\"Abogado De Lesiones Personales En Visalia\",\"item\":\"https:\\\/\\\/maisonlaw.com\\\/es\\\/visalia\\\/?lang=es\"},{\"@type\":\"ListItem\",\"position\":3,\"name\":\"Accidentes por Tropiezos y Ca\u00eddas en Visalia\"}]},{\"@type\":\"WebSite\",\"@id\":\"https:\\\/\\\/maisonlaw.com\\\/es\\\/#website\",\"url\":\"https:\\\/\\\/maisonlaw.com\\\/es\\\/\",\"name\":\"Maison Law Accident and Injury Lawyers\",\"description\":\"The Support You Need. The Settlement You Deserve.\",\"publisher\":{\"@id\":\"https:\\\/\\\/maisonlaw.com\\\/es\\\/#organization\"},\"alternateName\":\"Maison Law\",\"potentialAction\":[{\"@type\":\"SearchAction\",\"target\":{\"@type\":\"EntryPoint\",\"urlTemplate\":\"https:\\\/\\\/maisonlaw.com\\\/es\\\/?s={search_term_string}\"},\"query-input\":{\"@type\":\"PropertyValueSpecification\",\"valueRequired\":true,\"valueName\":\"search_term_string\"}}],\"inLanguage\":\"es\"},{\"@type\":\"Organization\",\"@id\":\"https:\\\/\\\/maisonlaw.com\\\/es\\\/#organization\",\"name\":\"Maison Law Accident & Injury Attorneys\",\"alternateName\":\"Maison Law\",\"url\":\"https:\\\/\\\/maisonlaw.com\\\/es\\\/\",\"logo\":{\"@type\":\"ImageObject\",\"inLanguage\":\"es\",\"@id\":\"https:\\\/\\\/maisonlaw.com\\\/es\\\/#\\\/schema\\\/logo\\\/image\\\/\",\"url\":\"https:\\\/\\\/maisonlaw.com\\\/wp-content\\\/uploads\\\/2025\\\/06\\\/experiment-logo-opt.png\",\"contentUrl\":\"https:\\\/\\\/maisonlaw.com\\\/wp-content\\\/uploads\\\/2025\\\/06\\\/experiment-logo-opt.png\",\"width\":1345,\"height\":294,\"caption\":\"Maison Law Accident & Injury Attorneys\"},\"image\":{\"@id\":\"https:\\\/\\\/maisonlaw.com\\\/es\\\/#\\\/schema\\\/logo\\\/image\\\/\"},\"sameAs\":[\"https:\\\/\\\/www.facebook.com\\\/maisonlawfirm\\\/\",\"https:\\\/\\\/www.linkedin.com\\\/in\\\/martin-gasparian-a9956516\\\/\",\"https:\\\/\\\/www.instagram.com\\\/maison_law\\\/\",\"https:\\\/\\\/www.youtube.com\\\/@maisonlaw\"],\"description\":\"Maison Law is a California Personal Injury Law Firm.\",\"legalName\":\"Maison Law\",\"foundingDate\":\"2014-01-01\",\"numberOfEmployees\":{\"@type\":\"QuantitativeValue\",\"minValue\":\"11\",\"maxValue\":\"50\"}}]}<\/script>\n<!-- \/ Yoast SEO Premium plugin. -->","yoast_head_json":{"title":"Accidentes por Tropiezos y Ca\u00eddas en Visalia | Maison Law","description":"La ley exige que cualquier lugar abierto al p\u00fablico est\u00e9 libre de condiciones peligrosas o arriesgadas que puedan provocar una lesi\u00f3n. Si el propietario","robots":{"index":"index","follow":"follow","max-snippet":"max-snippet:-1","max-image-preview":"max-image-preview:large","max-video-preview":"max-video-preview:-1"},"canonical":"https:\/\/maisonlaw.com\/es\/visalia\/accidentes-por-tropiezos-y-caidas\/","og_locale":"es_ES","og_type":"article","og_title":"Accidentes por Tropiezos y Ca\u00eddas en Visalia","og_description":"La ley exige que cualquier lugar abierto al p\u00fablico est\u00e9 libre de condiciones peligrosas o arriesgadas que puedan provocar una lesi\u00f3n. Si el propietario","og_url":"https:\/\/maisonlaw.com\/es\/visalia\/accidentes-por-tropiezos-y-caidas\/","og_site_name":"Maison Law","article_publisher":"https:\/\/www.facebook.com\/maisonlawfirm\/","twitter_card":"summary_large_image","twitter_misc":{"Tiempo de lectura":"5 minutos"},"schema":{"@context":"https:\/\/schema.org","@graph":[{"@type":"WebPage","@id":"https:\/\/maisonlaw.com\/es\/visalia\/accidentes-por-tropiezos-y-caidas\/","url":"https:\/\/maisonlaw.com\/es\/visalia\/accidentes-por-tropiezos-y-caidas\/","name":"Accidentes por Tropiezos y Ca\u00eddas en Visalia | Maison Law","isPartOf":{"@id":"https:\/\/maisonlaw.com\/es\/#website"},"datePublished":"2021-10-05T16:26:09+00:00","description":"La ley exige que cualquier lugar abierto al p\u00fablico est\u00e9 libre de condiciones peligrosas o arriesgadas que puedan provocar una lesi\u00f3n. Si el propietario","breadcrumb":{"@id":"https:\/\/maisonlaw.com\/es\/visalia\/accidentes-por-tropiezos-y-caidas\/#breadcrumb"},"inLanguage":"es","potentialAction":[{"@type":"ReadAction","target":["https:\/\/maisonlaw.com\/es\/visalia\/accidentes-por-tropiezos-y-caidas\/"]}]},{"@type":"BreadcrumbList","@id":"https:\/\/maisonlaw.com\/es\/visalia\/accidentes-por-tropiezos-y-caidas\/#breadcrumb","itemListElement":[{"@type":"ListItem","position":1,"name":"Home","item":"https:\/\/maisonlaw.com\/es\/"},{"@type":"ListItem","position":2,"name":"Abogado De Lesiones Personales En Visalia","item":"https:\/\/maisonlaw.com\/es\/visalia\/?lang=es"},{"@type":"ListItem","position":3,"name":"Accidentes por Tropiezos y Ca\u00eddas en Visalia"}]},{"@type":"WebSite","@id":"https:\/\/maisonlaw.com\/es\/#website","url":"https:\/\/maisonlaw.com\/es\/","name":"Maison Law Accident and Injury Lawyers","description":"The Support You Need. The Settlement You Deserve.","publisher":{"@id":"https:\/\/maisonlaw.com\/es\/#organization"},"alternateName":"Maison Law","potentialAction":[{"@type":"SearchAction","target":{"@type":"EntryPoint","urlTemplate":"https:\/\/maisonlaw.com\/es\/?s={search_term_string}"},"query-input":{"@type":"PropertyValueSpecification","valueRequired":true,"valueName":"search_term_string"}}],"inLanguage":"es"},{"@type":"Organization","@id":"https:\/\/maisonlaw.com\/es\/#organization","name":"Maison Law Accident & Injury Attorneys","alternateName":"Maison Law","url":"https:\/\/maisonlaw.com\/es\/","logo":{"@type":"ImageObject","inLanguage":"es","@id":"https:\/\/maisonlaw.com\/es\/#\/schema\/logo\/image\/","url":"https:\/\/maisonlaw.com\/wp-content\/uploads\/2025\/06\/experiment-logo-opt.png","contentUrl":"https:\/\/maisonlaw.com\/wp-content\/uploads\/2025\/06\/experiment-logo-opt.png","width":1345,"height":294,"caption":"Maison Law Accident & Injury Attorneys"},"image":{"@id":"https:\/\/maisonlaw.com\/es\/#\/schema\/logo\/image\/"},"sameAs":["https:\/\/www.facebook.com\/maisonlawfirm\/","https:\/\/www.linkedin.com\/in\/martin-gasparian-a9956516\/","https:\/\/www.instagram.com\/maison_law\/","https:\/\/www.youtube.com\/@maisonlaw"],"description":"Maison Law is a California Personal Injury Law Firm.","legalName":"Maison Law","foundingDate":"2014-01-01","numberOfEmployees":{"@type":"QuantitativeValue","minValue":"11","maxValue":"50"}}]}},"_links":{"self":[{"href":"https:\/\/maisonlaw.com\/es\/wp-json\/wp\/v2\/pages\/8082","targetHints":{"allow":["GET"]}}],"collection":[{"href":"https:\/\/maisonlaw.com\/es\/wp-json\/wp\/v2\/pages"}],"about":[{"href":"https:\/\/maisonlaw.com\/es\/wp-json\/wp\/v2\/types\/page"}],"author":[{"embeddable":true,"href":"https:\/\/maisonlaw.com\/es\/wp-json\/wp\/v2\/users\/10"}],"replies":[{"embeddable":true,"href":"https:\/\/maisonlaw.com\/es\/wp-json\/wp\/v2\/comments?post=8082"}],"version-history":[{"count":0,"href":"https:\/\/maisonlaw.com\/es\/wp-json\/wp\/v2\/pages\/8082\/revisions"}],"up":[{"embeddable":true,"href":"https:\/\/maisonlaw.com\/es\/wp-json\/wp\/v2\/pages\/7768"}],"wp:attachment":[{"href":"https:\/\/maisonlaw.com\/es\/wp-json\/wp\/v2\/media?parent=8082"}],"curies":[{"name":"wp","href":"https:\/\/api.w.org\/{rel}","templated":true}]}}