{"id":8080,"date":"2021-10-05T16:21:53","date_gmt":"2021-10-05T16:21:53","guid":{"rendered":"https:\/\/maisonlaw.com\/?page_id=8080"},"modified":"2021-10-05T16:21:53","modified_gmt":"2021-10-05T16:21:53","slug":"mordedura-de-perro","status":"publish","type":"page","link":"https:\/\/maisonlaw.com\/es\/visalia\/mordedura-de-perro\/","title":{"rendered":"Abogado de Mordedura de Perro en Visalia"},"content":{"rendered":"<p><span style=\"font-weight: 400;\">California es un Estado de Responsabilidad Estricta por Mordedura de Perro, y los due\u00f1os son responsables de sus perros, aunque nunca hayan atacado a nadie antes. Las aseguradoras a menudo intentar\u00e1n culparle a usted o a su hijo de sus lesiones, acus\u00e1ndole de provocar al perro. Si fue atacado por un perro en el condado de Tulare o en cualquier lugar del Valle Central, p\u00f3ngase en contacto con un abogado especializado en mordeduras de perro de Maison Law. Ellos entienden por lo que usted est\u00e1 pasando y conocen las leyes sobre mordeduras de perro y lesiones personales. P\u00f3ngase en contacto con ellos hoy para una consulta gratuita sobre sus derechos y la compensaci\u00f3n por sus lesiones.<\/span><\/p>\n<h2><b>RESPONSABILIDAD ESTRICTA EN CALIFORNIA<\/b><\/h2>\n<p><span style=\"font-weight: 400;\">En muchos estados, existe algo llamado la \u00abregla de la mordedura \u00fanica\u00bb que permite a los due\u00f1os de perros estar libres de responsabilidad si su perro no ha mordido a nadie antes. La idea es que si un perro no ha mostrado signos de agresi\u00f3n en el pasado, entonces el due\u00f1o no fue \u00abnegligente\u00bb cuando el perro mordi\u00f3 a la v\u00edctima.<\/span><\/p>\n<p><span style=\"font-weight: 400;\">California tiene una ley que rechaza espec\u00edficamente esa norma y dice que el propietario est\u00e1 bajo \u00abresponsabilidad estricta\u00bb por cualquier da\u00f1o por mordedura hecho por su perro\u2014incluso si \u00e9ste no ha mordido nunca a nadie ni ha sido agresivo.<\/span><\/p>\n<p><span style=\"font-weight: 400;\">El art\u00edculo <\/span><span style=\"font-weight: 400;\">3342 <\/span><span style=\"font-weight: 400;\">del C\u00f3digo Civil de California establece que el propietario de un perro es responsable de los da\u00f1os causados por una mordedura si:<\/span><\/p>\n<ul>\n<li aria-level=\"1\"><b>Los da\u00f1os fueron causados por una mordedura de perro, y<\/b><\/li>\n<\/ul>\n<ul>\n<li aria-level=\"1\"><b>La persona mordida se encontraba en un lugar p\u00fablico o legalmente en un lugar privado.<\/b><\/li>\n<\/ul>\n<h2><b>LUGAR P\u00daBLICO\/LEGALMENTE EN LUGAR PRIVADO<\/b><\/h2>\n<p><span style=\"font-weight: 400;\">Se trata de una norma que protege a los propietarios de perros de los intrusos que luego dicen haber sido mordidos por un perro. Esto significa que antes de que pueda utilizar la ley para ayudarle a hacer su reclamaci\u00f3n por da\u00f1os personales por una mordedura de perro, debe haber sido mordido en un lugar p\u00fablico como una acera o incluso si el perro entr\u00f3 en su patio y le mordi\u00f3. Tambi\u00e9n significa que, si usted estaba en la propiedad de otra persona de forma ilegal, entonces tampoco podr\u00eda ampararse en la ley.<\/span><\/p>\n<p><span style=\"font-weight: 400;\">Sin embargo, el hecho de que est\u00e9 en la propiedad de otra persona no significa que haya entrado sin autorizaci\u00f3n. Por ejemplo, si est\u00e1 entregando un paquete en la puerta de la casa de alguien, o visit\u00e1ndolo y en su patio trasero, o en su propiedad de cualquier manera que sea legal, entonces la ley se aplica. De hecho, muchos ataques se producen mientras se visita a amigos o familiares.<\/span><\/p>\n<h2><b>PLAZO DE PRESENTACI\u00d3N<\/b><\/h2>\n<p><span style=\"font-weight: 400;\">Si ha sido herido por un perro y se pregunta si debe presentar una reclamaci\u00f3n, no espere demasiado. Hay un plazo de presentaci\u00f3n en un caso de mordedura de perro que le impedir\u00e1 hacer una reclamaci\u00f3n que de otro modo ser\u00eda v\u00e1lida, y si se le pasa, las probabilidades de encontrar un resquicio legal son muy peque\u00f1as. A d\u00eda de hoy (mayo de 2019) el plazo de prescripci\u00f3n es de dos a\u00f1os, pero no cuente con ello ya que las leyes pueden cambiar. Debe hablar con un abogado de inmediato si cree que puede tener un caso de mordedura de perro.<\/span><\/p>\n<h2><b>DA\u00d1OS EN UN CASO DE MORDEDURA DE PERRO<\/b><\/h2>\n<p><span style=\"font-weight: 400;\">Si ha sido mordido por un perro, entonces ya sabe los da\u00f1os que puede sufrir. En cualquier lesi\u00f3n personal, la ley permite a la v\u00edctima recuperar las p\u00e9rdidas financieras por haber sido herida(o). Algunas son obvias como las facturas m\u00e9dicas y el tiempo perdido en el trabajo. Otras no son tan f\u00e1ciles de definir como el dolor y el sufrimiento, pero el dinero es la \u00fanica forma de compensar a alguien, as\u00ed que la ley intentar\u00e1 poner un valor monetario a las cosas intangibles. Algunos de estos da\u00f1os son:<\/span><\/p>\n<ul>\n<li aria-level=\"1\"><b>Facturas m\u00e9dicas<\/b><\/li>\n<\/ul>\n<ul>\n<li aria-level=\"1\"><b>Tiempo perdido en el trabajo<\/b><\/li>\n<\/ul>\n<ul>\n<li aria-level=\"1\"><b>Incapacidad permanente<\/b><\/li>\n<\/ul>\n<ul>\n<li aria-level=\"1\"><b>Transporte al tratamiento<\/b><\/li>\n<\/ul>\n<ul>\n<li aria-level=\"1\"><b>Rehabilitaci\u00f3n<\/b><\/li>\n<\/ul>\n<ul>\n<li aria-level=\"1\"><b>Recapacitaci\u00f3n laboral (si no puede hacer su antiguo trabajo)<\/b><\/li>\n<\/ul>\n<ul>\n<li aria-level=\"1\"><b>Cicatrizaci\u00f3n<\/b><\/li>\n<\/ul>\n<ul>\n<li aria-level=\"1\"><b>Dolor y sufrimiento<\/b><\/li>\n<\/ul>\n<ul>\n<li aria-level=\"1\"><b>P\u00e9rdida de calidad de vida<\/b><\/li>\n<\/ul>\n<ul>\n<li aria-level=\"1\"><b>P\u00e9rdida de consorcio (intimidad f\u00edsica)<\/b><\/li>\n<\/ul>\n<ul>\n<li aria-level=\"1\"><b>Angustia mental<\/b><\/li>\n<\/ul>\n<ul>\n<li aria-level=\"1\"><b>TEPT<\/b><\/li>\n<\/ul>\n<h2><b>PARQUES PARA PERROS PROPIEDAD DE ENTIDADES P\u00daBLICAS<\/b><\/h2>\n<p><span style=\"font-weight: 400;\">En California existe una ley que exime a todos los propietarios de parques para perros de titularidad p\u00fablica de la responsabilidad derivada de un ataque de un perro en un parque para perros. Esto significa que, si usted se encuentra en un parque para perros que es propiedad de la ciudad, el condado u otra entidad p\u00fablica, entonces no puede demandar al gobierno por sus lesiones. (CGC 831.7.5)<\/span><\/p>\n<p><span style=\"font-weight: 400;\">Esto no impide que la v\u00edctima demande al propietario del perro.<\/span><\/p>\n<h2><b>PARQUES PARA PERROS DE PROPIEDAD PRIVADA<\/b><\/h2>\n<p><span style=\"font-weight: 400;\">Si el parque es propiedad de una empresa o persona privada, la v\u00edctima puede demandar una indemnizaci\u00f3n sin que le afecte la ley de excepci\u00f3n de la entidad p\u00fablica. Sin embargo, la v\u00edctima tiene que demostrar que el parque canino fue negligente de alguna manera. Esto significa que el ataque del perro fue consecuencia de algo que el propietario hizo o dej\u00f3 de hacer que caus\u00f3 las lesiones.<\/span><\/p>\n<h2><b>PARQUES PARA PERROS EN VISALIA<\/b><\/h2>\n<p><span style=\"font-weight: 400;\">Visalia cuenta con varios parques para perros que sirven a la comunidad.<\/span><\/p>\n<ul>\n<li aria-level=\"1\"><b>Cody Kelly Dog Bark Park<\/b><\/li>\n<\/ul>\n<ul>\n<li aria-level=\"1\"><b>Seven Oaks Bark park<\/b><\/li>\n<\/ul>\n<ul>\n<li aria-level=\"1\"><b>Plaza Park Bark Park<\/b><\/li>\n<\/ul>\n<ul>\n<li aria-level=\"1\"><b>Exeter Bark Park (Exeter)<\/b><\/li>\n<\/ul>\n<h2><b>ABOGADO DE MORDEDURAS DE PERRO EN VISALIA<\/b><\/h2>\n<p><span style=\"font-weight: 400;\">Consulte con un abogado que entienda las leyes de mordeduras de perro de California, la ley de lesiones personales y la ley de seguros y responsabilidad. Cuando se ponga <\/span><span style=\"font-weight: 400;\">en contacto<\/span><span style=\"font-weight: 400;\"> con Maison Law, nos tomaremos el tiempo necesario para escuchar su historia y le ayudaremos a decidir si vale la pena seguir el caso. Como un respetado <\/span><span style=\"font-weight: 400;\">Abogado de Lesiones Personales de Visalia<\/span><span style=\"font-weight: 400;\">, s\u00f3lo tomaremos el caso si creemos que es en su mejor inter\u00e9s.<\/span><\/p>\n","protected":false},"excerpt":{"rendered":"<p>California es un Estado de Responsabilidad Estricta por Mordedura de Perro, y los due\u00f1os son responsables de sus perros, aunque nunca hayan atacado a nadie antes. Las aseguradoras a menudo intentar\u00e1n culparle a usted o a su hijo de sus lesiones, acus\u00e1ndole de provocar al perro. Si fue atacado por un perro en el condado [&hellip;]<\/p>\n","protected":false},"author":10,"featured_media":0,"parent":7768,"menu_order":0,"comment_status":"closed","ping_status":"closed","template":"","meta":{"footnotes":""},"class_list":["post-8080","page","type-page","status-publish","hentry"],"yoast_head":"<!-- This site is optimized with the Yoast SEO Premium plugin v27.3 (Yoast SEO v27.3) - https:\/\/yoast.com\/product\/yoast-seo-premium-wordpress\/ -->\n<title>Abogado de Mordedura de Perro en Visalia | Maison Law<\/title>\n<meta name=\"description\" content=\"California es un Estado de Responsabilidad Estricta por Mordedura de Perro, y los due\u00f1os son responsables de sus perros, aunque nunca hayan atacado a\" \/>\n<meta name=\"robots\" content=\"index, follow, max-snippet:-1, max-image-preview:large, max-video-preview:-1\" \/>\n<link rel=\"canonical\" href=\"https:\/\/maisonlaw.com\/es\/visalia\/mordedura-de-perro\/\" \/>\n<meta property=\"og:locale\" content=\"es_ES\" \/>\n<meta property=\"og:type\" content=\"article\" \/>\n<meta property=\"og:title\" content=\"Abogado de Mordedura de Perro en Visalia\" \/>\n<meta property=\"og:description\" content=\"California es un Estado de Responsabilidad Estricta por Mordedura de Perro, y los due\u00f1os son responsables de sus perros, aunque nunca hayan atacado a\" \/>\n<meta property=\"og:url\" content=\"https:\/\/maisonlaw.com\/es\/visalia\/mordedura-de-perro\/\" \/>\n<meta property=\"og:site_name\" content=\"Maison Law\" \/>\n<meta property=\"article:publisher\" content=\"https:\/\/www.facebook.com\/maisonlawfirm\/\" \/>\n<meta name=\"twitter:card\" content=\"summary_large_image\" \/>\n<meta name=\"twitter:label1\" content=\"Tiempo de lectura\" \/>\n\t<meta name=\"twitter:data1\" content=\"5 minutos\" \/>\n<script type=\"application\/ld+json\" class=\"yoast-schema-graph\">{\"@context\":\"https:\\\/\\\/schema.org\",\"@graph\":[{\"@type\":\"WebPage\",\"@id\":\"https:\\\/\\\/maisonlaw.com\\\/es\\\/visalia\\\/mordedura-de-perro\\\/\",\"url\":\"https:\\\/\\\/maisonlaw.com\\\/es\\\/visalia\\\/mordedura-de-perro\\\/\",\"name\":\"Abogado de Mordedura de Perro en Visalia | Maison Law\",\"isPartOf\":{\"@id\":\"https:\\\/\\\/maisonlaw.com\\\/es\\\/#website\"},\"datePublished\":\"2021-10-05T16:21:53+00:00\",\"description\":\"California es un Estado de Responsabilidad Estricta por Mordedura de Perro, y los due\u00f1os son responsables de sus perros, aunque nunca hayan atacado a\",\"breadcrumb\":{\"@id\":\"https:\\\/\\\/maisonlaw.com\\\/es\\\/visalia\\\/mordedura-de-perro\\\/#breadcrumb\"},\"inLanguage\":\"es\",\"potentialAction\":[{\"@type\":\"ReadAction\",\"target\":[\"https:\\\/\\\/maisonlaw.com\\\/es\\\/visalia\\\/mordedura-de-perro\\\/\"]}]},{\"@type\":\"BreadcrumbList\",\"@id\":\"https:\\\/\\\/maisonlaw.com\\\/es\\\/visalia\\\/mordedura-de-perro\\\/#breadcrumb\",\"itemListElement\":[{\"@type\":\"ListItem\",\"position\":1,\"name\":\"Home\",\"item\":\"https:\\\/\\\/maisonlaw.com\\\/es\\\/\"},{\"@type\":\"ListItem\",\"position\":2,\"name\":\"Abogado De Lesiones Personales En Visalia\",\"item\":\"https:\\\/\\\/maisonlaw.com\\\/es\\\/visalia\\\/?lang=es\"},{\"@type\":\"ListItem\",\"position\":3,\"name\":\"Abogado de Mordedura de Perro en Visalia\"}]},{\"@type\":\"WebSite\",\"@id\":\"https:\\\/\\\/maisonlaw.com\\\/es\\\/#website\",\"url\":\"https:\\\/\\\/maisonlaw.com\\\/es\\\/\",\"name\":\"Maison Law Accident and Injury Lawyers\",\"description\":\"The Support You Need. The Settlement You Deserve.\",\"publisher\":{\"@id\":\"https:\\\/\\\/maisonlaw.com\\\/es\\\/#organization\"},\"alternateName\":\"Maison Law\",\"potentialAction\":[{\"@type\":\"SearchAction\",\"target\":{\"@type\":\"EntryPoint\",\"urlTemplate\":\"https:\\\/\\\/maisonlaw.com\\\/es\\\/?s={search_term_string}\"},\"query-input\":{\"@type\":\"PropertyValueSpecification\",\"valueRequired\":true,\"valueName\":\"search_term_string\"}}],\"inLanguage\":\"es\"},{\"@type\":\"Organization\",\"@id\":\"https:\\\/\\\/maisonlaw.com\\\/es\\\/#organization\",\"name\":\"Maison Law Accident & Injury Attorneys\",\"alternateName\":\"Maison Law\",\"url\":\"https:\\\/\\\/maisonlaw.com\\\/es\\\/\",\"logo\":{\"@type\":\"ImageObject\",\"inLanguage\":\"es\",\"@id\":\"https:\\\/\\\/maisonlaw.com\\\/es\\\/#\\\/schema\\\/logo\\\/image\\\/\",\"url\":\"https:\\\/\\\/maisonlaw.com\\\/wp-content\\\/uploads\\\/2025\\\/06\\\/experiment-logo-opt.png\",\"contentUrl\":\"https:\\\/\\\/maisonlaw.com\\\/wp-content\\\/uploads\\\/2025\\\/06\\\/experiment-logo-opt.png\",\"width\":1345,\"height\":294,\"caption\":\"Maison Law Accident & Injury Attorneys\"},\"image\":{\"@id\":\"https:\\\/\\\/maisonlaw.com\\\/es\\\/#\\\/schema\\\/logo\\\/image\\\/\"},\"sameAs\":[\"https:\\\/\\\/www.facebook.com\\\/maisonlawfirm\\\/\",\"https:\\\/\\\/www.linkedin.com\\\/in\\\/martin-gasparian-a9956516\\\/\",\"https:\\\/\\\/www.instagram.com\\\/maison_law\\\/\",\"https:\\\/\\\/www.youtube.com\\\/@maisonlaw\"],\"description\":\"Maison Law is a California Personal Injury Law Firm.\",\"legalName\":\"Maison Law\",\"foundingDate\":\"2014-01-01\",\"numberOfEmployees\":{\"@type\":\"QuantitativeValue\",\"minValue\":\"11\",\"maxValue\":\"50\"}}]}<\/script>\n<!-- \/ Yoast SEO Premium plugin. -->","yoast_head_json":{"title":"Abogado de Mordedura de Perro en Visalia | Maison Law","description":"California es un Estado de Responsabilidad Estricta por Mordedura de Perro, y los due\u00f1os son responsables de sus perros, aunque nunca hayan atacado a","robots":{"index":"index","follow":"follow","max-snippet":"max-snippet:-1","max-image-preview":"max-image-preview:large","max-video-preview":"max-video-preview:-1"},"canonical":"https:\/\/maisonlaw.com\/es\/visalia\/mordedura-de-perro\/","og_locale":"es_ES","og_type":"article","og_title":"Abogado de Mordedura de Perro en Visalia","og_description":"California es un Estado de Responsabilidad Estricta por Mordedura de Perro, y los due\u00f1os son responsables de sus perros, aunque nunca hayan atacado a","og_url":"https:\/\/maisonlaw.com\/es\/visalia\/mordedura-de-perro\/","og_site_name":"Maison Law","article_publisher":"https:\/\/www.facebook.com\/maisonlawfirm\/","twitter_card":"summary_large_image","twitter_misc":{"Tiempo de lectura":"5 minutos"},"schema":{"@context":"https:\/\/schema.org","@graph":[{"@type":"WebPage","@id":"https:\/\/maisonlaw.com\/es\/visalia\/mordedura-de-perro\/","url":"https:\/\/maisonlaw.com\/es\/visalia\/mordedura-de-perro\/","name":"Abogado de Mordedura de Perro en Visalia | Maison Law","isPartOf":{"@id":"https:\/\/maisonlaw.com\/es\/#website"},"datePublished":"2021-10-05T16:21:53+00:00","description":"California es un Estado de Responsabilidad Estricta por Mordedura de Perro, y los due\u00f1os son responsables de sus perros, aunque nunca hayan atacado a","breadcrumb":{"@id":"https:\/\/maisonlaw.com\/es\/visalia\/mordedura-de-perro\/#breadcrumb"},"inLanguage":"es","potentialAction":[{"@type":"ReadAction","target":["https:\/\/maisonlaw.com\/es\/visalia\/mordedura-de-perro\/"]}]},{"@type":"BreadcrumbList","@id":"https:\/\/maisonlaw.com\/es\/visalia\/mordedura-de-perro\/#breadcrumb","itemListElement":[{"@type":"ListItem","position":1,"name":"Home","item":"https:\/\/maisonlaw.com\/es\/"},{"@type":"ListItem","position":2,"name":"Abogado De Lesiones Personales En Visalia","item":"https:\/\/maisonlaw.com\/es\/visalia\/?lang=es"},{"@type":"ListItem","position":3,"name":"Abogado de Mordedura de Perro en Visalia"}]},{"@type":"WebSite","@id":"https:\/\/maisonlaw.com\/es\/#website","url":"https:\/\/maisonlaw.com\/es\/","name":"Maison Law Accident and Injury Lawyers","description":"The Support You Need. The Settlement You Deserve.","publisher":{"@id":"https:\/\/maisonlaw.com\/es\/#organization"},"alternateName":"Maison Law","potentialAction":[{"@type":"SearchAction","target":{"@type":"EntryPoint","urlTemplate":"https:\/\/maisonlaw.com\/es\/?s={search_term_string}"},"query-input":{"@type":"PropertyValueSpecification","valueRequired":true,"valueName":"search_term_string"}}],"inLanguage":"es"},{"@type":"Organization","@id":"https:\/\/maisonlaw.com\/es\/#organization","name":"Maison Law Accident & Injury Attorneys","alternateName":"Maison Law","url":"https:\/\/maisonlaw.com\/es\/","logo":{"@type":"ImageObject","inLanguage":"es","@id":"https:\/\/maisonlaw.com\/es\/#\/schema\/logo\/image\/","url":"https:\/\/maisonlaw.com\/wp-content\/uploads\/2025\/06\/experiment-logo-opt.png","contentUrl":"https:\/\/maisonlaw.com\/wp-content\/uploads\/2025\/06\/experiment-logo-opt.png","width":1345,"height":294,"caption":"Maison Law Accident & Injury Attorneys"},"image":{"@id":"https:\/\/maisonlaw.com\/es\/#\/schema\/logo\/image\/"},"sameAs":["https:\/\/www.facebook.com\/maisonlawfirm\/","https:\/\/www.linkedin.com\/in\/martin-gasparian-a9956516\/","https:\/\/www.instagram.com\/maison_law\/","https:\/\/www.youtube.com\/@maisonlaw"],"description":"Maison Law is a California Personal Injury Law Firm.","legalName":"Maison Law","foundingDate":"2014-01-01","numberOfEmployees":{"@type":"QuantitativeValue","minValue":"11","maxValue":"50"}}]}},"_links":{"self":[{"href":"https:\/\/maisonlaw.com\/es\/wp-json\/wp\/v2\/pages\/8080","targetHints":{"allow":["GET"]}}],"collection":[{"href":"https:\/\/maisonlaw.com\/es\/wp-json\/wp\/v2\/pages"}],"about":[{"href":"https:\/\/maisonlaw.com\/es\/wp-json\/wp\/v2\/types\/page"}],"author":[{"embeddable":true,"href":"https:\/\/maisonlaw.com\/es\/wp-json\/wp\/v2\/users\/10"}],"replies":[{"embeddable":true,"href":"https:\/\/maisonlaw.com\/es\/wp-json\/wp\/v2\/comments?post=8080"}],"version-history":[{"count":0,"href":"https:\/\/maisonlaw.com\/es\/wp-json\/wp\/v2\/pages\/8080\/revisions"}],"up":[{"embeddable":true,"href":"https:\/\/maisonlaw.com\/es\/wp-json\/wp\/v2\/pages\/7768"}],"wp:attachment":[{"href":"https:\/\/maisonlaw.com\/es\/wp-json\/wp\/v2\/media?parent=8080"}],"curies":[{"name":"wp","href":"https:\/\/api.w.org\/{rel}","templated":true}]}}