{"id":8077,"date":"2021-10-05T16:17:36","date_gmt":"2021-10-05T16:17:36","guid":{"rendered":"https:\/\/maisonlaw.com\/?page_id=8077"},"modified":"2021-10-05T16:18:13","modified_gmt":"2021-10-05T16:18:13","slug":"accidentes-motocicleta","status":"publish","type":"page","link":"https:\/\/maisonlaw.com\/es\/visalia\/accidentes-motocicleta\/","title":{"rendered":"Abogado de Accidentes de Motocicleta en Visalia"},"content":{"rendered":"<p><span style=\"font-weight: 400;\">Si usted o un ser querido se lesion\u00f3 en una motocicleta en Visalia o en cualquier otro lugar de Central Valley, p\u00f3ngase en contacto con nosotros hoy para una consulta gratuita.<\/span><\/p>\n<p><span style=\"font-weight: 400;\">Como cualquier otra persona en la carretera, los motociclistas corren el riesgo de resultar heridos o incluso de morir por las lesiones sufridas en un accidente de motocicleta. Sin embargo, las motocicletas no tienen tecnolog\u00eda para evitar vuelcos ni techos reforzados para proteger a los conductores. Tampoco tienen marcos y carrocer\u00edas de acero, parachoques, zonas de deformaci\u00f3n, bolsas de aire y cinturones de seguridad para proteger a los conductores. De hecho, aparte del casco que exige la ley estatal y tal vez algunos cueros, los motociclistas de Visalia y sus alrededores o de cualquier otro lugar de California est\u00e1n pr\u00e1cticamente desprotegidos en caso de accidente. Seg\u00fan la Administraci\u00f3n Nacional de Seguridad en el Transporte por Carretera (NHTSA), los motociclistas tienen <\/span><span style=\"font-weight: 400;\">28 veces <\/span><span style=\"font-weight: 400;\">m\u00e1s probabilidades de morir en un accidente que los ocupantes de un auto. La NHTSA estima que el 80 por ciento de los accidentes de motocicletas acaban con lesiones o con la muerte. Esa estimaci\u00f3n puede ser baja.<\/span><\/p>\n<h2><b>MUCHOS AUTOMOVILISTAS SIMPLEMENTE NO LOS VEN<\/b><\/h2>\n<p><span style=\"font-weight: 400;\">Un estudio realizado para la NHTSA en la Universidad del Sur de California descubri\u00f3 que, despu\u00e9s de chocar con una motocicleta, los conductores de los veh\u00edculos causantes de las colisiones comentaban con frecuencia que, o bien no hab\u00edan visto acercarse a la motocicleta, o no la hab\u00edan visto hasta que era demasiado tarde. Ese estudio tambi\u00e9n descubri\u00f3 que, por t\u00e9rmino medio, los motociclistas ten\u00edan unos dos segundos para intentar evitar el impacto.<\/span><\/p>\n<h2><b>ALGUNAS CAUSAS COMUNES DE LAS COLISIONES DE MOTOCICLETAS<\/b><\/h2>\n<p><span style=\"font-weight: 400;\">El aumento de la congesti\u00f3n del tr\u00e1fico en Visalia, el condado de Tulare y el Valle de San Joaqu\u00edn contribuye a las lesiones y muertes de los motociclistas en la zona, pero tambi\u00e9n hay otros factores que entran en la ecuaci\u00f3n de los accidentes de motocicleta. He aqu\u00ed algunas de las causas comunes de los choques de motocicletas:<\/span><\/p>\n<ul>\n<li aria-level=\"1\"><b>Los automovilistas que realizan giros a la izquierda en la trayectoria de una motocicleta que se aproxima. Estas maniobras causan entre el 55 y el 66% de todos los accidentes de motocicleta en los que se ven implicados dos veh\u00edculos.<\/b><\/li>\n<\/ul>\n<ul>\n<li aria-level=\"1\"><b>La conducci\u00f3n distra\u00edda, como hablar por tel\u00e9fono, enviar mensajes de texto, comer, hablar con los pasajeros o incluso ocuparse del aseo personal, va en aumento. La conducci\u00f3n distra\u00edda es una de las causas de los accidentes de motocicleta<\/b> <b>en California casi todos los d\u00edas.<\/b><\/li>\n<\/ul>\n<ul>\n<li aria-level=\"1\"><b>Conductores que realizan cambios de carril inseguros al no comprobar sus puntos ciegos.<\/b><\/li>\n<\/ul>\n<ul>\n<li aria-level=\"1\"><b>Exceder el l\u00edmite de velocidad. Esto reduce la posibilidad de que un automovilista vea y reaccione ante un motociclista a tiempo para evitar un accidente.<\/b><\/li>\n<\/ul>\n<ul>\n<li aria-level=\"1\"><b>Los motoristas que se saltan los sem\u00e1foros y las se\u00f1ales de stop o que no ceden el paso.<\/b><\/li>\n<\/ul>\n<ul>\n<li aria-level=\"1\"><b>Conducci\u00f3n en estado de embriaguez, conducci\u00f3n bajo los efectos de las drogas o ambos. El alcohol y las drogas perjudican sustancialmente el juicio, los reflejos y la percepci\u00f3n de la profundidad de un motorista.<\/b><\/li>\n<\/ul>\n<h2><b>ALGUNAS LESIONES COMUNES EN ACCIDENTES DE MOTO<\/b><\/h2>\n<p><span style=\"font-weight: 400;\">Dada la vulnerabilidad y exposici\u00f3n de los motociclistas, sus lesiones suelen ser graves cuando se ven involucrados en un accidente. Las vidas de muchas v\u00edctimas se ver\u00e1n afectadas para siempre. He aqu\u00ed algunas de esas lesiones, cualquiera de las cuales podr\u00eda requerir m\u00faltiples cirug\u00edas:<\/span><\/p>\n<ul>\n<li aria-level=\"1\"><b>Lesiones cerebrales y medulares traum\u00e1ticas.<\/b><\/li>\n<\/ul>\n<ul>\n<li aria-level=\"1\"><b>Amputaciones.<\/b><\/li>\n<\/ul>\n<ul>\n<li aria-level=\"1\"><b>Fracturas m\u00faltiples.<\/b><\/li>\n<\/ul>\n<ul>\n<li aria-level=\"1\"><b>Lesiones en los huesos y discos de la columna vertebral.<\/b><\/li>\n<\/ul>\n<ul>\n<li aria-level=\"1\"><b>Da\u00f1os en \u00f3rganos internos.<\/b><\/li>\n<\/ul>\n<ul>\n<li aria-level=\"1\"><b>Fracturas faciales y lesiones dentales importantes.<\/b><\/li>\n<\/ul>\n<ul>\n<li aria-level=\"1\"><b>Erupci\u00f3n en la carretera que conlleva el riesgo de una infecci\u00f3n grave.<\/b><\/li>\n<\/ul>\n<p><span style=\"font-weight: 400;\">Los da\u00f1os derivados de esas lesiones pueden incluir facturas m\u00e9dicas pasadas y futuras, p\u00e9rdida de ingresos pasados y futuros, cualquier discapacidad o desfiguraci\u00f3n permanente, dolor y sufrimiento y p\u00e9rdida de una vida normal. Nuestro trabajo es perseguir esos da\u00f1os para usted mientras se recupera y alcanza la m\u00e1xima mejor\u00eda m\u00e9dica.<\/span><\/p>\n<h2><b>MUERTE POR NEGLIGENCIA<\/b><\/h2>\n<p><span style=\"font-weight: 400;\">La muerte por negligencia se produce cuando otro conductor provoca un accidente en el que est\u00e1 implicado un motociclista, y \u00e9ste muere a causa de las lesiones que sufri\u00f3 en ese choque. En este tipo de casos se suelen plantear dos categor\u00edas diferentes de da\u00f1os y perjuicios, pero se abordan en una \u00fanica demanda por homicidio culposo. Algunos de esos da\u00f1os son los siguientes:<\/span><\/p>\n<ul>\n<li aria-level=\"1\"><b>El dolor y el sufrimiento del difunto.<\/b><\/li>\n<\/ul>\n<ul>\n<li aria-level=\"1\"><b>Los costes de los cuidados y tratamientos m\u00e9dicos antes del fallecimiento.<\/b><\/li>\n<\/ul>\n<ul>\n<li aria-level=\"1\"><b>Ganancias perdidas del pasado y futuro.<\/b><\/li>\n<\/ul>\n<ul>\n<li aria-level=\"1\"><b>La p\u00e9rdida de los servicios del difunto a la familia o al hogar.<\/b><\/li>\n<\/ul>\n<ul>\n<li aria-level=\"1\"><b>La p\u00e9rdida de la compa\u00f1\u00eda y orientaci\u00f3n del difunto.<\/b><\/li>\n<\/ul>\n<ul>\n<li aria-level=\"1\"><b>La angustia emocional, el dolor y el sufrimiento de la familia superviviente.<\/b><\/li>\n<\/ul>\n<ul>\n<li aria-level=\"1\"><b>Los gastos de funeral, cementerio y entierro.<\/b><\/li>\n<\/ul>\n<h2><b>SUPERAR LOS PREJUICIOS<\/b><\/h2>\n<p><span style=\"font-weight: 400;\">Tanto en el sector de los seguros como en el p\u00fablico en general, existe un fuerte prejuicio contra los motociclistas. A menudo se les percibe como imprudentes que asumen riesgos, especialmente aqu\u00ed en California, donde el desv\u00edo de carril es perfectamente legal. La mayor\u00eda de los motoristas son plenamente conscientes de lo que les puede ocurrir cuando van en moto, por lo que ejercen el debido cuidado y precauci\u00f3n para su seguridad personal evitando comportamientos de riesgo. Sin embargo, puede que no sea as\u00ed como los jurados ven a los motociclistas. Si un caso de accidente de motocicleta llega a juicio, hay algunos jurados que creen que los motociclistas tienen el mismo derecho a la carretera que los dem\u00e1s veh\u00edculos. Est\u00e1n dispuestos a dar un juicio justo a un motociclista lesionado o a la herencia de un motociclista fallecido. Independientemente de que puedan negar abiertamente su parcialidad, otros jurados pueden ser m\u00e1s dif\u00edciles. Un gran abogado puede incluso conseguir que se elimine a un miembro del jurado por su parcialidad.<\/span><\/p>\n<h2><b>P\u00d3NGASE EN CONTACTO CON UN ABOGADO DE ACCIDENTES DE MOTOCICLETA EN VISALIA HOY MISMO.<\/b><\/h2>\n<p><span style=\"font-weight: 400;\">Despu\u00e9s de un accidente de motocicleta que implica lesiones graves o la muerte que fue causada por otra persona, la aseguradora contraria sabe que se enfrenta a la posibilidad de una gran p\u00e9rdida financiera. Es probable que hagan todo lo posible para pagarle lo menos posible o incluso nada. Espere que desestimen su reclamaci\u00f3n y que utilicen todo lo que puedan contra usted. Eso incluye cualquier declaraci\u00f3n que usted pueda hacerles fuera de los tribunales.<\/span><\/p>\n<p><span style=\"font-weight: 400;\">La ley de California no requiere que usted hable o coopere con la aseguradora contraria, as\u00ed que en lugar de hacer eso y da\u00f1ar su caso, <\/span><span style=\"font-weight: 400;\">p\u00f3ngase en contacto con nosotros <\/span><span style=\"font-weight: 400;\">primero para concertar una consulta gratuita y una revisi\u00f3n del caso. Al evaluar su caso, le escucharemos con atenci\u00f3n y examinaremos todos los hechos. Luego, responderemos a sus preguntas y le aconsejaremos sobre la viabilidad de todas sus opciones legales.<\/span><\/p>\n<p><span style=\"font-weight: 400;\">P\u00f3ngase en contacto con un <\/span><span style=\"font-weight: 400;\">Abogado de Lesiones Personales de Visalia <\/span><span style=\"font-weight: 400;\">de inmediato despu\u00e9s de haber sido lesionado o de haber perdido a un familiar como resultado del descuido y la negligencia de otra persona en cualquier lugar de Visalia.<\/span><\/p>\n","protected":false},"excerpt":{"rendered":"<p>Si usted o un ser querido se lesion\u00f3 en una motocicleta en Visalia o en cualquier otro lugar de Central Valley, p\u00f3ngase en contacto con nosotros hoy para una consulta gratuita. Como cualquier otra persona en la carretera, los motociclistas corren el riesgo de resultar heridos o incluso de morir por las lesiones sufridas en [&hellip;]<\/p>\n","protected":false},"author":10,"featured_media":0,"parent":7768,"menu_order":0,"comment_status":"closed","ping_status":"closed","template":"","meta":{"footnotes":""},"class_list":["post-8077","page","type-page","status-publish","hentry"],"yoast_head":"<!-- This site is optimized with the Yoast SEO Premium plugin v27.3 (Yoast SEO v27.3) - https:\/\/yoast.com\/product\/yoast-seo-premium-wordpress\/ -->\n<title>Abogado de Accidentes de Motocicleta en Visalia | Maison Law<\/title>\n<meta name=\"description\" content=\"Si usted o un ser querido se lesion\u00f3 en una motocicleta en Visalia o en cualquier otro lugar de Central Valley, p\u00f3ngase en contacto con nosotros hoy para\" \/>\n<meta name=\"robots\" content=\"index, follow, max-snippet:-1, max-image-preview:large, max-video-preview:-1\" \/>\n<link rel=\"canonical\" href=\"https:\/\/maisonlaw.com\/es\/visalia\/accidentes-motocicleta\/\" \/>\n<meta property=\"og:locale\" content=\"es_ES\" \/>\n<meta property=\"og:type\" content=\"article\" \/>\n<meta property=\"og:title\" content=\"Abogado de Accidentes de Motocicleta en Visalia\" \/>\n<meta property=\"og:description\" content=\"Si usted o un ser querido se lesion\u00f3 en una motocicleta en Visalia o en cualquier otro lugar de Central Valley, p\u00f3ngase en contacto con nosotros hoy para\" \/>\n<meta property=\"og:url\" content=\"https:\/\/maisonlaw.com\/es\/visalia\/accidentes-motocicleta\/\" \/>\n<meta property=\"og:site_name\" content=\"Maison Law\" \/>\n<meta property=\"article:publisher\" content=\"https:\/\/www.facebook.com\/maisonlawfirm\/\" \/>\n<meta property=\"article:modified_time\" content=\"2021-10-05T16:18:13+00:00\" \/>\n<meta name=\"twitter:card\" content=\"summary_large_image\" \/>\n<meta name=\"twitter:label1\" content=\"Tiempo de lectura\" \/>\n\t<meta name=\"twitter:data1\" content=\"6 minutos\" \/>\n<script type=\"application\/ld+json\" class=\"yoast-schema-graph\">{\"@context\":\"https:\\\/\\\/schema.org\",\"@graph\":[{\"@type\":\"WebPage\",\"@id\":\"https:\\\/\\\/maisonlaw.com\\\/es\\\/visalia\\\/accidentes-motocicleta\\\/\",\"url\":\"https:\\\/\\\/maisonlaw.com\\\/es\\\/visalia\\\/accidentes-motocicleta\\\/\",\"name\":\"Abogado de Accidentes de Motocicleta en Visalia | Maison Law\",\"isPartOf\":{\"@id\":\"https:\\\/\\\/maisonlaw.com\\\/es\\\/#website\"},\"datePublished\":\"2021-10-05T16:17:36+00:00\",\"dateModified\":\"2021-10-05T16:18:13+00:00\",\"description\":\"Si usted o un ser querido se lesion\u00f3 en una motocicleta en Visalia o en cualquier otro lugar de Central Valley, p\u00f3ngase en contacto con nosotros hoy para\",\"breadcrumb\":{\"@id\":\"https:\\\/\\\/maisonlaw.com\\\/es\\\/visalia\\\/accidentes-motocicleta\\\/#breadcrumb\"},\"inLanguage\":\"es\",\"potentialAction\":[{\"@type\":\"ReadAction\",\"target\":[\"https:\\\/\\\/maisonlaw.com\\\/es\\\/visalia\\\/accidentes-motocicleta\\\/\"]}]},{\"@type\":\"BreadcrumbList\",\"@id\":\"https:\\\/\\\/maisonlaw.com\\\/es\\\/visalia\\\/accidentes-motocicleta\\\/#breadcrumb\",\"itemListElement\":[{\"@type\":\"ListItem\",\"position\":1,\"name\":\"Home\",\"item\":\"https:\\\/\\\/maisonlaw.com\\\/es\\\/\"},{\"@type\":\"ListItem\",\"position\":2,\"name\":\"Abogado De Lesiones Personales En Visalia\",\"item\":\"https:\\\/\\\/maisonlaw.com\\\/es\\\/visalia\\\/?lang=es\"},{\"@type\":\"ListItem\",\"position\":3,\"name\":\"Abogado de Accidentes de Motocicleta en Visalia\"}]},{\"@type\":\"WebSite\",\"@id\":\"https:\\\/\\\/maisonlaw.com\\\/es\\\/#website\",\"url\":\"https:\\\/\\\/maisonlaw.com\\\/es\\\/\",\"name\":\"Maison Law Accident and Injury Lawyers\",\"description\":\"The Support You Need. The Settlement You Deserve.\",\"publisher\":{\"@id\":\"https:\\\/\\\/maisonlaw.com\\\/es\\\/#organization\"},\"alternateName\":\"Maison Law\",\"potentialAction\":[{\"@type\":\"SearchAction\",\"target\":{\"@type\":\"EntryPoint\",\"urlTemplate\":\"https:\\\/\\\/maisonlaw.com\\\/es\\\/?s={search_term_string}\"},\"query-input\":{\"@type\":\"PropertyValueSpecification\",\"valueRequired\":true,\"valueName\":\"search_term_string\"}}],\"inLanguage\":\"es\"},{\"@type\":\"Organization\",\"@id\":\"https:\\\/\\\/maisonlaw.com\\\/es\\\/#organization\",\"name\":\"Maison Law Accident & Injury Attorneys\",\"alternateName\":\"Maison Law\",\"url\":\"https:\\\/\\\/maisonlaw.com\\\/es\\\/\",\"logo\":{\"@type\":\"ImageObject\",\"inLanguage\":\"es\",\"@id\":\"https:\\\/\\\/maisonlaw.com\\\/es\\\/#\\\/schema\\\/logo\\\/image\\\/\",\"url\":\"https:\\\/\\\/maisonlaw.com\\\/wp-content\\\/uploads\\\/2025\\\/06\\\/experiment-logo-opt.png\",\"contentUrl\":\"https:\\\/\\\/maisonlaw.com\\\/wp-content\\\/uploads\\\/2025\\\/06\\\/experiment-logo-opt.png\",\"width\":1345,\"height\":294,\"caption\":\"Maison Law Accident & Injury Attorneys\"},\"image\":{\"@id\":\"https:\\\/\\\/maisonlaw.com\\\/es\\\/#\\\/schema\\\/logo\\\/image\\\/\"},\"sameAs\":[\"https:\\\/\\\/www.facebook.com\\\/maisonlawfirm\\\/\",\"https:\\\/\\\/www.linkedin.com\\\/in\\\/martin-gasparian-a9956516\\\/\",\"https:\\\/\\\/www.instagram.com\\\/maison_law\\\/\",\"https:\\\/\\\/www.youtube.com\\\/@maisonlaw\"],\"description\":\"Maison Law is a California Personal Injury Law Firm.\",\"legalName\":\"Maison Law\",\"foundingDate\":\"2014-01-01\",\"numberOfEmployees\":{\"@type\":\"QuantitativeValue\",\"minValue\":\"11\",\"maxValue\":\"50\"}}]}<\/script>\n<!-- \/ Yoast SEO Premium plugin. -->","yoast_head_json":{"title":"Abogado de Accidentes de Motocicleta en Visalia | Maison Law","description":"Si usted o un ser querido se lesion\u00f3 en una motocicleta en Visalia o en cualquier otro lugar de Central Valley, p\u00f3ngase en contacto con nosotros hoy para","robots":{"index":"index","follow":"follow","max-snippet":"max-snippet:-1","max-image-preview":"max-image-preview:large","max-video-preview":"max-video-preview:-1"},"canonical":"https:\/\/maisonlaw.com\/es\/visalia\/accidentes-motocicleta\/","og_locale":"es_ES","og_type":"article","og_title":"Abogado de Accidentes de Motocicleta en Visalia","og_description":"Si usted o un ser querido se lesion\u00f3 en una motocicleta en Visalia o en cualquier otro lugar de Central Valley, p\u00f3ngase en contacto con nosotros hoy para","og_url":"https:\/\/maisonlaw.com\/es\/visalia\/accidentes-motocicleta\/","og_site_name":"Maison Law","article_publisher":"https:\/\/www.facebook.com\/maisonlawfirm\/","article_modified_time":"2021-10-05T16:18:13+00:00","twitter_card":"summary_large_image","twitter_misc":{"Tiempo de lectura":"6 minutos"},"schema":{"@context":"https:\/\/schema.org","@graph":[{"@type":"WebPage","@id":"https:\/\/maisonlaw.com\/es\/visalia\/accidentes-motocicleta\/","url":"https:\/\/maisonlaw.com\/es\/visalia\/accidentes-motocicleta\/","name":"Abogado de Accidentes de Motocicleta en Visalia | Maison Law","isPartOf":{"@id":"https:\/\/maisonlaw.com\/es\/#website"},"datePublished":"2021-10-05T16:17:36+00:00","dateModified":"2021-10-05T16:18:13+00:00","description":"Si usted o un ser querido se lesion\u00f3 en una motocicleta en Visalia o en cualquier otro lugar de Central Valley, p\u00f3ngase en contacto con nosotros hoy para","breadcrumb":{"@id":"https:\/\/maisonlaw.com\/es\/visalia\/accidentes-motocicleta\/#breadcrumb"},"inLanguage":"es","potentialAction":[{"@type":"ReadAction","target":["https:\/\/maisonlaw.com\/es\/visalia\/accidentes-motocicleta\/"]}]},{"@type":"BreadcrumbList","@id":"https:\/\/maisonlaw.com\/es\/visalia\/accidentes-motocicleta\/#breadcrumb","itemListElement":[{"@type":"ListItem","position":1,"name":"Home","item":"https:\/\/maisonlaw.com\/es\/"},{"@type":"ListItem","position":2,"name":"Abogado De Lesiones Personales En Visalia","item":"https:\/\/maisonlaw.com\/es\/visalia\/?lang=es"},{"@type":"ListItem","position":3,"name":"Abogado de Accidentes de Motocicleta en Visalia"}]},{"@type":"WebSite","@id":"https:\/\/maisonlaw.com\/es\/#website","url":"https:\/\/maisonlaw.com\/es\/","name":"Maison Law Accident and Injury Lawyers","description":"The Support You Need. The Settlement You Deserve.","publisher":{"@id":"https:\/\/maisonlaw.com\/es\/#organization"},"alternateName":"Maison Law","potentialAction":[{"@type":"SearchAction","target":{"@type":"EntryPoint","urlTemplate":"https:\/\/maisonlaw.com\/es\/?s={search_term_string}"},"query-input":{"@type":"PropertyValueSpecification","valueRequired":true,"valueName":"search_term_string"}}],"inLanguage":"es"},{"@type":"Organization","@id":"https:\/\/maisonlaw.com\/es\/#organization","name":"Maison Law Accident & Injury Attorneys","alternateName":"Maison Law","url":"https:\/\/maisonlaw.com\/es\/","logo":{"@type":"ImageObject","inLanguage":"es","@id":"https:\/\/maisonlaw.com\/es\/#\/schema\/logo\/image\/","url":"https:\/\/maisonlaw.com\/wp-content\/uploads\/2025\/06\/experiment-logo-opt.png","contentUrl":"https:\/\/maisonlaw.com\/wp-content\/uploads\/2025\/06\/experiment-logo-opt.png","width":1345,"height":294,"caption":"Maison Law Accident & Injury Attorneys"},"image":{"@id":"https:\/\/maisonlaw.com\/es\/#\/schema\/logo\/image\/"},"sameAs":["https:\/\/www.facebook.com\/maisonlawfirm\/","https:\/\/www.linkedin.com\/in\/martin-gasparian-a9956516\/","https:\/\/www.instagram.com\/maison_law\/","https:\/\/www.youtube.com\/@maisonlaw"],"description":"Maison Law is a California Personal Injury Law Firm.","legalName":"Maison Law","foundingDate":"2014-01-01","numberOfEmployees":{"@type":"QuantitativeValue","minValue":"11","maxValue":"50"}}]}},"_links":{"self":[{"href":"https:\/\/maisonlaw.com\/es\/wp-json\/wp\/v2\/pages\/8077","targetHints":{"allow":["GET"]}}],"collection":[{"href":"https:\/\/maisonlaw.com\/es\/wp-json\/wp\/v2\/pages"}],"about":[{"href":"https:\/\/maisonlaw.com\/es\/wp-json\/wp\/v2\/types\/page"}],"author":[{"embeddable":true,"href":"https:\/\/maisonlaw.com\/es\/wp-json\/wp\/v2\/users\/10"}],"replies":[{"embeddable":true,"href":"https:\/\/maisonlaw.com\/es\/wp-json\/wp\/v2\/comments?post=8077"}],"version-history":[{"count":0,"href":"https:\/\/maisonlaw.com\/es\/wp-json\/wp\/v2\/pages\/8077\/revisions"}],"up":[{"embeddable":true,"href":"https:\/\/maisonlaw.com\/es\/wp-json\/wp\/v2\/pages\/7768"}],"wp:attachment":[{"href":"https:\/\/maisonlaw.com\/es\/wp-json\/wp\/v2\/media?parent=8077"}],"curies":[{"name":"wp","href":"https:\/\/api.w.org\/{rel}","templated":true}]}}