{"id":8075,"date":"2021-10-05T16:12:30","date_gmt":"2021-10-05T16:12:30","guid":{"rendered":"https:\/\/maisonlaw.com\/?page_id=8075"},"modified":"2021-10-05T16:12:30","modified_gmt":"2021-10-05T16:12:30","slug":"accidentes-bicicleta","status":"publish","type":"page","link":"https:\/\/maisonlaw.com\/es\/visalia\/accidentes-bicicleta\/","title":{"rendered":"Abogado de Accidentes de Bicicleta en Visali"},"content":{"rendered":"<p><span style=\"font-weight: 400;\">Visalia tiene muchas carreteras en las que no hay designaciones de carriles para bicicletas, y ciertamente no es Davis. Sin embargo, tenemos algunos carriles para bicicletas de clase: 1. Los carriles para bicicletas de clase 2 a lo largo de la avenida Tulare, la avenida Whitendale y otras v\u00edas arteriales son tambi\u00e9n un buen comienzo, sin embargo, con demasiada frecuencia los ciclistas se encuentran tratando de evitar que una puerta salga despedida a su paso. Tambi\u00e9n existen rutas para bicicletas de clase 3, sin embargo, cada ciclista tiene que lidiar con conductores irrespetuosos que se sienten due\u00f1os de la carretera cuando est\u00e1n al volante.<\/span><\/p>\n<p><span style=\"font-weight: 400;\">El C\u00f3digo de Veh\u00edculos de California otorga a los ciclistas los mismos derechos en la calzada que a los conductores de autom\u00f3vil. Desgraciadamente, un choque puede ocurrir en un instante. Si el descuido y la negligencia de un conductor le causaron lesiones graves en un accidente de bicicleta en Visalia o sus alrededores, en el condado de Tulare o en cualquier lugar del Valle Central, querr\u00e1 hablar con un abogado experimentado y eficaz en accidentes de bicicleta en Visalia de nuestras oficinas. Usted podr\u00eda ser elegible para una compensaci\u00f3n por sus lesiones.<\/span><\/p>\n<h2><b>ACCIDENTES COMUNES EN BICICLETA<\/b><\/h2>\n<p><span style=\"font-weight: 400;\">Como ciclista, usted no tiene una carrocer\u00eda y un cuadro de metal a su alrededor con parachoques. Las \u00fanicas zonas de deformaci\u00f3n son su piel, m\u00fasculos, articulaciones y huesos. Usted est\u00e1 expuesto y es vulnerable a las lesiones graves. Tampoco cuenta con la protecci\u00f3n de las bolsas de aire o los sistemas de retenci\u00f3n de los asientos. Como la historia tiende a repetirse, tambi\u00e9n lo hacen los accidentes de bicicleta. He aqu\u00ed algunos de los tipos m\u00e1s comunes:<\/span><\/p>\n<ul>\n<li aria-level=\"1\"><b>Veh\u00edculos que giran a la izquierda: Las bicicletas presentan perfiles peque\u00f1os, bajos y estrechos en las carreteras. Los conductores no las ven, o no las ven hasta que es demasiado tarde, especialmente cuando est\u00e1n girando a la izquierda y el ciclista va de frente.<\/b><\/li>\n<\/ul>\n<ul>\n<li aria-level=\"1\"><b>Golpe a la derecha: El ciclista ir\u00e1 recto, y el automovilista le adelantar\u00e1 por la izquierda y entonces, el automovilista har\u00e1 un giro a la derecha delante del ciclista.<\/b><\/li>\n<\/ul>\n<ul>\n<li aria-level=\"1\"><b>El cruce a la derecha se produce cuando un veh\u00edculo se cruza con una calle lateral, un camino privado o un callej\u00f3n y gira a la derecha delante del ciclista.<\/b><\/li>\n<\/ul>\n<ul>\n<li aria-level=\"1\"><b>Ser embestido: Esto sucede cuando un conductor estacionado abre su puerta para salir de su veh\u00edculo. El ciclista no tiene tiempo de evitar la puerta y se estrella contra ella.<\/b><\/li>\n<\/ul>\n<ul>\n<li aria-level=\"1\"><b>Choques por detr\u00e1s: S\u00ed, los ciclistas tambi\u00e9n sufren choques por detr\u00e1s. Se trata de choques especialmente peligrosos, ya que el ciclista puede salir propulsado por encima del manillar de la bicicleta.<\/b><\/li>\n<\/ul>\n<ul>\n<li aria-level=\"1\"><b>Atropellos: Son legalmente dif\u00edciles para los ciclistas. En el momento en que el ciclista puede recobrar el sentido y orientarse, el motorista ya se ha ido.<\/b><\/li>\n<\/ul>\n<ul>\n<li style=\"font-weight: 400;\" aria-level=\"1\"><b>Dise\u00f1o o mantenimiento deficiente de la carretera, como desniveles pronunciados o baches profundos, rejillas y tapas de alcantarillado sueltas o ausentes.<\/b><\/li>\n<\/ul>\n<h2><b>LESIONES COMUNES EN ACCIDENTES DE BICICLETA<\/b><\/h2>\n<p><span style=\"font-weight: 400;\">Los ciclistas suelen tener poco o ning\u00fan tiempo para intentar evitar un impacto con un veh\u00edculo de motor. Sin protecci\u00f3n a su alrededor, las lesiones que sufren pueden ser permanentes y graves. Estas son algunas de las lesiones m\u00e1s comunes que ven nuestros abogados de accidentes de bicicleta en el condado de Tulare:<\/span><\/p>\n<ul>\n<li aria-level=\"1\"><b>Lesiones cerebrales traum\u00e1ticas, incluso cuando el ciclista lleva casco.<\/b><\/li>\n<\/ul>\n<ul>\n<li aria-level=\"1\"><b>Las lesiones de la m\u00e9dula espinal pueden provocar alg\u00fan grado de paraplejia o tetraplejia completa.<\/b><\/li>\n<\/ul>\n<ul>\n<li aria-level=\"1\"><b>Fracturas m\u00faltiples, especialmente de la pelvis hacia abajo.<\/b><\/li>\n<\/ul>\n<ul>\n<li aria-level=\"1\"><b>Da\u00f1os en \u00f3rganos vitales.<\/b><\/li>\n<\/ul>\n<ul>\n<li aria-level=\"1\"><b>Fracturas faciales y lesiones dentales graves.<\/b><\/li>\n<\/ul>\n<ul>\n<li aria-level=\"1\"><b>Da\u00f1os en las articulaciones y ligamentos de la columna vertebral y las extremidades.<\/b><\/li>\n<\/ul>\n<ul>\n<li style=\"font-weight: 400;\" aria-level=\"1\"><b>Cortes profundos y erupciones en la carretera.<\/b><\/li>\n<\/ul>\n<h2><b>PREJUICIOS DE LAS COMPA\u00d1\u00cdAS DE SEGUROS Y DE LOS JURADOS CONTRA LOS CICLISTAS<\/b><\/h2>\n<p><span style=\"font-weight: 400;\">A pesar de la ley de California, muchas personas est\u00e1n perfectamente dispuestas a asignar la culpa a un ciclista que tuvo un accidente con un veh\u00edculo de motor s\u00f3lo porque esa persona estaba en una calzada y utilizando dos ruedas en lugar de cuatro. Es necesario enfrentarse a este sesgo desde el principio de una reclamaci\u00f3n o demanda. As\u00ed es como lo enfocamos desde el momento en que se nos contrata en un caso de accidente de bicicleta.<\/span><\/p>\n<h2><b>ATROPELLO Y FUGA<\/b><\/h2>\n<p><span style=\"font-weight: 400;\">La mayor\u00eda de los ciclistas no se dan cuenta, pero si son propietarios de un coche, y eligen estar asegurados por la cobertura de motorista no asegurado, es probable que est\u00e9n cubiertos cuando se lesionan como ciclistas en un atropello y fuga que fue causado por un motorista. Los miembros de su familia que sean parientes consangu\u00edneos y residentes de su hogar tambi\u00e9n podr\u00edan estar cubiertos como ciclistas o como peatones.<\/span><\/p>\n<h2><b>NO HABLE CON LA ASEGURADORA CONTRARIA<\/b><\/h2>\n<p><span style=\"font-weight: 400;\">Dada la ley de negligencia, las graves lesiones que probablemente se deriven de un accidente de bicicleta y el sesgo contra los ciclistas, los accidentes de bicicleta son un \u00e1rea compleja de la ley. Incluso si un accidente no ha sido culpa suya, la aseguradora contraria le tendr\u00e1 justo donde quiere si usted trata de representarse a s\u00ed mismo y le da a esa aseguradora contraria una declaraci\u00f3n. Sus propias palabras ser\u00e1n entonces utilizadas en su contra en el futuro para atacar su credibilidad y devaluar su caso.<\/span><\/p>\n<h2><b>CONTACTE CON UN ABOGADO DE ACCIDENTES DE BICICLETA EN VISALIA<\/b><\/h2>\n<p><span style=\"font-weight: 400;\">En lugar de perjudicar su caso, prot\u00e9jalo y <\/span><span style=\"font-weight: 400;\">p\u00f3ngase en contacto con nosotros <\/span><span style=\"font-weight: 400;\">para concertar una consulta confidencial gratuita y una revisi\u00f3n del caso. Puede contarnos lo que ocurri\u00f3 y c\u00f3mo le ha afectado. Tambi\u00e9n responderemos a sus preguntas. Despu\u00e9s, le proporcionaremos nuestro an\u00e1lisis legal y le aconsejaremos sobre todas sus opciones legales. Si acabamos celebrando un acuerdo de retenci\u00f3n con usted, ni siquiera habr\u00e1 que pagar los honorarios legales a menos que obtengamos un acuerdo o una indemnizaci\u00f3n para usted. P\u00f3ngase en contacto con nosotros inmediatamente despu\u00e9s de resultar herido en cualquier accidente de bicicleta.<\/span><span style=\"font-weight: 400;\"><br \/>\n<\/span><\/p>\n","protected":false},"excerpt":{"rendered":"<p>Visalia tiene muchas carreteras en las que no hay designaciones de carriles para bicicletas, y ciertamente no es Davis. Sin embargo, tenemos algunos carriles para bicicletas de clase: 1. Los carriles para bicicletas de clase 2 a lo largo de la avenida Tulare, la avenida Whitendale y otras v\u00edas arteriales son tambi\u00e9n un buen comienzo, [&hellip;]<\/p>\n","protected":false},"author":10,"featured_media":0,"parent":7768,"menu_order":0,"comment_status":"closed","ping_status":"closed","template":"","meta":{"footnotes":""},"class_list":["post-8075","page","type-page","status-publish","hentry"],"yoast_head":"<!-- This site is optimized with the Yoast SEO Premium plugin v27.4 (Yoast SEO v27.4) - https:\/\/yoast.com\/product\/yoast-seo-premium-wordpress\/ -->\n<title>Abogado de Accidentes de Bicicleta en Visali | Maison Law<\/title>\n<meta name=\"description\" content=\"Visalia tiene muchas carreteras en las que no hay designaciones de carriles para bicicletas, y ciertamente no es Davis. Sin embargo, tenemos algunos\" \/>\n<meta name=\"robots\" content=\"index, follow, max-snippet:-1, max-image-preview:large, max-video-preview:-1\" \/>\n<link rel=\"canonical\" href=\"https:\/\/maisonlaw.com\/es\/visalia\/accidentes-bicicleta\/\" \/>\n<meta property=\"og:locale\" content=\"es_ES\" \/>\n<meta property=\"og:type\" content=\"article\" \/>\n<meta property=\"og:title\" content=\"Abogado de Accidentes de Bicicleta en Visali\" \/>\n<meta property=\"og:description\" content=\"Visalia tiene muchas carreteras en las que no hay designaciones de carriles para bicicletas, y ciertamente no es Davis. Sin embargo, tenemos algunos\" \/>\n<meta property=\"og:url\" content=\"https:\/\/maisonlaw.com\/es\/visalia\/accidentes-bicicleta\/\" \/>\n<meta property=\"og:site_name\" content=\"Maison Law\" \/>\n<meta property=\"article:publisher\" content=\"https:\/\/www.facebook.com\/maisonlawfirm\/\" \/>\n<meta name=\"twitter:card\" content=\"summary_large_image\" \/>\n<meta name=\"twitter:label1\" content=\"Tiempo de lectura\" \/>\n\t<meta name=\"twitter:data1\" content=\"5 minutos\" \/>\n<script type=\"application\/ld+json\" class=\"yoast-schema-graph\">{\"@context\":\"https:\\\/\\\/schema.org\",\"@graph\":[{\"@type\":\"WebPage\",\"@id\":\"https:\\\/\\\/maisonlaw.com\\\/es\\\/visalia\\\/accidentes-bicicleta\\\/\",\"url\":\"https:\\\/\\\/maisonlaw.com\\\/es\\\/visalia\\\/accidentes-bicicleta\\\/\",\"name\":\"Abogado de Accidentes de Bicicleta en Visali | Maison Law\",\"isPartOf\":{\"@id\":\"https:\\\/\\\/maisonlaw.com\\\/es\\\/#website\"},\"datePublished\":\"2021-10-05T16:12:30+00:00\",\"description\":\"Visalia tiene muchas carreteras en las que no hay designaciones de carriles para bicicletas, y ciertamente no es Davis. Sin embargo, tenemos algunos\",\"breadcrumb\":{\"@id\":\"https:\\\/\\\/maisonlaw.com\\\/es\\\/visalia\\\/accidentes-bicicleta\\\/#breadcrumb\"},\"inLanguage\":\"es\",\"potentialAction\":[{\"@type\":\"ReadAction\",\"target\":[\"https:\\\/\\\/maisonlaw.com\\\/es\\\/visalia\\\/accidentes-bicicleta\\\/\"]}]},{\"@type\":\"BreadcrumbList\",\"@id\":\"https:\\\/\\\/maisonlaw.com\\\/es\\\/visalia\\\/accidentes-bicicleta\\\/#breadcrumb\",\"itemListElement\":[{\"@type\":\"ListItem\",\"position\":1,\"name\":\"Home\",\"item\":\"https:\\\/\\\/maisonlaw.com\\\/es\\\/\"},{\"@type\":\"ListItem\",\"position\":2,\"name\":\"Abogado De Lesiones Personales En Visalia\",\"item\":\"https:\\\/\\\/maisonlaw.com\\\/es\\\/visalia\\\/?lang=es\"},{\"@type\":\"ListItem\",\"position\":3,\"name\":\"Abogado de Accidentes de Bicicleta en Visali\"}]},{\"@type\":\"WebSite\",\"@id\":\"https:\\\/\\\/maisonlaw.com\\\/es\\\/#website\",\"url\":\"https:\\\/\\\/maisonlaw.com\\\/es\\\/\",\"name\":\"Maison Law Accident and Injury Lawyers\",\"description\":\"The Support You Need. The Settlement You Deserve.\",\"publisher\":{\"@id\":\"https:\\\/\\\/maisonlaw.com\\\/es\\\/#organization\"},\"alternateName\":\"Maison Law\",\"potentialAction\":[{\"@type\":\"SearchAction\",\"target\":{\"@type\":\"EntryPoint\",\"urlTemplate\":\"https:\\\/\\\/maisonlaw.com\\\/es\\\/?s={search_term_string}\"},\"query-input\":{\"@type\":\"PropertyValueSpecification\",\"valueRequired\":true,\"valueName\":\"search_term_string\"}}],\"inLanguage\":\"es\"},{\"@type\":\"Organization\",\"@id\":\"https:\\\/\\\/maisonlaw.com\\\/es\\\/#organization\",\"name\":\"Maison Law Accident & Injury Attorneys\",\"alternateName\":\"Maison Law\",\"url\":\"https:\\\/\\\/maisonlaw.com\\\/es\\\/\",\"logo\":{\"@type\":\"ImageObject\",\"inLanguage\":\"es\",\"@id\":\"https:\\\/\\\/maisonlaw.com\\\/es\\\/#\\\/schema\\\/logo\\\/image\\\/\",\"url\":\"https:\\\/\\\/maisonlaw.com\\\/wp-content\\\/uploads\\\/2025\\\/06\\\/experiment-logo-opt.png\",\"contentUrl\":\"https:\\\/\\\/maisonlaw.com\\\/wp-content\\\/uploads\\\/2025\\\/06\\\/experiment-logo-opt.png\",\"width\":1345,\"height\":294,\"caption\":\"Maison Law Accident & Injury Attorneys\"},\"image\":{\"@id\":\"https:\\\/\\\/maisonlaw.com\\\/es\\\/#\\\/schema\\\/logo\\\/image\\\/\"},\"sameAs\":[\"https:\\\/\\\/www.facebook.com\\\/maisonlawfirm\\\/\",\"https:\\\/\\\/www.linkedin.com\\\/in\\\/martin-gasparian-a9956516\\\/\",\"https:\\\/\\\/www.instagram.com\\\/maison_law\\\/\",\"https:\\\/\\\/www.youtube.com\\\/@maisonlaw\"],\"description\":\"Maison Law is a California Personal Injury Law Firm.\",\"legalName\":\"Maison Law\",\"foundingDate\":\"2014-01-01\",\"numberOfEmployees\":{\"@type\":\"QuantitativeValue\",\"minValue\":\"11\",\"maxValue\":\"50\"}}]}<\/script>\n<!-- \/ Yoast SEO Premium plugin. -->","yoast_head_json":{"title":"Abogado de Accidentes de Bicicleta en Visali | Maison Law","description":"Visalia tiene muchas carreteras en las que no hay designaciones de carriles para bicicletas, y ciertamente no es Davis. Sin embargo, tenemos algunos","robots":{"index":"index","follow":"follow","max-snippet":"max-snippet:-1","max-image-preview":"max-image-preview:large","max-video-preview":"max-video-preview:-1"},"canonical":"https:\/\/maisonlaw.com\/es\/visalia\/accidentes-bicicleta\/","og_locale":"es_ES","og_type":"article","og_title":"Abogado de Accidentes de Bicicleta en Visali","og_description":"Visalia tiene muchas carreteras en las que no hay designaciones de carriles para bicicletas, y ciertamente no es Davis. Sin embargo, tenemos algunos","og_url":"https:\/\/maisonlaw.com\/es\/visalia\/accidentes-bicicleta\/","og_site_name":"Maison Law","article_publisher":"https:\/\/www.facebook.com\/maisonlawfirm\/","twitter_card":"summary_large_image","twitter_misc":{"Tiempo de lectura":"5 minutos"},"schema":{"@context":"https:\/\/schema.org","@graph":[{"@type":"WebPage","@id":"https:\/\/maisonlaw.com\/es\/visalia\/accidentes-bicicleta\/","url":"https:\/\/maisonlaw.com\/es\/visalia\/accidentes-bicicleta\/","name":"Abogado de Accidentes de Bicicleta en Visali | Maison Law","isPartOf":{"@id":"https:\/\/maisonlaw.com\/es\/#website"},"datePublished":"2021-10-05T16:12:30+00:00","description":"Visalia tiene muchas carreteras en las que no hay designaciones de carriles para bicicletas, y ciertamente no es Davis. Sin embargo, tenemos algunos","breadcrumb":{"@id":"https:\/\/maisonlaw.com\/es\/visalia\/accidentes-bicicleta\/#breadcrumb"},"inLanguage":"es","potentialAction":[{"@type":"ReadAction","target":["https:\/\/maisonlaw.com\/es\/visalia\/accidentes-bicicleta\/"]}]},{"@type":"BreadcrumbList","@id":"https:\/\/maisonlaw.com\/es\/visalia\/accidentes-bicicleta\/#breadcrumb","itemListElement":[{"@type":"ListItem","position":1,"name":"Home","item":"https:\/\/maisonlaw.com\/es\/"},{"@type":"ListItem","position":2,"name":"Abogado De Lesiones Personales En Visalia","item":"https:\/\/maisonlaw.com\/es\/visalia\/?lang=es"},{"@type":"ListItem","position":3,"name":"Abogado de Accidentes de Bicicleta en Visali"}]},{"@type":"WebSite","@id":"https:\/\/maisonlaw.com\/es\/#website","url":"https:\/\/maisonlaw.com\/es\/","name":"Maison Law Accident and Injury Lawyers","description":"The Support You Need. The Settlement You Deserve.","publisher":{"@id":"https:\/\/maisonlaw.com\/es\/#organization"},"alternateName":"Maison Law","potentialAction":[{"@type":"SearchAction","target":{"@type":"EntryPoint","urlTemplate":"https:\/\/maisonlaw.com\/es\/?s={search_term_string}"},"query-input":{"@type":"PropertyValueSpecification","valueRequired":true,"valueName":"search_term_string"}}],"inLanguage":"es"},{"@type":"Organization","@id":"https:\/\/maisonlaw.com\/es\/#organization","name":"Maison Law Accident & Injury Attorneys","alternateName":"Maison Law","url":"https:\/\/maisonlaw.com\/es\/","logo":{"@type":"ImageObject","inLanguage":"es","@id":"https:\/\/maisonlaw.com\/es\/#\/schema\/logo\/image\/","url":"https:\/\/maisonlaw.com\/wp-content\/uploads\/2025\/06\/experiment-logo-opt.png","contentUrl":"https:\/\/maisonlaw.com\/wp-content\/uploads\/2025\/06\/experiment-logo-opt.png","width":1345,"height":294,"caption":"Maison Law Accident & Injury Attorneys"},"image":{"@id":"https:\/\/maisonlaw.com\/es\/#\/schema\/logo\/image\/"},"sameAs":["https:\/\/www.facebook.com\/maisonlawfirm\/","https:\/\/www.linkedin.com\/in\/martin-gasparian-a9956516\/","https:\/\/www.instagram.com\/maison_law\/","https:\/\/www.youtube.com\/@maisonlaw"],"description":"Maison Law is a California Personal Injury Law Firm.","legalName":"Maison Law","foundingDate":"2014-01-01","numberOfEmployees":{"@type":"QuantitativeValue","minValue":"11","maxValue":"50"}}]}},"_links":{"self":[{"href":"https:\/\/maisonlaw.com\/es\/wp-json\/wp\/v2\/pages\/8075","targetHints":{"allow":["GET"]}}],"collection":[{"href":"https:\/\/maisonlaw.com\/es\/wp-json\/wp\/v2\/pages"}],"about":[{"href":"https:\/\/maisonlaw.com\/es\/wp-json\/wp\/v2\/types\/page"}],"author":[{"embeddable":true,"href":"https:\/\/maisonlaw.com\/es\/wp-json\/wp\/v2\/users\/10"}],"replies":[{"embeddable":true,"href":"https:\/\/maisonlaw.com\/es\/wp-json\/wp\/v2\/comments?post=8075"}],"version-history":[{"count":0,"href":"https:\/\/maisonlaw.com\/es\/wp-json\/wp\/v2\/pages\/8075\/revisions"}],"up":[{"embeddable":true,"href":"https:\/\/maisonlaw.com\/es\/wp-json\/wp\/v2\/pages\/7768"}],"wp:attachment":[{"href":"https:\/\/maisonlaw.com\/es\/wp-json\/wp\/v2\/media?parent=8075"}],"curies":[{"name":"wp","href":"https:\/\/api.w.org\/{rel}","templated":true}]}}