{"id":8073,"date":"2021-10-05T16:07:59","date_gmt":"2021-10-05T16:07:59","guid":{"rendered":"https:\/\/maisonlaw.com\/?page_id=8073"},"modified":"2021-11-05T18:27:11","modified_gmt":"2021-11-05T18:27:11","slug":"accidentes-automovil","status":"publish","type":"page","link":"https:\/\/maisonlaw.com\/es\/visalia\/accidentes-automovil\/","title":{"rendered":"Abogado de Accidentes de Autom\u00f3vil en Visalia"},"content":{"rendered":"<p><span style=\"font-weight: 400;\">Si est\u00e1 buscando recuperar la compensaci\u00f3n por sus da\u00f1os, necesitar\u00e1 un representante legal cualificado de su lado. El primer paso en su reclamaci\u00f3n es ponerse en contacto con nuestro abogado de accidentes de autom\u00f3vil de Visalia y establecer su primera consulta. Si decide trabajar con Maison Law, la revisi\u00f3n inicial de su caso es gratuita.<\/span><\/p>\n<p><span style=\"font-weight: 400;\">Los conductores descuidados y negligentes est\u00e1n en la carretera las 24 horas del d\u00eda. Es imposible controlar lo que hacen, y hay veces que los automovilistas no son capaces de evitar a esos conductores con la suficiente rapidez. Es entonces cuando se producen choques, se sufren lesiones e incluso se pierden vidas. Otras veces, la persona que resulta herida o muere es un pasajero del conductor que ha provocado el choque, un motorista, un ciclista o un peat\u00f3n. Las estad\u00edsticas m\u00e1s recientes de accidentes de tr\u00e1fico en California son de 2017. El Instituto de Seguros para la Seguridad en las Carreteras informa de que en 2017 murieron 3.602 personas a causa de las lesiones que sufrieron en un total de 3.304 choques en California. Otras 300.000 resultaron heridas. Las cifras de 2018 a\u00fan no se han recopilado, pero se espera que superen las de 2017. Casi todos esos accidentes, lesiones y muertes fueron evitables.<\/span><\/p>\n<p><iframe title=\"Abogados de Accidentes de Auto en California.mp4\" src=\"https:\/\/player.vimeo.com\/video\/640605765?dnt=1&amp;app_id=122963\" width=\"800\" height=\"450\" frameborder=\"0\" allow=\"autoplay; fullscreen; picture-in-picture\"><\/iframe><\/p>\n<h2><b>COMPENSACI\u00d3N PARA LAS V\u00cdCTIMAS DE ACCIDENTES DE AUTOM\u00d3VIL EN VISALIA:<\/b><\/h2>\n<p><span style=\"font-weight: 400;\">Centramos nuestra pr\u00e1ctica en los accidentes de autom\u00f3vil, sobre todo en Visalia y sus alrededores, el condado de Tulare y el Valle. Cuando una persona causa un accidente automovil\u00edstico, las leyes de California permiten que sus v\u00edctimas sean compensadas por las lesiones personales que sufrieron. Responsabilizar a los conductores descuidados y negligentes por los da\u00f1os que causan funciona para disuadir a otros conductores del mismo comportamiento cuando se ponen al volante. Sin embargo, lo que surge a continuaci\u00f3n es la indemnizaci\u00f3n por las lesiones o las muertes resultantes de los accidentes automovil\u00edsticos. Es entonces cuando el consejo, la asesor\u00eda y la experiencia de un eficaz abogado de accidentes de autom\u00f3vil en Visalia es de vital importancia. Durante una consulta inicial y la revisi\u00f3n del caso, un abogado experto en accidentes de autom\u00f3vil de Visalia podr\u00e1 evaluar con precisi\u00f3n la probabilidad de obtener una indemnizaci\u00f3n y seleccionar la mejor opci\u00f3n legal para una v\u00edctima de accidente.<\/span><\/p>\n<p><span style=\"font-weight: 400;\">Nuestros abogados de accidentes de autom\u00f3vil en el Valle Central pueden ayudarle a obtener una compensaci\u00f3n por una variedad de da\u00f1os. Muchas reclamaciones por accidentes de autom\u00f3vil implican una compensaci\u00f3n por lo siguiente, y m\u00e1s:<\/span><\/p>\n<ul>\n<li style=\"font-weight: 400;\" aria-level=\"1\"><span style=\"font-weight: 400;\">Gastos de ambulancia<\/span><\/li>\n<li style=\"font-weight: 400;\" aria-level=\"1\"><span style=\"font-weight: 400;\">Gastos m\u00e9dicos<\/span><\/li>\n<li style=\"font-weight: 400;\" aria-level=\"1\"><span style=\"font-weight: 400;\">Hospitalizaci\u00f3n<\/span><\/li>\n<li style=\"font-weight: 400;\" aria-level=\"1\"><span style=\"font-weight: 400;\">Incapacidad permanente (si procede)<\/span><\/li>\n<li style=\"font-weight: 400;\" aria-level=\"1\"><span style=\"font-weight: 400;\">Sueldos perdidos \/ salarios no percibidos<\/span><\/li>\n<li style=\"font-weight: 400;\" aria-level=\"1\"><span style=\"font-weight: 400;\">Muerte por negligencia<\/span><\/li>\n<\/ul>\n<h2><b>CAUSAS COMUNES DE LOS ACCIDENTES DE AUTOM\u00d3VIL<\/b><\/h2>\n<p><span style=\"font-weight: 400;\">Las causas de los accidentes de autom\u00f3vil son muy variadas. Seg\u00fan la Administraci\u00f3n Nacional de Seguridad en el Transporte por Carretera, la inmensa mayor\u00eda de ellos est\u00e1n causados por un error del conductor. He aqu\u00ed algunos ejemplos comunes de errores de los conductores:<\/span><\/p>\n<ul>\n<li aria-level=\"1\"><b>Conducci\u00f3n distra\u00edda: Esto puede incluir hablar por tel\u00e9fono m\u00f3vil, enviar mensajes de texto, introducir informaci\u00f3n en un dispositivo de navegaci\u00f3n, hablando con los pasajeros o incluso el aseo personal mientras se conduce.<\/b><\/li>\n<\/ul>\n<ul>\n<li aria-level=\"1\"><b>Exceso de velocidad: Los l\u00edmites de velocidad se establecen para dar a los conductores tiempo suficiente para reducir la velocidad o detenerse ante otros veh\u00edculos o peligros en la carretera. Viajar a 50 mph en una zona de 35 mph disminuye dr\u00e1sticamente la capacidad de evitar un accidente.<\/b><\/li>\n<\/ul>\n<ul>\n<li aria-level=\"1\"><b>Desobedecer los sem\u00e1foros y las se\u00f1ales de stop: Cuando se produce un accidente por ignorar un sem\u00e1foro en rojo o una se\u00f1al de stop, normalmente se trata de un impacto lateral. Este tipo de impactos puede empujar a un veh\u00edculo a otro carril de circulaci\u00f3n. Entonces, puede ser golpeado de nuevo por otro veh\u00edculo. Los impactos laterales tambi\u00e9n provocan vuelcos.<\/b><\/li>\n<\/ul>\n<ul>\n<li aria-level=\"1\"><b>Seguir demasiado de cerca: No mantener un intervalo adecuado con respecto al coche que va delante del conductor es la causa de aproximadamente el 98% de las colisiones por detr\u00e1s. Los conductores deben dejar una distancia adecuada con el veh\u00edculo que les precede para poder reducir la velocidad o detenerse para evitar un accidente.<\/b><\/li>\n<\/ul>\n<ul>\n<li aria-level=\"1\"><b>Conducci\u00f3n con somnolencia o fatiga: Conducir cuando una persona est\u00e1 demasiado cansada para hacerlo con seguridad es como conducir borracho. Debido a la somnolencia y la fatiga, los conductores de camiones tienen normas sobre las horas de servicio que deben cumplir.<\/b><\/li>\n<\/ul>\n<ul>\n<li aria-level=\"1\"><b>Conducir demasiado r\u00e1pido cuando las condiciones del tr\u00e1fico o del tiempo no lo permiten: Estamos obligados a mantener el control de nuestros veh\u00edculos en todo momento cuando conducimos. Aunque el l\u00edmite de velocidad puede ser de 45 mph, eso puede ser totalmente demasiado r\u00e1pido en condiciones de poca visibilidad, carreteras mojadas o heladas o tr\u00e1fico intenso.<\/b><\/li>\n<\/ul>\n<ul>\n<li aria-level=\"1\"><b>Conducir bajo la influencia de algunas sustancias: Esto puede implicar el consumo de alcohol, drogas o ambos. El consumo tanto de alcohol como de marihuana es legal en California. Estos perjudican el juicio, la coordinaci\u00f3n y la percepci\u00f3n de la profundidad. Despu\u00e9s de una noche de fiesta, los servicios de Uber, Lyft y taxi son una excelente alternativa.<\/b><\/li>\n<\/ul>\n<h2><b>ALGUNAS LESIONES COMUNES EN ACCIDENTES DE AUTOM\u00d3VIL<\/b><\/h2>\n<p><span style=\"font-weight: 400;\">Si experimenta alg\u00fan s\u00edntoma de estar lesionado despu\u00e9s de un accidente de autom\u00f3vil, es importante que busque atenci\u00f3n m\u00e9dica inmediata. Si no lo hace, las lesiones que reclame ser\u00e1n muy discutidas por la aseguradora de la persona que caus\u00f3 su accidente. Cuando llame al 911 para informar del accidente, avise al expedidor de que est\u00e1 lesionado y que quiere que los param\u00e9dicos acudan al lugar. Ellos documentar\u00e1n sus quejas de dolor y le transportar\u00e1n a la sala de urgencias m\u00e1s cercana. Estas son algunas de las lesiones m\u00e1s comunes que sufren las v\u00edctimas de los accidentes de tr\u00e1fico:<\/span><\/p>\n<ul>\n<li aria-level=\"1\"><b>Lesiones cerebrales traum\u00e1ticas que incluyen conmociones cerebrales, hemorragias cerebrales y fracturas de cr\u00e1neo.<\/b><\/li>\n<\/ul>\n<ul>\n<li aria-level=\"1\"><b>Lesiones cervicales que pueden incluir da\u00f1os en la m\u00e9dula espinal y en los discos, esguinces y distensiones.<\/b><\/li>\n<\/ul>\n<ul>\n<li aria-level=\"1\"><b>Lesiones en la parte baja de la espalda que afectan a las caderas y las piernas.<\/b><\/li>\n<\/ul>\n<ul>\n<li aria-level=\"1\"><b>M\u00faltiples tipos de fracturas que requieren una o m\u00e1s cirug\u00edas.<\/b><\/li>\n<\/ul>\n<ul>\n<li aria-level=\"1\"><b>Lesiones de tejidos blandos que afectan a los m\u00fasculos, tendones y ligamentos y que provocan un dolor importante con una amplitud de movimiento limitada.<\/b><\/li>\n<\/ul>\n<h2><b>NO COMETA ESTOS ERRORES<\/b><\/h2>\n<p><span style=\"font-weight: 400;\">En cuanto la compa\u00f1\u00eda de seguros contraria se entere de que su asegurado ha causado un accidente con lesiones, empezar\u00e1 a preparar su defensa. El objetivo de esa aseguradora ser\u00e1 pagarle lo menos posible como indemnizaci\u00f3n por sus lesiones. No cometa los siguientes errores:<\/span><\/p>\n<ul>\n<li aria-level=\"1\"><b>Retrasar el tratamiento m\u00e1s de 48 horas. Si se lesionas, debe buscar atenci\u00f3n m\u00e9dica de inmediato.<\/b><\/li>\n<\/ul>\n<ul>\n<li aria-level=\"1\"><b>No seguir las recomendaciones de su m\u00e9dico. Si su m\u00e9dico quiere que vea a un ortopedista o a un neur\u00f3logo, pida esa cita de inmediato. No deje de asistir a las citas m\u00e9dicas y terap\u00e9uticas.<\/b><\/li>\n<\/ul>\n<ul>\n<li aria-level=\"1\"><b>No le comunique a su abogado que ha tenido una lesi\u00f3n anterior que ha tratado en la misma parte del cuerpo.<\/b><\/li>\n<\/ul>\n<ul>\n<li aria-level=\"1\"><b>Publicar informaci\u00f3n sobre su accidente, lesiones o medios f\u00edsicos en las redes sociales. Mant\u00e9ngase alejado de los medios sociales sobre este tema. Las declaraciones y fotograf\u00edas inconsistentes pueden ser utilizadas en su contra.<\/b><\/li>\n<\/ul>\n<ul>\n<li aria-level=\"1\"><b>Hable con la compa\u00f1\u00eda de seguros contraria. Nunca d\u00e9 una declaraci\u00f3n de ning\u00fan tipo a la compa\u00f1\u00eda de seguros contraria. S\u00f3lo intentar\u00e1 utilizar sus propias palabras en su contra en el futuro.<\/b><\/li>\n<\/ul>\n<ul>\n<li aria-level=\"1\"><b>Contratar a un abogado sin experiencia. S\u00f3lo se debe consultar y contratar a un abogado de lesiones personales experimentado y respetado.<\/b><\/li>\n<\/ul>\n<p><span style=\"font-weight: 400;\">Cometer uno o varios de estos errores puede perjudicar gravemente una reclamaci\u00f3n por da\u00f1os personales perfectamente v\u00e1lida. Usted deber\u00eda centrar sus esfuerzos en su recuperaci\u00f3n y en alcanzar la m\u00e1xima mejor\u00eda m\u00e9dica. Podemos ocuparnos de las tareas legalmente complicadas de la investigaci\u00f3n de su caso, de reunir las pruebas, demostrar la responsabilidad, de presentar sus da\u00f1os y de negociar su caso o de llevarlo ante un juez y un jurado.<\/span><\/p>\n<h2><b>ABOGADO DE ACCIDENTES DE AUTOM\u00d3VIL EN VISALIA<\/b><\/h2>\n<p><span style=\"font-weight: 400;\">Despu\u00e9s de resultar gravemente herido o de perder a un familiar en un accidente de autom\u00f3vil en Visalia o sus alrededores, una de las decisiones fundamentales que va a tomar es a qui\u00e9n va a elegir para que le represente. Usted necesita ayuda, y la necesita de inmediato. Entendemos que esto es de vital importancia para usted, especialmente cuando alguien m\u00e1s caus\u00f3 su accidente. Las facturas m\u00e9dicas y del hogar siguen llegando al correo, y usted sigue sin poder trabajar. Usted tiene verdaderas preguntas y preocupaciones. Estamos dispuestos a responderlas y abordarlas, as\u00ed que p\u00f3ngase en contacto con nosotros para concertar una consulta gratuita y una evaluaci\u00f3n de su caso a la mayor brevedad posible. Queremos escuchar lo que le ocurri\u00f3, c\u00f3mo ocurri\u00f3 y construir un caso lo m\u00e1s s\u00f3lido posible para usted. Ni el tiempo ni la compa\u00f1\u00eda de seguros contraria est\u00e1n de su lado. Cuando firma un acuerdo de retenci\u00f3n con nosotros, tiene un defensor fuerte, agresivo y eficaz de su lado. Ni siquiera tendr\u00e1 que pagar honorarios legales a menos que obtengamos un acuerdo o una indemnizaci\u00f3n en su nombre. No hay raz\u00f3n para no ponerse en contacto con nosotros.<\/span><\/p>\n<p><i><span style=\"font-weight: 400;\">Para aprender m\u00e1s sobre los da\u00f1os espec\u00edficos relacionados con su caso, llame a nuestra oficina al <\/span><\/i><b><i>559-396-3889<\/i><\/b><i><span style=\"font-weight: 400;\"> para programar su consulta inicial con nuestra firma. En Maison Law, creemos que las v\u00edctimas de accidentes evitables tienen derechos. P\u00f3ngase en contacto con nosotros lo antes posible para conocer los suyos.<\/span><\/i><\/p>\n<p><span style=\"font-weight: 400;\">Recursos adicionales:<\/span><\/p>\n<ul>\n<li aria-level=\"1\"><b>Informes de accidentes<\/b><\/li>\n<\/ul>\n<ul>\n<li aria-level=\"1\"><b>Accidentes de camiones<\/b><\/li>\n<\/ul>\n<ul>\n<li aria-level=\"1\"><b>Accidentes de Uber<\/b><\/li>\n<\/ul>\n<ul>\n<li aria-level=\"1\"><b>Accidentes de Lyft<\/b><\/li>\n<\/ul>\n<ul>\n<li aria-level=\"1\"><b>Accidentes de veh\u00edculos agr\u00edcolas<\/b><\/li>\n<\/ul>\n<ul>\n<li aria-level=\"1\"><b>Accidentes por conducci\u00f3n en estado de ebriedad<\/b><\/li>\n<\/ul>\n<ul>\n<li aria-level=\"1\"><b>Accidentes por atropello<\/b><\/li>\n<li aria-level=\"1\"><b>Accidentes de peatones<\/b><\/li>\n<\/ul>\n","protected":false},"excerpt":{"rendered":"<p>Si est\u00e1 buscando recuperar la compensaci\u00f3n por sus da\u00f1os, necesitar\u00e1 un representante legal cualificado de su lado. El primer paso en su reclamaci\u00f3n es ponerse en contacto con nuestro abogado de accidentes de autom\u00f3vil de Visalia y establecer su primera consulta. Si decide trabajar con Maison Law, la revisi\u00f3n inicial de su caso es gratuita. [&hellip;]<\/p>\n","protected":false},"author":10,"featured_media":0,"parent":7768,"menu_order":0,"comment_status":"closed","ping_status":"closed","template":"","meta":{"footnotes":""},"class_list":["post-8073","page","type-page","status-publish","hentry"],"yoast_head":"<!-- This site is optimized with the Yoast SEO Premium plugin v27.4 (Yoast SEO v27.4) - https:\/\/yoast.com\/product\/yoast-seo-premium-wordpress\/ -->\n<title>Abogado de Accidentes de Autom\u00f3vil en Visalia | Maison Law<\/title>\n<meta name=\"description\" content=\"Si est\u00e1 buscando recuperar la compensaci\u00f3n por sus da\u00f1os, necesitar\u00e1 un representante legal cualificado de su lado. El primer paso en su reclamaci\u00f3n es\" \/>\n<meta name=\"robots\" content=\"index, follow, max-snippet:-1, max-image-preview:large, max-video-preview:-1\" \/>\n<link rel=\"canonical\" href=\"https:\/\/maisonlaw.com\/es\/visalia\/accidentes-automovil\/\" \/>\n<meta property=\"og:locale\" content=\"es_ES\" \/>\n<meta property=\"og:type\" content=\"article\" \/>\n<meta property=\"og:title\" content=\"Abogado de Accidentes de Autom\u00f3vil en Visalia\" \/>\n<meta property=\"og:description\" content=\"Si est\u00e1 buscando recuperar la compensaci\u00f3n por sus da\u00f1os, necesitar\u00e1 un representante legal cualificado de su lado. El primer paso en su reclamaci\u00f3n es\" \/>\n<meta property=\"og:url\" content=\"https:\/\/maisonlaw.com\/es\/visalia\/accidentes-automovil\/\" \/>\n<meta property=\"og:site_name\" content=\"Maison Law\" \/>\n<meta property=\"article:publisher\" content=\"https:\/\/www.facebook.com\/maisonlawfirm\/\" \/>\n<meta property=\"article:modified_time\" content=\"2021-11-05T18:27:11+00:00\" \/>\n<meta name=\"twitter:card\" content=\"summary_large_image\" \/>\n<meta name=\"twitter:label1\" content=\"Tiempo de lectura\" \/>\n\t<meta name=\"twitter:data1\" content=\"7 minutos\" \/>\n<script type=\"application\/ld+json\" class=\"yoast-schema-graph\">{\"@context\":\"https:\\\/\\\/schema.org\",\"@graph\":[{\"@type\":\"WebPage\",\"@id\":\"https:\\\/\\\/maisonlaw.com\\\/es\\\/visalia\\\/accidentes-automovil\\\/\",\"url\":\"https:\\\/\\\/maisonlaw.com\\\/es\\\/visalia\\\/accidentes-automovil\\\/\",\"name\":\"Abogado de Accidentes de Autom\u00f3vil en Visalia | Maison Law\",\"isPartOf\":{\"@id\":\"https:\\\/\\\/maisonlaw.com\\\/es\\\/#website\"},\"datePublished\":\"2021-10-05T16:07:59+00:00\",\"dateModified\":\"2021-11-05T18:27:11+00:00\",\"description\":\"Si est\u00e1 buscando recuperar la compensaci\u00f3n por sus da\u00f1os, necesitar\u00e1 un representante legal cualificado de su lado. El primer paso en su reclamaci\u00f3n es\",\"breadcrumb\":{\"@id\":\"https:\\\/\\\/maisonlaw.com\\\/es\\\/visalia\\\/accidentes-automovil\\\/#breadcrumb\"},\"inLanguage\":\"es\",\"potentialAction\":[{\"@type\":\"ReadAction\",\"target\":[\"https:\\\/\\\/maisonlaw.com\\\/es\\\/visalia\\\/accidentes-automovil\\\/\"]}]},{\"@type\":\"BreadcrumbList\",\"@id\":\"https:\\\/\\\/maisonlaw.com\\\/es\\\/visalia\\\/accidentes-automovil\\\/#breadcrumb\",\"itemListElement\":[{\"@type\":\"ListItem\",\"position\":1,\"name\":\"Home\",\"item\":\"https:\\\/\\\/maisonlaw.com\\\/es\\\/\"},{\"@type\":\"ListItem\",\"position\":2,\"name\":\"Abogado De Lesiones Personales En Visalia\",\"item\":\"https:\\\/\\\/maisonlaw.com\\\/es\\\/visalia\\\/?lang=es\"},{\"@type\":\"ListItem\",\"position\":3,\"name\":\"Abogado de Accidentes de Autom\u00f3vil en Visalia\"}]},{\"@type\":\"WebSite\",\"@id\":\"https:\\\/\\\/maisonlaw.com\\\/es\\\/#website\",\"url\":\"https:\\\/\\\/maisonlaw.com\\\/es\\\/\",\"name\":\"Maison Law Accident and Injury Lawyers\",\"description\":\"The Support You Need. The Settlement You Deserve.\",\"publisher\":{\"@id\":\"https:\\\/\\\/maisonlaw.com\\\/es\\\/#organization\"},\"alternateName\":\"Maison Law\",\"potentialAction\":[{\"@type\":\"SearchAction\",\"target\":{\"@type\":\"EntryPoint\",\"urlTemplate\":\"https:\\\/\\\/maisonlaw.com\\\/es\\\/?s={search_term_string}\"},\"query-input\":{\"@type\":\"PropertyValueSpecification\",\"valueRequired\":true,\"valueName\":\"search_term_string\"}}],\"inLanguage\":\"es\"},{\"@type\":\"Organization\",\"@id\":\"https:\\\/\\\/maisonlaw.com\\\/es\\\/#organization\",\"name\":\"Maison Law Accident & Injury Attorneys\",\"alternateName\":\"Maison Law\",\"url\":\"https:\\\/\\\/maisonlaw.com\\\/es\\\/\",\"logo\":{\"@type\":\"ImageObject\",\"inLanguage\":\"es\",\"@id\":\"https:\\\/\\\/maisonlaw.com\\\/es\\\/#\\\/schema\\\/logo\\\/image\\\/\",\"url\":\"https:\\\/\\\/maisonlaw.com\\\/wp-content\\\/uploads\\\/2025\\\/06\\\/experiment-logo-opt.png\",\"contentUrl\":\"https:\\\/\\\/maisonlaw.com\\\/wp-content\\\/uploads\\\/2025\\\/06\\\/experiment-logo-opt.png\",\"width\":1345,\"height\":294,\"caption\":\"Maison Law Accident & Injury Attorneys\"},\"image\":{\"@id\":\"https:\\\/\\\/maisonlaw.com\\\/es\\\/#\\\/schema\\\/logo\\\/image\\\/\"},\"sameAs\":[\"https:\\\/\\\/www.facebook.com\\\/maisonlawfirm\\\/\",\"https:\\\/\\\/www.linkedin.com\\\/in\\\/martin-gasparian-a9956516\\\/\",\"https:\\\/\\\/www.instagram.com\\\/maison_law\\\/\",\"https:\\\/\\\/www.youtube.com\\\/@maisonlaw\"],\"description\":\"Maison Law is a California Personal Injury Law Firm.\",\"legalName\":\"Maison Law\",\"foundingDate\":\"2014-01-01\",\"numberOfEmployees\":{\"@type\":\"QuantitativeValue\",\"minValue\":\"11\",\"maxValue\":\"50\"}}]}<\/script>\n<!-- \/ Yoast SEO Premium plugin. -->","yoast_head_json":{"title":"Abogado de Accidentes de Autom\u00f3vil en Visalia | Maison Law","description":"Si est\u00e1 buscando recuperar la compensaci\u00f3n por sus da\u00f1os, necesitar\u00e1 un representante legal cualificado de su lado. El primer paso en su reclamaci\u00f3n es","robots":{"index":"index","follow":"follow","max-snippet":"max-snippet:-1","max-image-preview":"max-image-preview:large","max-video-preview":"max-video-preview:-1"},"canonical":"https:\/\/maisonlaw.com\/es\/visalia\/accidentes-automovil\/","og_locale":"es_ES","og_type":"article","og_title":"Abogado de Accidentes de Autom\u00f3vil en Visalia","og_description":"Si est\u00e1 buscando recuperar la compensaci\u00f3n por sus da\u00f1os, necesitar\u00e1 un representante legal cualificado de su lado. El primer paso en su reclamaci\u00f3n es","og_url":"https:\/\/maisonlaw.com\/es\/visalia\/accidentes-automovil\/","og_site_name":"Maison Law","article_publisher":"https:\/\/www.facebook.com\/maisonlawfirm\/","article_modified_time":"2021-11-05T18:27:11+00:00","twitter_card":"summary_large_image","twitter_misc":{"Tiempo de lectura":"7 minutos"},"schema":{"@context":"https:\/\/schema.org","@graph":[{"@type":"WebPage","@id":"https:\/\/maisonlaw.com\/es\/visalia\/accidentes-automovil\/","url":"https:\/\/maisonlaw.com\/es\/visalia\/accidentes-automovil\/","name":"Abogado de Accidentes de Autom\u00f3vil en Visalia | Maison Law","isPartOf":{"@id":"https:\/\/maisonlaw.com\/es\/#website"},"datePublished":"2021-10-05T16:07:59+00:00","dateModified":"2021-11-05T18:27:11+00:00","description":"Si est\u00e1 buscando recuperar la compensaci\u00f3n por sus da\u00f1os, necesitar\u00e1 un representante legal cualificado de su lado. El primer paso en su reclamaci\u00f3n es","breadcrumb":{"@id":"https:\/\/maisonlaw.com\/es\/visalia\/accidentes-automovil\/#breadcrumb"},"inLanguage":"es","potentialAction":[{"@type":"ReadAction","target":["https:\/\/maisonlaw.com\/es\/visalia\/accidentes-automovil\/"]}]},{"@type":"BreadcrumbList","@id":"https:\/\/maisonlaw.com\/es\/visalia\/accidentes-automovil\/#breadcrumb","itemListElement":[{"@type":"ListItem","position":1,"name":"Home","item":"https:\/\/maisonlaw.com\/es\/"},{"@type":"ListItem","position":2,"name":"Abogado De Lesiones Personales En Visalia","item":"https:\/\/maisonlaw.com\/es\/visalia\/?lang=es"},{"@type":"ListItem","position":3,"name":"Abogado de Accidentes de Autom\u00f3vil en Visalia"}]},{"@type":"WebSite","@id":"https:\/\/maisonlaw.com\/es\/#website","url":"https:\/\/maisonlaw.com\/es\/","name":"Maison Law Accident and Injury Lawyers","description":"The Support You Need. The Settlement You Deserve.","publisher":{"@id":"https:\/\/maisonlaw.com\/es\/#organization"},"alternateName":"Maison Law","potentialAction":[{"@type":"SearchAction","target":{"@type":"EntryPoint","urlTemplate":"https:\/\/maisonlaw.com\/es\/?s={search_term_string}"},"query-input":{"@type":"PropertyValueSpecification","valueRequired":true,"valueName":"search_term_string"}}],"inLanguage":"es"},{"@type":"Organization","@id":"https:\/\/maisonlaw.com\/es\/#organization","name":"Maison Law Accident & Injury Attorneys","alternateName":"Maison Law","url":"https:\/\/maisonlaw.com\/es\/","logo":{"@type":"ImageObject","inLanguage":"es","@id":"https:\/\/maisonlaw.com\/es\/#\/schema\/logo\/image\/","url":"https:\/\/maisonlaw.com\/wp-content\/uploads\/2025\/06\/experiment-logo-opt.png","contentUrl":"https:\/\/maisonlaw.com\/wp-content\/uploads\/2025\/06\/experiment-logo-opt.png","width":1345,"height":294,"caption":"Maison Law Accident & Injury Attorneys"},"image":{"@id":"https:\/\/maisonlaw.com\/es\/#\/schema\/logo\/image\/"},"sameAs":["https:\/\/www.facebook.com\/maisonlawfirm\/","https:\/\/www.linkedin.com\/in\/martin-gasparian-a9956516\/","https:\/\/www.instagram.com\/maison_law\/","https:\/\/www.youtube.com\/@maisonlaw"],"description":"Maison Law is a California Personal Injury Law Firm.","legalName":"Maison Law","foundingDate":"2014-01-01","numberOfEmployees":{"@type":"QuantitativeValue","minValue":"11","maxValue":"50"}}]}},"_links":{"self":[{"href":"https:\/\/maisonlaw.com\/es\/wp-json\/wp\/v2\/pages\/8073","targetHints":{"allow":["GET"]}}],"collection":[{"href":"https:\/\/maisonlaw.com\/es\/wp-json\/wp\/v2\/pages"}],"about":[{"href":"https:\/\/maisonlaw.com\/es\/wp-json\/wp\/v2\/types\/page"}],"author":[{"embeddable":true,"href":"https:\/\/maisonlaw.com\/es\/wp-json\/wp\/v2\/users\/10"}],"replies":[{"embeddable":true,"href":"https:\/\/maisonlaw.com\/es\/wp-json\/wp\/v2\/comments?post=8073"}],"version-history":[{"count":0,"href":"https:\/\/maisonlaw.com\/es\/wp-json\/wp\/v2\/pages\/8073\/revisions"}],"up":[{"embeddable":true,"href":"https:\/\/maisonlaw.com\/es\/wp-json\/wp\/v2\/pages\/7768"}],"wp:attachment":[{"href":"https:\/\/maisonlaw.com\/es\/wp-json\/wp\/v2\/media?parent=8073"}],"curies":[{"name":"wp","href":"https:\/\/api.w.org\/{rel}","templated":true}]}}