{"id":6248,"date":"2021-08-04T18:48:24","date_gmt":"2021-08-04T18:48:24","guid":{"rendered":"http:\/\/maisonlaw.com\/?page_id=6248"},"modified":"2021-11-05T17:40:42","modified_gmt":"2021-11-05T17:40:42","slug":"exeter","status":"publish","type":"page","link":"https:\/\/maisonlaw.com\/es\/exeter\/","title":{"rendered":"Abogados de Accidentes en Exeter CA"},"content":{"rendered":"\t\t<div data-elementor-type=\"wp-page\" data-elementor-id=\"6248\" class=\"elementor elementor-6248 elementor-5502\" data-elementor-post-type=\"page\">\n\t\t\t\t\t\t<section class=\"elementor-section elementor-top-section elementor-element elementor-element-28b7318d elementor-section-boxed elementor-section-height-default elementor-section-height-default\" data-id=\"28b7318d\" data-element_type=\"section\" data-e-type=\"section\">\n\t\t\t\t\t\t<div class=\"elementor-container elementor-column-gap-default\">\n\t\t\t\t\t<div class=\"elementor-column elementor-col-66 elementor-top-column elementor-element elementor-element-5722b91f\" data-id=\"5722b91f\" data-element_type=\"column\" data-e-type=\"column\">\n\t\t\t<div class=\"elementor-widget-wrap elementor-element-populated\">\n\t\t\t\t\t\t<div class=\"elementor-element elementor-element-60f47c4 elementor-widget elementor-widget-text-editor\" data-id=\"60f47c4\" data-element_type=\"widget\" data-e-type=\"widget\" data-widget_type=\"text-editor.default\">\n\t\t\t\t<div class=\"elementor-widget-container\">\n\t\t\t\t\t\t\t\t\t<p>Si vives en Exeter y te has lesionado en un accidente, los de Maison Law saben por lo que est\u00e1s pasando. El dolor, el tratamiento m\u00e9dico y la rehabilitaci\u00f3n envejecen, y luego ves que las facturas llegan con menos dinero para pagarlas desde el momento perdido del trabajo. Para a\u00f1adir a la frustraci\u00f3n y la ansiedad, la compa\u00f1\u00eda de seguros le est\u00e1 dando un tiempo dif\u00edcil discutir sobre cu\u00e1nto tiempo puede tener un coche prestado.<\/p><p>El abogado <a href=\"http:\/\/maisonlaw.com\/about\/\"><strong>Martin Gasparian<\/strong><\/a>, es el fundador de Maison Law, y ha trabajado en algunas de las firmas m\u00e1s prestigiosas del pa\u00eds, incluyendo el bufete de abogados m\u00e1s grande de Los Angeles.<\/p><p>Hoy en d\u00eda, trabaja para aquellos que han sido heridos y necesitan a alguien que los soporte. Entiende a lo que te enfrentas y no descansar\u00e1s hasta que vuelvas a ponerte de pie, f\u00edsica y financieramente. Sin duda se enfrenta a crecientes facturas m\u00e9dicas y menos dinero de tiempo perdido en el trabajo.<\/p>\t\t\t\t\t\t\t\t<\/div>\n\t\t\t\t<\/div>\n\t\t\t\t\t<\/div>\n\t\t<\/div>\n\t\t\t\t<div class=\"elementor-column elementor-col-33 elementor-top-column elementor-element elementor-element-529262fa\" data-id=\"529262fa\" data-element_type=\"column\" data-e-type=\"column\">\n\t\t\t<div class=\"elementor-widget-wrap elementor-element-populated\">\n\t\t\t\t\t\t<div class=\"elementor-element elementor-element-7a43abfe elementor-widget elementor-widget-image\" data-id=\"7a43abfe\" data-element_type=\"widget\" data-e-type=\"widget\" data-widget_type=\"image.default\">\n\t\t\t\t<div class=\"elementor-widget-container\">\n\t\t\t\t\t\t\t\t\t\t\t\t\t\t\t<img fetchpriority=\"high\" decoding=\"async\" width=\"501\" height=\"509\" src=\"https:\/\/maisonlaw.com\/wp-content\/uploads\/2019\/04\/martin-gasparian-esq.png\" class=\"attachment-large size-large wp-image-2150\" alt=\"\" srcset=\"https:\/\/maisonlaw.com\/wp-content\/uploads\/2019\/04\/martin-gasparian-esq.png 501w, https:\/\/maisonlaw.com\/wp-content\/uploads\/2019\/04\/martin-gasparian-esq-295x300.png 295w\" sizes=\"(max-width: 501px) 100vw, 501px\" \/>\t\t\t\t\t\t\t\t\t\t\t\t\t\t\t<\/div>\n\t\t\t\t<\/div>\n\t\t\t\t<div class=\"elementor-element elementor-element-40a3fb7c elementor-align-center elementor-widget elementor-widget-button\" data-id=\"40a3fb7c\" data-element_type=\"widget\" data-e-type=\"widget\" data-widget_type=\"button.default\">\n\t\t\t\t<div class=\"elementor-widget-container\">\n\t\t\t\t\t\t\t\t\t<div class=\"elementor-button-wrapper\">\n\t\t\t\t\t<a class=\"elementor-button elementor-button-link elementor-size-lg\" href=\"http:\/\/maisonlaw.com\/contact\/\">\n\t\t\t\t\t\t<span class=\"elementor-button-content-wrapper\">\n\t\t\t\t\t\t\t\t\t<span class=\"elementor-button-text\">Schedule Your Free Consultation<\/span>\n\t\t\t\t\t<\/span>\n\t\t\t\t\t<\/a>\n\t\t\t\t<\/div>\n\t\t\t\t\t\t\t\t<\/div>\n\t\t\t\t<\/div>\n\t\t\t\t\t<\/div>\n\t\t<\/div>\n\t\t\t\t\t<\/div>\n\t\t<\/section>\n\t\t\t\t<section class=\"elementor-section elementor-top-section elementor-element elementor-element-244cc4a elementor-section-boxed elementor-section-height-default elementor-section-height-default\" data-id=\"244cc4a\" data-element_type=\"section\" data-e-type=\"section\">\n\t\t\t\t\t\t<div class=\"elementor-container elementor-column-gap-default\">\n\t\t\t\t\t<div class=\"elementor-column elementor-col-100 elementor-top-column elementor-element elementor-element-8f9fae5\" data-id=\"8f9fae5\" data-element_type=\"column\" data-e-type=\"column\">\n\t\t\t<div class=\"elementor-widget-wrap elementor-element-populated\">\n\t\t\t\t\t\t<div class=\"elementor-element elementor-element-4b0ecba elementor-widget elementor-widget-video\" data-id=\"4b0ecba\" data-element_type=\"widget\" data-e-type=\"widget\" data-settings=\"{&quot;video_type&quot;:&quot;vimeo&quot;}\" data-widget_type=\"video.default\">\n\t\t\t\t<div class=\"elementor-widget-container\">\n\t\t\t\t\t\t\t<div class=\"elementor-wrapper elementor-open-inline\">\n\t\t\t<iframe class=\"elementor-video-iframe\" allowfullscreen allow=\"clipboard-write\" title=\"Reproductor de v\u00eddeo vimeo\" src=\"https:\/\/player.vimeo.com\/video\/640605978?color&amp;autopause=0&amp;loop=0&amp;muted=0&amp;title=0&amp;portrait=0&amp;byline=0#t=\"><\/iframe>\t\t<\/div>\n\t\t\t\t\t\t<\/div>\n\t\t\t\t<\/div>\n\t\t\t\t\t<\/div>\n\t\t<\/div>\n\t\t\t\t\t<\/div>\n\t\t<\/section>\n\t\t\t\t<section class=\"elementor-section elementor-top-section elementor-element elementor-element-294d4e5a elementor-section-boxed elementor-section-height-default elementor-section-height-default\" data-id=\"294d4e5a\" data-element_type=\"section\" data-e-type=\"section\">\n\t\t\t\t\t\t<div class=\"elementor-container elementor-column-gap-default\">\n\t\t\t\t\t<div class=\"elementor-column elementor-col-100 elementor-top-column elementor-element elementor-element-4941a23c\" data-id=\"4941a23c\" data-element_type=\"column\" data-e-type=\"column\">\n\t\t\t<div class=\"elementor-widget-wrap elementor-element-populated\">\n\t\t\t\t\t\t<div class=\"elementor-element elementor-element-6b636d2 elementor-widget elementor-widget-text-editor\" data-id=\"6b636d2\" data-element_type=\"widget\" data-e-type=\"widget\" data-widget_type=\"text-editor.default\">\n\t\t\t\t<div class=\"elementor-widget-container\">\n\t\t\t\t\t\t\t\t\t<p><strong>Lesiones personales de Exeter<\/strong><\/p><p>Exeter es una ciudad incorporada de alrededor de 10,000 personas y est\u00e1 situada a los pies de las monta\u00f1as de Sierra Nevada al oeste y se encuentra a 50 millas al sur de Fresno y la misma distancia al norte de Bakersfield. La gente de Exeter es trabajadora y sobre la marcha. Desafortunadamente, esto los pone en riesgo de una lesi\u00f3n personal.<\/p><p>Cuanto m\u00e1s tiempo se pasa en su coche, m\u00e1s est\u00e1 en riesgo de un accidente automovil\u00edstico. La gente de Exeter trabaja en f\u00e1bricas, plantas de alimentos, bodegas e instalaciones de fabricaci\u00f3n, y esto los pone en la carretera tanto por la ma\u00f1ana como por la noche. Algunos llevan la autopista 65 a los trabajos linsey o Visalia, mientras que otros van hacia el sur por 65 a trav\u00e9s de Porterville o Terra Bella para trabajar en una de las bodegas o granjas locales.<\/p><p>Despu\u00e9s de trabajar duro, a la gente de Exeter le gusta jugar duro. Les gusta ir de compras y comer en una de las muchas tiendas y restaurantes de la ciudad, y la regi\u00f3n ofrece diversas oportunidades en la recreaci\u00f3n como la pesca en uno de los muchos lagos de la regi\u00f3n o una excursi\u00f3n de un d\u00eda al Parque Nacional Sequoia.<\/p><p>La causa n\u00famero uno de una lesi\u00f3n personal en Exeter es un accidente automovil\u00edstico, y hay alrededor de 1000 accidentes automovil\u00edsticos al a\u00f1o en Exeter y las comunidades circundantes. Cuando se lesionan, la gente de Exeter sabe que puede confiar en Maison Law para ayudar a obtener la compensaci\u00f3n que se merecen.<\/p><p><strong>Tipos comunes de lesiones<\/strong><\/p><p>La mayor\u00eda de las lesiones personales provienen de accidentes automovil\u00edsticos, pero eso no significa que todas sean iguales. En Maison Law, entienden que un enfoque de cortador de galletas para todas las lesiones personales no representa las necesidades de los heridos. M\u00e1s bien cada caso tiene sus propias circunstancias y lesiones, y cada lesi\u00f3n crea diferentes circunstancias y necesidades para los lesionados. Un buen abogado sabe que cada lesi\u00f3n se mira a la luz de las dificultades que enfrenta el cliente. Estos tipos de lesiones toman habilidades y experiencia especiales:<\/p><ul><li><strong>Lesiones en la cabeza:<\/strong> Accidentes automovil\u00edsticos, accidentes deportivos e industriales pueden causar conmociones cerebrales y lesiones cerebrales traum\u00e1ticas que pueden ser devastadoras.<\/li><li><strong>Huesos rotos<\/strong>: Los brazos, piernas, mu\u00f1ecas y costillas rotas son lesiones comunes que las personas enfrentan al participar en actividades diarias. Todos estos requieren tratamiento, rehabilitaci\u00f3n y corren el riesgo de tiempo de inactividad del trabajo.<\/li><li><strong>Enfermedad<\/strong>: Algunos tipos de trabajo, especialmente en la construcci\u00f3n y fabricaci\u00f3n, ponen a las personas en riesgo de enfermedad.<\/li><li><strong>Trauma de fuerza<\/strong>contundente: Cuando los coches y las personas chocan, el impacto puede ser violento y causar lesiones por traumatismos por fuerza contundente que pueden causar lesiones graves o incluso la muerte.<\/li><li><strong>Fatalidades:<\/strong> A veces estas lesiones causan la muerte, y cuando lo hacen, podr\u00eda haber una reclamaci\u00f3n por una muerte injusta.<\/li><li><strong>Responsabilidad del producto:<\/strong> Comprar los muchos puntos de venta en Exeter o ordenar tiendas de formulario como Amazon o Target Online, trae una gran cantidad de productos en la ciudad que resulta en lesiones que son culpa del dise\u00f1ador, productor o el empaquetador.<\/li><\/ul><p><strong>Tipos de accidentes automovil\u00edsticos en Exeter<\/strong><\/p><p>Diferentes lesiones provienen de diferentes tipos de accidentes, y cuanta m\u00e1s experiencia tenga el abogado con los diferentes tipos de accidentes, mejor podr\u00e1 satisfacer la necesidad del caso en cuesti\u00f3n. En Maison Law, tienen experiencia en todo tipo de accidentes y trabajan duro para satisfacer las necesidades de los heridos.<\/p><p>Algunos de los diferentes tipos de accidentes en Exeter son:<\/p><ul><li><strong>Accidentes de vuelco\/expulsi\u00f3n:<\/strong>Estos pueden ocurrir en cualquier carretera o carretera ocupada, y traen algunas de las lesiones m\u00e1s graves.<\/li><li><strong>DUI<\/strong>: Desafortunadamente, Exeter sufre de un n\u00famero significativo de accidentes de DUI que pone a todos en las carreteras en riesgo de lesiones graves y muerte.<\/li><li><strong>Conducci\u00f3n de la cabeza en el camino incorrecto:<\/strong> Los caminos rurales y las carreteras est\u00e1n listos para colisiones frontales con son devastadores para sus v\u00edctimas. Exeter residentes est\u00e1n en un riesgo especial de estos, ya que viaje diario.<\/li><li><strong>Camiones grandes \/ veh\u00edculos utilitarios<\/strong>: Los veh\u00edculos de fabricaci\u00f3n y agricultura est\u00e1n siempre dentro y alrededor de Exeter y cuando alguien es herido por un cami\u00f3n comercial, se enfrentan a empresas con una gran cantidad de recursos y los mejores abogados. Necesita un abogado con experiencia para representarlo.<\/li><li><strong>Velocidad \/ Carrera \/ Conducci\u00f3n agresiva<\/strong>: La mayor\u00eda de los conductores que participan en este tipo si la conducci\u00f3n son conductores masculinos m\u00e1s j\u00f3venes que ponen a otros en riesgo por sus acciones.<\/li><\/ul><p><strong>Otros tipos de lesiones personales<\/strong><\/p><p>No todas las lesiones provienen de accidentes automovil\u00edsticos, y aquellos que llevan una vida activa desafortunadamente encontrar\u00e1n muchas maneras de lesionarse. Cuando ocurre cualquier tipo de lesi\u00f3n, la gente de Exeter puede contar la ley de Maison para ir a batear por ellos. Algunos de estos otros tipos de accidentes son:<\/p><ul><li><strong>Accidentes industriales<\/strong>: La agricultura es la industria n\u00famero uno para el empleo por poblaci\u00f3n en la regi\u00f3n. Bodegas, granjas, plantas de procesamiento traen accidentes y lesiones a la gente de Exeter.<\/li><li><strong>Accidentes<\/strong>de la Zona de Construcci\u00f3n : Desde 2000, Exeter ha crecido alrededor del 15 por ciento, y con esto viene una gran cantidad de construcci\u00f3n, y esto trae una gran cantidad de sitios de construcci\u00f3n y la posibilidad de lesiones como la gente se mezcla con las zonas de trabajo alrededor de la ciudad.<\/li><li><strong>Slip-and-falls\/Premises Injuries<\/strong>: Exeter disfruta de una s\u00f3lida econom\u00eda minorista que conduce a lesiones que ocurren en las instalaciones comerciales.<\/li><li><strong>Lesiones deportivas \/recreativas:<\/strong>El b\u00e9isbol, el senderismo, el esqu\u00ed acu\u00e1tico y otros tipos de recreaci\u00f3n vienen con lesiones, y el bufete Maison Law est\u00e1 listo para ayudar a cualquier persona lesionada a obtener la compensaci\u00f3n que necesita.<\/li><li><strong>Responsabilidad del producto<\/strong>: Comprar y consumir trae todo tipo de lesiones relacionadas con el producto.<\/li><li><strong>Muertes injustas<\/strong>: Desafortunadamente, algunas personas de Exeter sucumbir\u00e1n a lesiones causadas por otros. Maison Law trabajar\u00e1 con la familia para obtener una compensaci\u00f3n justa.<\/li><\/ul><p>Cada lesi\u00f3n es diferente y c\u00f3mo ocurri\u00f3 la lesi\u00f3n y d\u00f3nde ocurri\u00f3 puede hacer una diferencia en la forma en que se hace una reclamaci\u00f3n. En Maison Law, entienden esto y trabajan duro para que cada cliente les consiga la compensaci\u00f3n que merece.<\/p><p><strong>\u00bfNecesito un abogado?<\/strong><\/p><p>La respuesta es s\u00ed, al menos debe hablar con un abogado que puede darle consejos imparciales y alguien que sabe a lo que se enfrenta. <strong>Contactar a Maison<\/strong> <strong>Law <\/strong>para hablar con un abogado en una consulta gratuita antes de hablar con cualquier persona de la compa\u00f1\u00eda de seguros.<\/p><p>Si entonces desea tener la tranquilidad de que su caso est\u00e1 siendo manejado de manera competente y profesional para que pueda centrarse en su recuperaci\u00f3n, Maison Law estar\u00e1 all\u00ed para usted asegur\u00e1ndose de que reciba la compensaci\u00f3n que se merece.<\/p>\t\t\t\t\t\t\t\t<\/div>\n\t\t\t\t<\/div>\n\t\t\t\t\t<\/div>\n\t\t<\/div>\n\t\t\t\t\t<\/div>\n\t\t<\/section>\n\t\t\t\t<\/div>\n\t\t","protected":false},"excerpt":{"rendered":"<p>Si vives en Exeter y te has lesionado en un accidente, los de Maison Law saben por lo que est\u00e1s pasando. El dolor, el tratamiento m\u00e9dico y la rehabilitaci\u00f3n envejecen, y luego ves que las facturas llegan con menos dinero para pagarlas desde el momento perdido del trabajo. Para a\u00f1adir a la frustraci\u00f3n y la [&hellip;]<\/p>\n","protected":false},"author":1,"featured_media":0,"parent":0,"menu_order":0,"comment_status":"closed","ping_status":"closed","template":"","meta":{"footnotes":""},"class_list":["post-6248","page","type-page","status-publish","hentry"],"yoast_head":"<!-- This site is optimized with the Yoast SEO Premium plugin v27.3 (Yoast SEO v27.3) - https:\/\/yoast.com\/product\/yoast-seo-premium-wordpress\/ -->\n<title>Abogados de Accidentes en Exeter CA | Maison Law<\/title>\n<meta name=\"description\" content=\"Si vives en Exeter y te has lesionado en un accidente, los de Maison Law saben por lo que est\u00e1s pasando. El dolor, el tratamiento m\u00e9dico y la\" \/>\n<meta name=\"robots\" content=\"index, follow, max-snippet:-1, max-image-preview:large, max-video-preview:-1\" \/>\n<link rel=\"canonical\" href=\"https:\/\/maisonlaw.com\/es\/exeter\/\" \/>\n<meta property=\"og:locale\" content=\"es_ES\" \/>\n<meta property=\"og:type\" content=\"article\" \/>\n<meta property=\"og:title\" content=\"Abogados de Accidentes en Exeter CA\" \/>\n<meta property=\"og:description\" content=\"Si vives en Exeter y te has lesionado en un accidente, los de Maison Law saben por lo que est\u00e1s pasando. El dolor, el tratamiento m\u00e9dico y la\" \/>\n<meta property=\"og:url\" content=\"https:\/\/maisonlaw.com\/es\/exeter\/\" \/>\n<meta property=\"og:site_name\" content=\"Maison Law\" \/>\n<meta property=\"article:publisher\" content=\"https:\/\/www.facebook.com\/maisonlawfirm\/\" \/>\n<meta property=\"article:modified_time\" content=\"2021-11-05T17:40:42+00:00\" \/>\n<meta property=\"og:image\" content=\"https:\/\/maisonlaw.com\/wp-content\/uploads\/2019\/04\/martin-gasparian-esq.png\" \/>\n<meta name=\"twitter:card\" content=\"summary_large_image\" \/>\n<meta name=\"twitter:label1\" content=\"Tiempo de lectura\" \/>\n\t<meta name=\"twitter:data1\" content=\"6 minutos\" \/>\n<script type=\"application\/ld+json\" class=\"yoast-schema-graph\">{\"@context\":\"https:\\\/\\\/schema.org\",\"@graph\":[{\"@type\":\"WebPage\",\"@id\":\"https:\\\/\\\/maisonlaw.com\\\/es\\\/exeter\\\/\",\"url\":\"https:\\\/\\\/maisonlaw.com\\\/es\\\/exeter\\\/\",\"name\":\"Abogados de Accidentes en Exeter CA | Maison Law\",\"isPartOf\":{\"@id\":\"https:\\\/\\\/maisonlaw.com\\\/es\\\/#website\"},\"primaryImageOfPage\":{\"@id\":\"https:\\\/\\\/maisonlaw.com\\\/es\\\/exeter\\\/#primaryimage\"},\"image\":{\"@id\":\"https:\\\/\\\/maisonlaw.com\\\/es\\\/exeter\\\/#primaryimage\"},\"thumbnailUrl\":\"https:\\\/\\\/maisonlaw.com\\\/wp-content\\\/uploads\\\/2019\\\/04\\\/martin-gasparian-esq.png\",\"datePublished\":\"2021-08-04T18:48:24+00:00\",\"dateModified\":\"2021-11-05T17:40:42+00:00\",\"description\":\"Si vives en Exeter y te has lesionado en un accidente, los de Maison Law saben por lo que est\u00e1s pasando. El dolor, el tratamiento m\u00e9dico y la\",\"breadcrumb\":{\"@id\":\"https:\\\/\\\/maisonlaw.com\\\/es\\\/exeter\\\/#breadcrumb\"},\"inLanguage\":\"es\",\"potentialAction\":[{\"@type\":\"ReadAction\",\"target\":[\"https:\\\/\\\/maisonlaw.com\\\/es\\\/exeter\\\/\"]}]},{\"@type\":\"ImageObject\",\"inLanguage\":\"es\",\"@id\":\"https:\\\/\\\/maisonlaw.com\\\/es\\\/exeter\\\/#primaryimage\",\"url\":\"https:\\\/\\\/maisonlaw.com\\\/wp-content\\\/uploads\\\/2019\\\/04\\\/martin-gasparian-esq.png\",\"contentUrl\":\"https:\\\/\\\/maisonlaw.com\\\/wp-content\\\/uploads\\\/2019\\\/04\\\/martin-gasparian-esq.png\"},{\"@type\":\"BreadcrumbList\",\"@id\":\"https:\\\/\\\/maisonlaw.com\\\/es\\\/exeter\\\/#breadcrumb\",\"itemListElement\":[{\"@type\":\"ListItem\",\"position\":1,\"name\":\"Home\",\"item\":\"https:\\\/\\\/maisonlaw.com\\\/es\\\/\"},{\"@type\":\"ListItem\",\"position\":2,\"name\":\"Abogados de Accidentes en Exeter CA\"}]},{\"@type\":\"WebSite\",\"@id\":\"https:\\\/\\\/maisonlaw.com\\\/es\\\/#website\",\"url\":\"https:\\\/\\\/maisonlaw.com\\\/es\\\/\",\"name\":\"Maison Law Accident and Injury Lawyers\",\"description\":\"The Support You Need. The Settlement You Deserve.\",\"publisher\":{\"@id\":\"https:\\\/\\\/maisonlaw.com\\\/es\\\/#organization\"},\"alternateName\":\"Maison Law\",\"potentialAction\":[{\"@type\":\"SearchAction\",\"target\":{\"@type\":\"EntryPoint\",\"urlTemplate\":\"https:\\\/\\\/maisonlaw.com\\\/es\\\/?s={search_term_string}\"},\"query-input\":{\"@type\":\"PropertyValueSpecification\",\"valueRequired\":true,\"valueName\":\"search_term_string\"}}],\"inLanguage\":\"es\"},{\"@type\":\"Organization\",\"@id\":\"https:\\\/\\\/maisonlaw.com\\\/es\\\/#organization\",\"name\":\"Maison Law Accident & Injury Attorneys\",\"alternateName\":\"Maison Law\",\"url\":\"https:\\\/\\\/maisonlaw.com\\\/es\\\/\",\"logo\":{\"@type\":\"ImageObject\",\"inLanguage\":\"es\",\"@id\":\"https:\\\/\\\/maisonlaw.com\\\/es\\\/#\\\/schema\\\/logo\\\/image\\\/\",\"url\":\"https:\\\/\\\/maisonlaw.com\\\/wp-content\\\/uploads\\\/2025\\\/06\\\/experiment-logo-opt.png\",\"contentUrl\":\"https:\\\/\\\/maisonlaw.com\\\/wp-content\\\/uploads\\\/2025\\\/06\\\/experiment-logo-opt.png\",\"width\":1345,\"height\":294,\"caption\":\"Maison Law Accident & Injury Attorneys\"},\"image\":{\"@id\":\"https:\\\/\\\/maisonlaw.com\\\/es\\\/#\\\/schema\\\/logo\\\/image\\\/\"},\"sameAs\":[\"https:\\\/\\\/www.facebook.com\\\/maisonlawfirm\\\/\",\"https:\\\/\\\/www.linkedin.com\\\/in\\\/martin-gasparian-a9956516\\\/\",\"https:\\\/\\\/www.instagram.com\\\/maison_law\\\/\",\"https:\\\/\\\/www.youtube.com\\\/@maisonlaw\"],\"description\":\"Maison Law is a California Personal Injury Law Firm.\",\"legalName\":\"Maison Law\",\"foundingDate\":\"2014-01-01\",\"numberOfEmployees\":{\"@type\":\"QuantitativeValue\",\"minValue\":\"11\",\"maxValue\":\"50\"}}]}<\/script>\n<!-- \/ Yoast SEO Premium plugin. -->","yoast_head_json":{"title":"Abogados de Accidentes en Exeter CA | Maison Law","description":"Si vives en Exeter y te has lesionado en un accidente, los de Maison Law saben por lo que est\u00e1s pasando. El dolor, el tratamiento m\u00e9dico y la","robots":{"index":"index","follow":"follow","max-snippet":"max-snippet:-1","max-image-preview":"max-image-preview:large","max-video-preview":"max-video-preview:-1"},"canonical":"https:\/\/maisonlaw.com\/es\/exeter\/","og_locale":"es_ES","og_type":"article","og_title":"Abogados de Accidentes en Exeter CA","og_description":"Si vives en Exeter y te has lesionado en un accidente, los de Maison Law saben por lo que est\u00e1s pasando. El dolor, el tratamiento m\u00e9dico y la","og_url":"https:\/\/maisonlaw.com\/es\/exeter\/","og_site_name":"Maison Law","article_publisher":"https:\/\/www.facebook.com\/maisonlawfirm\/","article_modified_time":"2021-11-05T17:40:42+00:00","og_image":[{"url":"https:\/\/maisonlaw.com\/wp-content\/uploads\/2019\/04\/martin-gasparian-esq.png","type":"","width":"","height":""}],"twitter_card":"summary_large_image","twitter_misc":{"Tiempo de lectura":"6 minutos"},"schema":{"@context":"https:\/\/schema.org","@graph":[{"@type":"WebPage","@id":"https:\/\/maisonlaw.com\/es\/exeter\/","url":"https:\/\/maisonlaw.com\/es\/exeter\/","name":"Abogados de Accidentes en Exeter CA | Maison Law","isPartOf":{"@id":"https:\/\/maisonlaw.com\/es\/#website"},"primaryImageOfPage":{"@id":"https:\/\/maisonlaw.com\/es\/exeter\/#primaryimage"},"image":{"@id":"https:\/\/maisonlaw.com\/es\/exeter\/#primaryimage"},"thumbnailUrl":"https:\/\/maisonlaw.com\/wp-content\/uploads\/2019\/04\/martin-gasparian-esq.png","datePublished":"2021-08-04T18:48:24+00:00","dateModified":"2021-11-05T17:40:42+00:00","description":"Si vives en Exeter y te has lesionado en un accidente, los de Maison Law saben por lo que est\u00e1s pasando. El dolor, el tratamiento m\u00e9dico y la","breadcrumb":{"@id":"https:\/\/maisonlaw.com\/es\/exeter\/#breadcrumb"},"inLanguage":"es","potentialAction":[{"@type":"ReadAction","target":["https:\/\/maisonlaw.com\/es\/exeter\/"]}]},{"@type":"ImageObject","inLanguage":"es","@id":"https:\/\/maisonlaw.com\/es\/exeter\/#primaryimage","url":"https:\/\/maisonlaw.com\/wp-content\/uploads\/2019\/04\/martin-gasparian-esq.png","contentUrl":"https:\/\/maisonlaw.com\/wp-content\/uploads\/2019\/04\/martin-gasparian-esq.png"},{"@type":"BreadcrumbList","@id":"https:\/\/maisonlaw.com\/es\/exeter\/#breadcrumb","itemListElement":[{"@type":"ListItem","position":1,"name":"Home","item":"https:\/\/maisonlaw.com\/es\/"},{"@type":"ListItem","position":2,"name":"Abogados de Accidentes en Exeter CA"}]},{"@type":"WebSite","@id":"https:\/\/maisonlaw.com\/es\/#website","url":"https:\/\/maisonlaw.com\/es\/","name":"Maison Law Accident and Injury Lawyers","description":"The Support You Need. The Settlement You Deserve.","publisher":{"@id":"https:\/\/maisonlaw.com\/es\/#organization"},"alternateName":"Maison Law","potentialAction":[{"@type":"SearchAction","target":{"@type":"EntryPoint","urlTemplate":"https:\/\/maisonlaw.com\/es\/?s={search_term_string}"},"query-input":{"@type":"PropertyValueSpecification","valueRequired":true,"valueName":"search_term_string"}}],"inLanguage":"es"},{"@type":"Organization","@id":"https:\/\/maisonlaw.com\/es\/#organization","name":"Maison Law Accident & Injury Attorneys","alternateName":"Maison Law","url":"https:\/\/maisonlaw.com\/es\/","logo":{"@type":"ImageObject","inLanguage":"es","@id":"https:\/\/maisonlaw.com\/es\/#\/schema\/logo\/image\/","url":"https:\/\/maisonlaw.com\/wp-content\/uploads\/2025\/06\/experiment-logo-opt.png","contentUrl":"https:\/\/maisonlaw.com\/wp-content\/uploads\/2025\/06\/experiment-logo-opt.png","width":1345,"height":294,"caption":"Maison Law Accident & Injury Attorneys"},"image":{"@id":"https:\/\/maisonlaw.com\/es\/#\/schema\/logo\/image\/"},"sameAs":["https:\/\/www.facebook.com\/maisonlawfirm\/","https:\/\/www.linkedin.com\/in\/martin-gasparian-a9956516\/","https:\/\/www.instagram.com\/maison_law\/","https:\/\/www.youtube.com\/@maisonlaw"],"description":"Maison Law is a California Personal Injury Law Firm.","legalName":"Maison Law","foundingDate":"2014-01-01","numberOfEmployees":{"@type":"QuantitativeValue","minValue":"11","maxValue":"50"}}]}},"_links":{"self":[{"href":"https:\/\/maisonlaw.com\/es\/wp-json\/wp\/v2\/pages\/6248","targetHints":{"allow":["GET"]}}],"collection":[{"href":"https:\/\/maisonlaw.com\/es\/wp-json\/wp\/v2\/pages"}],"about":[{"href":"https:\/\/maisonlaw.com\/es\/wp-json\/wp\/v2\/types\/page"}],"author":[{"embeddable":true,"href":"https:\/\/maisonlaw.com\/es\/wp-json\/wp\/v2\/users\/1"}],"replies":[{"embeddable":true,"href":"https:\/\/maisonlaw.com\/es\/wp-json\/wp\/v2\/comments?post=6248"}],"version-history":[{"count":0,"href":"https:\/\/maisonlaw.com\/es\/wp-json\/wp\/v2\/pages\/6248\/revisions"}],"wp:attachment":[{"href":"https:\/\/maisonlaw.com\/es\/wp-json\/wp\/v2\/media?parent=6248"}],"curies":[{"name":"wp","href":"https:\/\/api.w.org\/{rel}","templated":true}]}}