{"id":6125,"date":"2021-07-29T07:36:50","date_gmt":"2021-07-29T07:36:50","guid":{"rendered":"http:\/\/maisonlaw.com\/?page_id=6125"},"modified":"2021-11-05T18:25:56","modified_gmt":"2021-11-05T18:25:56","slug":"arvin","status":"publish","type":"page","link":"https:\/\/maisonlaw.com\/es\/arvin\/","title":{"rendered":"Abogados de Accidentes en Arvin CA"},"content":{"rendered":"\t\t<div data-elementor-type=\"wp-page\" data-elementor-id=\"6125\" class=\"elementor elementor-6125 elementor-5554\" data-elementor-post-type=\"page\">\n\t\t\t\t\t\t<section class=\"elementor-section elementor-top-section elementor-element elementor-element-31034354 elementor-section-boxed elementor-section-height-default elementor-section-height-default\" data-id=\"31034354\" data-element_type=\"section\" data-e-type=\"section\">\n\t\t\t\t\t\t<div class=\"elementor-container elementor-column-gap-default\">\n\t\t\t\t\t<div class=\"elementor-column elementor-col-66 elementor-top-column elementor-element elementor-element-34c233ae\" data-id=\"34c233ae\" data-element_type=\"column\" data-e-type=\"column\">\n\t\t\t<div class=\"elementor-widget-wrap elementor-element-populated\">\n\t\t\t\t\t\t<div class=\"elementor-element elementor-element-7b82979e elementor-widget elementor-widget-text-editor\" data-id=\"7b82979e\" data-element_type=\"widget\" data-e-type=\"widget\" data-widget_type=\"text-editor.default\">\n\t\t\t\t<div class=\"elementor-widget-container\">\n\t\t\t\t\t\t\t\t\t<h2><br><\/h2>\n<p>Con experiencia en algunos de los bufetes de abogados m\u00e1s grandes y prestigiosos del pa\u00eds, el socio y fundador, Martin Gasparian, Esq. ofrece a cada cliente la experiencia de una gran empresa y la atenci\u00f3n personalizada al detalle de una peque\u00f1a empresa. Si usted vive en Arvin o se lesion\u00f3 all\u00ed, p\u00f3ngase en contacto con nosotros hoy para una consulta gratuita y evaluaci\u00f3n de casos.<\/p>\t\t\t\t\t\t\t\t<\/div>\n\t\t\t\t<\/div>\n\t\t\t\t\t<\/div>\n\t\t<\/div>\n\t\t\t\t<div class=\"elementor-column elementor-col-33 elementor-top-column elementor-element elementor-element-79093142\" data-id=\"79093142\" data-element_type=\"column\" data-e-type=\"column\">\n\t\t\t<div class=\"elementor-widget-wrap elementor-element-populated\">\n\t\t\t\t\t\t<div class=\"elementor-element elementor-element-15545f03 elementor-widget elementor-widget-image\" data-id=\"15545f03\" data-element_type=\"widget\" data-e-type=\"widget\" data-widget_type=\"image.default\">\n\t\t\t\t<div class=\"elementor-widget-container\">\n\t\t\t\t\t\t\t\t\t\t\t\t\t\t\t<img fetchpriority=\"high\" decoding=\"async\" width=\"501\" height=\"509\" src=\"https:\/\/maisonlaw.com\/wp-content\/uploads\/2019\/04\/martin-gasparian-esq.png\" class=\"attachment-large size-large wp-image-2150\" alt=\"\" srcset=\"https:\/\/maisonlaw.com\/wp-content\/uploads\/2019\/04\/martin-gasparian-esq.png 501w, https:\/\/maisonlaw.com\/wp-content\/uploads\/2019\/04\/martin-gasparian-esq-295x300.png 295w\" sizes=\"(max-width: 501px) 100vw, 501px\" \/>\t\t\t\t\t\t\t\t\t\t\t\t\t\t\t<\/div>\n\t\t\t\t<\/div>\n\t\t\t\t<div class=\"elementor-element elementor-element-1599257c elementor-align-center elementor-widget elementor-widget-button\" data-id=\"1599257c\" data-element_type=\"widget\" data-e-type=\"widget\" data-widget_type=\"button.default\">\n\t\t\t\t<div class=\"elementor-widget-container\">\n\t\t\t\t\t\t\t\t\t<div class=\"elementor-button-wrapper\">\n\t\t\t\t\t<a class=\"elementor-button elementor-button-link elementor-size-lg\" href=\"http:\/\/maisonlaw.com\/contact\/\">\n\t\t\t\t\t\t<span class=\"elementor-button-content-wrapper\">\n\t\t\t\t\t\t\t\t\t<span class=\"elementor-button-text\">Schedule Your Free Consultation<\/span>\n\t\t\t\t\t<\/span>\n\t\t\t\t\t<\/a>\n\t\t\t\t<\/div>\n\t\t\t\t\t\t\t\t<\/div>\n\t\t\t\t<\/div>\n\t\t\t\t\t<\/div>\n\t\t<\/div>\n\t\t\t\t\t<\/div>\n\t\t<\/section>\n\t\t\t\t<section class=\"elementor-section elementor-top-section elementor-element elementor-element-c188cf9 elementor-section-boxed elementor-section-height-default elementor-section-height-default\" data-id=\"c188cf9\" data-element_type=\"section\" data-e-type=\"section\">\n\t\t\t\t\t\t<div class=\"elementor-container elementor-column-gap-default\">\n\t\t\t\t\t<div class=\"elementor-column elementor-col-100 elementor-top-column elementor-element elementor-element-1b96f60\" data-id=\"1b96f60\" data-element_type=\"column\" data-e-type=\"column\">\n\t\t\t<div class=\"elementor-widget-wrap elementor-element-populated\">\n\t\t\t\t\t\t<div class=\"elementor-element elementor-element-86f8397 elementor-widget elementor-widget-video\" data-id=\"86f8397\" data-element_type=\"widget\" data-e-type=\"widget\" data-settings=\"{&quot;video_type&quot;:&quot;vimeo&quot;}\" data-widget_type=\"video.default\">\n\t\t\t\t<div class=\"elementor-widget-container\">\n\t\t\t\t\t\t\t<div class=\"elementor-wrapper elementor-open-inline\">\n\t\t\t<iframe class=\"elementor-video-iframe\" allowfullscreen allow=\"clipboard-write\" title=\"Reproductor de v\u00eddeo vimeo\" src=\"https:\/\/player.vimeo.com\/video\/640605978?color&amp;autopause=0&amp;loop=0&amp;muted=0&amp;title=0&amp;portrait=0&amp;byline=0#t=\"><\/iframe>\t\t<\/div>\n\t\t\t\t\t\t<\/div>\n\t\t\t\t<\/div>\n\t\t\t\t\t<\/div>\n\t\t<\/div>\n\t\t\t\t\t<\/div>\n\t\t<\/section>\n\t\t\t\t<section class=\"elementor-section elementor-top-section elementor-element elementor-element-405b9fce elementor-section-boxed elementor-section-height-default elementor-section-height-default\" data-id=\"405b9fce\" data-element_type=\"section\" data-e-type=\"section\">\n\t\t\t\t\t\t<div class=\"elementor-container elementor-column-gap-default\">\n\t\t\t\t\t<div class=\"elementor-column elementor-col-100 elementor-top-column elementor-element elementor-element-20f0b406\" data-id=\"20f0b406\" data-element_type=\"column\" data-e-type=\"column\">\n\t\t\t<div class=\"elementor-widget-wrap elementor-element-populated\">\n\t\t\t\t\t\t<div class=\"elementor-element elementor-element-e1ba68d elementor-widget elementor-widget-text-editor\" data-id=\"e1ba68d\" data-element_type=\"widget\" data-e-type=\"widget\" data-widget_type=\"text-editor.default\">\n\t\t\t\t<div class=\"elementor-widget-container\">\n\t\t\t\t\t\t\t\t\t<p><strong>Abogado de Lesiones Personales de Arvin CA<\/strong><\/p><p>Arvin\n es una peque\u00f1a ciudad de alrededor de 20,000 personas a 15 millas al \nsureste de Bakersfield. Cuenta con un complejo muy amable y hay varias \npeque\u00f1as empresas en el \u00e1rea. Sin embargo, las lesiones ocurren aqu\u00ed \ncomo en todas partes, a menudo por accidentes automovil\u00edsticos. Incluso \nsi la gente es agradable, es la compa\u00f1\u00eda de seguros con la que la gente \nsuele tener un problema.<\/p><p>Si usted o alguien cercano a usted ha \nsido gravemente herido en un accidente en arvin o alrededor de \u00e9l, es \nimportante que conserve una representaci\u00f3n legal experimentada, efectiva\n y agresiva de inmediato. Nuestro bufete de abogados se involucra en la \nley de lesiones personales. Eso es todo lo que hacemos. Llevamos \nasesoramiento legal calificado a nuestros clientes que buscan da\u00f1os como\n resultado de ser heridos por el descuido y negligencia de otra persona.<\/p><p>Tambi\u00e9n visitamos a clientes en el hospital, como Mercy Hospital o Clinica Sierra Vista.<\/p><p><strong>No son s\u00f3lo las lesiones<\/strong><\/p><p>Estar\n lesionado o perder a un miembro de la familia en un accidente a menudo \nresulta en mucho m\u00e1s da\u00f1o que las heridas f\u00edsicas, el dolor y el \nmalestar. Muchas v\u00edctimas de lesiones no pueden trabajar durante largos \nper\u00edodos de tiempo, por lo que durante la recuperaci\u00f3n, tambi\u00e9n est\u00e1n \nperdiendo ingresos de sus trabajos. Esto los deja econ\u00f3micamente \nangustiados y emocionalmente abatidos. Es inexcusable que una v\u00edctima de\n una lesi\u00f3n suporte tal desgracia cuando la irresponsabilidad de otra \npersona cre\u00f3 su situaci\u00f3n.<\/p><p><strong>Algunos ejemplos de casos de lesiones personales<\/strong><br>La\n ley de California permite a las v\u00edctimas de lesiones personales buscar \nuna compensaci\u00f3n por sus da\u00f1os a trav\u00e9s de reclamos civiles y demandas. \nEste tipo de casos son f\u00e1cticos y legalmente complejos Requieren la \nrepresentaci\u00f3n legal de veteranos legales consumados y respetados. Estos\n son algunos ejemplos de los tipos de casos de lesiones personales que \nrepresentamos a los clientes en:<\/p><ul><li>Accidentes automovil\u00edsticos:\n Estos son los principales causantes de reclamos y demandas por lesiones\n personales en el Condado de Kern.<\/li><li>Truck Crashes: Una gran \nplataforma completamente cargada que viaja por 223 va a pesar hasta \n80,000 libras. Un impacto con un coche de pasajeros puede aplanarlo y \nherir gravemente o matar a todo el mundo en \u00e9l.<\/li><li>Accidentes de \nmotocicleta: Los ciclistas no tienen cuerpos de acero con zonas de \narrugas, bolsas de aire o sistemas de retenci\u00f3n para protegerlos en un \naccidente. Tienen 26 veces m\u00e1s probabilidades de morir en un accidente \nen comparaci\u00f3n con los conductores y ocupantes de veh\u00edculos de \npasajeros.<\/li><li>Accidentes de autob\u00fas: Representamos a ni\u00f1os y adultos en accidentes escolares, p\u00fablicos, privados y de autobuses lanzadera.<\/li><li>Accidentes\n de locales: Los accidentes que implican ca\u00eddas ocurren en residencias \nprivadas y propiedades comerciales, especialmente supermercados, mejoras\n en el hogar y grandes tiendas de cajas.<\/li><li>Ataques de perros y \nanimales: Los estatutos estatales y las ordenanzas municipales sobre el \ncontrol de animales son estrictos en California. Una v\u00edctima puede tener\n cicatrices de por vida por un ataque.<\/li><li>Responsabilidad del \nproducto: Un producto puede ser peligrosamente defectuoso y herir o \nmatar gravemente a un usuario como resultado de un defecto de dise\u00f1o, un\n defecto de fabricaci\u00f3n o un defecto de comercializaci\u00f3n.<\/li><li>Muerte\n injusta: Si una persona muere como resultado de la negligencia de otra \npersona, la ley de California permite que el patrimonio y la familia de \nesa persona busquen da\u00f1os sustanciales.<\/li><\/ul><p><strong>Lo que hacemos mientras est\u00e1s Recuperando<\/strong><\/p><p>Mientras\n se est\u00e1 recuperando de sus lesiones y luchando para alcanzar la m\u00e1xima \nmejora m\u00e9dica, podemos estar persiguiendo testigos u obteniendo \nregistros de polic\u00eda, param\u00e9dicos y salas de emergencia. Si se \nrequirieran uno o m\u00e1s ingresos hospitalarios, obtendremos todos los \nregistros. Suponiendo que la rehabilitaci\u00f3n sea necesaria, obtendremos \ntodos los registros y notas de su terapeuta tambi\u00e9n. Nos mantendremos al\n tanto de sus facturas, y podemos evitar que las agencias de cobro sin \nproblemas. Mientras tanto, se beneficiar\u00e1 de la m\u00e1s alta calidad de \nrepresentaci\u00f3n personalizada. Probablemente no podr\u00e1s asistir \neficazmente a estas tareas durante tu recuperaci\u00f3n. Si lo intenta, es \nprobable que cometa errores que da\u00f1ar\u00e1n su caso. No haremos eso.<\/p><p>Recopilaremos\n un paquete de liquidaci\u00f3n que consta de todos los registros e informes \nm\u00e9dicos, facturas m\u00e9dicas y otras pruebas en apoyo de su caso y lo \nenviaremos a la aseguradora contraria junto con nuestra demanda de \nliquidaci\u00f3n. Si esa aseguradora no es razonable, no tenemos ning\u00fan \nproblema con poner su caso ante un juez y un jurado.<\/p><p><strong>Abogado de Lesiones Personales de Arvin CA<\/strong><\/p><p>Mientras\n recibe la m\u00e1s alta calidad de servicio legal personalizado, su caso \nser\u00e1 construido pieza por pieza por nuestro abogado que tiene un inter\u00e9s\n especial en su accidente y lesiones. Nunca tendr\u00e1 que preguntarnos \nsobre el estado de su caso. Se le informar\u00e1 en cada paso del camino.<\/p><p>No\n creas nada de lo que la compa\u00f1\u00eda de seguros opuesta te diga, y nunca le\n des ning\u00fan tipo de declaraci\u00f3n sin que uno de nuestros abogados est\u00e9 \npresente. P\u00f3ngase en contacto con nosotros lo antes posible sobre su \naccidente para organizar una consulta gratuita y evaluaci\u00f3n del caso. \nQueremos saber qu\u00e9 pas\u00f3, c\u00f3mo sucedi\u00f3 y c\u00f3mo te han afectado. Despu\u00e9s de\n eso, mapearemos todas sus opciones legales para usted. Nuestro objetivo\n es maximizar cualquier acuerdo o premio que podamos obtener en su \nnombre.<\/p>\t\t\t\t\t\t\t\t<\/div>\n\t\t\t\t<\/div>\n\t\t\t\t\t<\/div>\n\t\t<\/div>\n\t\t\t\t\t<\/div>\n\t\t<\/section>\n\t\t\t\t<\/div>\n\t\t","protected":false},"excerpt":{"rendered":"<p>Con experiencia en algunos de los bufetes de abogados m\u00e1s grandes y prestigiosos del pa\u00eds, el socio y fundador, Martin Gasparian, Esq. ofrece a cada cliente la experiencia de una gran empresa y la atenci\u00f3n personalizada al detalle de una peque\u00f1a empresa. Si usted vive en Arvin o se lesion\u00f3 all\u00ed, p\u00f3ngase en contacto con [&hellip;]<\/p>\n","protected":false},"author":1,"featured_media":0,"parent":0,"menu_order":0,"comment_status":"closed","ping_status":"closed","template":"","meta":{"footnotes":""},"class_list":["post-6125","page","type-page","status-publish","hentry"],"yoast_head":"<!-- This site is optimized with the Yoast SEO Premium plugin v27.3 (Yoast SEO v27.3) - https:\/\/yoast.com\/product\/yoast-seo-premium-wordpress\/ -->\n<title>Abogados de Accidentes en Arvin CA | Maison Law<\/title>\n<meta name=\"description\" content=\"Con experiencia en algunos de los bufetes de abogados m\u00e1s grandes y prestigiosos del pa\u00eds, el socio y fundador, Martin Gasparian, Esq. ofrece a cada\" \/>\n<meta name=\"robots\" content=\"index, follow, max-snippet:-1, max-image-preview:large, max-video-preview:-1\" \/>\n<link rel=\"canonical\" href=\"https:\/\/maisonlaw.com\/es\/arvin\/\" \/>\n<meta property=\"og:locale\" content=\"es_ES\" \/>\n<meta property=\"og:type\" content=\"article\" \/>\n<meta property=\"og:title\" content=\"Abogados de Accidentes en Arvin CA\" \/>\n<meta property=\"og:description\" content=\"Con experiencia en algunos de los bufetes de abogados m\u00e1s grandes y prestigiosos del pa\u00eds, el socio y fundador, Martin Gasparian, Esq. ofrece a cada\" \/>\n<meta property=\"og:url\" content=\"https:\/\/maisonlaw.com\/es\/arvin\/\" \/>\n<meta property=\"og:site_name\" content=\"Maison Law\" \/>\n<meta property=\"article:publisher\" content=\"https:\/\/www.facebook.com\/maisonlawfirm\/\" \/>\n<meta property=\"article:modified_time\" content=\"2021-11-05T18:25:56+00:00\" \/>\n<meta property=\"og:image\" content=\"https:\/\/maisonlaw.com\/wp-content\/uploads\/2019\/04\/martin-gasparian-esq.png\" \/>\n<meta name=\"twitter:card\" content=\"summary_large_image\" \/>\n<meta name=\"twitter:label1\" content=\"Tiempo de lectura\" \/>\n\t<meta name=\"twitter:data1\" content=\"5 minutos\" \/>\n<script type=\"application\/ld+json\" class=\"yoast-schema-graph\">{\"@context\":\"https:\\\/\\\/schema.org\",\"@graph\":[{\"@type\":\"WebPage\",\"@id\":\"https:\\\/\\\/maisonlaw.com\\\/es\\\/arvin\\\/\",\"url\":\"https:\\\/\\\/maisonlaw.com\\\/es\\\/arvin\\\/\",\"name\":\"Abogados de Accidentes en Arvin CA | Maison Law\",\"isPartOf\":{\"@id\":\"https:\\\/\\\/maisonlaw.com\\\/es\\\/#website\"},\"primaryImageOfPage\":{\"@id\":\"https:\\\/\\\/maisonlaw.com\\\/es\\\/arvin\\\/#primaryimage\"},\"image\":{\"@id\":\"https:\\\/\\\/maisonlaw.com\\\/es\\\/arvin\\\/#primaryimage\"},\"thumbnailUrl\":\"https:\\\/\\\/maisonlaw.com\\\/wp-content\\\/uploads\\\/2019\\\/04\\\/martin-gasparian-esq.png\",\"datePublished\":\"2021-07-29T07:36:50+00:00\",\"dateModified\":\"2021-11-05T18:25:56+00:00\",\"description\":\"Con experiencia en algunos de los bufetes de abogados m\u00e1s grandes y prestigiosos del pa\u00eds, el socio y fundador, Martin Gasparian, Esq. ofrece a cada\",\"breadcrumb\":{\"@id\":\"https:\\\/\\\/maisonlaw.com\\\/es\\\/arvin\\\/#breadcrumb\"},\"inLanguage\":\"es\",\"potentialAction\":[{\"@type\":\"ReadAction\",\"target\":[\"https:\\\/\\\/maisonlaw.com\\\/es\\\/arvin\\\/\"]}]},{\"@type\":\"ImageObject\",\"inLanguage\":\"es\",\"@id\":\"https:\\\/\\\/maisonlaw.com\\\/es\\\/arvin\\\/#primaryimage\",\"url\":\"https:\\\/\\\/maisonlaw.com\\\/wp-content\\\/uploads\\\/2019\\\/04\\\/martin-gasparian-esq.png\",\"contentUrl\":\"https:\\\/\\\/maisonlaw.com\\\/wp-content\\\/uploads\\\/2019\\\/04\\\/martin-gasparian-esq.png\"},{\"@type\":\"BreadcrumbList\",\"@id\":\"https:\\\/\\\/maisonlaw.com\\\/es\\\/arvin\\\/#breadcrumb\",\"itemListElement\":[{\"@type\":\"ListItem\",\"position\":1,\"name\":\"Home\",\"item\":\"https:\\\/\\\/maisonlaw.com\\\/es\\\/\"},{\"@type\":\"ListItem\",\"position\":2,\"name\":\"Abogados de Accidentes en Arvin CA\"}]},{\"@type\":\"WebSite\",\"@id\":\"https:\\\/\\\/maisonlaw.com\\\/es\\\/#website\",\"url\":\"https:\\\/\\\/maisonlaw.com\\\/es\\\/\",\"name\":\"Maison Law Accident and Injury Lawyers\",\"description\":\"The Support You Need. The Settlement You Deserve.\",\"publisher\":{\"@id\":\"https:\\\/\\\/maisonlaw.com\\\/es\\\/#organization\"},\"alternateName\":\"Maison Law\",\"potentialAction\":[{\"@type\":\"SearchAction\",\"target\":{\"@type\":\"EntryPoint\",\"urlTemplate\":\"https:\\\/\\\/maisonlaw.com\\\/es\\\/?s={search_term_string}\"},\"query-input\":{\"@type\":\"PropertyValueSpecification\",\"valueRequired\":true,\"valueName\":\"search_term_string\"}}],\"inLanguage\":\"es\"},{\"@type\":\"Organization\",\"@id\":\"https:\\\/\\\/maisonlaw.com\\\/es\\\/#organization\",\"name\":\"Maison Law Accident & Injury Attorneys\",\"alternateName\":\"Maison Law\",\"url\":\"https:\\\/\\\/maisonlaw.com\\\/es\\\/\",\"logo\":{\"@type\":\"ImageObject\",\"inLanguage\":\"es\",\"@id\":\"https:\\\/\\\/maisonlaw.com\\\/es\\\/#\\\/schema\\\/logo\\\/image\\\/\",\"url\":\"https:\\\/\\\/maisonlaw.com\\\/wp-content\\\/uploads\\\/2025\\\/06\\\/experiment-logo-opt.png\",\"contentUrl\":\"https:\\\/\\\/maisonlaw.com\\\/wp-content\\\/uploads\\\/2025\\\/06\\\/experiment-logo-opt.png\",\"width\":1345,\"height\":294,\"caption\":\"Maison Law Accident & Injury Attorneys\"},\"image\":{\"@id\":\"https:\\\/\\\/maisonlaw.com\\\/es\\\/#\\\/schema\\\/logo\\\/image\\\/\"},\"sameAs\":[\"https:\\\/\\\/www.facebook.com\\\/maisonlawfirm\\\/\",\"https:\\\/\\\/www.linkedin.com\\\/in\\\/martin-gasparian-a9956516\\\/\",\"https:\\\/\\\/www.instagram.com\\\/maison_law\\\/\",\"https:\\\/\\\/www.youtube.com\\\/@maisonlaw\"],\"description\":\"Maison Law is a California Personal Injury Law Firm.\",\"legalName\":\"Maison Law\",\"foundingDate\":\"2014-01-01\",\"numberOfEmployees\":{\"@type\":\"QuantitativeValue\",\"minValue\":\"11\",\"maxValue\":\"50\"}}]}<\/script>\n<!-- \/ Yoast SEO Premium plugin. -->","yoast_head_json":{"title":"Abogados de Accidentes en Arvin CA | Maison Law","description":"Con experiencia en algunos de los bufetes de abogados m\u00e1s grandes y prestigiosos del pa\u00eds, el socio y fundador, Martin Gasparian, Esq. ofrece a cada","robots":{"index":"index","follow":"follow","max-snippet":"max-snippet:-1","max-image-preview":"max-image-preview:large","max-video-preview":"max-video-preview:-1"},"canonical":"https:\/\/maisonlaw.com\/es\/arvin\/","og_locale":"es_ES","og_type":"article","og_title":"Abogados de Accidentes en Arvin CA","og_description":"Con experiencia en algunos de los bufetes de abogados m\u00e1s grandes y prestigiosos del pa\u00eds, el socio y fundador, Martin Gasparian, Esq. ofrece a cada","og_url":"https:\/\/maisonlaw.com\/es\/arvin\/","og_site_name":"Maison Law","article_publisher":"https:\/\/www.facebook.com\/maisonlawfirm\/","article_modified_time":"2021-11-05T18:25:56+00:00","og_image":[{"url":"https:\/\/maisonlaw.com\/wp-content\/uploads\/2019\/04\/martin-gasparian-esq.png","type":"","width":"","height":""}],"twitter_card":"summary_large_image","twitter_misc":{"Tiempo de lectura":"5 minutos"},"schema":{"@context":"https:\/\/schema.org","@graph":[{"@type":"WebPage","@id":"https:\/\/maisonlaw.com\/es\/arvin\/","url":"https:\/\/maisonlaw.com\/es\/arvin\/","name":"Abogados de Accidentes en Arvin CA | Maison Law","isPartOf":{"@id":"https:\/\/maisonlaw.com\/es\/#website"},"primaryImageOfPage":{"@id":"https:\/\/maisonlaw.com\/es\/arvin\/#primaryimage"},"image":{"@id":"https:\/\/maisonlaw.com\/es\/arvin\/#primaryimage"},"thumbnailUrl":"https:\/\/maisonlaw.com\/wp-content\/uploads\/2019\/04\/martin-gasparian-esq.png","datePublished":"2021-07-29T07:36:50+00:00","dateModified":"2021-11-05T18:25:56+00:00","description":"Con experiencia en algunos de los bufetes de abogados m\u00e1s grandes y prestigiosos del pa\u00eds, el socio y fundador, Martin Gasparian, Esq. ofrece a cada","breadcrumb":{"@id":"https:\/\/maisonlaw.com\/es\/arvin\/#breadcrumb"},"inLanguage":"es","potentialAction":[{"@type":"ReadAction","target":["https:\/\/maisonlaw.com\/es\/arvin\/"]}]},{"@type":"ImageObject","inLanguage":"es","@id":"https:\/\/maisonlaw.com\/es\/arvin\/#primaryimage","url":"https:\/\/maisonlaw.com\/wp-content\/uploads\/2019\/04\/martin-gasparian-esq.png","contentUrl":"https:\/\/maisonlaw.com\/wp-content\/uploads\/2019\/04\/martin-gasparian-esq.png"},{"@type":"BreadcrumbList","@id":"https:\/\/maisonlaw.com\/es\/arvin\/#breadcrumb","itemListElement":[{"@type":"ListItem","position":1,"name":"Home","item":"https:\/\/maisonlaw.com\/es\/"},{"@type":"ListItem","position":2,"name":"Abogados de Accidentes en Arvin CA"}]},{"@type":"WebSite","@id":"https:\/\/maisonlaw.com\/es\/#website","url":"https:\/\/maisonlaw.com\/es\/","name":"Maison Law Accident and Injury Lawyers","description":"The Support You Need. The Settlement You Deserve.","publisher":{"@id":"https:\/\/maisonlaw.com\/es\/#organization"},"alternateName":"Maison Law","potentialAction":[{"@type":"SearchAction","target":{"@type":"EntryPoint","urlTemplate":"https:\/\/maisonlaw.com\/es\/?s={search_term_string}"},"query-input":{"@type":"PropertyValueSpecification","valueRequired":true,"valueName":"search_term_string"}}],"inLanguage":"es"},{"@type":"Organization","@id":"https:\/\/maisonlaw.com\/es\/#organization","name":"Maison Law Accident & Injury Attorneys","alternateName":"Maison Law","url":"https:\/\/maisonlaw.com\/es\/","logo":{"@type":"ImageObject","inLanguage":"es","@id":"https:\/\/maisonlaw.com\/es\/#\/schema\/logo\/image\/","url":"https:\/\/maisonlaw.com\/wp-content\/uploads\/2025\/06\/experiment-logo-opt.png","contentUrl":"https:\/\/maisonlaw.com\/wp-content\/uploads\/2025\/06\/experiment-logo-opt.png","width":1345,"height":294,"caption":"Maison Law Accident & Injury Attorneys"},"image":{"@id":"https:\/\/maisonlaw.com\/es\/#\/schema\/logo\/image\/"},"sameAs":["https:\/\/www.facebook.com\/maisonlawfirm\/","https:\/\/www.linkedin.com\/in\/martin-gasparian-a9956516\/","https:\/\/www.instagram.com\/maison_law\/","https:\/\/www.youtube.com\/@maisonlaw"],"description":"Maison Law is a California Personal Injury Law Firm.","legalName":"Maison Law","foundingDate":"2014-01-01","numberOfEmployees":{"@type":"QuantitativeValue","minValue":"11","maxValue":"50"}}]}},"_links":{"self":[{"href":"https:\/\/maisonlaw.com\/es\/wp-json\/wp\/v2\/pages\/6125","targetHints":{"allow":["GET"]}}],"collection":[{"href":"https:\/\/maisonlaw.com\/es\/wp-json\/wp\/v2\/pages"}],"about":[{"href":"https:\/\/maisonlaw.com\/es\/wp-json\/wp\/v2\/types\/page"}],"author":[{"embeddable":true,"href":"https:\/\/maisonlaw.com\/es\/wp-json\/wp\/v2\/users\/1"}],"replies":[{"embeddable":true,"href":"https:\/\/maisonlaw.com\/es\/wp-json\/wp\/v2\/comments?post=6125"}],"version-history":[{"count":0,"href":"https:\/\/maisonlaw.com\/es\/wp-json\/wp\/v2\/pages\/6125\/revisions"}],"wp:attachment":[{"href":"https:\/\/maisonlaw.com\/es\/wp-json\/wp\/v2\/media?parent=6125"}],"curies":[{"name":"wp","href":"https:\/\/api.w.org\/{rel}","templated":true}]}}