{"id":32142,"date":"2024-02-25T22:52:46","date_gmt":"2024-02-26T05:52:46","guid":{"rendered":"https:\/\/maisonlaw.com\/?page_id=32142"},"modified":"2024-02-25T22:54:07","modified_gmt":"2024-02-26T05:54:07","slug":"departamento-de-policia","status":"publish","type":"page","link":"https:\/\/maisonlaw.com\/es\/fremont\/accidentes\/departamento-de-policia\/","title":{"rendered":"C\u00f3mo obtener un informe policial de accidente del Departamento de Polic\u00eda de Fremont"},"content":{"rendered":"<p>Una colisi\u00f3n aterradora a lo largo de una calle concurrida como la avenida Mowry o la avenida Thornton puede dejarle con facturas m\u00e9dicas y un mont\u00f3n de n\u00f3minas pendientes mientras pierde horas de trabajo. Si otro conductor caus\u00f3 su accidente, quiz\u00e1 se pregunte cu\u00e1l es la mejor manera de demostrarlo y buscar ayuda financiera para arreglar el autom\u00f3vil destrozado y pagar las facturas del hospital.<\/p>\n<p>Un informe de accidente del agente investigador del Departamento de Polic\u00eda de Fremont puede ser una prueba clave. Ese informe podr\u00eda obligar a una compa\u00f1\u00eda de seguros de autom\u00f3viles a proporcionarle la ayuda que necesita para rehacer su vida.<\/p>\n<h2>Solicitar un informe de colisi\u00f3n al Departamento de Polic\u00eda de Fremont<\/h2>\n<p>Para realizar la solicitud de su informe de accidente, primero deber\u00e1 repasar la informaci\u00f3n de la<a href=\"https:\/\/www.fremontpolice.gov\/i-want-to\/file\/request-a-police-report\"> p\u00e1gina web<\/a> de accidentes de la polic\u00eda de Fremont.<\/p>\n<p>Tendr\u00e1 que rellenar este <a href=\"https:\/\/www.fremontpolice.gov\/home\/showpublisheddocument\/1081\/638314174444100000\">form<\/a>ulario, confirmando que est\u00e1 autorizado para solicitar el informe (normalmente alguien implicado en el accidente). Se le pedir\u00e1 que muestre su permiso de conducir para probar su identidad.\u00a0 Tambi\u00e9n tendr\u00e1 que pagar una tasa por el informe del accidente. Una vez que el formulario est\u00e9 completo y haya incluido la tasa, puede optar por enviarlo por correo o entregarlo en persona.<\/p>\n<p><strong>Direcci\u00f3n<\/strong><\/p>\n<p>Departamento de Polic\u00eda de Fremont<\/p>\n<p>Attn: Records Division\/Solicitud de informe policial<\/p>\n<p>2000 Stevenson Blvd., PO Box 5007<\/p>\n<p>Fremont, CA 94537-5007<\/p>\n<p>Si va a entregar su formulario y la tasa en persona, deber\u00e1 acudir durante el horario del vest\u00edbulo.<\/p>\n<p><strong>Horario del vest\u00edbulo<\/strong><\/p>\n<p>Lunes &#8211; Viernes<\/p>\n<p>6:30 a.m. &#8211; 5:30 p.m.<\/p>\n<p>El vest\u00edbulo est\u00e1 cerrado todos los d\u00edas festivos.<\/p>\n<p>Debe esperar hasta 10 d\u00edas de procesamiento antes de que su informe de accidente sea enviado de vuelta. Si tiene alguna pregunta, p\u00f3ngase en contacto con la Divisi\u00f3n de Registros del Departamento de Polic\u00eda llamando al <strong>(510) 790-6800<\/strong>.<\/p>\n<h2>Tasas para su Informe de Accidente del Departamento de Polic\u00eda de Fremont<\/h2>\n<p>Su parte de accidente le costar\u00e1 16 d\u00f3lares.<\/p>\n<p>Estos son los m\u00e9todos de pago aprobados:<\/p>\n<ul>\n<li>Las personas que soliciten un informe de accidente en persona pueden pagar en efectivo, con cheque, giro postal y tarjeta de cr\u00e9dito.<\/li>\n<li>Las personas que soliciten un informe de accidente por correo pueden pagar en efectivo, con cheque bancario o giro postal.<\/li>\n<\/ul>\n<p>Los cheques deben extenderse a nombre de <strong>City of Fremont<\/strong>.<\/p>\n<h2>\u00bfNecesito un abogado despu\u00e9s de una colisi\u00f3n en Fremont?<\/h2>\n<p>Cuando los accidentes s\u00f3lo implican da\u00f1os materiales o lesiones muy leves, puede que no necesite la ayuda de un abogado para obtener un trato justo. Pero cuando sufre lesiones graves y un conductor descuidado caus\u00f3 el accidente, es fundamental que hable con un abogado sobre lo sucedido.<\/p>\n<p>Este tipo de lesiones acumulan costosas facturas hospitalarias y hacen que los peritos del seguro del autom\u00f3vil busquen formas de evitar tener que aceptar su responsabilidad. Intentar\u00e1n culparle a usted del accidente y cargarle con las facturas. Tambi\u00e9n podr\u00edan restar importancia a las lesiones que ha sufrido para poder salirse con la suya ofreciendo mucho menos de lo que usted necesita pagar para recuperarse.<\/p>\n<p>No acabe pagando la factura de una lesi\u00f3n grave que sufri\u00f3 sin tener la culpa. <a href=\"https:\/\/maisonlaw.com\/contacto\/?lang=es\">P\u00f3ngase en contacto<\/a> con un abogado de accidentes de autom\u00f3vil de Fremont que atienda a todas las v\u00edctimas del condado de Alameda para programar una consulta gratuita y sin compromiso sobre su caso. Si necesita nuestra ayuda, no necesitar\u00e1 tener dinero para contratarnos. No cobramos a menos que ganemos su caso por usted. Entonces, nuestros honorarios salen de la indemnizaci\u00f3n del seguro que ganemos para usted.<\/p>\n","protected":false},"excerpt":{"rendered":"<p>Una colisi\u00f3n aterradora a lo largo de una calle concurrida como la avenida Mowry o la avenida Thornton puede dejarle con facturas m\u00e9dicas y un mont\u00f3n de n\u00f3minas pendientes mientras pierde horas de trabajo. Si otro conductor caus\u00f3 su accidente, quiz\u00e1 se pregunte cu\u00e1l es la mejor manera de demostrarlo y buscar ayuda financiera para [&hellip;]<\/p>\n","protected":false},"author":23,"featured_media":0,"parent":32067,"menu_order":0,"comment_status":"closed","ping_status":"closed","template":"","meta":{"footnotes":""},"class_list":["post-32142","page","type-page","status-publish","hentry"],"yoast_head":"<!-- This site is optimized with the Yoast SEO Premium plugin v27.3 (Yoast SEO v27.3) - https:\/\/yoast.com\/product\/yoast-seo-premium-wordpress\/ -->\n<title>C\u00f3mo obtener un informe policial de accidente del Departamento de Polic\u00eda de Fremont | Maison Law<\/title>\n<meta name=\"description\" content=\"Una colisi\u00f3n aterradora a lo largo de una calle concurrida como la avenida Mowry o la avenida Thornton puede dejarle con facturas m\u00e9dicas y un mont\u00f3n de\" \/>\n<meta name=\"robots\" content=\"index, follow, max-snippet:-1, max-image-preview:large, max-video-preview:-1\" \/>\n<link rel=\"canonical\" href=\"https:\/\/maisonlaw.com\/es\/fremont\/accidentes\/departamento-de-policia\/\" \/>\n<meta property=\"og:locale\" content=\"es_ES\" \/>\n<meta property=\"og:type\" content=\"article\" \/>\n<meta property=\"og:title\" content=\"C\u00f3mo obtener un informe policial de accidente del Departamento de Polic\u00eda de Fremont\" \/>\n<meta property=\"og:description\" content=\"Una colisi\u00f3n aterradora a lo largo de una calle concurrida como la avenida Mowry o la avenida Thornton puede dejarle con facturas m\u00e9dicas y un mont\u00f3n de\" \/>\n<meta property=\"og:url\" content=\"https:\/\/maisonlaw.com\/es\/fremont\/accidentes\/departamento-de-policia\/\" \/>\n<meta property=\"og:site_name\" content=\"Maison Law\" \/>\n<meta property=\"article:publisher\" content=\"https:\/\/www.facebook.com\/maisonlawfirm\/\" \/>\n<meta property=\"article:modified_time\" content=\"2024-02-26T05:54:07+00:00\" \/>\n<meta name=\"twitter:card\" content=\"summary_large_image\" \/>\n<meta name=\"twitter:label1\" content=\"Tiempo de lectura\" \/>\n\t<meta name=\"twitter:data1\" content=\"3 minutos\" \/>\n<script type=\"application\/ld+json\" class=\"yoast-schema-graph\">{\"@context\":\"https:\\\/\\\/schema.org\",\"@graph\":[{\"@type\":\"WebPage\",\"@id\":\"https:\\\/\\\/maisonlaw.com\\\/es\\\/fremont\\\/accidentes\\\/departamento-de-policia\\\/\",\"url\":\"https:\\\/\\\/maisonlaw.com\\\/es\\\/fremont\\\/accidentes\\\/departamento-de-policia\\\/\",\"name\":\"C\u00f3mo obtener un informe policial de accidente del Departamento de Polic\u00eda de Fremont | Maison Law\",\"isPartOf\":{\"@id\":\"https:\\\/\\\/maisonlaw.com\\\/es\\\/#website\"},\"datePublished\":\"2024-02-26T05:52:46+00:00\",\"dateModified\":\"2024-02-26T05:54:07+00:00\",\"description\":\"Una colisi\u00f3n aterradora a lo largo de una calle concurrida como la avenida Mowry o la avenida Thornton puede dejarle con facturas m\u00e9dicas y un mont\u00f3n de\",\"breadcrumb\":{\"@id\":\"https:\\\/\\\/maisonlaw.com\\\/es\\\/fremont\\\/accidentes\\\/departamento-de-policia\\\/#breadcrumb\"},\"inLanguage\":\"es\",\"potentialAction\":[{\"@type\":\"ReadAction\",\"target\":[\"https:\\\/\\\/maisonlaw.com\\\/es\\\/fremont\\\/accidentes\\\/departamento-de-policia\\\/\"]}]},{\"@type\":\"BreadcrumbList\",\"@id\":\"https:\\\/\\\/maisonlaw.com\\\/es\\\/fremont\\\/accidentes\\\/departamento-de-policia\\\/#breadcrumb\",\"itemListElement\":[{\"@type\":\"ListItem\",\"position\":1,\"name\":\"Home\",\"item\":\"https:\\\/\\\/maisonlaw.com\\\/es\\\/\"},{\"@type\":\"ListItem\",\"position\":2,\"name\":\"Abogado de Lesiones Personales en Fremont\",\"item\":\"https:\\\/\\\/maisonlaw.com\\\/es\\\/fremont\\\/?lang=es\"},{\"@type\":\"ListItem\",\"position\":3,\"name\":\"Abogado de accidentes de autom\u00f3vil en Fremont CA\",\"item\":\"https:\\\/\\\/maisonlaw.com\\\/es\\\/fremont\\\/accidentes\\\/?lang=es\"},{\"@type\":\"ListItem\",\"position\":4,\"name\":\"C\u00f3mo obtener un informe policial de accidente del Departamento de Polic\u00eda de Fremont\"}]},{\"@type\":\"WebSite\",\"@id\":\"https:\\\/\\\/maisonlaw.com\\\/es\\\/#website\",\"url\":\"https:\\\/\\\/maisonlaw.com\\\/es\\\/\",\"name\":\"Maison Law Accident and Injury Lawyers\",\"description\":\"The Support You Need. The Settlement You Deserve.\",\"publisher\":{\"@id\":\"https:\\\/\\\/maisonlaw.com\\\/es\\\/#organization\"},\"alternateName\":\"Maison Law\",\"potentialAction\":[{\"@type\":\"SearchAction\",\"target\":{\"@type\":\"EntryPoint\",\"urlTemplate\":\"https:\\\/\\\/maisonlaw.com\\\/es\\\/?s={search_term_string}\"},\"query-input\":{\"@type\":\"PropertyValueSpecification\",\"valueRequired\":true,\"valueName\":\"search_term_string\"}}],\"inLanguage\":\"es\"},{\"@type\":\"Organization\",\"@id\":\"https:\\\/\\\/maisonlaw.com\\\/es\\\/#organization\",\"name\":\"Maison Law Accident & Injury Attorneys\",\"alternateName\":\"Maison Law\",\"url\":\"https:\\\/\\\/maisonlaw.com\\\/es\\\/\",\"logo\":{\"@type\":\"ImageObject\",\"inLanguage\":\"es\",\"@id\":\"https:\\\/\\\/maisonlaw.com\\\/es\\\/#\\\/schema\\\/logo\\\/image\\\/\",\"url\":\"https:\\\/\\\/maisonlaw.com\\\/wp-content\\\/uploads\\\/2025\\\/06\\\/experiment-logo-opt.png\",\"contentUrl\":\"https:\\\/\\\/maisonlaw.com\\\/wp-content\\\/uploads\\\/2025\\\/06\\\/experiment-logo-opt.png\",\"width\":1345,\"height\":294,\"caption\":\"Maison Law Accident & Injury Attorneys\"},\"image\":{\"@id\":\"https:\\\/\\\/maisonlaw.com\\\/es\\\/#\\\/schema\\\/logo\\\/image\\\/\"},\"sameAs\":[\"https:\\\/\\\/www.facebook.com\\\/maisonlawfirm\\\/\",\"https:\\\/\\\/www.linkedin.com\\\/in\\\/martin-gasparian-a9956516\\\/\",\"https:\\\/\\\/www.instagram.com\\\/maison_law\\\/\",\"https:\\\/\\\/www.youtube.com\\\/@maisonlaw\"],\"description\":\"Maison Law is a California Personal Injury Law Firm.\",\"legalName\":\"Maison Law\",\"foundingDate\":\"2014-01-01\",\"numberOfEmployees\":{\"@type\":\"QuantitativeValue\",\"minValue\":\"11\",\"maxValue\":\"50\"}}]}<\/script>\n<!-- \/ Yoast SEO Premium plugin. -->","yoast_head_json":{"title":"C\u00f3mo obtener un informe policial de accidente del Departamento de Polic\u00eda de Fremont | Maison Law","description":"Una colisi\u00f3n aterradora a lo largo de una calle concurrida como la avenida Mowry o la avenida Thornton puede dejarle con facturas m\u00e9dicas y un mont\u00f3n de","robots":{"index":"index","follow":"follow","max-snippet":"max-snippet:-1","max-image-preview":"max-image-preview:large","max-video-preview":"max-video-preview:-1"},"canonical":"https:\/\/maisonlaw.com\/es\/fremont\/accidentes\/departamento-de-policia\/","og_locale":"es_ES","og_type":"article","og_title":"C\u00f3mo obtener un informe policial de accidente del Departamento de Polic\u00eda de Fremont","og_description":"Una colisi\u00f3n aterradora a lo largo de una calle concurrida como la avenida Mowry o la avenida Thornton puede dejarle con facturas m\u00e9dicas y un mont\u00f3n de","og_url":"https:\/\/maisonlaw.com\/es\/fremont\/accidentes\/departamento-de-policia\/","og_site_name":"Maison Law","article_publisher":"https:\/\/www.facebook.com\/maisonlawfirm\/","article_modified_time":"2024-02-26T05:54:07+00:00","twitter_card":"summary_large_image","twitter_misc":{"Tiempo de lectura":"3 minutos"},"schema":{"@context":"https:\/\/schema.org","@graph":[{"@type":"WebPage","@id":"https:\/\/maisonlaw.com\/es\/fremont\/accidentes\/departamento-de-policia\/","url":"https:\/\/maisonlaw.com\/es\/fremont\/accidentes\/departamento-de-policia\/","name":"C\u00f3mo obtener un informe policial de accidente del Departamento de Polic\u00eda de Fremont | Maison Law","isPartOf":{"@id":"https:\/\/maisonlaw.com\/es\/#website"},"datePublished":"2024-02-26T05:52:46+00:00","dateModified":"2024-02-26T05:54:07+00:00","description":"Una colisi\u00f3n aterradora a lo largo de una calle concurrida como la avenida Mowry o la avenida Thornton puede dejarle con facturas m\u00e9dicas y un mont\u00f3n de","breadcrumb":{"@id":"https:\/\/maisonlaw.com\/es\/fremont\/accidentes\/departamento-de-policia\/#breadcrumb"},"inLanguage":"es","potentialAction":[{"@type":"ReadAction","target":["https:\/\/maisonlaw.com\/es\/fremont\/accidentes\/departamento-de-policia\/"]}]},{"@type":"BreadcrumbList","@id":"https:\/\/maisonlaw.com\/es\/fremont\/accidentes\/departamento-de-policia\/#breadcrumb","itemListElement":[{"@type":"ListItem","position":1,"name":"Home","item":"https:\/\/maisonlaw.com\/es\/"},{"@type":"ListItem","position":2,"name":"Abogado de Lesiones Personales en Fremont","item":"https:\/\/maisonlaw.com\/es\/fremont\/?lang=es"},{"@type":"ListItem","position":3,"name":"Abogado de accidentes de autom\u00f3vil en Fremont CA","item":"https:\/\/maisonlaw.com\/es\/fremont\/accidentes\/?lang=es"},{"@type":"ListItem","position":4,"name":"C\u00f3mo obtener un informe policial de accidente del Departamento de Polic\u00eda de Fremont"}]},{"@type":"WebSite","@id":"https:\/\/maisonlaw.com\/es\/#website","url":"https:\/\/maisonlaw.com\/es\/","name":"Maison Law Accident and Injury Lawyers","description":"The Support You Need. The Settlement You Deserve.","publisher":{"@id":"https:\/\/maisonlaw.com\/es\/#organization"},"alternateName":"Maison Law","potentialAction":[{"@type":"SearchAction","target":{"@type":"EntryPoint","urlTemplate":"https:\/\/maisonlaw.com\/es\/?s={search_term_string}"},"query-input":{"@type":"PropertyValueSpecification","valueRequired":true,"valueName":"search_term_string"}}],"inLanguage":"es"},{"@type":"Organization","@id":"https:\/\/maisonlaw.com\/es\/#organization","name":"Maison Law Accident & Injury Attorneys","alternateName":"Maison Law","url":"https:\/\/maisonlaw.com\/es\/","logo":{"@type":"ImageObject","inLanguage":"es","@id":"https:\/\/maisonlaw.com\/es\/#\/schema\/logo\/image\/","url":"https:\/\/maisonlaw.com\/wp-content\/uploads\/2025\/06\/experiment-logo-opt.png","contentUrl":"https:\/\/maisonlaw.com\/wp-content\/uploads\/2025\/06\/experiment-logo-opt.png","width":1345,"height":294,"caption":"Maison Law Accident & Injury Attorneys"},"image":{"@id":"https:\/\/maisonlaw.com\/es\/#\/schema\/logo\/image\/"},"sameAs":["https:\/\/www.facebook.com\/maisonlawfirm\/","https:\/\/www.linkedin.com\/in\/martin-gasparian-a9956516\/","https:\/\/www.instagram.com\/maison_law\/","https:\/\/www.youtube.com\/@maisonlaw"],"description":"Maison Law is a California Personal Injury Law Firm.","legalName":"Maison Law","foundingDate":"2014-01-01","numberOfEmployees":{"@type":"QuantitativeValue","minValue":"11","maxValue":"50"}}]}},"_links":{"self":[{"href":"https:\/\/maisonlaw.com\/es\/wp-json\/wp\/v2\/pages\/32142","targetHints":{"allow":["GET"]}}],"collection":[{"href":"https:\/\/maisonlaw.com\/es\/wp-json\/wp\/v2\/pages"}],"about":[{"href":"https:\/\/maisonlaw.com\/es\/wp-json\/wp\/v2\/types\/page"}],"author":[{"embeddable":true,"href":"https:\/\/maisonlaw.com\/es\/wp-json\/wp\/v2\/users\/23"}],"replies":[{"embeddable":true,"href":"https:\/\/maisonlaw.com\/es\/wp-json\/wp\/v2\/comments?post=32142"}],"version-history":[{"count":4,"href":"https:\/\/maisonlaw.com\/es\/wp-json\/wp\/v2\/pages\/32142\/revisions"}],"predecessor-version":[{"id":32146,"href":"https:\/\/maisonlaw.com\/es\/wp-json\/wp\/v2\/pages\/32142\/revisions\/32146"}],"up":[{"embeddable":true,"href":"https:\/\/maisonlaw.com\/es\/wp-json\/wp\/v2\/pages\/32067"}],"wp:attachment":[{"href":"https:\/\/maisonlaw.com\/es\/wp-json\/wp\/v2\/media?parent=32142"}],"curies":[{"name":"wp","href":"https:\/\/api.w.org\/{rel}","templated":true}]}}