{"id":32137,"date":"2024-02-25T22:48:09","date_gmt":"2024-02-26T05:48:09","guid":{"rendered":"https:\/\/maisonlaw.com\/?page_id=32137"},"modified":"2024-02-25T22:50:36","modified_gmt":"2024-02-26T05:50:36","slug":"estadisticas-de-accidentes","status":"publish","type":"page","link":"https:\/\/maisonlaw.com\/es\/fremont\/accidentes\/estadisticas-de-accidentes\/","title":{"rendered":"Estad\u00edsticas de accidentes de autom\u00f3vil en Fremont"},"content":{"rendered":"\t\t<div data-elementor-type=\"wp-page\" data-elementor-id=\"32137\" class=\"elementor elementor-32137 elementor-31309\" data-elementor-post-type=\"page\">\n\t\t\t\t\t\t<section class=\"elementor-section elementor-top-section elementor-element elementor-element-afb069d elementor-section-boxed elementor-section-height-default elementor-section-height-default\" data-id=\"afb069d\" data-element_type=\"section\" data-e-type=\"section\">\n\t\t\t\t\t\t<div class=\"elementor-container elementor-column-gap-default\">\n\t\t\t\t\t<div class=\"elementor-column elementor-col-100 elementor-top-column elementor-element elementor-element-03adfe8\" data-id=\"03adfe8\" data-element_type=\"column\" data-e-type=\"column\">\n\t\t\t<div class=\"elementor-widget-wrap elementor-element-populated\">\n\t\t\t\t\t\t<div class=\"elementor-element elementor-element-f58cf89 elementor-widget elementor-widget-text-editor\" data-id=\"f58cf89\" data-element_type=\"widget\" data-e-type=\"widget\" data-widget_type=\"text-editor.default\">\n\t\t\t\t<div class=\"elementor-widget-container\">\n\t\t\t\t\t\t\t\t\t<p>Fremont es una v\u00eda principal para el resto del \u00c1rea de la Bah\u00eda. Desde el movimiento constante de las carreteras interestatales hasta las concurridas calles que desembocan en Fremont Boulevard, hay peligros de tr\u00e1fico en cada curva. Los conductores descuidados y con exceso de velocidad son la norma en el \u00c1rea de las Tres Ciudades<\/p><p>Leer sobre los peligros a los que se enfrentan los conductores del \u00c1rea de la Bah\u00eda (y que a veces ayudan a crear) no siempre hace comprender la magnitud del problema. Los automovilistas a menudo necesitan ver una representaci\u00f3n m\u00e1s visual antes de reducir la velocidad y tener m\u00e1s cuidado con los dem\u00e1s.<\/p><p>Maison Law encarg\u00f3 un estudio para averiguar hacia d\u00f3nde se dirigen las estad\u00edsticas de accidentes en Fremont y d\u00f3nde un poco m\u00e1s de precauci\u00f3n marcar\u00e1 m\u00e1s la diferencia. La mejora de las cifras es estupenda, pero se trata de tomar medidas para que todos lleguen a casa sanos y salvos cada noche.<\/p><h2>Peligros del tr\u00e1fico en Fremont para residentes y visitantes<\/h2><p>Las calles locales como la avenida Mowry ven elevados niveles de tr\u00e1fico durante las horas punta, especialmente cuando la gente intenta llegar al trabajo y a la escuela. Pero esos niveles no descienden tanto como sol\u00edan hacerlo durante las \u00faltimas horas de la ma\u00f1ana y las primeras de la tarde. Y en cualquier rampa de acceso a la I-880 suele haber docenas de autom\u00f3viles intentando incorporarse a carriles ya muy transitados despu\u00e9s de cada cambio de sem\u00e1foro.<\/p><p>El Sistema de Cartograf\u00eda de Accidentes de Transporte de California (TIMS) <a href=\"https:\/\/tims.berkeley.edu\/\">registr\u00f3<\/a> 808 accidentes con heridos en Fremont en 2022. Los \u00edndices han ido aumentando lentamente desde el a\u00f1o pand\u00e9mico de 2020, cuando hab\u00eda menos gente en las carreteras.<\/p><p>Por desgracia, las muertes por accidentes de tr\u00e1fico en Fremont han repuntado a lo grande desde la pandemia. En 2021, los agentes de tr\u00e1fico registraron al menos 18 v\u00edctimas mortales en nuestras carreteras. En 2022, las muertes cayeron a 11 v\u00edctimas, pero sigue siendo un nivel inaceptable. A la espera de que se totalicen oficialmente las estad\u00edsticas de 2023, ser\u00e1 crucial ver si las cifras descienden o siguen igualando y superando los niveles anteriores a la pandemia.<\/p><h2>Tendencias de accidentes por conducir ebrio en Fremont<\/h2><p>La conducci\u00f3n bajo los efectos del alcohol sigue siendo una plaga importante para los residentes de Fremont. Seg\u00fan TIMS, al menos una persona muri\u00f3 a manos de un conductor ebrio en 2022, y otras 110 resultaron gravemente heridas en accidentes provocados por conductores ebrios. Eso fue despu\u00e9s de un a\u00f1o verdaderamente tr\u00e1gico en 2021, cuando al menos seis personas perdieron la vida por culpa de conductores ebrios.<\/p><p>Los accidentes graves con conductores ebrios en Fremont se han recuperado r\u00e1pidamente tras un descenso durante la pandemia. En 2022 se produjeron 75 accidentes graves causados por conductores bajo los efectos del alcohol.<\/p><p>Los accidentes por conducir ebrio suelen ser mucho m\u00e1s peligrosos para los ocupantes de un autom\u00f3vil que los accidentes normales. Ese elevado riesgo se debe a dos razones principales. Los conductores ebrios tienen tiempos de reacci\u00f3n m\u00e1s lentos. Esto significa que no siempre se dar\u00e1n cuenta de cu\u00e1ndo se dirigen hacia un accidente y no siempre ser\u00e1n tan r\u00e1pidos para pisar el freno. La falta de respuesta conduce a mayores velocidades y fuerzas de impacto implicadas en cualquier colisi\u00f3n.<\/p><p>Por desgracia, es la otra cara de la moneda para los conductores seguros y sobrios. Los conductores a la defensiva no tendr\u00e1n tantas posibilidades de evitar un impacto porque las acciones de los conductores ebrios pueden ser muy impredecibles. Es posible que los conductores a la defensiva no sepan que se acercan a un automovilista ebrio hasta que sea demasiado tarde para frenar de golpe o maniobrar para ponerse a salvo.<\/p><h2>Atropello y fuga en Fremont<\/h2><p>Los atropellos con fuga siguen hiriendo a v\u00edctimas inocentes en el \u00c1rea de la Bah\u00eda. El acto criminal de abandonar la escena de un accidente tambi\u00e9n deja a las v\u00edctimas y a sus familias luchando solas con los costes de recuperaci\u00f3n.<\/p><p>Los <strong>50<\/strong> accidentes de tr\u00e1fico con atropello y fuga con heridos graves de 2022 en Fremont fueron el mayor recuento de incidentes de la \u00faltima media d\u00e9cada. Dos personas perdieron la vida en esos accidentes. Y demasiadas v\u00edctimas tuvieron que pagar sus propias facturas m\u00e9dicas porque no se pudo encontrar a un sospechoso.<\/p><h2>\u00a0<\/h2><h2>Riesgos de accidente a nivel nacional y en California<\/h2><p>La Administraci\u00f3n Nacional para la Seguridad del Tr\u00e1fico en Carreteras (NHTSA) <a href=\"https:\/\/crashstats.nhtsa.dot.gov\/Api\/Public\/ViewPublication\/813514\">calcula<\/a> que en 2022 se produjeron 42.795 muertes por accidente de tr\u00e1fico en todo EE UU. Sus estimaciones para la primera mitad de 2023 muestran que 19.515 personas perdieron la vida de enero a junio. Esto supuso un descenso del 3,3% respecto al primer semestre de 2021.<\/p><p>TIMS document\u00f3 4.166 v\u00edctimas mortales en las autopistas y bulevares de California en 2022. Esto supuso un ligero aumento respecto a la cifra de 4.151 muertes de 2021.<\/p><p>La NHTSA estima que 2.061 personas perdieron la vida en las carreteras de California durante la primera mitad de 2023. Eso supondr\u00eda un descenso de alrededor del 12% respecto a la cifra de 2022 de 2.341 vidas perdidas en el mismo periodo. Esperamos las cifras actualizadas para 2023 de las autoridades estadounidenses y californianas para ver el curso real de estas peligrosas tendencias.<\/p><h2>Esperanza para 2024 y m\u00e1s all\u00e1 en las carreteras de Fremont<\/h2><p>Mientras se totalizan las cifras de accidentes de 2023, a\u00fan hay tiempo para mejorar las perspectivas para 2024 y a\u00f1os posteriores. Los conductores de Fremont simplemente tienen que decidirse a prestar m\u00e1s atenci\u00f3n al hacer giros, cambiar de carril y atravesar intersecciones. Es ese extra de precauci\u00f3n en la interestatal lo que puede marcar la diferencia en las estad\u00edsticas del pr\u00f3ximo a\u00f1o y, lo que es m\u00e1s importante, en las vidas de las v\u00edctimas potenciales y de sus amigos y familiares.\u00a0<\/p><p>Despu\u00e9s de haber resultado herido en una colisi\u00f3n causada por un conductor descuidado, puede contar con Maison Law para ayudarle a determinar sus pr\u00f3ximos pasos. Ofrecemos una consulta gratuita a todas las v\u00edctimas lesionadas. Es una oportunidad sin riesgo para averiguar c\u00f3mo obtener ayuda con sus facturas m\u00e9dicas, su tiempo perdido en el trabajo y otras dificultades. <a href=\"https:\/\/maisonlaw.com\/contacto\/?lang=es\">P\u00f3ngase en contacto<\/a> con nosotros para programar la revisi\u00f3n confidencial de su caso hoy mismo.<\/p>\t\t\t\t\t\t\t\t<\/div>\n\t\t\t\t<\/div>\n\t\t\t\t\t<\/div>\n\t\t<\/div>\n\t\t\t\t\t<\/div>\n\t\t<\/section>\n\t\t\t\t<\/div>\n\t\t","protected":false},"excerpt":{"rendered":"<p>Fremont es una v\u00eda principal para el resto del \u00c1rea de la Bah\u00eda. Desde el movimiento constante de las carreteras interestatales hasta las concurridas calles que desembocan en Fremont Boulevard, hay peligros de tr\u00e1fico en cada curva. Los conductores descuidados y con exceso de velocidad son la norma en el \u00c1rea de las Tres Ciudades [&hellip;]<\/p>\n","protected":false},"author":23,"featured_media":31315,"parent":32067,"menu_order":0,"comment_status":"closed","ping_status":"closed","template":"","meta":{"footnotes":""},"class_list":["post-32137","page","type-page","status-publish","has-post-thumbnail","hentry"],"yoast_head":"<!-- This site is optimized with the Yoast SEO Premium plugin v27.3 (Yoast SEO v27.3) - https:\/\/yoast.com\/product\/yoast-seo-premium-wordpress\/ -->\n<title>Estad\u00edsticas de accidentes de autom\u00f3vil en Fremont | Maison Law<\/title>\n<meta name=\"description\" content=\"Fremont es una v\u00eda principal para el resto del \u00c1rea de la Bah\u00eda. Desde el movimiento constante de las carreteras interestatales hasta las concurridas\" \/>\n<meta name=\"robots\" content=\"index, follow, max-snippet:-1, max-image-preview:large, max-video-preview:-1\" \/>\n<link rel=\"canonical\" href=\"https:\/\/maisonlaw.com\/es\/fremont\/accidentes\/estadisticas-de-accidentes\/\" \/>\n<meta property=\"og:locale\" content=\"es_ES\" \/>\n<meta property=\"og:type\" content=\"article\" \/>\n<meta property=\"og:title\" content=\"Estad\u00edsticas de accidentes de autom\u00f3vil en Fremont\" \/>\n<meta property=\"og:description\" content=\"Fremont es una v\u00eda principal para el resto del \u00c1rea de la Bah\u00eda. Desde el movimiento constante de las carreteras interestatales hasta las concurridas\" \/>\n<meta property=\"og:url\" content=\"https:\/\/maisonlaw.com\/es\/fremont\/accidentes\/estadisticas-de-accidentes\/\" \/>\n<meta property=\"og:site_name\" content=\"Maison Law\" \/>\n<meta property=\"article:publisher\" content=\"https:\/\/www.facebook.com\/maisonlawfirm\/\" \/>\n<meta property=\"article:modified_time\" content=\"2024-02-26T05:50:36+00:00\" \/>\n<meta property=\"og:image\" content=\"https:\/\/maisonlaw.com\/wp-content\/uploads\/2024\/02\/Fremont-Hit-And-Run-Drivers-stats.png\" \/>\n\t<meta property=\"og:image:width\" content=\"1859\" \/>\n\t<meta property=\"og:image:height\" content=\"1180\" \/>\n\t<meta property=\"og:image:type\" content=\"image\/png\" \/>\n<meta name=\"twitter:card\" content=\"summary_large_image\" \/>\n<meta name=\"twitter:label1\" content=\"Tiempo de lectura\" \/>\n\t<meta name=\"twitter:data1\" content=\"5 minutos\" \/>\n<script type=\"application\/ld+json\" class=\"yoast-schema-graph\">{\"@context\":\"https:\\\/\\\/schema.org\",\"@graph\":[{\"@type\":\"WebPage\",\"@id\":\"https:\\\/\\\/maisonlaw.com\\\/es\\\/fremont\\\/accidentes\\\/estadisticas-de-accidentes\\\/\",\"url\":\"https:\\\/\\\/maisonlaw.com\\\/es\\\/fremont\\\/accidentes\\\/estadisticas-de-accidentes\\\/\",\"name\":\"Estad\u00edsticas de accidentes de autom\u00f3vil en Fremont | Maison Law\",\"isPartOf\":{\"@id\":\"https:\\\/\\\/maisonlaw.com\\\/es\\\/#website\"},\"primaryImageOfPage\":{\"@id\":\"https:\\\/\\\/maisonlaw.com\\\/es\\\/fremont\\\/accidentes\\\/estadisticas-de-accidentes\\\/#primaryimage\"},\"image\":{\"@id\":\"https:\\\/\\\/maisonlaw.com\\\/es\\\/fremont\\\/accidentes\\\/estadisticas-de-accidentes\\\/#primaryimage\"},\"thumbnailUrl\":\"https:\\\/\\\/maisonlaw.com\\\/wp-content\\\/uploads\\\/2024\\\/02\\\/Fremont-Hit-And-Run-Drivers-stats.png\",\"datePublished\":\"2024-02-26T05:48:09+00:00\",\"dateModified\":\"2024-02-26T05:50:36+00:00\",\"description\":\"Fremont es una v\u00eda principal para el resto del \u00c1rea de la Bah\u00eda. Desde el movimiento constante de las carreteras interestatales hasta las concurridas\",\"breadcrumb\":{\"@id\":\"https:\\\/\\\/maisonlaw.com\\\/es\\\/fremont\\\/accidentes\\\/estadisticas-de-accidentes\\\/#breadcrumb\"},\"inLanguage\":\"es\",\"potentialAction\":[{\"@type\":\"ReadAction\",\"target\":[\"https:\\\/\\\/maisonlaw.com\\\/es\\\/fremont\\\/accidentes\\\/estadisticas-de-accidentes\\\/\"]}]},{\"@type\":\"ImageObject\",\"inLanguage\":\"es\",\"@id\":\"https:\\\/\\\/maisonlaw.com\\\/es\\\/fremont\\\/accidentes\\\/estadisticas-de-accidentes\\\/#primaryimage\",\"url\":\"https:\\\/\\\/maisonlaw.com\\\/wp-content\\\/uploads\\\/2024\\\/02\\\/Fremont-Hit-And-Run-Drivers-stats.png\",\"contentUrl\":\"https:\\\/\\\/maisonlaw.com\\\/wp-content\\\/uploads\\\/2024\\\/02\\\/Fremont-Hit-And-Run-Drivers-stats.png\",\"width\":1859,\"height\":1180},{\"@type\":\"BreadcrumbList\",\"@id\":\"https:\\\/\\\/maisonlaw.com\\\/es\\\/fremont\\\/accidentes\\\/estadisticas-de-accidentes\\\/#breadcrumb\",\"itemListElement\":[{\"@type\":\"ListItem\",\"position\":1,\"name\":\"Home\",\"item\":\"https:\\\/\\\/maisonlaw.com\\\/es\\\/\"},{\"@type\":\"ListItem\",\"position\":2,\"name\":\"Abogado de Lesiones Personales en Fremont\",\"item\":\"https:\\\/\\\/maisonlaw.com\\\/es\\\/fremont\\\/?lang=es\"},{\"@type\":\"ListItem\",\"position\":3,\"name\":\"Abogado de accidentes de autom\u00f3vil en Fremont CA\",\"item\":\"https:\\\/\\\/maisonlaw.com\\\/es\\\/fremont\\\/accidentes\\\/?lang=es\"},{\"@type\":\"ListItem\",\"position\":4,\"name\":\"Estad\u00edsticas de accidentes de autom\u00f3vil en Fremont\"}]},{\"@type\":\"WebSite\",\"@id\":\"https:\\\/\\\/maisonlaw.com\\\/es\\\/#website\",\"url\":\"https:\\\/\\\/maisonlaw.com\\\/es\\\/\",\"name\":\"Maison Law Accident and Injury Lawyers\",\"description\":\"The Support You Need. The Settlement You Deserve.\",\"publisher\":{\"@id\":\"https:\\\/\\\/maisonlaw.com\\\/es\\\/#organization\"},\"alternateName\":\"Maison Law\",\"potentialAction\":[{\"@type\":\"SearchAction\",\"target\":{\"@type\":\"EntryPoint\",\"urlTemplate\":\"https:\\\/\\\/maisonlaw.com\\\/es\\\/?s={search_term_string}\"},\"query-input\":{\"@type\":\"PropertyValueSpecification\",\"valueRequired\":true,\"valueName\":\"search_term_string\"}}],\"inLanguage\":\"es\"},{\"@type\":\"Organization\",\"@id\":\"https:\\\/\\\/maisonlaw.com\\\/es\\\/#organization\",\"name\":\"Maison Law Accident & Injury Attorneys\",\"alternateName\":\"Maison Law\",\"url\":\"https:\\\/\\\/maisonlaw.com\\\/es\\\/\",\"logo\":{\"@type\":\"ImageObject\",\"inLanguage\":\"es\",\"@id\":\"https:\\\/\\\/maisonlaw.com\\\/es\\\/#\\\/schema\\\/logo\\\/image\\\/\",\"url\":\"https:\\\/\\\/maisonlaw.com\\\/wp-content\\\/uploads\\\/2025\\\/06\\\/experiment-logo-opt.png\",\"contentUrl\":\"https:\\\/\\\/maisonlaw.com\\\/wp-content\\\/uploads\\\/2025\\\/06\\\/experiment-logo-opt.png\",\"width\":1345,\"height\":294,\"caption\":\"Maison Law Accident & Injury Attorneys\"},\"image\":{\"@id\":\"https:\\\/\\\/maisonlaw.com\\\/es\\\/#\\\/schema\\\/logo\\\/image\\\/\"},\"sameAs\":[\"https:\\\/\\\/www.facebook.com\\\/maisonlawfirm\\\/\",\"https:\\\/\\\/www.linkedin.com\\\/in\\\/martin-gasparian-a9956516\\\/\",\"https:\\\/\\\/www.instagram.com\\\/maison_law\\\/\",\"https:\\\/\\\/www.youtube.com\\\/@maisonlaw\"],\"description\":\"Maison Law is a California Personal Injury Law Firm.\",\"legalName\":\"Maison Law\",\"foundingDate\":\"2014-01-01\",\"numberOfEmployees\":{\"@type\":\"QuantitativeValue\",\"minValue\":\"11\",\"maxValue\":\"50\"}}]}<\/script>\n<!-- \/ Yoast SEO Premium plugin. -->","yoast_head_json":{"title":"Estad\u00edsticas de accidentes de autom\u00f3vil en Fremont | Maison Law","description":"Fremont es una v\u00eda principal para el resto del \u00c1rea de la Bah\u00eda. Desde el movimiento constante de las carreteras interestatales hasta las concurridas","robots":{"index":"index","follow":"follow","max-snippet":"max-snippet:-1","max-image-preview":"max-image-preview:large","max-video-preview":"max-video-preview:-1"},"canonical":"https:\/\/maisonlaw.com\/es\/fremont\/accidentes\/estadisticas-de-accidentes\/","og_locale":"es_ES","og_type":"article","og_title":"Estad\u00edsticas de accidentes de autom\u00f3vil en Fremont","og_description":"Fremont es una v\u00eda principal para el resto del \u00c1rea de la Bah\u00eda. Desde el movimiento constante de las carreteras interestatales hasta las concurridas","og_url":"https:\/\/maisonlaw.com\/es\/fremont\/accidentes\/estadisticas-de-accidentes\/","og_site_name":"Maison Law","article_publisher":"https:\/\/www.facebook.com\/maisonlawfirm\/","article_modified_time":"2024-02-26T05:50:36+00:00","og_image":[{"width":1859,"height":1180,"url":"https:\/\/maisonlaw.com\/wp-content\/uploads\/2024\/02\/Fremont-Hit-And-Run-Drivers-stats.png","type":"image\/png"}],"twitter_card":"summary_large_image","twitter_misc":{"Tiempo de lectura":"5 minutos"},"schema":{"@context":"https:\/\/schema.org","@graph":[{"@type":"WebPage","@id":"https:\/\/maisonlaw.com\/es\/fremont\/accidentes\/estadisticas-de-accidentes\/","url":"https:\/\/maisonlaw.com\/es\/fremont\/accidentes\/estadisticas-de-accidentes\/","name":"Estad\u00edsticas de accidentes de autom\u00f3vil en Fremont | Maison Law","isPartOf":{"@id":"https:\/\/maisonlaw.com\/es\/#website"},"primaryImageOfPage":{"@id":"https:\/\/maisonlaw.com\/es\/fremont\/accidentes\/estadisticas-de-accidentes\/#primaryimage"},"image":{"@id":"https:\/\/maisonlaw.com\/es\/fremont\/accidentes\/estadisticas-de-accidentes\/#primaryimage"},"thumbnailUrl":"https:\/\/maisonlaw.com\/wp-content\/uploads\/2024\/02\/Fremont-Hit-And-Run-Drivers-stats.png","datePublished":"2024-02-26T05:48:09+00:00","dateModified":"2024-02-26T05:50:36+00:00","description":"Fremont es una v\u00eda principal para el resto del \u00c1rea de la Bah\u00eda. Desde el movimiento constante de las carreteras interestatales hasta las concurridas","breadcrumb":{"@id":"https:\/\/maisonlaw.com\/es\/fremont\/accidentes\/estadisticas-de-accidentes\/#breadcrumb"},"inLanguage":"es","potentialAction":[{"@type":"ReadAction","target":["https:\/\/maisonlaw.com\/es\/fremont\/accidentes\/estadisticas-de-accidentes\/"]}]},{"@type":"ImageObject","inLanguage":"es","@id":"https:\/\/maisonlaw.com\/es\/fremont\/accidentes\/estadisticas-de-accidentes\/#primaryimage","url":"https:\/\/maisonlaw.com\/wp-content\/uploads\/2024\/02\/Fremont-Hit-And-Run-Drivers-stats.png","contentUrl":"https:\/\/maisonlaw.com\/wp-content\/uploads\/2024\/02\/Fremont-Hit-And-Run-Drivers-stats.png","width":1859,"height":1180},{"@type":"BreadcrumbList","@id":"https:\/\/maisonlaw.com\/es\/fremont\/accidentes\/estadisticas-de-accidentes\/#breadcrumb","itemListElement":[{"@type":"ListItem","position":1,"name":"Home","item":"https:\/\/maisonlaw.com\/es\/"},{"@type":"ListItem","position":2,"name":"Abogado de Lesiones Personales en Fremont","item":"https:\/\/maisonlaw.com\/es\/fremont\/?lang=es"},{"@type":"ListItem","position":3,"name":"Abogado de accidentes de autom\u00f3vil en Fremont CA","item":"https:\/\/maisonlaw.com\/es\/fremont\/accidentes\/?lang=es"},{"@type":"ListItem","position":4,"name":"Estad\u00edsticas de accidentes de autom\u00f3vil en Fremont"}]},{"@type":"WebSite","@id":"https:\/\/maisonlaw.com\/es\/#website","url":"https:\/\/maisonlaw.com\/es\/","name":"Maison Law Accident and Injury Lawyers","description":"The Support You Need. The Settlement You Deserve.","publisher":{"@id":"https:\/\/maisonlaw.com\/es\/#organization"},"alternateName":"Maison Law","potentialAction":[{"@type":"SearchAction","target":{"@type":"EntryPoint","urlTemplate":"https:\/\/maisonlaw.com\/es\/?s={search_term_string}"},"query-input":{"@type":"PropertyValueSpecification","valueRequired":true,"valueName":"search_term_string"}}],"inLanguage":"es"},{"@type":"Organization","@id":"https:\/\/maisonlaw.com\/es\/#organization","name":"Maison Law Accident & Injury Attorneys","alternateName":"Maison Law","url":"https:\/\/maisonlaw.com\/es\/","logo":{"@type":"ImageObject","inLanguage":"es","@id":"https:\/\/maisonlaw.com\/es\/#\/schema\/logo\/image\/","url":"https:\/\/maisonlaw.com\/wp-content\/uploads\/2025\/06\/experiment-logo-opt.png","contentUrl":"https:\/\/maisonlaw.com\/wp-content\/uploads\/2025\/06\/experiment-logo-opt.png","width":1345,"height":294,"caption":"Maison Law Accident & Injury Attorneys"},"image":{"@id":"https:\/\/maisonlaw.com\/es\/#\/schema\/logo\/image\/"},"sameAs":["https:\/\/www.facebook.com\/maisonlawfirm\/","https:\/\/www.linkedin.com\/in\/martin-gasparian-a9956516\/","https:\/\/www.instagram.com\/maison_law\/","https:\/\/www.youtube.com\/@maisonlaw"],"description":"Maison Law is a California Personal Injury Law Firm.","legalName":"Maison Law","foundingDate":"2014-01-01","numberOfEmployees":{"@type":"QuantitativeValue","minValue":"11","maxValue":"50"}}]}},"_links":{"self":[{"href":"https:\/\/maisonlaw.com\/es\/wp-json\/wp\/v2\/pages\/32137","targetHints":{"allow":["GET"]}}],"collection":[{"href":"https:\/\/maisonlaw.com\/es\/wp-json\/wp\/v2\/pages"}],"about":[{"href":"https:\/\/maisonlaw.com\/es\/wp-json\/wp\/v2\/types\/page"}],"author":[{"embeddable":true,"href":"https:\/\/maisonlaw.com\/es\/wp-json\/wp\/v2\/users\/23"}],"replies":[{"embeddable":true,"href":"https:\/\/maisonlaw.com\/es\/wp-json\/wp\/v2\/comments?post=32137"}],"version-history":[{"count":4,"href":"https:\/\/maisonlaw.com\/es\/wp-json\/wp\/v2\/pages\/32137\/revisions"}],"predecessor-version":[{"id":32141,"href":"https:\/\/maisonlaw.com\/es\/wp-json\/wp\/v2\/pages\/32137\/revisions\/32141"}],"up":[{"embeddable":true,"href":"https:\/\/maisonlaw.com\/es\/wp-json\/wp\/v2\/pages\/32067"}],"wp:featuredmedia":[{"embeddable":true,"href":"https:\/\/maisonlaw.com\/es\/wp-json\/wp\/v2\/media\/31315"}],"wp:attachment":[{"href":"https:\/\/maisonlaw.com\/es\/wp-json\/wp\/v2\/media?parent=32137"}],"curies":[{"name":"wp","href":"https:\/\/api.w.org\/{rel}","templated":true}]}}