{"id":32122,"date":"2024-02-25T22:27:58","date_gmt":"2024-02-26T05:27:58","guid":{"rendered":"https:\/\/maisonlaw.com\/?page_id=32122"},"modified":"2024-02-25T22:32:02","modified_gmt":"2024-02-26T05:32:02","slug":"abogado-de-accidentes-por-resbalones-y-caidas-en-walmart-de-fremont","status":"publish","type":"page","link":"https:\/\/maisonlaw.com\/es\/fremont\/resbalon-y-caida\/abogado-de-accidentes-por-resbalones-y-caidas-en-walmart-de-fremont\/","title":{"rendered":"Abogado de accidentes por resbalones y ca\u00eddas en Walmart de Fremont"},"content":{"rendered":"\t\t<div data-elementor-type=\"wp-page\" data-elementor-id=\"32122\" class=\"elementor elementor-32122 elementor-31249\" data-elementor-post-type=\"page\">\n\t\t\t\t\t\t<section class=\"elementor-section elementor-top-section elementor-element elementor-element-6a6a1b3e elementor-section-boxed elementor-section-height-default elementor-section-height-default\" data-id=\"6a6a1b3e\" data-element_type=\"section\" data-e-type=\"section\">\n\t\t\t\t\t\t<div class=\"elementor-container elementor-column-gap-default\">\n\t\t\t\t\t<div class=\"elementor-column elementor-col-100 elementor-top-column elementor-element elementor-element-3ff13d0f\" data-id=\"3ff13d0f\" data-element_type=\"column\" data-e-type=\"column\">\n\t\t\t<div class=\"elementor-widget-wrap elementor-element-populated\">\n\t\t\t\t\t\t<div class=\"elementor-element elementor-element-569ca0bf elementor-widget elementor-widget-text-editor\" data-id=\"569ca0bf\" data-element_type=\"widget\" data-e-type=\"widget\" data-widget_type=\"text-editor.default\">\n\t\t\t\t<div class=\"elementor-widget-container\">\n\t\t\t\t\t\t\t\t\t<p>En Maison Law, tenemos una amplia experiencia en la representaci\u00f3n de v\u00edctimas de <a href=\"https:\/\/maisonlaw.com\/fremont\/resbalon-y-caida\/?lang=es\">accidentes por resbalones y ca\u00eddas<\/a>. Los resbalones y ca\u00eddas en Fremont, especialmente en lugares como Walmart, pueden provocar lesiones graves. Si usted ha sido lesionado en uno de estos desafortunados accidentes, nuestro equipo est\u00e1 aqu\u00ed para guiarle a trav\u00e9s del proceso de recuperaci\u00f3n. <a href=\"https:\/\/maisonlaw.com\/contacto\/?lang=es\">P\u00f3ngase en contacto con nosotros<\/a> para una consulta gratuita para entender sus opciones legales y obtener el apoyo que se merece.<\/p><h2>\u00bfPor qu\u00e9 necesitar\u00eda un abogado?<\/h2><p>En todo California, incluido en Fremont, no hay ninguna norma que diga que tiene que contratar a un abogado por un resbal\u00f3n y ca\u00edda leves. Si sus lesiones no son graves, puede solicitar asistencia directamente a Walmart y probablemente le pondr\u00e1n en contacto con su compa\u00f1\u00eda de seguros para que se encargue de todo. Sin embargo, si su ca\u00edda provoc\u00f3 lesiones graves o fue traum\u00e1tica, nuestro equipo est\u00e1 aqu\u00ed para proporcionarle la ayuda que necesitar\u00e1.<\/p><p>\u00a0<\/p><p>Nuestro bufete opera sobre una \u00abbase de contingencia\u00bb, lo que significa que no tendr\u00e1 que hacer frente a costes por adelantado. Nuestros honorarios proceden de un porcentaje del acuerdo o del veredicto del juicio. Esto le beneficia al evitarle gastos inmediatos, y nos motiva a trabajar diligentemente para maximizar el valor de su caso y cubrir nuestros costes. Dicho esto, necesitar un abogado depende de su situaci\u00f3n. Sin embargo, los beneficios pueden facilitarle mucho el proceso. He aqu\u00ed c\u00f3mo solemos enfocar estos casos:<\/p><ul><li><strong>Evaluar su reclamaci\u00f3n &#8211; <\/strong>Comprobaremos los detalles de su incidente para conocer la solidez de su caso.<\/li><\/ul><p><strong>\u00a0<\/strong><\/p><ul><li><strong>Orientaci\u00f3n jur\u00eddica &#8211; <\/strong>Le orientaremos sobre los pasos que debe dar en funci\u00f3n de su situaci\u00f3n.<\/li><\/ul><p><strong>\u00a0<\/strong><\/p><ul><li><strong>Recopilar pruebas &#8211; <\/strong>Reuniremos pruebas como v\u00eddeos o declaraciones de testigos para apoyar su caso.<\/li><\/ul><p><strong>\u00a0<\/strong><\/p><ul><li><strong>Negociar con Walmart &#8211; <\/strong>Hablaremos con Walmart y sus aseguradoras para intentar conseguir un acuerdo justo para usted.<\/li><\/ul><p><strong>\u00a0<\/strong><\/p><ul><li><strong>Apoyo en los tribunales &#8211; <\/strong>Si es necesario, estamos preparados para representarle en los tribunales.<\/li><\/ul><p><strong>\u00a0<\/strong><\/p><ul><li><strong>Construir un caso s\u00f3lido &#8211; <\/strong>Nuestro objetivo es asegurarnos de que obtiene el resultado que necesita por sus da\u00f1os y otras p\u00e9rdidas.<\/li><\/ul><p><strong>\u00a0<\/strong><\/p><ul><li><strong>Ocuparnos de las responsabilidades legales &#8211; <\/strong>Nos ocuparemos de todas las responsabilidades legales de su reclamaci\u00f3n, asegur\u00e1ndonos de que todo se haga correctamente y a tiempo. Esto le permitir\u00e1 centrarse en su recuperaci\u00f3n f\u00edsica.<\/li><\/ul><p>\u00a0<\/p><h2>\u00bfHasta qu\u00e9 punto es responsable Walmart?<\/h2><p>Cuando hay un resbal\u00f3n y ca\u00edda en un Walmart, la propia tienda va a ser parcialmente responsable, como m\u00ednimo. Cada negocio en Fremont tiene el deber de mantenerlo a usted y a otros compradores seguros, y cuando eso no sucede, la tienda y su gerencia cargar\u00e1n con alg\u00fan nivel de responsabilidad.<\/p><p>\u00a0<\/p><p>Para saber hasta qu\u00e9 punto son responsables, depende de si Walmart:<\/p><ul><li>Conoc\u00eda un problema o peligro potencial pero no lo solucion\u00f3.<\/li><li>Deber\u00eda haber conocido el problema pero no tom\u00f3 medidas razonables para solucionarlo.<\/li><\/ul><p>\u00a0<\/p><p>Aunque la responsabilidad depende de las circunstancias, las causas comunes que provocan lesiones y la responsabilidad potencial de Walmart incluyen:<\/p><ul><li>Suelos resbaladizos debido a fugas o derrames<\/li><li>Baldosas o superficies irregulares<\/li><li>Iluminaci\u00f3n insuficiente<\/li><li>Pasillos obstruidos<\/li><li>Alfombras da\u00f1adas<\/li><li>Personal sin la formaci\u00f3n adecuada o descuidado<\/li><\/ul><p><br \/>Walmart suele ser considerado responsable si alguna de estas condiciones provoca un accidente. Sin embargo, se tienen en cuenta factores legales como:<\/p><ul><li>\u00bfTen\u00eda permiso para estar all\u00ed legalmente?<\/li><li>\u00bfConoc\u00eda Walmart el peligro?<\/li><li>\u00bfQu\u00e9 medidas tom\u00f3 Walmart para solucionar el problema?<br \/><br \/><\/li><\/ul><p>Por ejemplo, si usted entra sin autorizaci\u00f3n, la responsabilidad de Walmart es menor. Pero si est\u00e1 de compras y resbala en un suelo mojado que la tienda conoc\u00eda pero no arregl\u00f3, es probable que Walmart sea responsable de sus lesiones.<\/p><p>\u00a0<\/p><p>M\u00faltiples partes, incluidos los empleados de Walmart, otros compradores, contratistas, fabricantes de productos e incluso empresas de seguridad, podr\u00edan compartir la responsabilidad con la tienda y la empresa. Identificar a todas las partes implicadas es crucial para su recuperaci\u00f3n global, pero <strong><em>sus<\/em><\/strong> acciones inmediatas tras el incidente desempe\u00f1an un papel crucial en la configuraci\u00f3n del proceso legal.<\/p><h2>\u00bfQu\u00e9 debe hacer?<\/h2><p>La cuesti\u00f3n de lo que tiene que hacer despu\u00e9s de un resbal\u00f3n y ca\u00edda en Walmart tambi\u00e9n va a depender de las circunstancias. Despu\u00e9s de todo, usted no entra en un Walmart y espera encontrarse con circunstancias en las que resulte herido. Sin embargo, si ocurre, he aqu\u00ed c\u00f3mo debe responder:<\/p><ul><li><strong>Pronta atenci\u00f3n m\u00e9dica &#8211; <\/strong>Busque r\u00e1pidamente atenci\u00f3n m\u00e9dica para evaluar las lesiones o da\u00f1os.<\/li><\/ul><p><strong>\u00a0<\/strong><\/p><ul><li><strong>Informe del incidente a la direcci\u00f3n de Walmart &#8211;<\/strong> Informe a la direcci\u00f3n de Walmart sobre el incidente para su documentaci\u00f3n oficial. Pueden crear un informe y revisar las im\u00e1genes de v\u00eddeo. Esto tambi\u00e9n les obligar\u00e1 a tomar medidas.<\/li><\/ul><p><strong>\u00a0<\/strong><\/p><ul><li><strong>Recogida de pruebas &#8211; <\/strong>Los incidentes de resbalones y ca\u00eddas en Walmart suelen dejar pruebas, como fotos y v\u00eddeos.<\/li><\/ul><p><strong>\u00a0<\/strong><\/p><ul><li><strong>Documentaci\u00f3n minuciosa &#8211; <\/strong>Documente cuidadosamente las lesiones y los detalles del incidente, incluyendo el lugar y cualquier se\u00f1al o advertencia sobre peligros potenciales.<\/li><\/ul><p><strong>\u00a0<\/strong><\/p><ul><li><strong>Mantenerse al d\u00eda con el tratamiento &#8211; <\/strong>Siga los consejos de tratamiento de su m\u00e9dico para evitar que las lesiones empeoren<strong>.<\/strong><\/li><\/ul><h3>Lesiones<\/h3><p>Siguiendo los pasos anteriores y aportando estas pruebas, nuestro equipo puede ayudarle a construir una demanda s\u00f3lida que aborde sus lesiones y los da\u00f1os resultantes del resbal\u00f3n y la ca\u00edda. Sin embargo, el alcance de su recuperaci\u00f3n depende de las circunstancias de su caso, en particular de la naturaleza de sus lesiones. En un resbal\u00f3n y ca\u00edda t\u00edpico, estas lesiones van desde:<\/p><ul><li>Las lesiones en la cabeza y el cerebro, como las conmociones cerebrales, las fracturas de cr\u00e1neo y las lesiones cerebrales traum\u00e1ticas (TBI), pueden producirse cuando la cabeza golpea el suelo u otro objeto durante una ca\u00edda.<\/li><\/ul><p>\u00a0<\/p><ul><li>Las lesiones en la espalda o la columna vertebral pueden causar par\u00e1lisis.<\/li><\/ul><p>\u00a0<\/p><ul><li>Las ca\u00eddas pueden provocar fracturas, especialmente en mu\u00f1ecas, brazos, caderas y tobillos.<\/li><\/ul><p>\u00a0<\/p><ul><li>Las lesiones de tejidos blandos, como esguinces, distensiones y contusiones, son habituales en la mayor\u00eda de los accidentes por resbal\u00f3n y ca\u00edda.<\/li><\/ul><p>\u00a0<\/p><ul><li>Pueden producirse cortes y hematomas en la cara, la cabeza y el cuerpo.<\/li><\/ul><p>\u00a0<\/p><ul><li>Los traumas emocionales, como la ansiedad, la depresi\u00f3n y el trastorno por estr\u00e9s postraum\u00e1tico (TEPT), tambi\u00e9n son una posible consecuencia.<\/li><\/ul><p>\u00a0<\/p><p>En todo el espectro de accidentes por resbalones y ca\u00eddas, usted puede realmente esperar enfrentarse a m\u00faltiples lesiones. Como resultado, el proceso legal se vuelve extremadamente importante para su recuperaci\u00f3n general al darle acceso a da\u00f1os y perjuicios.<\/p><p>\u00a0<\/p><p>Da\u00f1os en una reclamaci\u00f3n por resbal\u00f3n y ca\u00edda<\/p><p>Enfrentarse a Walmart en el sistema legal puede ser extremadamente intimidante. Como una de las empresas m\u00e1s grandes y rentables del mundo, Walmart cuenta con vastos recursos para defenderse de las demandas por lesiones que ocurren en sus tiendas. Pero es vital que entienda que no s\u00f3lo tiene la ley de su parte, sino que tambi\u00e9n puede contar con nuestro apoyo. En lo que respecta al proceso legal propiamente dicho, por lo general tiene estas opciones:<\/p><ul><li>Presentar una reclamaci\u00f3n a su compa\u00f1\u00eda de seguros, donde usted informa de su lesi\u00f3n a su proveedor de seguros y proporciona documentos esenciales como historiales m\u00e9dicos e informes policiales, cruciales si el caso llega a los tribunales.<\/li><\/ul><p>\u00a0<\/p><ul><li>Presente una reclamaci\u00f3n contra Walmart o el seguro de la parte culpable, donde usted busca un acuerdo con el seguro de Walmart para reclamaciones menores o resoluciones m\u00e1s r\u00e1pidas. Para reclamaciones mayores, puede ser necesaria una demanda formal.<\/li><\/ul><p>\u00a0<\/p><ul><li>Presentar una demanda, donde le ayudamos a presentar una demanda por lesiones personales ante un tribunal civil contra Walmart. Esto implica negociaci\u00f3n, litigio y posiblemente un juicio. El proceso de descubrimiento comienza despu\u00e9s de la presentaci\u00f3n, donde ambas partes intercambian informaci\u00f3n.<br \/><br \/><\/li><\/ul><p>Es crucial tener en cuenta que las reclamaciones por accidentes de resbal\u00f3n y ca\u00edda tienen un \u00abestatuto de limitaciones\u00bb, que requiere la presentaci\u00f3n dentro de los dos a\u00f1os siguientes a la fecha de la lesi\u00f3n. El incumplimiento de este plazo significa que no puede emprender acciones legales.<\/p><p>\u00a0<\/p><p>Sin embargo, una vez presentada, nuestro equipo le proporcionar\u00e1 un fuerte apoyo. Una reclamaci\u00f3n exitosa puede ayudar a recuperar el apoyo financiero vital conocido como \u00abda\u00f1os y perjuicios\u00bb. Normalmente, esto implica cosas como:<\/p><ul><li>Gastos m\u00e9dicos<\/li><li>Salarios perdidos o potencial de ingresos<\/li><li>Dolor y sufrimiento<\/li><li>Angustia emocional<\/li><li>Gastos relacionados con la p\u00e9rdida del disfrute de la vida o de la compa\u00f1\u00eda<br \/><br \/><\/li><\/ul><p>Aunque los incidentes de resbalones y ca\u00eddas pueden ocurrir con frecuencia en Walmart, cada caso es \u00fanico. Adem\u00e1s, el proceso legal puede ser intrincado y consumir mucho tiempo, pero nuestro equipo en Maison Law estar\u00e1 con usted en cada paso del camino.<\/p><h2>Abogados expertos en accidentes por resbalones y ca\u00eddas en Fremont<\/h2><p>En Maison Law, nuestros abogados experimentados en accidentes de resbal\u00f3n y ca\u00edda en Fremont entienden lo dif\u00edcil que puede ser lastimarse en Walmart. Con nuestra dedicaci\u00f3n y su confianza, nos aseguraremos de apoyar su caso.<\/p><p>\u00a0<\/p><p>Si ha sufrido un resbal\u00f3n y ca\u00edda en Walmart o en cualquier otro lugar de Fremont, <a href=\"https:\/\/maisonlaw.com\/contacto\/?lang=es\">p\u00f3ngase en contacto con nosotros<\/a> hoy mismo para concertar una consulta gratuita y sin compromiso.<\/p>\t\t\t\t\t\t\t\t<\/div>\n\t\t\t\t<\/div>\n\t\t\t\t\t<\/div>\n\t\t<\/div>\n\t\t\t\t\t<\/div>\n\t\t<\/section>\n\t\t\t\t<\/div>\n\t\t","protected":false},"excerpt":{"rendered":"<p>En Maison Law, tenemos una amplia experiencia en la representaci\u00f3n de v\u00edctimas de accidentes por resbalones y ca\u00eddas. Los resbalones y ca\u00eddas en Fremont, especialmente en lugares como Walmart, pueden provocar lesiones graves. Si usted ha sido lesionado en uno de estos desafortunados accidentes, nuestro equipo est\u00e1 aqu\u00ed para guiarle a trav\u00e9s del proceso de [&hellip;]<\/p>\n","protected":false},"author":23,"featured_media":0,"parent":32112,"menu_order":0,"comment_status":"closed","ping_status":"closed","template":"","meta":{"footnotes":""},"class_list":["post-32122","page","type-page","status-publish","hentry"],"yoast_head":"<!-- This site is optimized with the Yoast SEO Premium plugin v27.3 (Yoast SEO v27.3) - https:\/\/yoast.com\/product\/yoast-seo-premium-wordpress\/ -->\n<title>Abogado de accidentes por resbalones y ca\u00eddas en Walmart de Fremont | Maison Law<\/title>\n<meta name=\"description\" content=\"En Maison Law, tenemos una amplia experiencia en la representaci\u00f3n de v\u00edctimas de accidentes por resbalones y ca\u00eddas. Los resbalones y ca\u00eddas en Fremont,\" \/>\n<meta name=\"robots\" content=\"index, follow, max-snippet:-1, max-image-preview:large, max-video-preview:-1\" \/>\n<link rel=\"canonical\" href=\"https:\/\/maisonlaw.com\/es\/fremont\/resbalon-y-caida\/abogado-de-accidentes-por-resbalones-y-caidas-en-walmart-de-fremont\/\" \/>\n<meta property=\"og:locale\" content=\"es_ES\" \/>\n<meta property=\"og:type\" content=\"article\" \/>\n<meta property=\"og:title\" content=\"Abogado de accidentes por resbalones y ca\u00eddas en Walmart de Fremont\" \/>\n<meta property=\"og:description\" content=\"En Maison Law, tenemos una amplia experiencia en la representaci\u00f3n de v\u00edctimas de accidentes por resbalones y ca\u00eddas. Los resbalones y ca\u00eddas en Fremont,\" \/>\n<meta property=\"og:url\" content=\"https:\/\/maisonlaw.com\/es\/fremont\/resbalon-y-caida\/abogado-de-accidentes-por-resbalones-y-caidas-en-walmart-de-fremont\/\" \/>\n<meta property=\"og:site_name\" content=\"Maison Law\" \/>\n<meta property=\"article:publisher\" content=\"https:\/\/www.facebook.com\/maisonlawfirm\/\" \/>\n<meta property=\"article:modified_time\" content=\"2024-02-26T05:32:02+00:00\" \/>\n<meta name=\"twitter:card\" content=\"summary_large_image\" \/>\n<meta name=\"twitter:label1\" content=\"Tiempo de lectura\" \/>\n\t<meta name=\"twitter:data1\" content=\"7 minutos\" \/>\n<script type=\"application\/ld+json\" class=\"yoast-schema-graph\">{\"@context\":\"https:\\\/\\\/schema.org\",\"@graph\":[{\"@type\":\"WebPage\",\"@id\":\"https:\\\/\\\/maisonlaw.com\\\/es\\\/fremont\\\/resbalon-y-caida\\\/abogado-de-accidentes-por-resbalones-y-caidas-en-walmart-de-fremont\\\/\",\"url\":\"https:\\\/\\\/maisonlaw.com\\\/es\\\/fremont\\\/resbalon-y-caida\\\/abogado-de-accidentes-por-resbalones-y-caidas-en-walmart-de-fremont\\\/\",\"name\":\"Abogado de accidentes por resbalones y ca\u00eddas en Walmart de Fremont | Maison Law\",\"isPartOf\":{\"@id\":\"https:\\\/\\\/maisonlaw.com\\\/es\\\/#website\"},\"datePublished\":\"2024-02-26T05:27:58+00:00\",\"dateModified\":\"2024-02-26T05:32:02+00:00\",\"description\":\"En Maison Law, tenemos una amplia experiencia en la representaci\u00f3n de v\u00edctimas de accidentes por resbalones y ca\u00eddas. Los resbalones y ca\u00eddas en Fremont,\",\"breadcrumb\":{\"@id\":\"https:\\\/\\\/maisonlaw.com\\\/es\\\/fremont\\\/resbalon-y-caida\\\/abogado-de-accidentes-por-resbalones-y-caidas-en-walmart-de-fremont\\\/#breadcrumb\"},\"inLanguage\":\"es\",\"potentialAction\":[{\"@type\":\"ReadAction\",\"target\":[\"https:\\\/\\\/maisonlaw.com\\\/es\\\/fremont\\\/resbalon-y-caida\\\/abogado-de-accidentes-por-resbalones-y-caidas-en-walmart-de-fremont\\\/\"]}]},{\"@type\":\"BreadcrumbList\",\"@id\":\"https:\\\/\\\/maisonlaw.com\\\/es\\\/fremont\\\/resbalon-y-caida\\\/abogado-de-accidentes-por-resbalones-y-caidas-en-walmart-de-fremont\\\/#breadcrumb\",\"itemListElement\":[{\"@type\":\"ListItem\",\"position\":1,\"name\":\"Home\",\"item\":\"https:\\\/\\\/maisonlaw.com\\\/es\\\/\"},{\"@type\":\"ListItem\",\"position\":2,\"name\":\"Abogado de Lesiones Personales en Fremont\",\"item\":\"https:\\\/\\\/maisonlaw.com\\\/es\\\/fremont\\\/?lang=es\"},{\"@type\":\"ListItem\",\"position\":3,\"name\":\"Abogado de Accidentes de Resbal\u00f3n y Ca\u00edda en Fremont\",\"item\":\"https:\\\/\\\/maisonlaw.com\\\/es\\\/fremont\\\/resbalon-y-caida\\\/?lang=es\"},{\"@type\":\"ListItem\",\"position\":4,\"name\":\"Abogado de accidentes por resbalones y ca\u00eddas en Walmart de Fremont\"}]},{\"@type\":\"WebSite\",\"@id\":\"https:\\\/\\\/maisonlaw.com\\\/es\\\/#website\",\"url\":\"https:\\\/\\\/maisonlaw.com\\\/es\\\/\",\"name\":\"Maison Law Accident and Injury Lawyers\",\"description\":\"The Support You Need. The Settlement You Deserve.\",\"publisher\":{\"@id\":\"https:\\\/\\\/maisonlaw.com\\\/es\\\/#organization\"},\"alternateName\":\"Maison Law\",\"potentialAction\":[{\"@type\":\"SearchAction\",\"target\":{\"@type\":\"EntryPoint\",\"urlTemplate\":\"https:\\\/\\\/maisonlaw.com\\\/es\\\/?s={search_term_string}\"},\"query-input\":{\"@type\":\"PropertyValueSpecification\",\"valueRequired\":true,\"valueName\":\"search_term_string\"}}],\"inLanguage\":\"es\"},{\"@type\":\"Organization\",\"@id\":\"https:\\\/\\\/maisonlaw.com\\\/es\\\/#organization\",\"name\":\"Maison Law Accident & Injury Attorneys\",\"alternateName\":\"Maison Law\",\"url\":\"https:\\\/\\\/maisonlaw.com\\\/es\\\/\",\"logo\":{\"@type\":\"ImageObject\",\"inLanguage\":\"es\",\"@id\":\"https:\\\/\\\/maisonlaw.com\\\/es\\\/#\\\/schema\\\/logo\\\/image\\\/\",\"url\":\"https:\\\/\\\/maisonlaw.com\\\/wp-content\\\/uploads\\\/2025\\\/06\\\/experiment-logo-opt.png\",\"contentUrl\":\"https:\\\/\\\/maisonlaw.com\\\/wp-content\\\/uploads\\\/2025\\\/06\\\/experiment-logo-opt.png\",\"width\":1345,\"height\":294,\"caption\":\"Maison Law Accident & Injury Attorneys\"},\"image\":{\"@id\":\"https:\\\/\\\/maisonlaw.com\\\/es\\\/#\\\/schema\\\/logo\\\/image\\\/\"},\"sameAs\":[\"https:\\\/\\\/www.facebook.com\\\/maisonlawfirm\\\/\",\"https:\\\/\\\/www.linkedin.com\\\/in\\\/martin-gasparian-a9956516\\\/\",\"https:\\\/\\\/www.instagram.com\\\/maison_law\\\/\",\"https:\\\/\\\/www.youtube.com\\\/@maisonlaw\"],\"description\":\"Maison Law is a California Personal Injury Law Firm.\",\"legalName\":\"Maison Law\",\"foundingDate\":\"2014-01-01\",\"numberOfEmployees\":{\"@type\":\"QuantitativeValue\",\"minValue\":\"11\",\"maxValue\":\"50\"}}]}<\/script>\n<!-- \/ Yoast SEO Premium plugin. -->","yoast_head_json":{"title":"Abogado de accidentes por resbalones y ca\u00eddas en Walmart de Fremont | Maison Law","description":"En Maison Law, tenemos una amplia experiencia en la representaci\u00f3n de v\u00edctimas de accidentes por resbalones y ca\u00eddas. Los resbalones y ca\u00eddas en Fremont,","robots":{"index":"index","follow":"follow","max-snippet":"max-snippet:-1","max-image-preview":"max-image-preview:large","max-video-preview":"max-video-preview:-1"},"canonical":"https:\/\/maisonlaw.com\/es\/fremont\/resbalon-y-caida\/abogado-de-accidentes-por-resbalones-y-caidas-en-walmart-de-fremont\/","og_locale":"es_ES","og_type":"article","og_title":"Abogado de accidentes por resbalones y ca\u00eddas en Walmart de Fremont","og_description":"En Maison Law, tenemos una amplia experiencia en la representaci\u00f3n de v\u00edctimas de accidentes por resbalones y ca\u00eddas. Los resbalones y ca\u00eddas en Fremont,","og_url":"https:\/\/maisonlaw.com\/es\/fremont\/resbalon-y-caida\/abogado-de-accidentes-por-resbalones-y-caidas-en-walmart-de-fremont\/","og_site_name":"Maison Law","article_publisher":"https:\/\/www.facebook.com\/maisonlawfirm\/","article_modified_time":"2024-02-26T05:32:02+00:00","twitter_card":"summary_large_image","twitter_misc":{"Tiempo de lectura":"7 minutos"},"schema":{"@context":"https:\/\/schema.org","@graph":[{"@type":"WebPage","@id":"https:\/\/maisonlaw.com\/es\/fremont\/resbalon-y-caida\/abogado-de-accidentes-por-resbalones-y-caidas-en-walmart-de-fremont\/","url":"https:\/\/maisonlaw.com\/es\/fremont\/resbalon-y-caida\/abogado-de-accidentes-por-resbalones-y-caidas-en-walmart-de-fremont\/","name":"Abogado de accidentes por resbalones y ca\u00eddas en Walmart de Fremont | Maison Law","isPartOf":{"@id":"https:\/\/maisonlaw.com\/es\/#website"},"datePublished":"2024-02-26T05:27:58+00:00","dateModified":"2024-02-26T05:32:02+00:00","description":"En Maison Law, tenemos una amplia experiencia en la representaci\u00f3n de v\u00edctimas de accidentes por resbalones y ca\u00eddas. Los resbalones y ca\u00eddas en Fremont,","breadcrumb":{"@id":"https:\/\/maisonlaw.com\/es\/fremont\/resbalon-y-caida\/abogado-de-accidentes-por-resbalones-y-caidas-en-walmart-de-fremont\/#breadcrumb"},"inLanguage":"es","potentialAction":[{"@type":"ReadAction","target":["https:\/\/maisonlaw.com\/es\/fremont\/resbalon-y-caida\/abogado-de-accidentes-por-resbalones-y-caidas-en-walmart-de-fremont\/"]}]},{"@type":"BreadcrumbList","@id":"https:\/\/maisonlaw.com\/es\/fremont\/resbalon-y-caida\/abogado-de-accidentes-por-resbalones-y-caidas-en-walmart-de-fremont\/#breadcrumb","itemListElement":[{"@type":"ListItem","position":1,"name":"Home","item":"https:\/\/maisonlaw.com\/es\/"},{"@type":"ListItem","position":2,"name":"Abogado de Lesiones Personales en Fremont","item":"https:\/\/maisonlaw.com\/es\/fremont\/?lang=es"},{"@type":"ListItem","position":3,"name":"Abogado de Accidentes de Resbal\u00f3n y Ca\u00edda en Fremont","item":"https:\/\/maisonlaw.com\/es\/fremont\/resbalon-y-caida\/?lang=es"},{"@type":"ListItem","position":4,"name":"Abogado de accidentes por resbalones y ca\u00eddas en Walmart de Fremont"}]},{"@type":"WebSite","@id":"https:\/\/maisonlaw.com\/es\/#website","url":"https:\/\/maisonlaw.com\/es\/","name":"Maison Law Accident and Injury Lawyers","description":"The Support You Need. The Settlement You Deserve.","publisher":{"@id":"https:\/\/maisonlaw.com\/es\/#organization"},"alternateName":"Maison Law","potentialAction":[{"@type":"SearchAction","target":{"@type":"EntryPoint","urlTemplate":"https:\/\/maisonlaw.com\/es\/?s={search_term_string}"},"query-input":{"@type":"PropertyValueSpecification","valueRequired":true,"valueName":"search_term_string"}}],"inLanguage":"es"},{"@type":"Organization","@id":"https:\/\/maisonlaw.com\/es\/#organization","name":"Maison Law Accident & Injury Attorneys","alternateName":"Maison Law","url":"https:\/\/maisonlaw.com\/es\/","logo":{"@type":"ImageObject","inLanguage":"es","@id":"https:\/\/maisonlaw.com\/es\/#\/schema\/logo\/image\/","url":"https:\/\/maisonlaw.com\/wp-content\/uploads\/2025\/06\/experiment-logo-opt.png","contentUrl":"https:\/\/maisonlaw.com\/wp-content\/uploads\/2025\/06\/experiment-logo-opt.png","width":1345,"height":294,"caption":"Maison Law Accident & Injury Attorneys"},"image":{"@id":"https:\/\/maisonlaw.com\/es\/#\/schema\/logo\/image\/"},"sameAs":["https:\/\/www.facebook.com\/maisonlawfirm\/","https:\/\/www.linkedin.com\/in\/martin-gasparian-a9956516\/","https:\/\/www.instagram.com\/maison_law\/","https:\/\/www.youtube.com\/@maisonlaw"],"description":"Maison Law is a California Personal Injury Law Firm.","legalName":"Maison Law","foundingDate":"2014-01-01","numberOfEmployees":{"@type":"QuantitativeValue","minValue":"11","maxValue":"50"}}]}},"_links":{"self":[{"href":"https:\/\/maisonlaw.com\/es\/wp-json\/wp\/v2\/pages\/32122","targetHints":{"allow":["GET"]}}],"collection":[{"href":"https:\/\/maisonlaw.com\/es\/wp-json\/wp\/v2\/pages"}],"about":[{"href":"https:\/\/maisonlaw.com\/es\/wp-json\/wp\/v2\/types\/page"}],"author":[{"embeddable":true,"href":"https:\/\/maisonlaw.com\/es\/wp-json\/wp\/v2\/users\/23"}],"replies":[{"embeddable":true,"href":"https:\/\/maisonlaw.com\/es\/wp-json\/wp\/v2\/comments?post=32122"}],"version-history":[{"count":6,"href":"https:\/\/maisonlaw.com\/es\/wp-json\/wp\/v2\/pages\/32122\/revisions"}],"predecessor-version":[{"id":32128,"href":"https:\/\/maisonlaw.com\/es\/wp-json\/wp\/v2\/pages\/32122\/revisions\/32128"}],"up":[{"embeddable":true,"href":"https:\/\/maisonlaw.com\/es\/wp-json\/wp\/v2\/pages\/32112"}],"wp:attachment":[{"href":"https:\/\/maisonlaw.com\/es\/wp-json\/wp\/v2\/media?parent=32122"}],"curies":[{"name":"wp","href":"https:\/\/api.w.org\/{rel}","templated":true}]}}