{"id":32117,"date":"2024-02-25T22:25:05","date_gmt":"2024-02-26T05:25:05","guid":{"rendered":"https:\/\/maisonlaw.com\/?page_id=32117"},"modified":"2024-02-25T23:38:08","modified_gmt":"2024-02-26T06:38:08","slug":"uber","status":"publish","type":"page","link":"https:\/\/maisonlaw.com\/es\/fremont\/accidentes\/uber\/","title":{"rendered":"Abogado de Accidentes de Uber en Fremont"},"content":{"rendered":"\t\t<div data-elementor-type=\"wp-page\" data-elementor-id=\"32117\" class=\"elementor elementor-32117 elementor-31294\" data-elementor-post-type=\"page\">\n\t\t\t\t\t\t<section class=\"elementor-section elementor-top-section elementor-element elementor-element-7fcae627 elementor-section-boxed elementor-section-height-default elementor-section-height-default\" data-id=\"7fcae627\" data-element_type=\"section\" data-e-type=\"section\">\n\t\t\t\t\t\t<div class=\"elementor-container elementor-column-gap-default\">\n\t\t\t\t\t<div class=\"elementor-column elementor-col-100 elementor-top-column elementor-element elementor-element-3cce04b4\" data-id=\"3cce04b4\" data-element_type=\"column\" data-e-type=\"column\">\n\t\t\t<div class=\"elementor-widget-wrap elementor-element-populated\">\n\t\t\t\t\t\t<div class=\"elementor-element elementor-element-6c0efb13 elementor-widget elementor-widget-text-editor\" data-id=\"6c0efb13\" data-element_type=\"widget\" data-e-type=\"widget\" data-widget_type=\"text-editor.default\">\n\t\t\t\t<div class=\"elementor-widget-container\">\n\t\t\t\t\t\t\t\t\t<p>Si usted ha sido herido en un accidente de Uber en Fremont, nuestro equipo de <a href=\"https:\/\/maisonlaw.com\/fremont\/?lang=es\">abogados de lesiones personales<\/a> en Maison Law est\u00e1 listo para ayudarle. Un accidente de Uber es diferente de un accidente de autom\u00f3vil normal en que, muy probablemente, usted ser\u00e1 un pasajero. A\u00fan as\u00ed, las lesiones y otros da\u00f1os que podr\u00eda experimentar pueden tener un gran impacto en su vida. No lo dude. <a href=\"https:\/\/maisonlaw.com\/contacto\/?lang=es\">P\u00f3ngase en contacto con nosotros<\/a> hoy mismo para concertar una consulta gratuita y hablar de sus opciones.<\/p><h2>\u00bfQu\u00e9 pueden hacer nuestros abogados por usted?<\/h2><p>Una de las primeras preguntas que probablemente se plantee es si necesita o no la ayuda de un abogado. La respuesta depende de sus circunstancias. Si sus lesiones o el accidente en s\u00ed fueron leves, probablemente no necesite preocuparse por el aspecto legal de las cosas. Pero cuando ha resultado gravemente herido o hay problemas de responsabilidad, como es com\u00fan en los accidentes de Uber, nuestro equipo puede ayudarle definitivamente haciendo lo siguiente:<\/p><ul><li><strong>Darle apoyo legal &#8211; <\/strong>Respaldamos su decisi\u00f3n de emprender acciones legales y le proporcionamos una explicaci\u00f3n completa de sus derechos legales, opciones y lo que puede esperar. Su consulta inicial con nosotros es gratuita y no hay obligaci\u00f3n de contratarnos. Reconocemos la importancia de estar bien informado sobre lo que le espera. Nuestro equipo se compromete a asegurarse de que comprende los retos y aspectos a los que se enfrentar\u00e1.<\/li><\/ul><p><strong>\u00a0<\/strong><\/p><ul><li><strong>Determinar la responsabilidad &#8211; <\/strong>Los accidentes de Uber a menudo plantean cuestiones sobre la responsabilidad. Como pasajero, es posible que tenga que presentar una demanda contra el conductor de Uber y otros implicados en el accidente. Analizamos su caso, examinamos las pruebas y determinamos exactamente qui\u00e9n es responsable.<\/li><\/ul><p><strong>\u00a0<\/strong><\/p><ul><li><strong>Facilitar el proceso &#8211; <\/strong>Por encima de todo, nos esforzamos por simplificarle todo el proceso. Tanto si se trata de presentar una reclamaci\u00f3n al seguro, negociar con la aseguradora o iniciar un procedimiento judicial e interactuar con un abogado defensor, estamos aqu\u00ed para apoyarle.<\/li><\/ul><p><strong>\u00a0<\/strong><\/p><ul><li><strong>Maximizar el valor de su reclamaci\u00f3n &#8211; <\/strong>Nuestro equipo se enorgullece de nuestro enfoque dedicado a los accidentes de Uber, asegur\u00e1ndonos de evaluar adecuadamente y dar a su reclamaci\u00f3n el valor que le corresponde. Esto nos permite maximizar el valor total de su caso.<\/li><\/ul><p>Una vez superado este paso inicial, creemos que el hecho de que conozca bien el proceso puede facilitarle la decisi\u00f3n. Dicho esto, probablemente est\u00e9 lidiando con problemas f\u00edsicos y financieros m\u00e1s acuciantes derivados del accidente. Y esto empieza en cuanto se produce el accidente.<\/p><h2>Qu\u00e9 hacer tras un accidente con Uber<\/h2><p>Nadie espera un accidente cuando se sube a un Uber, pero es muy importante estar preparado. He aqu\u00ed algunos pasos sencillos a seguir tras un accidente de Uber que pueden proteger su reclamaci\u00f3n:<\/p><ul><li><strong>Compruebe si hay heridos y busque atenci\u00f3n m\u00e9dica &#8211; <\/strong>Inmediatamente despu\u00e9s del accidente, aseg\u00farese de comprobar si hay heridos, tanto usted como los dem\u00e1s. Si alguien est\u00e1 herido, llame inmediatamente al 911. Aunque no sienta dolor de inmediato, es crucial que reciba atenci\u00f3n m\u00e9dica. Algunas lesiones pueden no aparecer inmediatamente despu\u00e9s del accidente.<\/li><\/ul><p><strong>\u00a0<\/strong><\/p><ul><li><strong>Recopile informaci\u00f3n y recoja pruebas &#8211; <\/strong>Recopile detalles de todos los implicados, como nombres, informaci\u00f3n de contacto, n\u00fameros de matr\u00edcula, detalles del seguro y datos espec\u00edficos sobre los veh\u00edculos. Tome fotos o v\u00eddeos del lugar del accidente para documentar los da\u00f1os del veh\u00edculo, las condiciones de la carretera y cualquier lesi\u00f3n visible.<\/li><\/ul><p><strong>\u00a0<\/strong><\/p><ul><li><strong>Informe del accidente a Uber y a la polic\u00eda &#8211; <\/strong>Utilice la aplicaci\u00f3n de Uber para informar del accidente. Uber tiene un proceso espec\u00edfico para gestionar los accidentes con sus conductores, y crea un registro del incidente. Adem\u00e1s, llame a la polic\u00eda para que acudan al lugar del accidente. Recopilar\u00e1n informaci\u00f3n y crear\u00e1n un informe del accidente.<\/li><\/ul><h3>Da\u00f1os y perjuicios en una reclamaci\u00f3n<\/h3><p>A pesar de estos retos, nuestro equipo puede acompa\u00f1arle en cada paso del camino. Atravesar este proceso en solitario puede ser extremadamente dif\u00edcil, especialmente cuando el objetivo general, recuperar los da\u00f1os, es vital para mejorar su salud y bienestar. Normalmente, una reclamaci\u00f3n con \u00e9xito le permitir\u00e1 recuperar cosas como:<\/p><ul><li>Facturas m\u00e9dicas y otros gastos, incluso de tratamiento o terapia continuados<\/li><li>Costes relacionados con su dolor f\u00edsico, angustia emocional y sufrimiento mental por el accidente<\/li><li>P\u00e9rdida de ingresos por faltar al trabajo o p\u00e9rdida de potencial de ingresos<\/li><li>Costes de reparaci\u00f3n o sustituci\u00f3n de cualquier bien personal que haya resultado da\u00f1ado en el accidente<\/li><li>Costes relacionados con la reducci\u00f3n de su calidad de vida o de sus relaciones personales<\/li><\/ul><p>Como con cualquier reclamaci\u00f3n, tiene que presentarla dentro del plazo de prescripci\u00f3n de California. Actualmente, dispone de dos a\u00f1os desde la fecha del accidente para presentar su reclamaci\u00f3n. No presentarla dentro de este plazo significar\u00e1 que perder\u00e1 su derecho a recuperar estos da\u00f1os tan importantes.<\/p><h2>\u00bfEn qu\u00e9 se diferencian los accidentes de Uber?<\/h2><p>En t\u00e9rminos legales, un accidente de uber es igual que cualquier otro accidente de autom\u00f3vil. Si usted resulta herido debido a la negligencia de otra persona que caus\u00f3 el accidente, tiene derecho a presentar una demanda por lesiones. En t\u00e9rminos pr\u00e1cticos, sin embargo, un accidente de Uber tiene algunas cualidades que lo hacen diferente de los accidentes de autom\u00f3vil normales:<\/p><ul><li><strong>Cuestiones relacionadas con el seguro y la responsabilidad civil &#8211; <\/strong>Los conductores de Uber suelen considerarse contratistas independientes, y es posible que su seguro personal no cubra los accidentes que se produzcan mientras conducen para Uber. Uber proporciona cobertura de seguro, pero el proceso puede ser m\u00e1s complejo en comparaci\u00f3n con los accidentes de autom\u00f3vil normales.<\/li><\/ul><p><strong>\u00a0<\/strong><\/p><ul><li><strong>M\u00faltiples partes &#8211; <\/strong>En un accidente de Uber, pueden estar implicadas m\u00faltiples partes, incluido el conductor de Uber, pasajeros, otros conductores y peatones. Determinar la responsabilidad y tratar con m\u00faltiples compa\u00f1\u00edas de seguros puede a\u00f1adir complejidad al proceso de reclamaci\u00f3n.<\/li><\/ul><p><strong>\u00a0<\/strong><\/p><ul><li><strong>Procedimientos de Uber &#8211;<\/strong> Uber cuenta con procedimientos espec\u00edficos para gestionar los accidentes en los que se ven implicados sus conductores. Informar del accidente a trav\u00e9s de la aplicaci\u00f3n de Uber y navegar por su protocolo es diferente del proceso est\u00e1ndar para los accidentes de autom\u00f3vil normales.<\/li><\/ul><p><strong>\u00a0<\/strong><\/p><ul><li><strong>Desaf\u00edos con las pruebas &#8211; <\/strong>Recoger pruebas y documentar la escena del accidente puede ser m\u00e1s dif\u00edcil en los accidentes de Uber debido a la naturaleza transitoria de los servicios de viaje compartido. Los pasajeros pueden no tener acceso a la informaci\u00f3n necesaria y la r\u00e1pida resoluci\u00f3n del incidente puede dificultar la recopilaci\u00f3n de pruebas.<\/li><\/ul><p><strong>\u00a0<\/strong><\/p><ul><li><strong>Registros de uso de la aplicaci\u00f3n &#8211; <\/strong>En los accidentes de Uber, los registros de uso de la aplicaci\u00f3n pueden ser valiosas pruebas. Incluyen datos sobre la ubicaci\u00f3n del conductor, la velocidad y el horario del viaje, que pueden no estar disponibles en otros accidentes de autom\u00f3vil. Sin embargo, solicitar y finalmente obtener estos registros de Uber puede ser todo un reto.<\/li><\/ul><p>Como puede ver, hay ciertos aspectos que hacen que un accidente de Uber sea \u00fanico con respecto a otros accidentes de autom\u00f3vil. Esto significa que lo que usted puede necesitar hacer diferir\u00e1 de otros en accidentes similares. Al final del d\u00eda, sin embargo, usted tiene que entender que tiene derechos y opciones legales.<\/p><h2>Causas subyacentes de los accidentes de Uber<\/h2><p>Aunque llamar a un Uber le ofrece una gran flexibilidad y comodidad, en \u00faltima instancia es como cualquier otra situaci\u00f3n en la que usted es un pasajero. Lo que esto significa, en t\u00e9rminos muy reales, es que usted no tiene control sobre el veh\u00edculo real en el que viaja. M\u00e1s concretamente, esta falta de control le hace vulnerable a los accidentes, muchos de los cuales son causados por:<\/p><ul><li><strong>Conducci\u00f3n distra\u00edda &#8211; <\/strong>Los conductores de Uber tienen que lidiar con muchas distracciones, especialmente de la propia aplicaci\u00f3n, que proporciona indicaciones, notificaciones y otras cosas que pueden desviar su atenci\u00f3n de la carretera.<\/li><\/ul><p><strong>\u00a0<\/strong><\/p><ul><li><strong>Conducci\u00f3n temeraria &#8211; <\/strong>Como en cualquier accidente, la conducci\u00f3n temeraria por parte del conductor de Uber &#8211; exceso de velocidad, cambio imprudente de carril &#8211; causa accidentes con frecuencia.<\/li><\/ul><p><strong>\u00a0<\/strong><\/p><ul><li><strong>Fatiga &#8211; <\/strong>Los conductores de Uber que trabajan muchas horas pueden experimentar fatiga, lo que provoca lapsos de concentraci\u00f3n y un mayor riesgo de accidentes.<\/li><\/ul><p><strong>\u00a0<\/strong><\/p><ul><li><strong>Inexperiencia &#8211; <\/strong>Algunos conductores de Uber pueden carecer de experiencia, lo que les hace m\u00e1s susceptibles de sufrir accidentes, especialmente en condiciones de conducci\u00f3n dif\u00edciles.<\/li><\/ul><p><strong>\u00a0<\/strong><\/p><ul><li><strong>Mantenimiento deficiente &#8211; <\/strong>Muchos veh\u00edculos Uber est\u00e1n muy desgastados por tanto uso. Esto puede provocar accidentes por falta de mantenimiento o por aver\u00eda de las piezas.<\/li><\/ul><p>Si sufre un accidente con un Uber, podemos ayudarle a averiguar qui\u00e9n tiene la culpa y guiarle a lo largo del proceso. Ya sea que conduzca a un acuerdo con el seguro o a un juicio en la corte, estamos comprometidos a asegurarnos de que obtenga el resultado que se merece.<\/p><h2>Consultas gratuitas para v\u00edctimas de accidentes con Uber en Fremont<\/h2><p>Cuando se lesiona en un accidente de Uber en Fremont, puede recurrir a nuestro equipo en Maison Law. Tenemos la experiencia, la habilidad y los recursos que necesita para navegar con \u00e9xito el proceso de reclamaciones para obtener lo que se le debe. Estaremos encantados de explicarle sus opciones y lo que le espera. <a href=\"https:\/\/maisonlaw.com\/contacto\/?lang=es\">P\u00f3ngase en contacto con nosotros<\/a> hoy mismo para concertar su consulta gratuita.<\/p>\t\t\t\t\t\t\t\t<\/div>\n\t\t\t\t<\/div>\n\t\t\t\t\t<\/div>\n\t\t<\/div>\n\t\t\t\t\t<\/div>\n\t\t<\/section>\n\t\t\t\t<\/div>\n\t\t","protected":false},"excerpt":{"rendered":"<p>Si usted ha sido herido en un accidente de Uber en Fremont, nuestro equipo de abogados de lesiones personales en Maison Law est\u00e1 listo para ayudarle. Un accidente de Uber es diferente de un accidente de autom\u00f3vil normal en que, muy probablemente, usted ser\u00e1 un pasajero. A\u00fan as\u00ed, las lesiones y otros da\u00f1os que podr\u00eda [&hellip;]<\/p>\n","protected":false},"author":23,"featured_media":0,"parent":32067,"menu_order":0,"comment_status":"closed","ping_status":"closed","template":"","meta":{"footnotes":""},"class_list":["post-32117","page","type-page","status-publish","hentry"],"yoast_head":"<!-- This site is optimized with the Yoast SEO Premium plugin v27.3 (Yoast SEO v27.3) - https:\/\/yoast.com\/product\/yoast-seo-premium-wordpress\/ -->\n<title>Abogado de Accidentes de Uber en Fremont | Maison Law<\/title>\n<meta name=\"description\" content=\"Si usted ha sido herido en un accidente de Uber en Fremont, nuestro equipo de abogados de lesiones personales en Maison Law est\u00e1 listo para ayudarle. Un\" \/>\n<meta name=\"robots\" content=\"index, follow, max-snippet:-1, max-image-preview:large, max-video-preview:-1\" \/>\n<link rel=\"canonical\" href=\"https:\/\/maisonlaw.com\/es\/fremont\/accidentes\/uber\/\" \/>\n<meta property=\"og:locale\" content=\"es_ES\" \/>\n<meta property=\"og:type\" content=\"article\" \/>\n<meta property=\"og:title\" content=\"Abogado de Accidentes de Uber en Fremont\" \/>\n<meta property=\"og:description\" content=\"Si usted ha sido herido en un accidente de Uber en Fremont, nuestro equipo de abogados de lesiones personales en Maison Law est\u00e1 listo para ayudarle. Un\" \/>\n<meta property=\"og:url\" content=\"https:\/\/maisonlaw.com\/es\/fremont\/accidentes\/uber\/\" \/>\n<meta property=\"og:site_name\" content=\"Maison Law\" \/>\n<meta property=\"article:publisher\" content=\"https:\/\/www.facebook.com\/maisonlawfirm\/\" \/>\n<meta property=\"article:modified_time\" content=\"2024-02-26T06:38:08+00:00\" \/>\n<meta name=\"twitter:card\" content=\"summary_large_image\" \/>\n<meta name=\"twitter:label1\" content=\"Tiempo de lectura\" \/>\n\t<meta name=\"twitter:data1\" content=\"7 minutos\" \/>\n<script type=\"application\/ld+json\" class=\"yoast-schema-graph\">{\"@context\":\"https:\\\/\\\/schema.org\",\"@graph\":[{\"@type\":\"WebPage\",\"@id\":\"https:\\\/\\\/maisonlaw.com\\\/es\\\/fremont\\\/accidentes\\\/uber\\\/\",\"url\":\"https:\\\/\\\/maisonlaw.com\\\/es\\\/fremont\\\/accidentes\\\/uber\\\/\",\"name\":\"Abogado de Accidentes de Uber en Fremont | Maison Law\",\"isPartOf\":{\"@id\":\"https:\\\/\\\/maisonlaw.com\\\/es\\\/#website\"},\"datePublished\":\"2024-02-26T05:25:05+00:00\",\"dateModified\":\"2024-02-26T06:38:08+00:00\",\"description\":\"Si usted ha sido herido en un accidente de Uber en Fremont, nuestro equipo de abogados de lesiones personales en Maison Law est\u00e1 listo para ayudarle. Un\",\"breadcrumb\":{\"@id\":\"https:\\\/\\\/maisonlaw.com\\\/es\\\/fremont\\\/accidentes\\\/uber\\\/#breadcrumb\"},\"inLanguage\":\"es\",\"potentialAction\":[{\"@type\":\"ReadAction\",\"target\":[\"https:\\\/\\\/maisonlaw.com\\\/es\\\/fremont\\\/accidentes\\\/uber\\\/\"]}]},{\"@type\":\"BreadcrumbList\",\"@id\":\"https:\\\/\\\/maisonlaw.com\\\/es\\\/fremont\\\/accidentes\\\/uber\\\/#breadcrumb\",\"itemListElement\":[{\"@type\":\"ListItem\",\"position\":1,\"name\":\"Home\",\"item\":\"https:\\\/\\\/maisonlaw.com\\\/es\\\/\"},{\"@type\":\"ListItem\",\"position\":2,\"name\":\"Abogado de Lesiones Personales en Fremont\",\"item\":\"https:\\\/\\\/maisonlaw.com\\\/es\\\/fremont\\\/?lang=es\"},{\"@type\":\"ListItem\",\"position\":3,\"name\":\"Abogado de accidentes de autom\u00f3vil en Fremont CA\",\"item\":\"https:\\\/\\\/maisonlaw.com\\\/es\\\/fremont\\\/accidentes\\\/?lang=es\"},{\"@type\":\"ListItem\",\"position\":4,\"name\":\"Abogado de Accidentes de Uber en Fremont\"}]},{\"@type\":\"WebSite\",\"@id\":\"https:\\\/\\\/maisonlaw.com\\\/es\\\/#website\",\"url\":\"https:\\\/\\\/maisonlaw.com\\\/es\\\/\",\"name\":\"Maison Law Accident and Injury Lawyers\",\"description\":\"The Support You Need. The Settlement You Deserve.\",\"publisher\":{\"@id\":\"https:\\\/\\\/maisonlaw.com\\\/es\\\/#organization\"},\"alternateName\":\"Maison Law\",\"potentialAction\":[{\"@type\":\"SearchAction\",\"target\":{\"@type\":\"EntryPoint\",\"urlTemplate\":\"https:\\\/\\\/maisonlaw.com\\\/es\\\/?s={search_term_string}\"},\"query-input\":{\"@type\":\"PropertyValueSpecification\",\"valueRequired\":true,\"valueName\":\"search_term_string\"}}],\"inLanguage\":\"es\"},{\"@type\":\"Organization\",\"@id\":\"https:\\\/\\\/maisonlaw.com\\\/es\\\/#organization\",\"name\":\"Maison Law Accident & Injury Attorneys\",\"alternateName\":\"Maison Law\",\"url\":\"https:\\\/\\\/maisonlaw.com\\\/es\\\/\",\"logo\":{\"@type\":\"ImageObject\",\"inLanguage\":\"es\",\"@id\":\"https:\\\/\\\/maisonlaw.com\\\/es\\\/#\\\/schema\\\/logo\\\/image\\\/\",\"url\":\"https:\\\/\\\/maisonlaw.com\\\/wp-content\\\/uploads\\\/2025\\\/06\\\/experiment-logo-opt.png\",\"contentUrl\":\"https:\\\/\\\/maisonlaw.com\\\/wp-content\\\/uploads\\\/2025\\\/06\\\/experiment-logo-opt.png\",\"width\":1345,\"height\":294,\"caption\":\"Maison Law Accident & Injury Attorneys\"},\"image\":{\"@id\":\"https:\\\/\\\/maisonlaw.com\\\/es\\\/#\\\/schema\\\/logo\\\/image\\\/\"},\"sameAs\":[\"https:\\\/\\\/www.facebook.com\\\/maisonlawfirm\\\/\",\"https:\\\/\\\/www.linkedin.com\\\/in\\\/martin-gasparian-a9956516\\\/\",\"https:\\\/\\\/www.instagram.com\\\/maison_law\\\/\",\"https:\\\/\\\/www.youtube.com\\\/@maisonlaw\"],\"description\":\"Maison Law is a California Personal Injury Law Firm.\",\"legalName\":\"Maison Law\",\"foundingDate\":\"2014-01-01\",\"numberOfEmployees\":{\"@type\":\"QuantitativeValue\",\"minValue\":\"11\",\"maxValue\":\"50\"}}]}<\/script>\n<!-- \/ Yoast SEO Premium plugin. -->","yoast_head_json":{"title":"Abogado de Accidentes de Uber en Fremont | Maison Law","description":"Si usted ha sido herido en un accidente de Uber en Fremont, nuestro equipo de abogados de lesiones personales en Maison Law est\u00e1 listo para ayudarle. Un","robots":{"index":"index","follow":"follow","max-snippet":"max-snippet:-1","max-image-preview":"max-image-preview:large","max-video-preview":"max-video-preview:-1"},"canonical":"https:\/\/maisonlaw.com\/es\/fremont\/accidentes\/uber\/","og_locale":"es_ES","og_type":"article","og_title":"Abogado de Accidentes de Uber en Fremont","og_description":"Si usted ha sido herido en un accidente de Uber en Fremont, nuestro equipo de abogados de lesiones personales en Maison Law est\u00e1 listo para ayudarle. Un","og_url":"https:\/\/maisonlaw.com\/es\/fremont\/accidentes\/uber\/","og_site_name":"Maison Law","article_publisher":"https:\/\/www.facebook.com\/maisonlawfirm\/","article_modified_time":"2024-02-26T06:38:08+00:00","twitter_card":"summary_large_image","twitter_misc":{"Tiempo de lectura":"7 minutos"},"schema":{"@context":"https:\/\/schema.org","@graph":[{"@type":"WebPage","@id":"https:\/\/maisonlaw.com\/es\/fremont\/accidentes\/uber\/","url":"https:\/\/maisonlaw.com\/es\/fremont\/accidentes\/uber\/","name":"Abogado de Accidentes de Uber en Fremont | Maison Law","isPartOf":{"@id":"https:\/\/maisonlaw.com\/es\/#website"},"datePublished":"2024-02-26T05:25:05+00:00","dateModified":"2024-02-26T06:38:08+00:00","description":"Si usted ha sido herido en un accidente de Uber en Fremont, nuestro equipo de abogados de lesiones personales en Maison Law est\u00e1 listo para ayudarle. Un","breadcrumb":{"@id":"https:\/\/maisonlaw.com\/es\/fremont\/accidentes\/uber\/#breadcrumb"},"inLanguage":"es","potentialAction":[{"@type":"ReadAction","target":["https:\/\/maisonlaw.com\/es\/fremont\/accidentes\/uber\/"]}]},{"@type":"BreadcrumbList","@id":"https:\/\/maisonlaw.com\/es\/fremont\/accidentes\/uber\/#breadcrumb","itemListElement":[{"@type":"ListItem","position":1,"name":"Home","item":"https:\/\/maisonlaw.com\/es\/"},{"@type":"ListItem","position":2,"name":"Abogado de Lesiones Personales en Fremont","item":"https:\/\/maisonlaw.com\/es\/fremont\/?lang=es"},{"@type":"ListItem","position":3,"name":"Abogado de accidentes de autom\u00f3vil en Fremont CA","item":"https:\/\/maisonlaw.com\/es\/fremont\/accidentes\/?lang=es"},{"@type":"ListItem","position":4,"name":"Abogado de Accidentes de Uber en Fremont"}]},{"@type":"WebSite","@id":"https:\/\/maisonlaw.com\/es\/#website","url":"https:\/\/maisonlaw.com\/es\/","name":"Maison Law Accident and Injury Lawyers","description":"The Support You Need. The Settlement You Deserve.","publisher":{"@id":"https:\/\/maisonlaw.com\/es\/#organization"},"alternateName":"Maison Law","potentialAction":[{"@type":"SearchAction","target":{"@type":"EntryPoint","urlTemplate":"https:\/\/maisonlaw.com\/es\/?s={search_term_string}"},"query-input":{"@type":"PropertyValueSpecification","valueRequired":true,"valueName":"search_term_string"}}],"inLanguage":"es"},{"@type":"Organization","@id":"https:\/\/maisonlaw.com\/es\/#organization","name":"Maison Law Accident & Injury Attorneys","alternateName":"Maison Law","url":"https:\/\/maisonlaw.com\/es\/","logo":{"@type":"ImageObject","inLanguage":"es","@id":"https:\/\/maisonlaw.com\/es\/#\/schema\/logo\/image\/","url":"https:\/\/maisonlaw.com\/wp-content\/uploads\/2025\/06\/experiment-logo-opt.png","contentUrl":"https:\/\/maisonlaw.com\/wp-content\/uploads\/2025\/06\/experiment-logo-opt.png","width":1345,"height":294,"caption":"Maison Law Accident & Injury Attorneys"},"image":{"@id":"https:\/\/maisonlaw.com\/es\/#\/schema\/logo\/image\/"},"sameAs":["https:\/\/www.facebook.com\/maisonlawfirm\/","https:\/\/www.linkedin.com\/in\/martin-gasparian-a9956516\/","https:\/\/www.instagram.com\/maison_law\/","https:\/\/www.youtube.com\/@maisonlaw"],"description":"Maison Law is a California Personal Injury Law Firm.","legalName":"Maison Law","foundingDate":"2014-01-01","numberOfEmployees":{"@type":"QuantitativeValue","minValue":"11","maxValue":"50"}}]}},"_links":{"self":[{"href":"https:\/\/maisonlaw.com\/es\/wp-json\/wp\/v2\/pages\/32117","targetHints":{"allow":["GET"]}}],"collection":[{"href":"https:\/\/maisonlaw.com\/es\/wp-json\/wp\/v2\/pages"}],"about":[{"href":"https:\/\/maisonlaw.com\/es\/wp-json\/wp\/v2\/types\/page"}],"author":[{"embeddable":true,"href":"https:\/\/maisonlaw.com\/es\/wp-json\/wp\/v2\/users\/23"}],"replies":[{"embeddable":true,"href":"https:\/\/maisonlaw.com\/es\/wp-json\/wp\/v2\/comments?post=32117"}],"version-history":[{"count":7,"href":"https:\/\/maisonlaw.com\/es\/wp-json\/wp\/v2\/pages\/32117\/revisions"}],"predecessor-version":[{"id":32157,"href":"https:\/\/maisonlaw.com\/es\/wp-json\/wp\/v2\/pages\/32117\/revisions\/32157"}],"up":[{"embeddable":true,"href":"https:\/\/maisonlaw.com\/es\/wp-json\/wp\/v2\/pages\/32067"}],"wp:attachment":[{"href":"https:\/\/maisonlaw.com\/es\/wp-json\/wp\/v2\/media?parent=32117"}],"curies":[{"name":"wp","href":"https:\/\/api.w.org\/{rel}","templated":true}]}}