{"id":32098,"date":"2024-02-02T12:06:08","date_gmt":"2024-02-02T19:06:08","guid":{"rendered":"https:\/\/maisonlaw.com\/fremont\/truck-accidents\/"},"modified":"2024-02-25T23:39:50","modified_gmt":"2024-02-26T06:39:50","slug":"camiones","status":"publish","type":"page","link":"https:\/\/maisonlaw.com\/es\/fremont\/camiones\/","title":{"rendered":"Abogado de accidentes de camiones en Fremont"},"content":{"rendered":"\t\t<div data-elementor-type=\"wp-page\" data-elementor-id=\"32098\" class=\"elementor elementor-32098 elementor-31234\" data-elementor-post-type=\"page\">\n\t\t\t\t\t\t<section class=\"elementor-section elementor-top-section elementor-element elementor-element-43067f1e elementor-section-boxed elementor-section-height-default elementor-section-height-default\" data-id=\"43067f1e\" data-element_type=\"section\" data-e-type=\"section\">\n\t\t\t\t\t\t<div class=\"elementor-container elementor-column-gap-default\">\n\t\t\t\t\t<div class=\"elementor-column elementor-col-100 elementor-top-column elementor-element elementor-element-2c6fc269\" data-id=\"2c6fc269\" data-element_type=\"column\" data-e-type=\"column\">\n\t\t\t<div class=\"elementor-widget-wrap elementor-element-populated\">\n\t\t\t\t\t\t<div class=\"elementor-element elementor-element-45b926d7 elementor-widget elementor-widget-text-editor\" data-id=\"45b926d7\" data-element_type=\"widget\" data-e-type=\"widget\" data-widget_type=\"text-editor.default\">\n\t\t\t\t<div class=\"elementor-widget-container\">\n\t\t\t\t\t\t\t\t\t<p>Maison Law y nuestro equipo de abogados de accidentes de cami\u00f3n en Fremont pueden representarle si ha resultado herido en un accidente con un cami\u00f3n o furgoneta de reparto de Amazon. Le explicaremos el proceso legal y cu\u00e1les son sus opciones para recuperarse de sus lesiones y otros da\u00f1os. <a href=\"https:\/\/maisonlaw.com\/contacto\/?lang=es\">P\u00f3ngase en contacto con nosotros<\/a> hoy mismo para concertar una consulta gratuita y sin compromiso para obtener m\u00e1s informaci\u00f3n.<\/p><h2>\u00bfNecesita a nuestros abogados?<\/h2><p>Lo m\u00e1s importante tras un accidente con un cami\u00f3n de Amazon es su salud y bienestar. De hecho, para asegurarse de obtener la ayuda que necesita tras un accidente con un cami\u00f3n de reparto de Amazon, siga estos sencillos pasos:<\/p><ul><li><strong>Busque atenci\u00f3n m\u00e9dica &#8211; <\/strong>Busque ayuda m\u00e9dica inmediatamente, aunque no se sienta herido. Esto ayudar\u00e1 a determinar el alcance de sus lesiones y qu\u00e9 tratamiento podr\u00eda necesitar.<\/li><\/ul><p><strong>\u00a0<\/strong><\/p><ul><li><strong>Re\u00fana pruebas &#8211; <\/strong>Despu\u00e9s de informar del accidente a la polic\u00eda, haga fotos o v\u00eddeos con su tel\u00e9fono. Capte la escena, los da\u00f1os del veh\u00edculo y sus lesiones. Consiga tambi\u00e9n los datos de contacto y del seguro del conductor del Amazonas.<\/li><\/ul><p><strong>\u00a0<\/strong><\/p><ul><li><strong>Mant\u00e9ngase alerta &#8211; <\/strong>No admita la culpa en lo que dice. Lleve un registro de lo sucedido y anote si el conductor de Amazon admite que es culpa suya.<\/li><\/ul><h3>C\u00f3mo podemos ayudarle<\/h3><p>Recuerde que la ley le protege pase lo que pase. Sin embargo, si sigue estos pasos y trabaja con nuestro equipo, aumentar\u00e1 sus posibilidades de obtener el resultado que se merece del camionero de Amazon. Dicho esto, no hay un requisito en California que diga que necesita un abogado que le represente. Si su accidente o sus lesiones son leves, probablemente no necesite preocuparse por emprender acciones legales. Sin embargo, en el caso de que tenga lesiones m\u00e1s graves, podemos ayudarle:<\/p><ul><li><strong>Determinar qui\u00e9n es responsable &#8211; <\/strong>En un accidente de cami\u00f3n de Amazon, averiguar qui\u00e9n es legalmente responsable es crucial. A menudo, el conductor del cami\u00f3n no es empleado directo de Amazon, sino que trabaja como \u00abcontratista independiente\u00bb. Esto significa que son como cualquier otro conductor de veh\u00edculo privado cuando se trata del seguro. Nuestro equipo puede ayudarle a identificar la responsabilidad legal y guiarle en la presentaci\u00f3n de su reclamaci\u00f3n.<\/li><\/ul><p><strong>\u00a0<\/strong><\/p><ul><li><strong>Recopilaci\u00f3n de pruebas &#8211; <\/strong>La solidez de su reclamaci\u00f3n depende de las pruebas que presente. Podemos ayudarle a reunir elementos esenciales como historiales m\u00e9dicos, fotos, v\u00eddeos y otras pruebas cruciales para construir un caso s\u00f3lido.<\/li><\/ul><p><strong>\u00a0<\/strong><\/p><ul><li><strong>Hablar con el seguro &#8211; <\/strong>Tenernos a su lado es beneficioso a la hora de tratar con las compa\u00f1\u00edas de seguros, incluida potencialmente la de Amazon. Con nuestra experiencia, podemos sortear sus t\u00e1cticas para disminuir su reclamaci\u00f3n. Nos encargamos de hacer las demandas y de revisar las ofertas de acuerdo que pueda recibir.<\/li><\/ul><p><strong>\u00a0<\/strong><\/p><ul><li><strong>Proporcionarle apoyo &#8211; <\/strong>Nuestro principal objetivo es facilitarle todo el proceso. Aunque no podemos curarle f\u00edsicamente, podemos ponerle en una posici\u00f3n en la que su principal preocupaci\u00f3n sea su recuperaci\u00f3n. Legalmente, abogaremos por sus intereses durante todo el proceso.<\/li><\/ul><p>Independientemente de las causas espec\u00edficas de su accidente, existe un proceso definido para conseguir apoyo financiero para sus lesiones. Sin embargo, el proceso var\u00eda en funci\u00f3n de las circunstancias \u00fanicas de su accidente.<\/p><h2>Responsabilidad con un cami\u00f3n Amazon<\/h2><p>Como ya se ha mencionado, uno de los aspectos m\u00e1s dif\u00edciles de un accidente de cami\u00f3n en Amazon es averiguar qui\u00e9n es el responsable -o los responsables- de cubrir sus lesiones. En la mayor\u00eda de los casos, \u00e9ste va a ser el conductor del cami\u00f3n o furgoneta. Dado que probablemente est\u00e9 clasificado como \u00abcontratista independiente\u00bb, su cobertura de seguro personal (si la tiene) ser\u00e1 el medio principal por el que usted recuperar\u00e1 sus da\u00f1os.<\/p><p>Sin embargo, pueden intervenir otros, como:<\/p><ul><li>Amazon, sobre todo si el conductor est\u00e1 directamente empleado por ellos o si sus acciones desempe\u00f1aron un papel directo en el accidente.<\/li><li>El fabricante de las piezas del veh\u00edculo.<\/li><li>Otro conductor ajeno.<\/li><li>Personas que viajaban como pasajeros o peatones.<\/li><li>Diversos organismos gubernamentales.<\/li><\/ul><p>Averiguar todas las partes responsables es extremadamente importante para el desarrollo de su caso. Esto se debe a que usted tiene el derecho legal de presentar una demanda por lesiones contra <strong><em>cualquiera<\/em><\/strong> que haya realizado acciones que hayan contribuido a su accidente.<\/p><h2>Proceso de reclamaci\u00f3n y da\u00f1os y perjuicios<\/h2><p>Entrar en el proceso de reclamaciones suele significar hacer lo siguiente:<\/p><ul><li>Presentar una reclamaci\u00f3n al seguro<\/li><li>Presentar una demanda por da\u00f1os personales.<\/li><\/ul><p>Las circunstancias de su caso y sus necesidades van a determinar qu\u00e9 opci\u00f3n elegir\u00e1, pero por lo general, tendr\u00e1 que tomar ambas opciones. En cuanto al proceso en s\u00ed, la gran diferencia es que una reclamaci\u00f3n al seguro se produce fuera de los tribunales, mientras que una demanda es una acci\u00f3n legal formal que podr\u00eda presentarse ante un juez y un jurado.<\/p><ul><li><strong>Reclamaci\u00f3n al seguro &#8211; <\/strong>En una reclamaci\u00f3n al seguro, la compa\u00f1\u00eda investigar\u00e1 el incidente, reunir\u00e1 pruebas, recoger\u00e1 declaraciones y, finalmente, le propondr\u00e1 un acuerdo. Aunque puede aceptar su oferta, es posible que no cubra todos sus gastos, sobre todo si tiene lesiones importantes. En tales casos, puede plantearse seguir adelante con una demanda.<\/li><\/ul><p><strong>\u00a0<\/strong><\/p><ul><li><strong>Demanda &#8211; <\/strong>En una demanda, nuestro papel es representarle ante el tribunal. Esto implica presentar una demanda, asistir a las vistas, negociar con el equipo jur\u00eddico contrario y, potencialmente, representarle en un juicio.<\/li><\/ul><h3>Da\u00f1os y perjuicios<\/h3><p>Cada caso progresa de forma \u00fanica, pero esto sirve como visi\u00f3n general del proceso. El objetivo principal, sin embargo, es recuperar sus p\u00e9rdidas por el accidente, conocidas legalmente como \u00abda\u00f1os\u00bb. \u00c9stos tambi\u00e9n var\u00edan de un caso a otro y dependen de lo herido que est\u00e9 y del impacto que haya tenido el accidente en su vida. En uno de estos tipos de demandas, usted puede potencialmente recuperar cosas como:<\/p><ul><li>Costes m\u00e9dicos y gastos relacionados<\/li><li>P\u00e9rdida de ingresos por faltar al trabajo o p\u00e9rdida de ingresos potenciales<\/li><li>Angustia f\u00edsica y emocional<\/li><li>Angustia psicol\u00f3gica<\/li><li>Disminuci\u00f3n de la compa\u00f1\u00eda o del disfrute de la vida<\/li><li>Gastos funerarios en caso de accidente mortal<\/li><li>En ciertos casos, da\u00f1os punitivos<\/li><\/ul><p>Como ocurre con cualquier reclamaci\u00f3n por lesiones, si no la presenta dentro del plazo de prescripci\u00f3n de dos a\u00f1os de California a partir de la fecha del accidente, puede perder la oportunidad de recuperar estos da\u00f1os. Adem\u00e1s, se aplica la norma de negligencia comparativa de California, lo que significa que su posible recuperaci\u00f3n se reduce en funci\u00f3n del porcentaje de culpa que haya tenido en el accidente.<\/p><h2>\u00bfQu\u00e9 provoca los accidentes de camiones en Amazon?<\/h2><p>Cuando se detiene a considerar lo omnipresente que es Amazon, realmente no sorprende que los accidentes con sus veh\u00edculos de reparto sean tan comunes en Fremont. Probablemente usted mismo utiliza Amazon a diario o semanalmente. Pero lo que esto significa, en t\u00e9rminos muy reales, es que hay una flota masiva de camiones, furgonetas y conductores de Amazon por toda la ciudad. Esta demanda, a su vez, conduce a muchas de las causas subyacentes de los accidentes, como:<\/p><ul><li><strong>Horarios de entrega ajustados &#8211; <\/strong>Los conductores que se apresuran a cumplir los plazos de entrega pueden utilizar pr\u00e1cticas de conducci\u00f3n poco seguras.<\/li><\/ul><ul><li><strong>Inexperiencia &#8211; <\/strong>No conocer la ruta designada o el veh\u00edculo espec\u00edfico puede contribuir a los accidentes.<p>\u00a0<\/p><\/li><\/ul><ul><li><strong>Distracciones &#8211; <\/strong>Las distracciones, ya sea por dispositivos electr\u00f3nicos u otros factores, pueden desviar la atenci\u00f3n del conductor, aumentando el riesgo de accidente.<\/li><\/ul><ul><li><strong>Mantenimiento deficiente &#8211;<\/strong> Los camiones o furgonetas que no reciben un mantenimiento adecuado suponen un peligro, ya que pueden provocar accidentes debido a fallos mec\u00e1nicos.<\/li><\/ul><ul><li><strong>Factores externos &#8211; <\/strong>Otros conductores o lugares concurridos en la carretera pueden influir en la probabilidad de accidentes de veh\u00edculos Amazon<\/li><\/ul><ul><li><strong>Conducir por barrios desconocidos &#8211; <\/strong>Conducir por zonas residenciales desconocidas puede aumentar los riesgos de accidente, especialmente si se trata de peatones o ni\u00f1os en esos barrios.<\/li><\/ul><p>Como en cualquier situaci\u00f3n, cuanto m\u00e1s entienda sobre las posibles causas de un accidente de cami\u00f3n amaz\u00f3nico, m\u00e1s preparado podr\u00e1 estar. En t\u00e9rminos reales, lo que estos accidentes significan para usted son lesiones y un cambio en su forma de vivir la vida. Por eso el proceso legal es tan importante, y por eso nos tomamos en serio nuestra responsabilidad con usted.<\/p><h2>Elija Maison Law despu\u00e9s de un accidente de cami\u00f3n en Fremont Amazon<\/h2><p>Si usted o alguien que usted conoce ha sido herido en un accidente de cami\u00f3n de Amazon en Fremont, usted entiende lo impactante que puede ser la situaci\u00f3n. En Maison Law, estamos dedicados a dar a nuestros clientes la ayuda legal y el apoyo que necesitan. Con nuestra amplia experiencia en el trato con las compa\u00f1\u00edas de seguros, podemos ayudarle a obtener los da\u00f1os que debe recibir. <a href=\"https:\/\/maisonlaw.com\/contact\">P\u00f3ngase en contacto con nosotros<\/a> hoy mismo para una consulta gratuita.<\/p>\t\t\t\t\t\t\t\t<\/div>\n\t\t\t\t<\/div>\n\t\t\t\t\t<\/div>\n\t\t<\/div>\n\t\t\t\t\t<\/div>\n\t\t<\/section>\n\t\t\t\t<\/div>\n\t\t","protected":false},"excerpt":{"rendered":"<p>Maison Law y nuestro equipo de abogados de accidentes de cami\u00f3n en Fremont pueden representarle si ha resultado herido en un accidente con un cami\u00f3n o furgoneta de reparto de Amazon. Le explicaremos el proceso legal y cu\u00e1les son sus opciones para recuperarse de sus lesiones y otros da\u00f1os. P\u00f3ngase en contacto con nosotros hoy [&hellip;]<\/p>\n","protected":false},"author":10,"featured_media":0,"parent":6439,"menu_order":0,"comment_status":"closed","ping_status":"closed","template":"","meta":{"footnotes":""},"class_list":["post-32098","page","type-page","status-publish","hentry"],"yoast_head":"<!-- This site is optimized with the Yoast SEO Premium plugin v27.3 (Yoast SEO v27.3) - https:\/\/yoast.com\/product\/yoast-seo-premium-wordpress\/ -->\n<title>Abogado de accidentes de camiones en Fremont | Maison Law<\/title>\n<meta name=\"description\" content=\"A collision with a truck on a Fremont road can be devastating. Victims need to hold truck drivers and trucking companies liable.\" \/>\n<meta name=\"robots\" content=\"index, follow, max-snippet:-1, max-image-preview:large, max-video-preview:-1\" \/>\n<link rel=\"canonical\" href=\"https:\/\/maisonlaw.com\/es\/fremont\/camiones\/\" \/>\n<meta property=\"og:locale\" content=\"es_ES\" \/>\n<meta property=\"og:type\" content=\"article\" \/>\n<meta property=\"og:title\" content=\"Abogado de accidentes de camiones en Fremont\" \/>\n<meta property=\"og:description\" content=\"A collision with a truck on a Fremont road can be devastating. Victims need to hold truck drivers and trucking companies liable.\" \/>\n<meta property=\"og:url\" content=\"https:\/\/maisonlaw.com\/es\/fremont\/camiones\/\" \/>\n<meta property=\"og:site_name\" content=\"Maison Law\" \/>\n<meta property=\"article:publisher\" content=\"https:\/\/www.facebook.com\/maisonlawfirm\/\" \/>\n<meta property=\"article:modified_time\" content=\"2024-02-26T06:39:50+00:00\" \/>\n<meta name=\"twitter:card\" content=\"summary_large_image\" \/>\n<meta name=\"twitter:label1\" content=\"Tiempo de lectura\" \/>\n\t<meta name=\"twitter:data1\" content=\"7 minutos\" \/>\n<script type=\"application\/ld+json\" class=\"yoast-schema-graph\">{\"@context\":\"https:\\\/\\\/schema.org\",\"@graph\":[{\"@type\":\"WebPage\",\"@id\":\"https:\\\/\\\/maisonlaw.com\\\/es\\\/fremont\\\/camiones\\\/\",\"url\":\"https:\\\/\\\/maisonlaw.com\\\/es\\\/fremont\\\/camiones\\\/\",\"name\":\"Abogado de accidentes de camiones en Fremont | Maison Law\",\"isPartOf\":{\"@id\":\"https:\\\/\\\/maisonlaw.com\\\/es\\\/#website\"},\"datePublished\":\"2024-02-02T19:06:08+00:00\",\"dateModified\":\"2024-02-26T06:39:50+00:00\",\"description\":\"A collision with a truck on a Fremont road can be devastating. Victims need to hold truck drivers and trucking companies liable.\",\"breadcrumb\":{\"@id\":\"https:\\\/\\\/maisonlaw.com\\\/es\\\/fremont\\\/camiones\\\/#breadcrumb\"},\"inLanguage\":\"es\",\"potentialAction\":[{\"@type\":\"ReadAction\",\"target\":[\"https:\\\/\\\/maisonlaw.com\\\/es\\\/fremont\\\/camiones\\\/\"]}]},{\"@type\":\"BreadcrumbList\",\"@id\":\"https:\\\/\\\/maisonlaw.com\\\/es\\\/fremont\\\/camiones\\\/#breadcrumb\",\"itemListElement\":[{\"@type\":\"ListItem\",\"position\":1,\"name\":\"Home\",\"item\":\"https:\\\/\\\/maisonlaw.com\\\/es\\\/\"},{\"@type\":\"ListItem\",\"position\":2,\"name\":\"Abogado de Lesiones Personales en Fremont\",\"item\":\"https:\\\/\\\/maisonlaw.com\\\/es\\\/fremont\\\/?lang=es\"},{\"@type\":\"ListItem\",\"position\":3,\"name\":\"Abogado de accidentes de camiones en Fremont\"}]},{\"@type\":\"WebSite\",\"@id\":\"https:\\\/\\\/maisonlaw.com\\\/es\\\/#website\",\"url\":\"https:\\\/\\\/maisonlaw.com\\\/es\\\/\",\"name\":\"Maison Law Accident and Injury Lawyers\",\"description\":\"The Support You Need. The Settlement You Deserve.\",\"publisher\":{\"@id\":\"https:\\\/\\\/maisonlaw.com\\\/es\\\/#organization\"},\"alternateName\":\"Maison Law\",\"potentialAction\":[{\"@type\":\"SearchAction\",\"target\":{\"@type\":\"EntryPoint\",\"urlTemplate\":\"https:\\\/\\\/maisonlaw.com\\\/es\\\/?s={search_term_string}\"},\"query-input\":{\"@type\":\"PropertyValueSpecification\",\"valueRequired\":true,\"valueName\":\"search_term_string\"}}],\"inLanguage\":\"es\"},{\"@type\":\"Organization\",\"@id\":\"https:\\\/\\\/maisonlaw.com\\\/es\\\/#organization\",\"name\":\"Maison Law Accident & Injury Attorneys\",\"alternateName\":\"Maison Law\",\"url\":\"https:\\\/\\\/maisonlaw.com\\\/es\\\/\",\"logo\":{\"@type\":\"ImageObject\",\"inLanguage\":\"es\",\"@id\":\"https:\\\/\\\/maisonlaw.com\\\/es\\\/#\\\/schema\\\/logo\\\/image\\\/\",\"url\":\"https:\\\/\\\/maisonlaw.com\\\/wp-content\\\/uploads\\\/2025\\\/06\\\/experiment-logo-opt.png\",\"contentUrl\":\"https:\\\/\\\/maisonlaw.com\\\/wp-content\\\/uploads\\\/2025\\\/06\\\/experiment-logo-opt.png\",\"width\":1345,\"height\":294,\"caption\":\"Maison Law Accident & Injury Attorneys\"},\"image\":{\"@id\":\"https:\\\/\\\/maisonlaw.com\\\/es\\\/#\\\/schema\\\/logo\\\/image\\\/\"},\"sameAs\":[\"https:\\\/\\\/www.facebook.com\\\/maisonlawfirm\\\/\",\"https:\\\/\\\/www.linkedin.com\\\/in\\\/martin-gasparian-a9956516\\\/\",\"https:\\\/\\\/www.instagram.com\\\/maison_law\\\/\",\"https:\\\/\\\/www.youtube.com\\\/@maisonlaw\"],\"description\":\"Maison Law is a California Personal Injury Law Firm.\",\"legalName\":\"Maison Law\",\"foundingDate\":\"2014-01-01\",\"numberOfEmployees\":{\"@type\":\"QuantitativeValue\",\"minValue\":\"11\",\"maxValue\":\"50\"}}]}<\/script>\n<!-- \/ Yoast SEO Premium plugin. -->","yoast_head_json":{"title":"Abogado de accidentes de camiones en Fremont | Maison Law","description":"A collision with a truck on a Fremont road can be devastating. Victims need to hold truck drivers and trucking companies liable.","robots":{"index":"index","follow":"follow","max-snippet":"max-snippet:-1","max-image-preview":"max-image-preview:large","max-video-preview":"max-video-preview:-1"},"canonical":"https:\/\/maisonlaw.com\/es\/fremont\/camiones\/","og_locale":"es_ES","og_type":"article","og_title":"Abogado de accidentes de camiones en Fremont","og_description":"A collision with a truck on a Fremont road can be devastating. Victims need to hold truck drivers and trucking companies liable.","og_url":"https:\/\/maisonlaw.com\/es\/fremont\/camiones\/","og_site_name":"Maison Law","article_publisher":"https:\/\/www.facebook.com\/maisonlawfirm\/","article_modified_time":"2024-02-26T06:39:50+00:00","twitter_card":"summary_large_image","twitter_misc":{"Tiempo de lectura":"7 minutos"},"schema":{"@context":"https:\/\/schema.org","@graph":[{"@type":"WebPage","@id":"https:\/\/maisonlaw.com\/es\/fremont\/camiones\/","url":"https:\/\/maisonlaw.com\/es\/fremont\/camiones\/","name":"Abogado de accidentes de camiones en Fremont | Maison Law","isPartOf":{"@id":"https:\/\/maisonlaw.com\/es\/#website"},"datePublished":"2024-02-02T19:06:08+00:00","dateModified":"2024-02-26T06:39:50+00:00","description":"A collision with a truck on a Fremont road can be devastating. Victims need to hold truck drivers and trucking companies liable.","breadcrumb":{"@id":"https:\/\/maisonlaw.com\/es\/fremont\/camiones\/#breadcrumb"},"inLanguage":"es","potentialAction":[{"@type":"ReadAction","target":["https:\/\/maisonlaw.com\/es\/fremont\/camiones\/"]}]},{"@type":"BreadcrumbList","@id":"https:\/\/maisonlaw.com\/es\/fremont\/camiones\/#breadcrumb","itemListElement":[{"@type":"ListItem","position":1,"name":"Home","item":"https:\/\/maisonlaw.com\/es\/"},{"@type":"ListItem","position":2,"name":"Abogado de Lesiones Personales en Fremont","item":"https:\/\/maisonlaw.com\/es\/fremont\/?lang=es"},{"@type":"ListItem","position":3,"name":"Abogado de accidentes de camiones en Fremont"}]},{"@type":"WebSite","@id":"https:\/\/maisonlaw.com\/es\/#website","url":"https:\/\/maisonlaw.com\/es\/","name":"Maison Law Accident and Injury Lawyers","description":"The Support You Need. The Settlement You Deserve.","publisher":{"@id":"https:\/\/maisonlaw.com\/es\/#organization"},"alternateName":"Maison Law","potentialAction":[{"@type":"SearchAction","target":{"@type":"EntryPoint","urlTemplate":"https:\/\/maisonlaw.com\/es\/?s={search_term_string}"},"query-input":{"@type":"PropertyValueSpecification","valueRequired":true,"valueName":"search_term_string"}}],"inLanguage":"es"},{"@type":"Organization","@id":"https:\/\/maisonlaw.com\/es\/#organization","name":"Maison Law Accident & Injury Attorneys","alternateName":"Maison Law","url":"https:\/\/maisonlaw.com\/es\/","logo":{"@type":"ImageObject","inLanguage":"es","@id":"https:\/\/maisonlaw.com\/es\/#\/schema\/logo\/image\/","url":"https:\/\/maisonlaw.com\/wp-content\/uploads\/2025\/06\/experiment-logo-opt.png","contentUrl":"https:\/\/maisonlaw.com\/wp-content\/uploads\/2025\/06\/experiment-logo-opt.png","width":1345,"height":294,"caption":"Maison Law Accident & Injury Attorneys"},"image":{"@id":"https:\/\/maisonlaw.com\/es\/#\/schema\/logo\/image\/"},"sameAs":["https:\/\/www.facebook.com\/maisonlawfirm\/","https:\/\/www.linkedin.com\/in\/martin-gasparian-a9956516\/","https:\/\/www.instagram.com\/maison_law\/","https:\/\/www.youtube.com\/@maisonlaw"],"description":"Maison Law is a California Personal Injury Law Firm.","legalName":"Maison Law","foundingDate":"2014-01-01","numberOfEmployees":{"@type":"QuantitativeValue","minValue":"11","maxValue":"50"}}]}},"_links":{"self":[{"href":"https:\/\/maisonlaw.com\/es\/wp-json\/wp\/v2\/pages\/32098","targetHints":{"allow":["GET"]}}],"collection":[{"href":"https:\/\/maisonlaw.com\/es\/wp-json\/wp\/v2\/pages"}],"about":[{"href":"https:\/\/maisonlaw.com\/es\/wp-json\/wp\/v2\/types\/page"}],"author":[{"embeddable":true,"href":"https:\/\/maisonlaw.com\/es\/wp-json\/wp\/v2\/users\/10"}],"replies":[{"embeddable":true,"href":"https:\/\/maisonlaw.com\/es\/wp-json\/wp\/v2\/comments?post=32098"}],"version-history":[{"count":7,"href":"https:\/\/maisonlaw.com\/es\/wp-json\/wp\/v2\/pages\/32098\/revisions"}],"predecessor-version":[{"id":32160,"href":"https:\/\/maisonlaw.com\/es\/wp-json\/wp\/v2\/pages\/32098\/revisions\/32160"}],"up":[{"embeddable":true,"href":"https:\/\/maisonlaw.com\/es\/wp-json\/wp\/v2\/pages\/6439"}],"wp:attachment":[{"href":"https:\/\/maisonlaw.com\/es\/wp-json\/wp\/v2\/media?parent=32098"}],"curies":[{"name":"wp","href":"https:\/\/api.w.org\/{rel}","templated":true}]}}