{"id":32089,"date":"2024-02-25T21:40:09","date_gmt":"2024-02-26T04:40:09","guid":{"rendered":"https:\/\/maisonlaw.com\/?page_id=32089"},"modified":"2024-02-25T22:44:35","modified_gmt":"2024-02-26T05:44:35","slug":"bicicleta","status":"publish","type":"page","link":"https:\/\/maisonlaw.com\/es\/fremont\/bicicleta\/","title":{"rendered":"Abogado de Accidente de Bicicleta en Fremont CA"},"content":{"rendered":"\t\t<div data-elementor-type=\"wp-page\" data-elementor-id=\"32089\" class=\"elementor elementor-32089 elementor-31244\" data-elementor-post-type=\"page\">\n\t\t\t\t\t\t<section class=\"elementor-section elementor-top-section elementor-element elementor-element-387fd541 elementor-section-boxed elementor-section-height-default elementor-section-height-default\" data-id=\"387fd541\" data-element_type=\"section\" data-e-type=\"section\">\n\t\t\t\t\t\t<div class=\"elementor-container elementor-column-gap-default\">\n\t\t\t\t\t<div class=\"elementor-column elementor-col-100 elementor-top-column elementor-element elementor-element-5743475e\" data-id=\"5743475e\" data-element_type=\"column\" data-e-type=\"column\">\n\t\t\t<div class=\"elementor-widget-wrap elementor-element-populated\">\n\t\t\t\t\t\t<div class=\"elementor-element elementor-element-39d619cf elementor-widget elementor-widget-text-editor\" data-id=\"39d619cf\" data-element_type=\"widget\" data-e-type=\"widget\" data-widget_type=\"text-editor.default\">\n\t\t\t\t<div class=\"elementor-widget-container\">\n\t\t\t\t\t\t\t\t\t<p>Maison Law representa a ciclistas de Fremont despu\u00e9s de que hayan resultado heridos en accidentes por los errores de conductores imprudentes. Nuestros abogados especializados en accidentes de bicicleta se comprometen a ayudar a las v\u00edctimas de colisiones de bicicleta a conseguir la ayuda para la recuperaci\u00f3n que necesitan para volver a montar en sus bicicletas despu\u00e9s de haber sido golpeados. Para saber lo que deber\u00eda exigir a la aseguradora del autom\u00f3vil del conductor culpable, <a href=\"https:\/\/maisonlaw.com\/contacto\/?lang=es\">p\u00f3ngase en contacto con un abogado<\/a> local experto y programe una consulta gratuita. Es una forma sin riesgo de determinar cu\u00e1nto vale su lesi\u00f3n y c\u00f3mo hacer plenamente responsable a un conductor negligente.<\/p><h2>Peligros de accidente de bicicleta en las calles de Fremont<\/h2><p>Los ciclistas locales disfrutan de carriles bici y senderos por toda la ciudad. Cuando tienen que circular junto a autom\u00f3viles y camiones, tambi\u00e9n pueden aprovechar los carriles bici separados como los que hay a lo largo del bulevar Fremont. Pero ni siquiera los carriles bici ofrecen una protecci\u00f3n completa frente a las imprudencias que pueden cometer los conductores locales.<\/p><p>La ley de California otorga a los ciclistas el mismo derecho a los carriles que a todos los automovilistas. Pero contar con que los conductores distra\u00eddos y con exceso de velocidad muestren precauci\u00f3n cuando comparten los carriles es a menudo un riesgo que asusta. Un conductor que mira el m\u00f3vil puede olvidarse de comprobar los retrovisores y los \u00e1ngulos muertos y girar a la derecha delante de un ciclista. Los conductores con prisas pueden girar a la izquierda delante del ciclista que se aproxima y al que no han tenido tiempo de mirar.<\/p><p>Los peligros se extienden a nuestros barrios, donde nuestros hijos pueden estar dando un paseo. Los conductores locales suelen correr por calles tranquilas sin pensar en el ciclista, joven o viejo, que pueden encontrarse por el camino.<\/p><p>Sabemos que estos accidentes de bicicleta ocurren continuamente aqu\u00ed porque hay datos que demuestran lo problem\u00e1tico que es. En 2022, las autoridades de transporte de California <a href=\"https:\/\/tims.berkeley.edu\/\">registraron<\/a> la escandalosa cifra de 58 colisiones de ciclistas con heridos graves en Fremont. Al menos una v\u00edctima mortal fue el resultado de esos accidentes. Al menos 2 ciclistas perdieron la vida en 2021. Estamos a la espera de los totales definitivos de los accidentes de bicicleta de 2023 para ver si los \u00edndices de colisiones siguen siendo elevados.<\/p><h2>\u00bfC\u00f3mo puede ayudarme un abogado tras un accidente de bicicleta?<\/h2><p>Los ciclistas que se ven obligados a chocar suelen sufrir impactos con un autom\u00f3vil y con la superficie de la carretera. Pueden salir con quemaduras de la calzada, rotura de huesos faciales y p\u00e9rdida de dientes, o una lesi\u00f3n cerebral traum\u00e1tica (LCT). Si su lesi\u00f3n es grave, debe hablar con un abogado especializado en accidentes de bicicleta de Fremont.<\/p><p>Los proveedores de seguros de autom\u00f3viles har\u00e1n todo lo posible por limitar la indemnizaci\u00f3n que reciba por su recuperaci\u00f3n. Su abogado de Maison Law ser\u00e1 una salvaguarda contra este tipo de trato. Su abogado tambi\u00e9n tendr\u00e1 pruebas preparadas cuando un ajustador de seguros intente culparle de lo ocurrido. Tambi\u00e9n necesitar\u00e1 protecci\u00f3n cuando una compa\u00f1\u00eda de seguros intente restarle importancia a sus lesiones y defraudarle en sus facturas m\u00e9dicas.<\/p><p>Su abogado respalda su reclamaci\u00f3n con pruebas s\u00f3lidas y luego exige lo m\u00e1ximo posible por sus lesiones. Un cheque de indemnizaci\u00f3n por accidente de bicicleta debe ser suficiente para cubrir sus facturas m\u00e9dicas ahora y para pagar cualquier cuidado que necesite en el futuro. Cuando reciba una oferta de acuerdo \u00aba la baja\u00bb, su abogado le ayudar\u00e1 a rechazarla y a exigir m\u00e1s.<\/p><h2>Conseguir la m\u00e1xima indemnizaci\u00f3n posible tras un accidente de peat\u00f3n<\/h2><p>Tras una colisi\u00f3n, las v\u00edctimas de accidentes de bicicleta anteponen la seguridad. Deben llegar a un lugar seguro a lo largo de la carretera si es posible y llamar al 911 si resultan heridas.<\/p><p>Las v\u00edctimas que queden f\u00edsicamente lo suficientemente fuertes como para mantenerse en pie deben intentar sacar fotos del lugar de sus accidentes. Deben hacer fotos de la bicicleta da\u00f1ada, de los da\u00f1os del autom\u00f3vil y de cualquier herida visible. Deber\u00edan mostrar un casco de bicicleta si lo llevan puesto. Las v\u00edctimas tambi\u00e9n deben obtener informaci\u00f3n de contacto de todos los testigos.<\/p><p>Estas valiosas pruebas ser\u00e1n clave para responsabilizar plenamente al conductor culpable y a la compa\u00f1\u00eda de seguros del autom\u00f3vil del conductor. Un abogado especializado en accidentes de bicicleta presentar\u00e1 estas pruebas en una demanda para respaldar la solicitud de indemnizaci\u00f3n por todas las dificultades que hayan sufrido la v\u00edctima y su familia.<\/p><p>Estos y otros da\u00f1os se tienen en cuenta a la hora de negociar la cuant\u00eda de un cheque de indemnizaci\u00f3n por accidente de bicicleta:<\/p><ul><li>Facturas m\u00e9dicas pasadas y futuras<\/li><li>P\u00e9rdida de ingresos pasada y futura<\/li><li>Cualquier desfiguraci\u00f3n permanente<\/li><li>Cualquier discapacidad permanente<\/li><li>Dolor y sufrimiento<\/li><li>Trauma emocional<\/li><li>P\u00e9rdida del disfrute de la vida mientras no pueda montar en bicicleta<\/li><li>Reparaci\u00f3n o sustituci\u00f3n de la bicicleta<\/li><li>Prestaciones por muerte por negligencia. En los peores accidentes, las familias pueden perder a un ser querido muy preciado. Pueden buscar justicia para el ciclista fallecido mediante una demanda por homicidio culposo. La familia debe recibir ayuda para pagar los gastos de entierro y las facturas m\u00e9dicas pendientes. Tambi\u00e9n deben recibir apoyo para el futuro, cuando se queden sin la orientaci\u00f3n y los cuidados que un ser querido les habr\u00eda seguido proporcionando.<\/li><\/ul>\t\t\t\t\t\t\t\t<\/div>\n\t\t\t\t<\/div>\n\t\t\t\t\t<\/div>\n\t\t<\/div>\n\t\t\t\t\t<\/div>\n\t\t<\/section>\n\t\t\t\t<section class=\"elementor-section elementor-top-section elementor-element elementor-element-511b2e8 elementor-section-boxed elementor-section-height-default elementor-section-height-default\" data-id=\"511b2e8\" data-element_type=\"section\" data-e-type=\"section\">\n\t\t\t\t\t\t<div class=\"elementor-container elementor-column-gap-default\">\n\t\t\t\t\t<div class=\"elementor-column elementor-col-100 elementor-top-column elementor-element elementor-element-932b3be\" data-id=\"932b3be\" data-element_type=\"column\" data-e-type=\"column\">\n\t\t\t<div class=\"elementor-widget-wrap elementor-element-populated\">\n\t\t\t\t\t\t<div class=\"elementor-element elementor-element-e8fda64 elementor-widget elementor-widget-heading\" data-id=\"e8fda64\" data-element_type=\"widget\" data-e-type=\"widget\" data-widget_type=\"heading.default\">\n\t\t\t\t<div class=\"elementor-widget-container\">\n\t\t\t\t\t<h2 class=\"elementor-heading-title elementor-size-default\">Preguntas frecuentes<br><\/h2>\t\t\t\t<\/div>\n\t\t\t\t<\/div>\n\t\t\t\t\t<\/div>\n\t\t<\/div>\n\t\t\t\t\t<\/div>\n\t\t<\/section>\n\t\t\t\t<section class=\"elementor-section elementor-top-section elementor-element elementor-element-d4816c2 elementor-section-boxed elementor-section-height-default elementor-section-height-default\" data-id=\"d4816c2\" data-element_type=\"section\" data-e-type=\"section\">\n\t\t\t\t\t\t<div class=\"elementor-container elementor-column-gap-default\">\n\t\t\t\t\t<div class=\"elementor-column elementor-col-100 elementor-top-column elementor-element elementor-element-0d5ca87\" data-id=\"0d5ca87\" data-element_type=\"column\" data-e-type=\"column\">\n\t\t\t<div class=\"elementor-widget-wrap elementor-element-populated\">\n\t\t\t\t\t\t<div class=\"elementor-element elementor-element-2eee173 elementor-widget elementor-widget-toggle\" data-id=\"2eee173\" data-element_type=\"widget\" data-e-type=\"widget\" data-widget_type=\"toggle.default\">\n\t\t\t\t<div class=\"elementor-widget-container\">\n\t\t\t\t\t\t\t<div class=\"elementor-toggle\">\n\t\t\t\t\t\t\t<div class=\"elementor-toggle-item\">\n\t\t\t\t\t<div id=\"elementor-tab-title-4921\" class=\"elementor-tab-title\" data-tab=\"1\" role=\"button\" aria-controls=\"elementor-tab-content-4921\" aria-expanded=\"false\">\n\t\t\t\t\t\t\t\t\t\t\t\t<span class=\"elementor-toggle-icon elementor-toggle-icon-left\" aria-hidden=\"true\">\n\t\t\t\t\t\t\t\t\t\t\t\t\t\t\t<span class=\"elementor-toggle-icon-closed\"><i class=\"fas fa-caret-right\"><\/i><\/span>\n\t\t\t\t\t\t\t\t<span class=\"elementor-toggle-icon-opened\"><i class=\"elementor-toggle-icon-opened fas fa-caret-up\"><\/i><\/span>\n\t\t\t\t\t\t\t\t\t\t\t\t\t<\/span>\n\t\t\t\t\t\t\t\t\t\t\t\t<a class=\"elementor-toggle-title\" tabindex=\"0\">\u00bfQu\u00e9 tipo de apoyo necesitan los ni\u00f1os tras un accidente de bicicleta?<\/a>\n\t\t\t\t\t<\/div>\n\n\t\t\t\t\t<div id=\"elementor-tab-content-4921\" class=\"elementor-tab-content elementor-clearfix\" data-tab=\"1\" role=\"region\" aria-labelledby=\"elementor-tab-title-4921\"><p>Su abogado luchar\u00eda por conseguir una indemnizaci\u00f3n completa para pagar los mejores cuidados disponibles para su hijo. Su abogado tambi\u00e9n buscar\u00eda apoyo para los a\u00f1os venideros. Una lesi\u00f3n en bicicleta puede afectar al desarrollo del ni\u00f1o en el futuro y podr\u00eda ser necesaria la cirug\u00eda y la terapia.<\/p><\/div>\n\t\t\t\t<\/div>\n\t\t\t\t\t\t\t<div class=\"elementor-toggle-item\">\n\t\t\t\t\t<div id=\"elementor-tab-title-4922\" class=\"elementor-tab-title\" data-tab=\"2\" role=\"button\" aria-controls=\"elementor-tab-content-4922\" aria-expanded=\"false\">\n\t\t\t\t\t\t\t\t\t\t\t\t<span class=\"elementor-toggle-icon elementor-toggle-icon-left\" aria-hidden=\"true\">\n\t\t\t\t\t\t\t\t\t\t\t\t\t\t\t<span class=\"elementor-toggle-icon-closed\"><i class=\"fas fa-caret-right\"><\/i><\/span>\n\t\t\t\t\t\t\t\t<span class=\"elementor-toggle-icon-opened\"><i class=\"elementor-toggle-icon-opened fas fa-caret-up\"><\/i><\/span>\n\t\t\t\t\t\t\t\t\t\t\t\t\t<\/span>\n\t\t\t\t\t\t\t\t\t\t\t\t<a class=\"elementor-toggle-title\" tabindex=\"0\">\u00bfDe cu\u00e1nto tiempo dispongo para presentar una demanda por lesiones en accidente de bicicleta?<\/a>\n\t\t\t\t\t<\/div>\n\n\t\t\t\t\t<div id=\"elementor-tab-content-4922\" class=\"elementor-tab-content elementor-clearfix\" data-tab=\"2\" role=\"region\" aria-labelledby=\"elementor-tab-title-4922\"><p>El plazo de prescripci\u00f3n de una lesi\u00f3n por accidente de bicicleta es de dos a\u00f1os. Si espera m\u00e1s tiempo para presentar una reclamaci\u00f3n a una compa\u00f1\u00eda de seguros, \u00e9sta suele estar autorizada a rechazarla. Las facturas de su recuperaci\u00f3n podr\u00edan ser de su entera responsabilidad.<\/p><\/div>\n\t\t\t\t<\/div>\n\t\t\t\t\t\t\t<div class=\"elementor-toggle-item\">\n\t\t\t\t\t<div id=\"elementor-tab-title-4923\" class=\"elementor-tab-title\" data-tab=\"3\" role=\"button\" aria-controls=\"elementor-tab-content-4923\" aria-expanded=\"false\">\n\t\t\t\t\t\t\t\t\t\t\t\t<span class=\"elementor-toggle-icon elementor-toggle-icon-left\" aria-hidden=\"true\">\n\t\t\t\t\t\t\t\t\t\t\t\t\t\t\t<span class=\"elementor-toggle-icon-closed\"><i class=\"fas fa-caret-right\"><\/i><\/span>\n\t\t\t\t\t\t\t\t<span class=\"elementor-toggle-icon-opened\"><i class=\"elementor-toggle-icon-opened fas fa-caret-up\"><\/i><\/span>\n\t\t\t\t\t\t\t\t\t\t\t\t\t<\/span>\n\t\t\t\t\t\t\t\t\t\t\t\t<a class=\"elementor-toggle-title\" tabindex=\"0\">\u00bfY si no puedo permitirme pagar a un abogado especializado en accidentes de bicicleta?<\/a>\n\t\t\t\t\t<\/div>\n\n\t\t\t\t\t<div id=\"elementor-tab-content-4923\" class=\"elementor-tab-content elementor-clearfix\" data-tab=\"3\" role=\"region\" aria-labelledby=\"elementor-tab-title-4923\"><p>A\u00fan puede permitirse contratar a un abogado de Maison Law para salvaguardar su caso. No cobramos a menos que ganemos su caso por usted. Entonces nuestros honorarios salen del cheque de liquidaci\u00f3n que usted reciba.<\/p><\/div>\n\t\t\t\t<\/div>\n\t\t\t\t\t\t\t\t<\/div>\n\t\t\t\t\t\t<\/div>\n\t\t\t\t<\/div>\n\t\t\t\t\t<\/div>\n\t\t<\/div>\n\t\t\t\t\t<\/div>\n\t\t<\/section>\n\t\t\t\t<section class=\"elementor-section elementor-top-section elementor-element elementor-element-8772c10 elementor-section-boxed elementor-section-height-default elementor-section-height-default\" data-id=\"8772c10\" data-element_type=\"section\" data-e-type=\"section\">\n\t\t\t\t\t\t<div class=\"elementor-container elementor-column-gap-default\">\n\t\t\t\t\t<div class=\"elementor-column elementor-col-100 elementor-top-column elementor-element elementor-element-1ea46cb\" data-id=\"1ea46cb\" data-element_type=\"column\" data-e-type=\"column\">\n\t\t\t<div class=\"elementor-widget-wrap elementor-element-populated\">\n\t\t\t\t\t\t<div class=\"elementor-element elementor-element-b6a1757 elementor-widget elementor-widget-heading\" data-id=\"b6a1757\" data-element_type=\"widget\" data-e-type=\"widget\" data-widget_type=\"heading.default\">\n\t\t\t\t<div class=\"elementor-widget-container\">\n\t\t\t\t\t<h2 class=\"elementor-heading-title elementor-size-default\">Contacte con un abogado de accidentes de bicicleta en Fremont<\/h2>\t\t\t\t<\/div>\n\t\t\t\t<\/div>\n\t\t\t\t\t<\/div>\n\t\t<\/div>\n\t\t\t\t\t<\/div>\n\t\t<\/section>\n\t\t\t\t<section class=\"elementor-section elementor-top-section elementor-element elementor-element-d7d55e2 elementor-section-boxed elementor-section-height-default elementor-section-height-default\" data-id=\"d7d55e2\" data-element_type=\"section\" data-e-type=\"section\">\n\t\t\t\t\t\t<div class=\"elementor-container elementor-column-gap-default\">\n\t\t\t\t\t<div class=\"elementor-column elementor-col-100 elementor-top-column elementor-element elementor-element-926d8ea\" data-id=\"926d8ea\" data-element_type=\"column\" data-e-type=\"column\">\n\t\t\t<div class=\"elementor-widget-wrap elementor-element-populated\">\n\t\t\t\t\t\t<div class=\"elementor-element elementor-element-ff1334e elementor-widget elementor-widget-text-editor\" data-id=\"ff1334e\" data-element_type=\"widget\" data-e-type=\"widget\" data-widget_type=\"text-editor.default\">\n\t\t\t\t<div class=\"elementor-widget-container\">\n\t\t\t\t\t\t\t\t\t<p><a href=\"https:\/\/maisonlaw.com\/contacto\/?lang=es\"><span lang=\"ES-VE\">P\u00f3ngase en contacto<\/span><\/a><span lang=\"ES-VE\">\u00a0con Maison Law para programar una<br \/>consulta gratuita y sin compromiso con un abogado de accidentes de bicicleta en<br \/>Fremont. Queremos escuchar lo que te pas\u00f3. Vamos a responder a sus preguntas y<br \/>asegurarse de que son plenamente conscientes de los beneficios disponibles para<br \/>usted y su familia.<\/span><\/p><p><span lang=\"ES-VE\">En Maison<br \/>Law, creemos que los ciclistas deben tener el apoyo para pagar la mejor<br \/>atenci\u00f3n m\u00e9dica disponible. Buscamos lo que sea necesario para ayudar a los<br \/>ciclistas a curarse y volver a montar en bicicleta.<\/span><\/p>\t\t\t\t\t\t\t\t<\/div>\n\t\t\t\t<\/div>\n\t\t\t\t\t<\/div>\n\t\t<\/div>\n\t\t\t\t\t<\/div>\n\t\t<\/section>\n\t\t\t\t<\/div>\n\t\t","protected":false},"excerpt":{"rendered":"<p>Maison Law representa a ciclistas de Fremont despu\u00e9s de que hayan resultado heridos en accidentes por los errores de conductores imprudentes. Nuestros abogados especializados en accidentes de bicicleta se comprometen a ayudar a las v\u00edctimas de colisiones de bicicleta a conseguir la ayuda para la recuperaci\u00f3n que necesitan para volver a montar en sus bicicletas [&hellip;]<\/p>\n","protected":false},"author":10,"featured_media":0,"parent":6439,"menu_order":0,"comment_status":"closed","ping_status":"closed","template":"","meta":{"footnotes":""},"class_list":["post-32089","page","type-page","status-publish","hentry"],"yoast_head":"<!-- This site is optimized with the Yoast SEO Premium plugin v27.3 (Yoast SEO v27.3) - https:\/\/yoast.com\/product\/yoast-seo-premium-wordpress\/ -->\n<title>Abogado de Accidente de Bicicleta en Fremont CA | Maison Law<\/title>\n<meta name=\"description\" content=\"Cyclists in Fremont are put at risk by careless drivers. They must seek full compensation when a collision leaves them with an injury.\" \/>\n<meta name=\"robots\" content=\"index, follow, max-snippet:-1, max-image-preview:large, max-video-preview:-1\" \/>\n<link rel=\"canonical\" href=\"https:\/\/maisonlaw.com\/es\/fremont\/bicicleta\/\" \/>\n<meta property=\"og:locale\" content=\"es_ES\" \/>\n<meta property=\"og:type\" content=\"article\" \/>\n<meta property=\"og:title\" content=\"Abogado de Accidente de Bicicleta en Fremont CA\" \/>\n<meta property=\"og:description\" content=\"Cyclists in Fremont are put at risk by careless drivers. They must seek full compensation when a collision leaves them with an injury.\" \/>\n<meta property=\"og:url\" content=\"https:\/\/maisonlaw.com\/es\/fremont\/bicicleta\/\" \/>\n<meta property=\"og:site_name\" content=\"Maison Law\" \/>\n<meta property=\"article:publisher\" content=\"https:\/\/www.facebook.com\/maisonlawfirm\/\" \/>\n<meta property=\"article:modified_time\" content=\"2024-02-26T05:44:35+00:00\" \/>\n<meta name=\"twitter:card\" content=\"summary_large_image\" \/>\n<meta name=\"twitter:label1\" content=\"Tiempo de lectura\" \/>\n\t<meta name=\"twitter:data1\" content=\"6 minutos\" \/>\n<script type=\"application\/ld+json\" class=\"yoast-schema-graph\">{\"@context\":\"https:\\\/\\\/schema.org\",\"@graph\":[{\"@type\":\"WebPage\",\"@id\":\"https:\\\/\\\/maisonlaw.com\\\/es\\\/fremont\\\/bicicleta\\\/\",\"url\":\"https:\\\/\\\/maisonlaw.com\\\/es\\\/fremont\\\/bicicleta\\\/\",\"name\":\"Abogado de Accidente de Bicicleta en Fremont CA | Maison Law\",\"isPartOf\":{\"@id\":\"https:\\\/\\\/maisonlaw.com\\\/es\\\/#website\"},\"datePublished\":\"2024-02-26T04:40:09+00:00\",\"dateModified\":\"2024-02-26T05:44:35+00:00\",\"description\":\"Cyclists in Fremont are put at risk by careless drivers. They must seek full compensation when a collision leaves them with an injury.\",\"breadcrumb\":{\"@id\":\"https:\\\/\\\/maisonlaw.com\\\/es\\\/fremont\\\/bicicleta\\\/#breadcrumb\"},\"inLanguage\":\"es\",\"potentialAction\":[{\"@type\":\"ReadAction\",\"target\":[\"https:\\\/\\\/maisonlaw.com\\\/es\\\/fremont\\\/bicicleta\\\/\"]}]},{\"@type\":\"BreadcrumbList\",\"@id\":\"https:\\\/\\\/maisonlaw.com\\\/es\\\/fremont\\\/bicicleta\\\/#breadcrumb\",\"itemListElement\":[{\"@type\":\"ListItem\",\"position\":1,\"name\":\"Home\",\"item\":\"https:\\\/\\\/maisonlaw.com\\\/es\\\/\"},{\"@type\":\"ListItem\",\"position\":2,\"name\":\"Abogado de Lesiones Personales en Fremont\",\"item\":\"https:\\\/\\\/maisonlaw.com\\\/es\\\/fremont\\\/?lang=es\"},{\"@type\":\"ListItem\",\"position\":3,\"name\":\"Abogado de Accidente de Bicicleta en Fremont CA\"}]},{\"@type\":\"WebSite\",\"@id\":\"https:\\\/\\\/maisonlaw.com\\\/es\\\/#website\",\"url\":\"https:\\\/\\\/maisonlaw.com\\\/es\\\/\",\"name\":\"Maison Law Accident and Injury Lawyers\",\"description\":\"The Support You Need. The Settlement You Deserve.\",\"publisher\":{\"@id\":\"https:\\\/\\\/maisonlaw.com\\\/es\\\/#organization\"},\"alternateName\":\"Maison Law\",\"potentialAction\":[{\"@type\":\"SearchAction\",\"target\":{\"@type\":\"EntryPoint\",\"urlTemplate\":\"https:\\\/\\\/maisonlaw.com\\\/es\\\/?s={search_term_string}\"},\"query-input\":{\"@type\":\"PropertyValueSpecification\",\"valueRequired\":true,\"valueName\":\"search_term_string\"}}],\"inLanguage\":\"es\"},{\"@type\":\"Organization\",\"@id\":\"https:\\\/\\\/maisonlaw.com\\\/es\\\/#organization\",\"name\":\"Maison Law Accident & Injury Attorneys\",\"alternateName\":\"Maison Law\",\"url\":\"https:\\\/\\\/maisonlaw.com\\\/es\\\/\",\"logo\":{\"@type\":\"ImageObject\",\"inLanguage\":\"es\",\"@id\":\"https:\\\/\\\/maisonlaw.com\\\/es\\\/#\\\/schema\\\/logo\\\/image\\\/\",\"url\":\"https:\\\/\\\/maisonlaw.com\\\/wp-content\\\/uploads\\\/2025\\\/06\\\/experiment-logo-opt.png\",\"contentUrl\":\"https:\\\/\\\/maisonlaw.com\\\/wp-content\\\/uploads\\\/2025\\\/06\\\/experiment-logo-opt.png\",\"width\":1345,\"height\":294,\"caption\":\"Maison Law Accident & Injury Attorneys\"},\"image\":{\"@id\":\"https:\\\/\\\/maisonlaw.com\\\/es\\\/#\\\/schema\\\/logo\\\/image\\\/\"},\"sameAs\":[\"https:\\\/\\\/www.facebook.com\\\/maisonlawfirm\\\/\",\"https:\\\/\\\/www.linkedin.com\\\/in\\\/martin-gasparian-a9956516\\\/\",\"https:\\\/\\\/www.instagram.com\\\/maison_law\\\/\",\"https:\\\/\\\/www.youtube.com\\\/@maisonlaw\"],\"description\":\"Maison Law is a California Personal Injury Law Firm.\",\"legalName\":\"Maison Law\",\"foundingDate\":\"2014-01-01\",\"numberOfEmployees\":{\"@type\":\"QuantitativeValue\",\"minValue\":\"11\",\"maxValue\":\"50\"}}]}<\/script>\n<!-- \/ Yoast SEO Premium plugin. -->","yoast_head_json":{"title":"Abogado de Accidente de Bicicleta en Fremont CA | Maison Law","description":"Cyclists in Fremont are put at risk by careless drivers. They must seek full compensation when a collision leaves them with an injury.","robots":{"index":"index","follow":"follow","max-snippet":"max-snippet:-1","max-image-preview":"max-image-preview:large","max-video-preview":"max-video-preview:-1"},"canonical":"https:\/\/maisonlaw.com\/es\/fremont\/bicicleta\/","og_locale":"es_ES","og_type":"article","og_title":"Abogado de Accidente de Bicicleta en Fremont CA","og_description":"Cyclists in Fremont are put at risk by careless drivers. They must seek full compensation when a collision leaves them with an injury.","og_url":"https:\/\/maisonlaw.com\/es\/fremont\/bicicleta\/","og_site_name":"Maison Law","article_publisher":"https:\/\/www.facebook.com\/maisonlawfirm\/","article_modified_time":"2024-02-26T05:44:35+00:00","twitter_card":"summary_large_image","twitter_misc":{"Tiempo de lectura":"6 minutos"},"schema":{"@context":"https:\/\/schema.org","@graph":[{"@type":"WebPage","@id":"https:\/\/maisonlaw.com\/es\/fremont\/bicicleta\/","url":"https:\/\/maisonlaw.com\/es\/fremont\/bicicleta\/","name":"Abogado de Accidente de Bicicleta en Fremont CA | Maison Law","isPartOf":{"@id":"https:\/\/maisonlaw.com\/es\/#website"},"datePublished":"2024-02-26T04:40:09+00:00","dateModified":"2024-02-26T05:44:35+00:00","description":"Cyclists in Fremont are put at risk by careless drivers. They must seek full compensation when a collision leaves them with an injury.","breadcrumb":{"@id":"https:\/\/maisonlaw.com\/es\/fremont\/bicicleta\/#breadcrumb"},"inLanguage":"es","potentialAction":[{"@type":"ReadAction","target":["https:\/\/maisonlaw.com\/es\/fremont\/bicicleta\/"]}]},{"@type":"BreadcrumbList","@id":"https:\/\/maisonlaw.com\/es\/fremont\/bicicleta\/#breadcrumb","itemListElement":[{"@type":"ListItem","position":1,"name":"Home","item":"https:\/\/maisonlaw.com\/es\/"},{"@type":"ListItem","position":2,"name":"Abogado de Lesiones Personales en Fremont","item":"https:\/\/maisonlaw.com\/es\/fremont\/?lang=es"},{"@type":"ListItem","position":3,"name":"Abogado de Accidente de Bicicleta en Fremont CA"}]},{"@type":"WebSite","@id":"https:\/\/maisonlaw.com\/es\/#website","url":"https:\/\/maisonlaw.com\/es\/","name":"Maison Law Accident and Injury Lawyers","description":"The Support You Need. The Settlement You Deserve.","publisher":{"@id":"https:\/\/maisonlaw.com\/es\/#organization"},"alternateName":"Maison Law","potentialAction":[{"@type":"SearchAction","target":{"@type":"EntryPoint","urlTemplate":"https:\/\/maisonlaw.com\/es\/?s={search_term_string}"},"query-input":{"@type":"PropertyValueSpecification","valueRequired":true,"valueName":"search_term_string"}}],"inLanguage":"es"},{"@type":"Organization","@id":"https:\/\/maisonlaw.com\/es\/#organization","name":"Maison Law Accident & Injury Attorneys","alternateName":"Maison Law","url":"https:\/\/maisonlaw.com\/es\/","logo":{"@type":"ImageObject","inLanguage":"es","@id":"https:\/\/maisonlaw.com\/es\/#\/schema\/logo\/image\/","url":"https:\/\/maisonlaw.com\/wp-content\/uploads\/2025\/06\/experiment-logo-opt.png","contentUrl":"https:\/\/maisonlaw.com\/wp-content\/uploads\/2025\/06\/experiment-logo-opt.png","width":1345,"height":294,"caption":"Maison Law Accident & Injury Attorneys"},"image":{"@id":"https:\/\/maisonlaw.com\/es\/#\/schema\/logo\/image\/"},"sameAs":["https:\/\/www.facebook.com\/maisonlawfirm\/","https:\/\/www.linkedin.com\/in\/martin-gasparian-a9956516\/","https:\/\/www.instagram.com\/maison_law\/","https:\/\/www.youtube.com\/@maisonlaw"],"description":"Maison Law is a California Personal Injury Law Firm.","legalName":"Maison Law","foundingDate":"2014-01-01","numberOfEmployees":{"@type":"QuantitativeValue","minValue":"11","maxValue":"50"}}]}},"_links":{"self":[{"href":"https:\/\/maisonlaw.com\/es\/wp-json\/wp\/v2\/pages\/32089","targetHints":{"allow":["GET"]}}],"collection":[{"href":"https:\/\/maisonlaw.com\/es\/wp-json\/wp\/v2\/pages"}],"about":[{"href":"https:\/\/maisonlaw.com\/es\/wp-json\/wp\/v2\/types\/page"}],"author":[{"embeddable":true,"href":"https:\/\/maisonlaw.com\/es\/wp-json\/wp\/v2\/users\/10"}],"replies":[{"embeddable":true,"href":"https:\/\/maisonlaw.com\/es\/wp-json\/wp\/v2\/comments?post=32089"}],"version-history":[{"count":9,"href":"https:\/\/maisonlaw.com\/es\/wp-json\/wp\/v2\/pages\/32089\/revisions"}],"predecessor-version":[{"id":32136,"href":"https:\/\/maisonlaw.com\/es\/wp-json\/wp\/v2\/pages\/32089\/revisions\/32136"}],"up":[{"embeddable":true,"href":"https:\/\/maisonlaw.com\/es\/wp-json\/wp\/v2\/pages\/6439"}],"wp:attachment":[{"href":"https:\/\/maisonlaw.com\/es\/wp-json\/wp\/v2\/media?parent=32089"}],"curies":[{"name":"wp","href":"https:\/\/api.w.org\/{rel}","templated":true}]}}