{"id":27998,"date":"2023-10-16T21:58:03","date_gmt":"2023-10-17T04:58:03","guid":{"rendered":"https:\/\/maisonlaw.com\/?page_id=27998"},"modified":"2025-07-08T18:30:52","modified_gmt":"2025-07-09T01:30:52","slug":"sobre","status":"publish","type":"page","link":"https:\/\/maisonlaw.com\/es\/sobre\/","title":{"rendered":"Sobre"},"content":{"rendered":"\t\t<div data-elementor-type=\"wp-post\" data-elementor-id=\"27998\" class=\"elementor elementor-27998 elementor-19\" data-elementor-post-type=\"page\">\n\t\t\t\t\t\t<section class=\"elementor-section elementor-top-section elementor-element elementor-element-6afbc2f elementor-section-boxed elementor-section-height-default elementor-section-height-default\" data-id=\"6afbc2f\" data-element_type=\"section\" data-e-type=\"section\" data-settings=\"{&quot;background_background&quot;:&quot;classic&quot;}\">\n\t\t\t\t\t\t<div class=\"elementor-container elementor-column-gap-default\">\n\t\t\t\t\t<div class=\"elementor-column elementor-col-100 elementor-top-column elementor-element elementor-element-dc2d28a\" data-id=\"dc2d28a\" data-element_type=\"column\" data-e-type=\"column\">\n\t\t\t<div class=\"elementor-widget-wrap elementor-element-populated\">\n\t\t\t\t\t\t<div class=\"elementor-element elementor-element-ec1ab6c elementor-widget elementor-widget-heading\" data-id=\"ec1ab6c\" data-element_type=\"widget\" data-e-type=\"widget\" data-widget_type=\"heading.default\">\n\t\t\t\t<div class=\"elementor-widget-container\">\n\t\t\t\t\t<p class=\"elementor-heading-title elementor-size-default\">El apoyo que necesita. El Acuerdo Que Se Merece.<\/p>\t\t\t\t<\/div>\n\t\t\t\t<\/div>\n\t\t\t\t\t<\/div>\n\t\t<\/div>\n\t\t\t\t\t<\/div>\n\t\t<\/section>\n\t\t\t\t<section class=\"elementor-section elementor-top-section elementor-element elementor-element-d889638 elementor-section-height-min-height elementor-section-content-middle elementor-section-boxed elementor-section-height-default elementor-section-items-middle\" data-id=\"d889638\" data-element_type=\"section\" data-e-type=\"section\" data-settings=\"{&quot;background_background&quot;:&quot;gradient&quot;,&quot;shape_divider_top&quot;:&quot;mountains&quot;}\">\n\t\t\t\t\t<div class=\"elementor-shape elementor-shape-top\" aria-hidden=\"true\" data-negative=\"false\">\n\t\t\t<svg xmlns=\"http:\/\/www.w3.org\/2000\/svg\" viewBox=\"0 0 1000 100\" preserveAspectRatio=\"none\">\n\t<path class=\"elementor-shape-fill\" opacity=\"0.33\" d=\"M473,67.3c-203.9,88.3-263.1-34-320.3,0C66,119.1,0,59.7,0,59.7V0h1000v59.7 c0,0-62.1,26.1-94.9,29.3c-32.8,3.3-62.8-12.3-75.8-22.1C806,49.6,745.3,8.7,694.9,4.7S492.4,59,473,67.3z\"\/>\n\t<path class=\"elementor-shape-fill\" opacity=\"0.66\" d=\"M734,67.3c-45.5,0-77.2-23.2-129.1-39.1c-28.6-8.7-150.3-10.1-254,39.1 s-91.7-34.4-149.2,0C115.7,118.3,0,39.8,0,39.8V0h1000v36.5c0,0-28.2-18.5-92.1-18.5C810.2,18.1,775.7,67.3,734,67.3z\"\/>\n\t<path class=\"elementor-shape-fill\" d=\"M766.1,28.9c-200-57.5-266,65.5-395.1,19.5C242,1.8,242,5.4,184.8,20.6C128,35.8,132.3,44.9,89.9,52.5C28.6,63.7,0,0,0,0 h1000c0,0-9.9,40.9-83.6,48.1S829.6,47,766.1,28.9z\"\/>\n<\/svg>\t\t<\/div>\n\t\t\t\t\t<div class=\"elementor-container elementor-column-gap-default\">\n\t\t\t\t\t<div class=\"elementor-column elementor-col-100 elementor-top-column elementor-element elementor-element-af7f915\" data-id=\"af7f915\" data-element_type=\"column\" data-e-type=\"column\">\n\t\t\t<div class=\"elementor-widget-wrap elementor-element-populated\">\n\t\t\t\t\t\t<div class=\"elementor-element elementor-element-73a0fca elementor-widget elementor-widget-heading\" data-id=\"73a0fca\" data-element_type=\"widget\" data-e-type=\"widget\" data-widget_type=\"heading.default\">\n\t\t\t\t<div class=\"elementor-widget-container\">\n\t\t\t\t\t<p class=\"elementor-heading-title elementor-size-large\"><a href=\"tel:8663838922\">LL\u00c1MENOS 24\/7 - (866) 383-8922<\/a><\/p>\t\t\t\t<\/div>\n\t\t\t\t<\/div>\n\t\t\t\t<div class=\"elementor-element elementor-element-edb4ab8 elementor-widget elementor-widget-heading\" data-id=\"edb4ab8\" data-element_type=\"widget\" data-e-type=\"widget\" data-widget_type=\"heading.default\">\n\t\t\t\t<div class=\"elementor-widget-container\">\n\t\t\t\t\t<h1 class=\"elementor-heading-title elementor-size-default\">Sobre<\/h1>\t\t\t\t<\/div>\n\t\t\t\t<\/div>\n\t\t\t\t<div class=\"elementor-element elementor-element-019cf27 elementor-align-center elementor-mobile-align-center elementor-hidden-mobile elementor-widget elementor-widget-breadcrumbs\" data-id=\"019cf27\" data-element_type=\"widget\" data-e-type=\"widget\" data-widget_type=\"breadcrumbs.default\">\n\t\t\t\t<div class=\"elementor-widget-container\">\n\t\t\t\t\t<p id=\"breadcrumbs\"><span><span><a href=\"https:\/\/maisonlaw.com\/es\/\">Home<\/a><\/span><\/span><\/p>\t\t\t\t<\/div>\n\t\t\t\t<\/div>\n\t\t\t\t\t<\/div>\n\t\t<\/div>\n\t\t\t\t\t<\/div>\n\t\t<\/section>\n\t\t\t\t<section class=\"elementor-section elementor-top-section elementor-element elementor-element-1ca3077f elementor-section-boxed elementor-section-height-default elementor-section-height-default\" data-id=\"1ca3077f\" data-element_type=\"section\" data-e-type=\"section\">\n\t\t\t\t\t\t<div class=\"elementor-container elementor-column-gap-default\">\n\t\t\t\t\t<div class=\"elementor-column elementor-col-50 elementor-top-column elementor-element elementor-element-df50229\" data-id=\"df50229\" data-element_type=\"column\" data-e-type=\"column\">\n\t\t\t<div class=\"elementor-widget-wrap elementor-element-populated\">\n\t\t\t\t\t\t<div class=\"elementor-element elementor-element-55c12061 elementor-widget elementor-widget-heading\" data-id=\"55c12061\" data-element_type=\"widget\" data-e-type=\"widget\" data-widget_type=\"heading.default\">\n\t\t\t\t<div class=\"elementor-widget-container\">\n\t\t\t\t\t<h1 class=\"elementor-heading-title elementor-size-default\">Abogado<\/h1>\t\t\t\t<\/div>\n\t\t\t\t<\/div>\n\t\t\t\t<div class=\"elementor-element elementor-element-546c6e4 elementor-widget elementor-widget-heading\" data-id=\"546c6e4\" data-element_type=\"widget\" data-e-type=\"widget\" data-widget_type=\"heading.default\">\n\t\t\t\t<div class=\"elementor-widget-container\">\n\t\t\t\t\t<h2 class=\"elementor-heading-title elementor-size-default\">MARTIN GASPARIAN, ESQ.\n<\/h2>\t\t\t\t<\/div>\n\t\t\t\t<\/div>\n\t\t\t\t<div class=\"elementor-element elementor-element-424ab4b9 elementor-widget-divider--view-line elementor-widget elementor-widget-divider\" data-id=\"424ab4b9\" data-element_type=\"widget\" data-e-type=\"widget\" data-widget_type=\"divider.default\">\n\t\t\t\t<div class=\"elementor-widget-container\">\n\t\t\t\t\t\t\t<div class=\"elementor-divider\">\n\t\t\t<span class=\"elementor-divider-separator\">\n\t\t\t\t\t\t<\/span>\n\t\t<\/div>\n\t\t\t\t\t\t<\/div>\n\t\t\t\t<\/div>\n\t\t\t\t<div class=\"elementor-element elementor-element-e83dfbb elementor-widget elementor-widget-text-editor\" data-id=\"e83dfbb\" data-element_type=\"widget\" data-e-type=\"widget\" data-widget_type=\"text-editor.default\">\n\t\t\t\t<div class=\"elementor-widget-container\">\n\t\t\t\t\t\t\t\t\t<p>Durante diez a\u00f1os, el Sr. Gasparian represent\u00f3 a grandes empresas, llevando casos en Nueva York, Washington DC, Hong Kong y Los \u00c1ngeles. Respaldado por su experiencia jur\u00eddica y el deseo de seguir una carrera que ayude a la gente, utiliza su formaci\u00f3n jur\u00eddica para conseguir que personas reales, personas como usted, obtengan la justicia que merecen. Utilizando su profundo conocimiento de c\u00f3mo funcionan las grandes compa\u00f1\u00edas de seguros y las empresas, da voz a los que no la tienen: las v\u00edctimas de accidentes que sufrieron lesiones o p\u00e9rdidas sin tener culpa alguna.<\/p><p>En 2014, el Sr. Gasparian tom\u00f3 su pasi\u00f3n por la ley de lesiones personales y cre\u00f3 Maison Law, una firma que da a la gente com\u00fan la oportunidad de enfrentarse a las grandes compa\u00f1\u00edas de seguros y buscar la compensaci\u00f3n que necesitan. Como abogado, el Sr. Gasparian adopta un enfoque pr\u00e1ctico en cada caso. Cree que cada cliente debe trabajar directamente con su abogado, obtener un asesoramiento honesto y la atenci\u00f3n personalizada al detalle que su caso merece.<\/p><p>Es conocido por sus estrategias orientadas al detalle, su actitud positiva y su relaci\u00f3n personal con sus clientes. En su tiempo libre, al Sr. Gasparian le gusta hacer ejercicio, jugar al baloncesto y pasar tiempo con su familia.<\/p>\t\t\t\t\t\t\t\t<\/div>\n\t\t\t\t<\/div>\n\t\t\t\t\t<\/div>\n\t\t<\/div>\n\t\t\t\t<div class=\"elementor-column elementor-col-50 elementor-top-column elementor-element elementor-element-4e66d5a\" data-id=\"4e66d5a\" data-element_type=\"column\" data-e-type=\"column\">\n\t\t\t<div class=\"elementor-widget-wrap elementor-element-populated\">\n\t\t\t\t\t\t<div class=\"elementor-element elementor-element-39c7c02 elementor-widget elementor-widget-text-editor\" data-id=\"39c7c02\" data-element_type=\"widget\" data-e-type=\"widget\" data-widget_type=\"text-editor.default\">\n\t\t\t\t<div class=\"elementor-widget-container\">\n\t\t\t\t\t\t\t\t\t<p><span style=\"text-decoration: underline;\"><strong>EDUCATION<\/strong><\/span><\/p><ul><li>Centro de Derecho de la Universidad de Georgetown, 2004<\/li><li>Universidad del Sur de California, 2001, Summa Cum Lade (Econom\u00eda \/ Ciencias Pol\u00edticas)<\/li><\/ul><p><span style=\"text-decoration: underline;\"><strong>Professional Associations<\/strong><\/span><\/p><ul><li>Asociaci\u00f3n de Abogados del Consumidor de Los \u00c1ngeles<\/li><\/ul>\t\t\t\t\t\t\t\t<\/div>\n\t\t\t\t<\/div>\n\t\t\t\t<div class=\"elementor-element elementor-element-72b9749a elementor-widget elementor-widget-image\" data-id=\"72b9749a\" data-element_type=\"widget\" data-e-type=\"widget\" data-widget_type=\"image.default\">\n\t\t\t\t<div class=\"elementor-widget-container\">\n\t\t\t\t\t\t\t\t\t\t\t\t\t\t\t<img fetchpriority=\"high\" decoding=\"async\" width=\"800\" height=\"413\" src=\"https:\/\/maisonlaw.com\/wp-content\/uploads\/2021\/10\/maison-team-1024x529.jpg\" class=\"attachment-large size-large wp-image-8370\" alt=\"\" srcset=\"https:\/\/maisonlaw.com\/wp-content\/uploads\/2021\/10\/maison-team-1024x529.jpg 1024w, https:\/\/maisonlaw.com\/wp-content\/uploads\/2021\/10\/maison-team-300x155.jpg 300w, https:\/\/maisonlaw.com\/wp-content\/uploads\/2021\/10\/maison-team-768x397.jpg 768w, https:\/\/maisonlaw.com\/wp-content\/uploads\/2021\/10\/maison-team-1536x793.jpg 1536w, https:\/\/maisonlaw.com\/wp-content\/uploads\/2021\/10\/maison-team.jpg 2000w\" sizes=\"(max-width: 800px) 100vw, 800px\" \/>\t\t\t\t\t\t\t\t\t\t\t\t\t\t\t<\/div>\n\t\t\t\t<\/div>\n\t\t\t\t\t<\/div>\n\t\t<\/div>\n\t\t\t\t\t<\/div>\n\t\t<\/section>\n\t\t\t\t<\/div>\n\t\t","protected":false},"excerpt":{"rendered":"<p>El apoyo que necesita. El Acuerdo Que Se Merece. LL\u00c1MENOS 24\/7 &#8211; (866) 383-8922 Abogado MARTIN GASPARIAN, ESQ. Durante diez a\u00f1os, el Sr. Gasparian represent\u00f3 a grandes empresas, llevando casos en Nueva York, Washington DC, Hong Kong y Los \u00c1ngeles. Respaldado por su experiencia jur\u00eddica y el deseo de seguir una carrera que ayude a [&hellip;]<\/p>\n","protected":false},"author":1,"featured_media":0,"parent":0,"menu_order":0,"comment_status":"closed","ping_status":"closed","template":"elementor_header_footer","meta":{"footnotes":""},"class_list":["post-27998","page","type-page","status-publish","hentry"],"yoast_head":"<!-- This site is optimized with the Yoast SEO Premium plugin v27.4 (Yoast SEO v27.4) - https:\/\/yoast.com\/product\/yoast-seo-premium-wordpress\/ -->\n<title>Sobre | Maison Law<\/title>\n<meta name=\"description\" content=\"El apoyo que necesita. El Acuerdo Que Se Merece. LL\u00c1MENOS 24\/7 - (866) 383-8922 Abogado MARTIN GASPARIAN, ESQ. Durante diez a\u00f1os, el Sr. Gasparian\" \/>\n<meta name=\"robots\" content=\"index, follow, max-snippet:-1, max-image-preview:large, max-video-preview:-1\" \/>\n<link rel=\"canonical\" href=\"https:\/\/maisonlaw.com\/es\/sobre\/\" \/>\n<meta property=\"og:locale\" content=\"es_ES\" \/>\n<meta property=\"og:type\" content=\"article\" \/>\n<meta property=\"og:title\" content=\"Sobre\" \/>\n<meta property=\"og:description\" content=\"El apoyo que necesita. El Acuerdo Que Se Merece. LL\u00c1MENOS 24\/7 - (866) 383-8922 Abogado MARTIN GASPARIAN, ESQ. Durante diez a\u00f1os, el Sr. Gasparian\" \/>\n<meta property=\"og:url\" content=\"https:\/\/maisonlaw.com\/es\/sobre\/\" \/>\n<meta property=\"og:site_name\" content=\"Maison Law\" \/>\n<meta property=\"article:publisher\" content=\"https:\/\/www.facebook.com\/maisonlawfirm\/\" \/>\n<meta property=\"article:modified_time\" content=\"2025-07-09T01:30:52+00:00\" \/>\n<meta property=\"og:image\" content=\"https:\/\/maisonlaw.com\/wp-content\/uploads\/2021\/10\/maison-team.jpg\" \/>\n\t<meta property=\"og:image:width\" content=\"2000\" \/>\n\t<meta property=\"og:image:height\" content=\"1033\" \/>\n\t<meta property=\"og:image:type\" content=\"image\/jpeg\" \/>\n<meta name=\"twitter:card\" content=\"summary_large_image\" \/>\n<meta name=\"twitter:label1\" content=\"Tiempo de lectura\" \/>\n\t<meta name=\"twitter:data1\" content=\"2 minutos\" \/>\n<script type=\"application\/ld+json\" class=\"yoast-schema-graph\">{\"@context\":\"https:\\\/\\\/schema.org\",\"@graph\":[{\"@type\":\"WebPage\",\"@id\":\"https:\\\/\\\/maisonlaw.com\\\/es\\\/sobre\\\/\",\"url\":\"https:\\\/\\\/maisonlaw.com\\\/es\\\/sobre\\\/\",\"name\":\"Sobre | Maison Law\",\"isPartOf\":{\"@id\":\"https:\\\/\\\/maisonlaw.com\\\/es\\\/#website\"},\"primaryImageOfPage\":{\"@id\":\"https:\\\/\\\/maisonlaw.com\\\/es\\\/sobre\\\/#primaryimage\"},\"image\":{\"@id\":\"https:\\\/\\\/maisonlaw.com\\\/es\\\/sobre\\\/#primaryimage\"},\"thumbnailUrl\":\"https:\\\/\\\/maisonlaw.com\\\/wp-content\\\/uploads\\\/2021\\\/10\\\/maison-team-1024x529.jpg\",\"datePublished\":\"2023-10-17T04:58:03+00:00\",\"dateModified\":\"2025-07-09T01:30:52+00:00\",\"description\":\"El apoyo que necesita. El Acuerdo Que Se Merece. LL\u00c1MENOS 24\\\/7 - (866) 383-8922 Abogado MARTIN GASPARIAN, ESQ. Durante diez a\u00f1os, el Sr. Gasparian\",\"breadcrumb\":{\"@id\":\"https:\\\/\\\/maisonlaw.com\\\/es\\\/sobre\\\/#breadcrumb\"},\"inLanguage\":\"es\",\"potentialAction\":[{\"@type\":\"ReadAction\",\"target\":[\"https:\\\/\\\/maisonlaw.com\\\/es\\\/sobre\\\/\"]}]},{\"@type\":\"ImageObject\",\"inLanguage\":\"es\",\"@id\":\"https:\\\/\\\/maisonlaw.com\\\/es\\\/sobre\\\/#primaryimage\",\"url\":\"https:\\\/\\\/maisonlaw.com\\\/wp-content\\\/uploads\\\/2021\\\/10\\\/maison-team-1024x529.jpg\",\"contentUrl\":\"https:\\\/\\\/maisonlaw.com\\\/wp-content\\\/uploads\\\/2021\\\/10\\\/maison-team-1024x529.jpg\"},{\"@type\":\"BreadcrumbList\",\"@id\":\"https:\\\/\\\/maisonlaw.com\\\/es\\\/sobre\\\/#breadcrumb\",\"itemListElement\":[{\"@type\":\"ListItem\",\"position\":1,\"name\":\"Home\",\"item\":\"https:\\\/\\\/maisonlaw.com\\\/es\\\/\"},{\"@type\":\"ListItem\",\"position\":2,\"name\":\"Sobre\"}]},{\"@type\":\"WebSite\",\"@id\":\"https:\\\/\\\/maisonlaw.com\\\/es\\\/#website\",\"url\":\"https:\\\/\\\/maisonlaw.com\\\/es\\\/\",\"name\":\"Maison Law Accident and Injury Lawyers\",\"description\":\"The Support You Need. The Settlement You Deserve.\",\"publisher\":{\"@id\":\"https:\\\/\\\/maisonlaw.com\\\/es\\\/#organization\"},\"alternateName\":\"Maison Law\",\"potentialAction\":[{\"@type\":\"SearchAction\",\"target\":{\"@type\":\"EntryPoint\",\"urlTemplate\":\"https:\\\/\\\/maisonlaw.com\\\/es\\\/?s={search_term_string}\"},\"query-input\":{\"@type\":\"PropertyValueSpecification\",\"valueRequired\":true,\"valueName\":\"search_term_string\"}}],\"inLanguage\":\"es\"},{\"@type\":\"Organization\",\"@id\":\"https:\\\/\\\/maisonlaw.com\\\/es\\\/#organization\",\"name\":\"Maison Law Accident & Injury Attorneys\",\"alternateName\":\"Maison Law\",\"url\":\"https:\\\/\\\/maisonlaw.com\\\/es\\\/\",\"logo\":{\"@type\":\"ImageObject\",\"inLanguage\":\"es\",\"@id\":\"https:\\\/\\\/maisonlaw.com\\\/es\\\/#\\\/schema\\\/logo\\\/image\\\/\",\"url\":\"https:\\\/\\\/maisonlaw.com\\\/wp-content\\\/uploads\\\/2025\\\/06\\\/experiment-logo-opt.png\",\"contentUrl\":\"https:\\\/\\\/maisonlaw.com\\\/wp-content\\\/uploads\\\/2025\\\/06\\\/experiment-logo-opt.png\",\"width\":1345,\"height\":294,\"caption\":\"Maison Law Accident & Injury Attorneys\"},\"image\":{\"@id\":\"https:\\\/\\\/maisonlaw.com\\\/es\\\/#\\\/schema\\\/logo\\\/image\\\/\"},\"sameAs\":[\"https:\\\/\\\/www.facebook.com\\\/maisonlawfirm\\\/\",\"https:\\\/\\\/www.linkedin.com\\\/in\\\/martin-gasparian-a9956516\\\/\",\"https:\\\/\\\/www.instagram.com\\\/maison_law\\\/\",\"https:\\\/\\\/www.youtube.com\\\/@maisonlaw\"],\"description\":\"Maison Law is a California Personal Injury Law Firm.\",\"legalName\":\"Maison Law\",\"foundingDate\":\"2014-01-01\",\"numberOfEmployees\":{\"@type\":\"QuantitativeValue\",\"minValue\":\"11\",\"maxValue\":\"50\"}}]}<\/script>\n<!-- \/ Yoast SEO Premium plugin. -->","yoast_head_json":{"title":"Sobre | Maison Law","description":"El apoyo que necesita. El Acuerdo Que Se Merece. LL\u00c1MENOS 24\/7 - (866) 383-8922 Abogado MARTIN GASPARIAN, ESQ. Durante diez a\u00f1os, el Sr. Gasparian","robots":{"index":"index","follow":"follow","max-snippet":"max-snippet:-1","max-image-preview":"max-image-preview:large","max-video-preview":"max-video-preview:-1"},"canonical":"https:\/\/maisonlaw.com\/es\/sobre\/","og_locale":"es_ES","og_type":"article","og_title":"Sobre","og_description":"El apoyo que necesita. El Acuerdo Que Se Merece. LL\u00c1MENOS 24\/7 - (866) 383-8922 Abogado MARTIN GASPARIAN, ESQ. Durante diez a\u00f1os, el Sr. Gasparian","og_url":"https:\/\/maisonlaw.com\/es\/sobre\/","og_site_name":"Maison Law","article_publisher":"https:\/\/www.facebook.com\/maisonlawfirm\/","article_modified_time":"2025-07-09T01:30:52+00:00","og_image":[{"width":2000,"height":1033,"url":"https:\/\/maisonlaw.com\/wp-content\/uploads\/2021\/10\/maison-team.jpg","type":"image\/jpeg"}],"twitter_card":"summary_large_image","twitter_misc":{"Tiempo de lectura":"2 minutos"},"schema":{"@context":"https:\/\/schema.org","@graph":[{"@type":"WebPage","@id":"https:\/\/maisonlaw.com\/es\/sobre\/","url":"https:\/\/maisonlaw.com\/es\/sobre\/","name":"Sobre | Maison Law","isPartOf":{"@id":"https:\/\/maisonlaw.com\/es\/#website"},"primaryImageOfPage":{"@id":"https:\/\/maisonlaw.com\/es\/sobre\/#primaryimage"},"image":{"@id":"https:\/\/maisonlaw.com\/es\/sobre\/#primaryimage"},"thumbnailUrl":"https:\/\/maisonlaw.com\/wp-content\/uploads\/2021\/10\/maison-team-1024x529.jpg","datePublished":"2023-10-17T04:58:03+00:00","dateModified":"2025-07-09T01:30:52+00:00","description":"El apoyo que necesita. El Acuerdo Que Se Merece. LL\u00c1MENOS 24\/7 - (866) 383-8922 Abogado MARTIN GASPARIAN, ESQ. Durante diez a\u00f1os, el Sr. Gasparian","breadcrumb":{"@id":"https:\/\/maisonlaw.com\/es\/sobre\/#breadcrumb"},"inLanguage":"es","potentialAction":[{"@type":"ReadAction","target":["https:\/\/maisonlaw.com\/es\/sobre\/"]}]},{"@type":"ImageObject","inLanguage":"es","@id":"https:\/\/maisonlaw.com\/es\/sobre\/#primaryimage","url":"https:\/\/maisonlaw.com\/wp-content\/uploads\/2021\/10\/maison-team-1024x529.jpg","contentUrl":"https:\/\/maisonlaw.com\/wp-content\/uploads\/2021\/10\/maison-team-1024x529.jpg"},{"@type":"BreadcrumbList","@id":"https:\/\/maisonlaw.com\/es\/sobre\/#breadcrumb","itemListElement":[{"@type":"ListItem","position":1,"name":"Home","item":"https:\/\/maisonlaw.com\/es\/"},{"@type":"ListItem","position":2,"name":"Sobre"}]},{"@type":"WebSite","@id":"https:\/\/maisonlaw.com\/es\/#website","url":"https:\/\/maisonlaw.com\/es\/","name":"Maison Law Accident and Injury Lawyers","description":"The Support You Need. The Settlement You Deserve.","publisher":{"@id":"https:\/\/maisonlaw.com\/es\/#organization"},"alternateName":"Maison Law","potentialAction":[{"@type":"SearchAction","target":{"@type":"EntryPoint","urlTemplate":"https:\/\/maisonlaw.com\/es\/?s={search_term_string}"},"query-input":{"@type":"PropertyValueSpecification","valueRequired":true,"valueName":"search_term_string"}}],"inLanguage":"es"},{"@type":"Organization","@id":"https:\/\/maisonlaw.com\/es\/#organization","name":"Maison Law Accident & Injury Attorneys","alternateName":"Maison Law","url":"https:\/\/maisonlaw.com\/es\/","logo":{"@type":"ImageObject","inLanguage":"es","@id":"https:\/\/maisonlaw.com\/es\/#\/schema\/logo\/image\/","url":"https:\/\/maisonlaw.com\/wp-content\/uploads\/2025\/06\/experiment-logo-opt.png","contentUrl":"https:\/\/maisonlaw.com\/wp-content\/uploads\/2025\/06\/experiment-logo-opt.png","width":1345,"height":294,"caption":"Maison Law Accident & Injury Attorneys"},"image":{"@id":"https:\/\/maisonlaw.com\/es\/#\/schema\/logo\/image\/"},"sameAs":["https:\/\/www.facebook.com\/maisonlawfirm\/","https:\/\/www.linkedin.com\/in\/martin-gasparian-a9956516\/","https:\/\/www.instagram.com\/maison_law\/","https:\/\/www.youtube.com\/@maisonlaw"],"description":"Maison Law is a California Personal Injury Law Firm.","legalName":"Maison Law","foundingDate":"2014-01-01","numberOfEmployees":{"@type":"QuantitativeValue","minValue":"11","maxValue":"50"}}]}},"_links":{"self":[{"href":"https:\/\/maisonlaw.com\/es\/wp-json\/wp\/v2\/pages\/27998","targetHints":{"allow":["GET"]}}],"collection":[{"href":"https:\/\/maisonlaw.com\/es\/wp-json\/wp\/v2\/pages"}],"about":[{"href":"https:\/\/maisonlaw.com\/es\/wp-json\/wp\/v2\/types\/page"}],"author":[{"embeddable":true,"href":"https:\/\/maisonlaw.com\/es\/wp-json\/wp\/v2\/users\/1"}],"replies":[{"embeddable":true,"href":"https:\/\/maisonlaw.com\/es\/wp-json\/wp\/v2\/comments?post=27998"}],"version-history":[{"count":10,"href":"https:\/\/maisonlaw.com\/es\/wp-json\/wp\/v2\/pages\/27998\/revisions"}],"predecessor-version":[{"id":57041,"href":"https:\/\/maisonlaw.com\/es\/wp-json\/wp\/v2\/pages\/27998\/revisions\/57041"}],"wp:attachment":[{"href":"https:\/\/maisonlaw.com\/es\/wp-json\/wp\/v2\/media?parent=27998"}],"curies":[{"name":"wp","href":"https:\/\/api.w.org\/{rel}","templated":true}]}}