{"id":2398,"date":"2019-08-14T17:01:22","date_gmt":"2019-08-14T17:01:22","guid":{"rendered":"http:\/\/maisonlaw.com\/merced-ca-abogado-de-lesiones-personales\/"},"modified":"2021-11-05T17:27:57","modified_gmt":"2021-11-05T17:27:57","slug":"merced","status":"publish","type":"page","link":"https:\/\/maisonlaw.com\/es\/merced\/","title":{"rendered":"Abogados de Accidentes en Merced California"},"content":{"rendered":"<p><img fetchpriority=\"high\" decoding=\"async\" class=\"alignright wp-image-1419\" src=\"http:\/\/maisonlaw.com\/wp-content\/uploads\/2019\/04\/martin-gasparian-esq-295x300.png\" alt=\"\" width=\"240\" height=\"244\" srcset=\"https:\/\/maisonlaw.com\/wp-content\/uploads\/2019\/04\/martin-gasparian-esq-295x300.png 295w, https:\/\/maisonlaw.com\/wp-content\/uploads\/2019\/04\/martin-gasparian-esq.png 501w\" sizes=\"(max-width: 240px) 100vw, 240px\" \/>\u00bfHa sido herido recientemente debido a la negligencia de otra persona? Ya sea que suceda en una tienda de comestibles, en un estacionamiento de un centro comercial o en una autopista, aquellos que han resultado heridos saben lo devastador que puede ser. Los copagos m\u00e9dicos y las facturas se acumulan, y con todo el tiempo perdido del trabajo, no est\u00e1s enloqueciendo en lo que sol\u00edas hacer. A continuaci\u00f3n, la lucha con la compa\u00f1\u00eda de seguros sobre qu\u00e9 coche de alquiler es apropiado y por cu\u00e1nto tiempo pagar\u00e1n mientras busca un coche nuevo s\u00f3lo se suma a la ansiedad y el des\u00e1nimo.<\/p>\n<p>Sin embargo, cuando esto le sucede a la gente de Merced, tienen un recurso que otros no tienen. Tienen uno de los mejores abogados de lesiones personales de la regi\u00f3n. <a href=\"http:\/\/d6z6u.hosts.cx\/about\/\"><strong>Martin Gasparian<\/strong><\/a>., fundador de Maison Law, ha trabajado en algunas de las firmas m\u00e1s prestigiosas del pa\u00eds, incluyendo el bufete de abogados m\u00e1s grande de Los Angeles, y ahora trabaja para los heridos de Merced.<\/p>\n<p>Sabemos a lo que te enfrentas y no descansar\u00e1s hasta que vuelvas a ponerte de pie, f\u00edsica y financieramente. P\u00f3ngase en contacto con Maison Law hoy mismo para comenzar a obtener alivio. Ofrecemos una evaluaci\u00f3n gratuita de casos donde puede averiguar sus derechos y qu\u00e9 compensaci\u00f3n se le debe bajo la ley.<\/p>\n<p><iframe title=\"Abogados de Lesiones Personales de California.mp4\" src=\"https:\/\/player.vimeo.com\/video\/640605978?dnt=1&amp;app_id=122963\" width=\"800\" height=\"450\" frameborder=\"0\" allow=\"autoplay; fullscreen; picture-in-picture\"><\/iframe><\/p>\n<h2>Lesiones personales mercadas<\/h2>\n<p>Merced en una ciudad incorporada y la sede del condado de Merced County con alrededor de 80.000 personas. Se encuentra en el Valle Central de California, entre la cordillera de Sierra Nevada al este y la costa del Pac\u00edfico al oeste.<\/p>\n<p>La gente de Merced est\u00e1 viajando dentro y fuera de su ciudad y las comunidades circundantes a diario. La gente trabaja en bodegas, f\u00e1bricas, hospitales, escuelas y otras industrias disponibles en el valle. Esto pone a la gente de Merced en sus coches y en riesgo de lesiones personales.<\/p>\n<p>Despu\u00e9s de trabajar duro, la gente tiene un mont\u00f3n de opciones para jugar en su bulliciosa ciudad. Desde excelentes restaurantes hasta comensales grasosos (los buenos) y desde hoyos de pesca locales hasta un recorrido a\u00e9reo por las monta\u00f1as cercanas fuera del aeropuerto regional de la ciudad, dar a la gente mucho para elegir.<\/p>\n<p>Con toda esta actividad viene el riesgo de lesiones personales, y la causa n\u00famero uno de una lesi\u00f3n personal en Merced es un accidente automovil\u00edstico. Cada a\u00f1o hay alrededor de 10.000 accidentes en el \u00e1rea metropolitana de Merced, algunos de ellos dobladores de guardabarros, mientras que otros causan lesiones graves. Cuando esto sucede, la gente sabe que puede recurrir a Maison Law para ayudarles a obtener la compensaci\u00f3n que merecen.<\/p>\n<h2>Tipos de accidentes automovil\u00edsticos en Merced<\/h2>\n<p>En Maison Law, entendemos lo importante que es para una persona lesionada tener un abogado experto y experto con experiencia en todo tipo de accidentes automovil\u00edsticos. Cada uno es diferente porque cada persona es diferente.<\/p>\n<p>Reconocer las luchas y circunstancias espec\u00edficas que surgen en cada tipo de accidente y cada caso es importante para ayudar a la v\u00edctima a hacer una recuperaci\u00f3n f\u00edsica y financiera completa, que es su derecho bajo la ley.<\/p>\n<p>Algunos de los diferentes tipos de accidentes en Merced son:<\/p>\n<ul>\n<li><strong>Accidentes de vuelco\/expulsi\u00f3n:<\/strong>Estos pueden ocurrir en cualquier carretera o carretera ocupada, y traen algunas de las lesiones m\u00e1s graves.<\/li>\n<li><strong>DUI<\/strong>: Desafortunadamente, la conducci\u00f3n deteriorada es un problema en Merced que pone a todos en las carreteras en riesgo de lesiones graves y muerte.<\/li>\n<li><strong>Conducci\u00f3n de la cabeza en el camino incorrecto:<\/strong> Los caminos rurales y las carreteras est\u00e1n listos para colisiones frontales con son devastadores para sus v\u00edctimas. Merced residentes est\u00e1n en un riesgo especial de estos, ya que viaje diario.<\/li>\n<li><strong>Camiones grandes \/ veh\u00edculos utilitarios<\/strong>: Con las bodegas, las industrias manufactureras y agr\u00edcolas vienen un mont\u00f3n de camiones comerciales, y cuando uno es herido por uno de estos, se enfrentan a empresas con una gran cantidad de recursos y los mejores abogados. Necesita un abogado con experiencia para representarlo.<\/li>\n<li><strong>Velocidad\/ Carrera \/ Conducci\u00f3n agresiva<\/strong>: El exceso de velocidad es uno de los factores m\u00e1s comunes en los accidentes de coche en Merced y las comunidades circundantes.<\/li>\n<\/ul>\n<h2>Otros tipos de lesiones personales<\/h2>\n<p>Por desgracia, la gente trabajadora y activa de Merced tambi\u00e9n corre el riesgo de otros tipos de accidentes, y cuando esto sucede, todav\u00eda pueden contar con Maison Law para ir a batear por ellos. Algunos de estos otros tipos de accidentes son:<\/p>\n<ul>\n<li><strong>Accidentes industriales<\/strong>: Bodegas, plantas alimenticias, zonas agr\u00edcolas traen accidentes y lesiones a la poblaci\u00f3n de Merced.<\/li>\n<li><strong>Accidentes<\/strong>de zona de construcci\u00f3n: Merced creci\u00f3 en 20.000 desde el a\u00f1o 2000, y con ello viene la construcci\u00f3n de lesiones a medida que las personas se mezclan con las zonas de trabajo alrededor de la ciudad.<\/li>\n<li><strong>Slip-and-falls\/Premises Injuries<\/strong>: Merced disfruta de una s\u00f3lida econom\u00eda minorista que conduce a lesiones que ocurren en las instalaciones comerciales.<\/li>\n<li><strong>Lesiones deportivas \/recreativas:<\/strong>El b\u00e9isbol, el senderismo, el esqu\u00ed acu\u00e1tico y otros tipos de recreaci\u00f3n vienen con lesiones, y el bufete Maison Law est\u00e1 listo para ayudar a cualquier persona lesionada a obtener la compensaci\u00f3n que necesita.<\/li>\n<li><strong>Responsabilidad del producto<\/strong>: Comprar y consumir trae todo tipo de lesiones relacionadas con el producto.<\/li>\n<li><strong>Muertes injustas<\/strong>: Desafortunadamente, algunas personas de Merced sucumbir\u00e1n a lesiones causadas por otras. Maison Law trabajar\u00e1 con la familia para obtener una compensaci\u00f3n justa.<\/li>\n<\/ul>\n<p>Cada lesi\u00f3n es diferente y c\u00f3mo ocurri\u00f3 la lesi\u00f3n y d\u00f3nde ocurri\u00f3 puede hacer una diferencia en la forma en que se hace una reclamaci\u00f3n. En Maison Law, entendemos esto y trabajamos duro para que cada cliente les consiga la compensaci\u00f3n que merece.<\/p>\n<h2>Abogados de Accidentes en Merced California<\/h2>\n<p>Hable con un abogado que pueda darle consejos imparciales por alguien que sepa a lo que se enfrenta. <a href=\"http:\/\/maisonlaw.com\/\"><strong>Contact Maison Law<\/strong><\/a> <a href=\"tel:1-559-203-3333\"><strong>559-203-3333<\/strong><\/a> para hablar con un abogado para una consulta gratuita antes de hablar con cualquier persona de la compa\u00f1\u00eda de seguros.<\/p>\n<p>Si entonces desea tener la tranquilidad de que su caso est\u00e1 siendo manejado de manera competente y profesional para que pueda centrarse en su recuperaci\u00f3n, Maison Law estar\u00e1 all\u00ed para usted asegur\u00e1ndose de que reciba la compensaci\u00f3n que se merece.<br \/>\n[testimonials_widget id=\u00bb2&#8243;]<\/p>\n","protected":false},"excerpt":{"rendered":"<p>\u00bfHa sido herido recientemente debido a la negligencia de otra persona? Ya sea que suceda en una tienda de comestibles, en un estacionamiento de un centro comercial o en una autopista, aquellos que han resultado heridos saben lo devastador que puede ser. Los copagos m\u00e9dicos y las facturas se acumulan, y con todo el tiempo [&hellip;]<\/p>\n","protected":false},"author":1,"featured_media":0,"parent":0,"menu_order":0,"comment_status":"closed","ping_status":"closed","template":"","meta":{"footnotes":""},"class_list":["post-2398","page","type-page","status-publish","hentry"],"yoast_head":"<!-- This site is optimized with the Yoast SEO Premium plugin v27.3 (Yoast SEO v27.3) - https:\/\/yoast.com\/product\/yoast-seo-premium-wordpress\/ -->\n<title>Abogados de Accidentes en Merced California | Maison Law<\/title>\n<meta name=\"description\" content=\"\u00bfHa sido herido recientemente debido a la negligencia de otra persona? Ya sea que suceda en una tienda de comestibles, en un estacionamiento de un centro\" \/>\n<meta name=\"robots\" content=\"index, follow, max-snippet:-1, max-image-preview:large, max-video-preview:-1\" \/>\n<link rel=\"canonical\" href=\"https:\/\/maisonlaw.com\/es\/merced\/\" \/>\n<meta property=\"og:locale\" content=\"es_ES\" \/>\n<meta property=\"og:type\" content=\"article\" \/>\n<meta property=\"og:title\" content=\"Abogados de Accidentes en Merced California\" \/>\n<meta property=\"og:description\" content=\"\u00bfHa sido herido recientemente debido a la negligencia de otra persona? Ya sea que suceda en una tienda de comestibles, en un estacionamiento de un centro\" \/>\n<meta property=\"og:url\" content=\"https:\/\/maisonlaw.com\/es\/merced\/\" \/>\n<meta property=\"og:site_name\" content=\"Maison Law\" \/>\n<meta property=\"article:publisher\" content=\"https:\/\/www.facebook.com\/maisonlawfirm\/\" \/>\n<meta property=\"article:modified_time\" content=\"2021-11-05T17:27:57+00:00\" \/>\n<meta property=\"og:image\" content=\"http:\/\/maisonlaw.com\/wp-content\/uploads\/2019\/04\/martin-gasparian-esq-295x300.png\" \/>\n<meta name=\"twitter:card\" content=\"summary_large_image\" \/>\n<meta name=\"twitter:label1\" content=\"Tiempo de lectura\" \/>\n\t<meta name=\"twitter:data1\" content=\"5 minutos\" \/>\n<script type=\"application\/ld+json\" class=\"yoast-schema-graph\">{\"@context\":\"https:\\\/\\\/schema.org\",\"@graph\":[{\"@type\":\"WebPage\",\"@id\":\"https:\\\/\\\/maisonlaw.com\\\/es\\\/merced\\\/\",\"url\":\"https:\\\/\\\/maisonlaw.com\\\/es\\\/merced\\\/\",\"name\":\"Abogados de Accidentes en Merced California | Maison Law\",\"isPartOf\":{\"@id\":\"https:\\\/\\\/maisonlaw.com\\\/es\\\/#website\"},\"primaryImageOfPage\":{\"@id\":\"https:\\\/\\\/maisonlaw.com\\\/es\\\/merced\\\/#primaryimage\"},\"image\":{\"@id\":\"https:\\\/\\\/maisonlaw.com\\\/es\\\/merced\\\/#primaryimage\"},\"thumbnailUrl\":\"http:\\\/\\\/maisonlaw.com\\\/wp-content\\\/uploads\\\/2019\\\/04\\\/martin-gasparian-esq-295x300.png\",\"datePublished\":\"2019-08-14T17:01:22+00:00\",\"dateModified\":\"2021-11-05T17:27:57+00:00\",\"description\":\"\u00bfHa sido herido recientemente debido a la negligencia de otra persona? Ya sea que suceda en una tienda de comestibles, en un estacionamiento de un centro\",\"breadcrumb\":{\"@id\":\"https:\\\/\\\/maisonlaw.com\\\/es\\\/merced\\\/#breadcrumb\"},\"inLanguage\":\"es\",\"potentialAction\":[{\"@type\":\"ReadAction\",\"target\":[\"https:\\\/\\\/maisonlaw.com\\\/es\\\/merced\\\/\"]}]},{\"@type\":\"ImageObject\",\"inLanguage\":\"es\",\"@id\":\"https:\\\/\\\/maisonlaw.com\\\/es\\\/merced\\\/#primaryimage\",\"url\":\"http:\\\/\\\/maisonlaw.com\\\/wp-content\\\/uploads\\\/2019\\\/04\\\/martin-gasparian-esq-295x300.png\",\"contentUrl\":\"http:\\\/\\\/maisonlaw.com\\\/wp-content\\\/uploads\\\/2019\\\/04\\\/martin-gasparian-esq-295x300.png\"},{\"@type\":\"BreadcrumbList\",\"@id\":\"https:\\\/\\\/maisonlaw.com\\\/es\\\/merced\\\/#breadcrumb\",\"itemListElement\":[{\"@type\":\"ListItem\",\"position\":1,\"name\":\"Home\",\"item\":\"https:\\\/\\\/maisonlaw.com\\\/es\\\/\"},{\"@type\":\"ListItem\",\"position\":2,\"name\":\"Abogados de Accidentes en Merced California\"}]},{\"@type\":\"WebSite\",\"@id\":\"https:\\\/\\\/maisonlaw.com\\\/es\\\/#website\",\"url\":\"https:\\\/\\\/maisonlaw.com\\\/es\\\/\",\"name\":\"Maison Law Accident and Injury Lawyers\",\"description\":\"The Support You Need. The Settlement You Deserve.\",\"publisher\":{\"@id\":\"https:\\\/\\\/maisonlaw.com\\\/es\\\/#organization\"},\"alternateName\":\"Maison Law\",\"potentialAction\":[{\"@type\":\"SearchAction\",\"target\":{\"@type\":\"EntryPoint\",\"urlTemplate\":\"https:\\\/\\\/maisonlaw.com\\\/es\\\/?s={search_term_string}\"},\"query-input\":{\"@type\":\"PropertyValueSpecification\",\"valueRequired\":true,\"valueName\":\"search_term_string\"}}],\"inLanguage\":\"es\"},{\"@type\":\"Organization\",\"@id\":\"https:\\\/\\\/maisonlaw.com\\\/es\\\/#organization\",\"name\":\"Maison Law Accident & Injury Attorneys\",\"alternateName\":\"Maison Law\",\"url\":\"https:\\\/\\\/maisonlaw.com\\\/es\\\/\",\"logo\":{\"@type\":\"ImageObject\",\"inLanguage\":\"es\",\"@id\":\"https:\\\/\\\/maisonlaw.com\\\/es\\\/#\\\/schema\\\/logo\\\/image\\\/\",\"url\":\"https:\\\/\\\/maisonlaw.com\\\/wp-content\\\/uploads\\\/2025\\\/06\\\/experiment-logo-opt.png\",\"contentUrl\":\"https:\\\/\\\/maisonlaw.com\\\/wp-content\\\/uploads\\\/2025\\\/06\\\/experiment-logo-opt.png\",\"width\":1345,\"height\":294,\"caption\":\"Maison Law Accident & Injury Attorneys\"},\"image\":{\"@id\":\"https:\\\/\\\/maisonlaw.com\\\/es\\\/#\\\/schema\\\/logo\\\/image\\\/\"},\"sameAs\":[\"https:\\\/\\\/www.facebook.com\\\/maisonlawfirm\\\/\",\"https:\\\/\\\/www.linkedin.com\\\/in\\\/martin-gasparian-a9956516\\\/\",\"https:\\\/\\\/www.instagram.com\\\/maison_law\\\/\",\"https:\\\/\\\/www.youtube.com\\\/@maisonlaw\"],\"description\":\"Maison Law is a California Personal Injury Law Firm.\",\"legalName\":\"Maison Law\",\"foundingDate\":\"2014-01-01\",\"numberOfEmployees\":{\"@type\":\"QuantitativeValue\",\"minValue\":\"11\",\"maxValue\":\"50\"}}]}<\/script>\n<!-- \/ Yoast SEO Premium plugin. -->","yoast_head_json":{"title":"Abogados de Accidentes en Merced California | Maison Law","description":"\u00bfHa sido herido recientemente debido a la negligencia de otra persona? Ya sea que suceda en una tienda de comestibles, en un estacionamiento de un centro","robots":{"index":"index","follow":"follow","max-snippet":"max-snippet:-1","max-image-preview":"max-image-preview:large","max-video-preview":"max-video-preview:-1"},"canonical":"https:\/\/maisonlaw.com\/es\/merced\/","og_locale":"es_ES","og_type":"article","og_title":"Abogados de Accidentes en Merced California","og_description":"\u00bfHa sido herido recientemente debido a la negligencia de otra persona? Ya sea que suceda en una tienda de comestibles, en un estacionamiento de un centro","og_url":"https:\/\/maisonlaw.com\/es\/merced\/","og_site_name":"Maison Law","article_publisher":"https:\/\/www.facebook.com\/maisonlawfirm\/","article_modified_time":"2021-11-05T17:27:57+00:00","og_image":[{"url":"http:\/\/maisonlaw.com\/wp-content\/uploads\/2019\/04\/martin-gasparian-esq-295x300.png","type":"","width":"","height":""}],"twitter_card":"summary_large_image","twitter_misc":{"Tiempo de lectura":"5 minutos"},"schema":{"@context":"https:\/\/schema.org","@graph":[{"@type":"WebPage","@id":"https:\/\/maisonlaw.com\/es\/merced\/","url":"https:\/\/maisonlaw.com\/es\/merced\/","name":"Abogados de Accidentes en Merced California | Maison Law","isPartOf":{"@id":"https:\/\/maisonlaw.com\/es\/#website"},"primaryImageOfPage":{"@id":"https:\/\/maisonlaw.com\/es\/merced\/#primaryimage"},"image":{"@id":"https:\/\/maisonlaw.com\/es\/merced\/#primaryimage"},"thumbnailUrl":"http:\/\/maisonlaw.com\/wp-content\/uploads\/2019\/04\/martin-gasparian-esq-295x300.png","datePublished":"2019-08-14T17:01:22+00:00","dateModified":"2021-11-05T17:27:57+00:00","description":"\u00bfHa sido herido recientemente debido a la negligencia de otra persona? Ya sea que suceda en una tienda de comestibles, en un estacionamiento de un centro","breadcrumb":{"@id":"https:\/\/maisonlaw.com\/es\/merced\/#breadcrumb"},"inLanguage":"es","potentialAction":[{"@type":"ReadAction","target":["https:\/\/maisonlaw.com\/es\/merced\/"]}]},{"@type":"ImageObject","inLanguage":"es","@id":"https:\/\/maisonlaw.com\/es\/merced\/#primaryimage","url":"http:\/\/maisonlaw.com\/wp-content\/uploads\/2019\/04\/martin-gasparian-esq-295x300.png","contentUrl":"http:\/\/maisonlaw.com\/wp-content\/uploads\/2019\/04\/martin-gasparian-esq-295x300.png"},{"@type":"BreadcrumbList","@id":"https:\/\/maisonlaw.com\/es\/merced\/#breadcrumb","itemListElement":[{"@type":"ListItem","position":1,"name":"Home","item":"https:\/\/maisonlaw.com\/es\/"},{"@type":"ListItem","position":2,"name":"Abogados de Accidentes en Merced California"}]},{"@type":"WebSite","@id":"https:\/\/maisonlaw.com\/es\/#website","url":"https:\/\/maisonlaw.com\/es\/","name":"Maison Law Accident and Injury Lawyers","description":"The Support You Need. The Settlement You Deserve.","publisher":{"@id":"https:\/\/maisonlaw.com\/es\/#organization"},"alternateName":"Maison Law","potentialAction":[{"@type":"SearchAction","target":{"@type":"EntryPoint","urlTemplate":"https:\/\/maisonlaw.com\/es\/?s={search_term_string}"},"query-input":{"@type":"PropertyValueSpecification","valueRequired":true,"valueName":"search_term_string"}}],"inLanguage":"es"},{"@type":"Organization","@id":"https:\/\/maisonlaw.com\/es\/#organization","name":"Maison Law Accident & Injury Attorneys","alternateName":"Maison Law","url":"https:\/\/maisonlaw.com\/es\/","logo":{"@type":"ImageObject","inLanguage":"es","@id":"https:\/\/maisonlaw.com\/es\/#\/schema\/logo\/image\/","url":"https:\/\/maisonlaw.com\/wp-content\/uploads\/2025\/06\/experiment-logo-opt.png","contentUrl":"https:\/\/maisonlaw.com\/wp-content\/uploads\/2025\/06\/experiment-logo-opt.png","width":1345,"height":294,"caption":"Maison Law Accident & Injury Attorneys"},"image":{"@id":"https:\/\/maisonlaw.com\/es\/#\/schema\/logo\/image\/"},"sameAs":["https:\/\/www.facebook.com\/maisonlawfirm\/","https:\/\/www.linkedin.com\/in\/martin-gasparian-a9956516\/","https:\/\/www.instagram.com\/maison_law\/","https:\/\/www.youtube.com\/@maisonlaw"],"description":"Maison Law is a California Personal Injury Law Firm.","legalName":"Maison Law","foundingDate":"2014-01-01","numberOfEmployees":{"@type":"QuantitativeValue","minValue":"11","maxValue":"50"}}]}},"_links":{"self":[{"href":"https:\/\/maisonlaw.com\/es\/wp-json\/wp\/v2\/pages\/2398","targetHints":{"allow":["GET"]}}],"collection":[{"href":"https:\/\/maisonlaw.com\/es\/wp-json\/wp\/v2\/pages"}],"about":[{"href":"https:\/\/maisonlaw.com\/es\/wp-json\/wp\/v2\/types\/page"}],"author":[{"embeddable":true,"href":"https:\/\/maisonlaw.com\/es\/wp-json\/wp\/v2\/users\/1"}],"replies":[{"embeddable":true,"href":"https:\/\/maisonlaw.com\/es\/wp-json\/wp\/v2\/comments?post=2398"}],"version-history":[{"count":0,"href":"https:\/\/maisonlaw.com\/es\/wp-json\/wp\/v2\/pages\/2398\/revisions"}],"wp:attachment":[{"href":"https:\/\/maisonlaw.com\/es\/wp-json\/wp\/v2\/media?parent=2398"}],"curies":[{"name":"wp","href":"https:\/\/api.w.org\/{rel}","templated":true}]}}