{"id":2393,"date":"2019-08-14T16:56:54","date_gmt":"2019-08-14T16:56:54","guid":{"rendered":"http:\/\/maisonlaw.com\/abogado-de-lesiones-personales-de-delano-ca\/"},"modified":"2021-11-05T17:50:06","modified_gmt":"2021-11-05T17:50:06","slug":"delano","status":"publish","type":"page","link":"https:\/\/maisonlaw.com\/es\/delano\/","title":{"rendered":"Abogados de Accidentes en Delano CA"},"content":{"rendered":"\t\t<div data-elementor-type=\"wp-page\" data-elementor-id=\"2393\" class=\"elementor elementor-2393 elementor-1558\" data-elementor-post-type=\"page\">\n\t\t\t\t\t\t<section class=\"elementor-section elementor-top-section elementor-element elementor-element-406c131c elementor-section-boxed elementor-section-height-default elementor-section-height-default\" data-id=\"406c131c\" data-element_type=\"section\" data-e-type=\"section\">\n\t\t\t\t\t\t<div class=\"elementor-container elementor-column-gap-default\">\n\t\t\t\t\t<div class=\"elementor-column elementor-col-100 elementor-top-column elementor-element elementor-element-28e0b6f9\" data-id=\"28e0b6f9\" data-element_type=\"column\" data-e-type=\"column\">\n\t\t\t<div class=\"elementor-widget-wrap elementor-element-populated\">\n\t\t\t\t\t\t<div class=\"elementor-element elementor-element-76abbd5c elementor-widget elementor-widget-text-editor\" data-id=\"76abbd5c\" data-element_type=\"widget\" data-e-type=\"widget\" data-widget_type=\"text-editor.default\">\n\t\t\t\t<div class=\"elementor-widget-container\">\n\t\t\t\t\t\t\t\t\t<div id=\"preview_originaltext\" class=\"tab-pane html-preview-tab-content active\"><\/div>\r\n<div class=\"tab-pane html-preview-tab-content active\"><img fetchpriority=\"high\" decoding=\"async\" class=\"alignright wp-image-1419\" src=\"http:\/\/maisonlaw.com\/wp-content\/uploads\/2019\/04\/martin-gasparian-esq-295x300.png\" alt=\"\" width=\"227\" height=\"231\" srcset=\"https:\/\/maisonlaw.com\/wp-content\/uploads\/2019\/04\/martin-gasparian-esq-295x300.png 295w, https:\/\/maisonlaw.com\/wp-content\/uploads\/2019\/04\/martin-gasparian-esq.png 501w\" sizes=\"(max-width: 227px) 100vw, 227px\" \/>Con experiencia en algunos de los bufetes de abogados m\u00e1s grandes y prestigiosos del pa\u00eds, el socio y fundador Martin Gasparian, Esq. ofrece a cada cliente la experiencia de una gran empresa y la atenci\u00f3n personalizada al detalle de una peque\u00f1a empresa. Si usted vive en Delano o se lesion\u00f3 all\u00ed, p\u00f3ngase en contacto con nosotros hoy para una consulta gratuita y evaluaci\u00f3n del caso.\r\n\r\n<strong>Abogado de Lesiones Personales de Delano CA<\/strong>\r\n\r\nUbicado en el condado de Kern, California, Delano es un excelente lugar para crecer y vivir. Por supuesto, la principal industria aqu\u00ed es la agricultura. Incluso en ciudades como Delano, la industria de seguros es enorme m\u00e1s all\u00e1 de la creencia. Todos los d\u00edas, las aseguradoras depositan cheques de prima en sus cuentas bancarias, y luego, se dan la vuelta e invierten ese dinero para ganar a\u00fan m\u00e1s dinero. Cuando necesitan pagar una reclamaci\u00f3n por lesiones personales, tratan de aprovecharse de la v\u00edctima lesionada pag\u00e1ndole lo menos posible o incluso nada en absoluto. Eso ayuda a mantener sanos los resultados de la compa\u00f1\u00eda de seguros y a los accionistas contentos.\r\n\r\nEn lugar de renunciar al control de su reclamo de lesiones personales a la aseguradora opuesta, ret\u00e9nenos y perm\u00edtanos mantener el control de su reclamo y hacer valer sus derechos. Ese control incluye reunir las pruebas en apoyo de su reclamo, preservarla adecuadamente y presentarla con la mejor luz posible. Estos son algunos ejemplos de tipos de casos de accidentes que representamos a clientes lesionados en:\r\n<ul>\r\n \t<li>Accidentes automovil\u00edsticos en 99 o en la ciudad.<\/li>\r\n \t<li>Motocicleta se estrella.<\/li>\r\n \t<li>Accidentes de Big Rig.<\/li>\r\n \t<li>Accidentes de autob\u00fas, incluyendo autob\u00fas escolar, autob\u00fas ch\u00e1rter de propiedad privada o Delano Area Rapid Transit (DART).<\/li>\r\n \t<li>Accidentes y lesiones que ocurren en residencias, propiedades comerciales y grandes tiendas de cajas.<\/li>\r\n \t<li>Mordeduras de perros y ataques de animales.<\/li>\r\n \t<li>Lesiones causadas por productos peligrosamente defectuosos.<\/li>\r\n \t<li>Muerte injusta.<\/li>\r\n<\/ul>\r\n<strong>La demanda de liquidaci\u00f3n<\/strong>\r\nAl obtener copias de todos sus registros m\u00e9dicos, informes y facturas, estaremos monitoreando su atenci\u00f3n y tratamiento de cerca. Mientras a\u00fan se est\u00e1 recuperando de sus lesiones, reuniremos todas las pruebas de su caso en una demanda de liquidaci\u00f3n clara y completa que est\u00e9 dirigida al bufete de abogados opositor.\r\n\r\n<strong>Da\u00f1os<\/strong>\r\nSeg\u00fan la ley de California, los da\u00f1os se clasifican como econ\u00f3micos y no econ\u00f3micos. Los da\u00f1os econ\u00f3micos son m\u00e1s f\u00e1ciles de calcular. Los da\u00f1os normalmente incluyen lo siguiente:\r\n<ul>\r\n \t<li>Facturas m\u00e9dicas pasadas y futuras en relaci\u00f3n con la ocurrencia.<\/li>\r\n \t<li>Ganancias perdidas pasadas y p\u00e9rdida de capacidad de ganancias en el futuro.<\/li>\r\n \t<li>Cualquier incapacidad permanente o desfiguraci\u00f3n que se espera razonablemente que se sufra en el futuro.<\/li>\r\n \t<li>El dolor pasado y el sufrimiento y el dolor y el sufrimiento razonablemente esperados se experimenten en el futuro.<\/li>\r\n \t<li>Una calidad de vida disminuida.<\/li>\r\n \t<li>Otros da\u00f1os sustanciales en caso de una muerte injusta.<\/li>\r\n<\/ul>\r\n<strong>Seguimos trabajando para usted<\/strong>\r\nLa mayor\u00eda de los casos de lesiones personales se resuelven sin la necesidad de un juicio. No nos vamos despu\u00e9s de que nos paguen al final de su caso. En nuestra misi\u00f3n de maximizar cualquier ganancia neta que usted pueda derivar de un acuerdo, trataremos de negociar con sus proveedores de atenci\u00f3n m\u00e9dica y reducir cualquier cantidad que pueda adeudarle. Eso puede funcionar para aumentar sus resultados.\r\n\r\n<strong>Litigar su caso<\/strong>\r\nSi la compa\u00f1\u00eda de seguros opuesta es intratable e irrazonable, no tenemos ning\u00fan problema con presentar una demanda en su nombre. Estamos totalmente preparados para llevar su caso a juicio ante un juez y un jurado cuando el otro lado todav\u00eda est\u00e1 luchando por ah\u00ed tratando de prepararse para la corte. Con algunas compa\u00f1\u00edas de seguros, presentamos una demanda desde el principio porque sabemos que una orden de liquidaci\u00f3n o veredicto es la \u00fanica manera de conseguir que paguen. Vamos a cubrir todos los costos de los litigios tambi\u00e9n, as\u00ed que no tiene sin que se preocupe por ellos. Se les reembolsa de cualquier acuerdo o veredicto en su nombre.\r\n\r\n<strong>Mediaci\u00f3n y Arbitraje<\/strong>\r\nUn mediador imparcial podr\u00eda ser de valor para acercarnos a nosotros y a la compa\u00f1\u00eda de seguros opuesta. Por lo general, no nos oponemos a la mediaci\u00f3n porque no es vinculante. Si a\u00fan no podemos resolver el caso, la opci\u00f3n de juicio con jurado sigue estando disponible. Si su caso es contra su propia compa\u00f1\u00eda de seguros como en una reclamaci\u00f3n de automovilista no asegurado, el arbitraje es probable, y ser\u00e1 vinculante.\r\n\r\n<strong>Juicio del jurado<\/strong>\r\nNo tenemos ning\u00fan problema en llevar su caso hasta aqu\u00ed si nos vemos obligados a hacerlo. Elegiremos un jurado de sus compa\u00f1eros y presentaremos todas las pruebas en su nombre de manera efectiva y profesional. Despu\u00e9s de que el jurado escuche todas las pruebas del caso, dictar\u00e1 su veredicto.\r\n\r\n<strong>Continuaremos trabajando para usted<\/strong>\r\nNuestro objetivo en la disposici\u00f3n de su caso de lesiones personales es maximizar cualquier acuerdo o veredicto que se merezca. Incluso despu\u00e9s de que se resuelva un caso o se dicte un veredicto, intentaremos comprometer sus facturas m\u00e9dicas en esfuerzos por maximizar sus ganancias netas.\r\n\r\n<strong>Cont\u00e1ctenos hoy!<\/strong>\r\n\r\nNo dejes que la compa\u00f1\u00eda de seguros opuesta intente aprovecharse de ti. P\u00f3ngase en contacto con nosotros tan pronto como sea posible para organizar una consulta gratuita y revisi\u00f3n de casos despu\u00e9s de haber sido lesionado como resultado del descuido y negligencia de otra persona en o alrededor de Delano. Vamos a escucharte atentamente sobre c\u00f3mo te lesionaste y c\u00f3mo te han afectado. Despu\u00e9s de eso, se le informar\u00e1 de todas las opciones legales disponibles que puede ejercer. Llame al (559) 203-3333.\r\n\r\n&nbsp;\r\n\r\n<\/div>\t\t\t\t\t\t\t\t<\/div>\n\t\t\t\t<\/div>\n\t\t\t\t\t<\/div>\n\t\t<\/div>\n\t\t\t\t\t<\/div>\n\t\t<\/section>\n\t\t\t\t<section class=\"elementor-section elementor-top-section elementor-element elementor-element-d287761 elementor-section-boxed elementor-section-height-default elementor-section-height-default\" data-id=\"d287761\" data-element_type=\"section\" data-e-type=\"section\">\n\t\t\t\t\t\t<div class=\"elementor-container elementor-column-gap-default\">\n\t\t\t\t\t<div class=\"elementor-column elementor-col-100 elementor-top-column elementor-element elementor-element-7990149\" data-id=\"7990149\" data-element_type=\"column\" data-e-type=\"column\">\n\t\t\t<div class=\"elementor-widget-wrap elementor-element-populated\">\n\t\t\t\t\t\t<div class=\"elementor-element elementor-element-f25b1cf elementor-widget elementor-widget-video\" data-id=\"f25b1cf\" data-element_type=\"widget\" data-e-type=\"widget\" data-settings=\"{&quot;video_type&quot;:&quot;vimeo&quot;}\" data-widget_type=\"video.default\">\n\t\t\t\t<div class=\"elementor-widget-container\">\n\t\t\t\t\t\t\t<div class=\"elementor-wrapper elementor-open-inline\">\n\t\t\t<iframe class=\"elementor-video-iframe\" allowfullscreen allow=\"clipboard-write\" title=\"Reproductor de v\u00eddeo vimeo\" src=\"https:\/\/player.vimeo.com\/video\/640605978?color&amp;autopause=0&amp;loop=0&amp;muted=0&amp;title=0&amp;portrait=0&amp;byline=0#t=\"><\/iframe>\t\t<\/div>\n\t\t\t\t\t\t<\/div>\n\t\t\t\t<\/div>\n\t\t\t\t\t<\/div>\n\t\t<\/div>\n\t\t\t\t\t<\/div>\n\t\t<\/section>\n\t\t\t\t<\/div>\n\t\t","protected":false},"excerpt":{"rendered":"<p>Con experiencia en algunos de los bufetes de abogados m\u00e1s grandes y prestigiosos del pa\u00eds, el socio y fundador Martin Gasparian, Esq. ofrece a cada cliente la experiencia de una gran empresa y la atenci\u00f3n personalizada al detalle de una peque\u00f1a empresa. Si usted vive en Delano o se lesion\u00f3 all\u00ed, p\u00f3ngase en contacto con [&hellip;]<\/p>\n","protected":false},"author":1,"featured_media":0,"parent":0,"menu_order":0,"comment_status":"closed","ping_status":"closed","template":"","meta":{"footnotes":""},"class_list":["post-2393","page","type-page","status-publish","hentry"],"yoast_head":"<!-- This site is optimized with the Yoast SEO Premium plugin v27.3 (Yoast SEO v27.3) - https:\/\/yoast.com\/product\/yoast-seo-premium-wordpress\/ -->\n<title>Abogados de Accidentes en Delano CA | Maison Law<\/title>\n<meta name=\"description\" content=\"No dejes que la compa\u00f1\u00eda de seguros opuesta intente aprovecharse de ti. P\u00f3ngase en contacto con nosotros lo antes posible para organizar una consulta gratuita y revisi\u00f3n del caso.\" \/>\n<meta name=\"robots\" content=\"index, follow, max-snippet:-1, max-image-preview:large, max-video-preview:-1\" \/>\n<link rel=\"canonical\" href=\"https:\/\/maisonlaw.com\/es\/delano\/\" \/>\n<meta property=\"og:locale\" content=\"es_ES\" \/>\n<meta property=\"og:type\" content=\"article\" \/>\n<meta property=\"og:title\" content=\"Abogados de Accidentes en Delano CA\" \/>\n<meta property=\"og:description\" content=\"No dejes que la compa\u00f1\u00eda de seguros opuesta intente aprovecharse de ti. P\u00f3ngase en contacto con nosotros lo antes posible para organizar una consulta gratuita y revisi\u00f3n del caso.\" \/>\n<meta property=\"og:url\" content=\"https:\/\/maisonlaw.com\/es\/delano\/\" \/>\n<meta property=\"og:site_name\" content=\"Maison Law\" \/>\n<meta property=\"article:publisher\" content=\"https:\/\/www.facebook.com\/maisonlawfirm\/\" \/>\n<meta property=\"article:modified_time\" content=\"2021-11-05T17:50:06+00:00\" \/>\n<meta property=\"og:image\" content=\"http:\/\/maisonlaw.com\/wp-content\/uploads\/2019\/04\/martin-gasparian-esq-295x300.png\" \/>\n<meta name=\"twitter:card\" content=\"summary_large_image\" \/>\n<meta name=\"twitter:label1\" content=\"Tiempo de lectura\" \/>\n\t<meta name=\"twitter:data1\" content=\"5 minutos\" \/>\n<script type=\"application\/ld+json\" class=\"yoast-schema-graph\">{\"@context\":\"https:\\\/\\\/schema.org\",\"@graph\":[{\"@type\":\"WebPage\",\"@id\":\"https:\\\/\\\/maisonlaw.com\\\/es\\\/delano\\\/\",\"url\":\"https:\\\/\\\/maisonlaw.com\\\/es\\\/delano\\\/\",\"name\":\"Abogados de Accidentes en Delano CA | Maison Law\",\"isPartOf\":{\"@id\":\"https:\\\/\\\/maisonlaw.com\\\/es\\\/#website\"},\"primaryImageOfPage\":{\"@id\":\"https:\\\/\\\/maisonlaw.com\\\/es\\\/delano\\\/#primaryimage\"},\"image\":{\"@id\":\"https:\\\/\\\/maisonlaw.com\\\/es\\\/delano\\\/#primaryimage\"},\"thumbnailUrl\":\"http:\\\/\\\/maisonlaw.com\\\/wp-content\\\/uploads\\\/2019\\\/04\\\/martin-gasparian-esq-295x300.png\",\"datePublished\":\"2019-08-14T16:56:54+00:00\",\"dateModified\":\"2021-11-05T17:50:06+00:00\",\"description\":\"No dejes que la compa\u00f1\u00eda de seguros opuesta intente aprovecharse de ti. P\u00f3ngase en contacto con nosotros lo antes posible para organizar una consulta gratuita y revisi\u00f3n del caso.\",\"breadcrumb\":{\"@id\":\"https:\\\/\\\/maisonlaw.com\\\/es\\\/delano\\\/#breadcrumb\"},\"inLanguage\":\"es\",\"potentialAction\":[{\"@type\":\"ReadAction\",\"target\":[\"https:\\\/\\\/maisonlaw.com\\\/es\\\/delano\\\/\"]}]},{\"@type\":\"ImageObject\",\"inLanguage\":\"es\",\"@id\":\"https:\\\/\\\/maisonlaw.com\\\/es\\\/delano\\\/#primaryimage\",\"url\":\"http:\\\/\\\/maisonlaw.com\\\/wp-content\\\/uploads\\\/2019\\\/04\\\/martin-gasparian-esq-295x300.png\",\"contentUrl\":\"http:\\\/\\\/maisonlaw.com\\\/wp-content\\\/uploads\\\/2019\\\/04\\\/martin-gasparian-esq-295x300.png\"},{\"@type\":\"BreadcrumbList\",\"@id\":\"https:\\\/\\\/maisonlaw.com\\\/es\\\/delano\\\/#breadcrumb\",\"itemListElement\":[{\"@type\":\"ListItem\",\"position\":1,\"name\":\"Home\",\"item\":\"https:\\\/\\\/maisonlaw.com\\\/es\\\/\"},{\"@type\":\"ListItem\",\"position\":2,\"name\":\"Abogados de Accidentes en Delano CA\"}]},{\"@type\":\"WebSite\",\"@id\":\"https:\\\/\\\/maisonlaw.com\\\/es\\\/#website\",\"url\":\"https:\\\/\\\/maisonlaw.com\\\/es\\\/\",\"name\":\"Maison Law Accident and Injury Lawyers\",\"description\":\"The Support You Need. The Settlement You Deserve.\",\"publisher\":{\"@id\":\"https:\\\/\\\/maisonlaw.com\\\/es\\\/#organization\"},\"alternateName\":\"Maison Law\",\"potentialAction\":[{\"@type\":\"SearchAction\",\"target\":{\"@type\":\"EntryPoint\",\"urlTemplate\":\"https:\\\/\\\/maisonlaw.com\\\/es\\\/?s={search_term_string}\"},\"query-input\":{\"@type\":\"PropertyValueSpecification\",\"valueRequired\":true,\"valueName\":\"search_term_string\"}}],\"inLanguage\":\"es\"},{\"@type\":\"Organization\",\"@id\":\"https:\\\/\\\/maisonlaw.com\\\/es\\\/#organization\",\"name\":\"Maison Law Accident & Injury Attorneys\",\"alternateName\":\"Maison Law\",\"url\":\"https:\\\/\\\/maisonlaw.com\\\/es\\\/\",\"logo\":{\"@type\":\"ImageObject\",\"inLanguage\":\"es\",\"@id\":\"https:\\\/\\\/maisonlaw.com\\\/es\\\/#\\\/schema\\\/logo\\\/image\\\/\",\"url\":\"https:\\\/\\\/maisonlaw.com\\\/wp-content\\\/uploads\\\/2025\\\/06\\\/experiment-logo-opt.png\",\"contentUrl\":\"https:\\\/\\\/maisonlaw.com\\\/wp-content\\\/uploads\\\/2025\\\/06\\\/experiment-logo-opt.png\",\"width\":1345,\"height\":294,\"caption\":\"Maison Law Accident & Injury Attorneys\"},\"image\":{\"@id\":\"https:\\\/\\\/maisonlaw.com\\\/es\\\/#\\\/schema\\\/logo\\\/image\\\/\"},\"sameAs\":[\"https:\\\/\\\/www.facebook.com\\\/maisonlawfirm\\\/\",\"https:\\\/\\\/www.linkedin.com\\\/in\\\/martin-gasparian-a9956516\\\/\",\"https:\\\/\\\/www.instagram.com\\\/maison_law\\\/\",\"https:\\\/\\\/www.youtube.com\\\/@maisonlaw\"],\"description\":\"Maison Law is a California Personal Injury Law Firm.\",\"legalName\":\"Maison Law\",\"foundingDate\":\"2014-01-01\",\"numberOfEmployees\":{\"@type\":\"QuantitativeValue\",\"minValue\":\"11\",\"maxValue\":\"50\"}}]}<\/script>\n<!-- \/ Yoast SEO Premium plugin. -->","yoast_head_json":{"title":"Abogados de Accidentes en Delano CA | Maison Law","description":"No dejes que la compa\u00f1\u00eda de seguros opuesta intente aprovecharse de ti. P\u00f3ngase en contacto con nosotros lo antes posible para organizar una consulta gratuita y revisi\u00f3n del caso.","robots":{"index":"index","follow":"follow","max-snippet":"max-snippet:-1","max-image-preview":"max-image-preview:large","max-video-preview":"max-video-preview:-1"},"canonical":"https:\/\/maisonlaw.com\/es\/delano\/","og_locale":"es_ES","og_type":"article","og_title":"Abogados de Accidentes en Delano CA","og_description":"No dejes que la compa\u00f1\u00eda de seguros opuesta intente aprovecharse de ti. P\u00f3ngase en contacto con nosotros lo antes posible para organizar una consulta gratuita y revisi\u00f3n del caso.","og_url":"https:\/\/maisonlaw.com\/es\/delano\/","og_site_name":"Maison Law","article_publisher":"https:\/\/www.facebook.com\/maisonlawfirm\/","article_modified_time":"2021-11-05T17:50:06+00:00","og_image":[{"url":"http:\/\/maisonlaw.com\/wp-content\/uploads\/2019\/04\/martin-gasparian-esq-295x300.png","type":"","width":"","height":""}],"twitter_card":"summary_large_image","twitter_misc":{"Tiempo de lectura":"5 minutos"},"schema":{"@context":"https:\/\/schema.org","@graph":[{"@type":"WebPage","@id":"https:\/\/maisonlaw.com\/es\/delano\/","url":"https:\/\/maisonlaw.com\/es\/delano\/","name":"Abogados de Accidentes en Delano CA | Maison Law","isPartOf":{"@id":"https:\/\/maisonlaw.com\/es\/#website"},"primaryImageOfPage":{"@id":"https:\/\/maisonlaw.com\/es\/delano\/#primaryimage"},"image":{"@id":"https:\/\/maisonlaw.com\/es\/delano\/#primaryimage"},"thumbnailUrl":"http:\/\/maisonlaw.com\/wp-content\/uploads\/2019\/04\/martin-gasparian-esq-295x300.png","datePublished":"2019-08-14T16:56:54+00:00","dateModified":"2021-11-05T17:50:06+00:00","description":"No dejes que la compa\u00f1\u00eda de seguros opuesta intente aprovecharse de ti. P\u00f3ngase en contacto con nosotros lo antes posible para organizar una consulta gratuita y revisi\u00f3n del caso.","breadcrumb":{"@id":"https:\/\/maisonlaw.com\/es\/delano\/#breadcrumb"},"inLanguage":"es","potentialAction":[{"@type":"ReadAction","target":["https:\/\/maisonlaw.com\/es\/delano\/"]}]},{"@type":"ImageObject","inLanguage":"es","@id":"https:\/\/maisonlaw.com\/es\/delano\/#primaryimage","url":"http:\/\/maisonlaw.com\/wp-content\/uploads\/2019\/04\/martin-gasparian-esq-295x300.png","contentUrl":"http:\/\/maisonlaw.com\/wp-content\/uploads\/2019\/04\/martin-gasparian-esq-295x300.png"},{"@type":"BreadcrumbList","@id":"https:\/\/maisonlaw.com\/es\/delano\/#breadcrumb","itemListElement":[{"@type":"ListItem","position":1,"name":"Home","item":"https:\/\/maisonlaw.com\/es\/"},{"@type":"ListItem","position":2,"name":"Abogados de Accidentes en Delano CA"}]},{"@type":"WebSite","@id":"https:\/\/maisonlaw.com\/es\/#website","url":"https:\/\/maisonlaw.com\/es\/","name":"Maison Law Accident and Injury Lawyers","description":"The Support You Need. The Settlement You Deserve.","publisher":{"@id":"https:\/\/maisonlaw.com\/es\/#organization"},"alternateName":"Maison Law","potentialAction":[{"@type":"SearchAction","target":{"@type":"EntryPoint","urlTemplate":"https:\/\/maisonlaw.com\/es\/?s={search_term_string}"},"query-input":{"@type":"PropertyValueSpecification","valueRequired":true,"valueName":"search_term_string"}}],"inLanguage":"es"},{"@type":"Organization","@id":"https:\/\/maisonlaw.com\/es\/#organization","name":"Maison Law Accident & Injury Attorneys","alternateName":"Maison Law","url":"https:\/\/maisonlaw.com\/es\/","logo":{"@type":"ImageObject","inLanguage":"es","@id":"https:\/\/maisonlaw.com\/es\/#\/schema\/logo\/image\/","url":"https:\/\/maisonlaw.com\/wp-content\/uploads\/2025\/06\/experiment-logo-opt.png","contentUrl":"https:\/\/maisonlaw.com\/wp-content\/uploads\/2025\/06\/experiment-logo-opt.png","width":1345,"height":294,"caption":"Maison Law Accident & Injury Attorneys"},"image":{"@id":"https:\/\/maisonlaw.com\/es\/#\/schema\/logo\/image\/"},"sameAs":["https:\/\/www.facebook.com\/maisonlawfirm\/","https:\/\/www.linkedin.com\/in\/martin-gasparian-a9956516\/","https:\/\/www.instagram.com\/maison_law\/","https:\/\/www.youtube.com\/@maisonlaw"],"description":"Maison Law is a California Personal Injury Law Firm.","legalName":"Maison Law","foundingDate":"2014-01-01","numberOfEmployees":{"@type":"QuantitativeValue","minValue":"11","maxValue":"50"}}]}},"_links":{"self":[{"href":"https:\/\/maisonlaw.com\/es\/wp-json\/wp\/v2\/pages\/2393","targetHints":{"allow":["GET"]}}],"collection":[{"href":"https:\/\/maisonlaw.com\/es\/wp-json\/wp\/v2\/pages"}],"about":[{"href":"https:\/\/maisonlaw.com\/es\/wp-json\/wp\/v2\/types\/page"}],"author":[{"embeddable":true,"href":"https:\/\/maisonlaw.com\/es\/wp-json\/wp\/v2\/users\/1"}],"replies":[{"embeddable":true,"href":"https:\/\/maisonlaw.com\/es\/wp-json\/wp\/v2\/comments?post=2393"}],"version-history":[{"count":0,"href":"https:\/\/maisonlaw.com\/es\/wp-json\/wp\/v2\/pages\/2393\/revisions"}],"wp:attachment":[{"href":"https:\/\/maisonlaw.com\/es\/wp-json\/wp\/v2\/media?parent=2393"}],"curies":[{"name":"wp","href":"https:\/\/api.w.org\/{rel}","templated":true}]}}