{"id":17161,"date":"2022-08-30T01:58:13","date_gmt":"2022-08-30T08:58:13","guid":{"rendered":"https:\/\/maisonlaw.com\/?page_id=17161"},"modified":"2022-08-30T01:58:13","modified_gmt":"2022-08-30T08:58:13","slug":"conductores-de-reparto","status":"publish","type":"page","link":"https:\/\/maisonlaw.com\/es\/fresno\/accidentes-automovil\/conductores-de-reparto\/","title":{"rendered":"Accidentes que involucran a conductores de reparto"},"content":{"rendered":"<p>Fresno es l\u00edder en agricultura desde hace m\u00e1s de un siglo. Cada d\u00eda enviamos al mundo frutas y verduras, y otras mercanc\u00edas. El transporte de productos es una especialidad local y ahora, a menor escala, los conductores de reparto de comida y de transporte compartido del Valle Central contin\u00faan esa tradici\u00f3n.<\/p>\n<p>Estos conductores pueden dejar comidas calientes o comestibles congelados en la puerta de su casa en un instante. Servicios como Uber y Lyft tambi\u00e9n pueden transportar a las personas a cualquier lugar que necesiten. El auge de la era de la entrega instant\u00e1nea se nota sin duda en las calles locales. Estos empleados est\u00e1n pendientes del volante mientras viajan por <a href=\"https:\/\/maisonlaw.com\/fresno\/?lang=es\">Fresno<\/a> durante todo el d\u00eda y la noche. El tr\u00e1fico adicional puede ser una molestia, pero a\u00fan m\u00e1s preocupante es que estos conductores pueden a\u00f1adir un riesgo adicional a cualquier viaje que usted haga.<\/p>\n<h2><strong>Ayuda para las v\u00edctimas de un accidente con un conductor de reparto<\/strong><\/h2>\n<p>El peligro est\u00e1 claro si se para a pensar en ello. Cualquier conductor puede distraerse y convertirse en un peligro para los dem\u00e1s en la carretera. \u00bfQu\u00e9 pasar\u00eda si usted estuviera trabajando al volante y el tel\u00e9fono m\u00f3vil jugara un papel importante en su trabajo? Podr\u00eda tener m\u00e1s motivos para distraerse que cualquier otra persona.<\/p>\n<p>Un conductor de reparto o de veh\u00edculos compartidos puede mirar hacia abajo mientras recibe un nuevo pedido o una orden y, de repente, se ha desviado de su ruta y se ha metido en su autom\u00f3vil. El error de juicio del conductor le ha dejado ahora con lesiones potencialmente graves. Mientras comienza una costosa recuperaci\u00f3n, empezar\u00e1 a cuestionarse su pr\u00f3ximo movimiento.<\/p>\n<p>\u00bfSe puede responsabilizar al conductor del accidente? \u00bfY qu\u00e9 pasa con la empresa para la que trabaja el conductor? \u00bfAsumir\u00e1 la responsabilidad de su conductor un servicio de transporte compartido como Uber o una empresa de reparto de comida r\u00e1pida como Postmates?<\/p>\n<p>Los abogados de Maison Law de Fresno de Martin Gasparian entienden estas preocupaciones y quieren asegurarse de que las v\u00edctimas conozcan todas sus opciones cuando empiecen a enfrentarse a los costes f\u00edsicos, emocionales y financieros que surgen despu\u00e9s de un accidente. Martin Gasparian cre\u00f3 Maison Law para dar a la gente corriente una voz a la hora de enfrentarse a las grandes corporaciones y a las compa\u00f1\u00edas de seguros para buscar la compensaci\u00f3n que necesitan. El Sr. Gasparian ofrece un asesoramiento honesto y una atenci\u00f3n personalizada a todo aquel que se ponga en contacto con Maison Law.<\/p>\n<h2><strong>Peligros del conductor de reparto en Fresno<\/strong><\/h2>\n<p>La conducci\u00f3n distra\u00edda es uno de los principales motivos de accidentes de tr\u00e1fico cada a\u00f1o y los conductores de empresas como Lyft o Amazon hacen mucho m\u00e1s al volante que el automovilista medio.<\/p>\n<p>Cada a\u00f1o, la Patrulla de Carreteras de California advierte al p\u00fablico sobre los peligros de la conducci\u00f3n distra\u00edda. En un a\u00f1o atribuyeron 118 muertes de tr\u00e1fico a la conducci\u00f3n distra\u00edda. Se registraron otras 10.902 lesiones en accidentes en los que el conductor no estaba prestando atenci\u00f3n. De hecho, estas cifras son probablemente muy bajas porque los investigadores no siempre pueden saber cu\u00e1ndo la conducci\u00f3n distra\u00edda fue un factor en una colisi\u00f3n y los conductores no siempre admiten haber mirado sus tel\u00e9fonos antes de causar un accidente.<\/p>\n<p>Los conductores de veh\u00edculos compartidos pueden estar conduciendo sin rumbo mientras esperan recibir una solicitud de su pr\u00f3ximo pasajero. Los trabajadores de Amazon pueden estar acelerando en sus grandes furgonetas hacia su siguiente ubicaci\u00f3n para asegurarse de que sacan sus cientos de paquetes del d\u00eda. Cualquier distracci\u00f3n en estos momentos clave puede provocar un choque devastador.<\/p>\n<p>Algunos de estos conductores incluso trabajan para m\u00e1s de una empresa a la vez. Puede que tengan que cambiar de aplicaci\u00f3n sobre la marcha para ver si hay nuevos pedidos en Grubhub o Instacart en un momento dado. Incluso el abuso de drogas y alcohol puede influir en la negligencia de un conductor de rideshare y conducir a un movimiento peligroso en su carril.<\/p>\n<h2><strong>C\u00f3mo responsabilizar a una empresa de reparto o de transporte compartido<\/strong><\/h2>\n<p>Como habr\u00e1 adivinado, a estas empresas de reparto les gusta echar toda la culpa a sus conductores cuando se producen accidentes. Uber y Lyft designan a sus conductores como trabajadores contratados, por lo que pueden eludir la responsabilidad en muchos casos.<\/p>\n<p>Estas empresas exigen a sus conductores que lleven su propia cobertura de seguro, pero muchas compa\u00f1\u00edas de seguros no suelen cubrir a los asegurados cuando se descubre que estaban trabajando al volante. Incluso si el propio seguro del conductor cubre el accidente, puede limitar su indemnizaci\u00f3n y usted podr\u00eda acabar pagando por s\u00ed mismo algunos de los costes de su recuperaci\u00f3n. Llegados a este punto, puede ser necesario involucrar a la empresa matriz del conductor en una demanda civil.<\/p>\n<p>Las empresas de reparto suelen tener alguna cobertura que entra en juego para ayudar a las v\u00edctimas de accidentes, pero normalmente s\u00f3lo cubre a los trabajadores durante ciertas partes de su jornada. S\u00f3lo cuando tienen su aplicaci\u00f3n abierta o cuando tienen comida y bolsas de la compra en sus coches. Puede que Amazon ofrezca cobertura para sus conductores, pero a menudo emplean a empresas log\u00edsticas locales para hacer sus entregas, y esas empresas m\u00e1s peque\u00f1as tambi\u00e9n pueden ser responsables en algunos casos.<\/p>\n<p>Puede ser un l\u00edo confuso cuando alguien que est\u00e1 en el trabajo y en la carretera provoca un accidente. Un abogado de Maison Law puede ayudarle a dilucidar qui\u00e9n puede estar implicado cuando presente una reclamaci\u00f3n por da\u00f1os y perjuicios por sus lesiones. Un abogado local de su lado tambi\u00e9n puede investigar varios factores que pueden obligar a una empresa nacional a aceptar la responsabilidad de los conductores que contratan.<\/p>\n<ul>\n<li>Pr\u00e1cticas de contrataci\u00f3n \u2013 \u00bfSe realizaron las comprobaciones adecuadas de los antecedentes del conductor? \u00bfSe pas\u00f3 por alto alguna infracci\u00f3n, como la de conducir bajo los efectos del alcohol u otra citaci\u00f3n de tr\u00e1fico?<\/li>\n<li>Pr\u00e1cticas de seguridad \u2013 \u00bfEst\u00e1n los conductores formados e instruidos en materia de seguridad? \u00bfPide una empresa como Uber a los empleados que realicen pr\u00e1cticas inseguras para completar el trabajo?<\/li>\n<li>Fatiga del conductor \u2013 \u00bfEstaba el conductor trabajando demasiadas horas seguidas? \u00bfEstaba el empleado trabajando para muchas empresas al mismo tiempo? Algunas empresas tienen l\u00edmites de horas que no siempre se controlan adecuadamente.<\/li>\n<li>Seguridad del veh\u00edculo \u2013 \u00bfEra seguro y estaba bien mantenido el veh\u00edculo que utiliza el conductor? Las empresas pueden ser consideradas responsables si proporcionan el veh\u00edculo o incluso si se utiliza el autom\u00f3vil personal del conductor.<\/li>\n<\/ul>\n<h2><strong>Preguntas frecuentes<\/strong><\/h2>\n<p><strong>\u00bfDebo hablar con los representantes de una empresa de transporte compartido o de reparto despu\u00e9s de un accidente?<\/strong><\/p>\n<p>Debe negarse a dar una declaraci\u00f3n sobre el accidente a cualquiera que diga pertenecer a la compa\u00f1\u00eda del conductor. California no exige que usted preste declaraci\u00f3n a estas empresas.<\/p>\n<p>Es probable que estas llamadas sean de los abogados o agentes de seguros de la compa\u00f1\u00eda. Intentar\u00e1n hacer preguntas capciosas para que usted diga algo que conste y que pueda ser utilizado para perjudicar su caso.\u00a0 Deje que su abogado se encargue de toda la comunicaci\u00f3n con la empresa de transporte compartido o de reparto.<\/p>\n<p><strong>\u00bfTendr\u00e9 que demostrar que el conductor estaba trabajando en el momento del accidente?<\/strong><\/p>\n<p>Inmediatamente despu\u00e9s de un accidente, es importante obtener cualquier confirmaci\u00f3n que pueda de que el conductor est\u00e1 trabajando para Instacart, Grubhub o cualquier otro. Si no lo admiten, puede fijarse en cualquier se\u00f1alizaci\u00f3n o logotipo en sus ventanas. Saque fotos. F\u00edjese en cualquier bolsa de comestibles o de comida r\u00e1pida que haya en el autom\u00f3vil. Mencione su sospecha a la polic\u00eda. Estas pruebas pueden servir para demostrar que el conductor estaba trabajando cuando caus\u00f3 su colisi\u00f3n.<\/p>\n<p><strong>\u00bfDe cu\u00e1nto tiempo dispongo para presentar una demanda contra un conductor de reparto?<\/strong><\/p>\n<p>2 a\u00f1os.<\/p>\n<p>La cuenta atr\u00e1s comienza en la fecha del accidente y desde ese d\u00eda tiene dos a\u00f1os para presentar una demanda civil por sus lesiones. Dispone de dos a\u00f1os completos, pero es importante presentar esta demanda por da\u00f1os y perjuicios lo antes posible, especialmente cuando se trata de una empresa o corporaci\u00f3n. Las pruebas y los documentos ser\u00e1n m\u00e1s f\u00e1ciles de reunir si ha pasado poco tiempo. Puede que el conductor culpable ni siquiera est\u00e9 trabajando para la empresa en un a\u00f1o.<\/p>\n<h2><strong>Representamos a las v\u00edctimas de accidentes de conductores de reparto en Fresno<\/strong><\/h2>\n<p>Las empresas de transporte y reparto ganan miles de millones de d\u00f3lares al a\u00f1o gracias a nuestros pedidos y solicitudes. Son tremendamente rentables en parte porque no siempre respaldan a sus empleados como deber\u00edan con beneficios y una paga adecuada. Tampoco se responsabilizan siempre de sus conductores cuando los env\u00edan a nuestras calles y carreteras cada d\u00eda.<\/p>\n<p>Una colisi\u00f3n puede dejar a una v\u00edctima con graves lesiones y una larga y costosa recuperaci\u00f3n por delante. Y si el accidente involucr\u00f3 a un empleado de una gran empresa, las v\u00edctimas deber\u00edan poder contar con m\u00e1s ayuda mientras se curan y tratan de volver a una vida normal, no con menos.<\/p>\n<p>En Maison Law, en Fresno, trabajamos duro para asegurarnos de que las lesiones que sufrieron nuestros clientes nunca sean ignoradas. Las v\u00edctimas nunca deben sentirse solas mientras afrontan las facturas del hospital, a la vez que pierden tiempo en el trabajo y pierden sus cheques de pago.<\/p>\n<p>Aqu\u00ed hay una lista de algunas de las empresas contra las que podemos ayudarle a presentar una reclamaci\u00f3n:<\/p>\n<ul>\n<li>Uber<\/li>\n<li>Lyft<\/li>\n<li>UberEats<\/li>\n<li>Postmates<\/li>\n<li>GrubHub<\/li>\n<li>Amazon<\/li>\n<li>DoorDash<\/li>\n<li>Instacart<\/li>\n<li>Seamless<\/li>\n<\/ul>\n<h2><strong>P\u00f3ngase en contacto con un abogado de accidentes de tr\u00e1fico en Fresno<\/strong><\/h2>\n<p>Creemos que todas las partes que comparten la culpa de su accidente deben ser responsabilizadas y hechas part\u00edcipes de la carga de su recuperaci\u00f3n.<\/p>\n<p>Despu\u00e9s de un accidente que implique una lesi\u00f3n grave en Fresno o en cualquier lugar del Valle Central, p\u00f3ngase en contacto con el abogado Martin Gasparian para una consulta y una evaluaci\u00f3n de su caso gratuitas. Es posible que tenga m\u00e1s opciones de las que cree. El Sr. Gasparian adopta un enfoque pr\u00e1ctico en cada caso. Cree que cada cliente debe trabajar directamente con su abogado, obtener un asesoramiento honesto y la atenci\u00f3n personalizada al detalle que su caso merece.<\/p>\n","protected":false},"excerpt":{"rendered":"<p>Fresno es l\u00edder en agricultura desde hace m\u00e1s de un siglo. Cada d\u00eda enviamos al mundo frutas y verduras, y otras mercanc\u00edas. El transporte de productos es una especialidad local y ahora, a menor escala, los conductores de reparto de comida y de transporte compartido del Valle Central contin\u00faan esa tradici\u00f3n. Estos conductores pueden dejar [&hellip;]<\/p>\n","protected":false},"author":10,"featured_media":0,"parent":8122,"menu_order":0,"comment_status":"closed","ping_status":"closed","template":"","meta":{"footnotes":""},"class_list":["post-17161","page","type-page","status-publish","hentry"],"yoast_head":"<!-- This site is optimized with the Yoast SEO Premium plugin v27.4 (Yoast SEO v27.4) - https:\/\/yoast.com\/product\/yoast-seo-premium-wordpress\/ -->\n<title>Accidentes que involucran a conductores de reparto | Maison Law<\/title>\n<meta name=\"description\" content=\"Fresno es l\u00edder en agricultura desde hace m\u00e1s de un siglo. Cada d\u00eda enviamos al mundo frutas y verduras, y otras mercanc\u00edas. El transporte de productos es\" \/>\n<meta name=\"robots\" content=\"index, follow, max-snippet:-1, max-image-preview:large, max-video-preview:-1\" \/>\n<link rel=\"canonical\" href=\"https:\/\/maisonlaw.com\/es\/fresno\/accidentes-automovil\/conductores-de-reparto\/\" \/>\n<meta property=\"og:locale\" content=\"es_ES\" \/>\n<meta property=\"og:type\" content=\"article\" \/>\n<meta property=\"og:title\" content=\"Accidentes que involucran a conductores de reparto\" \/>\n<meta property=\"og:description\" content=\"Fresno es l\u00edder en agricultura desde hace m\u00e1s de un siglo. Cada d\u00eda enviamos al mundo frutas y verduras, y otras mercanc\u00edas. El transporte de productos es\" \/>\n<meta property=\"og:url\" content=\"https:\/\/maisonlaw.com\/es\/fresno\/accidentes-automovil\/conductores-de-reparto\/\" \/>\n<meta property=\"og:site_name\" content=\"Maison Law\" \/>\n<meta property=\"article:publisher\" content=\"https:\/\/www.facebook.com\/maisonlawfirm\/\" \/>\n<meta name=\"twitter:card\" content=\"summary_large_image\" \/>\n<meta name=\"twitter:label1\" content=\"Tiempo de lectura\" \/>\n\t<meta name=\"twitter:data1\" content=\"8 minutos\" \/>\n<script type=\"application\/ld+json\" class=\"yoast-schema-graph\">{\"@context\":\"https:\\\/\\\/schema.org\",\"@graph\":[{\"@type\":\"WebPage\",\"@id\":\"https:\\\/\\\/maisonlaw.com\\\/es\\\/fresno\\\/accidentes-automovil\\\/conductores-de-reparto\\\/\",\"url\":\"https:\\\/\\\/maisonlaw.com\\\/es\\\/fresno\\\/accidentes-automovil\\\/conductores-de-reparto\\\/\",\"name\":\"Accidentes que involucran a conductores de reparto | Maison Law\",\"isPartOf\":{\"@id\":\"https:\\\/\\\/maisonlaw.com\\\/es\\\/#website\"},\"datePublished\":\"2022-08-30T08:58:13+00:00\",\"description\":\"Fresno es l\u00edder en agricultura desde hace m\u00e1s de un siglo. Cada d\u00eda enviamos al mundo frutas y verduras, y otras mercanc\u00edas. El transporte de productos es\",\"breadcrumb\":{\"@id\":\"https:\\\/\\\/maisonlaw.com\\\/es\\\/fresno\\\/accidentes-automovil\\\/conductores-de-reparto\\\/#breadcrumb\"},\"inLanguage\":\"es\",\"potentialAction\":[{\"@type\":\"ReadAction\",\"target\":[\"https:\\\/\\\/maisonlaw.com\\\/es\\\/fresno\\\/accidentes-automovil\\\/conductores-de-reparto\\\/\"]}]},{\"@type\":\"BreadcrumbList\",\"@id\":\"https:\\\/\\\/maisonlaw.com\\\/es\\\/fresno\\\/accidentes-automovil\\\/conductores-de-reparto\\\/#breadcrumb\",\"itemListElement\":[{\"@type\":\"ListItem\",\"position\":1,\"name\":\"Home\",\"item\":\"https:\\\/\\\/maisonlaw.com\\\/es\\\/\"},{\"@type\":\"ListItem\",\"position\":2,\"name\":\"Abogados De Accidentes En Fresno California\",\"item\":\"https:\\\/\\\/maisonlaw.com\\\/es\\\/fresno\\\/?lang=es\"},{\"@type\":\"ListItem\",\"position\":3,\"name\":\"Abogado de Accidentes de Autom\u00f3vil en Fresno\",\"item\":\"https:\\\/\\\/maisonlaw.com\\\/es\\\/fresno\\\/accidentes-automovil\\\/?lang=es\"},{\"@type\":\"ListItem\",\"position\":4,\"name\":\"Accidentes que involucran a conductores de reparto\"}]},{\"@type\":\"WebSite\",\"@id\":\"https:\\\/\\\/maisonlaw.com\\\/es\\\/#website\",\"url\":\"https:\\\/\\\/maisonlaw.com\\\/es\\\/\",\"name\":\"Maison Law Accident and Injury Lawyers\",\"description\":\"The Support You Need. The Settlement You Deserve.\",\"publisher\":{\"@id\":\"https:\\\/\\\/maisonlaw.com\\\/es\\\/#organization\"},\"alternateName\":\"Maison Law\",\"potentialAction\":[{\"@type\":\"SearchAction\",\"target\":{\"@type\":\"EntryPoint\",\"urlTemplate\":\"https:\\\/\\\/maisonlaw.com\\\/es\\\/?s={search_term_string}\"},\"query-input\":{\"@type\":\"PropertyValueSpecification\",\"valueRequired\":true,\"valueName\":\"search_term_string\"}}],\"inLanguage\":\"es\"},{\"@type\":\"Organization\",\"@id\":\"https:\\\/\\\/maisonlaw.com\\\/es\\\/#organization\",\"name\":\"Maison Law Accident & Injury Attorneys\",\"alternateName\":\"Maison Law\",\"url\":\"https:\\\/\\\/maisonlaw.com\\\/es\\\/\",\"logo\":{\"@type\":\"ImageObject\",\"inLanguage\":\"es\",\"@id\":\"https:\\\/\\\/maisonlaw.com\\\/es\\\/#\\\/schema\\\/logo\\\/image\\\/\",\"url\":\"https:\\\/\\\/maisonlaw.com\\\/wp-content\\\/uploads\\\/2025\\\/06\\\/experiment-logo-opt.png\",\"contentUrl\":\"https:\\\/\\\/maisonlaw.com\\\/wp-content\\\/uploads\\\/2025\\\/06\\\/experiment-logo-opt.png\",\"width\":1345,\"height\":294,\"caption\":\"Maison Law Accident & Injury Attorneys\"},\"image\":{\"@id\":\"https:\\\/\\\/maisonlaw.com\\\/es\\\/#\\\/schema\\\/logo\\\/image\\\/\"},\"sameAs\":[\"https:\\\/\\\/www.facebook.com\\\/maisonlawfirm\\\/\",\"https:\\\/\\\/www.linkedin.com\\\/in\\\/martin-gasparian-a9956516\\\/\",\"https:\\\/\\\/www.instagram.com\\\/maison_law\\\/\",\"https:\\\/\\\/www.youtube.com\\\/@maisonlaw\"],\"description\":\"Maison Law is a California Personal Injury Law Firm.\",\"legalName\":\"Maison Law\",\"foundingDate\":\"2014-01-01\",\"numberOfEmployees\":{\"@type\":\"QuantitativeValue\",\"minValue\":\"11\",\"maxValue\":\"50\"}}]}<\/script>\n<!-- \/ Yoast SEO Premium plugin. -->","yoast_head_json":{"title":"Accidentes que involucran a conductores de reparto | Maison Law","description":"Fresno es l\u00edder en agricultura desde hace m\u00e1s de un siglo. Cada d\u00eda enviamos al mundo frutas y verduras, y otras mercanc\u00edas. El transporte de productos es","robots":{"index":"index","follow":"follow","max-snippet":"max-snippet:-1","max-image-preview":"max-image-preview:large","max-video-preview":"max-video-preview:-1"},"canonical":"https:\/\/maisonlaw.com\/es\/fresno\/accidentes-automovil\/conductores-de-reparto\/","og_locale":"es_ES","og_type":"article","og_title":"Accidentes que involucran a conductores de reparto","og_description":"Fresno es l\u00edder en agricultura desde hace m\u00e1s de un siglo. Cada d\u00eda enviamos al mundo frutas y verduras, y otras mercanc\u00edas. El transporte de productos es","og_url":"https:\/\/maisonlaw.com\/es\/fresno\/accidentes-automovil\/conductores-de-reparto\/","og_site_name":"Maison Law","article_publisher":"https:\/\/www.facebook.com\/maisonlawfirm\/","twitter_card":"summary_large_image","twitter_misc":{"Tiempo de lectura":"8 minutos"},"schema":{"@context":"https:\/\/schema.org","@graph":[{"@type":"WebPage","@id":"https:\/\/maisonlaw.com\/es\/fresno\/accidentes-automovil\/conductores-de-reparto\/","url":"https:\/\/maisonlaw.com\/es\/fresno\/accidentes-automovil\/conductores-de-reparto\/","name":"Accidentes que involucran a conductores de reparto | Maison Law","isPartOf":{"@id":"https:\/\/maisonlaw.com\/es\/#website"},"datePublished":"2022-08-30T08:58:13+00:00","description":"Fresno es l\u00edder en agricultura desde hace m\u00e1s de un siglo. Cada d\u00eda enviamos al mundo frutas y verduras, y otras mercanc\u00edas. El transporte de productos es","breadcrumb":{"@id":"https:\/\/maisonlaw.com\/es\/fresno\/accidentes-automovil\/conductores-de-reparto\/#breadcrumb"},"inLanguage":"es","potentialAction":[{"@type":"ReadAction","target":["https:\/\/maisonlaw.com\/es\/fresno\/accidentes-automovil\/conductores-de-reparto\/"]}]},{"@type":"BreadcrumbList","@id":"https:\/\/maisonlaw.com\/es\/fresno\/accidentes-automovil\/conductores-de-reparto\/#breadcrumb","itemListElement":[{"@type":"ListItem","position":1,"name":"Home","item":"https:\/\/maisonlaw.com\/es\/"},{"@type":"ListItem","position":2,"name":"Abogados De Accidentes En Fresno California","item":"https:\/\/maisonlaw.com\/es\/fresno\/?lang=es"},{"@type":"ListItem","position":3,"name":"Abogado de Accidentes de Autom\u00f3vil en Fresno","item":"https:\/\/maisonlaw.com\/es\/fresno\/accidentes-automovil\/?lang=es"},{"@type":"ListItem","position":4,"name":"Accidentes que involucran a conductores de reparto"}]},{"@type":"WebSite","@id":"https:\/\/maisonlaw.com\/es\/#website","url":"https:\/\/maisonlaw.com\/es\/","name":"Maison Law Accident and Injury Lawyers","description":"The Support You Need. The Settlement You Deserve.","publisher":{"@id":"https:\/\/maisonlaw.com\/es\/#organization"},"alternateName":"Maison Law","potentialAction":[{"@type":"SearchAction","target":{"@type":"EntryPoint","urlTemplate":"https:\/\/maisonlaw.com\/es\/?s={search_term_string}"},"query-input":{"@type":"PropertyValueSpecification","valueRequired":true,"valueName":"search_term_string"}}],"inLanguage":"es"},{"@type":"Organization","@id":"https:\/\/maisonlaw.com\/es\/#organization","name":"Maison Law Accident & Injury Attorneys","alternateName":"Maison Law","url":"https:\/\/maisonlaw.com\/es\/","logo":{"@type":"ImageObject","inLanguage":"es","@id":"https:\/\/maisonlaw.com\/es\/#\/schema\/logo\/image\/","url":"https:\/\/maisonlaw.com\/wp-content\/uploads\/2025\/06\/experiment-logo-opt.png","contentUrl":"https:\/\/maisonlaw.com\/wp-content\/uploads\/2025\/06\/experiment-logo-opt.png","width":1345,"height":294,"caption":"Maison Law Accident & Injury Attorneys"},"image":{"@id":"https:\/\/maisonlaw.com\/es\/#\/schema\/logo\/image\/"},"sameAs":["https:\/\/www.facebook.com\/maisonlawfirm\/","https:\/\/www.linkedin.com\/in\/martin-gasparian-a9956516\/","https:\/\/www.instagram.com\/maison_law\/","https:\/\/www.youtube.com\/@maisonlaw"],"description":"Maison Law is a California Personal Injury Law Firm.","legalName":"Maison Law","foundingDate":"2014-01-01","numberOfEmployees":{"@type":"QuantitativeValue","minValue":"11","maxValue":"50"}}]}},"_links":{"self":[{"href":"https:\/\/maisonlaw.com\/es\/wp-json\/wp\/v2\/pages\/17161","targetHints":{"allow":["GET"]}}],"collection":[{"href":"https:\/\/maisonlaw.com\/es\/wp-json\/wp\/v2\/pages"}],"about":[{"href":"https:\/\/maisonlaw.com\/es\/wp-json\/wp\/v2\/types\/page"}],"author":[{"embeddable":true,"href":"https:\/\/maisonlaw.com\/es\/wp-json\/wp\/v2\/users\/10"}],"replies":[{"embeddable":true,"href":"https:\/\/maisonlaw.com\/es\/wp-json\/wp\/v2\/comments?post=17161"}],"version-history":[{"count":0,"href":"https:\/\/maisonlaw.com\/es\/wp-json\/wp\/v2\/pages\/17161\/revisions"}],"up":[{"embeddable":true,"href":"https:\/\/maisonlaw.com\/es\/wp-json\/wp\/v2\/pages\/8122"}],"wp:attachment":[{"href":"https:\/\/maisonlaw.com\/es\/wp-json\/wp\/v2\/media?parent=17161"}],"curies":[{"name":"wp","href":"https:\/\/api.w.org\/{rel}","templated":true}]}}