{"id":17159,"date":"2022-08-30T01:54:18","date_gmt":"2022-08-30T08:54:18","guid":{"rendered":"https:\/\/maisonlaw.com\/?page_id=17159"},"modified":"2022-08-30T01:54:18","modified_gmt":"2022-08-30T08:54:18","slug":"muerte-por-negligencia","status":"publish","type":"page","link":"https:\/\/maisonlaw.com\/es\/fresno\/muerte-por-negligencia\/","title":{"rendered":"Abogado de muerte por negligencia en Fresno"},"content":{"rendered":"<p>Nos gustar\u00eda creer que Fresno es un lugar seguro para vivir. Pero como todas las grandes ciudades, los residentes se enfrentan cada d\u00eda a un n\u00famero sorprendente de amenazas a su seguridad. A menudo son peligros en los que no pensamos mucho hasta que ocurre un accidente.<\/p>\n<p>Por desgracia, con la frecuencia de los grandes accidentes de tr\u00e1fico en la autopista 99 y en otras calles muy transitadas, las colisiones ponen en peligro vidas en <a href=\"https:\/\/maisonlaw.com\/fresno\/?lang=es\">Fresno<\/a> todos los d\u00edas. Los peligros que acechan a muchos empleados en el lugar de trabajo son otra amenaza com\u00fan que puede acabar en un accidente mortal.<\/p>\n<p>Cuando casi cualquier accidente puede poner a alguien en riesgo de muerte, es vital que las familias sepan a d\u00f3nde acudir en busca de apoyo tras perder a un ser querido. Despu\u00e9s de una tragedia causada por la negligencia de un individuo o grupo, las familias nunca deben quedarse solas para hacer frente a las consecuencias.<\/p>\n<p>&nbsp;<\/p>\n<h2><strong>Programe una consulta gratuita con un abogado de muerte por negligencia en Fresno<\/strong><\/h2>\n<p>Despu\u00e9s de que un ser querido haya sido arrebatado en un tr\u00e1gico accidente, las familias a menudo se ven obligadas a pensar en su propio bienestar durante un momento tan dif\u00edcil.<\/p>\n<p>Por desgracia, las familias pueden verse agobiadas por los costes de un funeral y un entierro. Tambi\u00e9n pueden enfrentarse a la p\u00e9rdida de los ingresos del fallecido a los pocos d\u00edas de la tragedia, por no hablar de los gastos del funeral. Cuando hay una parte culpable de un accidente de este tipo, las familias nunca deben hacer frente a estos costes solas.<\/p>\n<p>Martin Gasparian, fundador de Maison Law, ofrece a todos los familiares una evaluaci\u00f3n gratuita y confidencial de su caso. El Sr. Gasparian es un abogado de muerte por negligencia en Fresno. Ha dedicado toda su carrera a ayudar a las familias v\u00edctimas de los actos imprudentes de otros a obtener el apoyo financiero que necesitan para reconstruir sus vidas. Habla sobre las opciones para proteger a su familia ahora y en los pr\u00f3ximos a\u00f1os.<\/p>\n<h2><strong>Peligros comunes de los accidentes de muerte por negligencia en Fresno<\/strong><\/h2>\n<p>Hay muchas maneras de que la gente se lastime y, en el peor de los casos, pierda la vida en Fresno cada a\u00f1o. Estos accidentes son a menudo el resultado del descuido o la imprudencia de otra persona.<\/p>\n<p>Estos son s\u00f3lo algunos de los tipos de demandas por homicidio culposo con los que nuestros abogados ayudan a las familias cada a\u00f1o en Fresno:<\/p>\n<h2><strong>Accidentes de tr\u00e1fico<\/strong><\/h2>\n<p>Quiz\u00e1s la amenaza n\u00famero uno para cualquiera que viaje por Fresno. Los automovilistas pueden volverse imprudentes y desviarse repentinamente hacia el camino de un conductor precavido. Los accidentes devastadores en los que se ven involucrados camiones de caja, semirremolques, furgonetas de reparto y veh\u00edculos agr\u00edcolas de gran tama\u00f1o llevan una fuerza adicional a las colisiones y con frecuencia ponen en peligro m\u00e1s de una vida.<\/p>\n<h2><strong>Accidentes de motocicletas, peatones y ciclistas<\/strong><\/h2>\n<p>Estos tres grupos tienen una cosa en com\u00fan. Todos ellos est\u00e1n mucho menos protegidos en un impacto que alguien en un coche o un todoterreno. Las colisiones tienen una probabilidad mucho mayor de acabar en una muerte desgarradora.<\/p>\n<h2><strong>Accidentes agr\u00edcolas, de construcci\u00f3n y otros accidentes laborales<\/strong><\/h2>\n<p>El condado de Fresno es un lugar privilegiado para la agricultura y tambi\u00e9n hay constantes trabajos de construcci\u00f3n. Estas dos ocupaciones son algunas de las m\u00e1s peligrosas de cualquier trabajo en Am\u00e9rica. Cualquier lugar de trabajo en el que un empleador permita que existan condiciones inseguras puede acabar cobr\u00e1ndose la vida de un empleado.<\/p>\n<h2><strong>Responsabilidad de los locales<\/strong><\/h2>\n<p>Los propietarios, los caseros y las empresas de gesti\u00f3n de alquileres son responsables de la seguridad de los inquilinos y de quienes alquilan una propiedad comercial. Una escalera que se desmorona o un problema en torno a una piscina pueden hacer que el propietario sea totalmente responsable de una tr\u00e1gica p\u00e9rdida de vida. La responsabilidad de los locales tambi\u00e9n se extiende a los propietarios de las empresas de restaurantes y cadenas de supermercados, donde los resbalones y las ca\u00eddas, as\u00ed como otros peligros, pueden cobrarse vidas.<\/p>\n<h2><strong>Responsabilidad por productos<\/strong><\/h2>\n<p>Los productos que introducimos en nuestros hogares, como un electrodom\u00e9stico o una herramienta, corren el riesgo de funcionar mal y hacernos da\u00f1o a nosotros o a un miembro de la familia. La tienda que vendi\u00f3 el producto y el fabricante podr\u00edan ser responsables de dar apoyo a los familiares cercanos que quedan tras un accidente mortal.<\/p>\n<h2><strong>Lesiones deportivas y recreativas<\/strong><\/h2>\n<p>Los ni\u00f1os y adultos que mueren mientras practican deportes en una liga escolar o municipal pueden dar lugar a una demanda por homicidio culposo. Un accidente mortal en un parque tem\u00e1tico o de atracciones puede dar lugar a una indemnizaci\u00f3n por homicidio culposo aunque se haya firmado un formulario de renuncia.<\/p>\n<h2><strong>Accidentes relacionados con el gobierno de la ciudad<\/strong><\/h2>\n<p>Las acciones descuidadas de un trabajador de la ciudad o un peligro derivado del transporte p\u00fablico o de un servicio de la ciudad pueden poner en peligro a un ser querido. Una lesi\u00f3n mortal sufrida en un edificio p\u00fablico tambi\u00e9n puede ser motivo de una demanda por homicidio culposo. Los casos en los que est\u00e1n implicados departamentos del gobierno de Fresno pueden tener plazos m\u00e1s cortos para presentar una reclamaci\u00f3n, por lo que es importante actuar lo antes posible despu\u00e9s de una tragedia.<\/p>\n<h2><strong>Mordeduras de perro<\/strong><\/h2>\n<p>California es un estado de responsabilidad estricta por mordeduras de perro, y los propietarios son responsables de sus perros incluso si sus mascotas nunca han atacado a nadie antes. Si un ser querido muere en un ataque de perro, los familiares supervivientes pueden pedir ayuda econ\u00f3mica al proveedor de seguros de hogar del propietario del perro.<\/p>\n<p><strong>\u00a0<\/strong><\/p>\n<h2><strong>\u00bfQu\u00e9 tipos de da\u00f1os pueden obtener apoyo financiero en un caso de muerte por negligencia?<\/strong><\/h2>\n<p>Las familias que deber\u00edan poder centrarse en el duelo pueden enfrentarse a una enorme pila de facturas y deudas tras una muerte repentina.<\/p>\n<p>Cuando la muerte fue el resultado de un acto de negligencia por parte de un conductor, un empleador, un empresario o cualquier otra persona, las familias deben exigir ayuda para sus dificultades.<\/p>\n<p>Estos son s\u00f3lo algunos de los da\u00f1os que las familias pueden solicitar a trav\u00e9s de una demanda por muerte por negligencia en Fresno:<\/p>\n<ul>\n<li>El reembolso de un servicio conmemorativo y del entierro.<\/li>\n<li>Dinero para pagar los servicios de ambulancia y los honorarios de respuesta de emergencia despu\u00e9s de un accidente. Fondos para pagar cualquier atenci\u00f3n m\u00e9dica administrada antes de que un ser querido falleciera.<\/li>\n<li>Apoyo financiero para mantener a la familia en el futuro cuando se queden sin los ingresos que un ser querido ya no puede proporcionar a trav\u00e9s del empleo.<\/li>\n<li>Indemnizaci\u00f3n por la p\u00e9rdida emocional de la compa\u00f1\u00eda y orientaci\u00f3n del fallecido.<\/li>\n<\/ul>\n<h2><strong>\u00bfQui\u00e9n puede presentar una demanda por muerte por negligencia?<\/strong><\/h2>\n<p>California da a las familias que se enfrentan a una p\u00e9rdida tr\u00e1gica hasta dos a\u00f1os para presentar una reclamaci\u00f3n por muerte por negligencia contra cualquier persona cuyo acto il\u00edcito haya contribuido a la p\u00e9rdida de la vida.<\/p>\n<p>El c\u00f3nyuge, la pareja de hecho o los hijos de la v\u00edctima pueden presentar esta demanda por homicidio culposo. En algunos casos, los padres de una v\u00edctima joven tambi\u00e9n pueden presentar una demanda de muerte por negligencia por la p\u00e9rdida de su hijo. Una persona presentar\u00eda el caso de muerte por negligencia en nombre del resto de la familia.<\/p>\n<p>Un abogado de lesiones personales que act\u00fae en nombre de la familia tambi\u00e9n puede presentar un caso de muerte por negligencia.<\/p>\n<p>&nbsp;<\/p>\n<h2><strong>\u00bfNecesita un abogado de muerte por negligencia despu\u00e9s de un accidente en Fresno?<\/strong><\/h2>\n<p>En la mayor\u00eda de los casos, siempre que usted y su familia dependan de una compa\u00f1\u00eda de seguros para recibir ayuda, es fundamental tener a un profesional del derecho de su lado.<\/p>\n<p>Desafortunadamente, las compa\u00f1\u00edas de seguros de las partes culpables, no tienen en mente los mejores intereses de las familias v\u00edctimas. Se esforzar\u00e1n por evitar asumir la responsabilidad del error de su asegurado para poder ahorrar dinero. En algunos casos, los ajustadores de seguros pueden incluso intentar culpar a la v\u00edctima fallecida.<\/p>\n<p>Su abogado de lesiones personales de Fresno se defender\u00e1 de este tipo de comportamiento e investigar\u00e1 a fondo el accidente de coche. Entonces, \u00e9l o ella podr\u00e1 determinar cada parte que pueda ser responsable de lo ocurrido. Su abogado re\u00fane todas las pruebas pertinentes para construir un caso s\u00f3lido que las compa\u00f1\u00edas de seguros tendr\u00e1n dificultades para rechazar.<\/p>\n<p>Su abogado tambi\u00e9n se encarga de toda la comunicaci\u00f3n con cualquier compa\u00f1\u00eda de seguros y trabaja para protegerle a usted y a su familia de las molestias.<\/p>\n<p>Cuando una corporaci\u00f3n u otro negocio es responsable de la muerte de su ser querido, tambi\u00e9n es importante contar con un representante legal. Estas empresas, como una cadena de supermercados o una compa\u00f1\u00eda de camiones, pueden tener abogados corporativos que tambi\u00e9n trabajar\u00e1n para limitar la ayuda que recibe su familia. Un abogado experimentado no permitir\u00e1 que estas entidades se escabullan de asumir su responsabilidad.<\/p>\n<p>&nbsp;<\/p>\n<h2><strong>Preguntas frecuentes<\/strong><\/h2>\n<ul>\n<li><strong>\u00bfTendr\u00e1 mi familia que acudir a los tribunales para ganar un caso de muerte por negligencia?<\/strong><\/li>\n<\/ul>\n<p>La mayor\u00eda de las demandas por muerte por negligencia se resuelven fuera de los tribunales y muy pocos casos acaban ante un juez y un jurado. Las compa\u00f1\u00edas de seguros quieren evitar los costes de acudir a los tribunales. Su familia puede aceptar una oferta de acuerdo en cualquier momento, incluso despu\u00e9s de programar un juicio.<\/p>\n<ul>\n<li><strong>\u00bfCu\u00e1nto tiempo tarda en resolverse una reclamaci\u00f3n por muerte por negligencia?<\/strong><\/li>\n<\/ul>\n<p>Tras presentar una reclamaci\u00f3n por muerte por negligencia en nombre de su familia, su abogado negociar\u00e1 para conseguir un acuerdo justo. En un caso claro de culpa, puede llegar a un acuerdo a favor de su familia en cuesti\u00f3n de unas pocas semanas. Si es necesario un juicio, el plazo se alargar\u00e1.<\/p>\n<ul>\n<li><strong>\u00bfCu\u00e1nto vale la reclamaci\u00f3n por muerte por negligencia de mi familia?<\/strong><\/li>\n<\/ul>\n<p>Cada caso de muerte por negligencia es diferente. Es dif\u00edcil estimar el valor de un caso hasta que un abogado investigue el accidente en cuesti\u00f3n. Los l\u00edmites de las p\u00f3lizas de seguro implicadas figurar\u00e1n en el valor de un caso. Tambi\u00e9n se tiene en cuenta la edad y la esperanza de vida de la v\u00edctima.<\/p>\n<h2><strong>P\u00f3ngase en contacto con los abogados de muerte por negligencia de Fresno<\/strong><\/h2>\n<p>Martin Gasparian, fundador de Maison Law, busca defender los derechos de las familias en duelo.<\/p>\n<p>Las familias habr\u00e1n sufrido la tremenda conmoci\u00f3n de una p\u00e9rdida repentina de compa\u00f1\u00eda. Tambi\u00e9n se enfrentan a un futuro sin el apoyo que el fallecido habr\u00eda seguido proporcionando. El Sr. Gasparian quiere asumir la mayor parte posible de la carga de una reclamaci\u00f3n al seguro para permitir que la familia tenga tiempo para hacer el duelo.<\/p>\n<p>P\u00f3ngase en contacto con el bufete Maison Law para programar una consulta confidencial y gratuita para su familia. Si acepta nuestro consejo legal y decide dejar que Martin Gasparian represente su caso de muerte por negligencia, no deber\u00e1 nada en absoluto a menos que consiga la manutenci\u00f3n de su familia.<\/p>\n","protected":false},"excerpt":{"rendered":"<p>Nos gustar\u00eda creer que Fresno es un lugar seguro para vivir. Pero como todas las grandes ciudades, los residentes se enfrentan cada d\u00eda a un n\u00famero sorprendente de amenazas a su seguridad. A menudo son peligros en los que no pensamos mucho hasta que ocurre un accidente. Por desgracia, con la frecuencia de los grandes [&hellip;]<\/p>\n","protected":false},"author":10,"featured_media":0,"parent":7556,"menu_order":0,"comment_status":"closed","ping_status":"closed","template":"","meta":{"footnotes":""},"class_list":["post-17159","page","type-page","status-publish","hentry"],"yoast_head":"<!-- This site is optimized with the Yoast SEO Premium plugin v27.4 (Yoast SEO v27.4) - https:\/\/yoast.com\/product\/yoast-seo-premium-wordpress\/ -->\n<title>Abogado de muerte por negligencia en Fresno | Maison Law<\/title>\n<meta name=\"description\" content=\"Nos gustar\u00eda creer que Fresno es un lugar seguro para vivir. Pero como todas las grandes ciudades, los residentes se enfrentan cada d\u00eda a un n\u00famero\" \/>\n<meta name=\"robots\" content=\"index, follow, max-snippet:-1, max-image-preview:large, max-video-preview:-1\" \/>\n<link rel=\"canonical\" href=\"https:\/\/maisonlaw.com\/es\/fresno\/muerte-por-negligencia\/\" \/>\n<meta property=\"og:locale\" content=\"es_ES\" \/>\n<meta property=\"og:type\" content=\"article\" \/>\n<meta property=\"og:title\" content=\"Abogado de muerte por negligencia en Fresno\" \/>\n<meta property=\"og:description\" content=\"Nos gustar\u00eda creer que Fresno es un lugar seguro para vivir. Pero como todas las grandes ciudades, los residentes se enfrentan cada d\u00eda a un n\u00famero\" \/>\n<meta property=\"og:url\" content=\"https:\/\/maisonlaw.com\/es\/fresno\/muerte-por-negligencia\/\" \/>\n<meta property=\"og:site_name\" content=\"Maison Law\" \/>\n<meta property=\"article:publisher\" content=\"https:\/\/www.facebook.com\/maisonlawfirm\/\" \/>\n<meta name=\"twitter:card\" content=\"summary_large_image\" \/>\n<meta name=\"twitter:label1\" content=\"Tiempo de lectura\" \/>\n\t<meta name=\"twitter:data1\" content=\"8 minutos\" \/>\n<script type=\"application\/ld+json\" class=\"yoast-schema-graph\">{\"@context\":\"https:\\\/\\\/schema.org\",\"@graph\":[{\"@type\":\"WebPage\",\"@id\":\"https:\\\/\\\/maisonlaw.com\\\/es\\\/fresno\\\/muerte-por-negligencia\\\/\",\"url\":\"https:\\\/\\\/maisonlaw.com\\\/es\\\/fresno\\\/muerte-por-negligencia\\\/\",\"name\":\"Abogado de muerte por negligencia en Fresno | Maison Law\",\"isPartOf\":{\"@id\":\"https:\\\/\\\/maisonlaw.com\\\/es\\\/#website\"},\"datePublished\":\"2022-08-30T08:54:18+00:00\",\"description\":\"Nos gustar\u00eda creer que Fresno es un lugar seguro para vivir. Pero como todas las grandes ciudades, los residentes se enfrentan cada d\u00eda a un n\u00famero\",\"breadcrumb\":{\"@id\":\"https:\\\/\\\/maisonlaw.com\\\/es\\\/fresno\\\/muerte-por-negligencia\\\/#breadcrumb\"},\"inLanguage\":\"es\",\"potentialAction\":[{\"@type\":\"ReadAction\",\"target\":[\"https:\\\/\\\/maisonlaw.com\\\/es\\\/fresno\\\/muerte-por-negligencia\\\/\"]}]},{\"@type\":\"BreadcrumbList\",\"@id\":\"https:\\\/\\\/maisonlaw.com\\\/es\\\/fresno\\\/muerte-por-negligencia\\\/#breadcrumb\",\"itemListElement\":[{\"@type\":\"ListItem\",\"position\":1,\"name\":\"Home\",\"item\":\"https:\\\/\\\/maisonlaw.com\\\/es\\\/\"},{\"@type\":\"ListItem\",\"position\":2,\"name\":\"Abogados De Accidentes En Fresno California\",\"item\":\"https:\\\/\\\/maisonlaw.com\\\/es\\\/fresno\\\/?lang=es\"},{\"@type\":\"ListItem\",\"position\":3,\"name\":\"Abogado de muerte por negligencia en Fresno\"}]},{\"@type\":\"WebSite\",\"@id\":\"https:\\\/\\\/maisonlaw.com\\\/es\\\/#website\",\"url\":\"https:\\\/\\\/maisonlaw.com\\\/es\\\/\",\"name\":\"Maison Law Accident and Injury Lawyers\",\"description\":\"The Support You Need. The Settlement You Deserve.\",\"publisher\":{\"@id\":\"https:\\\/\\\/maisonlaw.com\\\/es\\\/#organization\"},\"alternateName\":\"Maison Law\",\"potentialAction\":[{\"@type\":\"SearchAction\",\"target\":{\"@type\":\"EntryPoint\",\"urlTemplate\":\"https:\\\/\\\/maisonlaw.com\\\/es\\\/?s={search_term_string}\"},\"query-input\":{\"@type\":\"PropertyValueSpecification\",\"valueRequired\":true,\"valueName\":\"search_term_string\"}}],\"inLanguage\":\"es\"},{\"@type\":\"Organization\",\"@id\":\"https:\\\/\\\/maisonlaw.com\\\/es\\\/#organization\",\"name\":\"Maison Law Accident & Injury Attorneys\",\"alternateName\":\"Maison Law\",\"url\":\"https:\\\/\\\/maisonlaw.com\\\/es\\\/\",\"logo\":{\"@type\":\"ImageObject\",\"inLanguage\":\"es\",\"@id\":\"https:\\\/\\\/maisonlaw.com\\\/es\\\/#\\\/schema\\\/logo\\\/image\\\/\",\"url\":\"https:\\\/\\\/maisonlaw.com\\\/wp-content\\\/uploads\\\/2025\\\/06\\\/experiment-logo-opt.png\",\"contentUrl\":\"https:\\\/\\\/maisonlaw.com\\\/wp-content\\\/uploads\\\/2025\\\/06\\\/experiment-logo-opt.png\",\"width\":1345,\"height\":294,\"caption\":\"Maison Law Accident & Injury Attorneys\"},\"image\":{\"@id\":\"https:\\\/\\\/maisonlaw.com\\\/es\\\/#\\\/schema\\\/logo\\\/image\\\/\"},\"sameAs\":[\"https:\\\/\\\/www.facebook.com\\\/maisonlawfirm\\\/\",\"https:\\\/\\\/www.linkedin.com\\\/in\\\/martin-gasparian-a9956516\\\/\",\"https:\\\/\\\/www.instagram.com\\\/maison_law\\\/\",\"https:\\\/\\\/www.youtube.com\\\/@maisonlaw\"],\"description\":\"Maison Law is a California Personal Injury Law Firm.\",\"legalName\":\"Maison Law\",\"foundingDate\":\"2014-01-01\",\"numberOfEmployees\":{\"@type\":\"QuantitativeValue\",\"minValue\":\"11\",\"maxValue\":\"50\"}}]}<\/script>\n<!-- \/ Yoast SEO Premium plugin. -->","yoast_head_json":{"title":"Abogado de muerte por negligencia en Fresno | Maison Law","description":"Nos gustar\u00eda creer que Fresno es un lugar seguro para vivir. Pero como todas las grandes ciudades, los residentes se enfrentan cada d\u00eda a un n\u00famero","robots":{"index":"index","follow":"follow","max-snippet":"max-snippet:-1","max-image-preview":"max-image-preview:large","max-video-preview":"max-video-preview:-1"},"canonical":"https:\/\/maisonlaw.com\/es\/fresno\/muerte-por-negligencia\/","og_locale":"es_ES","og_type":"article","og_title":"Abogado de muerte por negligencia en Fresno","og_description":"Nos gustar\u00eda creer que Fresno es un lugar seguro para vivir. Pero como todas las grandes ciudades, los residentes se enfrentan cada d\u00eda a un n\u00famero","og_url":"https:\/\/maisonlaw.com\/es\/fresno\/muerte-por-negligencia\/","og_site_name":"Maison Law","article_publisher":"https:\/\/www.facebook.com\/maisonlawfirm\/","twitter_card":"summary_large_image","twitter_misc":{"Tiempo de lectura":"8 minutos"},"schema":{"@context":"https:\/\/schema.org","@graph":[{"@type":"WebPage","@id":"https:\/\/maisonlaw.com\/es\/fresno\/muerte-por-negligencia\/","url":"https:\/\/maisonlaw.com\/es\/fresno\/muerte-por-negligencia\/","name":"Abogado de muerte por negligencia en Fresno | Maison Law","isPartOf":{"@id":"https:\/\/maisonlaw.com\/es\/#website"},"datePublished":"2022-08-30T08:54:18+00:00","description":"Nos gustar\u00eda creer que Fresno es un lugar seguro para vivir. Pero como todas las grandes ciudades, los residentes se enfrentan cada d\u00eda a un n\u00famero","breadcrumb":{"@id":"https:\/\/maisonlaw.com\/es\/fresno\/muerte-por-negligencia\/#breadcrumb"},"inLanguage":"es","potentialAction":[{"@type":"ReadAction","target":["https:\/\/maisonlaw.com\/es\/fresno\/muerte-por-negligencia\/"]}]},{"@type":"BreadcrumbList","@id":"https:\/\/maisonlaw.com\/es\/fresno\/muerte-por-negligencia\/#breadcrumb","itemListElement":[{"@type":"ListItem","position":1,"name":"Home","item":"https:\/\/maisonlaw.com\/es\/"},{"@type":"ListItem","position":2,"name":"Abogados De Accidentes En Fresno California","item":"https:\/\/maisonlaw.com\/es\/fresno\/?lang=es"},{"@type":"ListItem","position":3,"name":"Abogado de muerte por negligencia en Fresno"}]},{"@type":"WebSite","@id":"https:\/\/maisonlaw.com\/es\/#website","url":"https:\/\/maisonlaw.com\/es\/","name":"Maison Law Accident and Injury Lawyers","description":"The Support You Need. The Settlement You Deserve.","publisher":{"@id":"https:\/\/maisonlaw.com\/es\/#organization"},"alternateName":"Maison Law","potentialAction":[{"@type":"SearchAction","target":{"@type":"EntryPoint","urlTemplate":"https:\/\/maisonlaw.com\/es\/?s={search_term_string}"},"query-input":{"@type":"PropertyValueSpecification","valueRequired":true,"valueName":"search_term_string"}}],"inLanguage":"es"},{"@type":"Organization","@id":"https:\/\/maisonlaw.com\/es\/#organization","name":"Maison Law Accident & Injury Attorneys","alternateName":"Maison Law","url":"https:\/\/maisonlaw.com\/es\/","logo":{"@type":"ImageObject","inLanguage":"es","@id":"https:\/\/maisonlaw.com\/es\/#\/schema\/logo\/image\/","url":"https:\/\/maisonlaw.com\/wp-content\/uploads\/2025\/06\/experiment-logo-opt.png","contentUrl":"https:\/\/maisonlaw.com\/wp-content\/uploads\/2025\/06\/experiment-logo-opt.png","width":1345,"height":294,"caption":"Maison Law Accident & Injury Attorneys"},"image":{"@id":"https:\/\/maisonlaw.com\/es\/#\/schema\/logo\/image\/"},"sameAs":["https:\/\/www.facebook.com\/maisonlawfirm\/","https:\/\/www.linkedin.com\/in\/martin-gasparian-a9956516\/","https:\/\/www.instagram.com\/maison_law\/","https:\/\/www.youtube.com\/@maisonlaw"],"description":"Maison Law is a California Personal Injury Law Firm.","legalName":"Maison Law","foundingDate":"2014-01-01","numberOfEmployees":{"@type":"QuantitativeValue","minValue":"11","maxValue":"50"}}]}},"_links":{"self":[{"href":"https:\/\/maisonlaw.com\/es\/wp-json\/wp\/v2\/pages\/17159","targetHints":{"allow":["GET"]}}],"collection":[{"href":"https:\/\/maisonlaw.com\/es\/wp-json\/wp\/v2\/pages"}],"about":[{"href":"https:\/\/maisonlaw.com\/es\/wp-json\/wp\/v2\/types\/page"}],"author":[{"embeddable":true,"href":"https:\/\/maisonlaw.com\/es\/wp-json\/wp\/v2\/users\/10"}],"replies":[{"embeddable":true,"href":"https:\/\/maisonlaw.com\/es\/wp-json\/wp\/v2\/comments?post=17159"}],"version-history":[{"count":0,"href":"https:\/\/maisonlaw.com\/es\/wp-json\/wp\/v2\/pages\/17159\/revisions"}],"up":[{"embeddable":true,"href":"https:\/\/maisonlaw.com\/es\/wp-json\/wp\/v2\/pages\/7556"}],"wp:attachment":[{"href":"https:\/\/maisonlaw.com\/es\/wp-json\/wp\/v2\/media?parent=17159"}],"curies":[{"name":"wp","href":"https:\/\/api.w.org\/{rel}","templated":true}]}}