{"id":17157,"date":"2022-08-30T01:49:45","date_gmt":"2022-08-30T08:49:45","guid":{"rendered":"https:\/\/maisonlaw.com\/?page_id=17157"},"modified":"2022-08-30T01:49:45","modified_gmt":"2022-08-30T08:49:45","slug":"centro-comercial-river-park","status":"publish","type":"page","link":"https:\/\/maisonlaw.com\/es\/fresno\/resbalones-y-caidas\/tiendas-de-comestibles\/centro-comercial-river-park\/","title":{"rendered":"Resbalones y ca\u00eddas en el Centro Comercial River Park"},"content":{"rendered":"<p>El Centro Comercial River Park de Fresno es principalmente una instalaci\u00f3n al aire libre que consta de m\u00e1s de 75 tiendas minoristas, restaurantes y otros negocios. Adem\u00e1s, cuenta incluso con un mercado agr\u00edcola los martes y jueves. Es un lugar estupendo para pasar unas horas por la tarde o por la noche. Sin embargo, un peligro com\u00fan en River Park o en cualquier otro lugar como \u00e9ste es el hecho de que usted podr\u00eda ser v\u00edctima de un accidente por resbal\u00f3n o tropiezo y sufrir lesiones graves. Por ejemplo, a continuaci\u00f3n se indican algunas causas comunes de esos accidentes:<\/p>\n<ul>\n<li>Agujeros y grietas en el aparcamiento.<\/li>\n<li>Bebidas o alimentos derramados en los pasillos de los clientes.<\/li>\n<li>Agua en los suelos de los lavabos.<\/li>\n<li>Superficies para caminar desiguales o mal mantenidas.<\/li>\n<li>Moquetas rotas, desgastadas o mal aseguradas.<\/li>\n<li>Soportes de estanter\u00edas o cables el\u00e9ctricos invadiendo los pasillos de los clientes o las zonas comunes de paso.<\/li>\n<li>Embalajes o desechos dejados en los pasillos de los clientes.<\/li>\n<\/ul>\n<h2><strong>El deber de cuidado<\/strong><\/h2>\n<p>Todo propietario u ocupante de un espacio en un centro comercial tiene el deber para con los dem\u00e1s que se encuentren legalmente en el local de mantener su propiedad en un estado libre de defectos que puedan causar da\u00f1os al p\u00fablico. Si tal condici\u00f3n era conocida o deber\u00eda haber sido conocida por un propietario u ocupante, y no se tomaron las medidas apropiadas para remediarla antes de que una persona resultara herida por ella, ese propietario u ocupante podr\u00eda ser considerado responsable de indemnizar a la v\u00edctima de las lesiones por sus da\u00f1os y perjuicios. \u00c9stos podr\u00edan consistir en lo siguiente<\/p>\n<ul>\n<li>Facturas m\u00e9dicas pasadas y futuras.<\/li>\n<li>P\u00e9rdida de ingresos pasados y futuros o de la capacidad de ganancia.<\/li>\n<li>Cualquier desfiguraci\u00f3n o discapacidad permanente.<\/li>\n<li>P\u00e9rdida de una vida normal.<\/li>\n<li>Otros da\u00f1os valiosos en caso de muerte por negligencia.<\/li>\n<\/ul>\n<h2><strong>Lesiones comunes por resbalones y ca\u00eddas<\/strong><\/h2>\n<p>Cuando una persona resbala y se cae, lo normal es que su pie delantero salga volando por el aire y caiga hacia atr\u00e1s. Sin embargo, si esa persona tropieza y se cae, ese pie delantero suele chocar con un obst\u00e1culo, y cae hacia delante. Estas son algunas de las lesiones m\u00e1s comunes por resbalones y tropiezos:<\/p>\n<ul>\n<li>Fractura de cr\u00e1neo con lesi\u00f3n cerebral traum\u00e1tica.<\/li>\n<li>Fracturas faciales con lesiones dentales.<\/li>\n<li>Lesiones de cuello y espalda con desplazamiento o hernia de disco vertebral con pinzamiento o da\u00f1o de los nervios.<\/li>\n<li>Fracturas de clav\u00edcula, brazo, mu\u00f1eca, cadera, pierna o tobillo.<\/li>\n<li>Rotura de cart\u00edlagos, ligamentos o tendones.<\/li>\n<li>Lesiones del tejido musculoesquel\u00e9tico.<\/li>\n<\/ul>\n<h2><strong>Qu\u00e9 hacer despu\u00e9s de una ca\u00edda en un centro comercial<\/strong><\/h2>\n<p>Intente tomar fotos de la situaci\u00f3n que provoc\u00f3 su ca\u00edda e informe de inmediato a la direcci\u00f3n sobre su accidente y sus lesiones. Despu\u00e9s, busque atenci\u00f3n m\u00e9dica inmediatamente. Adem\u00e1s, si necesita a los param\u00e9dicos, p\u00f3ngase en contacto con el 911 inmediatamente. Le llevar\u00e1n a una sala de emergencias cercana. Los param\u00e9dicos elaborar\u00e1n su propio informe y el personal de la sala de emergencias tambi\u00e9n redactar\u00e1 su informe detallando su accidente y sus lesiones. Estos informes ser\u00e1n fundamentales a la hora de reclamar una indemnizaci\u00f3n por sus lesiones y da\u00f1os. Entonces, p\u00f3ngase en contacto con nosotros en Maison Law para concertar una consulta gratuita con un abogado de nuestras oficinas especializado en resbalones y ca\u00eddas de Fresno.<\/p>\n<h2><strong>No d\u00e9 una declaraci\u00f3n<\/strong><\/h2>\n<p>Es posible que un representante de la compa\u00f1\u00eda de seguros contraria se ponga en contacto con usted y le diga que ser\u00e1 necesaria una declaraci\u00f3n escrita o grabada suya para procesar su reclamaci\u00f3n. No caiga en eso, porque la ley de California no le obliga a dar a esa aseguradora ning\u00fan tipo de declaraci\u00f3n. El representante de esa aseguradora s\u00f3lo est\u00e1 intentando adormecerle con una falsa sensaci\u00f3n de seguridad para poder tergiversar los hechos del caso en el futuro en un esfuerzo por devaluar su reclamaci\u00f3n. No importa c\u00f3mo ese individuo intente intimidarle, no preste declaraci\u00f3n. Si le dicen que su reclamaci\u00f3n se cerrar\u00e1 sin una declaraci\u00f3n, deje que la cierre. Sabemos c\u00f3mo hacer que se abra de nuevo con una severa llamada telef\u00f3nica o una carta.<\/p>\n<p>Despu\u00e9s de un resbal\u00f3n y ca\u00edda o tropiezo en cualquier centro comercial o de compras en <a href=\"https:\/\/maisonlaw.com\/fresno\/?lang=es\">Fresno<\/a> o sus alrededores, preserve y proteja sus derechos poni\u00e9ndose en contacto con Maison Law de inmediato. Al ser contratados para representarle, nuestro objetivo ser\u00e1 perseguir el m\u00e1ximo acuerdo o indemnizaci\u00f3n que usted merece.<\/p>\n<h2><strong>P\u00f3ngase en contacto con un abogado especializado en resbalones y ca\u00eddas del Centro Comercial River Park hoy<\/strong><\/h2>\n<p>Si usted o un ser querido resulta herido en un accidente de resbal\u00f3n y ca\u00edda en el Centro Comercial River Park de Fresno, no espere que los propietarios y sus agentes de seguros le ofrezcan la ayuda que necesita. Es posible que no sean responsables de su accidente, pero por desgracia, probablemente tendr\u00e1 que luchar para conseguir lo que es justo para cubrir sus dificultades sufridas desde su traum\u00e1tica ca\u00edda.<\/p>\n<p>P\u00f3ngase en contacto con un abogado con experiencia en resbalones y ca\u00eddas en Fresno, como Martin Gasparian, para una consulta sin compromiso y sin coste alguno para usted.\u00a0 El Sr. Gasparian cree firmemente en proteger e informar a cada v\u00edctima de los trucos de la industria de los seguros. Mientras se recupera, debe concentrarse en su recuperaci\u00f3n y preocuparse por entrar en bancarrota financiera tratando de mantenerse al d\u00eda con sus gastos.<\/p>\n","protected":false},"excerpt":{"rendered":"<p>El Centro Comercial River Park de Fresno es principalmente una instalaci\u00f3n al aire libre que consta de m\u00e1s de 75 tiendas minoristas, restaurantes y otros negocios. Adem\u00e1s, cuenta incluso con un mercado agr\u00edcola los martes y jueves. Es un lugar estupendo para pasar unas horas por la tarde o por la noche. Sin embargo, un [&hellip;]<\/p>\n","protected":false},"author":10,"featured_media":0,"parent":17153,"menu_order":0,"comment_status":"closed","ping_status":"closed","template":"","meta":{"footnotes":""},"class_list":["post-17157","page","type-page","status-publish","hentry"],"yoast_head":"<!-- This site is optimized with the Yoast SEO Premium plugin v27.3 (Yoast SEO v27.3) - https:\/\/yoast.com\/product\/yoast-seo-premium-wordpress\/ -->\n<title>Resbalones y ca\u00eddas en el Centro Comercial River Park | Maison Law<\/title>\n<meta name=\"description\" content=\"El Centro Comercial River Park de Fresno es principalmente una instalaci\u00f3n al aire libre que consta de m\u00e1s de 75 tiendas minoristas, restaurantes y otros\" \/>\n<meta name=\"robots\" content=\"index, follow, max-snippet:-1, max-image-preview:large, max-video-preview:-1\" \/>\n<link rel=\"canonical\" href=\"https:\/\/maisonlaw.com\/es\/fresno\/resbalones-y-caidas\/tiendas-de-comestibles\/centro-comercial-river-park\/\" \/>\n<meta property=\"og:locale\" content=\"es_ES\" \/>\n<meta property=\"og:type\" content=\"article\" \/>\n<meta property=\"og:title\" content=\"Resbalones y ca\u00eddas en el Centro Comercial River Park\" \/>\n<meta property=\"og:description\" content=\"El Centro Comercial River Park de Fresno es principalmente una instalaci\u00f3n al aire libre que consta de m\u00e1s de 75 tiendas minoristas, restaurantes y otros\" \/>\n<meta property=\"og:url\" content=\"https:\/\/maisonlaw.com\/es\/fresno\/resbalones-y-caidas\/tiendas-de-comestibles\/centro-comercial-river-park\/\" \/>\n<meta property=\"og:site_name\" content=\"Maison Law\" \/>\n<meta property=\"article:publisher\" content=\"https:\/\/www.facebook.com\/maisonlawfirm\/\" \/>\n<meta name=\"twitter:card\" content=\"summary_large_image\" \/>\n<meta name=\"twitter:label1\" content=\"Tiempo de lectura\" \/>\n\t<meta name=\"twitter:data1\" content=\"4 minutos\" \/>\n<script type=\"application\/ld+json\" class=\"yoast-schema-graph\">{\"@context\":\"https:\\\/\\\/schema.org\",\"@graph\":[{\"@type\":\"WebPage\",\"@id\":\"https:\\\/\\\/maisonlaw.com\\\/es\\\/fresno\\\/resbalones-y-caidas\\\/tiendas-de-comestibles\\\/centro-comercial-river-park\\\/\",\"url\":\"https:\\\/\\\/maisonlaw.com\\\/es\\\/fresno\\\/resbalones-y-caidas\\\/tiendas-de-comestibles\\\/centro-comercial-river-park\\\/\",\"name\":\"Resbalones y ca\u00eddas en el Centro Comercial River Park | Maison Law\",\"isPartOf\":{\"@id\":\"https:\\\/\\\/maisonlaw.com\\\/es\\\/#website\"},\"datePublished\":\"2022-08-30T08:49:45+00:00\",\"description\":\"El Centro Comercial River Park de Fresno es principalmente una instalaci\u00f3n al aire libre que consta de m\u00e1s de 75 tiendas minoristas, restaurantes y otros\",\"breadcrumb\":{\"@id\":\"https:\\\/\\\/maisonlaw.com\\\/es\\\/fresno\\\/resbalones-y-caidas\\\/tiendas-de-comestibles\\\/centro-comercial-river-park\\\/#breadcrumb\"},\"inLanguage\":\"es\",\"potentialAction\":[{\"@type\":\"ReadAction\",\"target\":[\"https:\\\/\\\/maisonlaw.com\\\/es\\\/fresno\\\/resbalones-y-caidas\\\/tiendas-de-comestibles\\\/centro-comercial-river-park\\\/\"]}]},{\"@type\":\"BreadcrumbList\",\"@id\":\"https:\\\/\\\/maisonlaw.com\\\/es\\\/fresno\\\/resbalones-y-caidas\\\/tiendas-de-comestibles\\\/centro-comercial-river-park\\\/#breadcrumb\",\"itemListElement\":[{\"@type\":\"ListItem\",\"position\":1,\"name\":\"Home\",\"item\":\"https:\\\/\\\/maisonlaw.com\\\/es\\\/\"},{\"@type\":\"ListItem\",\"position\":2,\"name\":\"Abogados De Accidentes En Fresno California\",\"item\":\"https:\\\/\\\/maisonlaw.com\\\/es\\\/fresno\\\/?lang=es\"},{\"@type\":\"ListItem\",\"position\":3,\"name\":\"Abogado de accidentes por resbalones y ca\u00eddas en Fresno\",\"item\":\"https:\\\/\\\/maisonlaw.com\\\/es\\\/fresno\\\/resbalones-y-caidas\\\/?lang=es\"},{\"@type\":\"ListItem\",\"position\":4,\"name\":\"Abogado de resbalones y ca\u00eddas en tiendas de comestibles en Fresno\",\"item\":\"https:\\\/\\\/maisonlaw.com\\\/es\\\/fresno\\\/resbalones-y-caidas\\\/tiendas-de-comestibles\\\/?lang=es\"},{\"@type\":\"ListItem\",\"position\":5,\"name\":\"Resbalones y ca\u00eddas en el Centro Comercial River Park\"}]},{\"@type\":\"WebSite\",\"@id\":\"https:\\\/\\\/maisonlaw.com\\\/es\\\/#website\",\"url\":\"https:\\\/\\\/maisonlaw.com\\\/es\\\/\",\"name\":\"Maison Law Accident and Injury Lawyers\",\"description\":\"The Support You Need. The Settlement You Deserve.\",\"publisher\":{\"@id\":\"https:\\\/\\\/maisonlaw.com\\\/es\\\/#organization\"},\"alternateName\":\"Maison Law\",\"potentialAction\":[{\"@type\":\"SearchAction\",\"target\":{\"@type\":\"EntryPoint\",\"urlTemplate\":\"https:\\\/\\\/maisonlaw.com\\\/es\\\/?s={search_term_string}\"},\"query-input\":{\"@type\":\"PropertyValueSpecification\",\"valueRequired\":true,\"valueName\":\"search_term_string\"}}],\"inLanguage\":\"es\"},{\"@type\":\"Organization\",\"@id\":\"https:\\\/\\\/maisonlaw.com\\\/es\\\/#organization\",\"name\":\"Maison Law Accident & Injury Attorneys\",\"alternateName\":\"Maison Law\",\"url\":\"https:\\\/\\\/maisonlaw.com\\\/es\\\/\",\"logo\":{\"@type\":\"ImageObject\",\"inLanguage\":\"es\",\"@id\":\"https:\\\/\\\/maisonlaw.com\\\/es\\\/#\\\/schema\\\/logo\\\/image\\\/\",\"url\":\"https:\\\/\\\/maisonlaw.com\\\/wp-content\\\/uploads\\\/2025\\\/06\\\/experiment-logo-opt.png\",\"contentUrl\":\"https:\\\/\\\/maisonlaw.com\\\/wp-content\\\/uploads\\\/2025\\\/06\\\/experiment-logo-opt.png\",\"width\":1345,\"height\":294,\"caption\":\"Maison Law Accident & Injury Attorneys\"},\"image\":{\"@id\":\"https:\\\/\\\/maisonlaw.com\\\/es\\\/#\\\/schema\\\/logo\\\/image\\\/\"},\"sameAs\":[\"https:\\\/\\\/www.facebook.com\\\/maisonlawfirm\\\/\",\"https:\\\/\\\/www.linkedin.com\\\/in\\\/martin-gasparian-a9956516\\\/\",\"https:\\\/\\\/www.instagram.com\\\/maison_law\\\/\",\"https:\\\/\\\/www.youtube.com\\\/@maisonlaw\"],\"description\":\"Maison Law is a California Personal Injury Law Firm.\",\"legalName\":\"Maison Law\",\"foundingDate\":\"2014-01-01\",\"numberOfEmployees\":{\"@type\":\"QuantitativeValue\",\"minValue\":\"11\",\"maxValue\":\"50\"}}]}<\/script>\n<!-- \/ Yoast SEO Premium plugin. -->","yoast_head_json":{"title":"Resbalones y ca\u00eddas en el Centro Comercial River Park | Maison Law","description":"El Centro Comercial River Park de Fresno es principalmente una instalaci\u00f3n al aire libre que consta de m\u00e1s de 75 tiendas minoristas, restaurantes y otros","robots":{"index":"index","follow":"follow","max-snippet":"max-snippet:-1","max-image-preview":"max-image-preview:large","max-video-preview":"max-video-preview:-1"},"canonical":"https:\/\/maisonlaw.com\/es\/fresno\/resbalones-y-caidas\/tiendas-de-comestibles\/centro-comercial-river-park\/","og_locale":"es_ES","og_type":"article","og_title":"Resbalones y ca\u00eddas en el Centro Comercial River Park","og_description":"El Centro Comercial River Park de Fresno es principalmente una instalaci\u00f3n al aire libre que consta de m\u00e1s de 75 tiendas minoristas, restaurantes y otros","og_url":"https:\/\/maisonlaw.com\/es\/fresno\/resbalones-y-caidas\/tiendas-de-comestibles\/centro-comercial-river-park\/","og_site_name":"Maison Law","article_publisher":"https:\/\/www.facebook.com\/maisonlawfirm\/","twitter_card":"summary_large_image","twitter_misc":{"Tiempo de lectura":"4 minutos"},"schema":{"@context":"https:\/\/schema.org","@graph":[{"@type":"WebPage","@id":"https:\/\/maisonlaw.com\/es\/fresno\/resbalones-y-caidas\/tiendas-de-comestibles\/centro-comercial-river-park\/","url":"https:\/\/maisonlaw.com\/es\/fresno\/resbalones-y-caidas\/tiendas-de-comestibles\/centro-comercial-river-park\/","name":"Resbalones y ca\u00eddas en el Centro Comercial River Park | Maison Law","isPartOf":{"@id":"https:\/\/maisonlaw.com\/es\/#website"},"datePublished":"2022-08-30T08:49:45+00:00","description":"El Centro Comercial River Park de Fresno es principalmente una instalaci\u00f3n al aire libre que consta de m\u00e1s de 75 tiendas minoristas, restaurantes y otros","breadcrumb":{"@id":"https:\/\/maisonlaw.com\/es\/fresno\/resbalones-y-caidas\/tiendas-de-comestibles\/centro-comercial-river-park\/#breadcrumb"},"inLanguage":"es","potentialAction":[{"@type":"ReadAction","target":["https:\/\/maisonlaw.com\/es\/fresno\/resbalones-y-caidas\/tiendas-de-comestibles\/centro-comercial-river-park\/"]}]},{"@type":"BreadcrumbList","@id":"https:\/\/maisonlaw.com\/es\/fresno\/resbalones-y-caidas\/tiendas-de-comestibles\/centro-comercial-river-park\/#breadcrumb","itemListElement":[{"@type":"ListItem","position":1,"name":"Home","item":"https:\/\/maisonlaw.com\/es\/"},{"@type":"ListItem","position":2,"name":"Abogados De Accidentes En Fresno California","item":"https:\/\/maisonlaw.com\/es\/fresno\/?lang=es"},{"@type":"ListItem","position":3,"name":"Abogado de accidentes por resbalones y ca\u00eddas en Fresno","item":"https:\/\/maisonlaw.com\/es\/fresno\/resbalones-y-caidas\/?lang=es"},{"@type":"ListItem","position":4,"name":"Abogado de resbalones y ca\u00eddas en tiendas de comestibles en Fresno","item":"https:\/\/maisonlaw.com\/es\/fresno\/resbalones-y-caidas\/tiendas-de-comestibles\/?lang=es"},{"@type":"ListItem","position":5,"name":"Resbalones y ca\u00eddas en el Centro Comercial River Park"}]},{"@type":"WebSite","@id":"https:\/\/maisonlaw.com\/es\/#website","url":"https:\/\/maisonlaw.com\/es\/","name":"Maison Law Accident and Injury Lawyers","description":"The Support You Need. The Settlement You Deserve.","publisher":{"@id":"https:\/\/maisonlaw.com\/es\/#organization"},"alternateName":"Maison Law","potentialAction":[{"@type":"SearchAction","target":{"@type":"EntryPoint","urlTemplate":"https:\/\/maisonlaw.com\/es\/?s={search_term_string}"},"query-input":{"@type":"PropertyValueSpecification","valueRequired":true,"valueName":"search_term_string"}}],"inLanguage":"es"},{"@type":"Organization","@id":"https:\/\/maisonlaw.com\/es\/#organization","name":"Maison Law Accident & Injury Attorneys","alternateName":"Maison Law","url":"https:\/\/maisonlaw.com\/es\/","logo":{"@type":"ImageObject","inLanguage":"es","@id":"https:\/\/maisonlaw.com\/es\/#\/schema\/logo\/image\/","url":"https:\/\/maisonlaw.com\/wp-content\/uploads\/2025\/06\/experiment-logo-opt.png","contentUrl":"https:\/\/maisonlaw.com\/wp-content\/uploads\/2025\/06\/experiment-logo-opt.png","width":1345,"height":294,"caption":"Maison Law Accident & Injury Attorneys"},"image":{"@id":"https:\/\/maisonlaw.com\/es\/#\/schema\/logo\/image\/"},"sameAs":["https:\/\/www.facebook.com\/maisonlawfirm\/","https:\/\/www.linkedin.com\/in\/martin-gasparian-a9956516\/","https:\/\/www.instagram.com\/maison_law\/","https:\/\/www.youtube.com\/@maisonlaw"],"description":"Maison Law is a California Personal Injury Law Firm.","legalName":"Maison Law","foundingDate":"2014-01-01","numberOfEmployees":{"@type":"QuantitativeValue","minValue":"11","maxValue":"50"}}]}},"_links":{"self":[{"href":"https:\/\/maisonlaw.com\/es\/wp-json\/wp\/v2\/pages\/17157","targetHints":{"allow":["GET"]}}],"collection":[{"href":"https:\/\/maisonlaw.com\/es\/wp-json\/wp\/v2\/pages"}],"about":[{"href":"https:\/\/maisonlaw.com\/es\/wp-json\/wp\/v2\/types\/page"}],"author":[{"embeddable":true,"href":"https:\/\/maisonlaw.com\/es\/wp-json\/wp\/v2\/users\/10"}],"replies":[{"embeddable":true,"href":"https:\/\/maisonlaw.com\/es\/wp-json\/wp\/v2\/comments?post=17157"}],"version-history":[{"count":0,"href":"https:\/\/maisonlaw.com\/es\/wp-json\/wp\/v2\/pages\/17157\/revisions"}],"up":[{"embeddable":true,"href":"https:\/\/maisonlaw.com\/es\/wp-json\/wp\/v2\/pages\/17153"}],"wp:attachment":[{"href":"https:\/\/maisonlaw.com\/es\/wp-json\/wp\/v2\/media?parent=17157"}],"curies":[{"name":"wp","href":"https:\/\/api.w.org\/{rel}","templated":true}]}}