{"id":17155,"date":"2022-08-30T01:46:21","date_gmt":"2022-08-30T08:46:21","guid":{"rendered":"https:\/\/maisonlaw.com\/?page_id=17155"},"modified":"2022-08-30T01:46:21","modified_gmt":"2022-08-30T08:46:21","slug":"en-un-objetivo","status":"publish","type":"page","link":"https:\/\/maisonlaw.com\/es\/fresno\/resbalones-y-caidas\/tiendas-de-comestibles\/en-un-objetivo\/","title":{"rendered":"Resbalones y ca\u00eddas en un objetivo en Fresno"},"content":{"rendered":"<p>Hay casi 2.000 tiendas Target en los Estados Unidos. Al menos tres de ellas est\u00e1n situadas en Fresno y sus alrededores. Los clientes pueden encontrar casi todo lo que necesitan en estas tiendas, desde art\u00edculos para el hogar hasta comestibles, pasando por suministros para el c\u00e9sped y el jard\u00edn y muebles. Casi todas las tiendas Target son enormes y la mayor\u00eda de ellas no cuentan con suficiente personal. Aunque Target debe a los miembros del p\u00fablico que se encuentran legalmente en sus instalaciones el deber de cuidarse de los peligros que puedan lesionarlos, la empresa no siempre toma las medidas necesarias para ello. El mantenimiento descuidado y negligente de una tienda Target puede causar graves lesiones por resbalones y tropiezos de los clientes. Despu\u00e9s de ser lesionado en un accidente de resbal\u00f3n y ca\u00edda en Target, usted querr\u00e1 consultar con un abogado de accidentes de resbal\u00f3n y ca\u00edda en <a href=\"https:\/\/maisonlaw.com\/fresno\/?lang=es\">Fresno<\/a> aqu\u00ed en Maison Law.<\/p>\n<p>&nbsp;<\/p>\n<h2><strong>Condiciones comunes que causan resbalones y tropezones<\/strong><\/h2>\n<p>Las ca\u00eddas por resbalones y tropiezos dentro de un objetivo pueden ser causadas por cualquier n\u00famero de condiciones. Aqu\u00ed hay algunos ejemplos de s\u00f3lo algunas de ellas:<\/p>\n<ul>\n<li>Resbalones en el agua en las entradas de la tienda.<\/li>\n<li>Superficies para caminar h\u00famedas y resbaladizas en la tienda debido a derrames o fugas.<\/li>\n<li>Superficies de paso desiguales, especialmente agujeros en los aparcamientos.<\/li>\n<li>Obstrucciones como las patas de los expositores que invaden los pasillos de la tienda.<\/li>\n<li>Alfombras del suelo que no est\u00e9n bien fijadas o que tengan bordes que supongan un peligro de tropiezo.<\/li>\n<\/ul>\n<h2><strong>Lesiones comunes por resbalones o tropiezos<\/strong><\/h2>\n<p>Cuando una persona resbala y luego se cae, suele caer hacia atr\u00e1s. Si una persona tropieza y luego se cae, suele caer hacia delante. Estas son algunas de las lesiones m\u00e1s comunes de este tipo de accidentes:<\/p>\n<ul>\n<li>Lesiones cerebrales y medulares traum\u00e1ticas.<\/li>\n<li>Fracturas m\u00faltiples desde el cr\u00e1neo hasta los tobillos.<\/li>\n<li>Desplazamiento o hernia de disco de la columna vertebral.<\/li>\n<li>Lesiones y dislocaciones articulares.<\/li>\n<li>M\u00faltiples lesiones de los tejidos blandos.<\/li>\n<\/ul>\n<h2><strong>Qu\u00e9 hacer despu\u00e9s de resultar herido en un resbal\u00f3n o tropiezo en Target<\/strong><\/h2>\n<p>Lo primero que debe hacer despu\u00e9s de caerse en un Target es notificar inmediatamente el accidente a un empleado o a la direcci\u00f3n. Es posible que usted o quien est\u00e9 con usted pueda tomar fotos de la situaci\u00f3n que provoc\u00f3 su ca\u00edda. Puede que incluso haya im\u00e1genes de la ca\u00edda grabadas por las c\u00e1maras de seguridad. No abandone las instalaciones hasta que haya rellenado un formulario de informe de accidente, y pida una copia del mismo antes de marcharse. No admita ninguna culpa en ese informe. Luego, ya sea por los param\u00e9dicos o por sus propios esfuerzos, acuda a una sala de urgencias de inmediato. All\u00ed se documentar\u00e1 mejor su ca\u00edda y sus lesiones. Despu\u00e9s de eso, p\u00f3ngase en contacto con nosotros en Maison Law para una consulta gratuita y la revisi\u00f3n de su caso.<\/p>\n<h2><strong>No d\u00e9 una declaraci\u00f3n grabada a la aseguradora de Target<\/strong><\/h2>\n<p>Target tiene una compa\u00f1\u00eda de seguros que se encarga de las reclamaciones por da\u00f1os personales como la suya. Su ajustador puede parecer genuinamente preocupado por su accidente y sus lesiones, pero su trabajo consiste en compensarle lo menos posible, si es que hay algo. Una de las estrategias que utilizar\u00e1 el ajustador de la aseguradora es que usted le d\u00e9 una declaraci\u00f3n grabada sobre c\u00f3mo se cay\u00f3 para obtener su versi\u00f3n de los hechos antes de procesar su reclamaci\u00f3n. A ese ajustador no le importa en absoluto su versi\u00f3n de los hechos. El prop\u00f3sito de esa declaraci\u00f3n es obtener toda la informaci\u00f3n posible que pueda ser utilizada en su contra en la defensa de Targets de su reclamaci\u00f3n por lesiones. Nunca d\u00e9 a la aseguradora contraria ning\u00fan tipo de declaraci\u00f3n escrita o grabada. La ley de California no le obliga a dar ning\u00fan tipo de declaraci\u00f3n a una aseguradora contraria. Hable primero con nosotros.<\/p>\n<p>Si se lesion\u00f3 en una ca\u00edda en cualquier tienda Target en Fresno o sus alrededores, p\u00f3ngase en contacto con los abogados especializados en resbalones y ca\u00eddas de Fresno aqu\u00ed en Maison Law para una consulta y revisi\u00f3n de su caso de forma gratuita. Nos comprometemos a escucharle atentamente y tambi\u00e9n vamos a responder a sus preguntas. Despu\u00e9s de eso, se le aconsejar\u00e1 sobre todas sus opciones legales. Cuando contrate a Maison Law para que le represente, nuestro objetivo ser\u00e1 obtener el m\u00e1ximo acuerdo o indemnizaci\u00f3n que se merece.<\/p>\n","protected":false},"excerpt":{"rendered":"<p>Hay casi 2.000 tiendas Target en los Estados Unidos. Al menos tres de ellas est\u00e1n situadas en Fresno y sus alrededores. Los clientes pueden encontrar casi todo lo que necesitan en estas tiendas, desde art\u00edculos para el hogar hasta comestibles, pasando por suministros para el c\u00e9sped y el jard\u00edn y muebles. Casi todas las tiendas [&hellip;]<\/p>\n","protected":false},"author":10,"featured_media":0,"parent":17153,"menu_order":0,"comment_status":"closed","ping_status":"closed","template":"","meta":{"footnotes":""},"class_list":["post-17155","page","type-page","status-publish","hentry"],"yoast_head":"<!-- This site is optimized with the Yoast SEO Premium plugin v27.3 (Yoast SEO v27.3) - https:\/\/yoast.com\/product\/yoast-seo-premium-wordpress\/ -->\n<title>Resbalones y ca\u00eddas en un objetivo en Fresno | Maison Law<\/title>\n<meta name=\"description\" content=\"Hay casi 2.000 tiendas Target en los Estados Unidos. Al menos tres de ellas est\u00e1n situadas en Fresno y sus alrededores. Los clientes pueden encontrar casi\" \/>\n<meta name=\"robots\" content=\"index, follow, max-snippet:-1, max-image-preview:large, max-video-preview:-1\" \/>\n<link rel=\"canonical\" href=\"https:\/\/maisonlaw.com\/es\/fresno\/resbalones-y-caidas\/tiendas-de-comestibles\/en-un-objetivo\/\" \/>\n<meta property=\"og:locale\" content=\"es_ES\" \/>\n<meta property=\"og:type\" content=\"article\" \/>\n<meta property=\"og:title\" content=\"Resbalones y ca\u00eddas en un objetivo en Fresno\" \/>\n<meta property=\"og:description\" content=\"Hay casi 2.000 tiendas Target en los Estados Unidos. Al menos tres de ellas est\u00e1n situadas en Fresno y sus alrededores. Los clientes pueden encontrar casi\" \/>\n<meta property=\"og:url\" content=\"https:\/\/maisonlaw.com\/es\/fresno\/resbalones-y-caidas\/tiendas-de-comestibles\/en-un-objetivo\/\" \/>\n<meta property=\"og:site_name\" content=\"Maison Law\" \/>\n<meta property=\"article:publisher\" content=\"https:\/\/www.facebook.com\/maisonlawfirm\/\" \/>\n<meta name=\"twitter:card\" content=\"summary_large_image\" \/>\n<meta name=\"twitter:label1\" content=\"Tiempo de lectura\" \/>\n\t<meta name=\"twitter:data1\" content=\"4 minutos\" \/>\n<script type=\"application\/ld+json\" class=\"yoast-schema-graph\">{\"@context\":\"https:\\\/\\\/schema.org\",\"@graph\":[{\"@type\":\"WebPage\",\"@id\":\"https:\\\/\\\/maisonlaw.com\\\/es\\\/fresno\\\/resbalones-y-caidas\\\/tiendas-de-comestibles\\\/en-un-objetivo\\\/\",\"url\":\"https:\\\/\\\/maisonlaw.com\\\/es\\\/fresno\\\/resbalones-y-caidas\\\/tiendas-de-comestibles\\\/en-un-objetivo\\\/\",\"name\":\"Resbalones y ca\u00eddas en un objetivo en Fresno | Maison Law\",\"isPartOf\":{\"@id\":\"https:\\\/\\\/maisonlaw.com\\\/es\\\/#website\"},\"datePublished\":\"2022-08-30T08:46:21+00:00\",\"description\":\"Hay casi 2.000 tiendas Target en los Estados Unidos. Al menos tres de ellas est\u00e1n situadas en Fresno y sus alrededores. Los clientes pueden encontrar casi\",\"breadcrumb\":{\"@id\":\"https:\\\/\\\/maisonlaw.com\\\/es\\\/fresno\\\/resbalones-y-caidas\\\/tiendas-de-comestibles\\\/en-un-objetivo\\\/#breadcrumb\"},\"inLanguage\":\"es\",\"potentialAction\":[{\"@type\":\"ReadAction\",\"target\":[\"https:\\\/\\\/maisonlaw.com\\\/es\\\/fresno\\\/resbalones-y-caidas\\\/tiendas-de-comestibles\\\/en-un-objetivo\\\/\"]}]},{\"@type\":\"BreadcrumbList\",\"@id\":\"https:\\\/\\\/maisonlaw.com\\\/es\\\/fresno\\\/resbalones-y-caidas\\\/tiendas-de-comestibles\\\/en-un-objetivo\\\/#breadcrumb\",\"itemListElement\":[{\"@type\":\"ListItem\",\"position\":1,\"name\":\"Home\",\"item\":\"https:\\\/\\\/maisonlaw.com\\\/es\\\/\"},{\"@type\":\"ListItem\",\"position\":2,\"name\":\"Abogados De Accidentes En Fresno California\",\"item\":\"https:\\\/\\\/maisonlaw.com\\\/es\\\/fresno\\\/?lang=es\"},{\"@type\":\"ListItem\",\"position\":3,\"name\":\"Abogado de accidentes por resbalones y ca\u00eddas en Fresno\",\"item\":\"https:\\\/\\\/maisonlaw.com\\\/es\\\/fresno\\\/resbalones-y-caidas\\\/?lang=es\"},{\"@type\":\"ListItem\",\"position\":4,\"name\":\"Abogado de resbalones y ca\u00eddas en tiendas de comestibles en Fresno\",\"item\":\"https:\\\/\\\/maisonlaw.com\\\/es\\\/fresno\\\/resbalones-y-caidas\\\/tiendas-de-comestibles\\\/?lang=es\"},{\"@type\":\"ListItem\",\"position\":5,\"name\":\"Resbalones y ca\u00eddas en un objetivo en Fresno\"}]},{\"@type\":\"WebSite\",\"@id\":\"https:\\\/\\\/maisonlaw.com\\\/es\\\/#website\",\"url\":\"https:\\\/\\\/maisonlaw.com\\\/es\\\/\",\"name\":\"Maison Law Accident and Injury Lawyers\",\"description\":\"The Support You Need. The Settlement You Deserve.\",\"publisher\":{\"@id\":\"https:\\\/\\\/maisonlaw.com\\\/es\\\/#organization\"},\"alternateName\":\"Maison Law\",\"potentialAction\":[{\"@type\":\"SearchAction\",\"target\":{\"@type\":\"EntryPoint\",\"urlTemplate\":\"https:\\\/\\\/maisonlaw.com\\\/es\\\/?s={search_term_string}\"},\"query-input\":{\"@type\":\"PropertyValueSpecification\",\"valueRequired\":true,\"valueName\":\"search_term_string\"}}],\"inLanguage\":\"es\"},{\"@type\":\"Organization\",\"@id\":\"https:\\\/\\\/maisonlaw.com\\\/es\\\/#organization\",\"name\":\"Maison Law Accident & Injury Attorneys\",\"alternateName\":\"Maison Law\",\"url\":\"https:\\\/\\\/maisonlaw.com\\\/es\\\/\",\"logo\":{\"@type\":\"ImageObject\",\"inLanguage\":\"es\",\"@id\":\"https:\\\/\\\/maisonlaw.com\\\/es\\\/#\\\/schema\\\/logo\\\/image\\\/\",\"url\":\"https:\\\/\\\/maisonlaw.com\\\/wp-content\\\/uploads\\\/2025\\\/06\\\/experiment-logo-opt.png\",\"contentUrl\":\"https:\\\/\\\/maisonlaw.com\\\/wp-content\\\/uploads\\\/2025\\\/06\\\/experiment-logo-opt.png\",\"width\":1345,\"height\":294,\"caption\":\"Maison Law Accident & Injury Attorneys\"},\"image\":{\"@id\":\"https:\\\/\\\/maisonlaw.com\\\/es\\\/#\\\/schema\\\/logo\\\/image\\\/\"},\"sameAs\":[\"https:\\\/\\\/www.facebook.com\\\/maisonlawfirm\\\/\",\"https:\\\/\\\/www.linkedin.com\\\/in\\\/martin-gasparian-a9956516\\\/\",\"https:\\\/\\\/www.instagram.com\\\/maison_law\\\/\",\"https:\\\/\\\/www.youtube.com\\\/@maisonlaw\"],\"description\":\"Maison Law is a California Personal Injury Law Firm.\",\"legalName\":\"Maison Law\",\"foundingDate\":\"2014-01-01\",\"numberOfEmployees\":{\"@type\":\"QuantitativeValue\",\"minValue\":\"11\",\"maxValue\":\"50\"}}]}<\/script>\n<!-- \/ Yoast SEO Premium plugin. -->","yoast_head_json":{"title":"Resbalones y ca\u00eddas en un objetivo en Fresno | Maison Law","description":"Hay casi 2.000 tiendas Target en los Estados Unidos. Al menos tres de ellas est\u00e1n situadas en Fresno y sus alrededores. Los clientes pueden encontrar casi","robots":{"index":"index","follow":"follow","max-snippet":"max-snippet:-1","max-image-preview":"max-image-preview:large","max-video-preview":"max-video-preview:-1"},"canonical":"https:\/\/maisonlaw.com\/es\/fresno\/resbalones-y-caidas\/tiendas-de-comestibles\/en-un-objetivo\/","og_locale":"es_ES","og_type":"article","og_title":"Resbalones y ca\u00eddas en un objetivo en Fresno","og_description":"Hay casi 2.000 tiendas Target en los Estados Unidos. Al menos tres de ellas est\u00e1n situadas en Fresno y sus alrededores. Los clientes pueden encontrar casi","og_url":"https:\/\/maisonlaw.com\/es\/fresno\/resbalones-y-caidas\/tiendas-de-comestibles\/en-un-objetivo\/","og_site_name":"Maison Law","article_publisher":"https:\/\/www.facebook.com\/maisonlawfirm\/","twitter_card":"summary_large_image","twitter_misc":{"Tiempo de lectura":"4 minutos"},"schema":{"@context":"https:\/\/schema.org","@graph":[{"@type":"WebPage","@id":"https:\/\/maisonlaw.com\/es\/fresno\/resbalones-y-caidas\/tiendas-de-comestibles\/en-un-objetivo\/","url":"https:\/\/maisonlaw.com\/es\/fresno\/resbalones-y-caidas\/tiendas-de-comestibles\/en-un-objetivo\/","name":"Resbalones y ca\u00eddas en un objetivo en Fresno | Maison Law","isPartOf":{"@id":"https:\/\/maisonlaw.com\/es\/#website"},"datePublished":"2022-08-30T08:46:21+00:00","description":"Hay casi 2.000 tiendas Target en los Estados Unidos. Al menos tres de ellas est\u00e1n situadas en Fresno y sus alrededores. Los clientes pueden encontrar casi","breadcrumb":{"@id":"https:\/\/maisonlaw.com\/es\/fresno\/resbalones-y-caidas\/tiendas-de-comestibles\/en-un-objetivo\/#breadcrumb"},"inLanguage":"es","potentialAction":[{"@type":"ReadAction","target":["https:\/\/maisonlaw.com\/es\/fresno\/resbalones-y-caidas\/tiendas-de-comestibles\/en-un-objetivo\/"]}]},{"@type":"BreadcrumbList","@id":"https:\/\/maisonlaw.com\/es\/fresno\/resbalones-y-caidas\/tiendas-de-comestibles\/en-un-objetivo\/#breadcrumb","itemListElement":[{"@type":"ListItem","position":1,"name":"Home","item":"https:\/\/maisonlaw.com\/es\/"},{"@type":"ListItem","position":2,"name":"Abogados De Accidentes En Fresno California","item":"https:\/\/maisonlaw.com\/es\/fresno\/?lang=es"},{"@type":"ListItem","position":3,"name":"Abogado de accidentes por resbalones y ca\u00eddas en Fresno","item":"https:\/\/maisonlaw.com\/es\/fresno\/resbalones-y-caidas\/?lang=es"},{"@type":"ListItem","position":4,"name":"Abogado de resbalones y ca\u00eddas en tiendas de comestibles en Fresno","item":"https:\/\/maisonlaw.com\/es\/fresno\/resbalones-y-caidas\/tiendas-de-comestibles\/?lang=es"},{"@type":"ListItem","position":5,"name":"Resbalones y ca\u00eddas en un objetivo en Fresno"}]},{"@type":"WebSite","@id":"https:\/\/maisonlaw.com\/es\/#website","url":"https:\/\/maisonlaw.com\/es\/","name":"Maison Law Accident and Injury Lawyers","description":"The Support You Need. The Settlement You Deserve.","publisher":{"@id":"https:\/\/maisonlaw.com\/es\/#organization"},"alternateName":"Maison Law","potentialAction":[{"@type":"SearchAction","target":{"@type":"EntryPoint","urlTemplate":"https:\/\/maisonlaw.com\/es\/?s={search_term_string}"},"query-input":{"@type":"PropertyValueSpecification","valueRequired":true,"valueName":"search_term_string"}}],"inLanguage":"es"},{"@type":"Organization","@id":"https:\/\/maisonlaw.com\/es\/#organization","name":"Maison Law Accident & Injury Attorneys","alternateName":"Maison Law","url":"https:\/\/maisonlaw.com\/es\/","logo":{"@type":"ImageObject","inLanguage":"es","@id":"https:\/\/maisonlaw.com\/es\/#\/schema\/logo\/image\/","url":"https:\/\/maisonlaw.com\/wp-content\/uploads\/2025\/06\/experiment-logo-opt.png","contentUrl":"https:\/\/maisonlaw.com\/wp-content\/uploads\/2025\/06\/experiment-logo-opt.png","width":1345,"height":294,"caption":"Maison Law Accident & Injury Attorneys"},"image":{"@id":"https:\/\/maisonlaw.com\/es\/#\/schema\/logo\/image\/"},"sameAs":["https:\/\/www.facebook.com\/maisonlawfirm\/","https:\/\/www.linkedin.com\/in\/martin-gasparian-a9956516\/","https:\/\/www.instagram.com\/maison_law\/","https:\/\/www.youtube.com\/@maisonlaw"],"description":"Maison Law is a California Personal Injury Law Firm.","legalName":"Maison Law","foundingDate":"2014-01-01","numberOfEmployees":{"@type":"QuantitativeValue","minValue":"11","maxValue":"50"}}]}},"_links":{"self":[{"href":"https:\/\/maisonlaw.com\/es\/wp-json\/wp\/v2\/pages\/17155","targetHints":{"allow":["GET"]}}],"collection":[{"href":"https:\/\/maisonlaw.com\/es\/wp-json\/wp\/v2\/pages"}],"about":[{"href":"https:\/\/maisonlaw.com\/es\/wp-json\/wp\/v2\/types\/page"}],"author":[{"embeddable":true,"href":"https:\/\/maisonlaw.com\/es\/wp-json\/wp\/v2\/users\/10"}],"replies":[{"embeddable":true,"href":"https:\/\/maisonlaw.com\/es\/wp-json\/wp\/v2\/comments?post=17155"}],"version-history":[{"count":0,"href":"https:\/\/maisonlaw.com\/es\/wp-json\/wp\/v2\/pages\/17155\/revisions"}],"up":[{"embeddable":true,"href":"https:\/\/maisonlaw.com\/es\/wp-json\/wp\/v2\/pages\/17153"}],"wp:attachment":[{"href":"https:\/\/maisonlaw.com\/es\/wp-json\/wp\/v2\/media?parent=17155"}],"curies":[{"name":"wp","href":"https:\/\/api.w.org\/{rel}","templated":true}]}}