{"id":17153,"date":"2022-08-30T01:40:21","date_gmt":"2022-08-30T08:40:21","guid":{"rendered":"https:\/\/maisonlaw.com\/?page_id=17153"},"modified":"2022-08-30T01:40:21","modified_gmt":"2022-08-30T08:40:21","slug":"tiendas-de-comestibles","status":"publish","type":"page","link":"https:\/\/maisonlaw.com\/es\/fresno\/resbalones-y-caidas\/tiendas-de-comestibles\/","title":{"rendered":"Abogado de resbalones y ca\u00eddas en tiendas de comestibles en Fresno"},"content":{"rendered":"<p>La compra de comestibles en Fresno deber\u00eda ser una experiencia sencilla y segura. Sin embargo, cuando las cadenas de supermercados dan prioridad a los beneficios y descuidan la seguridad, los compradores locales pueden sufrir graves lesiones.<\/p>\n<p>Un tarro de pepinillos que se ha ca\u00eddo puede dejar un desastre de vidrio y l\u00edquido pegajoso en el suelo y un resbal\u00f3n sobre este derrame puede causar una fractura de cadera o incluso una lesi\u00f3n en la cabeza. Un bache junto a su plaza de aparcamiento en el exterior puede atrapar su pie y provocar un tropiezo. El resultado podr\u00eda ser una lesi\u00f3n debilitante en la rodilla o el tobillo.<\/p>\n<p>Este tipo de accidentes de resbal\u00f3n y ca\u00edda en una tienda de comestibles son m\u00e1s comunes de lo que la gente puede pensar. Las v\u00edctimas querr\u00e1n recuperarse lo antes posible, pero pronto se enfrentar\u00e1n a preguntas sobre c\u00f3mo se pagar\u00e1 su atenci\u00f3n m\u00e9dica.<\/p>\n<p>&nbsp;<\/p>\n<h2><strong>Acuda a un abogado especializado en resbalones y ca\u00eddas en tiendas de comestibles en Fresno para una consulta gratuita<\/strong><\/h2>\n<p>No se debe esperar que las v\u00edctimas de una dolorosa ca\u00edda conozcan las leyes de \u00abresponsabilidad de las instalaciones\u00bb de California que protegen sus derechos despu\u00e9s de una ca\u00edda en una tienda de comestibles. Sin embargo, se espera que un abogado experto en resbalones y ca\u00eddas en tiendas de comestibles de Fresno conozca todas las leyes relacionadas con su caso de lesiones y usted puede aprovechar ese conocimiento sin riesgo.<\/p>\n<p>Maison Law ofrece una evaluaci\u00f3n gratuita de su caso a todas las v\u00edctimas para que tengan una forma de informarse de todas las prestaciones que tienen a su disposici\u00f3n, sin coste y sin compromiso. Hable de su caso con un abogado de verdad y averig\u00fce la forma m\u00e1s r\u00e1pida de obtener una ayuda por lesiones del propietario de una tienda de comestibles local o de una cadena nacional.<\/p>\n<p>&nbsp;<\/p>\n<h2><strong>Peligros de seguridad en las tiendas de comestibles en Fresno<\/strong><\/h2>\n<p>Las tiendas de comestibles como Von&#8217;s, Whole Foods y Save Mart atraen a los compradores de <a href=\"https:\/\/maisonlaw.com\/fresno\/?lang=es\">Fresno<\/a> con mercanc\u00eda fresca y rebajas. Pero si usted compra durante una \u00e9poca popular, probablemente haya visto una tienda en estado de desorden. Los clientes pueden ser bastante desordenados y el estado de la tienda no s\u00f3lo es poco atractivo, sino que puede ser inseguro.<\/p>\n<p>Es posible que los empleados de tiendas como Aldi no se tomen la molestia de vigilar si se han dejado caramelos en el suelo o se han derramado bebidas en las baldosas. Usted puede entrar y estar mirando hacia arriba en lugar de hacia el frente, s\u00f3lo para resbalar y caer hacia atr\u00e1s.<\/p>\n<p>\u00c9ste es s\u00f3lo uno de los problemas de seguridad m\u00e1s comunes en los supermercados locales, pero hay muchos otros peligros que pueden poner fin a su jornada de compras.<\/p>\n<p>Estos son s\u00f3lo algunos de los otros peligros que acechan en los pasillos y en los aparcamientos:<\/p>\n<ul>\n<li>Dentro del supermercado &#8211; M\u00e1s all\u00e1 de los charcos en el suelo, las alfombras son un peligro habitual de tropiezo. Los reponedores pueden dejar los art\u00edculos en el suelo parcialmente ocultos bajo las estanter\u00edas. Los expositores de la tienda mal colocados son una amenaza para atrapar su zapato. Se supone que los ba\u00f1os tambi\u00e9n deben estar libres de humedad en los suelos, pero \u00e9stos suelen estar muy resbaladizos por el agua y el jab\u00f3n.<\/li>\n<li>Fuera del supermercado &#8211; Los aparcamientos tambi\u00e9n son regiones peligrosas para los clientes desprevenidos. Los baches y las aceras desmoronadas podr\u00edan atrapar su pie. Los obst\u00e1culos del paisaje tambi\u00e9n podr\u00edan hacerle perder el equilibrio y tambalearse. La lluvia tambi\u00e9n supone una amenaza de resbal\u00f3n, especialmente cuando los compradores arrastran sus pies mojados hacia las entradas. Las se\u00f1ales deben estar colocadas y la limpieza debe ser frecuente para evitar que usted se caiga.<\/li>\n<\/ul>\n<p>&nbsp;<\/p>\n<h2><strong>Lesiones comunes por resbalones y ca\u00eddas en los supermercados<\/strong><\/h2>\n<p>Quiz\u00e1 le sorprenda la amplia gama de lesiones graves que pueden derivarse de un simple paseo por la secci\u00f3n de productos agr\u00edcolas.<\/p>\n<p>Caer hacia delante o hacia atr\u00e1s, o de lado, deja vulnerables ciertas partes de su cuerpo, incluida la cabeza en algunos casos<\/p>\n<p>Los accidentes por resbal\u00f3n y ca\u00edda en una tienda de comestibles suelen implicar una ca\u00edda hacia atr\u00e1s despu\u00e9s de que un zapato haya perdido el agarre. Estas son s\u00f3lo algunas de las lesiones por resbal\u00f3n y ca\u00edda que tratan los m\u00e9dicos:<\/p>\n<ul>\n<li>Lesiones cerebrales traum\u00e1ticas (TBI) y lesiones en la cabeza &#8211; Un golpe en la cabeza contra el suelo o un estante puede causar confusi\u00f3n, p\u00e9rdida de control f\u00edsico y conmociones cerebrales graves. El cr\u00e1neo tambi\u00e9n puede fracturarse y provocar una hemorragia cerebral.<\/li>\n<li>Da\u00f1os en la espalda y la m\u00e9dula espinal.<\/li>\n<li>Dislocaciones y roturas de huesos. Las articulaciones, como una fractura de cadera en una ca\u00edda, pueden ser dif\u00edciles de curar y causar otros problemas de salud durante la recuperaci\u00f3n.<\/li>\n<\/ul>\n<p>Los percances por tropiezos y ca\u00eddas pueden hacer que la v\u00edctima avance. Estos son algunos de los tipos m\u00e1s comunes de lesiones resultantes de un tropiezo:<\/p>\n<ul>\n<li>Lesiones en las manos, las mu\u00f1ecas y los dedos cuando las v\u00edctimas intentan atrapar la ca\u00edda.<\/li>\n<li>Lesiones faciales. Fracturas de mand\u00edbula, p\u00f3mulos y nariz.<\/li>\n<li>Los impactos dentales pueden provocar la rotura de dientes y traumatismos en la lengua.<\/li>\n<li>Lesiones en las rodillas.<\/li>\n<\/ul>\n<h2><strong>Responsabilidad de la tienda de comestibles tras un resbal\u00f3n y ca\u00edda en Fresno<\/strong><\/h2>\n<p>Los propietarios y operadores de tiendas de comestibles deben a los clientes un viaje seguro a sus tiendas, desde el momento en que entran en el aparcamiento.<\/p>\n<p>Este \u00abdeber de cuidado\u00bb legal les hace responsables de arreglar los peligros en sus tiendas en un tiempo razonable. Si han sido alertados de un peligro y, de alguna manera, se demoran en arreglarlo, los propietarios de las tiendas lo tendr\u00e1n dif\u00edcil para evitar la responsabilidad por los accidentes.<\/p>\n<p>Los propietarios de las tiendas tambi\u00e9n est\u00e1n obligados a vigilar estos obst\u00e1culos para detectarlos antes de que el pie de un cliente tenga la oportunidad de encontrarlos. Cuando son negligentes en estos deberes y usted se golpea contra el suelo y sufre una lesi\u00f3n, ellos son responsables.<\/p>\n<h2><strong>Indemnizaci\u00f3n para las v\u00edctimas de accidentes por resbalones y ca\u00eddas<\/strong><\/h2>\n<p>Las v\u00edctimas deben tomar inmediatamente una foto de cualquier obst\u00e1culo que les provoque una ca\u00edda. Esta es una excelente prueba de la negligencia de la tienda. Tambi\u00e9n es probable que el obst\u00e1culo desaparezca (sea arreglado o reparado) poco despu\u00e9s de que usted abandone la tienda con dolor.<\/p>\n<p>Al presentar una reclamaci\u00f3n por un accidente, su abogado especializado en resbalones y ca\u00eddas en tiendas de comestibles de Fresno le ayudar\u00eda a enumerar todo lo que implica su recuperaci\u00f3n. Usted exigir\u00eda ayuda para toda la atenci\u00f3n m\u00e9dica, sus salarios perdidos mientras falte al trabajo y apoyo adicional para el dolor f\u00edsico y emocional.<\/p>\n<p>Los gastos de viaje incurridos mientras asiste a una serie de citas de fisioterapia o ve a especialistas de fuera de la ciudad tambi\u00e9n merecen una indemnizaci\u00f3n. El transporte puede convertirse en una molestia mucho mayor mientras se enfrenta a un problema de movilidad.<\/p>\n<p>&nbsp;<\/p>\n<h2><strong>P\u00f3ngase en contacto con un abogado especializado en accidentes por tropiezos y ca\u00eddas en tiendas de comestibles en Fresno<\/strong><\/h2>\n<p>Despu\u00e9s de un accidente con una lesi\u00f3n grave en una tienda de comestibles en Fresno, muchas v\u00edctimas se preocupan por lo que deben hacer a continuaci\u00f3n. Es comprensible que las crecientes facturas m\u00e9dicas y las horas perdidas en el trabajo no hagan m\u00e1s que aumentar la ansiedad.<\/p>\n<p>Lo mejor es ponerse en contacto con el abogado Martin Gasparian para una consulta gratuita y una evaluaci\u00f3n del caso. El Sr. Gasparian da voz a las v\u00edctimas lesionadas y a sus familias. Esto es cierto incluso cuando un caso implica enfrentarse a un gigante corporativo de la alimentaci\u00f3n para asegurar el apoyo a los clientes.<\/p>\n<p>No conf\u00ede en que las compa\u00f1\u00edas de seguros y los abogados corporativos le traten con justicia despu\u00e9s de un accidente. Ellos trabajan para ahorrar dinero a sus empresas. Conf\u00ede su caso a un abogado de resbalones y ca\u00eddas de Fresno dedicado a conseguir para las v\u00edctimas la m\u00e1xima compensaci\u00f3n disponible para que vuelvan a ponerse en pie.<\/p>\n","protected":false},"excerpt":{"rendered":"<p>La compra de comestibles en Fresno deber\u00eda ser una experiencia sencilla y segura. Sin embargo, cuando las cadenas de supermercados dan prioridad a los beneficios y descuidan la seguridad, los compradores locales pueden sufrir graves lesiones. Un tarro de pepinillos que se ha ca\u00eddo puede dejar un desastre de vidrio y l\u00edquido pegajoso en el [&hellip;]<\/p>\n","protected":false},"author":10,"featured_media":0,"parent":17012,"menu_order":0,"comment_status":"closed","ping_status":"closed","template":"","meta":{"footnotes":""},"class_list":["post-17153","page","type-page","status-publish","hentry"],"yoast_head":"<!-- This site is optimized with the Yoast SEO Premium plugin v27.3 (Yoast SEO v27.3) - https:\/\/yoast.com\/product\/yoast-seo-premium-wordpress\/ -->\n<title>Abogado de resbalones y ca\u00eddas en tiendas de comestibles en Fresno | Maison Law<\/title>\n<meta name=\"description\" content=\"La compra de comestibles en Fresno deber\u00eda ser una experiencia sencilla y segura. Sin embargo, cuando las cadenas de supermercados dan prioridad a los\" \/>\n<meta name=\"robots\" content=\"index, follow, max-snippet:-1, max-image-preview:large, max-video-preview:-1\" \/>\n<link rel=\"canonical\" href=\"https:\/\/maisonlaw.com\/es\/fresno\/resbalones-y-caidas\/tiendas-de-comestibles\/\" \/>\n<meta property=\"og:locale\" content=\"es_ES\" \/>\n<meta property=\"og:type\" content=\"article\" \/>\n<meta property=\"og:title\" content=\"Abogado de resbalones y ca\u00eddas en tiendas de comestibles en Fresno\" \/>\n<meta property=\"og:description\" content=\"La compra de comestibles en Fresno deber\u00eda ser una experiencia sencilla y segura. Sin embargo, cuando las cadenas de supermercados dan prioridad a los\" \/>\n<meta property=\"og:url\" content=\"https:\/\/maisonlaw.com\/es\/fresno\/resbalones-y-caidas\/tiendas-de-comestibles\/\" \/>\n<meta property=\"og:site_name\" content=\"Maison Law\" \/>\n<meta property=\"article:publisher\" content=\"https:\/\/www.facebook.com\/maisonlawfirm\/\" \/>\n<meta name=\"twitter:card\" content=\"summary_large_image\" \/>\n<meta name=\"twitter:label1\" content=\"Tiempo de lectura\" \/>\n\t<meta name=\"twitter:data1\" content=\"6 minutos\" \/>\n<script type=\"application\/ld+json\" class=\"yoast-schema-graph\">{\"@context\":\"https:\\\/\\\/schema.org\",\"@graph\":[{\"@type\":\"WebPage\",\"@id\":\"https:\\\/\\\/maisonlaw.com\\\/es\\\/fresno\\\/resbalones-y-caidas\\\/tiendas-de-comestibles\\\/\",\"url\":\"https:\\\/\\\/maisonlaw.com\\\/es\\\/fresno\\\/resbalones-y-caidas\\\/tiendas-de-comestibles\\\/\",\"name\":\"Abogado de resbalones y ca\u00eddas en tiendas de comestibles en Fresno | Maison Law\",\"isPartOf\":{\"@id\":\"https:\\\/\\\/maisonlaw.com\\\/es\\\/#website\"},\"datePublished\":\"2022-08-30T08:40:21+00:00\",\"description\":\"La compra de comestibles en Fresno deber\u00eda ser una experiencia sencilla y segura. Sin embargo, cuando las cadenas de supermercados dan prioridad a los\",\"breadcrumb\":{\"@id\":\"https:\\\/\\\/maisonlaw.com\\\/es\\\/fresno\\\/resbalones-y-caidas\\\/tiendas-de-comestibles\\\/#breadcrumb\"},\"inLanguage\":\"es\",\"potentialAction\":[{\"@type\":\"ReadAction\",\"target\":[\"https:\\\/\\\/maisonlaw.com\\\/es\\\/fresno\\\/resbalones-y-caidas\\\/tiendas-de-comestibles\\\/\"]}]},{\"@type\":\"BreadcrumbList\",\"@id\":\"https:\\\/\\\/maisonlaw.com\\\/es\\\/fresno\\\/resbalones-y-caidas\\\/tiendas-de-comestibles\\\/#breadcrumb\",\"itemListElement\":[{\"@type\":\"ListItem\",\"position\":1,\"name\":\"Home\",\"item\":\"https:\\\/\\\/maisonlaw.com\\\/es\\\/\"},{\"@type\":\"ListItem\",\"position\":2,\"name\":\"Abogados De Accidentes En Fresno California\",\"item\":\"https:\\\/\\\/maisonlaw.com\\\/es\\\/fresno\\\/?lang=es\"},{\"@type\":\"ListItem\",\"position\":3,\"name\":\"Abogado de accidentes por resbalones y ca\u00eddas en Fresno\",\"item\":\"https:\\\/\\\/maisonlaw.com\\\/es\\\/fresno\\\/resbalones-y-caidas\\\/?lang=es\"},{\"@type\":\"ListItem\",\"position\":4,\"name\":\"Abogado de resbalones y ca\u00eddas en tiendas de comestibles en Fresno\"}]},{\"@type\":\"WebSite\",\"@id\":\"https:\\\/\\\/maisonlaw.com\\\/es\\\/#website\",\"url\":\"https:\\\/\\\/maisonlaw.com\\\/es\\\/\",\"name\":\"Maison Law Accident and Injury Lawyers\",\"description\":\"The Support You Need. The Settlement You Deserve.\",\"publisher\":{\"@id\":\"https:\\\/\\\/maisonlaw.com\\\/es\\\/#organization\"},\"alternateName\":\"Maison Law\",\"potentialAction\":[{\"@type\":\"SearchAction\",\"target\":{\"@type\":\"EntryPoint\",\"urlTemplate\":\"https:\\\/\\\/maisonlaw.com\\\/es\\\/?s={search_term_string}\"},\"query-input\":{\"@type\":\"PropertyValueSpecification\",\"valueRequired\":true,\"valueName\":\"search_term_string\"}}],\"inLanguage\":\"es\"},{\"@type\":\"Organization\",\"@id\":\"https:\\\/\\\/maisonlaw.com\\\/es\\\/#organization\",\"name\":\"Maison Law Accident & Injury Attorneys\",\"alternateName\":\"Maison Law\",\"url\":\"https:\\\/\\\/maisonlaw.com\\\/es\\\/\",\"logo\":{\"@type\":\"ImageObject\",\"inLanguage\":\"es\",\"@id\":\"https:\\\/\\\/maisonlaw.com\\\/es\\\/#\\\/schema\\\/logo\\\/image\\\/\",\"url\":\"https:\\\/\\\/maisonlaw.com\\\/wp-content\\\/uploads\\\/2025\\\/06\\\/experiment-logo-opt.png\",\"contentUrl\":\"https:\\\/\\\/maisonlaw.com\\\/wp-content\\\/uploads\\\/2025\\\/06\\\/experiment-logo-opt.png\",\"width\":1345,\"height\":294,\"caption\":\"Maison Law Accident & Injury Attorneys\"},\"image\":{\"@id\":\"https:\\\/\\\/maisonlaw.com\\\/es\\\/#\\\/schema\\\/logo\\\/image\\\/\"},\"sameAs\":[\"https:\\\/\\\/www.facebook.com\\\/maisonlawfirm\\\/\",\"https:\\\/\\\/www.linkedin.com\\\/in\\\/martin-gasparian-a9956516\\\/\",\"https:\\\/\\\/www.instagram.com\\\/maison_law\\\/\",\"https:\\\/\\\/www.youtube.com\\\/@maisonlaw\"],\"description\":\"Maison Law is a California Personal Injury Law Firm.\",\"legalName\":\"Maison Law\",\"foundingDate\":\"2014-01-01\",\"numberOfEmployees\":{\"@type\":\"QuantitativeValue\",\"minValue\":\"11\",\"maxValue\":\"50\"}}]}<\/script>\n<!-- \/ Yoast SEO Premium plugin. -->","yoast_head_json":{"title":"Abogado de resbalones y ca\u00eddas en tiendas de comestibles en Fresno | Maison Law","description":"La compra de comestibles en Fresno deber\u00eda ser una experiencia sencilla y segura. Sin embargo, cuando las cadenas de supermercados dan prioridad a los","robots":{"index":"index","follow":"follow","max-snippet":"max-snippet:-1","max-image-preview":"max-image-preview:large","max-video-preview":"max-video-preview:-1"},"canonical":"https:\/\/maisonlaw.com\/es\/fresno\/resbalones-y-caidas\/tiendas-de-comestibles\/","og_locale":"es_ES","og_type":"article","og_title":"Abogado de resbalones y ca\u00eddas en tiendas de comestibles en Fresno","og_description":"La compra de comestibles en Fresno deber\u00eda ser una experiencia sencilla y segura. Sin embargo, cuando las cadenas de supermercados dan prioridad a los","og_url":"https:\/\/maisonlaw.com\/es\/fresno\/resbalones-y-caidas\/tiendas-de-comestibles\/","og_site_name":"Maison Law","article_publisher":"https:\/\/www.facebook.com\/maisonlawfirm\/","twitter_card":"summary_large_image","twitter_misc":{"Tiempo de lectura":"6 minutos"},"schema":{"@context":"https:\/\/schema.org","@graph":[{"@type":"WebPage","@id":"https:\/\/maisonlaw.com\/es\/fresno\/resbalones-y-caidas\/tiendas-de-comestibles\/","url":"https:\/\/maisonlaw.com\/es\/fresno\/resbalones-y-caidas\/tiendas-de-comestibles\/","name":"Abogado de resbalones y ca\u00eddas en tiendas de comestibles en Fresno | Maison Law","isPartOf":{"@id":"https:\/\/maisonlaw.com\/es\/#website"},"datePublished":"2022-08-30T08:40:21+00:00","description":"La compra de comestibles en Fresno deber\u00eda ser una experiencia sencilla y segura. Sin embargo, cuando las cadenas de supermercados dan prioridad a los","breadcrumb":{"@id":"https:\/\/maisonlaw.com\/es\/fresno\/resbalones-y-caidas\/tiendas-de-comestibles\/#breadcrumb"},"inLanguage":"es","potentialAction":[{"@type":"ReadAction","target":["https:\/\/maisonlaw.com\/es\/fresno\/resbalones-y-caidas\/tiendas-de-comestibles\/"]}]},{"@type":"BreadcrumbList","@id":"https:\/\/maisonlaw.com\/es\/fresno\/resbalones-y-caidas\/tiendas-de-comestibles\/#breadcrumb","itemListElement":[{"@type":"ListItem","position":1,"name":"Home","item":"https:\/\/maisonlaw.com\/es\/"},{"@type":"ListItem","position":2,"name":"Abogados De Accidentes En Fresno California","item":"https:\/\/maisonlaw.com\/es\/fresno\/?lang=es"},{"@type":"ListItem","position":3,"name":"Abogado de accidentes por resbalones y ca\u00eddas en Fresno","item":"https:\/\/maisonlaw.com\/es\/fresno\/resbalones-y-caidas\/?lang=es"},{"@type":"ListItem","position":4,"name":"Abogado de resbalones y ca\u00eddas en tiendas de comestibles en Fresno"}]},{"@type":"WebSite","@id":"https:\/\/maisonlaw.com\/es\/#website","url":"https:\/\/maisonlaw.com\/es\/","name":"Maison Law Accident and Injury Lawyers","description":"The Support You Need. The Settlement You Deserve.","publisher":{"@id":"https:\/\/maisonlaw.com\/es\/#organization"},"alternateName":"Maison Law","potentialAction":[{"@type":"SearchAction","target":{"@type":"EntryPoint","urlTemplate":"https:\/\/maisonlaw.com\/es\/?s={search_term_string}"},"query-input":{"@type":"PropertyValueSpecification","valueRequired":true,"valueName":"search_term_string"}}],"inLanguage":"es"},{"@type":"Organization","@id":"https:\/\/maisonlaw.com\/es\/#organization","name":"Maison Law Accident & Injury Attorneys","alternateName":"Maison Law","url":"https:\/\/maisonlaw.com\/es\/","logo":{"@type":"ImageObject","inLanguage":"es","@id":"https:\/\/maisonlaw.com\/es\/#\/schema\/logo\/image\/","url":"https:\/\/maisonlaw.com\/wp-content\/uploads\/2025\/06\/experiment-logo-opt.png","contentUrl":"https:\/\/maisonlaw.com\/wp-content\/uploads\/2025\/06\/experiment-logo-opt.png","width":1345,"height":294,"caption":"Maison Law Accident & Injury Attorneys"},"image":{"@id":"https:\/\/maisonlaw.com\/es\/#\/schema\/logo\/image\/"},"sameAs":["https:\/\/www.facebook.com\/maisonlawfirm\/","https:\/\/www.linkedin.com\/in\/martin-gasparian-a9956516\/","https:\/\/www.instagram.com\/maison_law\/","https:\/\/www.youtube.com\/@maisonlaw"],"description":"Maison Law is a California Personal Injury Law Firm.","legalName":"Maison Law","foundingDate":"2014-01-01","numberOfEmployees":{"@type":"QuantitativeValue","minValue":"11","maxValue":"50"}}]}},"_links":{"self":[{"href":"https:\/\/maisonlaw.com\/es\/wp-json\/wp\/v2\/pages\/17153","targetHints":{"allow":["GET"]}}],"collection":[{"href":"https:\/\/maisonlaw.com\/es\/wp-json\/wp\/v2\/pages"}],"about":[{"href":"https:\/\/maisonlaw.com\/es\/wp-json\/wp\/v2\/types\/page"}],"author":[{"embeddable":true,"href":"https:\/\/maisonlaw.com\/es\/wp-json\/wp\/v2\/users\/10"}],"replies":[{"embeddable":true,"href":"https:\/\/maisonlaw.com\/es\/wp-json\/wp\/v2\/comments?post=17153"}],"version-history":[{"count":0,"href":"https:\/\/maisonlaw.com\/es\/wp-json\/wp\/v2\/pages\/17153\/revisions"}],"up":[{"embeddable":true,"href":"https:\/\/maisonlaw.com\/es\/wp-json\/wp\/v2\/pages\/17012"}],"wp:attachment":[{"href":"https:\/\/maisonlaw.com\/es\/wp-json\/wp\/v2\/media?parent=17153"}],"curies":[{"name":"wp","href":"https:\/\/api.w.org\/{rel}","templated":true}]}}