{"id":17145,"date":"2022-08-30T01:18:01","date_gmt":"2022-08-30T08:18:01","guid":{"rendered":"https:\/\/maisonlaw.com\/?page_id=17145"},"modified":"2022-08-30T01:18:01","modified_gmt":"2022-08-30T08:18:01","slug":"resbalones-y-caidas-en-winco","status":"publish","type":"page","link":"https:\/\/maisonlaw.com\/es\/fresno\/resbalones-y-caidas\/tiendas-de-comestibles\/resbalones-y-caidas-en-winco\/","title":{"rendered":"Abogado de accidentes por resbalones y ca\u00eddas en la tienda de comestibles WinCo en Fresno"},"content":{"rendered":"<p>WinCo Foods es una cadena de supermercados que hace las cosas de forma diferente. Los compradores de Fresno acuden a este almac\u00e9n que ofrece grandes ofertas en art\u00edculos de alimentaci\u00f3n y a granel.<\/p>\n<p>La pol\u00edtica de WinCo es que no aceptan tarjetas de cr\u00e9dito, pero cuando usted paga con dinero en efectivo o con una tarjeta de d\u00e9bito, debe recibir algo m\u00e1s que el derecho a realizar una compra. WinCo tambi\u00e9n debe proporcionarle un entorno seguro para aparcar y comprar.<\/p>\n<p>Cuando un peligro en la propiedad de WinCo acaba provocando un accidente por resbal\u00f3n y ca\u00edda y usted resulta herido, los propietarios de la empresa son responsables de su recuperaci\u00f3n. Tendr\u00e1 que trabajar para demostrar la culpa de WinCo en su accidente, pero puede recibir el reembolso de su atenci\u00f3n m\u00e9dica y mucho m\u00e1s.<\/p>\n<h2><strong>Peligros y responsabilidad por accidentes de resbal\u00f3n y ca\u00edda en WinCo<\/strong><\/h2>\n<p>WinCo tiene varias ubicaciones convenientes en nuestra \u00e1rea. Incluyen tiendas en Shaw Avenue y Peach Avenue. Clovis tambi\u00e9n tiene un local en la Avenida Ashlan.<\/p>\n<p>Cuando usted atraviesa esas puertas corredizas, los propietarios y operadores de WinCo no s\u00f3lo son responsables de tomar su dinero. Legalmente, est\u00e1n obligados a proporcionar a los visitantes un viaje de compras seguro desde el aparcamiento hasta el pasillo trasero.<\/p>\n<p>Los des\u00f3rdenes deben ser limpiados en un tiempo razonable y los peligros deben ser reparados con prontitud. Cuando no se limpia la leche derramada o no se repara una acera que se est\u00e1 desmoronando y alguien resulta herido, WinCo Foods puede ser considerado econ\u00f3micamente responsable.<\/p>\n<p>Esto significa que usted puede buscar una compensaci\u00f3n presentando una reclamaci\u00f3n por da\u00f1os contra el proveedor de seguros de la empresa. WinCo es una gran cadena de supermercados que se extiende por varios estados. Desgraciadamente, eso significa que tendr\u00e1n acceso a los abogados de la empresa que trabajar\u00e1n para se\u00f1alar el dedo acusador en otro lugar que no sea la tienda.<\/p>\n<h2><strong>Lesiones comunes en un accidente de resbal\u00f3n y ca\u00edda en WinCo en Fresno<\/strong><\/h2>\n<p>El coste de la atenci\u00f3n m\u00e9dica tras una ca\u00edda en una tienda de comestibles es un punto clave de cualquier reclamaci\u00f3n al seguro, simplemente porque las lesiones pueden ser muy graves.<\/p>\n<p>Por ejemplo, un resbal\u00f3n y ca\u00edda en la secci\u00f3n de productos agr\u00edcolas sobre una pieza de fruta ca\u00edda deja a las v\u00edctimas en riesgo de recibir un golpe en la cabeza. La cabeza puede golpearse contra un estante, un carrito de la compra o golpearse con fuerza contra el suelo. Las lesiones cerebrales traum\u00e1ticas son comunes y los efectos pueden ser a corto o largo plazo. A menudo se pierden los recuerdos tras una lesi\u00f3n grave.<\/p>\n<p>Los resbalones y las ca\u00eddas suelen enviar a las v\u00edctimas hacia atr\u00e1s o de lado y eso tambi\u00e9n hace que corran el riesgo de sufrir lesiones en la cadera. Es posible que una lesi\u00f3n de cadera no se cure completamente hasta que haya pasado un a\u00f1o. Tambi\u00e9n es posible que mientras los pacientes est\u00e1n fuera de juego sufran otros problemas de salud relacionados.<\/p>\n<p>En los accidentes de tropiezo y ca\u00edda, las v\u00edctimas suelen salir despedidas hacia delante. Esto puede ocurrir cuando los pies de las personas se enganchan en alfombras dobladas, cogen cajas dejadas en los pasillos o pisan baches.<\/p>\n<p>Estas son algunas de las lesiones m\u00e1s comunes que se tratan despu\u00e9s de un tropiezo y ca\u00edda:<\/p>\n<ul>\n<li>Lesiones en los brazos \u2013 Las v\u00edctimas lanzan instintivamente las manos hacia delante. Eso hace que todo el brazo corra el riesgo de romperse un hueso. Los dedos y las mu\u00f1ecas pueden sufrir esguinces y fracturas. Estas lesiones pueden mantener a la gente sin poder trabajar durante semanas.<\/li>\n<li>Impactos en la rodilla \u2013 Este es otro punto de impacto, ya que las personas son enviadas a dar vueltas hacia adelante. Tras una ca\u00edda sobre la rodilla, el hueso puede dejar de soportar el peso y puede dejar de doblarse por completo. Podr\u00eda ser necesaria una intervenci\u00f3n quir\u00fargica o incluso una sustituci\u00f3n o doble sustituci\u00f3n.<\/li>\n<li>Fracturas faciales \u2013 Las v\u00edctimas podr\u00edan no agarrarse y acabar recibiendo el impacto de lleno en la cara. La nariz, los p\u00f3mulos y la mand\u00edbula son vulnerables.<\/li>\n<li>Lesiones en la boca \u2013 Un choque con un suelo duro deja los dientes sueltos, rotos o desprendidos por completo. Comer puede ser dif\u00edcil hasta que los dientes puedan ser reinsertados o reemplazados.<\/li>\n<\/ul>\n<h2><strong>T\u00e1cticas del seguro tras un accidente por resbal\u00f3n y ca\u00edda en una tienda de comestibles<\/strong><\/h2>\n<p>Tratar con los abogados y representantes del seguro de una empresa como WinCo le dejar\u00e1 vulnerable a sus t\u00e1cticas dise\u00f1adas para limitar la ayuda que recibe.<\/p>\n<p>Su abogado de lesiones personales reconocer\u00e1 f\u00e1cilmente estas estrategias y se defender\u00e1 inmediatamente. Pero si no tiene un representante legal que salvaguarde su caso, es importante que est\u00e9 atento a estas pr\u00e1cticas comunes:<\/p>\n<ul>\n<li>Negar la culpa \u2013 Si WinCo consigue que usted acepte la culpa de su ca\u00edda, a menudo puede escapar sin pagar ni un c\u00e9ntimo de su recuperaci\u00f3n m\u00e9dica. Los abogados de la empresa pueden alegar que usted no miraba por d\u00f3nde iba cuando se cay\u00f3. Incluso pueden decir que sus zapatos estaban desgastados y que por eso se cay\u00f3.<\/li>\n<li>Retraso en la respuesta \u2013 Una vez que agotan sus endebles acusaciones, los ajustadores de seguros pueden dejar de responderle en absoluto. Esto ocurre mientras usted recibe m\u00e1s y m\u00e1s facturas del hospital y pierde m\u00e1s y m\u00e1s sueldos en el trabajo. El plan es conseguir que usted se sienta desesperado.<\/li>\n<li>Extender una oferta a la baja \u2013 Una vez que usted siente la presi\u00f3n de los cobradores, a las compa\u00f1\u00edas de seguros les gusta extenderle una oferta de acuerdo. Si creen que pueden salirse con la suya, esa oferta ser\u00e1 muy inferior a lo que usted necesita para pagar sus facturas y reconstruir su vida. Lamentablemente, cuando est\u00e1 atrasado en el pago de las facturas mensuales, como el pago del coche, puede sentirse presionado para aceptar la primera oferta que vea.<\/li>\n<\/ul>\n<h2><strong>Compensaci\u00f3n disponible para las v\u00edctimas de resbalones y ca\u00eddas<\/strong><\/h2>\n<p>California ampl\u00eda el plazo de prescripci\u00f3n de las reclamaciones por lesiones por resbalones y ca\u00eddas a dos a\u00f1os a partir de la fecha del accidente. Usted debe presentar una reclamaci\u00f3n dentro de este plazo o la tienda de comestibles quedar\u00e1 libre de culpa y no tendr\u00e1 que aportar ning\u00fan dinero para su recuperaci\u00f3n.<\/p>\n<p>Su abogado especializado en resbalones y ca\u00eddas de Fresno le ayudar\u00e1 a presentar su reclamaci\u00f3n y a buscar una compensaci\u00f3n por todas las dificultades que haya sufrido. Debe recibir dinero para pagar todas las facturas m\u00e9dicas que ha acumulado. El tiempo que ha estado sin trabajar debido a su lesi\u00f3n debe ser compensado. Las indemnizaciones del seguro tambi\u00e9n deben tener en cuenta el sufrimiento f\u00edsico y emocional soportado a lo largo de este dif\u00edcil per\u00edodo.<\/p>\n<h2><strong>P\u00f3ngase en contacto con un abogado especializado en resbalones y ca\u00eddas en tiendas de comestibles en Fresno<\/strong><\/h2>\n<p>Las v\u00edctimas lesionadas durante una visita a una tienda de comestibles WinCo deben llevar su caso a un abogado especializado en resbalones y ca\u00eddas de <a href=\"https:\/\/maisonlaw.com\/fresno\/?lang=es\">Fresno<\/a> lo antes posible. Hay beneficios disponibles para usted y su familia que la compa\u00f1\u00eda de seguros no le dir\u00e1.<\/p>\n<p>Programe una consulta gratuita y sin riesgo con un abogado experto para averiguar el valor de su lesi\u00f3n. Las v\u00edctimas de accidentes pierden miles de d\u00f3lares cada a\u00f1o porque dejan que las compa\u00f1\u00edas de seguros decidan lo que deben recibir. Maison Law tiene un largo historial de recuperaci\u00f3n del m\u00e1ximo en indemnizaciones para las v\u00edctimas y sus familias que intentan reconstruir sus vidas.<\/p>\n","protected":false},"excerpt":{"rendered":"<p>WinCo Foods es una cadena de supermercados que hace las cosas de forma diferente. Los compradores de Fresno acuden a este almac\u00e9n que ofrece grandes ofertas en art\u00edculos de alimentaci\u00f3n y a granel. La pol\u00edtica de WinCo es que no aceptan tarjetas de cr\u00e9dito, pero cuando usted paga con dinero en efectivo o con una [&hellip;]<\/p>\n","protected":false},"author":10,"featured_media":0,"parent":17153,"menu_order":0,"comment_status":"closed","ping_status":"closed","template":"","meta":{"footnotes":""},"class_list":["post-17145","page","type-page","status-publish","hentry"],"yoast_head":"<!-- This site is optimized with the Yoast SEO Premium plugin v27.3 (Yoast SEO v27.3) - https:\/\/yoast.com\/product\/yoast-seo-premium-wordpress\/ -->\n<title>Abogado de accidentes por resbalones y ca\u00eddas en la tienda de comestibles WinCo en Fresno | Maison Law<\/title>\n<meta name=\"description\" content=\"WinCo Foods es una cadena de supermercados que hace las cosas de forma diferente. Los compradores de Fresno acuden a este almac\u00e9n que ofrece grandes\" \/>\n<meta name=\"robots\" content=\"index, follow, max-snippet:-1, max-image-preview:large, max-video-preview:-1\" \/>\n<link rel=\"canonical\" href=\"https:\/\/maisonlaw.com\/es\/fresno\/resbalones-y-caidas\/tiendas-de-comestibles\/resbalones-y-caidas-en-winco\/\" \/>\n<meta property=\"og:locale\" content=\"es_ES\" \/>\n<meta property=\"og:type\" content=\"article\" \/>\n<meta property=\"og:title\" content=\"Abogado de accidentes por resbalones y ca\u00eddas en la tienda de comestibles WinCo en Fresno\" \/>\n<meta property=\"og:description\" content=\"WinCo Foods es una cadena de supermercados que hace las cosas de forma diferente. Los compradores de Fresno acuden a este almac\u00e9n que ofrece grandes\" \/>\n<meta property=\"og:url\" content=\"https:\/\/maisonlaw.com\/es\/fresno\/resbalones-y-caidas\/tiendas-de-comestibles\/resbalones-y-caidas-en-winco\/\" \/>\n<meta property=\"og:site_name\" content=\"Maison Law\" \/>\n<meta property=\"article:publisher\" content=\"https:\/\/www.facebook.com\/maisonlawfirm\/\" \/>\n<meta name=\"twitter:card\" content=\"summary_large_image\" \/>\n<meta name=\"twitter:label1\" content=\"Tiempo de lectura\" \/>\n\t<meta name=\"twitter:data1\" content=\"6 minutos\" \/>\n<script type=\"application\/ld+json\" class=\"yoast-schema-graph\">{\"@context\":\"https:\\\/\\\/schema.org\",\"@graph\":[{\"@type\":\"WebPage\",\"@id\":\"https:\\\/\\\/maisonlaw.com\\\/es\\\/fresno\\\/resbalones-y-caidas\\\/tiendas-de-comestibles\\\/resbalones-y-caidas-en-winco\\\/\",\"url\":\"https:\\\/\\\/maisonlaw.com\\\/es\\\/fresno\\\/resbalones-y-caidas\\\/tiendas-de-comestibles\\\/resbalones-y-caidas-en-winco\\\/\",\"name\":\"Abogado de accidentes por resbalones y ca\u00eddas en la tienda de comestibles WinCo en Fresno | Maison Law\",\"isPartOf\":{\"@id\":\"https:\\\/\\\/maisonlaw.com\\\/es\\\/#website\"},\"datePublished\":\"2022-08-30T08:18:01+00:00\",\"description\":\"WinCo Foods es una cadena de supermercados que hace las cosas de forma diferente. Los compradores de Fresno acuden a este almac\u00e9n que ofrece grandes\",\"breadcrumb\":{\"@id\":\"https:\\\/\\\/maisonlaw.com\\\/es\\\/fresno\\\/resbalones-y-caidas\\\/tiendas-de-comestibles\\\/resbalones-y-caidas-en-winco\\\/#breadcrumb\"},\"inLanguage\":\"es\",\"potentialAction\":[{\"@type\":\"ReadAction\",\"target\":[\"https:\\\/\\\/maisonlaw.com\\\/es\\\/fresno\\\/resbalones-y-caidas\\\/tiendas-de-comestibles\\\/resbalones-y-caidas-en-winco\\\/\"]}]},{\"@type\":\"BreadcrumbList\",\"@id\":\"https:\\\/\\\/maisonlaw.com\\\/es\\\/fresno\\\/resbalones-y-caidas\\\/tiendas-de-comestibles\\\/resbalones-y-caidas-en-winco\\\/#breadcrumb\",\"itemListElement\":[{\"@type\":\"ListItem\",\"position\":1,\"name\":\"Home\",\"item\":\"https:\\\/\\\/maisonlaw.com\\\/es\\\/\"},{\"@type\":\"ListItem\",\"position\":2,\"name\":\"Abogados De Accidentes En Fresno California\",\"item\":\"https:\\\/\\\/maisonlaw.com\\\/es\\\/fresno\\\/?lang=es\"},{\"@type\":\"ListItem\",\"position\":3,\"name\":\"Abogado de accidentes por resbalones y ca\u00eddas en la tienda de comestibles WinCo en Fresno\"}]},{\"@type\":\"WebSite\",\"@id\":\"https:\\\/\\\/maisonlaw.com\\\/es\\\/#website\",\"url\":\"https:\\\/\\\/maisonlaw.com\\\/es\\\/\",\"name\":\"Maison Law Accident and Injury Lawyers\",\"description\":\"The Support You Need. The Settlement You Deserve.\",\"publisher\":{\"@id\":\"https:\\\/\\\/maisonlaw.com\\\/es\\\/#organization\"},\"alternateName\":\"Maison Law\",\"potentialAction\":[{\"@type\":\"SearchAction\",\"target\":{\"@type\":\"EntryPoint\",\"urlTemplate\":\"https:\\\/\\\/maisonlaw.com\\\/es\\\/?s={search_term_string}\"},\"query-input\":{\"@type\":\"PropertyValueSpecification\",\"valueRequired\":true,\"valueName\":\"search_term_string\"}}],\"inLanguage\":\"es\"},{\"@type\":\"Organization\",\"@id\":\"https:\\\/\\\/maisonlaw.com\\\/es\\\/#organization\",\"name\":\"Maison Law Accident & Injury Attorneys\",\"alternateName\":\"Maison Law\",\"url\":\"https:\\\/\\\/maisonlaw.com\\\/es\\\/\",\"logo\":{\"@type\":\"ImageObject\",\"inLanguage\":\"es\",\"@id\":\"https:\\\/\\\/maisonlaw.com\\\/es\\\/#\\\/schema\\\/logo\\\/image\\\/\",\"url\":\"https:\\\/\\\/maisonlaw.com\\\/wp-content\\\/uploads\\\/2025\\\/06\\\/experiment-logo-opt.png\",\"contentUrl\":\"https:\\\/\\\/maisonlaw.com\\\/wp-content\\\/uploads\\\/2025\\\/06\\\/experiment-logo-opt.png\",\"width\":1345,\"height\":294,\"caption\":\"Maison Law Accident & Injury Attorneys\"},\"image\":{\"@id\":\"https:\\\/\\\/maisonlaw.com\\\/es\\\/#\\\/schema\\\/logo\\\/image\\\/\"},\"sameAs\":[\"https:\\\/\\\/www.facebook.com\\\/maisonlawfirm\\\/\",\"https:\\\/\\\/www.linkedin.com\\\/in\\\/martin-gasparian-a9956516\\\/\",\"https:\\\/\\\/www.instagram.com\\\/maison_law\\\/\",\"https:\\\/\\\/www.youtube.com\\\/@maisonlaw\"],\"description\":\"Maison Law is a California Personal Injury Law Firm.\",\"legalName\":\"Maison Law\",\"foundingDate\":\"2014-01-01\",\"numberOfEmployees\":{\"@type\":\"QuantitativeValue\",\"minValue\":\"11\",\"maxValue\":\"50\"}}]}<\/script>\n<!-- \/ Yoast SEO Premium plugin. -->","yoast_head_json":{"title":"Abogado de accidentes por resbalones y ca\u00eddas en la tienda de comestibles WinCo en Fresno | Maison Law","description":"WinCo Foods es una cadena de supermercados que hace las cosas de forma diferente. Los compradores de Fresno acuden a este almac\u00e9n que ofrece grandes","robots":{"index":"index","follow":"follow","max-snippet":"max-snippet:-1","max-image-preview":"max-image-preview:large","max-video-preview":"max-video-preview:-1"},"canonical":"https:\/\/maisonlaw.com\/es\/fresno\/resbalones-y-caidas\/tiendas-de-comestibles\/resbalones-y-caidas-en-winco\/","og_locale":"es_ES","og_type":"article","og_title":"Abogado de accidentes por resbalones y ca\u00eddas en la tienda de comestibles WinCo en Fresno","og_description":"WinCo Foods es una cadena de supermercados que hace las cosas de forma diferente. Los compradores de Fresno acuden a este almac\u00e9n que ofrece grandes","og_url":"https:\/\/maisonlaw.com\/es\/fresno\/resbalones-y-caidas\/tiendas-de-comestibles\/resbalones-y-caidas-en-winco\/","og_site_name":"Maison Law","article_publisher":"https:\/\/www.facebook.com\/maisonlawfirm\/","twitter_card":"summary_large_image","twitter_misc":{"Tiempo de lectura":"6 minutos"},"schema":{"@context":"https:\/\/schema.org","@graph":[{"@type":"WebPage","@id":"https:\/\/maisonlaw.com\/es\/fresno\/resbalones-y-caidas\/tiendas-de-comestibles\/resbalones-y-caidas-en-winco\/","url":"https:\/\/maisonlaw.com\/es\/fresno\/resbalones-y-caidas\/tiendas-de-comestibles\/resbalones-y-caidas-en-winco\/","name":"Abogado de accidentes por resbalones y ca\u00eddas en la tienda de comestibles WinCo en Fresno | Maison Law","isPartOf":{"@id":"https:\/\/maisonlaw.com\/es\/#website"},"datePublished":"2022-08-30T08:18:01+00:00","description":"WinCo Foods es una cadena de supermercados que hace las cosas de forma diferente. Los compradores de Fresno acuden a este almac\u00e9n que ofrece grandes","breadcrumb":{"@id":"https:\/\/maisonlaw.com\/es\/fresno\/resbalones-y-caidas\/tiendas-de-comestibles\/resbalones-y-caidas-en-winco\/#breadcrumb"},"inLanguage":"es","potentialAction":[{"@type":"ReadAction","target":["https:\/\/maisonlaw.com\/es\/fresno\/resbalones-y-caidas\/tiendas-de-comestibles\/resbalones-y-caidas-en-winco\/"]}]},{"@type":"BreadcrumbList","@id":"https:\/\/maisonlaw.com\/es\/fresno\/resbalones-y-caidas\/tiendas-de-comestibles\/resbalones-y-caidas-en-winco\/#breadcrumb","itemListElement":[{"@type":"ListItem","position":1,"name":"Home","item":"https:\/\/maisonlaw.com\/es\/"},{"@type":"ListItem","position":2,"name":"Abogados De Accidentes En Fresno California","item":"https:\/\/maisonlaw.com\/es\/fresno\/?lang=es"},{"@type":"ListItem","position":3,"name":"Abogado de accidentes por resbalones y ca\u00eddas en la tienda de comestibles WinCo en Fresno"}]},{"@type":"WebSite","@id":"https:\/\/maisonlaw.com\/es\/#website","url":"https:\/\/maisonlaw.com\/es\/","name":"Maison Law Accident and Injury Lawyers","description":"The Support You Need. The Settlement You Deserve.","publisher":{"@id":"https:\/\/maisonlaw.com\/es\/#organization"},"alternateName":"Maison Law","potentialAction":[{"@type":"SearchAction","target":{"@type":"EntryPoint","urlTemplate":"https:\/\/maisonlaw.com\/es\/?s={search_term_string}"},"query-input":{"@type":"PropertyValueSpecification","valueRequired":true,"valueName":"search_term_string"}}],"inLanguage":"es"},{"@type":"Organization","@id":"https:\/\/maisonlaw.com\/es\/#organization","name":"Maison Law Accident & Injury Attorneys","alternateName":"Maison Law","url":"https:\/\/maisonlaw.com\/es\/","logo":{"@type":"ImageObject","inLanguage":"es","@id":"https:\/\/maisonlaw.com\/es\/#\/schema\/logo\/image\/","url":"https:\/\/maisonlaw.com\/wp-content\/uploads\/2025\/06\/experiment-logo-opt.png","contentUrl":"https:\/\/maisonlaw.com\/wp-content\/uploads\/2025\/06\/experiment-logo-opt.png","width":1345,"height":294,"caption":"Maison Law Accident & Injury Attorneys"},"image":{"@id":"https:\/\/maisonlaw.com\/es\/#\/schema\/logo\/image\/"},"sameAs":["https:\/\/www.facebook.com\/maisonlawfirm\/","https:\/\/www.linkedin.com\/in\/martin-gasparian-a9956516\/","https:\/\/www.instagram.com\/maison_law\/","https:\/\/www.youtube.com\/@maisonlaw"],"description":"Maison Law is a California Personal Injury Law Firm.","legalName":"Maison Law","foundingDate":"2014-01-01","numberOfEmployees":{"@type":"QuantitativeValue","minValue":"11","maxValue":"50"}}]}},"_links":{"self":[{"href":"https:\/\/maisonlaw.com\/es\/wp-json\/wp\/v2\/pages\/17145","targetHints":{"allow":["GET"]}}],"collection":[{"href":"https:\/\/maisonlaw.com\/es\/wp-json\/wp\/v2\/pages"}],"about":[{"href":"https:\/\/maisonlaw.com\/es\/wp-json\/wp\/v2\/types\/page"}],"author":[{"embeddable":true,"href":"https:\/\/maisonlaw.com\/es\/wp-json\/wp\/v2\/users\/10"}],"replies":[{"embeddable":true,"href":"https:\/\/maisonlaw.com\/es\/wp-json\/wp\/v2\/comments?post=17145"}],"version-history":[{"count":0,"href":"https:\/\/maisonlaw.com\/es\/wp-json\/wp\/v2\/pages\/17145\/revisions"}],"up":[{"embeddable":true,"href":"https:\/\/maisonlaw.com\/es\/wp-json\/wp\/v2\/pages\/17153"}],"wp:attachment":[{"href":"https:\/\/maisonlaw.com\/es\/wp-json\/wp\/v2\/media?parent=17145"}],"curies":[{"name":"wp","href":"https:\/\/api.w.org\/{rel}","templated":true}]}}