{"id":17143,"date":"2022-08-30T01:13:32","date_gmt":"2022-08-30T08:13:32","guid":{"rendered":"https:\/\/maisonlaw.com\/?page_id=17143"},"modified":"2022-08-30T01:13:32","modified_gmt":"2022-08-30T08:13:32","slug":"abogado-de-accidentes-por-resbalones-y-caidas-en-sprouts-en-fresno","status":"publish","type":"page","link":"https:\/\/maisonlaw.com\/es\/fresno\/resbalones-y-caidas\/tiendas-de-comestibles\/abogado-de-accidentes-por-resbalones-y-caidas-en-sprouts-en-fresno\/","title":{"rendered":"Abogado de accidentes por resbalones y ca\u00eddas en Sprouts en Fresno"},"content":{"rendered":"<p>Los residentes de Fresno que intentan comer de forma saludable pueden ir a Sprouts Farmers Market para obtener una gran selecci\u00f3n de alimentos naturales y org\u00e1nicos. <a href=\"https:\/\/maisonlaw.com\/fresno\/?lang=es\">Fresno<\/a> tiene un local en North Blackstone Avenue y los compradores de Clovis pueden apoyar su estilo de vida saludable en el local de Sprouts que hay all\u00ed.<\/p>\n<p>La selecci\u00f3n org\u00e1nica de comestibles y art\u00edculos ecol\u00f3gicos para el hogar es suficiente para rivalizar con otras tiendas como Whole Foods en cuanto a selecciones positivas. Pero que los productos sean supuestamente mejores para usted no significa que los pasillos sean m\u00e1s seguros para su familia.<\/p>\n<p>Puede que a otro cliente se le haya ca\u00eddo accidentalmente un tarro de zumo de zanahoria en la baldosa. Ese derrame inadvertido podr\u00eda dejarle en el suelo sufriendo una lesi\u00f3n por resbal\u00f3n y ca\u00edda. Es posible que est\u00e9 dolorido y en estado de shock mientras se pregunta qu\u00e9 hacer y se cuestiona si Sprouts debe ser considerado responsable.<\/p>\n<h2><strong>P\u00f3ngase en contacto con Maison Law de Fresno para una consulta gratuita<\/strong><\/h2>\n<p>Despu\u00e9s de que su lesi\u00f3n se estabilice, la cuesti\u00f3n de la responsabilidad de Sprouts ser\u00e1 muy importante durante las pr\u00f3ximas semanas. Es posible que vea c\u00f3mo se acumulan r\u00e1pidamente las facturas m\u00e9dicas, sin tener ninguna idea de c\u00f3mo pagarlas. Sin embargo, si Sprouts y sus empleados son responsables de su lesi\u00f3n, la preocupaci\u00f3n por las facturas no deber\u00eda ser su carga.<\/p>\n<p>Sprouts es 100% responsable de la seguridad de sus clientes. Desgraciadamente, muchas v\u00edctimas de accidentes en tiendas de comestibles no se dan cuenta de que pueden exigir una ayuda econ\u00f3mica.<\/p>\n<p>Evite este error llamando a Maison Law y hablando con un abogado especializado en resbalones y ca\u00eddas en tiendas de comestibles de Fresno. Programe una consulta gratuita y descubra cu\u00e1nto vale su lesi\u00f3n y c\u00f3mo asegurar el dinero de recuperaci\u00f3n que necesita desesperadamente.<\/p>\n<h2><strong>Peligros de tropiezos y ca\u00eddas de Sprouts en el interior y en el exterior<\/strong><\/h2>\n<p>Es posible que no est\u00e9 pendiente de cada paso que da mientras mira las verduras frescas, busca en el departamento de vitaminas y suplementos y prueba productos naturales para el cuidado del cuerpo. No deber\u00eda tener que hacerlo.<\/p>\n<p>Sprouts le debe a cada cliente el \u00abdeber de cuidado\u00bb de vigilar las amenazas a su seguridad y eliminarlas o repararlas r\u00e1pidamente. Cuando descuidan este deber y usted sufre una ca\u00edda, la gigantesca cadena de supermercados puede ser considerada plenamente responsable de cada d\u00f3lar que usted gaste en su recuperaci\u00f3n tras un accidente de resbal\u00f3n y ca\u00edda en Fresno.<\/p>\n<p>Esto se aplica al exterior de la tienda, en el aparcamiento. Los baches no reparados y las aceras desmoronadas pueden provocar un tropiezo y una ca\u00edda que haga caer todo su peso sobre la r\u00f3tula. Las fugas de aceite del veh\u00edculo de alguien pueden hacer que usted resbale y caiga hacia atr\u00e1s.<\/p>\n<p>En el interior, el agua acumulada en el \u00abmercado de los agricultores\u00bb podr\u00eda hacerle caer al duro suelo. El zumo de fruta derramado por un cliente tambi\u00e9n podr\u00eda hacerle caer y golpearse la cabeza contra un carrito o una estanter\u00eda. Los ba\u00f1os son otro lugar peligroso en el que los suelos est\u00e1n siempre s\u00faper resbaladizos.<\/p>\n<p>Cualquiera de estos peligros y otros m\u00e1s podr\u00edan dejarle con una lesi\u00f3n grave e incluso una discapacidad permanente. Sprouts deber\u00eda ser totalmente responsable, pero el truco ser\u00e1 conseguir que una cadena de supermercados gigante y sus abogados corporativos acepten de buen grado la culpa y hagan lo correcto.<\/p>\n<h2><strong>C\u00f3mo probar su caso de tropiezo y ca\u00edda en Fresno contra Sprouts<\/strong><\/h2>\n<p>Desafortunadamente, las grandes corporaciones a menudo hacen que las v\u00edctimas luchen para obtener una compensaci\u00f3n justa despu\u00e9s de un accidente. Depender\u00e1 de las v\u00edctimas y de sus abogados de accidentes de resbal\u00f3n y ca\u00edda en Fresno construir un caso s\u00f3lido para responsabilizar a Sprouts.<\/p>\n<p>Ese esfuerzo comienza en el lugar de su lesi\u00f3n. Si est\u00e1 f\u00edsicamente capacitado, debe tomar fotos del peligro que le hizo caer al suelo. Debe obtener la informaci\u00f3n de contacto de cualquier testigo cercano. Adem\u00e1s, aseg\u00farese de informar a un responsable de Spouts para que pueda preparar un informe del incidente.<\/p>\n<p>Con sus pruebas y su testimonio, intentar\u00e1 demostrar dos cosas b\u00e1sicas que exige la ley de California.<\/p>\n<p>La v\u00edctima necesita demostrar que el peligro fue<\/p>\n<ul>\n<li>Creado por el propietario, o<\/li>\n<li>El propietario conoc\u00eda el obst\u00e1culo y no actu\u00f3 para eliminarlo en un tiempo razonable.<\/li>\n<\/ul>\n<p>Los propietarios pueden negar haber creado el problema. Los propietarios tambi\u00e9n podr\u00edan alegar que intentaron arreglar el problema en un tiempo razonable. Se le pedir\u00e1 que demuestre lo contrario.<\/p>\n<p>Desacreditar su accidente de resbal\u00f3n y ca\u00edda en Sprouts<\/p>\n<p>Despu\u00e9s de lesionarse en una ca\u00edda en Sprouts, puede apostar que asignar\u00e1n a su caso abogados y ajustadores de seguros con experiencia en ahorrarle dinero a la compa\u00f1\u00eda. Eso significa que desacreditar\u00e1n su relato y tratar\u00e1n de echarle toda la culpa que puedan.<\/p>\n<p>Estas son s\u00f3lo algunas de las formas en que pueden trabajar para debilitar su caso:<\/p>\n<ul>\n<li>Sprouts puede intentar alegar que usted no estaba mirando por d\u00f3nde iba cuando se cay\u00f3. Pueden alegar que usted estaba mirando un mensaje de texto o en una llamada.<\/li>\n<li>Pueden alegar que usted estaba en una zona no destinada al p\u00fablico en general.<\/li>\n<li>Sus zapatos causaron su ca\u00edda. Por muy descabellado que parezca, los abogados de Spouts pueden se\u00f1alar como culpable a la banda de rodadura desgastada de sus zapatos. Guarde sus zapatos como prueba e intente no volver a usarlos hasta que se gane su caso.<\/li>\n<li>Pueden intentar etiquetarle como alguien que no hizo caso a las se\u00f1ales de suelo mojado y otras advertencias.<\/li>\n<\/ul>\n<h2><strong>\u00bfQu\u00e9 pasa si me encuentran parcialmente culpable de mi viaje y ca\u00edda en la tienda de comestibles?<\/strong><\/h2>\n<p>Estos son argumentos d\u00e9biles, pero incluso si se demuestra que usted es parcialmente culpable, todav\u00eda puede conseguir una ayuda econ\u00f3mica de Sprouts por su accidente de resbal\u00f3n y ca\u00edda en Fresno.<\/p>\n<p>California permite la \u00abnegligencia comparativa\u00bb en los casos de accidentes. Esto significa que las partes pueden compartir la culpa en los accidentes.<\/p>\n<p>Es posible que usted tenga que aceptar un peque\u00f1o porcentaje de culpa por su ca\u00edda, pero Sprouts ser\u00eda responsable de la culpa restante. Usted podr\u00eda obtener una indemnizaci\u00f3n considerable que se reducir\u00eda en funci\u00f3n de su porcentaje de culpa.<\/p>\n<p>Su abogado de accidentes de tropiezo y ca\u00edda en Fresno luchar\u00eda para mantener su porcentaje de culpa lo m\u00e1s bajo posible o trabajar\u00eda para demostrar que usted estaba completamente libre de culpa.<\/p>\n<h2><strong>P\u00f3ngase en contacto con un abogado especializado en resbalones y ca\u00eddas en tiendas de comestibles en Fresno<\/strong><\/h2>\n<p>Si usted o un ser querido se lesionan gravemente durante un viaje a Sprouts, tendr\u00e1 que considerar el coste de la atenci\u00f3n m\u00e9dica en el presente y sus necesidades en el futuro. Una lesi\u00f3n en la cadera o una lesi\u00f3n cerebral traum\u00e1tica pueden mantenerle fuera de juego durante meses. Una incapacidad permanente tambi\u00e9n podr\u00eda ser la consecuencia de una mala ca\u00edda.<\/p>\n<p>Su cuidado ahora y en los a\u00f1os venideros debe ser considerado en cualquier acuerdo con el seguro de Sprouts.<\/p>\n<p>Un abogado con experiencia en resbalones y ca\u00eddas en tiendas de comestibles de Fresno le dir\u00e1 lo que vale su caso y luchar\u00e1 para asegurarse de que recibe toda la ayuda que necesitar\u00e1 para reconstruir su vida.<\/p>\n<p>P\u00f3ngase en contacto con el abogado Martin Gasparian para una evaluaci\u00f3n gratuita y confidencial de su caso. El Sr. Gasparian trabaja con las v\u00edctimas para asegurarse de que reciben todo lo que necesitan para restablecer su salud y reconstruir sus vidas.<\/p>\n","protected":false},"excerpt":{"rendered":"<p>Los residentes de Fresno que intentan comer de forma saludable pueden ir a Sprouts Farmers Market para obtener una gran selecci\u00f3n de alimentos naturales y org\u00e1nicos. Fresno tiene un local en North Blackstone Avenue y los compradores de Clovis pueden apoyar su estilo de vida saludable en el local de Sprouts que hay all\u00ed. La [&hellip;]<\/p>\n","protected":false},"author":10,"featured_media":0,"parent":17153,"menu_order":0,"comment_status":"closed","ping_status":"closed","template":"","meta":{"footnotes":""},"class_list":["post-17143","page","type-page","status-publish","hentry"],"yoast_head":"<!-- This site is optimized with the Yoast SEO Premium plugin v27.3 (Yoast SEO v27.3) - https:\/\/yoast.com\/product\/yoast-seo-premium-wordpress\/ -->\n<title>Abogado de accidentes por resbalones y ca\u00eddas en Sprouts en Fresno | Maison Law<\/title>\n<meta name=\"description\" content=\"Los residentes de Fresno que intentan comer de forma saludable pueden ir a Sprouts Farmers Market para obtener una gran selecci\u00f3n de alimentos naturales y\" \/>\n<meta name=\"robots\" content=\"index, follow, max-snippet:-1, max-image-preview:large, max-video-preview:-1\" \/>\n<link rel=\"canonical\" href=\"https:\/\/maisonlaw.com\/es\/fresno\/resbalones-y-caidas\/tiendas-de-comestibles\/abogado-de-accidentes-por-resbalones-y-caidas-en-sprouts-en-fresno\/\" \/>\n<meta property=\"og:locale\" content=\"es_ES\" \/>\n<meta property=\"og:type\" content=\"article\" \/>\n<meta property=\"og:title\" content=\"Abogado de accidentes por resbalones y ca\u00eddas en Sprouts en Fresno\" \/>\n<meta property=\"og:description\" content=\"Los residentes de Fresno que intentan comer de forma saludable pueden ir a Sprouts Farmers Market para obtener una gran selecci\u00f3n de alimentos naturales y\" \/>\n<meta property=\"og:url\" content=\"https:\/\/maisonlaw.com\/es\/fresno\/resbalones-y-caidas\/tiendas-de-comestibles\/abogado-de-accidentes-por-resbalones-y-caidas-en-sprouts-en-fresno\/\" \/>\n<meta property=\"og:site_name\" content=\"Maison Law\" \/>\n<meta property=\"article:publisher\" content=\"https:\/\/www.facebook.com\/maisonlawfirm\/\" \/>\n<meta name=\"twitter:card\" content=\"summary_large_image\" \/>\n<meta name=\"twitter:label1\" content=\"Tiempo de lectura\" \/>\n\t<meta name=\"twitter:data1\" content=\"6 minutos\" \/>\n<script type=\"application\/ld+json\" class=\"yoast-schema-graph\">{\"@context\":\"https:\\\/\\\/schema.org\",\"@graph\":[{\"@type\":\"WebPage\",\"@id\":\"https:\\\/\\\/maisonlaw.com\\\/es\\\/fresno\\\/resbalones-y-caidas\\\/tiendas-de-comestibles\\\/abogado-de-accidentes-por-resbalones-y-caidas-en-sprouts-en-fresno\\\/\",\"url\":\"https:\\\/\\\/maisonlaw.com\\\/es\\\/fresno\\\/resbalones-y-caidas\\\/tiendas-de-comestibles\\\/abogado-de-accidentes-por-resbalones-y-caidas-en-sprouts-en-fresno\\\/\",\"name\":\"Abogado de accidentes por resbalones y ca\u00eddas en Sprouts en Fresno | Maison Law\",\"isPartOf\":{\"@id\":\"https:\\\/\\\/maisonlaw.com\\\/es\\\/#website\"},\"datePublished\":\"2022-08-30T08:13:32+00:00\",\"description\":\"Los residentes de Fresno que intentan comer de forma saludable pueden ir a Sprouts Farmers Market para obtener una gran selecci\u00f3n de alimentos naturales y\",\"breadcrumb\":{\"@id\":\"https:\\\/\\\/maisonlaw.com\\\/es\\\/fresno\\\/resbalones-y-caidas\\\/tiendas-de-comestibles\\\/abogado-de-accidentes-por-resbalones-y-caidas-en-sprouts-en-fresno\\\/#breadcrumb\"},\"inLanguage\":\"es\",\"potentialAction\":[{\"@type\":\"ReadAction\",\"target\":[\"https:\\\/\\\/maisonlaw.com\\\/es\\\/fresno\\\/resbalones-y-caidas\\\/tiendas-de-comestibles\\\/abogado-de-accidentes-por-resbalones-y-caidas-en-sprouts-en-fresno\\\/\"]}]},{\"@type\":\"BreadcrumbList\",\"@id\":\"https:\\\/\\\/maisonlaw.com\\\/es\\\/fresno\\\/resbalones-y-caidas\\\/tiendas-de-comestibles\\\/abogado-de-accidentes-por-resbalones-y-caidas-en-sprouts-en-fresno\\\/#breadcrumb\",\"itemListElement\":[{\"@type\":\"ListItem\",\"position\":1,\"name\":\"Home\",\"item\":\"https:\\\/\\\/maisonlaw.com\\\/es\\\/\"},{\"@type\":\"ListItem\",\"position\":2,\"name\":\"Abogados De Accidentes En Fresno California\",\"item\":\"https:\\\/\\\/maisonlaw.com\\\/es\\\/fresno\\\/?lang=es\"},{\"@type\":\"ListItem\",\"position\":3,\"name\":\"Abogado de accidentes por resbalones y ca\u00eddas en Sprouts en Fresno\"}]},{\"@type\":\"WebSite\",\"@id\":\"https:\\\/\\\/maisonlaw.com\\\/es\\\/#website\",\"url\":\"https:\\\/\\\/maisonlaw.com\\\/es\\\/\",\"name\":\"Maison Law Accident and Injury Lawyers\",\"description\":\"The Support You Need. The Settlement You Deserve.\",\"publisher\":{\"@id\":\"https:\\\/\\\/maisonlaw.com\\\/es\\\/#organization\"},\"alternateName\":\"Maison Law\",\"potentialAction\":[{\"@type\":\"SearchAction\",\"target\":{\"@type\":\"EntryPoint\",\"urlTemplate\":\"https:\\\/\\\/maisonlaw.com\\\/es\\\/?s={search_term_string}\"},\"query-input\":{\"@type\":\"PropertyValueSpecification\",\"valueRequired\":true,\"valueName\":\"search_term_string\"}}],\"inLanguage\":\"es\"},{\"@type\":\"Organization\",\"@id\":\"https:\\\/\\\/maisonlaw.com\\\/es\\\/#organization\",\"name\":\"Maison Law Accident & Injury Attorneys\",\"alternateName\":\"Maison Law\",\"url\":\"https:\\\/\\\/maisonlaw.com\\\/es\\\/\",\"logo\":{\"@type\":\"ImageObject\",\"inLanguage\":\"es\",\"@id\":\"https:\\\/\\\/maisonlaw.com\\\/es\\\/#\\\/schema\\\/logo\\\/image\\\/\",\"url\":\"https:\\\/\\\/maisonlaw.com\\\/wp-content\\\/uploads\\\/2025\\\/06\\\/experiment-logo-opt.png\",\"contentUrl\":\"https:\\\/\\\/maisonlaw.com\\\/wp-content\\\/uploads\\\/2025\\\/06\\\/experiment-logo-opt.png\",\"width\":1345,\"height\":294,\"caption\":\"Maison Law Accident & Injury Attorneys\"},\"image\":{\"@id\":\"https:\\\/\\\/maisonlaw.com\\\/es\\\/#\\\/schema\\\/logo\\\/image\\\/\"},\"sameAs\":[\"https:\\\/\\\/www.facebook.com\\\/maisonlawfirm\\\/\",\"https:\\\/\\\/www.linkedin.com\\\/in\\\/martin-gasparian-a9956516\\\/\",\"https:\\\/\\\/www.instagram.com\\\/maison_law\\\/\",\"https:\\\/\\\/www.youtube.com\\\/@maisonlaw\"],\"description\":\"Maison Law is a California Personal Injury Law Firm.\",\"legalName\":\"Maison Law\",\"foundingDate\":\"2014-01-01\",\"numberOfEmployees\":{\"@type\":\"QuantitativeValue\",\"minValue\":\"11\",\"maxValue\":\"50\"}}]}<\/script>\n<!-- \/ Yoast SEO Premium plugin. -->","yoast_head_json":{"title":"Abogado de accidentes por resbalones y ca\u00eddas en Sprouts en Fresno | Maison Law","description":"Los residentes de Fresno que intentan comer de forma saludable pueden ir a Sprouts Farmers Market para obtener una gran selecci\u00f3n de alimentos naturales y","robots":{"index":"index","follow":"follow","max-snippet":"max-snippet:-1","max-image-preview":"max-image-preview:large","max-video-preview":"max-video-preview:-1"},"canonical":"https:\/\/maisonlaw.com\/es\/fresno\/resbalones-y-caidas\/tiendas-de-comestibles\/abogado-de-accidentes-por-resbalones-y-caidas-en-sprouts-en-fresno\/","og_locale":"es_ES","og_type":"article","og_title":"Abogado de accidentes por resbalones y ca\u00eddas en Sprouts en Fresno","og_description":"Los residentes de Fresno que intentan comer de forma saludable pueden ir a Sprouts Farmers Market para obtener una gran selecci\u00f3n de alimentos naturales y","og_url":"https:\/\/maisonlaw.com\/es\/fresno\/resbalones-y-caidas\/tiendas-de-comestibles\/abogado-de-accidentes-por-resbalones-y-caidas-en-sprouts-en-fresno\/","og_site_name":"Maison Law","article_publisher":"https:\/\/www.facebook.com\/maisonlawfirm\/","twitter_card":"summary_large_image","twitter_misc":{"Tiempo de lectura":"6 minutos"},"schema":{"@context":"https:\/\/schema.org","@graph":[{"@type":"WebPage","@id":"https:\/\/maisonlaw.com\/es\/fresno\/resbalones-y-caidas\/tiendas-de-comestibles\/abogado-de-accidentes-por-resbalones-y-caidas-en-sprouts-en-fresno\/","url":"https:\/\/maisonlaw.com\/es\/fresno\/resbalones-y-caidas\/tiendas-de-comestibles\/abogado-de-accidentes-por-resbalones-y-caidas-en-sprouts-en-fresno\/","name":"Abogado de accidentes por resbalones y ca\u00eddas en Sprouts en Fresno | Maison Law","isPartOf":{"@id":"https:\/\/maisonlaw.com\/es\/#website"},"datePublished":"2022-08-30T08:13:32+00:00","description":"Los residentes de Fresno que intentan comer de forma saludable pueden ir a Sprouts Farmers Market para obtener una gran selecci\u00f3n de alimentos naturales y","breadcrumb":{"@id":"https:\/\/maisonlaw.com\/es\/fresno\/resbalones-y-caidas\/tiendas-de-comestibles\/abogado-de-accidentes-por-resbalones-y-caidas-en-sprouts-en-fresno\/#breadcrumb"},"inLanguage":"es","potentialAction":[{"@type":"ReadAction","target":["https:\/\/maisonlaw.com\/es\/fresno\/resbalones-y-caidas\/tiendas-de-comestibles\/abogado-de-accidentes-por-resbalones-y-caidas-en-sprouts-en-fresno\/"]}]},{"@type":"BreadcrumbList","@id":"https:\/\/maisonlaw.com\/es\/fresno\/resbalones-y-caidas\/tiendas-de-comestibles\/abogado-de-accidentes-por-resbalones-y-caidas-en-sprouts-en-fresno\/#breadcrumb","itemListElement":[{"@type":"ListItem","position":1,"name":"Home","item":"https:\/\/maisonlaw.com\/es\/"},{"@type":"ListItem","position":2,"name":"Abogados De Accidentes En Fresno California","item":"https:\/\/maisonlaw.com\/es\/fresno\/?lang=es"},{"@type":"ListItem","position":3,"name":"Abogado de accidentes por resbalones y ca\u00eddas en Sprouts en Fresno"}]},{"@type":"WebSite","@id":"https:\/\/maisonlaw.com\/es\/#website","url":"https:\/\/maisonlaw.com\/es\/","name":"Maison Law Accident and Injury Lawyers","description":"The Support You Need. The Settlement You Deserve.","publisher":{"@id":"https:\/\/maisonlaw.com\/es\/#organization"},"alternateName":"Maison Law","potentialAction":[{"@type":"SearchAction","target":{"@type":"EntryPoint","urlTemplate":"https:\/\/maisonlaw.com\/es\/?s={search_term_string}"},"query-input":{"@type":"PropertyValueSpecification","valueRequired":true,"valueName":"search_term_string"}}],"inLanguage":"es"},{"@type":"Organization","@id":"https:\/\/maisonlaw.com\/es\/#organization","name":"Maison Law Accident & Injury Attorneys","alternateName":"Maison Law","url":"https:\/\/maisonlaw.com\/es\/","logo":{"@type":"ImageObject","inLanguage":"es","@id":"https:\/\/maisonlaw.com\/es\/#\/schema\/logo\/image\/","url":"https:\/\/maisonlaw.com\/wp-content\/uploads\/2025\/06\/experiment-logo-opt.png","contentUrl":"https:\/\/maisonlaw.com\/wp-content\/uploads\/2025\/06\/experiment-logo-opt.png","width":1345,"height":294,"caption":"Maison Law Accident & Injury Attorneys"},"image":{"@id":"https:\/\/maisonlaw.com\/es\/#\/schema\/logo\/image\/"},"sameAs":["https:\/\/www.facebook.com\/maisonlawfirm\/","https:\/\/www.linkedin.com\/in\/martin-gasparian-a9956516\/","https:\/\/www.instagram.com\/maison_law\/","https:\/\/www.youtube.com\/@maisonlaw"],"description":"Maison Law is a California Personal Injury Law Firm.","legalName":"Maison Law","foundingDate":"2014-01-01","numberOfEmployees":{"@type":"QuantitativeValue","minValue":"11","maxValue":"50"}}]}},"_links":{"self":[{"href":"https:\/\/maisonlaw.com\/es\/wp-json\/wp\/v2\/pages\/17143","targetHints":{"allow":["GET"]}}],"collection":[{"href":"https:\/\/maisonlaw.com\/es\/wp-json\/wp\/v2\/pages"}],"about":[{"href":"https:\/\/maisonlaw.com\/es\/wp-json\/wp\/v2\/types\/page"}],"author":[{"embeddable":true,"href":"https:\/\/maisonlaw.com\/es\/wp-json\/wp\/v2\/users\/10"}],"replies":[{"embeddable":true,"href":"https:\/\/maisonlaw.com\/es\/wp-json\/wp\/v2\/comments?post=17143"}],"version-history":[{"count":0,"href":"https:\/\/maisonlaw.com\/es\/wp-json\/wp\/v2\/pages\/17143\/revisions"}],"up":[{"embeddable":true,"href":"https:\/\/maisonlaw.com\/es\/wp-json\/wp\/v2\/pages\/17153"}],"wp:attachment":[{"href":"https:\/\/maisonlaw.com\/es\/wp-json\/wp\/v2\/media?parent=17143"}],"curies":[{"name":"wp","href":"https:\/\/api.w.org\/{rel}","templated":true}]}}