{"id":17141,"date":"2022-08-30T01:09:14","date_gmt":"2022-08-30T08:09:14","guid":{"rendered":"https:\/\/maisonlaw.com\/?page_id=17141"},"modified":"2022-08-30T01:09:14","modified_gmt":"2022-08-30T08:09:14","slug":"abogado-de-accidentes-por-resbalones-y-caidas-en-whole-foods","status":"publish","type":"page","link":"https:\/\/maisonlaw.com\/es\/fresno\/resbalones-y-caidas\/tiendas-de-comestibles\/abogado-de-accidentes-por-resbalones-y-caidas-en-whole-foods\/","title":{"rendered":"Abogado de accidentes por resbalones y ca\u00eddas en Whole Foods"},"content":{"rendered":"<p>Los compradores de <a href=\"https:\/\/maisonlaw.com\/fresno\/?lang=es\">Fresno<\/a> dependen de los viajes a Whole Foods para planificar una semana de comidas saludables. Tambi\u00e9n se han dado cuenta de que Whole Foods tambi\u00e9n sirve deliciosa comida caliente.<\/p>\n<p>A muchos clientes les gusta comer y hacer la compra en el mismo viaje a Whole Foods en la avenida Shaw. Por desgracia, esos estupendos art\u00edculos del men\u00fa y los zumos frescos pueden acabar en los suelos de cemento con la misma facilidad con la que pueden acabar en la barriga de alguien.<\/p>\n<p>Estos derrames y otros obst\u00e1culos en los pasillos pueden hacer que un viaje a un supermercado saludable sea muy poco saludable despu\u00e9s de un accidente de resbal\u00f3n o tropez\u00f3n. Las v\u00edctimas que se enfrentan a una dolorosa lesi\u00f3n tendr\u00e1n que considerar si est\u00e1n preparadas para responsabilizar a un gigante de los supermercados como Whole Foods de su cuidado.<\/p>\n<h2><strong>Una consulta gratuita para las v\u00edctimas de resbalones y ca\u00eddas de Whole Foods en Fresno<\/strong><\/h2>\n<p>Una tienda de comestibles que dice poder mejorar su bienestar tambi\u00e9n puede ponerlo en riesgo cuando se descuida la seguridad de sus clientes. Un peligro en el suelo en el departamento de productos agr\u00edcolas o un peligro de tropiezo que se deja en el aparcamiento pueden hacer que Whole Foods sea totalmente responsable de alguien que se lesione.<\/p>\n<p>Whole Foods redactar\u00e1 un informe sobre el incidente de su ca\u00edda, pero no le informar\u00e1 de las prestaciones de que dispone mientras se recupera. Ellos saben que podr\u00edan tener que pagar todas las facturas del hospital que usted reciba, pero estos derechos no son algo de lo que le informar\u00e1n.<\/p>\n<p>El abogado Martin Gasparian, de Maison Law, est\u00e1 siempre dispuesto a discutir su caso en una consulta gratuita y confidencial. P\u00f3ngase en contacto con Maison Law para concertar una cita sin compromiso y averiguar lo que usted y su familia deber\u00edan exigir a Whole Foods tras una lesi\u00f3n. El Sr. Gasparian trabaja con las v\u00edctimas y sus familias para asegurarse de que reciben todo lo que necesitan para reconstruir sus vidas.<\/p>\n<h2><strong>Peligros de resbalones y ca\u00eddas en Whole Foods<\/strong><\/h2>\n<p>Las tiendas de Whole Foods tienen una disposici\u00f3n agradable a la vista y un dise\u00f1o moderno, pero esos pasillos conllevan los mismos peligros que puede tener cualquier otro supermercado. De acuerdo con los c\u00f3digos de seguridad p\u00fablica de California, todos los propietarios y due\u00f1os de tiendas deben proporcionar un \u00abdeber de cuidado\u00bb a cualquier persona que inviten a pasar por sus puertas. Son responsables de los peligros que crean sus empleados y de los que presentan los clientes.<\/p>\n<p>Es posible que a un ni\u00f1o se le hayan ca\u00eddo algunas almendras al suelo en el pasillo de alimentos a granel. Los empleados de Whole Food deber\u00edan vigilar estos riesgos potenciales para los clientes y hacer que se limpien en un tiempo razonable. Cuando Whole Foods es negligente en este deber y la gente puede sufrir lesiones. La tienda y la corporaci\u00f3n que la respalda son directamente responsables de un accidente de supermercado por resbal\u00f3n y ca\u00edda.<\/p>\n<p>Whole Foods debe responsabilizarse de muchos de los peligros que siempre surgir\u00e1n en zonas muy transitadas. Y en una tienda con muchos clientes, muchos productos, bebidas y alimentos, los peligros aparecer\u00e1n a diario.<\/p>\n<p>He aqu\u00ed algunas de las zonas problem\u00e1ticas en una tienda Whole Foods que podr\u00edan provocar una ca\u00edda:<\/p>\n<ul>\n<li>Fuera de la tienda \u2013 El deber de cuidado comienza cuando se entra en el aparcamiento. Las zonas de estacionamiento deben estar libres de baches importantes y de pavimento y aceras deteriorados. Estos obst\u00e1culos son perfectos para hacerle tropezar y hacer que caiga hacia delante para aterrizar sobre una rodilla o incluso sobre la cara. La lluvia tambi\u00e9n es un peligro, ya que la gente arrastra el agua desde sus plazas de aparcamiento y la deja por toda la entrada. El paisajismo es otro peligro potencial de tropiezo y ca\u00edda.<\/li>\n<li>Dentro de la tienda \u2013 Los derrames de los clientes con las bebidas y la comida en la cafeter\u00eda son una amenaza constante que hay que limpiar. Lo mismo ocurre con el agua que a veces se acumula en el departamento de productos agr\u00edcolas. Los carteles de advertencia deben salir cada vez que un tarro o una botella de pl\u00e1stico se caiga en un pasillo y deje un peligro de resbal\u00f3n y ca\u00edda. Los reponedores pueden dejar cajas en el suelo que quedan fuera de la l\u00ednea de visi\u00f3n hasta que una v\u00edctima tropieza y se da un golpe en la cabeza. Los expositores de las tiendas tambi\u00e9n son un peligro potencial de tropiezo.<\/li>\n<\/ul>\n<h2><strong>Indemnizaci\u00f3n tras un accidente por resbal\u00f3n y ca\u00edda en Whole Foods<\/strong><\/h2>\n<p>Tras una lesi\u00f3n en la mano o algo tan grave como una fractura de cadera, las v\u00edctimas tienen hasta dos a\u00f1os para presentar una reclamaci\u00f3n contra Whole Foods. Si espera m\u00e1s de dos a\u00f1os, es probable que su caso sea desestimado por haber prescrito.<\/p>\n<p>No deje que sus dos a\u00f1os prescriban y, de hecho, act\u00fae tan pronto como pueda despu\u00e9s del accidente. Dejar que su abogado especializado en resbalones y ca\u00eddas en tiendas de comestibles de Fresno comience una investigaci\u00f3n tan pronto como sea posible es siempre prudente. Cualquier prueba que recoja en la escena del accidente, como fotos del obst\u00e1culo que caus\u00f3 su ca\u00edda e informaci\u00f3n de contacto de los testigos, tambi\u00e9n debe ser entregada a su abogado lo antes posible.<\/p>\n<p>Querr\u00e1 sentarse con su abogado de lesiones personales y examinar todo lo que ha pasado y asegurarse de que cada dificultad se incluya en su reclamaci\u00f3n por lesiones. Pedir\u00e1 ayuda en el presente y por los da\u00f1os econ\u00f3micos que pueda sufrir en el futuro.<\/p>\n<p>Estos son s\u00f3lo algunos de los factores que pueden hacer que usted y su familia reciban apoyo financiero de Whole Foods:<\/p>\n<ul>\n<li>Todos los gastos m\u00e9dicos<\/li>\n<li>Los gastos continuos asociados a una discapacidad permanente o a una lesi\u00f3n de larga duraci\u00f3n<\/li>\n<li>El dolor f\u00edsico y el sufrimiento emocional<\/li>\n<li>La p\u00e9rdida del disfrute de la vida debido a una lesi\u00f3n<\/li>\n<li>Los gastos de viaje mientras se realizan las visitas al m\u00e9dico y se acude a los especialistas<\/li>\n<li>Todos los salarios perdidos mientras se recupera<\/li>\n<li>Da\u00f1os a la propiedad<\/li>\n<\/ul>\n<h2><strong>P\u00f3ngase en contacto con un abogado especializado en resbalones y ca\u00eddas de Whole Foods que atienda a las v\u00edctimas en Fresno<\/strong><\/h2>\n<p>Whole Foods es una cadena de supermercados gigante y son propiedad de una corporaci\u00f3n a\u00fan m\u00e1s grande, Amazon. Enfrentarse a una de estas grandes empresas para obtener una compensaci\u00f3n por lesiones para usted o un miembro de su familia ser\u00e1 intimidante.<\/p>\n<p>No deje que ese desaf\u00edo le impida obtener el apoyo financiero que necesita. Martin Gasparian, fundador de Maison Law, ha dedicado su carrera a responsabilizar a las grandes empresas por su negligencia. Ha conseguido que las v\u00edctimas lesionadas reciban la m\u00e1xima indemnizaci\u00f3n disponible para que puedan empezar a reconstruir sus vidas despu\u00e9s de un accidente.<\/p>\n<p>Hable con un verdadero abogado de accidentes por resbalones y ca\u00eddas en Fresno antes de hablar con cualquier representante de Whole Foods o de su compa\u00f1\u00eda de seguros. El Sr. Gasparian ofrece una consulta gratuita y sin compromiso del caso a las v\u00edctimas y sus familias. Le gustar\u00eda que todas las v\u00edctimas estuvieran informadas de sus derechos y tuvieran una idea clara de los beneficios de que disponen.<\/p>\n","protected":false},"excerpt":{"rendered":"<p>Los compradores de Fresno dependen de los viajes a Whole Foods para planificar una semana de comidas saludables. Tambi\u00e9n se han dado cuenta de que Whole Foods tambi\u00e9n sirve deliciosa comida caliente. A muchos clientes les gusta comer y hacer la compra en el mismo viaje a Whole Foods en la avenida Shaw. Por desgracia, [&hellip;]<\/p>\n","protected":false},"author":10,"featured_media":0,"parent":17153,"menu_order":0,"comment_status":"closed","ping_status":"closed","template":"","meta":{"footnotes":""},"class_list":["post-17141","page","type-page","status-publish","hentry"],"yoast_head":"<!-- This site is optimized with the Yoast SEO Premium plugin v27.3 (Yoast SEO v27.3) - https:\/\/yoast.com\/product\/yoast-seo-premium-wordpress\/ -->\n<title>Abogado de accidentes por resbalones y ca\u00eddas en Whole Foods | Maison Law<\/title>\n<meta name=\"description\" content=\"Los compradores de Fresno dependen de los viajes a Whole Foods para planificar una semana de comidas saludables. Tambi\u00e9n se han dado cuenta de que Whole\" \/>\n<meta name=\"robots\" content=\"index, follow, max-snippet:-1, max-image-preview:large, max-video-preview:-1\" \/>\n<link rel=\"canonical\" href=\"https:\/\/maisonlaw.com\/es\/fresno\/resbalones-y-caidas\/tiendas-de-comestibles\/abogado-de-accidentes-por-resbalones-y-caidas-en-whole-foods\/\" \/>\n<meta property=\"og:locale\" content=\"es_ES\" \/>\n<meta property=\"og:type\" content=\"article\" \/>\n<meta property=\"og:title\" content=\"Abogado de accidentes por resbalones y ca\u00eddas en Whole Foods\" \/>\n<meta property=\"og:description\" content=\"Los compradores de Fresno dependen de los viajes a Whole Foods para planificar una semana de comidas saludables. Tambi\u00e9n se han dado cuenta de que Whole\" \/>\n<meta property=\"og:url\" content=\"https:\/\/maisonlaw.com\/es\/fresno\/resbalones-y-caidas\/tiendas-de-comestibles\/abogado-de-accidentes-por-resbalones-y-caidas-en-whole-foods\/\" \/>\n<meta property=\"og:site_name\" content=\"Maison Law\" \/>\n<meta property=\"article:publisher\" content=\"https:\/\/www.facebook.com\/maisonlawfirm\/\" \/>\n<meta name=\"twitter:card\" content=\"summary_large_image\" \/>\n<meta name=\"twitter:label1\" content=\"Tiempo de lectura\" \/>\n\t<meta name=\"twitter:data1\" content=\"6 minutos\" \/>\n<script type=\"application\/ld+json\" class=\"yoast-schema-graph\">{\"@context\":\"https:\\\/\\\/schema.org\",\"@graph\":[{\"@type\":\"WebPage\",\"@id\":\"https:\\\/\\\/maisonlaw.com\\\/es\\\/fresno\\\/resbalones-y-caidas\\\/tiendas-de-comestibles\\\/abogado-de-accidentes-por-resbalones-y-caidas-en-whole-foods\\\/\",\"url\":\"https:\\\/\\\/maisonlaw.com\\\/es\\\/fresno\\\/resbalones-y-caidas\\\/tiendas-de-comestibles\\\/abogado-de-accidentes-por-resbalones-y-caidas-en-whole-foods\\\/\",\"name\":\"Abogado de accidentes por resbalones y ca\u00eddas en Whole Foods | Maison Law\",\"isPartOf\":{\"@id\":\"https:\\\/\\\/maisonlaw.com\\\/es\\\/#website\"},\"datePublished\":\"2022-08-30T08:09:14+00:00\",\"description\":\"Los compradores de Fresno dependen de los viajes a Whole Foods para planificar una semana de comidas saludables. Tambi\u00e9n se han dado cuenta de que Whole\",\"breadcrumb\":{\"@id\":\"https:\\\/\\\/maisonlaw.com\\\/es\\\/fresno\\\/resbalones-y-caidas\\\/tiendas-de-comestibles\\\/abogado-de-accidentes-por-resbalones-y-caidas-en-whole-foods\\\/#breadcrumb\"},\"inLanguage\":\"es\",\"potentialAction\":[{\"@type\":\"ReadAction\",\"target\":[\"https:\\\/\\\/maisonlaw.com\\\/es\\\/fresno\\\/resbalones-y-caidas\\\/tiendas-de-comestibles\\\/abogado-de-accidentes-por-resbalones-y-caidas-en-whole-foods\\\/\"]}]},{\"@type\":\"BreadcrumbList\",\"@id\":\"https:\\\/\\\/maisonlaw.com\\\/es\\\/fresno\\\/resbalones-y-caidas\\\/tiendas-de-comestibles\\\/abogado-de-accidentes-por-resbalones-y-caidas-en-whole-foods\\\/#breadcrumb\",\"itemListElement\":[{\"@type\":\"ListItem\",\"position\":1,\"name\":\"Home\",\"item\":\"https:\\\/\\\/maisonlaw.com\\\/es\\\/\"},{\"@type\":\"ListItem\",\"position\":2,\"name\":\"Abogados De Accidentes En Fresno California\",\"item\":\"https:\\\/\\\/maisonlaw.com\\\/es\\\/fresno\\\/?lang=es\"},{\"@type\":\"ListItem\",\"position\":3,\"name\":\"Abogado de accidentes por resbalones y ca\u00eddas en Whole Foods\"}]},{\"@type\":\"WebSite\",\"@id\":\"https:\\\/\\\/maisonlaw.com\\\/es\\\/#website\",\"url\":\"https:\\\/\\\/maisonlaw.com\\\/es\\\/\",\"name\":\"Maison Law Accident and Injury Lawyers\",\"description\":\"The Support You Need. The Settlement You Deserve.\",\"publisher\":{\"@id\":\"https:\\\/\\\/maisonlaw.com\\\/es\\\/#organization\"},\"alternateName\":\"Maison Law\",\"potentialAction\":[{\"@type\":\"SearchAction\",\"target\":{\"@type\":\"EntryPoint\",\"urlTemplate\":\"https:\\\/\\\/maisonlaw.com\\\/es\\\/?s={search_term_string}\"},\"query-input\":{\"@type\":\"PropertyValueSpecification\",\"valueRequired\":true,\"valueName\":\"search_term_string\"}}],\"inLanguage\":\"es\"},{\"@type\":\"Organization\",\"@id\":\"https:\\\/\\\/maisonlaw.com\\\/es\\\/#organization\",\"name\":\"Maison Law Accident & Injury Attorneys\",\"alternateName\":\"Maison Law\",\"url\":\"https:\\\/\\\/maisonlaw.com\\\/es\\\/\",\"logo\":{\"@type\":\"ImageObject\",\"inLanguage\":\"es\",\"@id\":\"https:\\\/\\\/maisonlaw.com\\\/es\\\/#\\\/schema\\\/logo\\\/image\\\/\",\"url\":\"https:\\\/\\\/maisonlaw.com\\\/wp-content\\\/uploads\\\/2025\\\/06\\\/experiment-logo-opt.png\",\"contentUrl\":\"https:\\\/\\\/maisonlaw.com\\\/wp-content\\\/uploads\\\/2025\\\/06\\\/experiment-logo-opt.png\",\"width\":1345,\"height\":294,\"caption\":\"Maison Law Accident & Injury Attorneys\"},\"image\":{\"@id\":\"https:\\\/\\\/maisonlaw.com\\\/es\\\/#\\\/schema\\\/logo\\\/image\\\/\"},\"sameAs\":[\"https:\\\/\\\/www.facebook.com\\\/maisonlawfirm\\\/\",\"https:\\\/\\\/www.linkedin.com\\\/in\\\/martin-gasparian-a9956516\\\/\",\"https:\\\/\\\/www.instagram.com\\\/maison_law\\\/\",\"https:\\\/\\\/www.youtube.com\\\/@maisonlaw\"],\"description\":\"Maison Law is a California Personal Injury Law Firm.\",\"legalName\":\"Maison Law\",\"foundingDate\":\"2014-01-01\",\"numberOfEmployees\":{\"@type\":\"QuantitativeValue\",\"minValue\":\"11\",\"maxValue\":\"50\"}}]}<\/script>\n<!-- \/ Yoast SEO Premium plugin. -->","yoast_head_json":{"title":"Abogado de accidentes por resbalones y ca\u00eddas en Whole Foods | Maison Law","description":"Los compradores de Fresno dependen de los viajes a Whole Foods para planificar una semana de comidas saludables. Tambi\u00e9n se han dado cuenta de que Whole","robots":{"index":"index","follow":"follow","max-snippet":"max-snippet:-1","max-image-preview":"max-image-preview:large","max-video-preview":"max-video-preview:-1"},"canonical":"https:\/\/maisonlaw.com\/es\/fresno\/resbalones-y-caidas\/tiendas-de-comestibles\/abogado-de-accidentes-por-resbalones-y-caidas-en-whole-foods\/","og_locale":"es_ES","og_type":"article","og_title":"Abogado de accidentes por resbalones y ca\u00eddas en Whole Foods","og_description":"Los compradores de Fresno dependen de los viajes a Whole Foods para planificar una semana de comidas saludables. Tambi\u00e9n se han dado cuenta de que Whole","og_url":"https:\/\/maisonlaw.com\/es\/fresno\/resbalones-y-caidas\/tiendas-de-comestibles\/abogado-de-accidentes-por-resbalones-y-caidas-en-whole-foods\/","og_site_name":"Maison Law","article_publisher":"https:\/\/www.facebook.com\/maisonlawfirm\/","twitter_card":"summary_large_image","twitter_misc":{"Tiempo de lectura":"6 minutos"},"schema":{"@context":"https:\/\/schema.org","@graph":[{"@type":"WebPage","@id":"https:\/\/maisonlaw.com\/es\/fresno\/resbalones-y-caidas\/tiendas-de-comestibles\/abogado-de-accidentes-por-resbalones-y-caidas-en-whole-foods\/","url":"https:\/\/maisonlaw.com\/es\/fresno\/resbalones-y-caidas\/tiendas-de-comestibles\/abogado-de-accidentes-por-resbalones-y-caidas-en-whole-foods\/","name":"Abogado de accidentes por resbalones y ca\u00eddas en Whole Foods | Maison Law","isPartOf":{"@id":"https:\/\/maisonlaw.com\/es\/#website"},"datePublished":"2022-08-30T08:09:14+00:00","description":"Los compradores de Fresno dependen de los viajes a Whole Foods para planificar una semana de comidas saludables. Tambi\u00e9n se han dado cuenta de que Whole","breadcrumb":{"@id":"https:\/\/maisonlaw.com\/es\/fresno\/resbalones-y-caidas\/tiendas-de-comestibles\/abogado-de-accidentes-por-resbalones-y-caidas-en-whole-foods\/#breadcrumb"},"inLanguage":"es","potentialAction":[{"@type":"ReadAction","target":["https:\/\/maisonlaw.com\/es\/fresno\/resbalones-y-caidas\/tiendas-de-comestibles\/abogado-de-accidentes-por-resbalones-y-caidas-en-whole-foods\/"]}]},{"@type":"BreadcrumbList","@id":"https:\/\/maisonlaw.com\/es\/fresno\/resbalones-y-caidas\/tiendas-de-comestibles\/abogado-de-accidentes-por-resbalones-y-caidas-en-whole-foods\/#breadcrumb","itemListElement":[{"@type":"ListItem","position":1,"name":"Home","item":"https:\/\/maisonlaw.com\/es\/"},{"@type":"ListItem","position":2,"name":"Abogados De Accidentes En Fresno California","item":"https:\/\/maisonlaw.com\/es\/fresno\/?lang=es"},{"@type":"ListItem","position":3,"name":"Abogado de accidentes por resbalones y ca\u00eddas en Whole Foods"}]},{"@type":"WebSite","@id":"https:\/\/maisonlaw.com\/es\/#website","url":"https:\/\/maisonlaw.com\/es\/","name":"Maison Law Accident and Injury Lawyers","description":"The Support You Need. The Settlement You Deserve.","publisher":{"@id":"https:\/\/maisonlaw.com\/es\/#organization"},"alternateName":"Maison Law","potentialAction":[{"@type":"SearchAction","target":{"@type":"EntryPoint","urlTemplate":"https:\/\/maisonlaw.com\/es\/?s={search_term_string}"},"query-input":{"@type":"PropertyValueSpecification","valueRequired":true,"valueName":"search_term_string"}}],"inLanguage":"es"},{"@type":"Organization","@id":"https:\/\/maisonlaw.com\/es\/#organization","name":"Maison Law Accident & Injury Attorneys","alternateName":"Maison Law","url":"https:\/\/maisonlaw.com\/es\/","logo":{"@type":"ImageObject","inLanguage":"es","@id":"https:\/\/maisonlaw.com\/es\/#\/schema\/logo\/image\/","url":"https:\/\/maisonlaw.com\/wp-content\/uploads\/2025\/06\/experiment-logo-opt.png","contentUrl":"https:\/\/maisonlaw.com\/wp-content\/uploads\/2025\/06\/experiment-logo-opt.png","width":1345,"height":294,"caption":"Maison Law Accident & Injury Attorneys"},"image":{"@id":"https:\/\/maisonlaw.com\/es\/#\/schema\/logo\/image\/"},"sameAs":["https:\/\/www.facebook.com\/maisonlawfirm\/","https:\/\/www.linkedin.com\/in\/martin-gasparian-a9956516\/","https:\/\/www.instagram.com\/maison_law\/","https:\/\/www.youtube.com\/@maisonlaw"],"description":"Maison Law is a California Personal Injury Law Firm.","legalName":"Maison Law","foundingDate":"2014-01-01","numberOfEmployees":{"@type":"QuantitativeValue","minValue":"11","maxValue":"50"}}]}},"_links":{"self":[{"href":"https:\/\/maisonlaw.com\/es\/wp-json\/wp\/v2\/pages\/17141","targetHints":{"allow":["GET"]}}],"collection":[{"href":"https:\/\/maisonlaw.com\/es\/wp-json\/wp\/v2\/pages"}],"about":[{"href":"https:\/\/maisonlaw.com\/es\/wp-json\/wp\/v2\/types\/page"}],"author":[{"embeddable":true,"href":"https:\/\/maisonlaw.com\/es\/wp-json\/wp\/v2\/users\/10"}],"replies":[{"embeddable":true,"href":"https:\/\/maisonlaw.com\/es\/wp-json\/wp\/v2\/comments?post=17141"}],"version-history":[{"count":0,"href":"https:\/\/maisonlaw.com\/es\/wp-json\/wp\/v2\/pages\/17141\/revisions"}],"up":[{"embeddable":true,"href":"https:\/\/maisonlaw.com\/es\/wp-json\/wp\/v2\/pages\/17153"}],"wp:attachment":[{"href":"https:\/\/maisonlaw.com\/es\/wp-json\/wp\/v2\/media?parent=17141"}],"curies":[{"name":"wp","href":"https:\/\/api.w.org\/{rel}","templated":true}]}}