{"id":17139,"date":"2022-08-30T01:04:05","date_gmt":"2022-08-30T08:04:05","guid":{"rendered":"https:\/\/maisonlaw.com\/?page_id=17139"},"modified":"2022-08-30T01:04:05","modified_gmt":"2022-08-30T08:04:05","slug":"accidentes-de-resbalones-y-caidas-en-smart-final","status":"publish","type":"page","link":"https:\/\/maisonlaw.com\/es\/fresno\/resbalones-y-caidas\/tiendas-de-comestibles\/accidentes-de-resbalones-y-caidas-en-smart-final\/","title":{"rendered":"Abogado de accidentes de resbalones y ca\u00eddas en la tienda de comestibles Smart &#038; Final en Fresno"},"content":{"rendered":"<p>Los compradores de Fresno visitan los almacenes como Smart &amp; Final con la esperanza de reducir los viajes de compra durante el mes. Esperan reunir los suministros que sus familias necesitan en una sola parada.<\/p>\n<p>Es una buena manera de ahorrar dinero y tiempo. Pero incluso con menos viajes, hay peligros a lo largo de esos grandes pasillos que usted y su familia deben tener en cuenta.<\/p>\n<p>Cuando los empleados de Smart &amp; Final descuidan la limpieza de los desechos resbaladizos o dejan los pal\u00e9s y las cajas fuera, usted se enfrenta al riesgo de sufrir un resbal\u00f3n o una lesi\u00f3n por tropiezo. Es posible que est\u00e9 confundido sobre a qui\u00e9n pedir apoyo cuando llegue el momento de pagar las facturas del hospital.<\/p>\n<h2><strong>P\u00f3ngase en contacto con un abogado de tiendas de comestibles en Fresno de resbal\u00f3n y ca\u00edda para una evaluaci\u00f3n gratuita del caso<\/strong><\/h2>\n<p>Hay una manera sin riesgo de averiguar a d\u00f3nde acudir para obtener apoyo despu\u00e9s de una ca\u00edda en una tienda de comestibles, poni\u00e9ndose en contacto con Maison Law de <a href=\"https:\/\/maisonlaw.com\/fresno\/?lang=es\">Fresno<\/a> para una consulta gratuita de su caso.<\/p>\n<p>Despu\u00e9s de un accidente, los representantes de los seguros y los abogados corporativos de Smart &amp; Final le llamar\u00e1n para ver lo poco que acepta por lo que ha pasado. Sepa lo que vale su lesi\u00f3n antes de que los ajustadores de seguros traten de convencerlo de que no vale casi nada.<\/p>\n<p>Los abogados especializados en accidentes por resbalones y ca\u00eddas en tiendas de comestibles de Maison Law estar\u00e1n encantados de repasar sus opciones con usted de forma gratuita. Si decide que desea nuestra ayuda para presentar su reclamaci\u00f3n por accidente, no tiene que preocuparse por tener suficiente dinero. No cobramos a menos que ganemos la ayuda financiera para usted y su familia.<\/p>\n<h2><strong>Peligros de tropiezos y ca\u00eddas de Smart &amp; Final en Fresno<\/strong><\/h2>\n<p>No es algo que la mayor\u00eda de los compradores suelen tener tiempo de considerar. Sin embargo, hay muchas maneras de que la gente sufra lesiones en los supermercados cada a\u00f1o.<\/p>\n<p>Un lugar p\u00fablico como Smart &amp; Final debe pagar a todos los visitantes un \u00abdeber de cuidado\u00bb. Esto significa que, seg\u00fan la ley de California, los propietarios de las tiendas deben hacer que el recorrido de cada cliente por la tienda sea lo m\u00e1s razonablemente seguro posible.<\/p>\n<p>Eso significa inspeccionar los pasillos rutinariamente en busca de charcos que otro comprador pueda haber causado al derramar una bebida. Significa mantener los suelos de los ba\u00f1os mojados con una fregona. Tambi\u00e9n significa inspeccionar los aparcamientos en busca de peligros de tropiezo como los baches. Las tiendas tambi\u00e9n son responsables de eliminar los obst\u00e1culos que ellas mismas crean, como recoger las cajas y cajones de las tiendas y limpiar los charcos de agua en la secci\u00f3n de productos.<\/p>\n<p>Cuando se descuidan estos deberes y las v\u00edctimas se lesionan, es razonable pensar que Smart &amp; Final y sus propietarios corporativos deber\u00edan pagar todos los costes de recuperaci\u00f3n.<\/p>\n<h2><strong>Las lesiones m\u00e1s comunes despu\u00e9s de un accidente en Smart &amp; Final<\/strong><\/h2>\n<p>Estos costos de recuperaci\u00f3n pueden incluir los cheques de pago que usted deja de recibir mientras est\u00e1 fuera del trabajo con su lesi\u00f3n. Tambi\u00e9n incluyen las facturas del hospital, las facturas del m\u00e9dico y los gastos de fisioterapia que usted acumule.<\/p>\n<p>Dependiendo del tipo de lesi\u00f3n que sufra, estos costes pueden ser enormes y m\u00e1s de lo que podr\u00eda esperar pagar. Usted no deber\u00eda tener que hacerlo cuando ha sido gravemente herido por el error de un empleado de Smart &amp; Final o de otro cliente.<\/p>\n<p>Es importante asegurar no s\u00f3lo la compensaci\u00f3n por una visita a la sala de emergencias sino por todos los costos de recuperaci\u00f3n que siguen. Las facturas pueden acumularse, especialmente si se tiene en cuenta lo grave que puede ser un accidente por resbal\u00f3n y ca\u00edda.<\/p>\n<h2><strong>Estas son s\u00f3lo algunas de las lesiones comunes y graves que pueden derivarse de un accidente de resbal\u00f3n y ca\u00edda en el supermercado:<\/strong><\/h2>\n<ul>\n<li>Lesiones en la cabeza \u2014 Una ca\u00edda que le haga acercarse a una estanter\u00eda o caer sobre su propio carro puede provocarle un grave golpe en la cabeza. Son posibles las fracturas de cr\u00e1neo y las lesiones cerebrales traum\u00e1ticas. Una lesi\u00f3n cerebral puede dejarle con p\u00e9rdida de memoria, intensos dolores de cabeza y p\u00e9rdida de control de ciertas funciones corporales.<\/li>\n<li>Da\u00f1os en la m\u00e9dula espinal \u2014 Los da\u00f1os en las v\u00e9rtebras pueden provocar par\u00e1lisis y p\u00e9rdida de movilidad. Los dolores de espalda y cuello tambi\u00e9n son comunes y pueden ser debilitantes.<\/li>\n<li>Dislocaciones y huesos rotos \u2014 Las manos, las mu\u00f1ecas y los codos pueden romperse al intentar sujetarse de una ca\u00edda. Una fractura de cadera puede dejarle sin poder caminar y estar postrado en la cama durante la recuperaci\u00f3n puede provocar otros problemas de salud graves.<\/li>\n<\/ul>\n<p>Los accidentes en tiendas de comestibles por tropiezos y ca\u00eddas suelen dar lugar a distintos tipos de lesiones porque suelen hacer que las v\u00edctimas caigan hacia delante.\u00a0 Las aceras desiguales y el pavimento desmoronado del aparcamiento pueden hacer que un tropiezo le haga caer de bruces. Los p\u00f3mulos, la nariz y la mand\u00edbula pueden fracturarse. Es frecuente que se produzcan da\u00f1os graves en los dientes.<\/p>\n<p>Los baches de los aparcamientos provocan muchos accidentes por tropiezos y ca\u00eddas y pueden provocar dolorosas lesiones en las rodillas. Una rodilla rota puede dar lugar a una cirug\u00eda mayor y dejarle fuera de juego durante meses.<\/p>\n<h2><strong>Recopilaci\u00f3n de pruebas en el lugar de su ca\u00edda en la tienda de comestibles en Fresno<\/strong><\/h2>\n<p>Despu\u00e9s de una ca\u00edda, es probable que los gerentes y empleados de la tienda est\u00e9n pensando en cubrir sus propias huellas a la hora de aceptar la culpa. Es importante actuar r\u00e1pidamente para mostrar la escena tal y como estaba cuando usted se cay\u00f3 antes de que los representantes de la tienda puedan limpiarla.<\/p>\n<p>Pero primero, llame al 911 si necesita atenci\u00f3n m\u00e9dica. Alerte de todos los dolores que tenga. Acuda al hospital si se lo recomiendan o cree que debe hacerlo.<\/p>\n<p>Despu\u00e9s, si puede moverse bien, haga fotos del peligro que ha provocado su ca\u00edda. Muestre cualquier se\u00f1al de precauci\u00f3n que haya alrededor o muestre la falta de precauciones de seguridad. Consiga la informaci\u00f3n de contacto de cualquier testigo que haya en los alrededores. Puede que no le hayan visto caer, pero podr\u00edan testificar que el peligro exist\u00eda.<\/p>\n<p>Adem\u00e1s, informe al gerente inmediatamente. La sede corporativa de Smart &amp; Final querr\u00e1 que se redacte un informe sobre lo ocurrido. Este informe puede ser una prueba s\u00f3lida para su caso. Est\u00e9 listo para entregar toda la evidencia a su abogado de lesiones personales de Fresno.<\/p>\n<h2><strong>P\u00f3ngase en contacto con un abogado de accidentes por resbalones y ca\u00eddas de Smart &amp; Final en Fresno<\/strong><\/h2>\n<p>Si usted o un miembro de su familia se ha lesionado durante un viaje a Smart &amp; Final, es una idea inteligente hablar con un Abogado de Accidentes de Resbal\u00f3n y Ca\u00edda de Fresno. Martin Gasparian, el fundador de Maison Law, ofrece una consulta gratuita y sin compromiso del caso a las v\u00edctimas y sus familias. Le gustar\u00eda que todas las v\u00edctimas estuvieran informadas de sus derechos antes de hablar con cualquier representante del seguro.<\/p>\n<p>El Sr. Gasparian tiene una amplia experiencia en enfrentarse a cadenas de empresas para sus clientes y conseguir la m\u00e1xima indemnizaci\u00f3n disponible para las v\u00edctimas y sus familias. Las v\u00edctimas de accidentes pierden miles de d\u00f3lares cada a\u00f1o porque dejan que las compa\u00f1\u00edas de seguros y los abogados de las empresas decidan lo que deben recibir. No cometa este error y acabe pagando de su bolsillo un gran porcentaje de su recuperaci\u00f3n.<\/p>\n","protected":false},"excerpt":{"rendered":"<p>Los compradores de Fresno visitan los almacenes como Smart &amp; Final con la esperanza de reducir los viajes de compra durante el mes. Esperan reunir los suministros que sus familias necesitan en una sola parada. Es una buena manera de ahorrar dinero y tiempo. Pero incluso con menos viajes, hay peligros a lo largo de [&hellip;]<\/p>\n","protected":false},"author":10,"featured_media":0,"parent":17153,"menu_order":0,"comment_status":"closed","ping_status":"closed","template":"","meta":{"footnotes":""},"class_list":["post-17139","page","type-page","status-publish","hentry"],"yoast_head":"<!-- This site is optimized with the Yoast SEO Premium plugin v27.3 (Yoast SEO v27.3) - https:\/\/yoast.com\/product\/yoast-seo-premium-wordpress\/ -->\n<title>Abogado de accidentes de resbalones y ca\u00eddas en la tienda de comestibles Smart &amp; Final en Fresno | Maison Law<\/title>\n<meta name=\"description\" content=\"Los compradores de Fresno visitan los almacenes como Smart &amp; Final con la esperanza de reducir los viajes de compra durante el mes. Esperan reunir los\" \/>\n<meta name=\"robots\" content=\"index, follow, max-snippet:-1, max-image-preview:large, max-video-preview:-1\" \/>\n<link rel=\"canonical\" href=\"https:\/\/maisonlaw.com\/es\/fresno\/resbalones-y-caidas\/tiendas-de-comestibles\/accidentes-de-resbalones-y-caidas-en-smart-final\/\" \/>\n<meta property=\"og:locale\" content=\"es_ES\" \/>\n<meta property=\"og:type\" content=\"article\" \/>\n<meta property=\"og:title\" content=\"Abogado de accidentes de resbalones y ca\u00eddas en la tienda de comestibles Smart &amp; Final en Fresno\" \/>\n<meta property=\"og:description\" content=\"Los compradores de Fresno visitan los almacenes como Smart &amp; Final con la esperanza de reducir los viajes de compra durante el mes. Esperan reunir los\" \/>\n<meta property=\"og:url\" content=\"https:\/\/maisonlaw.com\/es\/fresno\/resbalones-y-caidas\/tiendas-de-comestibles\/accidentes-de-resbalones-y-caidas-en-smart-final\/\" \/>\n<meta property=\"og:site_name\" content=\"Maison Law\" \/>\n<meta property=\"article:publisher\" content=\"https:\/\/www.facebook.com\/maisonlawfirm\/\" \/>\n<meta name=\"twitter:card\" content=\"summary_large_image\" \/>\n<meta name=\"twitter:label1\" content=\"Tiempo de lectura\" \/>\n\t<meta name=\"twitter:data1\" content=\"6 minutos\" \/>\n<script type=\"application\/ld+json\" class=\"yoast-schema-graph\">{\"@context\":\"https:\\\/\\\/schema.org\",\"@graph\":[{\"@type\":\"WebPage\",\"@id\":\"https:\\\/\\\/maisonlaw.com\\\/es\\\/fresno\\\/resbalones-y-caidas\\\/tiendas-de-comestibles\\\/accidentes-de-resbalones-y-caidas-en-smart-final\\\/\",\"url\":\"https:\\\/\\\/maisonlaw.com\\\/es\\\/fresno\\\/resbalones-y-caidas\\\/tiendas-de-comestibles\\\/accidentes-de-resbalones-y-caidas-en-smart-final\\\/\",\"name\":\"Abogado de accidentes de resbalones y ca\u00eddas en la tienda de comestibles Smart & Final en Fresno | Maison Law\",\"isPartOf\":{\"@id\":\"https:\\\/\\\/maisonlaw.com\\\/es\\\/#website\"},\"datePublished\":\"2022-08-30T08:04:05+00:00\",\"description\":\"Los compradores de Fresno visitan los almacenes como Smart &amp; Final con la esperanza de reducir los viajes de compra durante el mes. Esperan reunir los\",\"breadcrumb\":{\"@id\":\"https:\\\/\\\/maisonlaw.com\\\/es\\\/fresno\\\/resbalones-y-caidas\\\/tiendas-de-comestibles\\\/accidentes-de-resbalones-y-caidas-en-smart-final\\\/#breadcrumb\"},\"inLanguage\":\"es\",\"potentialAction\":[{\"@type\":\"ReadAction\",\"target\":[\"https:\\\/\\\/maisonlaw.com\\\/es\\\/fresno\\\/resbalones-y-caidas\\\/tiendas-de-comestibles\\\/accidentes-de-resbalones-y-caidas-en-smart-final\\\/\"]}]},{\"@type\":\"BreadcrumbList\",\"@id\":\"https:\\\/\\\/maisonlaw.com\\\/es\\\/fresno\\\/resbalones-y-caidas\\\/tiendas-de-comestibles\\\/accidentes-de-resbalones-y-caidas-en-smart-final\\\/#breadcrumb\",\"itemListElement\":[{\"@type\":\"ListItem\",\"position\":1,\"name\":\"Home\",\"item\":\"https:\\\/\\\/maisonlaw.com\\\/es\\\/\"},{\"@type\":\"ListItem\",\"position\":2,\"name\":\"Abogados De Accidentes En Fresno California\",\"item\":\"https:\\\/\\\/maisonlaw.com\\\/es\\\/fresno\\\/?lang=es\"},{\"@type\":\"ListItem\",\"position\":3,\"name\":\"Abogado de accidentes de resbalones y ca\u00eddas en la tienda de comestibles Smart &#038; Final en Fresno\"}]},{\"@type\":\"WebSite\",\"@id\":\"https:\\\/\\\/maisonlaw.com\\\/es\\\/#website\",\"url\":\"https:\\\/\\\/maisonlaw.com\\\/es\\\/\",\"name\":\"Maison Law Accident and Injury Lawyers\",\"description\":\"The Support You Need. The Settlement You Deserve.\",\"publisher\":{\"@id\":\"https:\\\/\\\/maisonlaw.com\\\/es\\\/#organization\"},\"alternateName\":\"Maison Law\",\"potentialAction\":[{\"@type\":\"SearchAction\",\"target\":{\"@type\":\"EntryPoint\",\"urlTemplate\":\"https:\\\/\\\/maisonlaw.com\\\/es\\\/?s={search_term_string}\"},\"query-input\":{\"@type\":\"PropertyValueSpecification\",\"valueRequired\":true,\"valueName\":\"search_term_string\"}}],\"inLanguage\":\"es\"},{\"@type\":\"Organization\",\"@id\":\"https:\\\/\\\/maisonlaw.com\\\/es\\\/#organization\",\"name\":\"Maison Law Accident & Injury Attorneys\",\"alternateName\":\"Maison Law\",\"url\":\"https:\\\/\\\/maisonlaw.com\\\/es\\\/\",\"logo\":{\"@type\":\"ImageObject\",\"inLanguage\":\"es\",\"@id\":\"https:\\\/\\\/maisonlaw.com\\\/es\\\/#\\\/schema\\\/logo\\\/image\\\/\",\"url\":\"https:\\\/\\\/maisonlaw.com\\\/wp-content\\\/uploads\\\/2025\\\/06\\\/experiment-logo-opt.png\",\"contentUrl\":\"https:\\\/\\\/maisonlaw.com\\\/wp-content\\\/uploads\\\/2025\\\/06\\\/experiment-logo-opt.png\",\"width\":1345,\"height\":294,\"caption\":\"Maison Law Accident & Injury Attorneys\"},\"image\":{\"@id\":\"https:\\\/\\\/maisonlaw.com\\\/es\\\/#\\\/schema\\\/logo\\\/image\\\/\"},\"sameAs\":[\"https:\\\/\\\/www.facebook.com\\\/maisonlawfirm\\\/\",\"https:\\\/\\\/www.linkedin.com\\\/in\\\/martin-gasparian-a9956516\\\/\",\"https:\\\/\\\/www.instagram.com\\\/maison_law\\\/\",\"https:\\\/\\\/www.youtube.com\\\/@maisonlaw\"],\"description\":\"Maison Law is a California Personal Injury Law Firm.\",\"legalName\":\"Maison Law\",\"foundingDate\":\"2014-01-01\",\"numberOfEmployees\":{\"@type\":\"QuantitativeValue\",\"minValue\":\"11\",\"maxValue\":\"50\"}}]}<\/script>\n<!-- \/ Yoast SEO Premium plugin. -->","yoast_head_json":{"title":"Abogado de accidentes de resbalones y ca\u00eddas en la tienda de comestibles Smart & Final en Fresno | Maison Law","description":"Los compradores de Fresno visitan los almacenes como Smart &amp; Final con la esperanza de reducir los viajes de compra durante el mes. Esperan reunir los","robots":{"index":"index","follow":"follow","max-snippet":"max-snippet:-1","max-image-preview":"max-image-preview:large","max-video-preview":"max-video-preview:-1"},"canonical":"https:\/\/maisonlaw.com\/es\/fresno\/resbalones-y-caidas\/tiendas-de-comestibles\/accidentes-de-resbalones-y-caidas-en-smart-final\/","og_locale":"es_ES","og_type":"article","og_title":"Abogado de accidentes de resbalones y ca\u00eddas en la tienda de comestibles Smart & Final en Fresno","og_description":"Los compradores de Fresno visitan los almacenes como Smart &amp; Final con la esperanza de reducir los viajes de compra durante el mes. Esperan reunir los","og_url":"https:\/\/maisonlaw.com\/es\/fresno\/resbalones-y-caidas\/tiendas-de-comestibles\/accidentes-de-resbalones-y-caidas-en-smart-final\/","og_site_name":"Maison Law","article_publisher":"https:\/\/www.facebook.com\/maisonlawfirm\/","twitter_card":"summary_large_image","twitter_misc":{"Tiempo de lectura":"6 minutos"},"schema":{"@context":"https:\/\/schema.org","@graph":[{"@type":"WebPage","@id":"https:\/\/maisonlaw.com\/es\/fresno\/resbalones-y-caidas\/tiendas-de-comestibles\/accidentes-de-resbalones-y-caidas-en-smart-final\/","url":"https:\/\/maisonlaw.com\/es\/fresno\/resbalones-y-caidas\/tiendas-de-comestibles\/accidentes-de-resbalones-y-caidas-en-smart-final\/","name":"Abogado de accidentes de resbalones y ca\u00eddas en la tienda de comestibles Smart & Final en Fresno | Maison Law","isPartOf":{"@id":"https:\/\/maisonlaw.com\/es\/#website"},"datePublished":"2022-08-30T08:04:05+00:00","description":"Los compradores de Fresno visitan los almacenes como Smart &amp; Final con la esperanza de reducir los viajes de compra durante el mes. Esperan reunir los","breadcrumb":{"@id":"https:\/\/maisonlaw.com\/es\/fresno\/resbalones-y-caidas\/tiendas-de-comestibles\/accidentes-de-resbalones-y-caidas-en-smart-final\/#breadcrumb"},"inLanguage":"es","potentialAction":[{"@type":"ReadAction","target":["https:\/\/maisonlaw.com\/es\/fresno\/resbalones-y-caidas\/tiendas-de-comestibles\/accidentes-de-resbalones-y-caidas-en-smart-final\/"]}]},{"@type":"BreadcrumbList","@id":"https:\/\/maisonlaw.com\/es\/fresno\/resbalones-y-caidas\/tiendas-de-comestibles\/accidentes-de-resbalones-y-caidas-en-smart-final\/#breadcrumb","itemListElement":[{"@type":"ListItem","position":1,"name":"Home","item":"https:\/\/maisonlaw.com\/es\/"},{"@type":"ListItem","position":2,"name":"Abogados De Accidentes En Fresno California","item":"https:\/\/maisonlaw.com\/es\/fresno\/?lang=es"},{"@type":"ListItem","position":3,"name":"Abogado de accidentes de resbalones y ca\u00eddas en la tienda de comestibles Smart &#038; Final en Fresno"}]},{"@type":"WebSite","@id":"https:\/\/maisonlaw.com\/es\/#website","url":"https:\/\/maisonlaw.com\/es\/","name":"Maison Law Accident and Injury Lawyers","description":"The Support You Need. The Settlement You Deserve.","publisher":{"@id":"https:\/\/maisonlaw.com\/es\/#organization"},"alternateName":"Maison Law","potentialAction":[{"@type":"SearchAction","target":{"@type":"EntryPoint","urlTemplate":"https:\/\/maisonlaw.com\/es\/?s={search_term_string}"},"query-input":{"@type":"PropertyValueSpecification","valueRequired":true,"valueName":"search_term_string"}}],"inLanguage":"es"},{"@type":"Organization","@id":"https:\/\/maisonlaw.com\/es\/#organization","name":"Maison Law Accident & Injury Attorneys","alternateName":"Maison Law","url":"https:\/\/maisonlaw.com\/es\/","logo":{"@type":"ImageObject","inLanguage":"es","@id":"https:\/\/maisonlaw.com\/es\/#\/schema\/logo\/image\/","url":"https:\/\/maisonlaw.com\/wp-content\/uploads\/2025\/06\/experiment-logo-opt.png","contentUrl":"https:\/\/maisonlaw.com\/wp-content\/uploads\/2025\/06\/experiment-logo-opt.png","width":1345,"height":294,"caption":"Maison Law Accident & Injury Attorneys"},"image":{"@id":"https:\/\/maisonlaw.com\/es\/#\/schema\/logo\/image\/"},"sameAs":["https:\/\/www.facebook.com\/maisonlawfirm\/","https:\/\/www.linkedin.com\/in\/martin-gasparian-a9956516\/","https:\/\/www.instagram.com\/maison_law\/","https:\/\/www.youtube.com\/@maisonlaw"],"description":"Maison Law is a California Personal Injury Law Firm.","legalName":"Maison Law","foundingDate":"2014-01-01","numberOfEmployees":{"@type":"QuantitativeValue","minValue":"11","maxValue":"50"}}]}},"_links":{"self":[{"href":"https:\/\/maisonlaw.com\/es\/wp-json\/wp\/v2\/pages\/17139","targetHints":{"allow":["GET"]}}],"collection":[{"href":"https:\/\/maisonlaw.com\/es\/wp-json\/wp\/v2\/pages"}],"about":[{"href":"https:\/\/maisonlaw.com\/es\/wp-json\/wp\/v2\/types\/page"}],"author":[{"embeddable":true,"href":"https:\/\/maisonlaw.com\/es\/wp-json\/wp\/v2\/users\/10"}],"replies":[{"embeddable":true,"href":"https:\/\/maisonlaw.com\/es\/wp-json\/wp\/v2\/comments?post=17139"}],"version-history":[{"count":0,"href":"https:\/\/maisonlaw.com\/es\/wp-json\/wp\/v2\/pages\/17139\/revisions"}],"up":[{"embeddable":true,"href":"https:\/\/maisonlaw.com\/es\/wp-json\/wp\/v2\/pages\/17153"}],"wp:attachment":[{"href":"https:\/\/maisonlaw.com\/es\/wp-json\/wp\/v2\/media?parent=17139"}],"curies":[{"name":"wp","href":"https:\/\/api.w.org\/{rel}","templated":true}]}}