{"id":17134,"date":"2022-08-30T00:55:19","date_gmt":"2022-08-30T07:55:19","guid":{"rendered":"https:\/\/maisonlaw.com\/?page_id=17134"},"modified":"2022-08-30T00:56:21","modified_gmt":"2022-08-30T07:56:21","slug":"abogado-de-accidentes-por-resbalones-y-caidas-en-food-4-less","status":"publish","type":"page","link":"https:\/\/maisonlaw.com\/es\/fresno\/resbalones-y-caidas\/tiendas-de-comestibles\/abogado-de-accidentes-por-resbalones-y-caidas-en-food-4-less\/","title":{"rendered":"Abogado de accidentes por resbalones y ca\u00eddas en la tienda de comestibles Food 4 Less en Fresno"},"content":{"rendered":"<p>Los compradores de Fresno que buscan ahorrar en sus facturas mensuales de comestibles pueden acudir a Food 4 Less para obtener una soluci\u00f3n c\u00f3moda y sin complicaciones. Es un gran lugar para abastecerse de art\u00edculos esenciales. Sin embargo, esos ahorros pueden disiparse r\u00e1pidamente si la tienda no es segura para su visita.<\/p>\n<p>Resbalar y caer en un charco de refresco derramado, o tropezar con una caja de cereales abandonada en un pasillo puede dejarle a usted o a un ser querido con un hueso roto o una lesi\u00f3n en la cabeza. Los costes de la recuperaci\u00f3n pueden agotar r\u00e1pidamente sus ahorros e incluso amenazar el futuro financiero de su familia.<\/p>\n<p>Las v\u00edctimas de un accidente y lesi\u00f3n en cualquier local de Food 4 Less en el Valle Central deben conocer los beneficios disponibles para ellos y la oportunidad de obtener apoyo a trav\u00e9s de una reclamaci\u00f3n de seguro.<\/p>\n<h2><strong>Programar una consulta gratuita con un abogado de accidentes por resbal\u00f3n y ca\u00edda en Fresno<\/strong><\/h2>\n<p>Con todo lo que ocurre en los d\u00edas posteriores a un peligroso accidente de resbal\u00f3n y ca\u00edda en una tienda de comestibles, puede ser dif\u00edcil determinar qui\u00e9n debe ayudarle en la recuperaci\u00f3n. \u00bfSe presentar\u00e1 su reclamaci\u00f3n al seguro de accidentes contra el propietario del local? \u00bfO su reclamaci\u00f3n se dirigir\u00e1 a la sede de una empresa de supermercados y contar\u00e1 con la participaci\u00f3n de abogados corporativos?<\/p>\n<p>No se siente a preocuparse por estas cuestiones mientras tambi\u00e9n intenta curarse de una ca\u00edda. P\u00f3ngase en contacto con Maison Law de <a href=\"https:\/\/maisonlaw.com\/fresno\/?lang=es\">Fresno<\/a> para una consulta gratuita de su caso. Esta consulta no tiene ninguna obligaci\u00f3n y es completamente confidencial. Averig\u00fce lo que puede valer su lesi\u00f3n por ca\u00edda en una tienda de comestibles. Adem\u00e1s, averig\u00fce c\u00f3mo proceder para obtener todo lo que necesita para su recuperaci\u00f3n.<\/p>\n<h2><strong>Peligros comunes en las tiendas Food 4 Less<\/strong><\/h2>\n<p>Cuando compramos art\u00edculos a granel en un gran almac\u00e9n, nuestros ojos escudri\u00f1an hacia arriba para ver todos los productos, marcas y ofertas. Rara vez nos fijamos en d\u00f3nde pisamos, y no deber\u00edamos tener que hacerlo.<\/p>\n<p>Los supermercados como Food 4 Less en Kings Canyon Road deben a sus clientes un \u00abdeber de cuidado\u00bb. Esta responsabilidad legal significa que si le invitan a entrar en sus tiendas, sus empleados son responsables de mantenerle a salvo. Este deber se extiende desde el estacionamiento, hasta el departamento de carnes y de regreso.<\/p>\n<h2><strong>Estos son s\u00f3lo algunos de los peligros que quiz\u00e1 no haya tenido en cuenta al entrar en una tienda Food 4 Less:<\/strong><\/h2>\n<ul>\n<li>Peligros del pasillo \u2013 Los derrames de zumo de los tarros rotos y los charcos dejados por clientes descuidados son resbaladizos. Usted podr\u00eda golpear un estante o su propio carrito al bajar y sufrir una lesi\u00f3n en la cabeza. Los caramelos esparcidos por un ni\u00f1o pueden hacer que su pie se deslice por debajo de usted. Puede producirse un accidente por tropiezo y ca\u00edda al chocar su dedo con un expositor de la tienda que quiz\u00e1 no haya visto.<\/li>\n<li>Peligros en el departamento de productos \u2013 La fruta ahumada puede acabar en el suelo creando un glaseado resbaladizo. Las gotas de agua que caen de las hojas reci\u00e9n rociadas pueden acumularse en el suelo y crear un peligro de resbal\u00f3n y ca\u00edda. Estos obst\u00e1culos pueden ser invisibles a simple vista hasta que es demasiado tarde.<\/li>\n<li>Peligros del suelo del cuarto de ba\u00f1o \u2013 Los suelos de los cuartos de ba\u00f1o parecen volverse muy resbaladizos con la m\u00e1s m\u00ednima cantidad de agua sobre ellos. El jab\u00f3n s\u00f3lo hace que caminar hacia el lavabo sea mucho m\u00e1s peligroso. Las fugas en los lavabos y las superficies sin fregar provocar\u00e1n una ca\u00edda devastadora.<\/li>\n<li>Peligros de los estuches de productos l\u00e1cteos y congelados \u2013 Un huevo roto puede estar en su camino pero permanecer fuera de la vista. La leche puede filtrarse por debajo de un estuche donde no pueda verla. Los guisantes congelados pueden acabar por todo el suelo. Las vitrinas refrigeradas m\u00e1s antiguas tambi\u00e9n pueden dejar escapar l\u00edquidos que se convierten en las sustancias m\u00e1s resbaladizas imaginables sobre suelos brillantes.<\/li>\n<li>Peligros del aparcamiento \u2013 Los propietarios de las tiendas deben evitar que el agua de lluvia se acumule en la puerta principal. Se puede dejar que un bache se erosione y se haga cada vez m\u00e1s profundo hasta que su pie quede atrapado en \u00e9l y caiga con fuerza sobre su rodilla. Los peligros del paisaje y de la acera son tambi\u00e9n amenazas comunes que hacen tropezar a los clientes.<\/li>\n<\/ul>\n<h2><strong>\u00bfPor qu\u00e9 puedo recibir una indemnizaci\u00f3n despu\u00e9s de un accidente en Food 4 Less?<\/strong><\/h2>\n<p>Un accidente espantoso le dejar\u00e1 con muchas facturas y algunas dificultades inesperadas para usted y su familia. Su abogado especializado en resbalones y ca\u00eddas en tiendas de comestibles trabaja para asegurarse de que usted reciba una indemnizaci\u00f3n por todas las p\u00e9rdidas que sufra y algunas que quiz\u00e1 no haya considerado.<\/p>\n<p>Una vez que haya obtenido una indemnizaci\u00f3n a trav\u00e9s de un acuerdo con el seguro o una sentencia judicial, obtendr\u00e1 una ayuda por estos da\u00f1os y m\u00e1s:<\/p>\n<ul>\n<li>Todos los gastos m\u00e9dicos<\/li>\n<li>Los gastos asociados a una discapacidad permanente<\/li>\n<li>El dolor f\u00edsico y el sufrimiento emocional<\/li>\n<li>La p\u00e9rdida del disfrute de la vida debido a la lesi\u00f3n<\/li>\n<li>Los gastos de desplazamiento durante las visitas al m\u00e9dico<\/li>\n<li>Todos los salarios perdidos mientras se recupera<\/li>\n<\/ul>\n<h2><strong>Beneficios por muerte por negligencia tras un accidente de Food 4 Less<\/strong><\/h2>\n<p>Es un hecho triste que algunas v\u00edctimas de resbalones y ca\u00eddas nunca terminan de recuperarse. Pueden morir a causa de su ca\u00edda o fallecer m\u00e1s tarde mientras intentan recuperarse. En el tiempo en que las personas est\u00e1n fuera de combate, tratando de curarse, pueden surgir otras complicaciones y cobrarse una vida.<\/p>\n<p>En estos tr\u00e1gicos casos, las familias de las v\u00edctimas pueden recurrir a una reclamaci\u00f3n por homicidio culposo para asegurar sus finanzas y proteger a los familiares cercanos.<\/p>\n<p>Esta reclamaci\u00f3n busca ayuda para los costes del entierro y todos los gastos m\u00e9dicos acumulados antes de que la v\u00edctima falleciera. Tambi\u00e9n evita que la familia sufra da\u00f1os financieros en el futuro, ya que debe hacer frente a los gastos normales de la vida sin el apoyo financiero que un ser querido le hab\u00eda proporcionado siempre.<\/p>\n<h2><strong>P\u00f3ngase en contacto con un abogado especializado en resbalones y ca\u00eddas en tiendas de comestibles de Fresno<\/strong><\/h2>\n<p>Las v\u00edctimas de accidentes en California y sus familias tienen hasta dos a\u00f1os para presentar una demanda por accidente contra tiendas como Food 4 Less. Las familias deben actuar lo antes posible para que un abogado de resbalones y ca\u00eddas de Fresno tenga el mejor acceso a las pruebas frescas. Un abogado tambi\u00e9n localizar\u00e1 m\u00e1s f\u00e1cilmente a los testigos y el v\u00eddeo de vigilancia cuando haya pasado poco tiempo desde el accidente.<\/p>\n<p>Se anima a las v\u00edctimas y a sus familias a que programen una consulta gratuita y sin riesgo con un abogado experto en lesiones personales de Fresno para averiguar lo que tienen a su disposici\u00f3n. Las v\u00edctimas de accidentes pierden miles de d\u00f3lares al a\u00f1o porque dejan que las compa\u00f1\u00edas de seguros decidan lo que deben recibir. Maison Law tiene un largo historial de recuperar el m\u00e1ximo en compensaci\u00f3n para las v\u00edctimas y sus familias que tratan de reconstruir sus vidas.<\/p>\n","protected":false},"excerpt":{"rendered":"<p>Los compradores de Fresno que buscan ahorrar en sus facturas mensuales de comestibles pueden acudir a Food 4 Less para obtener una soluci\u00f3n c\u00f3moda y sin complicaciones. Es un gran lugar para abastecerse de art\u00edculos esenciales. Sin embargo, esos ahorros pueden disiparse r\u00e1pidamente si la tienda no es segura para su visita. Resbalar y caer [&hellip;]<\/p>\n","protected":false},"author":10,"featured_media":0,"parent":17153,"menu_order":0,"comment_status":"closed","ping_status":"closed","template":"","meta":{"footnotes":""},"class_list":["post-17134","page","type-page","status-publish","hentry"],"yoast_head":"<!-- This site is optimized with the Yoast SEO Premium plugin v27.3 (Yoast SEO v27.3) - https:\/\/yoast.com\/product\/yoast-seo-premium-wordpress\/ -->\n<title>Abogado de accidentes por resbalones y ca\u00eddas en la tienda de comestibles Food 4 Less en Fresno | Maison Law<\/title>\n<meta name=\"description\" content=\"Los compradores de Fresno que buscan ahorrar en sus facturas mensuales de comestibles pueden acudir a Food 4 Less para obtener una soluci\u00f3n c\u00f3moda y sin\" \/>\n<meta name=\"robots\" content=\"index, follow, max-snippet:-1, max-image-preview:large, max-video-preview:-1\" \/>\n<link rel=\"canonical\" href=\"https:\/\/maisonlaw.com\/es\/fresno\/resbalones-y-caidas\/tiendas-de-comestibles\/abogado-de-accidentes-por-resbalones-y-caidas-en-food-4-less\/\" \/>\n<meta property=\"og:locale\" content=\"es_ES\" \/>\n<meta property=\"og:type\" content=\"article\" \/>\n<meta property=\"og:title\" content=\"Abogado de accidentes por resbalones y ca\u00eddas en la tienda de comestibles Food 4 Less en Fresno\" \/>\n<meta property=\"og:description\" content=\"Los compradores de Fresno que buscan ahorrar en sus facturas mensuales de comestibles pueden acudir a Food 4 Less para obtener una soluci\u00f3n c\u00f3moda y sin\" \/>\n<meta property=\"og:url\" content=\"https:\/\/maisonlaw.com\/es\/fresno\/resbalones-y-caidas\/tiendas-de-comestibles\/abogado-de-accidentes-por-resbalones-y-caidas-en-food-4-less\/\" \/>\n<meta property=\"og:site_name\" content=\"Maison Law\" \/>\n<meta property=\"article:publisher\" content=\"https:\/\/www.facebook.com\/maisonlawfirm\/\" \/>\n<meta property=\"article:modified_time\" content=\"2022-08-30T07:56:21+00:00\" \/>\n<meta name=\"twitter:card\" content=\"summary_large_image\" \/>\n<meta name=\"twitter:label1\" content=\"Tiempo de lectura\" \/>\n\t<meta name=\"twitter:data1\" content=\"6 minutos\" \/>\n<script type=\"application\/ld+json\" class=\"yoast-schema-graph\">{\"@context\":\"https:\\\/\\\/schema.org\",\"@graph\":[{\"@type\":\"WebPage\",\"@id\":\"https:\\\/\\\/maisonlaw.com\\\/es\\\/fresno\\\/resbalones-y-caidas\\\/tiendas-de-comestibles\\\/abogado-de-accidentes-por-resbalones-y-caidas-en-food-4-less\\\/\",\"url\":\"https:\\\/\\\/maisonlaw.com\\\/es\\\/fresno\\\/resbalones-y-caidas\\\/tiendas-de-comestibles\\\/abogado-de-accidentes-por-resbalones-y-caidas-en-food-4-less\\\/\",\"name\":\"Abogado de accidentes por resbalones y ca\u00eddas en la tienda de comestibles Food 4 Less en Fresno | Maison Law\",\"isPartOf\":{\"@id\":\"https:\\\/\\\/maisonlaw.com\\\/es\\\/#website\"},\"datePublished\":\"2022-08-30T07:55:19+00:00\",\"dateModified\":\"2022-08-30T07:56:21+00:00\",\"description\":\"Los compradores de Fresno que buscan ahorrar en sus facturas mensuales de comestibles pueden acudir a Food 4 Less para obtener una soluci\u00f3n c\u00f3moda y sin\",\"breadcrumb\":{\"@id\":\"https:\\\/\\\/maisonlaw.com\\\/es\\\/fresno\\\/resbalones-y-caidas\\\/tiendas-de-comestibles\\\/abogado-de-accidentes-por-resbalones-y-caidas-en-food-4-less\\\/#breadcrumb\"},\"inLanguage\":\"es\",\"potentialAction\":[{\"@type\":\"ReadAction\",\"target\":[\"https:\\\/\\\/maisonlaw.com\\\/es\\\/fresno\\\/resbalones-y-caidas\\\/tiendas-de-comestibles\\\/abogado-de-accidentes-por-resbalones-y-caidas-en-food-4-less\\\/\"]}]},{\"@type\":\"BreadcrumbList\",\"@id\":\"https:\\\/\\\/maisonlaw.com\\\/es\\\/fresno\\\/resbalones-y-caidas\\\/tiendas-de-comestibles\\\/abogado-de-accidentes-por-resbalones-y-caidas-en-food-4-less\\\/#breadcrumb\",\"itemListElement\":[{\"@type\":\"ListItem\",\"position\":1,\"name\":\"Home\",\"item\":\"https:\\\/\\\/maisonlaw.com\\\/es\\\/\"},{\"@type\":\"ListItem\",\"position\":2,\"name\":\"Abogados De Accidentes En Fresno California\",\"item\":\"https:\\\/\\\/maisonlaw.com\\\/es\\\/fresno\\\/?lang=es\"},{\"@type\":\"ListItem\",\"position\":3,\"name\":\"Abogado de accidentes por resbalones y ca\u00eddas en la tienda de comestibles Food 4 Less en Fresno\"}]},{\"@type\":\"WebSite\",\"@id\":\"https:\\\/\\\/maisonlaw.com\\\/es\\\/#website\",\"url\":\"https:\\\/\\\/maisonlaw.com\\\/es\\\/\",\"name\":\"Maison Law Accident and Injury Lawyers\",\"description\":\"The Support You Need. The Settlement You Deserve.\",\"publisher\":{\"@id\":\"https:\\\/\\\/maisonlaw.com\\\/es\\\/#organization\"},\"alternateName\":\"Maison Law\",\"potentialAction\":[{\"@type\":\"SearchAction\",\"target\":{\"@type\":\"EntryPoint\",\"urlTemplate\":\"https:\\\/\\\/maisonlaw.com\\\/es\\\/?s={search_term_string}\"},\"query-input\":{\"@type\":\"PropertyValueSpecification\",\"valueRequired\":true,\"valueName\":\"search_term_string\"}}],\"inLanguage\":\"es\"},{\"@type\":\"Organization\",\"@id\":\"https:\\\/\\\/maisonlaw.com\\\/es\\\/#organization\",\"name\":\"Maison Law Accident & Injury Attorneys\",\"alternateName\":\"Maison Law\",\"url\":\"https:\\\/\\\/maisonlaw.com\\\/es\\\/\",\"logo\":{\"@type\":\"ImageObject\",\"inLanguage\":\"es\",\"@id\":\"https:\\\/\\\/maisonlaw.com\\\/es\\\/#\\\/schema\\\/logo\\\/image\\\/\",\"url\":\"https:\\\/\\\/maisonlaw.com\\\/wp-content\\\/uploads\\\/2025\\\/06\\\/experiment-logo-opt.png\",\"contentUrl\":\"https:\\\/\\\/maisonlaw.com\\\/wp-content\\\/uploads\\\/2025\\\/06\\\/experiment-logo-opt.png\",\"width\":1345,\"height\":294,\"caption\":\"Maison Law Accident & Injury Attorneys\"},\"image\":{\"@id\":\"https:\\\/\\\/maisonlaw.com\\\/es\\\/#\\\/schema\\\/logo\\\/image\\\/\"},\"sameAs\":[\"https:\\\/\\\/www.facebook.com\\\/maisonlawfirm\\\/\",\"https:\\\/\\\/www.linkedin.com\\\/in\\\/martin-gasparian-a9956516\\\/\",\"https:\\\/\\\/www.instagram.com\\\/maison_law\\\/\",\"https:\\\/\\\/www.youtube.com\\\/@maisonlaw\"],\"description\":\"Maison Law is a California Personal Injury Law Firm.\",\"legalName\":\"Maison Law\",\"foundingDate\":\"2014-01-01\",\"numberOfEmployees\":{\"@type\":\"QuantitativeValue\",\"minValue\":\"11\",\"maxValue\":\"50\"}}]}<\/script>\n<!-- \/ Yoast SEO Premium plugin. -->","yoast_head_json":{"title":"Abogado de accidentes por resbalones y ca\u00eddas en la tienda de comestibles Food 4 Less en Fresno | Maison Law","description":"Los compradores de Fresno que buscan ahorrar en sus facturas mensuales de comestibles pueden acudir a Food 4 Less para obtener una soluci\u00f3n c\u00f3moda y sin","robots":{"index":"index","follow":"follow","max-snippet":"max-snippet:-1","max-image-preview":"max-image-preview:large","max-video-preview":"max-video-preview:-1"},"canonical":"https:\/\/maisonlaw.com\/es\/fresno\/resbalones-y-caidas\/tiendas-de-comestibles\/abogado-de-accidentes-por-resbalones-y-caidas-en-food-4-less\/","og_locale":"es_ES","og_type":"article","og_title":"Abogado de accidentes por resbalones y ca\u00eddas en la tienda de comestibles Food 4 Less en Fresno","og_description":"Los compradores de Fresno que buscan ahorrar en sus facturas mensuales de comestibles pueden acudir a Food 4 Less para obtener una soluci\u00f3n c\u00f3moda y sin","og_url":"https:\/\/maisonlaw.com\/es\/fresno\/resbalones-y-caidas\/tiendas-de-comestibles\/abogado-de-accidentes-por-resbalones-y-caidas-en-food-4-less\/","og_site_name":"Maison Law","article_publisher":"https:\/\/www.facebook.com\/maisonlawfirm\/","article_modified_time":"2022-08-30T07:56:21+00:00","twitter_card":"summary_large_image","twitter_misc":{"Tiempo de lectura":"6 minutos"},"schema":{"@context":"https:\/\/schema.org","@graph":[{"@type":"WebPage","@id":"https:\/\/maisonlaw.com\/es\/fresno\/resbalones-y-caidas\/tiendas-de-comestibles\/abogado-de-accidentes-por-resbalones-y-caidas-en-food-4-less\/","url":"https:\/\/maisonlaw.com\/es\/fresno\/resbalones-y-caidas\/tiendas-de-comestibles\/abogado-de-accidentes-por-resbalones-y-caidas-en-food-4-less\/","name":"Abogado de accidentes por resbalones y ca\u00eddas en la tienda de comestibles Food 4 Less en Fresno | Maison Law","isPartOf":{"@id":"https:\/\/maisonlaw.com\/es\/#website"},"datePublished":"2022-08-30T07:55:19+00:00","dateModified":"2022-08-30T07:56:21+00:00","description":"Los compradores de Fresno que buscan ahorrar en sus facturas mensuales de comestibles pueden acudir a Food 4 Less para obtener una soluci\u00f3n c\u00f3moda y sin","breadcrumb":{"@id":"https:\/\/maisonlaw.com\/es\/fresno\/resbalones-y-caidas\/tiendas-de-comestibles\/abogado-de-accidentes-por-resbalones-y-caidas-en-food-4-less\/#breadcrumb"},"inLanguage":"es","potentialAction":[{"@type":"ReadAction","target":["https:\/\/maisonlaw.com\/es\/fresno\/resbalones-y-caidas\/tiendas-de-comestibles\/abogado-de-accidentes-por-resbalones-y-caidas-en-food-4-less\/"]}]},{"@type":"BreadcrumbList","@id":"https:\/\/maisonlaw.com\/es\/fresno\/resbalones-y-caidas\/tiendas-de-comestibles\/abogado-de-accidentes-por-resbalones-y-caidas-en-food-4-less\/#breadcrumb","itemListElement":[{"@type":"ListItem","position":1,"name":"Home","item":"https:\/\/maisonlaw.com\/es\/"},{"@type":"ListItem","position":2,"name":"Abogados De Accidentes En Fresno California","item":"https:\/\/maisonlaw.com\/es\/fresno\/?lang=es"},{"@type":"ListItem","position":3,"name":"Abogado de accidentes por resbalones y ca\u00eddas en la tienda de comestibles Food 4 Less en Fresno"}]},{"@type":"WebSite","@id":"https:\/\/maisonlaw.com\/es\/#website","url":"https:\/\/maisonlaw.com\/es\/","name":"Maison Law Accident and Injury Lawyers","description":"The Support You Need. The Settlement You Deserve.","publisher":{"@id":"https:\/\/maisonlaw.com\/es\/#organization"},"alternateName":"Maison Law","potentialAction":[{"@type":"SearchAction","target":{"@type":"EntryPoint","urlTemplate":"https:\/\/maisonlaw.com\/es\/?s={search_term_string}"},"query-input":{"@type":"PropertyValueSpecification","valueRequired":true,"valueName":"search_term_string"}}],"inLanguage":"es"},{"@type":"Organization","@id":"https:\/\/maisonlaw.com\/es\/#organization","name":"Maison Law Accident & Injury Attorneys","alternateName":"Maison Law","url":"https:\/\/maisonlaw.com\/es\/","logo":{"@type":"ImageObject","inLanguage":"es","@id":"https:\/\/maisonlaw.com\/es\/#\/schema\/logo\/image\/","url":"https:\/\/maisonlaw.com\/wp-content\/uploads\/2025\/06\/experiment-logo-opt.png","contentUrl":"https:\/\/maisonlaw.com\/wp-content\/uploads\/2025\/06\/experiment-logo-opt.png","width":1345,"height":294,"caption":"Maison Law Accident & Injury Attorneys"},"image":{"@id":"https:\/\/maisonlaw.com\/es\/#\/schema\/logo\/image\/"},"sameAs":["https:\/\/www.facebook.com\/maisonlawfirm\/","https:\/\/www.linkedin.com\/in\/martin-gasparian-a9956516\/","https:\/\/www.instagram.com\/maison_law\/","https:\/\/www.youtube.com\/@maisonlaw"],"description":"Maison Law is a California Personal Injury Law Firm.","legalName":"Maison Law","foundingDate":"2014-01-01","numberOfEmployees":{"@type":"QuantitativeValue","minValue":"11","maxValue":"50"}}]}},"_links":{"self":[{"href":"https:\/\/maisonlaw.com\/es\/wp-json\/wp\/v2\/pages\/17134","targetHints":{"allow":["GET"]}}],"collection":[{"href":"https:\/\/maisonlaw.com\/es\/wp-json\/wp\/v2\/pages"}],"about":[{"href":"https:\/\/maisonlaw.com\/es\/wp-json\/wp\/v2\/types\/page"}],"author":[{"embeddable":true,"href":"https:\/\/maisonlaw.com\/es\/wp-json\/wp\/v2\/users\/10"}],"replies":[{"embeddable":true,"href":"https:\/\/maisonlaw.com\/es\/wp-json\/wp\/v2\/comments?post=17134"}],"version-history":[{"count":0,"href":"https:\/\/maisonlaw.com\/es\/wp-json\/wp\/v2\/pages\/17134\/revisions"}],"up":[{"embeddable":true,"href":"https:\/\/maisonlaw.com\/es\/wp-json\/wp\/v2\/pages\/17153"}],"wp:attachment":[{"href":"https:\/\/maisonlaw.com\/es\/wp-json\/wp\/v2\/media?parent=17134"}],"curies":[{"name":"wp","href":"https:\/\/api.w.org\/{rel}","templated":true}]}}