{"id":17131,"date":"2022-08-30T00:47:35","date_gmt":"2022-08-30T07:47:35","guid":{"rendered":"https:\/\/maisonlaw.com\/?page_id=17131"},"modified":"2022-08-30T00:57:16","modified_gmt":"2022-08-30T07:57:16","slug":"accidentes-por-resbalon-y-caida-en-save-mart","status":"publish","type":"page","link":"https:\/\/maisonlaw.com\/es\/fresno\/resbalones-y-caidas\/tiendas-de-comestibles\/accidentes-por-resbalon-y-caida-en-save-mart\/","title":{"rendered":"Accidentes por resbal\u00f3n y ca\u00edda en Save Mart y c\u00f3mo puede ayudar un abogado de lesiones personales en Fresno"},"content":{"rendered":"<p><a href=\"https:\/\/maisonlaw.com\/fresno\/?lang=es\">Fresno<\/a> cuenta con una docena o m\u00e1s de locales de Save Mart por toda la ciudad, y miles de personas inundan sus pasillos para ahorrar mucho dinero en la compra de alimentos.<\/p>\n<p>Los supermercados Save Mart anuncian los mejores precios, pero tambi\u00e9n hay que contar con que se centran igualmente en la seguridad de los clientes. Un charco por un derrame en un pasillo, o un bache en el aparcamiento pueden enviarle al suelo para absorber una dolorosa lesi\u00f3n.<\/p>\n<p>Se trata de un accidente inesperado, pero este tipo de percances de responsabilidad civil del establecimiento lesionan a las v\u00edctimas cada d\u00eda en todo California. Cuando la negligencia del due\u00f1o o propietario de una tienda provoca este tipo de accidentes, es fundamental que las v\u00edctimas lesionadas busquen el apoyo que necesitan para recuperarse.<\/p>\n<h2><strong>Peligros de accidente en los Save Marts en Fresno<\/strong><\/h2>\n<p>En virtud de la responsabilidad de las instalaciones, las cadenas de supermercados y los propietarios de locales son responsables de la seguridad de sus clientes diarios en todo momento. Deben a los visitantes un \u00abdeber de cuidado\u00bb cuando salen de sus veh\u00edculos y en sus desplazamientos al pasillo trasero.<\/p>\n<p>Cuando los propietarios y los operadores no vigilan los peligros para la seguridad y los limpian en un tiempo razonable, deben ser considerados responsables cuando las personas resultan heridas.<\/p>\n<p>Mientras escudri\u00f1a las secciones de productos agr\u00edcolas y de congelados en busca de su fruta favorita o de una pizza congelada, es posible que no piense en los peligros potenciales. El agua puede acabar en los brillantes suelos del departamento de frutas y verduras y hacer que se resbale y caiga de espaldas. La esquina de una alfombra en el departamento de frutas y verduras puede hacerle tropezar y caer hacia delante. Una fuga de un congelador tambi\u00e9n podr\u00eda poner l\u00edquido bajo su pie.<\/p>\n<p>Un tropiezo y ca\u00edda en una acera desmoronada en el exterior podr\u00eda dejarle en el cemento con una lesi\u00f3n de rodilla debilitante. La lluvia acumulada junto a la puerta de entrada puede no limpiarse nunca y enviarle de repente al suelo para que se golpee la cabeza y sufra una lesi\u00f3n cerebral traum\u00e1tica.<\/p>\n<h2><strong>Qu\u00e9 hacer despu\u00e9s de un accidente en un Save Mart en Fresno<\/strong><\/h2>\n<p>Su bienestar y seguridad son los factores m\u00e1s importantes despu\u00e9s de un resbal\u00f3n o tropez\u00f3n en un supermercado Save Mart. Llame al 911 si est\u00e1 lesionado. Deje que los param\u00e9dicos comprueben cualquier dolor que tenga y acuda al hospital si es necesario.<\/p>\n<p>Si puede moverse f\u00edsicamente, en el lugar del accidente habr\u00e1 pruebas clave que debe intentar recoger. Si debe salir en ambulancia, pida a alguien que le acompa\u00f1e o a un testigo \u00fatil que recoja algunos de estos detalles:<\/p>\n<ul>\n<li>Consiga fotos del lugar de los hechos \u2013 Muestre el obst\u00e1culo o el peligro que le caus\u00f3 la lesi\u00f3n. Es probable que este peligro se elimine en el momento en que usted se vaya. Observe su entorno y muestre visiblemente la falta de se\u00f1ales de advertencia en los alrededores.<\/li>\n<li>Alerte a un responsable de Save Mart \u2013 Tendr\u00e1 que informar a alguien con autoridad en la tienda sobre lo ocurrido. La oficina corporativa de Save Mart exigir\u00e1 que se redacte un informe del incidente. Este informe puede ayudar a probar su caso m\u00e1s adelante. No acepte nunca la culpa de lo ocurrido y no declare que no est\u00e1 lesionado. Es posible que tenga lesiones que a\u00fan no ha descubierto mientras la conmoci\u00f3n de lo sucedido a\u00fan enmascara el dolor.<\/li>\n<li>Hable con los testigos \u2013 Comente lo que vieron y obtenga sus datos de contacto. Entregue esta informaci\u00f3n a su abogado de lesiones personales.<\/li>\n<li>Conserve las pruebas \u2013 Guarde los recibos que tenga de la tienda implicada. Conserve cualquier objeto personal da\u00f1ado. Conserve los zapatos que llevaba puestos cuando se cay\u00f3. Intente no volver a pon\u00e9rselos para que puedan ser presentados como prueba de que su calzado no fue el problema.<\/li>\n<li>Acuda a su m\u00e9dico \u2013 Concierte una cita con su proveedor de atenci\u00f3n m\u00e9dica. Consiga que todos los dolores y lesiones se detallen en un informe m\u00e9dico. Conserve todas las facturas.<\/li>\n<\/ul>\n<h2><strong>Preguntas frecuentes<\/strong><\/h2>\n<p><strong>\u00bfQu\u00e9 tipo de da\u00f1os por lesi\u00f3n indemnizar\u00e1 Save Mart?<\/strong><\/p>\n<p>Ser\u00e1 clave para su recuperaci\u00f3n financiera conseguir fondos para pagar todas las facturas del hospital ahora y las que se prev\u00e9 que lleguen en el futuro. Sus salarios perdidos en el trabajo deben ser compensados. El dolor f\u00edsico y el trauma emocional que sufre tambi\u00e9n aumentar\u00e1n la ayuda que reciba.<\/p>\n<p><strong>\u00bfDebo confiar en los proveedores de seguros de Save Mart?<\/strong><\/p>\n<p>No. No acepte dar una declaraci\u00f3n grabada a ning\u00fan representante del seguro. Rechace y rem\u00edtalos a su abogado de lesiones personales. Quieren que las declaraciones queden registradas para poder tergiversarlas y debilitar su relato de lo sucedido con el fin de pagarle menos.<\/p>\n<p><strong>\u00bfQu\u00e9 ocurre si se me considera parcialmente culpable de mi lesi\u00f3n por resbal\u00f3n y ca\u00edda?<\/strong><\/p>\n<p>Es posible que le asignen parte de la culpa de su ca\u00edda. Por ejemplo, Save Mart puede decir que usted estaba mirando un tel\u00e9fono m\u00f3vil y no miraba por d\u00f3nde iba. Todav\u00eda puede contar con una ayuda de recuperaci\u00f3n, sin embargo, su indemnizaci\u00f3n se reduce por el porcentaje de culpa que se le asigne.<\/p>\n<h2><strong>P\u00f3ngase en contacto con un abogado de Save Mart en Fresno especializado en resbalones y ca\u00eddas<\/strong><\/h2>\n<p>Si usted resulta gravemente lesionado durante un viaje a Save Mart, tendr\u00e1 que considerar el costo de su atenci\u00f3n m\u00e9dica ahora y los cuidados que puedan ser necesarios en los meses y a\u00f1os venideros. Tendr\u00e1 una oportunidad de responsabilizar a Save Mart para que no pague sus cuidados futuros con sus propios ahorros.<\/p>\n<p>Un abogado con experiencia en resbalones y ca\u00eddas en tiendas de comestibles de Fresno le dir\u00e1 lo que vale su caso y luego se asegurar\u00e1 de que las grandes cadenas de supermercados no puedan escapar de asumir toda la responsabilidad por todos los gastos.<\/p>\n<p>P\u00f3ngase en contacto con el abogado Martin Gasparian para una evaluaci\u00f3n gratuita y confidencial de su caso. El Sr. Gasparian trabaja con las v\u00edctimas para asegurarse de que reciben todo lo que necesitan para restablecer su salud y reconstruir sus vidas.<\/p>\n","protected":false},"excerpt":{"rendered":"<p>Fresno cuenta con una docena o m\u00e1s de locales de Save Mart por toda la ciudad, y miles de personas inundan sus pasillos para ahorrar mucho dinero en la compra de alimentos. Los supermercados Save Mart anuncian los mejores precios, pero tambi\u00e9n hay que contar con que se centran igualmente en la seguridad de los [&hellip;]<\/p>\n","protected":false},"author":10,"featured_media":0,"parent":17153,"menu_order":0,"comment_status":"closed","ping_status":"closed","template":"","meta":{"footnotes":""},"class_list":["post-17131","page","type-page","status-publish","hentry"],"yoast_head":"<!-- This site is optimized with the Yoast SEO Premium plugin v27.3 (Yoast SEO v27.3) - https:\/\/yoast.com\/product\/yoast-seo-premium-wordpress\/ -->\n<title>Accidentes por resbal\u00f3n y ca\u00edda en Save Mart y c\u00f3mo puede ayudar un abogado de lesiones personales en Fresno | Maison Law<\/title>\n<meta name=\"description\" content=\"Fresno cuenta con una docena o m\u00e1s de locales de Save Mart por toda la ciudad, y miles de personas inundan sus pasillos para ahorrar mucho dinero en la\" \/>\n<meta name=\"robots\" content=\"index, follow, max-snippet:-1, max-image-preview:large, max-video-preview:-1\" \/>\n<link rel=\"canonical\" href=\"https:\/\/maisonlaw.com\/es\/fresno\/resbalones-y-caidas\/tiendas-de-comestibles\/accidentes-por-resbalon-y-caida-en-save-mart\/\" \/>\n<meta property=\"og:locale\" content=\"es_ES\" \/>\n<meta property=\"og:type\" content=\"article\" \/>\n<meta property=\"og:title\" content=\"Accidentes por resbal\u00f3n y ca\u00edda en Save Mart y c\u00f3mo puede ayudar un abogado de lesiones personales en Fresno\" \/>\n<meta property=\"og:description\" content=\"Fresno cuenta con una docena o m\u00e1s de locales de Save Mart por toda la ciudad, y miles de personas inundan sus pasillos para ahorrar mucho dinero en la\" \/>\n<meta property=\"og:url\" content=\"https:\/\/maisonlaw.com\/es\/fresno\/resbalones-y-caidas\/tiendas-de-comestibles\/accidentes-por-resbalon-y-caida-en-save-mart\/\" \/>\n<meta property=\"og:site_name\" content=\"Maison Law\" \/>\n<meta property=\"article:publisher\" content=\"https:\/\/www.facebook.com\/maisonlawfirm\/\" \/>\n<meta property=\"article:modified_time\" content=\"2022-08-30T07:57:16+00:00\" \/>\n<meta name=\"twitter:card\" content=\"summary_large_image\" \/>\n<meta name=\"twitter:label1\" content=\"Tiempo de lectura\" \/>\n\t<meta name=\"twitter:data1\" content=\"5 minutos\" \/>\n<script type=\"application\/ld+json\" class=\"yoast-schema-graph\">{\"@context\":\"https:\\\/\\\/schema.org\",\"@graph\":[{\"@type\":\"WebPage\",\"@id\":\"https:\\\/\\\/maisonlaw.com\\\/es\\\/fresno\\\/resbalones-y-caidas\\\/tiendas-de-comestibles\\\/accidentes-por-resbalon-y-caida-en-save-mart\\\/\",\"url\":\"https:\\\/\\\/maisonlaw.com\\\/es\\\/fresno\\\/resbalones-y-caidas\\\/tiendas-de-comestibles\\\/accidentes-por-resbalon-y-caida-en-save-mart\\\/\",\"name\":\"Accidentes por resbal\u00f3n y ca\u00edda en Save Mart y c\u00f3mo puede ayudar un abogado de lesiones personales en Fresno | Maison Law\",\"isPartOf\":{\"@id\":\"https:\\\/\\\/maisonlaw.com\\\/es\\\/#website\"},\"datePublished\":\"2022-08-30T07:47:35+00:00\",\"dateModified\":\"2022-08-30T07:57:16+00:00\",\"description\":\"Fresno cuenta con una docena o m\u00e1s de locales de Save Mart por toda la ciudad, y miles de personas inundan sus pasillos para ahorrar mucho dinero en la\",\"breadcrumb\":{\"@id\":\"https:\\\/\\\/maisonlaw.com\\\/es\\\/fresno\\\/resbalones-y-caidas\\\/tiendas-de-comestibles\\\/accidentes-por-resbalon-y-caida-en-save-mart\\\/#breadcrumb\"},\"inLanguage\":\"es\",\"potentialAction\":[{\"@type\":\"ReadAction\",\"target\":[\"https:\\\/\\\/maisonlaw.com\\\/es\\\/fresno\\\/resbalones-y-caidas\\\/tiendas-de-comestibles\\\/accidentes-por-resbalon-y-caida-en-save-mart\\\/\"]}]},{\"@type\":\"BreadcrumbList\",\"@id\":\"https:\\\/\\\/maisonlaw.com\\\/es\\\/fresno\\\/resbalones-y-caidas\\\/tiendas-de-comestibles\\\/accidentes-por-resbalon-y-caida-en-save-mart\\\/#breadcrumb\",\"itemListElement\":[{\"@type\":\"ListItem\",\"position\":1,\"name\":\"Home\",\"item\":\"https:\\\/\\\/maisonlaw.com\\\/es\\\/\"},{\"@type\":\"ListItem\",\"position\":2,\"name\":\"Abogados De Accidentes En Fresno California\",\"item\":\"https:\\\/\\\/maisonlaw.com\\\/es\\\/fresno\\\/?lang=es\"},{\"@type\":\"ListItem\",\"position\":3,\"name\":\"Accidentes por resbal\u00f3n y ca\u00edda en Save Mart y c\u00f3mo puede ayudar un abogado de lesiones personales en Fresno\"}]},{\"@type\":\"WebSite\",\"@id\":\"https:\\\/\\\/maisonlaw.com\\\/es\\\/#website\",\"url\":\"https:\\\/\\\/maisonlaw.com\\\/es\\\/\",\"name\":\"Maison Law Accident and Injury Lawyers\",\"description\":\"The Support You Need. The Settlement You Deserve.\",\"publisher\":{\"@id\":\"https:\\\/\\\/maisonlaw.com\\\/es\\\/#organization\"},\"alternateName\":\"Maison Law\",\"potentialAction\":[{\"@type\":\"SearchAction\",\"target\":{\"@type\":\"EntryPoint\",\"urlTemplate\":\"https:\\\/\\\/maisonlaw.com\\\/es\\\/?s={search_term_string}\"},\"query-input\":{\"@type\":\"PropertyValueSpecification\",\"valueRequired\":true,\"valueName\":\"search_term_string\"}}],\"inLanguage\":\"es\"},{\"@type\":\"Organization\",\"@id\":\"https:\\\/\\\/maisonlaw.com\\\/es\\\/#organization\",\"name\":\"Maison Law Accident & Injury Attorneys\",\"alternateName\":\"Maison Law\",\"url\":\"https:\\\/\\\/maisonlaw.com\\\/es\\\/\",\"logo\":{\"@type\":\"ImageObject\",\"inLanguage\":\"es\",\"@id\":\"https:\\\/\\\/maisonlaw.com\\\/es\\\/#\\\/schema\\\/logo\\\/image\\\/\",\"url\":\"https:\\\/\\\/maisonlaw.com\\\/wp-content\\\/uploads\\\/2025\\\/06\\\/experiment-logo-opt.png\",\"contentUrl\":\"https:\\\/\\\/maisonlaw.com\\\/wp-content\\\/uploads\\\/2025\\\/06\\\/experiment-logo-opt.png\",\"width\":1345,\"height\":294,\"caption\":\"Maison Law Accident & Injury Attorneys\"},\"image\":{\"@id\":\"https:\\\/\\\/maisonlaw.com\\\/es\\\/#\\\/schema\\\/logo\\\/image\\\/\"},\"sameAs\":[\"https:\\\/\\\/www.facebook.com\\\/maisonlawfirm\\\/\",\"https:\\\/\\\/www.linkedin.com\\\/in\\\/martin-gasparian-a9956516\\\/\",\"https:\\\/\\\/www.instagram.com\\\/maison_law\\\/\",\"https:\\\/\\\/www.youtube.com\\\/@maisonlaw\"],\"description\":\"Maison Law is a California Personal Injury Law Firm.\",\"legalName\":\"Maison Law\",\"foundingDate\":\"2014-01-01\",\"numberOfEmployees\":{\"@type\":\"QuantitativeValue\",\"minValue\":\"11\",\"maxValue\":\"50\"}}]}<\/script>\n<!-- \/ Yoast SEO Premium plugin. -->","yoast_head_json":{"title":"Accidentes por resbal\u00f3n y ca\u00edda en Save Mart y c\u00f3mo puede ayudar un abogado de lesiones personales en Fresno | Maison Law","description":"Fresno cuenta con una docena o m\u00e1s de locales de Save Mart por toda la ciudad, y miles de personas inundan sus pasillos para ahorrar mucho dinero en la","robots":{"index":"index","follow":"follow","max-snippet":"max-snippet:-1","max-image-preview":"max-image-preview:large","max-video-preview":"max-video-preview:-1"},"canonical":"https:\/\/maisonlaw.com\/es\/fresno\/resbalones-y-caidas\/tiendas-de-comestibles\/accidentes-por-resbalon-y-caida-en-save-mart\/","og_locale":"es_ES","og_type":"article","og_title":"Accidentes por resbal\u00f3n y ca\u00edda en Save Mart y c\u00f3mo puede ayudar un abogado de lesiones personales en Fresno","og_description":"Fresno cuenta con una docena o m\u00e1s de locales de Save Mart por toda la ciudad, y miles de personas inundan sus pasillos para ahorrar mucho dinero en la","og_url":"https:\/\/maisonlaw.com\/es\/fresno\/resbalones-y-caidas\/tiendas-de-comestibles\/accidentes-por-resbalon-y-caida-en-save-mart\/","og_site_name":"Maison Law","article_publisher":"https:\/\/www.facebook.com\/maisonlawfirm\/","article_modified_time":"2022-08-30T07:57:16+00:00","twitter_card":"summary_large_image","twitter_misc":{"Tiempo de lectura":"5 minutos"},"schema":{"@context":"https:\/\/schema.org","@graph":[{"@type":"WebPage","@id":"https:\/\/maisonlaw.com\/es\/fresno\/resbalones-y-caidas\/tiendas-de-comestibles\/accidentes-por-resbalon-y-caida-en-save-mart\/","url":"https:\/\/maisonlaw.com\/es\/fresno\/resbalones-y-caidas\/tiendas-de-comestibles\/accidentes-por-resbalon-y-caida-en-save-mart\/","name":"Accidentes por resbal\u00f3n y ca\u00edda en Save Mart y c\u00f3mo puede ayudar un abogado de lesiones personales en Fresno | Maison Law","isPartOf":{"@id":"https:\/\/maisonlaw.com\/es\/#website"},"datePublished":"2022-08-30T07:47:35+00:00","dateModified":"2022-08-30T07:57:16+00:00","description":"Fresno cuenta con una docena o m\u00e1s de locales de Save Mart por toda la ciudad, y miles de personas inundan sus pasillos para ahorrar mucho dinero en la","breadcrumb":{"@id":"https:\/\/maisonlaw.com\/es\/fresno\/resbalones-y-caidas\/tiendas-de-comestibles\/accidentes-por-resbalon-y-caida-en-save-mart\/#breadcrumb"},"inLanguage":"es","potentialAction":[{"@type":"ReadAction","target":["https:\/\/maisonlaw.com\/es\/fresno\/resbalones-y-caidas\/tiendas-de-comestibles\/accidentes-por-resbalon-y-caida-en-save-mart\/"]}]},{"@type":"BreadcrumbList","@id":"https:\/\/maisonlaw.com\/es\/fresno\/resbalones-y-caidas\/tiendas-de-comestibles\/accidentes-por-resbalon-y-caida-en-save-mart\/#breadcrumb","itemListElement":[{"@type":"ListItem","position":1,"name":"Home","item":"https:\/\/maisonlaw.com\/es\/"},{"@type":"ListItem","position":2,"name":"Abogados De Accidentes En Fresno California","item":"https:\/\/maisonlaw.com\/es\/fresno\/?lang=es"},{"@type":"ListItem","position":3,"name":"Accidentes por resbal\u00f3n y ca\u00edda en Save Mart y c\u00f3mo puede ayudar un abogado de lesiones personales en Fresno"}]},{"@type":"WebSite","@id":"https:\/\/maisonlaw.com\/es\/#website","url":"https:\/\/maisonlaw.com\/es\/","name":"Maison Law Accident and Injury Lawyers","description":"The Support You Need. The Settlement You Deserve.","publisher":{"@id":"https:\/\/maisonlaw.com\/es\/#organization"},"alternateName":"Maison Law","potentialAction":[{"@type":"SearchAction","target":{"@type":"EntryPoint","urlTemplate":"https:\/\/maisonlaw.com\/es\/?s={search_term_string}"},"query-input":{"@type":"PropertyValueSpecification","valueRequired":true,"valueName":"search_term_string"}}],"inLanguage":"es"},{"@type":"Organization","@id":"https:\/\/maisonlaw.com\/es\/#organization","name":"Maison Law Accident & Injury Attorneys","alternateName":"Maison Law","url":"https:\/\/maisonlaw.com\/es\/","logo":{"@type":"ImageObject","inLanguage":"es","@id":"https:\/\/maisonlaw.com\/es\/#\/schema\/logo\/image\/","url":"https:\/\/maisonlaw.com\/wp-content\/uploads\/2025\/06\/experiment-logo-opt.png","contentUrl":"https:\/\/maisonlaw.com\/wp-content\/uploads\/2025\/06\/experiment-logo-opt.png","width":1345,"height":294,"caption":"Maison Law Accident & Injury Attorneys"},"image":{"@id":"https:\/\/maisonlaw.com\/es\/#\/schema\/logo\/image\/"},"sameAs":["https:\/\/www.facebook.com\/maisonlawfirm\/","https:\/\/www.linkedin.com\/in\/martin-gasparian-a9956516\/","https:\/\/www.instagram.com\/maison_law\/","https:\/\/www.youtube.com\/@maisonlaw"],"description":"Maison Law is a California Personal Injury Law Firm.","legalName":"Maison Law","foundingDate":"2014-01-01","numberOfEmployees":{"@type":"QuantitativeValue","minValue":"11","maxValue":"50"}}]}},"_links":{"self":[{"href":"https:\/\/maisonlaw.com\/es\/wp-json\/wp\/v2\/pages\/17131","targetHints":{"allow":["GET"]}}],"collection":[{"href":"https:\/\/maisonlaw.com\/es\/wp-json\/wp\/v2\/pages"}],"about":[{"href":"https:\/\/maisonlaw.com\/es\/wp-json\/wp\/v2\/types\/page"}],"author":[{"embeddable":true,"href":"https:\/\/maisonlaw.com\/es\/wp-json\/wp\/v2\/users\/10"}],"replies":[{"embeddable":true,"href":"https:\/\/maisonlaw.com\/es\/wp-json\/wp\/v2\/comments?post=17131"}],"version-history":[{"count":0,"href":"https:\/\/maisonlaw.com\/es\/wp-json\/wp\/v2\/pages\/17131\/revisions"}],"up":[{"embeddable":true,"href":"https:\/\/maisonlaw.com\/es\/wp-json\/wp\/v2\/pages\/17153"}],"wp:attachment":[{"href":"https:\/\/maisonlaw.com\/es\/wp-json\/wp\/v2\/media?parent=17131"}],"curies":[{"name":"wp","href":"https:\/\/api.w.org\/{rel}","templated":true}]}}