{"id":17012,"date":"2022-08-23T11:42:24","date_gmt":"2022-08-23T18:42:24","guid":{"rendered":"https:\/\/maisonlaw.com\/?page_id=17012"},"modified":"2022-08-23T11:42:24","modified_gmt":"2022-08-23T18:42:24","slug":"resbalones-y-caidas","status":"publish","type":"page","link":"https:\/\/maisonlaw.com\/es\/fresno\/resbalones-y-caidas\/","title":{"rendered":"Abogado de accidentes por resbalones y ca\u00eddas en Fresno"},"content":{"rendered":"<p>Los compradores de Fresno entran y salen apresuradamente de las tiendas de comestibles y de las grandes superficies a menudo para abastecerse para la semana que se avecina. Estos viajes s\u00f3lo deber\u00edan requerir su atenci\u00f3n para encontrar los aperitivos que se les antojan y comprobar las etiquetas de los precios.<\/p>\n<p>Desgraciadamente, aunque los propietarios y operarios de las tiendas est\u00e1n encantados de registrar su total, puede que no est\u00e9n tan entusiasmados con su seguridad. Los derrames y la mercanc\u00eda da\u00f1ada pueden quedar en los suelos de los pasillos fuera de la vista hasta que su pie resbala y le env\u00eda con fuerza al suelo.<\/p>\n<p>Si se ha lesionado en una ca\u00edda en un local comercial, o en la propiedad de otra persona, no conf\u00ede su recuperaci\u00f3n al due\u00f1o de la tienda o a su proveedor de seguros. P\u00f3ngase en contacto con un abogado de accidentes de resbal\u00f3n y ca\u00edda de <a href=\"https:\/\/maisonlaw.com\/fresno\/lang=es\">Fresno<\/a> que trabaja para proteger a las v\u00edctimas lesionadas de las compa\u00f1\u00edas de seguros que tratan de sabotear sus intentos de obtener ayuda b\u00e1sica para su recuperaci\u00f3n m\u00e9dica. Ofrecemos una consulta gratuita sin compromiso para las v\u00edctimas.<\/p>\n<h2><strong>Peligros de resbalones y ca\u00eddas en Fresno<\/strong><\/h2>\n<p>Un resbal\u00f3n o tropez\u00f3n puede ocurrir casi en cualquier lugar. Si ocurre en casa, a menudo no es culpa de nadie m\u00e1s que de usted mismo. Pero si se cae y se lesiona mientras est\u00e1 en un supermercado, una tienda de mejoras para el hogar, una gasolinera o alg\u00fan otro lugar p\u00fablico, suele haber alguien que puede ser considerado responsable.<\/p>\n<p>Los propietarios de las tiendas y las empresas que muchas veces son due\u00f1as de la franquicia est\u00e1n obligados a proporcionar a cualquier visitante que inviten un viaje seguro desde sus veh\u00edculos hasta el pasillo trasero. Los propietarios deben este cuidado a cualquier persona que visite lugares como un complejo de apartamentos, una piscina o cualquier otra atracci\u00f3n.<\/p>\n<p>Un bache en un aparcamiento que le haga tropezar hacia delante puede provocar una grave lesi\u00f3n de rodilla. Un resbal\u00f3n en un charco en la secci\u00f3n de productos agr\u00edcolas puede enviarle de lado y fracturarle una cadera. Todos estos son casos que desencadenan la \u00abresponsabilidad de las instalaciones\u00bb y dejan al propietario de una propiedad o tienda obligado a apoyar a las v\u00edctimas mientras se recuperan.<\/p>\n<h2><strong>Lesiones comunes por resbalones y ca\u00eddas<\/strong><\/h2>\n<p>Un tropiezo embarazoso en medio de Wal-Mart puede parecer algo sin importancia, pero las ca\u00eddas pueden provocar lesiones graves con consecuencias duraderas.<\/p>\n<p>Las personas enviadas al suelo en un accidente de resbal\u00f3n y ca\u00edda suelen caer de lado o hacia atr\u00e1s. Estas son algunas de las consecuencias m\u00e1s graves para las v\u00edctimas:<\/p>\n<ul>\n<li>Las lesiones cerebrales traum\u00e1ticas (TBI) implican un peligroso golpe en la cabeza. Este golpe puede provenir de la esquina de una estanter\u00eda, de un pil\u00f3n de cemento alrededor de un surtidor de gasolina o simplemente de un fuerte golpe en la parte posterior de la cabeza contra el suelo. Los s\u00edntomas pueden consistir en una conmoci\u00f3n cerebral leve, pero pueden llevar a algo tan serio como la p\u00e9rdida de memoria y de control en algunas partes del cuerpo.<\/li>\n<li>La espalda y la m\u00e9dula espinal pueden resultar da\u00f1adas. Una lesi\u00f3n de espalda puede acompa\u00f1arle durante d\u00e9cadas y, en ocasiones, impedirle asistir al trabajo. Las lesiones de la columna vertebral pueden provocar par\u00e1lisis y una discapacidad permanente.<\/li>\n<li>Dislocaciones y fracturas. Una fuerte ca\u00edda puede dislocar un hombro o fracturar el cr\u00e1neo. Una fractura de cadera puede ser una lesi\u00f3n peligrosa a cualquier edad. La cadera puede tardar en curarse y, al mismo tiempo, ponerle en riesgo de sufrir otros problemas de salud.<\/li>\n<\/ul>\n<p>Los accidentes por tropiezo y ca\u00edda suelen hacer que las v\u00edctimas caigan hacia delante. Pueden ser provocados por baches en los aparcamientos, alfombras enrolladas y cajas dejadas en los pasillos. Los suelos rotos y las superficies de las escaleras tambi\u00e9n son culpables habituales.<\/p>\n<p>La cabeza tambi\u00e9n es vulnerable en un tropiezo y ca\u00edda. Las personas se rompen los dedos, las manos y las mu\u00f1ecas cuando intentan agarrarse en una ca\u00edda hacia delante. La gente tambi\u00e9n puede caer de bruces y da\u00f1ar la nariz, la mand\u00edbula y los dientes.<\/p>\n<h2><strong>Qu\u00e9 debe hacer despu\u00e9s de una lesi\u00f3n por resbal\u00f3n y ca\u00edda en Fresno<\/strong><\/h2>\n<p>Los propietarios y operadores de negocios son responsables de cualquier lesi\u00f3n causada por un peligro que sus empleados hayan creado. Tambi\u00e9n son responsables de cualquier peligro creado por otro visitante o cliente. Deben limpiar estos obst\u00e1culos en un tiempo razonable.<\/p>\n<p>Puede que est\u00e9 en su derecho de esperar ayuda para su recuperaci\u00f3n, pero los propietarios, y en particular sus compa\u00f1\u00edas de seguros, har\u00e1n todo lo posible para librarse de la responsabilidad por su lesi\u00f3n.<\/p>\n<p>Por eso es tan importante construir un caso apoyado en pruebas s\u00f3lidas. Las pruebas m\u00e1s s\u00f3lidas se encontrar\u00e1n en el lugar de su ca\u00edda en los momentos posteriores al accidente. Si es lo suficientemente fuerte, intente reunir estos detalles:<\/p>\n<ul>\n<li>Atienda sus heridas \u2013 Llame al 911 si necesita atenci\u00f3n m\u00e9dica. Si no puede mantenerse en pie o le env\u00edan a urgencias, pida a alguien que le acompa\u00f1e o a un transe\u00fante servicial que tome fotos de la escena.<\/li>\n<li>Utilice su tel\u00e9fono m\u00f3vil para obtener im\u00e1genes \u2013 Tome fotos del obst\u00e1culo que ha provocado su ca\u00edda. Este obst\u00e1culo desaparecer\u00e1 poco despu\u00e9s de que usted se vaya. Muestre las se\u00f1ales de advertencia colocadas alrededor del peligro o muestre d\u00f3nde deber\u00edan haber estado las se\u00f1ales. Tome una foto de cualquier herida visible y de los da\u00f1os en la ropa.<\/li>\n<li>Informe a un gerente de la tienda sobre lo sucedido \u2013 El gerente tendr\u00e1 que preparar un informe sobre el incidente de la tienda para su propietario o la oficina corporativa. Su abogado de lesiones personales puede utilizar este informe como prueba m\u00e1s adelante. No hable de lo mal que se encuentra ni acepte ninguna culpa por lo ocurrido. Probablemente no sabr\u00e1 la respuesta a estas preguntas hasta que haya tenido alg\u00fan tiempo para superar el shock de la ca\u00edda.<\/li>\n<li>Hable con los testigos \u2013 Consiga sus datos de contacto. Los empleados que vieron el accidente tambi\u00e9n pueden estar dispuestos a ayudar.<\/li>\n<li>Conserve las pruebas \u2013 Conserve todos los objetos personales da\u00f1ados en su ca\u00edda. No tire los zapatos que llevaba puestos cuando se cay\u00f3. A los agentes de seguros a veces les gusta echar la culpa a los zapatos viejos con las suelas desgastadas. Puede mostrarles una prueba visual de que est\u00e1n equivocados.<\/li>\n<li>Visite a su m\u00e9dico \u2013 Pida una cita con su m\u00e9dico. Consiga que todos los dolores y lesiones se detallen en un informe m\u00e9dico. A\u00f1ada cualquier lesi\u00f3n que aparezca repentinamente en los d\u00edas posteriores a la ca\u00edda.<\/li>\n<\/ul>\n<p><strong>P\u00f3ngase en contacto con un abogado especializado en resbalones y ca\u00eddas en Fresno<\/strong><\/p>\n<p>Despu\u00e9s de un accidente de resbal\u00f3n y ca\u00edda, aseg\u00farese de discutir su caso con un abogado experimentado en resbalones y ca\u00eddas que sirva a Fresno. Deber\u00eda poder centrarse en su recuperaci\u00f3n sin tener que preocuparse por las facturas del hospital que se acumulan y por el alquiler y el pago del coche que vencen mientras est\u00e1 sin trabajo.<\/p>\n<p>Permita que Maison Law se ponga a trabajar en su caso para asegurar la mayor compensaci\u00f3n posible para su recuperaci\u00f3n. P\u00f3ngase en contacto con nosotros hoy mismo para obtener una evaluaci\u00f3n gratuita de su caso y saber c\u00f3mo podemos ayudarle.<\/p>\n","protected":false},"excerpt":{"rendered":"<p>Los compradores de Fresno entran y salen apresuradamente de las tiendas de comestibles y de las grandes superficies a menudo para abastecerse para la semana que se avecina. Estos viajes s\u00f3lo deber\u00edan requerir su atenci\u00f3n para encontrar los aperitivos que se les antojan y comprobar las etiquetas de los precios. Desgraciadamente, aunque los propietarios y [&hellip;]<\/p>\n","protected":false},"author":10,"featured_media":0,"parent":7556,"menu_order":0,"comment_status":"closed","ping_status":"closed","template":"","meta":{"footnotes":""},"class_list":["post-17012","page","type-page","status-publish","hentry"],"yoast_head":"<!-- This site is optimized with the Yoast SEO Premium plugin v27.3 (Yoast SEO v27.3) - https:\/\/yoast.com\/product\/yoast-seo-premium-wordpress\/ -->\n<title>Abogado de accidentes por resbalones y ca\u00eddas en Fresno | Maison Law<\/title>\n<meta name=\"description\" content=\"Los compradores de Fresno entran y salen apresuradamente de las tiendas de comestibles y de las grandes superficies a menudo para abastecerse para la\" \/>\n<meta name=\"robots\" content=\"index, follow, max-snippet:-1, max-image-preview:large, max-video-preview:-1\" \/>\n<link rel=\"canonical\" href=\"https:\/\/maisonlaw.com\/es\/fresno\/resbalones-y-caidas\/\" \/>\n<meta property=\"og:locale\" content=\"es_ES\" \/>\n<meta property=\"og:type\" content=\"article\" \/>\n<meta property=\"og:title\" content=\"Abogado de accidentes por resbalones y ca\u00eddas en Fresno\" \/>\n<meta property=\"og:description\" content=\"Los compradores de Fresno entran y salen apresuradamente de las tiendas de comestibles y de las grandes superficies a menudo para abastecerse para la\" \/>\n<meta property=\"og:url\" content=\"https:\/\/maisonlaw.com\/es\/fresno\/resbalones-y-caidas\/\" \/>\n<meta property=\"og:site_name\" content=\"Maison Law\" \/>\n<meta property=\"article:publisher\" content=\"https:\/\/www.facebook.com\/maisonlawfirm\/\" \/>\n<meta name=\"twitter:card\" content=\"summary_large_image\" \/>\n<meta name=\"twitter:label1\" content=\"Tiempo de lectura\" \/>\n\t<meta name=\"twitter:data1\" content=\"6 minutos\" \/>\n<script type=\"application\/ld+json\" class=\"yoast-schema-graph\">{\"@context\":\"https:\\\/\\\/schema.org\",\"@graph\":[{\"@type\":\"WebPage\",\"@id\":\"https:\\\/\\\/maisonlaw.com\\\/es\\\/fresno\\\/resbalones-y-caidas\\\/\",\"url\":\"https:\\\/\\\/maisonlaw.com\\\/es\\\/fresno\\\/resbalones-y-caidas\\\/\",\"name\":\"Abogado de accidentes por resbalones y ca\u00eddas en Fresno | Maison Law\",\"isPartOf\":{\"@id\":\"https:\\\/\\\/maisonlaw.com\\\/es\\\/#website\"},\"datePublished\":\"2022-08-23T18:42:24+00:00\",\"description\":\"Los compradores de Fresno entran y salen apresuradamente de las tiendas de comestibles y de las grandes superficies a menudo para abastecerse para la\",\"breadcrumb\":{\"@id\":\"https:\\\/\\\/maisonlaw.com\\\/es\\\/fresno\\\/resbalones-y-caidas\\\/#breadcrumb\"},\"inLanguage\":\"es\",\"potentialAction\":[{\"@type\":\"ReadAction\",\"target\":[\"https:\\\/\\\/maisonlaw.com\\\/es\\\/fresno\\\/resbalones-y-caidas\\\/\"]}]},{\"@type\":\"BreadcrumbList\",\"@id\":\"https:\\\/\\\/maisonlaw.com\\\/es\\\/fresno\\\/resbalones-y-caidas\\\/#breadcrumb\",\"itemListElement\":[{\"@type\":\"ListItem\",\"position\":1,\"name\":\"Home\",\"item\":\"https:\\\/\\\/maisonlaw.com\\\/es\\\/\"},{\"@type\":\"ListItem\",\"position\":2,\"name\":\"Abogados De Accidentes En Fresno California\",\"item\":\"https:\\\/\\\/maisonlaw.com\\\/es\\\/fresno\\\/?lang=es\"},{\"@type\":\"ListItem\",\"position\":3,\"name\":\"Abogado de accidentes por resbalones y ca\u00eddas en Fresno\"}]},{\"@type\":\"WebSite\",\"@id\":\"https:\\\/\\\/maisonlaw.com\\\/es\\\/#website\",\"url\":\"https:\\\/\\\/maisonlaw.com\\\/es\\\/\",\"name\":\"Maison Law Accident and Injury Lawyers\",\"description\":\"The Support You Need. The Settlement You Deserve.\",\"publisher\":{\"@id\":\"https:\\\/\\\/maisonlaw.com\\\/es\\\/#organization\"},\"alternateName\":\"Maison Law\",\"potentialAction\":[{\"@type\":\"SearchAction\",\"target\":{\"@type\":\"EntryPoint\",\"urlTemplate\":\"https:\\\/\\\/maisonlaw.com\\\/es\\\/?s={search_term_string}\"},\"query-input\":{\"@type\":\"PropertyValueSpecification\",\"valueRequired\":true,\"valueName\":\"search_term_string\"}}],\"inLanguage\":\"es\"},{\"@type\":\"Organization\",\"@id\":\"https:\\\/\\\/maisonlaw.com\\\/es\\\/#organization\",\"name\":\"Maison Law Accident & Injury Attorneys\",\"alternateName\":\"Maison Law\",\"url\":\"https:\\\/\\\/maisonlaw.com\\\/es\\\/\",\"logo\":{\"@type\":\"ImageObject\",\"inLanguage\":\"es\",\"@id\":\"https:\\\/\\\/maisonlaw.com\\\/es\\\/#\\\/schema\\\/logo\\\/image\\\/\",\"url\":\"https:\\\/\\\/maisonlaw.com\\\/wp-content\\\/uploads\\\/2025\\\/06\\\/experiment-logo-opt.png\",\"contentUrl\":\"https:\\\/\\\/maisonlaw.com\\\/wp-content\\\/uploads\\\/2025\\\/06\\\/experiment-logo-opt.png\",\"width\":1345,\"height\":294,\"caption\":\"Maison Law Accident & Injury Attorneys\"},\"image\":{\"@id\":\"https:\\\/\\\/maisonlaw.com\\\/es\\\/#\\\/schema\\\/logo\\\/image\\\/\"},\"sameAs\":[\"https:\\\/\\\/www.facebook.com\\\/maisonlawfirm\\\/\",\"https:\\\/\\\/www.linkedin.com\\\/in\\\/martin-gasparian-a9956516\\\/\",\"https:\\\/\\\/www.instagram.com\\\/maison_law\\\/\",\"https:\\\/\\\/www.youtube.com\\\/@maisonlaw\"],\"description\":\"Maison Law is a California Personal Injury Law Firm.\",\"legalName\":\"Maison Law\",\"foundingDate\":\"2014-01-01\",\"numberOfEmployees\":{\"@type\":\"QuantitativeValue\",\"minValue\":\"11\",\"maxValue\":\"50\"}}]}<\/script>\n<!-- \/ Yoast SEO Premium plugin. -->","yoast_head_json":{"title":"Abogado de accidentes por resbalones y ca\u00eddas en Fresno | Maison Law","description":"Los compradores de Fresno entran y salen apresuradamente de las tiendas de comestibles y de las grandes superficies a menudo para abastecerse para la","robots":{"index":"index","follow":"follow","max-snippet":"max-snippet:-1","max-image-preview":"max-image-preview:large","max-video-preview":"max-video-preview:-1"},"canonical":"https:\/\/maisonlaw.com\/es\/fresno\/resbalones-y-caidas\/","og_locale":"es_ES","og_type":"article","og_title":"Abogado de accidentes por resbalones y ca\u00eddas en Fresno","og_description":"Los compradores de Fresno entran y salen apresuradamente de las tiendas de comestibles y de las grandes superficies a menudo para abastecerse para la","og_url":"https:\/\/maisonlaw.com\/es\/fresno\/resbalones-y-caidas\/","og_site_name":"Maison Law","article_publisher":"https:\/\/www.facebook.com\/maisonlawfirm\/","twitter_card":"summary_large_image","twitter_misc":{"Tiempo de lectura":"6 minutos"},"schema":{"@context":"https:\/\/schema.org","@graph":[{"@type":"WebPage","@id":"https:\/\/maisonlaw.com\/es\/fresno\/resbalones-y-caidas\/","url":"https:\/\/maisonlaw.com\/es\/fresno\/resbalones-y-caidas\/","name":"Abogado de accidentes por resbalones y ca\u00eddas en Fresno | Maison Law","isPartOf":{"@id":"https:\/\/maisonlaw.com\/es\/#website"},"datePublished":"2022-08-23T18:42:24+00:00","description":"Los compradores de Fresno entran y salen apresuradamente de las tiendas de comestibles y de las grandes superficies a menudo para abastecerse para la","breadcrumb":{"@id":"https:\/\/maisonlaw.com\/es\/fresno\/resbalones-y-caidas\/#breadcrumb"},"inLanguage":"es","potentialAction":[{"@type":"ReadAction","target":["https:\/\/maisonlaw.com\/es\/fresno\/resbalones-y-caidas\/"]}]},{"@type":"BreadcrumbList","@id":"https:\/\/maisonlaw.com\/es\/fresno\/resbalones-y-caidas\/#breadcrumb","itemListElement":[{"@type":"ListItem","position":1,"name":"Home","item":"https:\/\/maisonlaw.com\/es\/"},{"@type":"ListItem","position":2,"name":"Abogados De Accidentes En Fresno California","item":"https:\/\/maisonlaw.com\/es\/fresno\/?lang=es"},{"@type":"ListItem","position":3,"name":"Abogado de accidentes por resbalones y ca\u00eddas en Fresno"}]},{"@type":"WebSite","@id":"https:\/\/maisonlaw.com\/es\/#website","url":"https:\/\/maisonlaw.com\/es\/","name":"Maison Law Accident and Injury Lawyers","description":"The Support You Need. The Settlement You Deserve.","publisher":{"@id":"https:\/\/maisonlaw.com\/es\/#organization"},"alternateName":"Maison Law","potentialAction":[{"@type":"SearchAction","target":{"@type":"EntryPoint","urlTemplate":"https:\/\/maisonlaw.com\/es\/?s={search_term_string}"},"query-input":{"@type":"PropertyValueSpecification","valueRequired":true,"valueName":"search_term_string"}}],"inLanguage":"es"},{"@type":"Organization","@id":"https:\/\/maisonlaw.com\/es\/#organization","name":"Maison Law Accident & Injury Attorneys","alternateName":"Maison Law","url":"https:\/\/maisonlaw.com\/es\/","logo":{"@type":"ImageObject","inLanguage":"es","@id":"https:\/\/maisonlaw.com\/es\/#\/schema\/logo\/image\/","url":"https:\/\/maisonlaw.com\/wp-content\/uploads\/2025\/06\/experiment-logo-opt.png","contentUrl":"https:\/\/maisonlaw.com\/wp-content\/uploads\/2025\/06\/experiment-logo-opt.png","width":1345,"height":294,"caption":"Maison Law Accident & Injury Attorneys"},"image":{"@id":"https:\/\/maisonlaw.com\/es\/#\/schema\/logo\/image\/"},"sameAs":["https:\/\/www.facebook.com\/maisonlawfirm\/","https:\/\/www.linkedin.com\/in\/martin-gasparian-a9956516\/","https:\/\/www.instagram.com\/maison_law\/","https:\/\/www.youtube.com\/@maisonlaw"],"description":"Maison Law is a California Personal Injury Law Firm.","legalName":"Maison Law","foundingDate":"2014-01-01","numberOfEmployees":{"@type":"QuantitativeValue","minValue":"11","maxValue":"50"}}]}},"_links":{"self":[{"href":"https:\/\/maisonlaw.com\/es\/wp-json\/wp\/v2\/pages\/17012","targetHints":{"allow":["GET"]}}],"collection":[{"href":"https:\/\/maisonlaw.com\/es\/wp-json\/wp\/v2\/pages"}],"about":[{"href":"https:\/\/maisonlaw.com\/es\/wp-json\/wp\/v2\/types\/page"}],"author":[{"embeddable":true,"href":"https:\/\/maisonlaw.com\/es\/wp-json\/wp\/v2\/users\/10"}],"replies":[{"embeddable":true,"href":"https:\/\/maisonlaw.com\/es\/wp-json\/wp\/v2\/comments?post=17012"}],"version-history":[{"count":0,"href":"https:\/\/maisonlaw.com\/es\/wp-json\/wp\/v2\/pages\/17012\/revisions"}],"up":[{"embeddable":true,"href":"https:\/\/maisonlaw.com\/es\/wp-json\/wp\/v2\/pages\/7556"}],"wp:attachment":[{"href":"https:\/\/maisonlaw.com\/es\/wp-json\/wp\/v2\/media?parent=17012"}],"curies":[{"name":"wp","href":"https:\/\/api.w.org\/{rel}","templated":true}]}}