{"id":17005,"date":"2022-08-23T11:06:12","date_gmt":"2022-08-23T18:06:12","guid":{"rendered":"https:\/\/maisonlaw.com\/?page_id=17005"},"modified":"2022-08-23T11:08:35","modified_gmt":"2022-08-23T18:08:35","slug":"mordeduras-de-perro","status":"publish","type":"page","link":"https:\/\/maisonlaw.com\/es\/fresno\/mordeduras-de-perro\/","title":{"rendered":"Abogado de mordeduras de perro en Fresno"},"content":{"rendered":"<p><strong>\u00a0<\/strong>A las v\u00edctimas de ataques de perros en Fresno se les permite presentar una demanda por da\u00f1os y perjuicios contra los propietarios de perros y buscar apoyo financiero para la recuperaci\u00f3n f\u00edsica y econ\u00f3mica. California facilita a las v\u00edctimas de mordeduras de perro en Fresno la obtenci\u00f3n de una indemnizaci\u00f3n al permitir que se presenten demandas incluso cuando los perros no han mostrado agresividad en el pasado.<\/p>\n<p>Cuando las compa\u00f1\u00edas de seguros intentan culpar a las v\u00edctimas de las mordeduras que reciben o se niegan a ayudar a pagar los costosos cuidados m\u00e9dicos de las v\u00edctimas, Maison Law interviene para ayudar. Para saber cu\u00e1nto deber\u00eda recibir despu\u00e9s de una mordedura de perro, hable con un abogado de verdad poni\u00e9ndose en contacto con un abogado experto en mordeduras de perro de <a href=\"https:\/\/maisonlaw.com\/fresno\/lang=es\">Fresno<\/a> y programando una consulta gratuita.<\/p>\n<h2><strong>Leyes de responsabilidad por mordedura de perro en Fresno y California<\/strong><\/h2>\n<p>California sigue el concepto de \u00abresponsabilidad estricta\u00bb cuando se trata de mordeduras de perro. Esto significa que los propietarios de perros pueden ser considerados responsables de las consecuencias de una mordedura de perro incluso si el perro no es considerado un animal peligroso. Los propietarios son responsables de las lesiones por mordedura incluso si sus perros nunca han mordido a nadie ni han mostrado un comportamiento agresivo antes.<\/p>\n<p>Para que una v\u00edctima de una mordedura de perro pueda buscar apoyo financiero a trav\u00e9s de una reclamaci\u00f3n al seguro o una demanda, deben darse algunas cosas:<\/p>\n<ul>\n<li>La lesi\u00f3n debe haber sido causada por una mordedura. La \u00abresponsabilidad objetiva\u00bb s\u00f3lo cubre las mordeduras y no otros tipos de lesiones que impliquen a un perro.<\/li>\n<li>La v\u00edctima fue mordida en un lugar p\u00fablico o estaba legalmente en un lugar privado cuando fue mordida. Las v\u00edctimas pueden estar en una propiedad privada siempre que tuvieran una raz\u00f3n para estar all\u00ed, como por ejemplo que estuvieran entregando un paquete o que fueran invitados a un patio o a una casa.<\/li>\n<li>La v\u00edctima no puede haber provocado el ataque.<\/li>\n<\/ul>\n<p>Los propietarios de perros suelen estar cubiertos por la responsabilidad civil por mordedura por su seguro de propietario y por algunas p\u00f3lizas de seguro de inquilino. Los l\u00edmites de pago en un plan de cobertura b\u00e1sico pueden ser bastante bajos y dejar a las v\u00edctimas pagando de su bolsillo cualquier parte de sus dificultades financieras que quede sin pagar.<\/p>\n<p>Un abogado especializado en mordeduras de perro de Fresno trabaja para descubrir al mayor n\u00famero posible de responsables con el fin de poner a disposici\u00f3n de las v\u00edctimas que lo necesiten fuentes adicionales de dinero del seguro.<\/p>\n<h2><strong>Ataques en parques para perros p\u00fablicos y privados<\/strong><\/h2>\n<p>Los parques para perros p\u00fablicos mantenidos por el gobierno de una ciudad o un condado conllevan protecciones para los departamentos gubernamentales frente a los litigios.<\/p>\n<p>Si le muerden mientras est\u00e1 en un parque canino p\u00fablico, puede presentar una reclamaci\u00f3n contra el propietario del perro, pero no podr\u00e1 demandar al gobierno en la mayor\u00eda de los casos.<\/p>\n<p>Esto se aplicar\u00eda a varios parques caninos p\u00fablicos de Fresno y Clovis como:<\/p>\n<ul>\n<li>Parque para perros Basin AH1 en Fresno<\/li>\n<li>Parque para perros Roeding Park en Fresno<\/li>\n<li>Parque para perros Todd Beamer en Fresno<\/li>\n<li>Parque Sierra Bicentennial en Clovis<\/li>\n<\/ul>\n<p>Los parques para perros privados, como los que se ofrecen en los complejos de apartamentos, no est\u00e1n protegidos contra los litigios. Usted podr\u00eda demandar a la empresa que mantiene un parque para perros, pero tendr\u00eda que demostrar que algo que hicieron los operarios hizo que usted fuera mordido. De lo contrario, podr\u00eda presentar una reclamaci\u00f3n contra el propietario del perro.<\/p>\n<p>Si le muerden en un parque canino privado que requiere una afiliaci\u00f3n, probablemente firmar\u00e1 un formulario de renuncia para poder utilizar el parque. Esto podr\u00eda hacer que demandar al grupo que gestiona el parque sea dif\u00edcil pero no imposible.<\/p>\n<p>Tendr\u00eda que hablar con un abogado con experiencia en mordeduras de perro en Fresno para determinar si las circunstancias de su caso y la negligencia de la empresa son lo suficientemente extremas como para anular las protecciones de un formulario de renuncia.<\/p>\n<h2><strong>Mordeduras de perro con ni\u00f1os en Fresno<\/strong><\/h2>\n<p>Los ni\u00f1os son especialmente vulnerables a los ataques de los perros. A menudo juegan al aire libre y se sienten atra\u00eddos por los amigos peludos. A menudo no se dan cuenta de los peligros de acercarse a un perro desconocido.<\/p>\n<p>Las consecuencias de un ataque de perro en un cuerpo joven pueden ser mucho m\u00e1s devastadoras. El cuerpo de los ni\u00f1os a\u00fan est\u00e1 creciendo y cualquier da\u00f1o en los tejidos blandos o en los \u00f3rganos puede crear problemas de desarrollo en los a\u00f1os venideros.<\/p>\n<p>Los padres deben hacer todo lo posible para asegurarse un seguro suficiente para proporcionar la mejor atenci\u00f3n m\u00e9dica ahora y cuando sea necesario en el futuro. La desfiguraci\u00f3n permanente tambi\u00e9n afectar\u00e1 a la vida del ni\u00f1o cuando madure. Este es otro factor que deber\u00eda multiplicar la cantidad de indemnizaci\u00f3n que las familias reciben de las compa\u00f1\u00edas de seguros.<\/p>\n<h2><strong>Indemnizaci\u00f3n para las v\u00edctimas de accidentes por mordedura de perro en Fresno<\/strong><\/h2>\n<p>Las v\u00edctimas de mordeduras de perro de cualquier edad suelen sufrir lesiones en las manos. Una mordedura puede seccionar los tendones y causar otros da\u00f1os en los tejidos blandos. Los efectos duraderos pueden incluir entumecimiento y falta de control de los dedos. Este tipo de lesiones impide a las v\u00edctimas volver a sus puestos de trabajo durante semanas o meses.<\/p>\n<p>Una reclamaci\u00f3n por lesiones por mordedura de perro correctamente preparada solicitar\u00e1 apoyo financiero para estas dificultades y m\u00e1s:<\/p>\n<ul>\n<li>Atenci\u00f3n m\u00e9dica actual y la que se requiera en el futuro.<\/li>\n<li>Apoyo por incapacidad f\u00edsica y desfiguraci\u00f3n permanente si es necesario.<\/li>\n<li>Reembolso de los ingresos perdidos.<\/li>\n<li>Gastos de viaje para las citas con m\u00e9dicos y cirujanos.<\/li>\n<li>Compensaci\u00f3n adicional por el dolor f\u00edsico y la angustia emocional sufrida.<\/li>\n<\/ul>\n<h2><strong>P\u00f3ngase en contacto con un abogado de accidentes por mordedura de perro en Fresno<\/strong><\/h2>\n<p>Consulte con un abogado que comprenda el trauma emocional que acompa\u00f1a al da\u00f1o f\u00edsico causado por una mordedura de perro. Las v\u00edctimas necesitan suficiente apoyo financiero y emocional para recuperarse de una experiencia tan traum\u00e1tica.<\/p>\n<p>Cuando se ponga en contacto con Maison Law para una consulta gratuita, hablar\u00e1 con un verdadero abogado especializado en mordeduras de perro de California y recibir\u00e1 toda nuestra atenci\u00f3n. Le ayudaremos a decidir sus mejores opciones para recibir la ayuda que usted y su familia necesitar\u00e1n. Como un respetado bufete de abogados de lesiones personales de Fresno, s\u00f3lo aceptaremos el caso si creemos que es lo mejor para usted.<\/p>\n","protected":false},"excerpt":{"rendered":"<p>\u00a0A las v\u00edctimas de ataques de perros en Fresno se les permite presentar una demanda por da\u00f1os y perjuicios contra los propietarios de perros y buscar apoyo financiero para la recuperaci\u00f3n f\u00edsica y econ\u00f3mica. California facilita a las v\u00edctimas de mordeduras de perro en Fresno la obtenci\u00f3n de una indemnizaci\u00f3n al permitir que se presenten [&hellip;]<\/p>\n","protected":false},"author":10,"featured_media":0,"parent":7556,"menu_order":0,"comment_status":"closed","ping_status":"closed","template":"","meta":{"footnotes":""},"class_list":["post-17005","page","type-page","status-publish","hentry"],"yoast_head":"<!-- This site is optimized with the Yoast SEO Premium plugin v27.3 (Yoast SEO v27.3) - https:\/\/yoast.com\/product\/yoast-seo-premium-wordpress\/ -->\n<title>Abogado de mordeduras de perro en Fresno | Maison Law<\/title>\n<meta name=\"description\" content=\"\u00a0A las v\u00edctimas de ataques de perros en Fresno se les permite presentar una demanda por da\u00f1os y perjuicios contra los propietarios de perros y buscar\" \/>\n<meta name=\"robots\" content=\"index, follow, max-snippet:-1, max-image-preview:large, max-video-preview:-1\" \/>\n<link rel=\"canonical\" href=\"https:\/\/maisonlaw.com\/es\/fresno\/mordeduras-de-perro\/\" \/>\n<meta property=\"og:locale\" content=\"es_ES\" \/>\n<meta property=\"og:type\" content=\"article\" \/>\n<meta property=\"og:title\" content=\"Abogado de mordeduras de perro en Fresno\" \/>\n<meta property=\"og:description\" content=\"\u00a0A las v\u00edctimas de ataques de perros en Fresno se les permite presentar una demanda por da\u00f1os y perjuicios contra los propietarios de perros y buscar\" \/>\n<meta property=\"og:url\" content=\"https:\/\/maisonlaw.com\/es\/fresno\/mordeduras-de-perro\/\" \/>\n<meta property=\"og:site_name\" content=\"Maison Law\" \/>\n<meta property=\"article:publisher\" content=\"https:\/\/www.facebook.com\/maisonlawfirm\/\" \/>\n<meta property=\"article:modified_time\" content=\"2022-08-23T18:08:35+00:00\" \/>\n<meta name=\"twitter:card\" content=\"summary_large_image\" \/>\n<meta name=\"twitter:label1\" content=\"Tiempo de lectura\" \/>\n\t<meta name=\"twitter:data1\" content=\"5 minutos\" \/>\n<script type=\"application\/ld+json\" class=\"yoast-schema-graph\">{\"@context\":\"https:\\\/\\\/schema.org\",\"@graph\":[{\"@type\":\"WebPage\",\"@id\":\"https:\\\/\\\/maisonlaw.com\\\/es\\\/fresno\\\/mordeduras-de-perro\\\/\",\"url\":\"https:\\\/\\\/maisonlaw.com\\\/es\\\/fresno\\\/mordeduras-de-perro\\\/\",\"name\":\"Abogado de mordeduras de perro en Fresno | Maison Law\",\"isPartOf\":{\"@id\":\"https:\\\/\\\/maisonlaw.com\\\/es\\\/#website\"},\"datePublished\":\"2022-08-23T18:06:12+00:00\",\"dateModified\":\"2022-08-23T18:08:35+00:00\",\"description\":\"\u00a0A las v\u00edctimas de ataques de perros en Fresno se les permite presentar una demanda por da\u00f1os y perjuicios contra los propietarios de perros y buscar\",\"breadcrumb\":{\"@id\":\"https:\\\/\\\/maisonlaw.com\\\/es\\\/fresno\\\/mordeduras-de-perro\\\/#breadcrumb\"},\"inLanguage\":\"es\",\"potentialAction\":[{\"@type\":\"ReadAction\",\"target\":[\"https:\\\/\\\/maisonlaw.com\\\/es\\\/fresno\\\/mordeduras-de-perro\\\/\"]}]},{\"@type\":\"BreadcrumbList\",\"@id\":\"https:\\\/\\\/maisonlaw.com\\\/es\\\/fresno\\\/mordeduras-de-perro\\\/#breadcrumb\",\"itemListElement\":[{\"@type\":\"ListItem\",\"position\":1,\"name\":\"Home\",\"item\":\"https:\\\/\\\/maisonlaw.com\\\/es\\\/\"},{\"@type\":\"ListItem\",\"position\":2,\"name\":\"Abogados De Accidentes En Fresno California\",\"item\":\"https:\\\/\\\/maisonlaw.com\\\/es\\\/fresno\\\/?lang=es\"},{\"@type\":\"ListItem\",\"position\":3,\"name\":\"Abogado de mordeduras de perro en Fresno\"}]},{\"@type\":\"WebSite\",\"@id\":\"https:\\\/\\\/maisonlaw.com\\\/es\\\/#website\",\"url\":\"https:\\\/\\\/maisonlaw.com\\\/es\\\/\",\"name\":\"Maison Law Accident and Injury Lawyers\",\"description\":\"The Support You Need. The Settlement You Deserve.\",\"publisher\":{\"@id\":\"https:\\\/\\\/maisonlaw.com\\\/es\\\/#organization\"},\"alternateName\":\"Maison Law\",\"potentialAction\":[{\"@type\":\"SearchAction\",\"target\":{\"@type\":\"EntryPoint\",\"urlTemplate\":\"https:\\\/\\\/maisonlaw.com\\\/es\\\/?s={search_term_string}\"},\"query-input\":{\"@type\":\"PropertyValueSpecification\",\"valueRequired\":true,\"valueName\":\"search_term_string\"}}],\"inLanguage\":\"es\"},{\"@type\":\"Organization\",\"@id\":\"https:\\\/\\\/maisonlaw.com\\\/es\\\/#organization\",\"name\":\"Maison Law Accident & Injury Attorneys\",\"alternateName\":\"Maison Law\",\"url\":\"https:\\\/\\\/maisonlaw.com\\\/es\\\/\",\"logo\":{\"@type\":\"ImageObject\",\"inLanguage\":\"es\",\"@id\":\"https:\\\/\\\/maisonlaw.com\\\/es\\\/#\\\/schema\\\/logo\\\/image\\\/\",\"url\":\"https:\\\/\\\/maisonlaw.com\\\/wp-content\\\/uploads\\\/2025\\\/06\\\/experiment-logo-opt.png\",\"contentUrl\":\"https:\\\/\\\/maisonlaw.com\\\/wp-content\\\/uploads\\\/2025\\\/06\\\/experiment-logo-opt.png\",\"width\":1345,\"height\":294,\"caption\":\"Maison Law Accident & Injury Attorneys\"},\"image\":{\"@id\":\"https:\\\/\\\/maisonlaw.com\\\/es\\\/#\\\/schema\\\/logo\\\/image\\\/\"},\"sameAs\":[\"https:\\\/\\\/www.facebook.com\\\/maisonlawfirm\\\/\",\"https:\\\/\\\/www.linkedin.com\\\/in\\\/martin-gasparian-a9956516\\\/\",\"https:\\\/\\\/www.instagram.com\\\/maison_law\\\/\",\"https:\\\/\\\/www.youtube.com\\\/@maisonlaw\"],\"description\":\"Maison Law is a California Personal Injury Law Firm.\",\"legalName\":\"Maison Law\",\"foundingDate\":\"2014-01-01\",\"numberOfEmployees\":{\"@type\":\"QuantitativeValue\",\"minValue\":\"11\",\"maxValue\":\"50\"}}]}<\/script>\n<!-- \/ Yoast SEO Premium plugin. -->","yoast_head_json":{"title":"Abogado de mordeduras de perro en Fresno | Maison Law","description":"\u00a0A las v\u00edctimas de ataques de perros en Fresno se les permite presentar una demanda por da\u00f1os y perjuicios contra los propietarios de perros y buscar","robots":{"index":"index","follow":"follow","max-snippet":"max-snippet:-1","max-image-preview":"max-image-preview:large","max-video-preview":"max-video-preview:-1"},"canonical":"https:\/\/maisonlaw.com\/es\/fresno\/mordeduras-de-perro\/","og_locale":"es_ES","og_type":"article","og_title":"Abogado de mordeduras de perro en Fresno","og_description":"\u00a0A las v\u00edctimas de ataques de perros en Fresno se les permite presentar una demanda por da\u00f1os y perjuicios contra los propietarios de perros y buscar","og_url":"https:\/\/maisonlaw.com\/es\/fresno\/mordeduras-de-perro\/","og_site_name":"Maison Law","article_publisher":"https:\/\/www.facebook.com\/maisonlawfirm\/","article_modified_time":"2022-08-23T18:08:35+00:00","twitter_card":"summary_large_image","twitter_misc":{"Tiempo de lectura":"5 minutos"},"schema":{"@context":"https:\/\/schema.org","@graph":[{"@type":"WebPage","@id":"https:\/\/maisonlaw.com\/es\/fresno\/mordeduras-de-perro\/","url":"https:\/\/maisonlaw.com\/es\/fresno\/mordeduras-de-perro\/","name":"Abogado de mordeduras de perro en Fresno | Maison Law","isPartOf":{"@id":"https:\/\/maisonlaw.com\/es\/#website"},"datePublished":"2022-08-23T18:06:12+00:00","dateModified":"2022-08-23T18:08:35+00:00","description":"\u00a0A las v\u00edctimas de ataques de perros en Fresno se les permite presentar una demanda por da\u00f1os y perjuicios contra los propietarios de perros y buscar","breadcrumb":{"@id":"https:\/\/maisonlaw.com\/es\/fresno\/mordeduras-de-perro\/#breadcrumb"},"inLanguage":"es","potentialAction":[{"@type":"ReadAction","target":["https:\/\/maisonlaw.com\/es\/fresno\/mordeduras-de-perro\/"]}]},{"@type":"BreadcrumbList","@id":"https:\/\/maisonlaw.com\/es\/fresno\/mordeduras-de-perro\/#breadcrumb","itemListElement":[{"@type":"ListItem","position":1,"name":"Home","item":"https:\/\/maisonlaw.com\/es\/"},{"@type":"ListItem","position":2,"name":"Abogados De Accidentes En Fresno California","item":"https:\/\/maisonlaw.com\/es\/fresno\/?lang=es"},{"@type":"ListItem","position":3,"name":"Abogado de mordeduras de perro en Fresno"}]},{"@type":"WebSite","@id":"https:\/\/maisonlaw.com\/es\/#website","url":"https:\/\/maisonlaw.com\/es\/","name":"Maison Law Accident and Injury Lawyers","description":"The Support You Need. The Settlement You Deserve.","publisher":{"@id":"https:\/\/maisonlaw.com\/es\/#organization"},"alternateName":"Maison Law","potentialAction":[{"@type":"SearchAction","target":{"@type":"EntryPoint","urlTemplate":"https:\/\/maisonlaw.com\/es\/?s={search_term_string}"},"query-input":{"@type":"PropertyValueSpecification","valueRequired":true,"valueName":"search_term_string"}}],"inLanguage":"es"},{"@type":"Organization","@id":"https:\/\/maisonlaw.com\/es\/#organization","name":"Maison Law Accident & Injury Attorneys","alternateName":"Maison Law","url":"https:\/\/maisonlaw.com\/es\/","logo":{"@type":"ImageObject","inLanguage":"es","@id":"https:\/\/maisonlaw.com\/es\/#\/schema\/logo\/image\/","url":"https:\/\/maisonlaw.com\/wp-content\/uploads\/2025\/06\/experiment-logo-opt.png","contentUrl":"https:\/\/maisonlaw.com\/wp-content\/uploads\/2025\/06\/experiment-logo-opt.png","width":1345,"height":294,"caption":"Maison Law Accident & Injury Attorneys"},"image":{"@id":"https:\/\/maisonlaw.com\/es\/#\/schema\/logo\/image\/"},"sameAs":["https:\/\/www.facebook.com\/maisonlawfirm\/","https:\/\/www.linkedin.com\/in\/martin-gasparian-a9956516\/","https:\/\/www.instagram.com\/maison_law\/","https:\/\/www.youtube.com\/@maisonlaw"],"description":"Maison Law is a California Personal Injury Law Firm.","legalName":"Maison Law","foundingDate":"2014-01-01","numberOfEmployees":{"@type":"QuantitativeValue","minValue":"11","maxValue":"50"}}]}},"_links":{"self":[{"href":"https:\/\/maisonlaw.com\/es\/wp-json\/wp\/v2\/pages\/17005","targetHints":{"allow":["GET"]}}],"collection":[{"href":"https:\/\/maisonlaw.com\/es\/wp-json\/wp\/v2\/pages"}],"about":[{"href":"https:\/\/maisonlaw.com\/es\/wp-json\/wp\/v2\/types\/page"}],"author":[{"embeddable":true,"href":"https:\/\/maisonlaw.com\/es\/wp-json\/wp\/v2\/users\/10"}],"replies":[{"embeddable":true,"href":"https:\/\/maisonlaw.com\/es\/wp-json\/wp\/v2\/comments?post=17005"}],"version-history":[{"count":0,"href":"https:\/\/maisonlaw.com\/es\/wp-json\/wp\/v2\/pages\/17005\/revisions"}],"up":[{"embeddable":true,"href":"https:\/\/maisonlaw.com\/es\/wp-json\/wp\/v2\/pages\/7556"}],"wp:attachment":[{"href":"https:\/\/maisonlaw.com\/es\/wp-json\/wp\/v2\/media?parent=17005"}],"curies":[{"name":"wp","href":"https:\/\/api.w.org\/{rel}","templated":true}]}}